{"id":1910,"date":"2019-03-22T12:53:36","date_gmt":"2019-03-22T16:53:36","guid":{"rendered":"http:\/\/caissealliance.absoludev.ca\/regime-de-retraite-individuel\/"},"modified":"2019-05-07T15:02:27","modified_gmt":"2019-05-07T19:02:27","slug":"regime-de-retraite-individuel","status":"publish","type":"page","link":"https:\/\/www.caissealliance.com\/fr\/entreprises\/services\/solutions-pour-employeurs\/regime-de-retraite-individuel\/","title":{"rendered":"R\u00e9gime de retraite individuel"},"content":{"rendered":"<h1>R\u00e9gime de retraite individuel<\/h1>\n<p><em>Nous pouvons \u00e9galement vous offrir les services compl\u00e9mentaires suivants gr\u00e2ce \u00e0 des ententes de services avec certains partenaires. Si vous d\u00e9sirez obtenir plus de renseignements, veuillez communiquer avec un conseiller \u00e0 votre Caisse populaire.<\/em><\/p>\n<p>R\u00e9gime de retraite \u00e0 prestations d\u00e9termin\u00e9es con\u00e7u pour une seule personne.<\/p>\n<p>Le r\u00e9gime de retraite individuel (RRI) constitue une option int\u00e9ressante pour les propri\u00e9taires d\u2019entreprise ou les cadres sup\u00e9rieurs dont les revenus exigent une strat\u00e9gie de report d\u2019imp\u00f4ts plus optimale.<\/p>\n<h2><strong>Caract\u00e9ristiques<\/strong><\/h2>\n<ul>\n<li data-gc-list-depth=\"1\" data-gc-list-style=\"bullet\">Montant pr\u00e9d\u00e9termin\u00e9 des prestations payables \u00e0 la retraite.<\/li>\n<li data-gc-list-depth=\"1\" data-gc-list-style=\"bullet\">Possibilit\u00e9 de cotiser des montants sup\u00e9rieurs \u00e0 ceux qui sont autoris\u00e9s pour un REER.<\/li>\n<\/ul>\n<p><strong>Trois strat\u00e9gies diff\u00e9rentes<\/strong>:<\/p>\n<ul>\n<li data-gc-list-depth=\"1\" data-gc-list-style=\"bullet\">\u00c0 tous les ans, y verser des cotisations sup\u00e9rieures \u00e0 celles qui sont permises pour un REER.<\/li>\n<li data-gc-list-depth=\"1\" data-gc-list-style=\"bullet\">\u00c0 l\u2019\u00e9tablissement du r\u00e9gime ou par la suite, racheter des ann\u00e9es de service accumul\u00e9es.<\/li>\n<li data-gc-list-depth=\"1\" data-gc-list-style=\"bullet\">\u00c0 la retraite, bonifier le r\u00e9gime en y ajoutant des montants qui ne peuvent pas \u00eatre encaiss\u00e9s avant la retraite.<\/li>\n<\/ul>\n<h2><strong>Admissibilit\u00e9<\/strong><\/h2>\n<ul>\n<li data-gc-list-depth=\"1\" data-gc-list-style=\"bullet\">\u00catre \u00e2g\u00e9 de plus de 45 ans.<\/li>\n<li data-gc-list-depth=\"1\" data-gc-list-style=\"bullet\">Toucher un salaire annuel sup\u00e9rieur \u00e0 75 000 $, d\u00e9clar\u00e9 sur un feuillet T4 et vers\u00e9 par une compagnie constitu\u00e9e en soci\u00e9t\u00e9 imposable aux termes de la <em>Loi de l\u2019imp\u00f4t sur le revenu<\/em>.<\/li>\n<li data-gc-list-depth=\"1\" data-gc-list-style=\"bullet\">Avoir accumul\u00e9 des ann\u00e9es de service donnant droit \u00e0 des cotisations.<\/li>\n<\/ul>\n<p>&nbsp;<\/p>\n","protected":false},"excerpt":{"rendered":"<p>Nous pouvons \u00e9galement vous offrir les services compl\u00e9mentaires suivants gr\u00e2ce \u00e0 des ententes de services avec certains partenaires. Si vous d\u00e9sirez obtenir plus de renseignements, veuillez communiquer avec un conseiller \u00e0 votre Caisse populaire. R\u00e9gime de retraite \u00e0 prestations d\u00e9termin\u00e9es con\u00e7u pour une seule personne. Le r\u00e9gime de retraite individuel (RRI) constitue une option int\u00e9ressante [&#8230;]<\/p>\n","protected":false},"author":1,"featured_media":0,"parent":1814,"menu_order":3,"comment_status":"closed","ping_status":"closed","template":"","meta":{"_acf_changed":false,"_monsterinsights_skip_tracking":false,"_monsterinsights_sitenote_active":false,"_monsterinsights_sitenote_note":"","_monsterinsights_sitenote_category":0,"footnotes":""},"class_list":["post-1910","page","type-page","status-publish","hentry","section-services-entreprise"],"acf":[],"yoast_head":"<!-- This site is optimized with the Yoast SEO plugin v27.4 - https:\/\/yoast.com\/product\/yoast-seo-wordpress\/ -->\n<title>R\u00e9gime de retraite individuel | Caisse Alliance<\/title>\n<meta name=\"robots\" content=\"index, follow, max-snippet:-1, max-image-preview:large, max-video-preview:-1\" \/>\n<link rel=\"canonical\" href=\"https:\/\/www.caissealliance.com\/fr\/entreprises\/services\/solutions-pour-employeurs\/regime-de-retraite-individuel\/\" \/>\n<meta property=\"og:locale\" content=\"fr_FR\" \/>\n<meta property=\"og:type\" content=\"article\" \/>\n<meta property=\"og:title\" content=\"R\u00e9gime de retraite individuel | Caisse Alliance\" \/>\n<meta property=\"og:description\" content=\"Nous pouvons \u00e9galement vous offrir les services compl\u00e9mentaires suivants gr\u00e2ce \u00e0 des ententes de services avec certains partenaires. Si vous d\u00e9sirez obtenir plus de renseignements, veuillez communiquer avec un conseiller \u00e0 votre Caisse populaire. R\u00e9gime de retraite \u00e0 prestations d\u00e9termin\u00e9es con\u00e7u pour une seule personne. Le r\u00e9gime de retraite individuel (RRI) constitue une option int\u00e9ressante [...]\" \/>\n<meta property=\"og:url\" content=\"https:\/\/www.caissealliance.com\/fr\/entreprises\/services\/solutions-pour-employeurs\/regime-de-retraite-individuel\/\" \/>\n<meta property=\"og:site_name\" content=\"Caisse Alliance\" \/>\n<meta property=\"article:modified_time\" content=\"2019-05-07T19:02:27+00:00\" \/>\n<meta name=\"twitter:card\" content=\"summary_large_image\" \/>\n<meta name=\"twitter:label1\" content=\"Dur\u00e9e de lecture estim\u00e9e\" \/>\n\t<meta name=\"twitter:data1\" content=\"1 minute\" \/>\n<script type=\"application\/ld+json\" class=\"yoast-schema-graph\">{\"@context\":\"https:\\\/\\\/schema.org\",\"@graph\":[{\"@type\":\"WebPage\",\"@id\":\"https:\\\/\\\/www.caissealliance.com\\\/fr\\\/entreprises\\\/services\\\/solutions-pour-employeurs\\\/regime-de-retraite-individuel\\\/\",\"url\":\"https:\\\/\\\/www.caissealliance.com\\\/fr\\\/entreprises\\\/services\\\/solutions-pour-employeurs\\\/regime-de-retraite-individuel\\\/\",\"name\":\"R\u00e9gime de retraite individuel | Caisse Alliance\",\"isPartOf\":{\"@id\":\"https:\\\/\\\/www.caissealliance.com\\\/fr\\\/#website\"},\"datePublished\":\"2019-03-22T16:53:36+00:00\",\"dateModified\":\"2019-05-07T19:02:27+00:00\",\"breadcrumb\":{\"@id\":\"https:\\\/\\\/www.caissealliance.com\\\/fr\\\/entreprises\\\/services\\\/solutions-pour-employeurs\\\/regime-de-retraite-individuel\\\/#breadcrumb\"},\"inLanguage\":\"fr-FR\",\"potentialAction\":[{\"@type\":\"ReadAction\",\"target\":[\"https:\\\/\\\/www.caissealliance.com\\\/fr\\\/entreprises\\\/services\\\/solutions-pour-employeurs\\\/regime-de-retraite-individuel\\\/\"]}]},{\"@type\":\"BreadcrumbList\",\"@id\":\"https:\\\/\\\/www.caissealliance.com\\\/fr\\\/entreprises\\\/services\\\/solutions-pour-employeurs\\\/regime-de-retraite-individuel\\\/#breadcrumb\",\"itemListElement\":[{\"@type\":\"ListItem\",\"position\":1,\"name\":\"Home\",\"item\":\"https:\\\/\\\/www.caissealliance.com\\\/fr\\\/\"},{\"@type\":\"ListItem\",\"position\":2,\"name\":\"Entreprises\",\"item\":\"https:\\\/\\\/www.caissealliance.com\\\/fr\\\/entreprises\\\/\"},{\"@type\":\"ListItem\",\"position\":3,\"name\":\"Services\",\"item\":\"https:\\\/\\\/www.caissealliance.com\\\/fr\\\/entreprises\\\/services\\\/\"},{\"@type\":\"ListItem\",\"position\":4,\"name\":\"Solutions pour employeurs\",\"item\":\"https:\\\/\\\/www.caissealliance.com\\\/fr\\\/entreprises\\\/services\\\/solutions-pour-employeurs\\\/\"},{\"@type\":\"ListItem\",\"position\":5,\"name\":\"R\u00e9gime de retraite individuel\"}]},{\"@type\":\"WebSite\",\"@id\":\"https:\\\/\\\/www.caissealliance.com\\\/fr\\\/#website\",\"url\":\"https:\\\/\\\/www.caissealliance.com\\\/fr\\\/\",\"name\":\"Caisse Alliance\",\"description\":\"Site Web de la Caisse Alliance\",\"potentialAction\":[{\"@type\":\"SearchAction\",\"target\":{\"@type\":\"EntryPoint\",\"urlTemplate\":\"https:\\\/\\\/www.caissealliance.com\\\/fr\\\/?s={search_term_string}\"},\"query-input\":{\"@type\":\"PropertyValueSpecification\",\"valueRequired\":true,\"valueName\":\"search_term_string\"}}],\"inLanguage\":\"fr-FR\"}]}<\/script>\n<!-- \/ Yoast SEO plugin. -->","yoast_head_json":{"title":"R\u00e9gime de retraite individuel | Caisse Alliance","robots":{"index":"index","follow":"follow","max-snippet":"max-snippet:-1","max-image-preview":"max-image-preview:large","max-video-preview":"max-video-preview:-1"},"canonical":"https:\/\/www.caissealliance.com\/fr\/entreprises\/services\/solutions-pour-employeurs\/regime-de-retraite-individuel\/","og_locale":"fr_FR","og_type":"article","og_title":"R\u00e9gime de retraite individuel | Caisse Alliance","og_description":"Nous pouvons \u00e9galement vous offrir les services compl\u00e9mentaires suivants gr\u00e2ce \u00e0 des ententes de services avec certains partenaires. Si vous d\u00e9sirez obtenir plus de renseignements, veuillez communiquer avec un conseiller \u00e0 votre Caisse populaire. R\u00e9gime de retraite \u00e0 prestations d\u00e9termin\u00e9es con\u00e7u pour une seule personne. Le r\u00e9gime de retraite individuel (RRI) constitue une option int\u00e9ressante [...]","og_url":"https:\/\/www.caissealliance.com\/fr\/entreprises\/services\/solutions-pour-employeurs\/regime-de-retraite-individuel\/","og_site_name":"Caisse Alliance","article_modified_time":"2019-05-07T19:02:27+00:00","twitter_card":"summary_large_image","twitter_misc":{"Dur\u00e9e de lecture estim\u00e9e":"1 minute"},"schema":{"@context":"https:\/\/schema.org","@graph":[{"@type":"WebPage","@id":"https:\/\/www.caissealliance.com\/fr\/entreprises\/services\/solutions-pour-employeurs\/regime-de-retraite-individuel\/","url":"https:\/\/www.caissealliance.com\/fr\/entreprises\/services\/solutions-pour-employeurs\/regime-de-retraite-individuel\/","name":"R\u00e9gime de retraite individuel | Caisse Alliance","isPartOf":{"@id":"https:\/\/www.caissealliance.com\/fr\/#website"},"datePublished":"2019-03-22T16:53:36+00:00","dateModified":"2019-05-07T19:02:27+00:00","breadcrumb":{"@id":"https:\/\/www.caissealliance.com\/fr\/entreprises\/services\/solutions-pour-employeurs\/regime-de-retraite-individuel\/#breadcrumb"},"inLanguage":"fr-FR","potentialAction":[{"@type":"ReadAction","target":["https:\/\/www.caissealliance.com\/fr\/entreprises\/services\/solutions-pour-employeurs\/regime-de-retraite-individuel\/"]}]},{"@type":"BreadcrumbList","@id":"https:\/\/www.caissealliance.com\/fr\/entreprises\/services\/solutions-pour-employeurs\/regime-de-retraite-individuel\/#breadcrumb","itemListElement":[{"@type":"ListItem","position":1,"name":"Home","item":"https:\/\/www.caissealliance.com\/fr\/"},{"@type":"ListItem","position":2,"name":"Entreprises","item":"https:\/\/www.caissealliance.com\/fr\/entreprises\/"},{"@type":"ListItem","position":3,"name":"Services","item":"https:\/\/www.caissealliance.com\/fr\/entreprises\/services\/"},{"@type":"ListItem","position":4,"name":"Solutions pour employeurs","item":"https:\/\/www.caissealliance.com\/fr\/entreprises\/services\/solutions-pour-employeurs\/"},{"@type":"ListItem","position":5,"name":"R\u00e9gime de retraite individuel"}]},{"@type":"WebSite","@id":"https:\/\/www.caissealliance.com\/fr\/#website","url":"https:\/\/www.caissealliance.com\/fr\/","name":"Caisse Alliance","description":"Site Web de la Caisse Alliance","potentialAction":[{"@type":"SearchAction","target":{"@type":"EntryPoint","urlTemplate":"https:\/\/www.caissealliance.com\/fr\/?s={search_term_string}"},"query-input":{"@type":"PropertyValueSpecification","valueRequired":true,"valueName":"search_term_string"}}],"inLanguage":"fr-FR"}]}},"publishpress_future_action":{"enabled":false,"date":"2026-05-06 17:11:44","action":"change-status","newStatus":"draft","terms":[],"taxonomy":"section","extraData":[]},"publishpress_future_workflow_manual_trigger":{"enabledWorkflows":[]},"_links":{"self":[{"href":"https:\/\/www.caissealliance.com\/fr\/wp-json\/wp\/v2\/pages\/1910","targetHints":{"allow":["GET"]}}],"collection":[{"href":"https:\/\/www.caissealliance.com\/fr\/wp-json\/wp\/v2\/pages"}],"about":[{"href":"https:\/\/www.caissealliance.com\/fr\/wp-json\/wp\/v2\/types\/page"}],"author":[{"embeddable":true,"href":"https:\/\/www.caissealliance.com\/fr\/wp-json\/wp\/v2\/users\/1"}],"replies":[{"embeddable":true,"href":"https:\/\/www.caissealliance.com\/fr\/wp-json\/wp\/v2\/comments?post=1910"}],"version-history":[{"count":3,"href":"https:\/\/www.caissealliance.com\/fr\/wp-json\/wp\/v2\/pages\/1910\/revisions"}],"predecessor-version":[{"id":4222,"href":"https:\/\/www.caissealliance.com\/fr\/wp-json\/wp\/v2\/pages\/1910\/revisions\/4222"}],"up":[{"embeddable":true,"href":"https:\/\/www.caissealliance.com\/fr\/wp-json\/wp\/v2\/pages\/1814"}],"wp:attachment":[{"href":"https:\/\/www.caissealliance.com\/fr\/wp-json\/wp\/v2\/media?parent=1910"}],"curies":[{"name":"wp","href":"https:\/\/api.w.org\/{rel}","templated":true}]}}