{"id":1908,"date":"2019-03-22T12:53:34","date_gmt":"2019-03-22T16:53:34","guid":{"rendered":"http:\/\/caissealliance.absoludev.ca\/soutien-pour-la-preparation-de-la-retraite\/"},"modified":"2024-03-05T12:50:02","modified_gmt":"2024-03-05T17:50:02","slug":"soutien-pour-la-preparation-de-la-retraite","status":"publish","type":"page","link":"https:\/\/www.caissealliance.com\/fr\/entreprises\/services\/solutions-pour-employeurs\/soutien-pour-la-preparation-de-la-retraite\/","title":{"rendered":"Soutien pour la pr\u00e9paration de la retraite"},"content":{"rendered":"<h1>Soutien pour la pr\u00e9paration de la retraite<\/h1>\n<h2><strong>Offrez \u00e0 vos employ\u00e9s la possibilit\u00e9 d\u2019\u00e9pargner \u00e0 des conditions des plus avantageuses en vue de leur retraite.<\/strong><\/h2>\n<p>La mise en place d\u2019un r\u00e9gime d\u2019\u00e9pargne collectif \u00e0 l\u2019intention de vos employ\u00e9s constitue une \u00e9tape importante afin de leur permettre d\u2019atteindre leurs objectifs financiers \u00e0 la retraite. De plus, en leur offrant l\u2019occasion d\u2019\u00e9pargner \u00e0 des conditions avantageuses en vue de cette \u00e9tape importante de leur vie, vous augmentez consid\u00e9rablement les chances de conserver vos employ\u00e9s cl\u00e9s au sein de votre organisation.<\/p>\n<p>Voici une gamme compl\u00e8te de produits d\u2019\u00e9pargne-retraite collective parmi lesquels vous pourrez choisir celui qui convient le mieux \u00e0 vos besoins et aux caract\u00e9ristiques de votre entreprise.<\/p>\n<table data-wrap-id=\"table-id-wykrl\">\n<tbody>\n<tr>\n<td><strong>\u00a0<\/strong><\/td>\n<td><\/td>\n<\/tr>\n<tr data-wrap-id=\"table-row-jiuol\">\n<td data-wrap-id=\"table-cell-zljlu\"><strong>REER collectif<\/strong><\/td>\n<td data-wrap-id=\"table-cell-wbhra\">\n<p>Le r\u00e9gime enregistr\u00e9 d\u2019\u00e9pargne-retraite collectif permet \u00e0 chaque participant d\u2019accumuler un capital en pr\u00e9vision de la retraite \u00e0 un taux avantageux.<\/p>\n<p>Pour en savoir plus sur le <a href=\"https:\/\/www.caissealliance.com\/fr\/entreprises\/services\/solutions-pour-employeurs\/reer-collectif\/\" target=\"_blank\" rel=\"noopener noreferrer\" data-gc-link=\"https:\/\/absolu2.gathercontent.com\/item\/8511643\">REER collectif<\/a><\/td>\n<\/tr>\n<tr data-wrap-id=\"table-row-slhmu\">\n<td data-wrap-id=\"table-cell-akwqv\"><strong>R\u00e9gime de retraite \u00e0 cotisation d\u00e9termin\u00e9e<\/strong><\/td>\n<td data-wrap-id=\"table-cell-ukbfn\">Pour en savoir plus sur le <a href=\"https:\/\/www.caissealliance.com\/fr\/entreprises\/services\/solutions-pour-employeurs\/regime-de-retraite-a-cotisation-determinee\/\" target=\"_blank\" rel=\"noopener noreferrer\" data-gc-link=\"https:\/\/absolu2.gathercontent.com\/item\/8511646\">R\u00e9gime de retraite \u00e0 cotisation d\u00e9termin\u00e9e<\/a><\/td>\n<\/tr>\n<\/tbody>\n<\/table>\n<p>&nbsp;<\/p>\n","protected":false},"excerpt":{"rendered":"<p>La mise en place d\u2019un r\u00e9gime d\u2019\u00e9pargne collectif \u00e0 l\u2019intention de vos employ\u00e9s constitue une \u00e9tape importante afin de leur permettre d\u2019atteindre leurs objectifs financiers \u00e0 la retraite. De plus, en leur offrant l\u2019occasion d\u2019\u00e9pargner \u00e0 des conditions avantageuses en vue de cette \u00e9tape importante de leur vie, vous augmentez consid\u00e9rablement les chances de conserver [&#8230;]<\/p>\n","protected":false},"author":1,"featured_media":0,"parent":1814,"menu_order":2,"comment_status":"closed","ping_status":"closed","template":"","meta":{"_acf_changed":false,"_monsterinsights_skip_tracking":false,"_monsterinsights_sitenote_active":false,"_monsterinsights_sitenote_note":"","_monsterinsights_sitenote_category":0,"footnotes":""},"class_list":["post-1908","page","type-page","status-publish","hentry","section-services-entreprise"],"acf":[],"yoast_head":"<!-- This site is optimized with the Yoast SEO plugin v27.3 - https:\/\/yoast.com\/product\/yoast-seo-wordpress\/ -->\n<title>Soutien pour la pr\u00e9paration de la retraite | Caisse Alliance<\/title>\n<meta name=\"robots\" content=\"index, follow, max-snippet:-1, max-image-preview:large, max-video-preview:-1\" \/>\n<link rel=\"canonical\" href=\"https:\/\/www.caissealliance.com\/fr\/entreprises\/services\/solutions-pour-employeurs\/soutien-pour-la-preparation-de-la-retraite\/\" \/>\n<meta property=\"og:locale\" content=\"fr_FR\" \/>\n<meta property=\"og:type\" content=\"article\" \/>\n<meta property=\"og:title\" content=\"Soutien pour la pr\u00e9paration de la retraite | Caisse Alliance\" \/>\n<meta property=\"og:description\" content=\"La mise en place d\u2019un r\u00e9gime d\u2019\u00e9pargne collectif \u00e0 l\u2019intention de vos employ\u00e9s constitue une \u00e9tape importante afin de leur permettre d\u2019atteindre leurs objectifs financiers \u00e0 la retraite. De plus, en leur offrant l\u2019occasion d\u2019\u00e9pargner \u00e0 des conditions avantageuses en vue de cette \u00e9tape importante de leur vie, vous augmentez consid\u00e9rablement les chances de conserver [...]\" \/>\n<meta property=\"og:url\" content=\"https:\/\/www.caissealliance.com\/fr\/entreprises\/services\/solutions-pour-employeurs\/soutien-pour-la-preparation-de-la-retraite\/\" \/>\n<meta property=\"og:site_name\" content=\"Caisse Alliance\" \/>\n<meta property=\"article:modified_time\" content=\"2024-03-05T17:50:02+00:00\" \/>\n<meta name=\"twitter:card\" content=\"summary_large_image\" \/>\n<meta name=\"twitter:label1\" content=\"Dur\u00e9e de lecture estim\u00e9e\" \/>\n\t<meta name=\"twitter:data1\" content=\"2 minutes\" \/>\n<script type=\"application\/ld+json\" class=\"yoast-schema-graph\">{\"@context\":\"https:\\\/\\\/schema.org\",\"@graph\":[{\"@type\":\"WebPage\",\"@id\":\"https:\\\/\\\/www.caissealliance.com\\\/fr\\\/entreprises\\\/services\\\/solutions-pour-employeurs\\\/soutien-pour-la-preparation-de-la-retraite\\\/\",\"url\":\"https:\\\/\\\/www.caissealliance.com\\\/fr\\\/entreprises\\\/services\\\/solutions-pour-employeurs\\\/soutien-pour-la-preparation-de-la-retraite\\\/\",\"name\":\"Soutien pour la pr\u00e9paration de la retraite | Caisse Alliance\",\"isPartOf\":{\"@id\":\"https:\\\/\\\/www.caissealliance.com\\\/fr\\\/#website\"},\"datePublished\":\"2019-03-22T16:53:34+00:00\",\"dateModified\":\"2024-03-05T17:50:02+00:00\",\"breadcrumb\":{\"@id\":\"https:\\\/\\\/www.caissealliance.com\\\/fr\\\/entreprises\\\/services\\\/solutions-pour-employeurs\\\/soutien-pour-la-preparation-de-la-retraite\\\/#breadcrumb\"},\"inLanguage\":\"fr-FR\",\"potentialAction\":[{\"@type\":\"ReadAction\",\"target\":[\"https:\\\/\\\/www.caissealliance.com\\\/fr\\\/entreprises\\\/services\\\/solutions-pour-employeurs\\\/soutien-pour-la-preparation-de-la-retraite\\\/\"]}]},{\"@type\":\"BreadcrumbList\",\"@id\":\"https:\\\/\\\/www.caissealliance.com\\\/fr\\\/entreprises\\\/services\\\/solutions-pour-employeurs\\\/soutien-pour-la-preparation-de-la-retraite\\\/#breadcrumb\",\"itemListElement\":[{\"@type\":\"ListItem\",\"position\":1,\"name\":\"Home\",\"item\":\"https:\\\/\\\/www.caissealliance.com\\\/fr\\\/\"},{\"@type\":\"ListItem\",\"position\":2,\"name\":\"Entreprises\",\"item\":\"https:\\\/\\\/www.caissealliance.com\\\/fr\\\/entreprises\\\/\"},{\"@type\":\"ListItem\",\"position\":3,\"name\":\"Services\",\"item\":\"https:\\\/\\\/www.caissealliance.com\\\/fr\\\/entreprises\\\/services\\\/\"},{\"@type\":\"ListItem\",\"position\":4,\"name\":\"Solutions pour employeurs\",\"item\":\"https:\\\/\\\/www.caissealliance.com\\\/fr\\\/entreprises\\\/services\\\/solutions-pour-employeurs\\\/\"},{\"@type\":\"ListItem\",\"position\":5,\"name\":\"Soutien pour la pr\u00e9paration de la retraite\"}]},{\"@type\":\"WebSite\",\"@id\":\"https:\\\/\\\/www.caissealliance.com\\\/fr\\\/#website\",\"url\":\"https:\\\/\\\/www.caissealliance.com\\\/fr\\\/\",\"name\":\"Caisse Alliance\",\"description\":\"Site Web de la Caisse Alliance\",\"potentialAction\":[{\"@type\":\"SearchAction\",\"target\":{\"@type\":\"EntryPoint\",\"urlTemplate\":\"https:\\\/\\\/www.caissealliance.com\\\/fr\\\/?s={search_term_string}\"},\"query-input\":{\"@type\":\"PropertyValueSpecification\",\"valueRequired\":true,\"valueName\":\"search_term_string\"}}],\"inLanguage\":\"fr-FR\"}]}<\/script>\n<!-- \/ Yoast SEO plugin. -->","yoast_head_json":{"title":"Soutien pour la pr\u00e9paration de la retraite | Caisse Alliance","robots":{"index":"index","follow":"follow","max-snippet":"max-snippet:-1","max-image-preview":"max-image-preview:large","max-video-preview":"max-video-preview:-1"},"canonical":"https:\/\/www.caissealliance.com\/fr\/entreprises\/services\/solutions-pour-employeurs\/soutien-pour-la-preparation-de-la-retraite\/","og_locale":"fr_FR","og_type":"article","og_title":"Soutien pour la pr\u00e9paration de la retraite | Caisse Alliance","og_description":"La mise en place d\u2019un r\u00e9gime d\u2019\u00e9pargne collectif \u00e0 l\u2019intention de vos employ\u00e9s constitue une \u00e9tape importante afin de leur permettre d\u2019atteindre leurs objectifs financiers \u00e0 la retraite. De plus, en leur offrant l\u2019occasion d\u2019\u00e9pargner \u00e0 des conditions avantageuses en vue de cette \u00e9tape importante de leur vie, vous augmentez consid\u00e9rablement les chances de conserver [...]","og_url":"https:\/\/www.caissealliance.com\/fr\/entreprises\/services\/solutions-pour-employeurs\/soutien-pour-la-preparation-de-la-retraite\/","og_site_name":"Caisse Alliance","article_modified_time":"2024-03-05T17:50:02+00:00","twitter_card":"summary_large_image","twitter_misc":{"Dur\u00e9e de lecture estim\u00e9e":"2 minutes"},"schema":{"@context":"https:\/\/schema.org","@graph":[{"@type":"WebPage","@id":"https:\/\/www.caissealliance.com\/fr\/entreprises\/services\/solutions-pour-employeurs\/soutien-pour-la-preparation-de-la-retraite\/","url":"https:\/\/www.caissealliance.com\/fr\/entreprises\/services\/solutions-pour-employeurs\/soutien-pour-la-preparation-de-la-retraite\/","name":"Soutien pour la pr\u00e9paration de la retraite | Caisse Alliance","isPartOf":{"@id":"https:\/\/www.caissealliance.com\/fr\/#website"},"datePublished":"2019-03-22T16:53:34+00:00","dateModified":"2024-03-05T17:50:02+00:00","breadcrumb":{"@id":"https:\/\/www.caissealliance.com\/fr\/entreprises\/services\/solutions-pour-employeurs\/soutien-pour-la-preparation-de-la-retraite\/#breadcrumb"},"inLanguage":"fr-FR","potentialAction":[{"@type":"ReadAction","target":["https:\/\/www.caissealliance.com\/fr\/entreprises\/services\/solutions-pour-employeurs\/soutien-pour-la-preparation-de-la-retraite\/"]}]},{"@type":"BreadcrumbList","@id":"https:\/\/www.caissealliance.com\/fr\/entreprises\/services\/solutions-pour-employeurs\/soutien-pour-la-preparation-de-la-retraite\/#breadcrumb","itemListElement":[{"@type":"ListItem","position":1,"name":"Home","item":"https:\/\/www.caissealliance.com\/fr\/"},{"@type":"ListItem","position":2,"name":"Entreprises","item":"https:\/\/www.caissealliance.com\/fr\/entreprises\/"},{"@type":"ListItem","position":3,"name":"Services","item":"https:\/\/www.caissealliance.com\/fr\/entreprises\/services\/"},{"@type":"ListItem","position":4,"name":"Solutions pour employeurs","item":"https:\/\/www.caissealliance.com\/fr\/entreprises\/services\/solutions-pour-employeurs\/"},{"@type":"ListItem","position":5,"name":"Soutien pour la pr\u00e9paration de la retraite"}]},{"@type":"WebSite","@id":"https:\/\/www.caissealliance.com\/fr\/#website","url":"https:\/\/www.caissealliance.com\/fr\/","name":"Caisse Alliance","description":"Site Web de la Caisse Alliance","potentialAction":[{"@type":"SearchAction","target":{"@type":"EntryPoint","urlTemplate":"https:\/\/www.caissealliance.com\/fr\/?s={search_term_string}"},"query-input":{"@type":"PropertyValueSpecification","valueRequired":true,"valueName":"search_term_string"}}],"inLanguage":"fr-FR"}]}},"publishpress_future_action":{"enabled":false,"date":"2026-04-23 21:18:15","action":"change-status","newStatus":"draft","terms":[],"taxonomy":"section","extraData":[]},"publishpress_future_workflow_manual_trigger":{"enabledWorkflows":[]},"_links":{"self":[{"href":"https:\/\/www.caissealliance.com\/fr\/wp-json\/wp\/v2\/pages\/1908","targetHints":{"allow":["GET"]}}],"collection":[{"href":"https:\/\/www.caissealliance.com\/fr\/wp-json\/wp\/v2\/pages"}],"about":[{"href":"https:\/\/www.caissealliance.com\/fr\/wp-json\/wp\/v2\/types\/page"}],"author":[{"embeddable":true,"href":"https:\/\/www.caissealliance.com\/fr\/wp-json\/wp\/v2\/users\/1"}],"replies":[{"embeddable":true,"href":"https:\/\/www.caissealliance.com\/fr\/wp-json\/wp\/v2\/comments?post=1908"}],"version-history":[{"count":5,"href":"https:\/\/www.caissealliance.com\/fr\/wp-json\/wp\/v2\/pages\/1908\/revisions"}],"predecessor-version":[{"id":25927,"href":"https:\/\/www.caissealliance.com\/fr\/wp-json\/wp\/v2\/pages\/1908\/revisions\/25927"}],"up":[{"embeddable":true,"href":"https:\/\/www.caissealliance.com\/fr\/wp-json\/wp\/v2\/pages\/1814"}],"wp:attachment":[{"href":"https:\/\/www.caissealliance.com\/fr\/wp-json\/wp\/v2\/media?parent=1908"}],"curies":[{"name":"wp","href":"https:\/\/api.w.org\/{rel}","templated":true}]}}