{"id":1866,"date":"2019-03-22T12:08:10","date_gmt":"2019-03-22T16:08:10","guid":{"rendered":"http:\/\/caissealliance.absoludev.ca\/service-de-perception-des-comptes\/"},"modified":"2024-03-05T12:48:27","modified_gmt":"2024-03-05T17:48:27","slug":"service-de-perception-des-comptes","status":"publish","type":"page","link":"https:\/\/www.caissealliance.com\/fr\/entreprises\/services\/gestion-des-comptes-clients\/service-de-perception-des-comptes\/","title":{"rendered":"Service de perception des comptes"},"content":{"rendered":"<h1>Service de perception des comptes<\/h1>\n<p>S\u2019adresse aux entreprises et organismes qui souhaitent centraliser \u00e0 la Caisse les paiements qui leur sont dus.<\/p>\n<p>Vous n\u2019avez qu\u2019\u00e0 \u00e9mettre vos factures \u00e0 vos clients. La Caisse Alliance se charge de percevoir les paiements \u00e0 votre place et de d\u00e9poser les sommes dues \u00e0 votre compte.<\/p>\n<p>Englobe tous les paiements de vos clients effectu\u00e9s dans une caisse populaire ou dans une institution financi\u00e8re participante, peu importe le mode de paiement utilis\u00e9 :<\/p>\n<ul>\n<li data-gc-list-depth=\"1\" data-gc-list-style=\"bullet\">au comptoir;<\/li>\n<li data-gc-list-depth=\"1\" data-gc-list-style=\"bullet\">au guichet automatique;<\/li>\n<li data-gc-list-depth=\"1\" data-gc-list-style=\"bullet\">par t\u00e9l\u00e9phone;<\/li>\n<li data-gc-list-depth=\"1\" data-gc-list-style=\"bullet\">par Internet;<\/li>\n<li data-gc-list-depth=\"1\" data-gc-list-style=\"bullet\">par la poste (si votre entreprise ou organisme est inscrit au service d\u2019encaissement par bo\u00eete postale).<\/li>\n<\/ul>\n<h2><strong>Avantages<\/strong><\/h2>\n<h3>Pour l\u2019entreprise ou l\u2019organisme<\/h3>\n<ul>\n<li data-gc-list-depth=\"1\" data-gc-list-style=\"bullet\">Rend disponibles les sommes qui vous sont dues d\u00e8s le premier jour ouvrable suivant la perception de comptes et le traitement fait par la Caisse Alliance.<\/li>\n<li data-gc-list-depth=\"1\" data-gc-list-style=\"bullet\">Tarification \u00e9tablie en fonction du volume de factures per\u00e7ues.<\/li>\n<li data-gc-list-depth=\"1\" data-gc-list-style=\"bullet\">R\u00e9duit vos co\u00fbts de traitement de comptes (ch\u00e8ques postdat\u00e9s, notamment).<\/li>\n<li data-gc-list-depth=\"1\" data-gc-list-style=\"bullet\">R\u00e9duit vos frais d\u2019exploitation, en lib\u00e9rant votre personnel pour l\u2019affecter \u00e0 des fonctions plus strat\u00e9giques.<\/li>\n<li data-gc-list-depth=\"1\" data-gc-list-style=\"bullet\">Regroupe tous vos paiements dans un m\u00eame compte \u00e0 la Caisse.<\/li>\n<li data-gc-list-depth=\"1\" data-gc-list-style=\"bullet\">Acc\u00e8s \u00e0 l\u2019ensemble du r\u00e9seau bancaire canadien.<\/li>\n<li data-gc-list-depth=\"1\" data-gc-list-style=\"bullet\">Ne requiert que quelques modifications aux factures d\u00e9j\u00e0 utilis\u00e9es.<\/li>\n<li data-gc-list-depth=\"1\" data-gc-list-style=\"bullet\">Assure un meilleur contr\u00f4le des comptes clients gr\u00e2ce \u00e0 trois types de rapports :\n<ul>\n<li data-gc-list-depth=\"2\" data-gc-list-style=\"bullet\">rapport de contr\u00f4le papier (re\u00e7u de la Caisse au comptoir, par la poste ou par t\u00e9l\u00e9copieur);<\/li>\n<li data-gc-list-depth=\"2\" data-gc-list-style=\"bullet\">rapport informatis\u00e9 (logiciel convivial permettant de t\u00e9l\u00e9charger vos donn\u00e9es en toute s\u00e9curit\u00e9);<\/li>\n<li data-gc-list-depth=\"2\" data-gc-list-style=\"bullet\">rapport disponible dans Allia.<\/li>\n<\/ul>\n<\/li>\n<\/ul>\n<h3>Pour vos clients<\/h3>\n<ul>\n<li data-gc-list-depth=\"1\" data-gc-list-style=\"bullet\">Permet de b\u00e9n\u00e9ficier de tarifs avantageux comparativement aux ch\u00e8ques.<\/li>\n<li data-gc-list-depth=\"1\" data-gc-list-style=\"bullet\">Procure plusieurs moyens faciles d\u2019acquitter les factures.<\/li>\n<li data-gc-list-depth=\"1\" data-gc-list-style=\"bullet\">Permet de respecter leurs pr\u00e9f\u00e9rences en mati\u00e8re de modes de paiement.<\/li>\n<\/ul>\n","protected":false},"excerpt":{"rendered":"<p>S\u2019adresse aux entreprises et organismes qui souhaitent centraliser \u00e0 la Caisse les paiements qui leur sont dus. Vous n\u2019avez qu\u2019\u00e0 \u00e9mettre vos factures \u00e0 vos clients. La Caisse Alliance se charge de percevoir les paiements \u00e0 votre place et de d\u00e9poser les sommes dues \u00e0 votre compte. Englobe tous les paiements de vos clients effectu\u00e9s [&#8230;]<\/p>\n","protected":false},"author":1,"featured_media":0,"parent":1802,"menu_order":2,"comment_status":"closed","ping_status":"closed","template":"","meta":{"_acf_changed":false,"_monsterinsights_skip_tracking":false,"_monsterinsights_sitenote_active":false,"_monsterinsights_sitenote_note":"","_monsterinsights_sitenote_category":0,"footnotes":""},"class_list":["post-1866","page","type-page","status-publish","hentry","section-services-entreprise"],"acf":[],"yoast_head":"<!-- This site is optimized with the Yoast SEO plugin v27.3 - https:\/\/yoast.com\/product\/yoast-seo-wordpress\/ -->\n<title>Service de perception des comptes | Caisse Alliance<\/title>\n<meta name=\"robots\" content=\"index, follow, max-snippet:-1, max-image-preview:large, max-video-preview:-1\" \/>\n<link rel=\"canonical\" href=\"https:\/\/www.caissealliance.com\/fr\/entreprises\/services\/gestion-des-comptes-clients\/service-de-perception-des-comptes\/\" \/>\n<meta property=\"og:locale\" content=\"fr_FR\" \/>\n<meta property=\"og:type\" content=\"article\" \/>\n<meta property=\"og:title\" content=\"Service de perception des comptes | Caisse Alliance\" \/>\n<meta property=\"og:description\" content=\"S\u2019adresse aux entreprises et organismes qui souhaitent centraliser \u00e0 la Caisse les paiements qui leur sont dus. Vous n\u2019avez qu\u2019\u00e0 \u00e9mettre vos factures \u00e0 vos clients. La Caisse Alliance se charge de percevoir les paiements \u00e0 votre place et de d\u00e9poser les sommes dues \u00e0 votre compte. Englobe tous les paiements de vos clients effectu\u00e9s [...]\" \/>\n<meta property=\"og:url\" content=\"https:\/\/www.caissealliance.com\/fr\/entreprises\/services\/gestion-des-comptes-clients\/service-de-perception-des-comptes\/\" \/>\n<meta property=\"og:site_name\" content=\"Caisse Alliance\" \/>\n<meta property=\"article:modified_time\" content=\"2024-03-05T17:48:27+00:00\" \/>\n<meta name=\"twitter:card\" content=\"summary_large_image\" \/>\n<meta name=\"twitter:label1\" content=\"Dur\u00e9e de lecture estim\u00e9e\" \/>\n\t<meta name=\"twitter:data1\" content=\"2 minutes\" \/>\n<script type=\"application\/ld+json\" class=\"yoast-schema-graph\">{\"@context\":\"https:\\\/\\\/schema.org\",\"@graph\":[{\"@type\":\"WebPage\",\"@id\":\"https:\\\/\\\/www.caissealliance.com\\\/fr\\\/entreprises\\\/services\\\/gestion-des-comptes-clients\\\/service-de-perception-des-comptes\\\/\",\"url\":\"https:\\\/\\\/www.caissealliance.com\\\/fr\\\/entreprises\\\/services\\\/gestion-des-comptes-clients\\\/service-de-perception-des-comptes\\\/\",\"name\":\"Service de perception des comptes | Caisse Alliance\",\"isPartOf\":{\"@id\":\"https:\\\/\\\/www.caissealliance.com\\\/fr\\\/#website\"},\"datePublished\":\"2019-03-22T16:08:10+00:00\",\"dateModified\":\"2024-03-05T17:48:27+00:00\",\"breadcrumb\":{\"@id\":\"https:\\\/\\\/www.caissealliance.com\\\/fr\\\/entreprises\\\/services\\\/gestion-des-comptes-clients\\\/service-de-perception-des-comptes\\\/#breadcrumb\"},\"inLanguage\":\"fr-FR\",\"potentialAction\":[{\"@type\":\"ReadAction\",\"target\":[\"https:\\\/\\\/www.caissealliance.com\\\/fr\\\/entreprises\\\/services\\\/gestion-des-comptes-clients\\\/service-de-perception-des-comptes\\\/\"]}]},{\"@type\":\"BreadcrumbList\",\"@id\":\"https:\\\/\\\/www.caissealliance.com\\\/fr\\\/entreprises\\\/services\\\/gestion-des-comptes-clients\\\/service-de-perception-des-comptes\\\/#breadcrumb\",\"itemListElement\":[{\"@type\":\"ListItem\",\"position\":1,\"name\":\"Home\",\"item\":\"https:\\\/\\\/www.caissealliance.com\\\/fr\\\/\"},{\"@type\":\"ListItem\",\"position\":2,\"name\":\"Entreprises\",\"item\":\"https:\\\/\\\/www.caissealliance.com\\\/fr\\\/entreprises\\\/\"},{\"@type\":\"ListItem\",\"position\":3,\"name\":\"Services\",\"item\":\"https:\\\/\\\/www.caissealliance.com\\\/fr\\\/entreprises\\\/services\\\/\"},{\"@type\":\"ListItem\",\"position\":4,\"name\":\"Gestion des comptes clients\",\"item\":\"https:\\\/\\\/www.caissealliance.com\\\/fr\\\/entreprises\\\/services\\\/gestion-des-comptes-clients\\\/\"},{\"@type\":\"ListItem\",\"position\":5,\"name\":\"Service de perception des comptes\"}]},{\"@type\":\"WebSite\",\"@id\":\"https:\\\/\\\/www.caissealliance.com\\\/fr\\\/#website\",\"url\":\"https:\\\/\\\/www.caissealliance.com\\\/fr\\\/\",\"name\":\"Caisse Alliance\",\"description\":\"Site Web de la Caisse Alliance\",\"potentialAction\":[{\"@type\":\"SearchAction\",\"target\":{\"@type\":\"EntryPoint\",\"urlTemplate\":\"https:\\\/\\\/www.caissealliance.com\\\/fr\\\/?s={search_term_string}\"},\"query-input\":{\"@type\":\"PropertyValueSpecification\",\"valueRequired\":true,\"valueName\":\"search_term_string\"}}],\"inLanguage\":\"fr-FR\"}]}<\/script>\n<!-- \/ Yoast SEO plugin. -->","yoast_head_json":{"title":"Service de perception des comptes | Caisse Alliance","robots":{"index":"index","follow":"follow","max-snippet":"max-snippet:-1","max-image-preview":"max-image-preview:large","max-video-preview":"max-video-preview:-1"},"canonical":"https:\/\/www.caissealliance.com\/fr\/entreprises\/services\/gestion-des-comptes-clients\/service-de-perception-des-comptes\/","og_locale":"fr_FR","og_type":"article","og_title":"Service de perception des comptes | Caisse Alliance","og_description":"S\u2019adresse aux entreprises et organismes qui souhaitent centraliser \u00e0 la Caisse les paiements qui leur sont dus. Vous n\u2019avez qu\u2019\u00e0 \u00e9mettre vos factures \u00e0 vos clients. La Caisse Alliance se charge de percevoir les paiements \u00e0 votre place et de d\u00e9poser les sommes dues \u00e0 votre compte. Englobe tous les paiements de vos clients effectu\u00e9s [...]","og_url":"https:\/\/www.caissealliance.com\/fr\/entreprises\/services\/gestion-des-comptes-clients\/service-de-perception-des-comptes\/","og_site_name":"Caisse Alliance","article_modified_time":"2024-03-05T17:48:27+00:00","twitter_card":"summary_large_image","twitter_misc":{"Dur\u00e9e de lecture estim\u00e9e":"2 minutes"},"schema":{"@context":"https:\/\/schema.org","@graph":[{"@type":"WebPage","@id":"https:\/\/www.caissealliance.com\/fr\/entreprises\/services\/gestion-des-comptes-clients\/service-de-perception-des-comptes\/","url":"https:\/\/www.caissealliance.com\/fr\/entreprises\/services\/gestion-des-comptes-clients\/service-de-perception-des-comptes\/","name":"Service de perception des comptes | Caisse Alliance","isPartOf":{"@id":"https:\/\/www.caissealliance.com\/fr\/#website"},"datePublished":"2019-03-22T16:08:10+00:00","dateModified":"2024-03-05T17:48:27+00:00","breadcrumb":{"@id":"https:\/\/www.caissealliance.com\/fr\/entreprises\/services\/gestion-des-comptes-clients\/service-de-perception-des-comptes\/#breadcrumb"},"inLanguage":"fr-FR","potentialAction":[{"@type":"ReadAction","target":["https:\/\/www.caissealliance.com\/fr\/entreprises\/services\/gestion-des-comptes-clients\/service-de-perception-des-comptes\/"]}]},{"@type":"BreadcrumbList","@id":"https:\/\/www.caissealliance.com\/fr\/entreprises\/services\/gestion-des-comptes-clients\/service-de-perception-des-comptes\/#breadcrumb","itemListElement":[{"@type":"ListItem","position":1,"name":"Home","item":"https:\/\/www.caissealliance.com\/fr\/"},{"@type":"ListItem","position":2,"name":"Entreprises","item":"https:\/\/www.caissealliance.com\/fr\/entreprises\/"},{"@type":"ListItem","position":3,"name":"Services","item":"https:\/\/www.caissealliance.com\/fr\/entreprises\/services\/"},{"@type":"ListItem","position":4,"name":"Gestion des comptes clients","item":"https:\/\/www.caissealliance.com\/fr\/entreprises\/services\/gestion-des-comptes-clients\/"},{"@type":"ListItem","position":5,"name":"Service de perception des comptes"}]},{"@type":"WebSite","@id":"https:\/\/www.caissealliance.com\/fr\/#website","url":"https:\/\/www.caissealliance.com\/fr\/","name":"Caisse Alliance","description":"Site Web de la Caisse Alliance","potentialAction":[{"@type":"SearchAction","target":{"@type":"EntryPoint","urlTemplate":"https:\/\/www.caissealliance.com\/fr\/?s={search_term_string}"},"query-input":{"@type":"PropertyValueSpecification","valueRequired":true,"valueName":"search_term_string"}}],"inLanguage":"fr-FR"}]}},"publishpress_future_action":{"enabled":false,"date":"2026-04-26 09:06:19","action":"change-status","newStatus":"draft","terms":[],"taxonomy":"section","extraData":[]},"publishpress_future_workflow_manual_trigger":{"enabledWorkflows":[]},"_links":{"self":[{"href":"https:\/\/www.caissealliance.com\/fr\/wp-json\/wp\/v2\/pages\/1866","targetHints":{"allow":["GET"]}}],"collection":[{"href":"https:\/\/www.caissealliance.com\/fr\/wp-json\/wp\/v2\/pages"}],"about":[{"href":"https:\/\/www.caissealliance.com\/fr\/wp-json\/wp\/v2\/types\/page"}],"author":[{"embeddable":true,"href":"https:\/\/www.caissealliance.com\/fr\/wp-json\/wp\/v2\/users\/1"}],"replies":[{"embeddable":true,"href":"https:\/\/www.caissealliance.com\/fr\/wp-json\/wp\/v2\/comments?post=1866"}],"version-history":[{"count":8,"href":"https:\/\/www.caissealliance.com\/fr\/wp-json\/wp\/v2\/pages\/1866\/revisions"}],"predecessor-version":[{"id":25925,"href":"https:\/\/www.caissealliance.com\/fr\/wp-json\/wp\/v2\/pages\/1866\/revisions\/25925"}],"up":[{"embeddable":true,"href":"https:\/\/www.caissealliance.com\/fr\/wp-json\/wp\/v2\/pages\/1802"}],"wp:attachment":[{"href":"https:\/\/www.caissealliance.com\/fr\/wp-json\/wp\/v2\/media?parent=1866"}],"curies":[{"name":"wp","href":"https:\/\/api.w.org\/{rel}","templated":true}]}}