{"id":1865,"date":"2019-03-22T12:08:08","date_gmt":"2019-03-22T16:08:08","guid":{"rendered":"http:\/\/caissealliance.absoludev.ca\/transfert-de-fonds\/"},"modified":"2019-04-12T14:45:44","modified_gmt":"2019-04-12T18:45:44","slug":"transfert-de-fonds","status":"publish","type":"page","link":"https:\/\/www.caissealliance.com\/fr\/entreprises\/services\/gestion-des-comptes-fournisseurs\/transfert-de-fonds\/","title":{"rendered":"Transfert de fonds"},"content":{"rendered":"<h1>Transfert de fonds<\/h1>\n<p>Mode de paiement \u00e9lectronique vous permettant de transf\u00e9rer des fonds ailleurs au Canada ou \u00e0 l\u2019\u00e9tranger, rapidement et en toute s\u00e9curit\u00e9.<\/p>\n<p>Le d\u00e9lai de transfert ne d\u00e9passe g\u00e9n\u00e9ralement pas une journ\u00e9e ou deux et les fonds deviennent disponibles pour le b\u00e9n\u00e9ficiaire d\u00e8s leur r\u00e9ception.<\/p>\n<p>Offert en plus de 60 devises.<\/p>\n<h2>Avantages<\/h2>\n<ul>\n<li data-gc-list-depth=\"1\" data-gc-list-style=\"bullet\">Syst\u00e8me rapide et \u00e9prouv\u00e9, utilis\u00e9 par la plupart des institutions financi\u00e8res internationales.<\/li>\n<li data-gc-list-depth=\"1\" data-gc-list-style=\"bullet\">\u00c9limine les ch\u00e8ques et vous permet de faire des \u00e9conomies.<\/li>\n<\/ul>\n<p>&nbsp;<\/p>\n","protected":false},"excerpt":{"rendered":"<p>Mode de paiement \u00e9lectronique vous permettant de transf\u00e9rer des fonds ailleurs au Canada ou \u00e0 l\u2019\u00e9tranger, rapidement et en toute s\u00e9curit\u00e9. Le d\u00e9lai de transfert ne d\u00e9passe g\u00e9n\u00e9ralement pas une journ\u00e9e ou deux et les fonds deviennent disponibles pour le b\u00e9n\u00e9ficiaire d\u00e8s leur r\u00e9ception. Offert en plus de 60 devises. Syst\u00e8me rapide et \u00e9prouv\u00e9, utilis\u00e9 [&#8230;]<\/p>\n","protected":false},"author":1,"featured_media":0,"parent":1810,"menu_order":2,"comment_status":"closed","ping_status":"closed","template":"","meta":{"_acf_changed":false,"_monsterinsights_skip_tracking":false,"_monsterinsights_sitenote_active":false,"_monsterinsights_sitenote_note":"","_monsterinsights_sitenote_category":0,"footnotes":""},"class_list":["post-1865","page","type-page","status-publish","hentry","section-services-entreprise"],"acf":[],"yoast_head":"<!-- This site is optimized with the Yoast SEO plugin v27.4 - https:\/\/yoast.com\/product\/yoast-seo-wordpress\/ -->\n<title>Transfert de fonds | Caisse Alliance<\/title>\n<meta name=\"robots\" content=\"index, follow, max-snippet:-1, max-image-preview:large, max-video-preview:-1\" \/>\n<link rel=\"canonical\" href=\"https:\/\/www.caissealliance.com\/fr\/entreprises\/services\/gestion-des-comptes-fournisseurs\/transfert-de-fonds\/\" \/>\n<meta property=\"og:locale\" content=\"fr_FR\" \/>\n<meta property=\"og:type\" content=\"article\" \/>\n<meta property=\"og:title\" content=\"Transfert de fonds | Caisse Alliance\" \/>\n<meta property=\"og:description\" content=\"Mode de paiement \u00e9lectronique vous permettant de transf\u00e9rer des fonds ailleurs au Canada ou \u00e0 l\u2019\u00e9tranger, rapidement et en toute s\u00e9curit\u00e9. Le d\u00e9lai de transfert ne d\u00e9passe g\u00e9n\u00e9ralement pas une journ\u00e9e ou deux et les fonds deviennent disponibles pour le b\u00e9n\u00e9ficiaire d\u00e8s leur r\u00e9ception. Offert en plus de 60 devises. Syst\u00e8me rapide et \u00e9prouv\u00e9, utilis\u00e9 [...]\" \/>\n<meta property=\"og:url\" content=\"https:\/\/www.caissealliance.com\/fr\/entreprises\/services\/gestion-des-comptes-fournisseurs\/transfert-de-fonds\/\" \/>\n<meta property=\"og:site_name\" content=\"Caisse Alliance\" \/>\n<meta property=\"article:modified_time\" content=\"2019-04-12T18:45:44+00:00\" \/>\n<meta name=\"twitter:card\" content=\"summary_large_image\" \/>\n<script type=\"application\/ld+json\" class=\"yoast-schema-graph\">{\"@context\":\"https:\\\/\\\/schema.org\",\"@graph\":[{\"@type\":\"WebPage\",\"@id\":\"https:\\\/\\\/www.caissealliance.com\\\/fr\\\/entreprises\\\/services\\\/gestion-des-comptes-fournisseurs\\\/transfert-de-fonds\\\/\",\"url\":\"https:\\\/\\\/www.caissealliance.com\\\/fr\\\/entreprises\\\/services\\\/gestion-des-comptes-fournisseurs\\\/transfert-de-fonds\\\/\",\"name\":\"Transfert de fonds | Caisse Alliance\",\"isPartOf\":{\"@id\":\"https:\\\/\\\/www.caissealliance.com\\\/fr\\\/#website\"},\"datePublished\":\"2019-03-22T16:08:08+00:00\",\"dateModified\":\"2019-04-12T18:45:44+00:00\",\"breadcrumb\":{\"@id\":\"https:\\\/\\\/www.caissealliance.com\\\/fr\\\/entreprises\\\/services\\\/gestion-des-comptes-fournisseurs\\\/transfert-de-fonds\\\/#breadcrumb\"},\"inLanguage\":\"fr-FR\",\"potentialAction\":[{\"@type\":\"ReadAction\",\"target\":[\"https:\\\/\\\/www.caissealliance.com\\\/fr\\\/entreprises\\\/services\\\/gestion-des-comptes-fournisseurs\\\/transfert-de-fonds\\\/\"]}]},{\"@type\":\"BreadcrumbList\",\"@id\":\"https:\\\/\\\/www.caissealliance.com\\\/fr\\\/entreprises\\\/services\\\/gestion-des-comptes-fournisseurs\\\/transfert-de-fonds\\\/#breadcrumb\",\"itemListElement\":[{\"@type\":\"ListItem\",\"position\":1,\"name\":\"Home\",\"item\":\"https:\\\/\\\/www.caissealliance.com\\\/fr\\\/\"},{\"@type\":\"ListItem\",\"position\":2,\"name\":\"Entreprises\",\"item\":\"https:\\\/\\\/www.caissealliance.com\\\/fr\\\/entreprises\\\/\"},{\"@type\":\"ListItem\",\"position\":3,\"name\":\"Services\",\"item\":\"https:\\\/\\\/www.caissealliance.com\\\/fr\\\/entreprises\\\/services\\\/\"},{\"@type\":\"ListItem\",\"position\":4,\"name\":\"Gestion des comptes fournisseurs\",\"item\":\"https:\\\/\\\/www.caissealliance.com\\\/fr\\\/entreprises\\\/services\\\/gestion-des-comptes-fournisseurs\\\/\"},{\"@type\":\"ListItem\",\"position\":5,\"name\":\"Transfert de fonds\"}]},{\"@type\":\"WebSite\",\"@id\":\"https:\\\/\\\/www.caissealliance.com\\\/fr\\\/#website\",\"url\":\"https:\\\/\\\/www.caissealliance.com\\\/fr\\\/\",\"name\":\"Caisse Alliance\",\"description\":\"Site Web de la Caisse Alliance\",\"potentialAction\":[{\"@type\":\"SearchAction\",\"target\":{\"@type\":\"EntryPoint\",\"urlTemplate\":\"https:\\\/\\\/www.caissealliance.com\\\/fr\\\/?s={search_term_string}\"},\"query-input\":{\"@type\":\"PropertyValueSpecification\",\"valueRequired\":true,\"valueName\":\"search_term_string\"}}],\"inLanguage\":\"fr-FR\"}]}<\/script>\n<!-- \/ Yoast SEO plugin. -->","yoast_head_json":{"title":"Transfert de fonds | Caisse Alliance","robots":{"index":"index","follow":"follow","max-snippet":"max-snippet:-1","max-image-preview":"max-image-preview:large","max-video-preview":"max-video-preview:-1"},"canonical":"https:\/\/www.caissealliance.com\/fr\/entreprises\/services\/gestion-des-comptes-fournisseurs\/transfert-de-fonds\/","og_locale":"fr_FR","og_type":"article","og_title":"Transfert de fonds | Caisse Alliance","og_description":"Mode de paiement \u00e9lectronique vous permettant de transf\u00e9rer des fonds ailleurs au Canada ou \u00e0 l\u2019\u00e9tranger, rapidement et en toute s\u00e9curit\u00e9. Le d\u00e9lai de transfert ne d\u00e9passe g\u00e9n\u00e9ralement pas une journ\u00e9e ou deux et les fonds deviennent disponibles pour le b\u00e9n\u00e9ficiaire d\u00e8s leur r\u00e9ception. Offert en plus de 60 devises. Syst\u00e8me rapide et \u00e9prouv\u00e9, utilis\u00e9 [...]","og_url":"https:\/\/www.caissealliance.com\/fr\/entreprises\/services\/gestion-des-comptes-fournisseurs\/transfert-de-fonds\/","og_site_name":"Caisse Alliance","article_modified_time":"2019-04-12T18:45:44+00:00","twitter_card":"summary_large_image","schema":{"@context":"https:\/\/schema.org","@graph":[{"@type":"WebPage","@id":"https:\/\/www.caissealliance.com\/fr\/entreprises\/services\/gestion-des-comptes-fournisseurs\/transfert-de-fonds\/","url":"https:\/\/www.caissealliance.com\/fr\/entreprises\/services\/gestion-des-comptes-fournisseurs\/transfert-de-fonds\/","name":"Transfert de fonds | Caisse Alliance","isPartOf":{"@id":"https:\/\/www.caissealliance.com\/fr\/#website"},"datePublished":"2019-03-22T16:08:08+00:00","dateModified":"2019-04-12T18:45:44+00:00","breadcrumb":{"@id":"https:\/\/www.caissealliance.com\/fr\/entreprises\/services\/gestion-des-comptes-fournisseurs\/transfert-de-fonds\/#breadcrumb"},"inLanguage":"fr-FR","potentialAction":[{"@type":"ReadAction","target":["https:\/\/www.caissealliance.com\/fr\/entreprises\/services\/gestion-des-comptes-fournisseurs\/transfert-de-fonds\/"]}]},{"@type":"BreadcrumbList","@id":"https:\/\/www.caissealliance.com\/fr\/entreprises\/services\/gestion-des-comptes-fournisseurs\/transfert-de-fonds\/#breadcrumb","itemListElement":[{"@type":"ListItem","position":1,"name":"Home","item":"https:\/\/www.caissealliance.com\/fr\/"},{"@type":"ListItem","position":2,"name":"Entreprises","item":"https:\/\/www.caissealliance.com\/fr\/entreprises\/"},{"@type":"ListItem","position":3,"name":"Services","item":"https:\/\/www.caissealliance.com\/fr\/entreprises\/services\/"},{"@type":"ListItem","position":4,"name":"Gestion des comptes fournisseurs","item":"https:\/\/www.caissealliance.com\/fr\/entreprises\/services\/gestion-des-comptes-fournisseurs\/"},{"@type":"ListItem","position":5,"name":"Transfert de fonds"}]},{"@type":"WebSite","@id":"https:\/\/www.caissealliance.com\/fr\/#website","url":"https:\/\/www.caissealliance.com\/fr\/","name":"Caisse Alliance","description":"Site Web de la Caisse Alliance","potentialAction":[{"@type":"SearchAction","target":{"@type":"EntryPoint","urlTemplate":"https:\/\/www.caissealliance.com\/fr\/?s={search_term_string}"},"query-input":{"@type":"PropertyValueSpecification","valueRequired":true,"valueName":"search_term_string"}}],"inLanguage":"fr-FR"}]}},"publishpress_future_action":{"enabled":false,"date":"2026-05-06 15:36:21","action":"change-status","newStatus":"draft","terms":[],"taxonomy":"section","extraData":[]},"publishpress_future_workflow_manual_trigger":{"enabledWorkflows":[]},"_links":{"self":[{"href":"https:\/\/www.caissealliance.com\/fr\/wp-json\/wp\/v2\/pages\/1865","targetHints":{"allow":["GET"]}}],"collection":[{"href":"https:\/\/www.caissealliance.com\/fr\/wp-json\/wp\/v2\/pages"}],"about":[{"href":"https:\/\/www.caissealliance.com\/fr\/wp-json\/wp\/v2\/types\/page"}],"author":[{"embeddable":true,"href":"https:\/\/www.caissealliance.com\/fr\/wp-json\/wp\/v2\/users\/1"}],"replies":[{"embeddable":true,"href":"https:\/\/www.caissealliance.com\/fr\/wp-json\/wp\/v2\/comments?post=1865"}],"version-history":[{"count":2,"href":"https:\/\/www.caissealliance.com\/fr\/wp-json\/wp\/v2\/pages\/1865\/revisions"}],"predecessor-version":[{"id":2615,"href":"https:\/\/www.caissealliance.com\/fr\/wp-json\/wp\/v2\/pages\/1865\/revisions\/2615"}],"up":[{"embeddable":true,"href":"https:\/\/www.caissealliance.com\/fr\/wp-json\/wp\/v2\/pages\/1810"}],"wp:attachment":[{"href":"https:\/\/www.caissealliance.com\/fr\/wp-json\/wp\/v2\/media?parent=1865"}],"curies":[{"name":"wp","href":"https:\/\/api.w.org\/{rel}","templated":true}]}}