{"id":18500,"date":"2023-02-28T17:46:01","date_gmt":"2023-02-28T22:46:01","guid":{"rendered":"https:\/\/www.caissealliance.com\/?page_id=18500"},"modified":"2026-03-01T10:14:37","modified_gmt":"2026-03-01T15:14:37","slug":"formulairededemandedebourseenligne","status":"publish","type":"page","link":"https:\/\/www.caissealliance.com\/fr\/ma-caisse\/implication-sociale\/bourses-et-concours\/formulairededemandedebourseenligne\/","title":{"rendered":"Formulaire de demande de bourse en ligne"},"content":{"rendered":"<style id=\"wpforms-css-vars-35919\">\n\t\t\t\t#wpforms-35919 {\n\t\t\t\t--wpforms-field-size-input-height: 43px;\n--wpforms-field-size-input-spacing: 15px;\n--wpforms-field-size-font-size: 16px;\n--wpforms-field-size-line-height: 19px;\n--wpforms-field-size-padding-h: 14px;\n--wpforms-field-size-checkbox-size: 16px;\n--wpforms-field-size-sublabel-spacing: 5px;\n--wpforms-field-size-icon-size: 1;\n--wpforms-label-size-font-size: 16px;\n--wpforms-label-size-line-height: 19px;\n--wpforms-label-size-sublabel-font-size: 14px;\n--wpforms-label-size-sublabel-line-height: 17px;\n--wpforms-button-size-font-size: 17px;\n--wpforms-button-size-height: 41px;\n--wpforms-button-size-padding-h: 15px;\n--wpforms-button-size-margin-top: 10px;\n--wpforms-container-shadow-size-box-shadow: none;\n\t\t\t}\n\t\t\t<\/style><div class=\"wpforms-container wpforms-container-full wpforms-container-save-resume wpforms-render-modern\" id=\"wpforms-35919\"><div class=\"wpforms-schedule-locked\" id=\"wpforms-locked-35919\"><div class=\"form-locked-message\"><div class=\"elementor-element elementor-element-7ceb34a1 elementor-widget__width-initial elementor-widget elementor-widget-text-editor\" data-id=\"7ceb34a1\" data-element_type=\"widget\" data-widget_type=\"text-editor.default\">\n<div class=\"elementor-widget-container\">\n<div>\n<div>\n<p>Un formulaire te permettant de soumettre ta candidature et les \u00e9l\u00e9ments n\u00e9cessaires sera accessible depuis cette page d\u00e8s le 1er mars \u00e0 8 h jusqu'au 31 mars \u00e0 23 h 59.<\/p>\n<\/div>\n<\/div>\n<\/div>\n<\/div>\n<\/div><\/div><\/div>  <!-- .wpforms-container -->\n<div class=\"wpforms-save-resume-confirmation\" id=\"wpforms-save-resume-confirmation-35919\" style=\"display: none\">\n\n\t\n\t<div class=\"message\">\n\t\t<p>Les donn\u00e9es saisies dans votre formulaire ont \u00e9t\u00e9 enregistr\u00e9es. Vous pouvez utiliser le lien unique qui a \u00e9t\u00e9 cr\u00e9\u00e9 pour continuer \u00e0 remplir ce formulaire.<\/p>\n<p>Saisissez votre adresse courriel pour recevoir le lien par courriel. Sinon, vous pouvez copier et enregistrer le lien ci-dessous.<\/p>\n<p>Veuillez noter que ce lien ne doit pas \u00eatre partag\u00e9 et qu\u2018il expirera dans 30 jours, apr\u00e8s quoi votre formulaire sera supprim\u00e9.<\/p>\n\t<\/div>\n\n\t<div class=\"wpforms-save-resume-actions\">\n\t\t\t\t\t<div class=\"wpforms-field\">\n\t\t\t\t<label class=\"wpforms-field-label wpforms-save-resume-label\">\n\t\t\t\t\tCopier le lien\t\t\t\t<\/label>\n\t\t\t\t<div class=\"wpforms-save-resume-shortcode-container\">\n\t\t\t\t\t<input type=\"text\" class=\"wpforms-save-resume-shortcode\" value=\"\" disabled \/>\n\t\t\t\t\t<span class=\"wpforms-save-resume-shortcode-copy\" title=\"Copier le lien pour reprendre dans le presse-papiers\">\n\t\t\t\t\t\t\t<span class=\"copy-icon\"><\/span>\n\t\t\t\t\t\t<\/span>\n\t\t\t\t<\/div>\n\t\t\t<\/div>\n\t\t\n\t\t\t\t\t<form class=\"wpforms-validate wpforms-form wpforms-save-resume-email-notification\" method=\"post\" action=\"\/fr\/wp-json\/wp\/v2\/pages\/18500\" data-token=\"6a94f547901ef0ba913e913c19002519\">\n\t\t\t\t<div class=\"wpforms-field wpforms-field-email\">\n\t\t\t\t\t<label class=\"wpforms-field-label wpforms-save-resume-label\">\n\t\t\t\t\t\tE-mail\t\t\t\t\t\t<span class=\"wpforms-required-label\">*<\/span>\n\t\t\t\t\t<\/label>\n\t\t\t\t\t<input type=\"email\" name=\"wpforms[save_resume_email]\" required>\n\t\t\t\t<\/div>\n\t\t\t\t<div class=\"wpforms-submit-container\">\n\t\t\t\t\t<input type=\"hidden\" id=\"_wpnonce\" name=\"_wpnonce\" value=\"1f4df37ffb\" \/><input type=\"hidden\" name=\"_wp_http_referer\" value=\"\/fr\/wp-json\/wp\/v2\/pages\/18500\" \/>\t\t\t\t\t<input type=\"hidden\" name=\"wpforms[form_id]\" value=\"35919\">\n\t\t\t\t\t<input type=\"hidden\" name=\"wpforms[entry_id]\" class=\"wpforms-save-resume-entry-id\" value=\"\">\n\t\t\t\t\t<button type=\"submit\" name=\"wpforms[save-resume]\" class=\"wpforms-submit\" value=\"wpforms-submit\" disabled>\n\t\t\t\t\t\tEnvoyer le lien\t\t\t\t\t<\/button>\n\t\t\t\t<\/div>\n\t\t\t<\/form>\n\t\t\t<\/div>\n<\/div>\n\n<p>&nbsp;<\/p>\n<p>Tu as une id\u00e9e de projet? Nous t\u2019encourageons \u00e0 poursuivre et \u00e0 r\u00e9aliser tes projets. Tu pourrais \u00eatre admissible \u00e0 cette bourse dans les ann\u00e9es \u00e0 venir!<\/p>\n<h3>Nos jeunes\u2026 acteurs du changement!<\/h3>\n","protected":false},"excerpt":{"rendered":"<p>&nbsp; Tu as une id\u00e9e de projet? Nous t\u2019encourageons \u00e0 poursuivre et \u00e0 r\u00e9aliser tes projets. Tu pourrais \u00eatre admissible \u00e0 cette bourse dans les ann\u00e9es \u00e0 venir!<\/p>\n","protected":false},"author":13,"featured_media":11816,"parent":2324,"menu_order":3,"comment_status":"closed","ping_status":"closed","template":"","meta":{"_acf_changed":false,"_monsterinsights_skip_tracking":false,"_monsterinsights_sitenote_active":false,"_monsterinsights_sitenote_note":"","_monsterinsights_sitenote_category":0,"footnotes":""},"class_list":["post-18500","page","type-page","status-publish","has-post-thumbnail","hentry","section-clientele-scolaire"],"acf":[],"yoast_head":"<!-- This site is optimized with the Yoast SEO plugin v27.3 - https:\/\/yoast.com\/product\/yoast-seo-wordpress\/ -->\n<title>Formulaire de demande de bourse en ligne | Caisse Alliance<\/title>\n<meta name=\"robots\" content=\"index, follow, max-snippet:-1, max-image-preview:large, max-video-preview:-1\" \/>\n<link rel=\"canonical\" href=\"https:\/\/www.caissealliance.com\/fr\/ma-caisse\/implication-sociale\/bourses-et-concours\/formulairededemandedebourseenligne\/\" \/>\n<meta property=\"og:locale\" content=\"fr_FR\" \/>\n<meta property=\"og:type\" content=\"article\" \/>\n<meta property=\"og:title\" content=\"Formulaire de demande de bourse en ligne | Caisse Alliance\" \/>\n<meta property=\"og:description\" content=\"&nbsp; Tu as une id\u00e9e de projet? Nous t\u2019encourageons \u00e0 poursuivre et \u00e0 r\u00e9aliser tes projets. Tu pourrais \u00eatre admissible \u00e0 cette bourse dans les ann\u00e9es \u00e0 venir!\" \/>\n<meta property=\"og:url\" content=\"https:\/\/www.caissealliance.com\/fr\/ma-caisse\/implication-sociale\/bourses-et-concours\/formulairededemandedebourseenligne\/\" \/>\n<meta property=\"og:site_name\" content=\"Caisse Alliance\" \/>\n<meta property=\"article:modified_time\" content=\"2026-03-01T15:14:37+00:00\" \/>\n<meta property=\"og:image\" content=\"https:\/\/www.caissealliance.com\/wp-content\/uploads\/CA-thumbnail-bourses-d\u00e9tudes-2021.jpg\" \/>\n\t<meta property=\"og:image:width\" content=\"662\" \/>\n\t<meta property=\"og:image:height\" content=\"416\" \/>\n\t<meta property=\"og:image:type\" content=\"image\/jpeg\" \/>\n<meta name=\"twitter:card\" content=\"summary_large_image\" \/>\n<meta name=\"twitter:label1\" content=\"Dur\u00e9e de lecture estim\u00e9e\" \/>\n\t<meta name=\"twitter:data1\" content=\"1 minute\" \/>\n<script type=\"application\/ld+json\" class=\"yoast-schema-graph\">{\"@context\":\"https:\\\/\\\/schema.org\",\"@graph\":[{\"@type\":\"WebPage\",\"@id\":\"https:\\\/\\\/www.caissealliance.com\\\/fr\\\/ma-caisse\\\/implication-sociale\\\/bourses-et-concours\\\/formulairededemandedebourseenligne\\\/\",\"url\":\"https:\\\/\\\/www.caissealliance.com\\\/fr\\\/ma-caisse\\\/implication-sociale\\\/bourses-et-concours\\\/formulairededemandedebourseenligne\\\/\",\"name\":\"Formulaire de demande de bourse en ligne | Caisse Alliance\",\"isPartOf\":{\"@id\":\"https:\\\/\\\/www.caissealliance.com\\\/fr\\\/#website\"},\"primaryImageOfPage\":{\"@id\":\"https:\\\/\\\/www.caissealliance.com\\\/fr\\\/ma-caisse\\\/implication-sociale\\\/bourses-et-concours\\\/formulairededemandedebourseenligne\\\/#primaryimage\"},\"image\":{\"@id\":\"https:\\\/\\\/www.caissealliance.com\\\/fr\\\/ma-caisse\\\/implication-sociale\\\/bourses-et-concours\\\/formulairededemandedebourseenligne\\\/#primaryimage\"},\"thumbnailUrl\":\"https:\\\/\\\/www.caissealliance.com\\\/wp-content\\\/uploads\\\/CA-thumbnail-bourses-d\u00e9tudes-2021.jpg\",\"datePublished\":\"2023-02-28T22:46:01+00:00\",\"dateModified\":\"2026-03-01T15:14:37+00:00\",\"breadcrumb\":{\"@id\":\"https:\\\/\\\/www.caissealliance.com\\\/fr\\\/ma-caisse\\\/implication-sociale\\\/bourses-et-concours\\\/formulairededemandedebourseenligne\\\/#breadcrumb\"},\"inLanguage\":\"fr-FR\",\"potentialAction\":[{\"@type\":\"ReadAction\",\"target\":[\"https:\\\/\\\/www.caissealliance.com\\\/fr\\\/ma-caisse\\\/implication-sociale\\\/bourses-et-concours\\\/formulairededemandedebourseenligne\\\/\"]}]},{\"@type\":\"ImageObject\",\"inLanguage\":\"fr-FR\",\"@id\":\"https:\\\/\\\/www.caissealliance.com\\\/fr\\\/ma-caisse\\\/implication-sociale\\\/bourses-et-concours\\\/formulairededemandedebourseenligne\\\/#primaryimage\",\"url\":\"https:\\\/\\\/www.caissealliance.com\\\/wp-content\\\/uploads\\\/CA-thumbnail-bourses-d\u00e9tudes-2021.jpg\",\"contentUrl\":\"https:\\\/\\\/www.caissealliance.com\\\/wp-content\\\/uploads\\\/CA-thumbnail-bourses-d\u00e9tudes-2021.jpg\",\"width\":662,\"height\":416},{\"@type\":\"BreadcrumbList\",\"@id\":\"https:\\\/\\\/www.caissealliance.com\\\/fr\\\/ma-caisse\\\/implication-sociale\\\/bourses-et-concours\\\/formulairededemandedebourseenligne\\\/#breadcrumb\",\"itemListElement\":[{\"@type\":\"ListItem\",\"position\":1,\"name\":\"Home\",\"item\":\"https:\\\/\\\/www.caissealliance.com\\\/fr\\\/\"},{\"@type\":\"ListItem\",\"position\":2,\"name\":\"Ma Caisse\",\"item\":\"https:\\\/\\\/www.caissealliance.com\\\/fr\\\/ma-caisse\\\/\"},{\"@type\":\"ListItem\",\"position\":3,\"name\":\"Implication sociale\",\"item\":\"https:\\\/\\\/www.caissealliance.com\\\/fr\\\/ma-caisse\\\/implication-sociale\\\/\"},{\"@type\":\"ListItem\",\"position\":4,\"name\":\"Bourses et concours\",\"item\":\"https:\\\/\\\/www.caissealliance.com\\\/fr\\\/ma-caisse\\\/implication-sociale\\\/bourses-et-concours\\\/\"},{\"@type\":\"ListItem\",\"position\":5,\"name\":\"Formulaire de demande de bourse en ligne\"}]},{\"@type\":\"WebSite\",\"@id\":\"https:\\\/\\\/www.caissealliance.com\\\/fr\\\/#website\",\"url\":\"https:\\\/\\\/www.caissealliance.com\\\/fr\\\/\",\"name\":\"Caisse Alliance\",\"description\":\"Site Web de la Caisse Alliance\",\"potentialAction\":[{\"@type\":\"SearchAction\",\"target\":{\"@type\":\"EntryPoint\",\"urlTemplate\":\"https:\\\/\\\/www.caissealliance.com\\\/fr\\\/?s={search_term_string}\"},\"query-input\":{\"@type\":\"PropertyValueSpecification\",\"valueRequired\":true,\"valueName\":\"search_term_string\"}}],\"inLanguage\":\"fr-FR\"}]}<\/script>\n<!-- \/ Yoast SEO plugin. -->","yoast_head_json":{"title":"Formulaire de demande de bourse en ligne | Caisse Alliance","robots":{"index":"index","follow":"follow","max-snippet":"max-snippet:-1","max-image-preview":"max-image-preview:large","max-video-preview":"max-video-preview:-1"},"canonical":"https:\/\/www.caissealliance.com\/fr\/ma-caisse\/implication-sociale\/bourses-et-concours\/formulairededemandedebourseenligne\/","og_locale":"fr_FR","og_type":"article","og_title":"Formulaire de demande de bourse en ligne | Caisse Alliance","og_description":"&nbsp; Tu as une id\u00e9e de projet? Nous t\u2019encourageons \u00e0 poursuivre et \u00e0 r\u00e9aliser tes projets. Tu pourrais \u00eatre admissible \u00e0 cette bourse dans les ann\u00e9es \u00e0 venir!","og_url":"https:\/\/www.caissealliance.com\/fr\/ma-caisse\/implication-sociale\/bourses-et-concours\/formulairededemandedebourseenligne\/","og_site_name":"Caisse Alliance","article_modified_time":"2026-03-01T15:14:37+00:00","og_image":[{"width":662,"height":416,"url":"https:\/\/www.caissealliance.com\/wp-content\/uploads\/CA-thumbnail-bourses-d\u00e9tudes-2021.jpg","type":"image\/jpeg"}],"twitter_card":"summary_large_image","twitter_misc":{"Dur\u00e9e de lecture estim\u00e9e":"1 minute"},"schema":{"@context":"https:\/\/schema.org","@graph":[{"@type":"WebPage","@id":"https:\/\/www.caissealliance.com\/fr\/ma-caisse\/implication-sociale\/bourses-et-concours\/formulairededemandedebourseenligne\/","url":"https:\/\/www.caissealliance.com\/fr\/ma-caisse\/implication-sociale\/bourses-et-concours\/formulairededemandedebourseenligne\/","name":"Formulaire de demande de bourse en ligne | Caisse Alliance","isPartOf":{"@id":"https:\/\/www.caissealliance.com\/fr\/#website"},"primaryImageOfPage":{"@id":"https:\/\/www.caissealliance.com\/fr\/ma-caisse\/implication-sociale\/bourses-et-concours\/formulairededemandedebourseenligne\/#primaryimage"},"image":{"@id":"https:\/\/www.caissealliance.com\/fr\/ma-caisse\/implication-sociale\/bourses-et-concours\/formulairededemandedebourseenligne\/#primaryimage"},"thumbnailUrl":"https:\/\/www.caissealliance.com\/wp-content\/uploads\/CA-thumbnail-bourses-d\u00e9tudes-2021.jpg","datePublished":"2023-02-28T22:46:01+00:00","dateModified":"2026-03-01T15:14:37+00:00","breadcrumb":{"@id":"https:\/\/www.caissealliance.com\/fr\/ma-caisse\/implication-sociale\/bourses-et-concours\/formulairededemandedebourseenligne\/#breadcrumb"},"inLanguage":"fr-FR","potentialAction":[{"@type":"ReadAction","target":["https:\/\/www.caissealliance.com\/fr\/ma-caisse\/implication-sociale\/bourses-et-concours\/formulairededemandedebourseenligne\/"]}]},{"@type":"ImageObject","inLanguage":"fr-FR","@id":"https:\/\/www.caissealliance.com\/fr\/ma-caisse\/implication-sociale\/bourses-et-concours\/formulairededemandedebourseenligne\/#primaryimage","url":"https:\/\/www.caissealliance.com\/wp-content\/uploads\/CA-thumbnail-bourses-d\u00e9tudes-2021.jpg","contentUrl":"https:\/\/www.caissealliance.com\/wp-content\/uploads\/CA-thumbnail-bourses-d\u00e9tudes-2021.jpg","width":662,"height":416},{"@type":"BreadcrumbList","@id":"https:\/\/www.caissealliance.com\/fr\/ma-caisse\/implication-sociale\/bourses-et-concours\/formulairededemandedebourseenligne\/#breadcrumb","itemListElement":[{"@type":"ListItem","position":1,"name":"Home","item":"https:\/\/www.caissealliance.com\/fr\/"},{"@type":"ListItem","position":2,"name":"Ma Caisse","item":"https:\/\/www.caissealliance.com\/fr\/ma-caisse\/"},{"@type":"ListItem","position":3,"name":"Implication sociale","item":"https:\/\/www.caissealliance.com\/fr\/ma-caisse\/implication-sociale\/"},{"@type":"ListItem","position":4,"name":"Bourses et concours","item":"https:\/\/www.caissealliance.com\/fr\/ma-caisse\/implication-sociale\/bourses-et-concours\/"},{"@type":"ListItem","position":5,"name":"Formulaire de demande de bourse en ligne"}]},{"@type":"WebSite","@id":"https:\/\/www.caissealliance.com\/fr\/#website","url":"https:\/\/www.caissealliance.com\/fr\/","name":"Caisse Alliance","description":"Site Web de la Caisse Alliance","potentialAction":[{"@type":"SearchAction","target":{"@type":"EntryPoint","urlTemplate":"https:\/\/www.caissealliance.com\/fr\/?s={search_term_string}"},"query-input":{"@type":"PropertyValueSpecification","valueRequired":true,"valueName":"search_term_string"}}],"inLanguage":"fr-FR"}]}},"publishpress_future_action":{"enabled":false,"date":"2026-04-23 14:50:37","action":"change-status","newStatus":"draft","terms":[],"taxonomy":"section","extraData":[]},"publishpress_future_workflow_manual_trigger":{"enabledWorkflows":[]},"_links":{"self":[{"href":"https:\/\/www.caissealliance.com\/fr\/wp-json\/wp\/v2\/pages\/18500","targetHints":{"allow":["GET"]}}],"collection":[{"href":"https:\/\/www.caissealliance.com\/fr\/wp-json\/wp\/v2\/pages"}],"about":[{"href":"https:\/\/www.caissealliance.com\/fr\/wp-json\/wp\/v2\/types\/page"}],"author":[{"embeddable":true,"href":"https:\/\/www.caissealliance.com\/fr\/wp-json\/wp\/v2\/users\/13"}],"replies":[{"embeddable":true,"href":"https:\/\/www.caissealliance.com\/fr\/wp-json\/wp\/v2\/comments?post=18500"}],"version-history":[{"count":3,"href":"https:\/\/www.caissealliance.com\/fr\/wp-json\/wp\/v2\/pages\/18500\/revisions"}],"predecessor-version":[{"id":36070,"href":"https:\/\/www.caissealliance.com\/fr\/wp-json\/wp\/v2\/pages\/18500\/revisions\/36070"}],"up":[{"embeddable":true,"href":"https:\/\/www.caissealliance.com\/fr\/wp-json\/wp\/v2\/pages\/2324"}],"wp:featuredmedia":[{"embeddable":true,"href":"https:\/\/www.caissealliance.com\/fr\/wp-json\/wp\/v2\/media\/11816"}],"wp:attachment":[{"href":"https:\/\/www.caissealliance.com\/fr\/wp-json\/wp\/v2\/media?parent=18500"}],"curies":[{"name":"wp","href":"https:\/\/api.w.org\/{rel}","templated":true}]}}