{"id":1848,"date":"2019-03-22T12:00:40","date_gmt":"2019-03-22T16:00:40","guid":{"rendered":"http:\/\/caissealliance.absoludev.ca\/service-edi-financier\/"},"modified":"2019-04-12T14:10:48","modified_gmt":"2019-04-12T18:10:48","slug":"service-edi-financier","status":"publish","type":"page","link":"https:\/\/www.caissealliance.com\/fr\/entreprises\/services\/service-edi-financier\/","title":{"rendered":"Service EDI financier"},"content":{"rendered":"<h1>Service EDI financier<\/h1>\n<p>S\u2019adresse aux entreprises et organismes qui souhaitent b\u00e9n\u00e9ficier de la technologie EDI (\u00e9change de documents informatis\u00e9s) de leurs clients. Par contre, vous n\u2019avez pas besoin d\u2019\u00eatre muni de cette technologie pour percevoir les sommes dues et les faire d\u00e9poser \u00e0 votre compte.<\/p>\n<h2><strong>Avantages<\/strong><\/h2>\n<ul>\n<li data-gc-list-depth=\"1\" data-gc-list-style=\"bullet\">Permet de recevoir de vos partenaires d\u2019affaires qui utilisent cette technologie des paiements EDI ainsi que les d\u00e9tails qui les accompagnent.<\/li>\n<li data-gc-list-depth=\"1\" data-gc-list-style=\"bullet\">Service complet permettant le traitement de tous les documents re\u00e7us.<\/li>\n<\/ul>\n<h2>Votre entreprise ou organisme n\u2019a aucune exp\u00e9rience de l\u2019EDI et ne poss\u00e8de pas les \u00e9quipements n\u00e9cessaires?<\/h2>\n<p>Notre service assure la perception pour vous et vous transmet les d\u00e9tails du paiement. Aucun investissement ni changement \u00e0 vos op\u00e9rations normales n\u2019est requis.<\/p>\n<h2>Votre entreprise ou organisme utilise d\u00e9j\u00e0 l\u2019EDI?<\/h2>\n<p>Notre service complet assure le traitement des documents financiers et connexes que vous recevez (avis et ordres de paiement, accus\u00e9s de r\u00e9ception, etc.).<\/p>\n<p>&nbsp;<\/p>\n","protected":false},"excerpt":{"rendered":"<p>S\u2019adresse aux entreprises et organismes qui souhaitent b\u00e9n\u00e9ficier de la technologie EDI (\u00e9change de documents informatis\u00e9s) de leurs clients. Par contre, vous n\u2019avez pas besoin d\u2019\u00eatre muni de cette technologie pour percevoir les sommes dues et les faire d\u00e9poser \u00e0 votre compte. Permet de recevoir de vos partenaires d\u2019affaires qui utilisent cette technologie des paiements [&#8230;]<\/p>\n","protected":false},"author":1,"featured_media":0,"parent":1716,"menu_order":14,"comment_status":"closed","ping_status":"closed","template":"","meta":{"_acf_changed":false,"_monsterinsights_skip_tracking":false,"_monsterinsights_sitenote_active":false,"_monsterinsights_sitenote_note":"","_monsterinsights_sitenote_category":0,"footnotes":""},"class_list":["post-1848","page","type-page","status-publish","hentry","section-services-entreprise"],"acf":[],"yoast_head":"<!-- This site is optimized with the Yoast SEO plugin v27.4 - https:\/\/yoast.com\/product\/yoast-seo-wordpress\/ -->\n<title>Service EDI financier | Caisse Alliance<\/title>\n<meta name=\"robots\" content=\"index, follow, max-snippet:-1, max-image-preview:large, max-video-preview:-1\" \/>\n<link rel=\"canonical\" href=\"https:\/\/www.caissealliance.com\/fr\/entreprises\/services\/service-edi-financier\/\" \/>\n<meta property=\"og:locale\" content=\"fr_FR\" \/>\n<meta property=\"og:type\" content=\"article\" \/>\n<meta property=\"og:title\" content=\"Service EDI financier | Caisse Alliance\" \/>\n<meta property=\"og:description\" content=\"S\u2019adresse aux entreprises et organismes qui souhaitent b\u00e9n\u00e9ficier de la technologie EDI (\u00e9change de documents informatis\u00e9s) de leurs clients. Par contre, vous n\u2019avez pas besoin d\u2019\u00eatre muni de cette technologie pour percevoir les sommes dues et les faire d\u00e9poser \u00e0 votre compte. Permet de recevoir de vos partenaires d\u2019affaires qui utilisent cette technologie des paiements [...]\" \/>\n<meta property=\"og:url\" content=\"https:\/\/www.caissealliance.com\/fr\/entreprises\/services\/service-edi-financier\/\" \/>\n<meta property=\"og:site_name\" content=\"Caisse Alliance\" \/>\n<meta property=\"article:modified_time\" content=\"2019-04-12T18:10:48+00:00\" \/>\n<meta name=\"twitter:card\" content=\"summary_large_image\" \/>\n<meta name=\"twitter:label1\" content=\"Dur\u00e9e de lecture estim\u00e9e\" \/>\n\t<meta name=\"twitter:data1\" content=\"1 minute\" \/>\n<script type=\"application\/ld+json\" class=\"yoast-schema-graph\">{\"@context\":\"https:\\\/\\\/schema.org\",\"@graph\":[{\"@type\":\"WebPage\",\"@id\":\"https:\\\/\\\/www.caissealliance.com\\\/fr\\\/entreprises\\\/services\\\/service-edi-financier\\\/\",\"url\":\"https:\\\/\\\/www.caissealliance.com\\\/fr\\\/entreprises\\\/services\\\/service-edi-financier\\\/\",\"name\":\"Service EDI financier | Caisse Alliance\",\"isPartOf\":{\"@id\":\"https:\\\/\\\/www.caissealliance.com\\\/fr\\\/#website\"},\"datePublished\":\"2019-03-22T16:00:40+00:00\",\"dateModified\":\"2019-04-12T18:10:48+00:00\",\"breadcrumb\":{\"@id\":\"https:\\\/\\\/www.caissealliance.com\\\/fr\\\/entreprises\\\/services\\\/service-edi-financier\\\/#breadcrumb\"},\"inLanguage\":\"fr-FR\",\"potentialAction\":[{\"@type\":\"ReadAction\",\"target\":[\"https:\\\/\\\/www.caissealliance.com\\\/fr\\\/entreprises\\\/services\\\/service-edi-financier\\\/\"]}]},{\"@type\":\"BreadcrumbList\",\"@id\":\"https:\\\/\\\/www.caissealliance.com\\\/fr\\\/entreprises\\\/services\\\/service-edi-financier\\\/#breadcrumb\",\"itemListElement\":[{\"@type\":\"ListItem\",\"position\":1,\"name\":\"Home\",\"item\":\"https:\\\/\\\/www.caissealliance.com\\\/fr\\\/\"},{\"@type\":\"ListItem\",\"position\":2,\"name\":\"Entreprises\",\"item\":\"https:\\\/\\\/www.caissealliance.com\\\/fr\\\/entreprises\\\/\"},{\"@type\":\"ListItem\",\"position\":3,\"name\":\"Services\",\"item\":\"https:\\\/\\\/www.caissealliance.com\\\/fr\\\/entreprises\\\/services\\\/\"},{\"@type\":\"ListItem\",\"position\":4,\"name\":\"Service EDI financier\"}]},{\"@type\":\"WebSite\",\"@id\":\"https:\\\/\\\/www.caissealliance.com\\\/fr\\\/#website\",\"url\":\"https:\\\/\\\/www.caissealliance.com\\\/fr\\\/\",\"name\":\"Caisse Alliance\",\"description\":\"Site Web de la Caisse Alliance\",\"potentialAction\":[{\"@type\":\"SearchAction\",\"target\":{\"@type\":\"EntryPoint\",\"urlTemplate\":\"https:\\\/\\\/www.caissealliance.com\\\/fr\\\/?s={search_term_string}\"},\"query-input\":{\"@type\":\"PropertyValueSpecification\",\"valueRequired\":true,\"valueName\":\"search_term_string\"}}],\"inLanguage\":\"fr-FR\"}]}<\/script>\n<!-- \/ Yoast SEO plugin. -->","yoast_head_json":{"title":"Service EDI financier | Caisse Alliance","robots":{"index":"index","follow":"follow","max-snippet":"max-snippet:-1","max-image-preview":"max-image-preview:large","max-video-preview":"max-video-preview:-1"},"canonical":"https:\/\/www.caissealliance.com\/fr\/entreprises\/services\/service-edi-financier\/","og_locale":"fr_FR","og_type":"article","og_title":"Service EDI financier | Caisse Alliance","og_description":"S\u2019adresse aux entreprises et organismes qui souhaitent b\u00e9n\u00e9ficier de la technologie EDI (\u00e9change de documents informatis\u00e9s) de leurs clients. Par contre, vous n\u2019avez pas besoin d\u2019\u00eatre muni de cette technologie pour percevoir les sommes dues et les faire d\u00e9poser \u00e0 votre compte. Permet de recevoir de vos partenaires d\u2019affaires qui utilisent cette technologie des paiements [...]","og_url":"https:\/\/www.caissealliance.com\/fr\/entreprises\/services\/service-edi-financier\/","og_site_name":"Caisse Alliance","article_modified_time":"2019-04-12T18:10:48+00:00","twitter_card":"summary_large_image","twitter_misc":{"Dur\u00e9e de lecture estim\u00e9e":"1 minute"},"schema":{"@context":"https:\/\/schema.org","@graph":[{"@type":"WebPage","@id":"https:\/\/www.caissealliance.com\/fr\/entreprises\/services\/service-edi-financier\/","url":"https:\/\/www.caissealliance.com\/fr\/entreprises\/services\/service-edi-financier\/","name":"Service EDI financier | Caisse Alliance","isPartOf":{"@id":"https:\/\/www.caissealliance.com\/fr\/#website"},"datePublished":"2019-03-22T16:00:40+00:00","dateModified":"2019-04-12T18:10:48+00:00","breadcrumb":{"@id":"https:\/\/www.caissealliance.com\/fr\/entreprises\/services\/service-edi-financier\/#breadcrumb"},"inLanguage":"fr-FR","potentialAction":[{"@type":"ReadAction","target":["https:\/\/www.caissealliance.com\/fr\/entreprises\/services\/service-edi-financier\/"]}]},{"@type":"BreadcrumbList","@id":"https:\/\/www.caissealliance.com\/fr\/entreprises\/services\/service-edi-financier\/#breadcrumb","itemListElement":[{"@type":"ListItem","position":1,"name":"Home","item":"https:\/\/www.caissealliance.com\/fr\/"},{"@type":"ListItem","position":2,"name":"Entreprises","item":"https:\/\/www.caissealliance.com\/fr\/entreprises\/"},{"@type":"ListItem","position":3,"name":"Services","item":"https:\/\/www.caissealliance.com\/fr\/entreprises\/services\/"},{"@type":"ListItem","position":4,"name":"Service EDI financier"}]},{"@type":"WebSite","@id":"https:\/\/www.caissealliance.com\/fr\/#website","url":"https:\/\/www.caissealliance.com\/fr\/","name":"Caisse Alliance","description":"Site Web de la Caisse Alliance","potentialAction":[{"@type":"SearchAction","target":{"@type":"EntryPoint","urlTemplate":"https:\/\/www.caissealliance.com\/fr\/?s={search_term_string}"},"query-input":{"@type":"PropertyValueSpecification","valueRequired":true,"valueName":"search_term_string"}}],"inLanguage":"fr-FR"}]}},"publishpress_future_action":{"enabled":false,"date":"2026-05-06 15:36:19","action":"change-status","newStatus":"draft","terms":[],"taxonomy":"section","extraData":[]},"publishpress_future_workflow_manual_trigger":{"enabledWorkflows":[]},"_links":{"self":[{"href":"https:\/\/www.caissealliance.com\/fr\/wp-json\/wp\/v2\/pages\/1848","targetHints":{"allow":["GET"]}}],"collection":[{"href":"https:\/\/www.caissealliance.com\/fr\/wp-json\/wp\/v2\/pages"}],"about":[{"href":"https:\/\/www.caissealliance.com\/fr\/wp-json\/wp\/v2\/types\/page"}],"author":[{"embeddable":true,"href":"https:\/\/www.caissealliance.com\/fr\/wp-json\/wp\/v2\/users\/1"}],"replies":[{"embeddable":true,"href":"https:\/\/www.caissealliance.com\/fr\/wp-json\/wp\/v2\/comments?post=1848"}],"version-history":[{"count":3,"href":"https:\/\/www.caissealliance.com\/fr\/wp-json\/wp\/v2\/pages\/1848\/revisions"}],"predecessor-version":[{"id":2604,"href":"https:\/\/www.caissealliance.com\/fr\/wp-json\/wp\/v2\/pages\/1848\/revisions\/2604"}],"up":[{"embeddable":true,"href":"https:\/\/www.caissealliance.com\/fr\/wp-json\/wp\/v2\/pages\/1716"}],"wp:attachment":[{"href":"https:\/\/www.caissealliance.com\/fr\/wp-json\/wp\/v2\/media?parent=1848"}],"curies":[{"name":"wp","href":"https:\/\/api.w.org\/{rel}","templated":true}]}}