{"id":1841,"date":"2019-03-22T12:00:30","date_gmt":"2019-03-22T16:00:30","guid":{"rendered":"http:\/\/caissealliance.absoludev.ca\/information-sur-vos-comptes\/"},"modified":"2024-12-16T14:31:41","modified_gmt":"2024-12-16T19:31:41","slug":"information-sur-vos-comptes","status":"publish","type":"page","link":"https:\/\/www.caissealliance.com\/fr\/entreprises\/services\/information-sur-vos-comptes\/","title":{"rendered":"Information sur vos comptes"},"content":{"rendered":"<h1>Information sur vos comptes<\/h1>\n<p>Avec Allia, voyez \u00e0 la seconde pr\u00e8s le solde des comptes de votre entreprise :<\/p>\n<ul>\n<li data-gc-list-depth=\"1\" data-gc-list-style=\"bullet\">Comptes en <strong>devise canadienne, en devise am\u00e9ricaine<\/strong> ou en d\u2019autres devises \u00e9trang\u00e8res;<\/li>\n<li data-gc-list-depth=\"1\" data-gc-list-style=\"bullet\">Marges de cr\u00e9dit;<\/li>\n<li data-gc-list-depth=\"1\" data-gc-list-style=\"bullet\">Pr\u00eats.<\/li>\n<\/ul>\n<p>Vous pouvez \u00e9galement consulter le solde de vos comptes personnels.<\/p>\n<p>Saviez vous que vous pouviez <strong>consolider vos profils personnel et d&#8217;entreprise<\/strong> avec Allia? <a href=\"https:\/\/app.guideflow.com\/player\/yr4lzjoblk\">Cliquez ici<\/a> pour apprendre comment faire?<\/p>\n<h3>Comment acc\u00e9der \u00e0 vos soldes<\/h3>\n<ul>\n<li data-gc-list-depth=\"1\" data-gc-list-style=\"bullet\">Cliquez sur l&#8217;onglet Comptes pour consulter le solde de vos comptes.<\/li>\n<li data-gc-list-depth=\"1\" data-gc-list-style=\"bullet\">Cliquez sur le compte d\u00e9sir\u00e9 pour\u00a0obtenir de l\u2019information d\u00e9taill\u00e9e.<\/li>\n<\/ul>\n<h2><strong>Relev\u00e9 de compte mensuel<\/strong><\/h2>\n<p>Un relev\u00e9 de compte mensuel \u2013 identique \u00e0 celui que vous recevez par la poste \u2013 vous permet d&#8217;obtenir l&#8217;information sur vos comptes chaque mois.<\/p>\n<h3>Comment acc\u00e9der \u00e0 vos relev\u00e9s?<\/h3>\n<p>Sous l\u2019onglet <strong>Comptes<\/strong>, s\u00e9lectionnez Afficher les relev\u00e9s virtuels.<\/p>\n<h2><strong>Recherche d\u2019op\u00e9rations<\/strong><\/h2>\n<p>Vos relev\u00e9s sont cat\u00e9goris\u00e9s par ann\u00e9e, puis par mois. Obtenez rapidement l&#8217;information relative aux transactions et aux activit\u00e9s sur vos comptes.<\/p>\n<p><strong>T\u00e9l\u00e9chargez ou imprimez<\/strong> vos relev\u00e9s comme bon vous semble!<\/p>\n<h2>Le saviez-vous?<\/h2>\n<p>Vous pouvez <a href=\"https:\/\/www.caissealliance.com\/fr\/entreprises\/services\/accesd-affaires\/delegation-des-operations\/\" target=\"_blank\" rel=\"noopener noreferrer\" data-gc-link=\"https:\/\/www.caissealliance.com\/?p=2312\">d\u00e9l\u00e9guer la conciliation des comptes<\/a> \u00e0 un de vos employ\u00e9s tout en gardant le contr\u00f4le.<\/p>\n<p>&nbsp;<\/p>\n","protected":false},"excerpt":{"rendered":"<p>Avec Allia, voyez \u00e0 la seconde pr\u00e8s le solde des comptes de votre entreprise : Comptes en devise canadienne, en devise am\u00e9ricaine ou en d\u2019autres devises \u00e9trang\u00e8res; Marges de cr\u00e9dit; Pr\u00eats. Vous pouvez \u00e9galement consulter le solde de vos comptes personnels. Saviez vous que vous pouviez consolider vos profils personnel et d&#8217;entreprise avec Allia? Cliquez [&#8230;]<\/p>\n","protected":false},"author":1,"featured_media":0,"parent":1716,"menu_order":7,"comment_status":"closed","ping_status":"closed","template":"","meta":{"_acf_changed":false,"_monsterinsights_skip_tracking":false,"_monsterinsights_sitenote_active":false,"_monsterinsights_sitenote_note":"","_monsterinsights_sitenote_category":0,"footnotes":""},"class_list":["post-1841","page","type-page","status-publish","hentry","section-services-entreprise"],"acf":[],"yoast_head":"<!-- This site is optimized with the Yoast SEO plugin v27.4 - https:\/\/yoast.com\/product\/yoast-seo-wordpress\/ -->\n<title>Information sur vos comptes | Caisse Alliance<\/title>\n<meta name=\"robots\" content=\"index, follow, max-snippet:-1, max-image-preview:large, max-video-preview:-1\" \/>\n<link rel=\"canonical\" href=\"https:\/\/www.caissealliance.com\/fr\/entreprises\/services\/information-sur-vos-comptes\/\" \/>\n<meta property=\"og:locale\" content=\"fr_FR\" \/>\n<meta property=\"og:type\" content=\"article\" \/>\n<meta property=\"og:title\" content=\"Information sur vos comptes | Caisse Alliance\" \/>\n<meta property=\"og:description\" content=\"Avec Allia, voyez \u00e0 la seconde pr\u00e8s le solde des comptes de votre entreprise : Comptes en devise canadienne, en devise am\u00e9ricaine ou en d\u2019autres devises \u00e9trang\u00e8res; Marges de cr\u00e9dit; Pr\u00eats. Vous pouvez \u00e9galement consulter le solde de vos comptes personnels. Saviez vous que vous pouviez consolider vos profils personnel et d&#8217;entreprise avec Allia? Cliquez [...]\" \/>\n<meta property=\"og:url\" content=\"https:\/\/www.caissealliance.com\/fr\/entreprises\/services\/information-sur-vos-comptes\/\" \/>\n<meta property=\"og:site_name\" content=\"Caisse Alliance\" \/>\n<meta property=\"article:modified_time\" content=\"2024-12-16T19:31:41+00:00\" \/>\n<meta name=\"twitter:card\" content=\"summary_large_image\" \/>\n<meta name=\"twitter:label1\" content=\"Dur\u00e9e de lecture estim\u00e9e\" \/>\n\t<meta name=\"twitter:data1\" content=\"1 minute\" \/>\n<script type=\"application\/ld+json\" class=\"yoast-schema-graph\">{\"@context\":\"https:\\\/\\\/schema.org\",\"@graph\":[{\"@type\":\"WebPage\",\"@id\":\"https:\\\/\\\/www.caissealliance.com\\\/fr\\\/entreprises\\\/services\\\/information-sur-vos-comptes\\\/\",\"url\":\"https:\\\/\\\/www.caissealliance.com\\\/fr\\\/entreprises\\\/services\\\/information-sur-vos-comptes\\\/\",\"name\":\"Information sur vos comptes | Caisse Alliance\",\"isPartOf\":{\"@id\":\"https:\\\/\\\/www.caissealliance.com\\\/fr\\\/#website\"},\"datePublished\":\"2019-03-22T16:00:30+00:00\",\"dateModified\":\"2024-12-16T19:31:41+00:00\",\"breadcrumb\":{\"@id\":\"https:\\\/\\\/www.caissealliance.com\\\/fr\\\/entreprises\\\/services\\\/information-sur-vos-comptes\\\/#breadcrumb\"},\"inLanguage\":\"fr-FR\",\"potentialAction\":[{\"@type\":\"ReadAction\",\"target\":[\"https:\\\/\\\/www.caissealliance.com\\\/fr\\\/entreprises\\\/services\\\/information-sur-vos-comptes\\\/\"]}]},{\"@type\":\"BreadcrumbList\",\"@id\":\"https:\\\/\\\/www.caissealliance.com\\\/fr\\\/entreprises\\\/services\\\/information-sur-vos-comptes\\\/#breadcrumb\",\"itemListElement\":[{\"@type\":\"ListItem\",\"position\":1,\"name\":\"Home\",\"item\":\"https:\\\/\\\/www.caissealliance.com\\\/fr\\\/\"},{\"@type\":\"ListItem\",\"position\":2,\"name\":\"Entreprises\",\"item\":\"https:\\\/\\\/www.caissealliance.com\\\/fr\\\/entreprises\\\/\"},{\"@type\":\"ListItem\",\"position\":3,\"name\":\"Services\",\"item\":\"https:\\\/\\\/www.caissealliance.com\\\/fr\\\/entreprises\\\/services\\\/\"},{\"@type\":\"ListItem\",\"position\":4,\"name\":\"Information sur vos comptes\"}]},{\"@type\":\"WebSite\",\"@id\":\"https:\\\/\\\/www.caissealliance.com\\\/fr\\\/#website\",\"url\":\"https:\\\/\\\/www.caissealliance.com\\\/fr\\\/\",\"name\":\"Caisse Alliance\",\"description\":\"Site Web de la Caisse Alliance\",\"potentialAction\":[{\"@type\":\"SearchAction\",\"target\":{\"@type\":\"EntryPoint\",\"urlTemplate\":\"https:\\\/\\\/www.caissealliance.com\\\/fr\\\/?s={search_term_string}\"},\"query-input\":{\"@type\":\"PropertyValueSpecification\",\"valueRequired\":true,\"valueName\":\"search_term_string\"}}],\"inLanguage\":\"fr-FR\"}]}<\/script>\n<!-- \/ Yoast SEO plugin. -->","yoast_head_json":{"title":"Information sur vos comptes | Caisse Alliance","robots":{"index":"index","follow":"follow","max-snippet":"max-snippet:-1","max-image-preview":"max-image-preview:large","max-video-preview":"max-video-preview:-1"},"canonical":"https:\/\/www.caissealliance.com\/fr\/entreprises\/services\/information-sur-vos-comptes\/","og_locale":"fr_FR","og_type":"article","og_title":"Information sur vos comptes | Caisse Alliance","og_description":"Avec Allia, voyez \u00e0 la seconde pr\u00e8s le solde des comptes de votre entreprise : Comptes en devise canadienne, en devise am\u00e9ricaine ou en d\u2019autres devises \u00e9trang\u00e8res; Marges de cr\u00e9dit; Pr\u00eats. Vous pouvez \u00e9galement consulter le solde de vos comptes personnels. Saviez vous que vous pouviez consolider vos profils personnel et d&#8217;entreprise avec Allia? Cliquez [...]","og_url":"https:\/\/www.caissealliance.com\/fr\/entreprises\/services\/information-sur-vos-comptes\/","og_site_name":"Caisse Alliance","article_modified_time":"2024-12-16T19:31:41+00:00","twitter_card":"summary_large_image","twitter_misc":{"Dur\u00e9e de lecture estim\u00e9e":"1 minute"},"schema":{"@context":"https:\/\/schema.org","@graph":[{"@type":"WebPage","@id":"https:\/\/www.caissealliance.com\/fr\/entreprises\/services\/information-sur-vos-comptes\/","url":"https:\/\/www.caissealliance.com\/fr\/entreprises\/services\/information-sur-vos-comptes\/","name":"Information sur vos comptes | Caisse Alliance","isPartOf":{"@id":"https:\/\/www.caissealliance.com\/fr\/#website"},"datePublished":"2019-03-22T16:00:30+00:00","dateModified":"2024-12-16T19:31:41+00:00","breadcrumb":{"@id":"https:\/\/www.caissealliance.com\/fr\/entreprises\/services\/information-sur-vos-comptes\/#breadcrumb"},"inLanguage":"fr-FR","potentialAction":[{"@type":"ReadAction","target":["https:\/\/www.caissealliance.com\/fr\/entreprises\/services\/information-sur-vos-comptes\/"]}]},{"@type":"BreadcrumbList","@id":"https:\/\/www.caissealliance.com\/fr\/entreprises\/services\/information-sur-vos-comptes\/#breadcrumb","itemListElement":[{"@type":"ListItem","position":1,"name":"Home","item":"https:\/\/www.caissealliance.com\/fr\/"},{"@type":"ListItem","position":2,"name":"Entreprises","item":"https:\/\/www.caissealliance.com\/fr\/entreprises\/"},{"@type":"ListItem","position":3,"name":"Services","item":"https:\/\/www.caissealliance.com\/fr\/entreprises\/services\/"},{"@type":"ListItem","position":4,"name":"Information sur vos comptes"}]},{"@type":"WebSite","@id":"https:\/\/www.caissealliance.com\/fr\/#website","url":"https:\/\/www.caissealliance.com\/fr\/","name":"Caisse Alliance","description":"Site Web de la Caisse Alliance","potentialAction":[{"@type":"SearchAction","target":{"@type":"EntryPoint","urlTemplate":"https:\/\/www.caissealliance.com\/fr\/?s={search_term_string}"},"query-input":{"@type":"PropertyValueSpecification","valueRequired":true,"valueName":"search_term_string"}}],"inLanguage":"fr-FR"}]}},"publishpress_future_action":{"enabled":false,"date":"2026-05-06 02:23:14","action":"change-status","newStatus":"draft","terms":[],"taxonomy":"section","extraData":[]},"publishpress_future_workflow_manual_trigger":{"enabledWorkflows":[]},"_links":{"self":[{"href":"https:\/\/www.caissealliance.com\/fr\/wp-json\/wp\/v2\/pages\/1841","targetHints":{"allow":["GET"]}}],"collection":[{"href":"https:\/\/www.caissealliance.com\/fr\/wp-json\/wp\/v2\/pages"}],"about":[{"href":"https:\/\/www.caissealliance.com\/fr\/wp-json\/wp\/v2\/types\/page"}],"author":[{"embeddable":true,"href":"https:\/\/www.caissealliance.com\/fr\/wp-json\/wp\/v2\/users\/1"}],"replies":[{"embeddable":true,"href":"https:\/\/www.caissealliance.com\/fr\/wp-json\/wp\/v2\/comments?post=1841"}],"version-history":[{"count":12,"href":"https:\/\/www.caissealliance.com\/fr\/wp-json\/wp\/v2\/pages\/1841\/revisions"}],"predecessor-version":[{"id":30354,"href":"https:\/\/www.caissealliance.com\/fr\/wp-json\/wp\/v2\/pages\/1841\/revisions\/30354"}],"up":[{"embeddable":true,"href":"https:\/\/www.caissealliance.com\/fr\/wp-json\/wp\/v2\/pages\/1716"}],"wp:attachment":[{"href":"https:\/\/www.caissealliance.com\/fr\/wp-json\/wp\/v2\/media?parent=1841"}],"curies":[{"name":"wp","href":"https:\/\/api.w.org\/{rel}","templated":true}]}}