{"id":1839,"date":"2019-03-22T12:00:28","date_gmt":"2019-03-22T16:00:28","guid":{"rendered":"http:\/\/caissealliance.absoludev.ca\/delegation-des-operations\/"},"modified":"2024-12-16T14:32:21","modified_gmt":"2024-12-16T19:32:21","slug":"delegation-des-operations","status":"publish","type":"page","link":"https:\/\/www.caissealliance.com\/fr\/entreprises\/services\/delegation-des-operations\/","title":{"rendered":"D\u00e9l\u00e9gation des op\u00e9rations"},"content":{"rendered":"<h1>D\u00e9l\u00e9gation des op\u00e9rations<\/h1>\n<p>D\u00e9l\u00e9guez des op\u00e9rations dans Allia comme vous le faites d\u00e9j\u00e0 pour d\u2019autres t\u00e2ches dans votre entreprise. En toute s\u00e9curit\u00e9 et en gardant le contr\u00f4le de vos affaires.<\/p>\n<h2><strong>Avantages<\/strong><\/h2>\n<p><strong>L\u2019administrateur principal<\/strong>, c\u2019est-\u00e0-dire la personne que vous d\u00e9signez pour g\u00e9rer vos finances d&#8217;entreprise dans Allia, peut :<\/p>\n<ul>\n<li data-gc-list-depth=\"1\" data-gc-list-style=\"bullet\"><strong>attribuer des droits d\u2019acc\u00e8s sp\u00e9cifiques<\/strong> pour d\u00e9l\u00e9guer certaines activit\u00e9s \u00e0 des employ\u00e9s ou \u00e0 des collaborateurs externes, comme votre contr\u00f4leur financier;<\/li>\n<li data-gc-list-depth=\"1\" data-gc-list-style=\"bullet\"><strong>limiter l\u2019acc\u00e8s de chaque utilisateur ou d\u00e9l\u00e9gu\u00e9<\/strong>.<\/li>\n<\/ul>\n","protected":false},"excerpt":{"rendered":"<p>D\u00e9l\u00e9guez des op\u00e9rations dans Allia comme vous le faites d\u00e9j\u00e0 pour d\u2019autres t\u00e2ches dans votre entreprise. En toute s\u00e9curit\u00e9 et en gardant le contr\u00f4le de vos affaires. L\u2019administrateur principal, c\u2019est-\u00e0-dire la personne que vous d\u00e9signez pour g\u00e9rer vos finances d&#8217;entreprise dans Allia, peut : attribuer des droits d\u2019acc\u00e8s sp\u00e9cifiques pour d\u00e9l\u00e9guer certaines activit\u00e9s \u00e0 des [&#8230;]<\/p>\n","protected":false},"author":1,"featured_media":0,"parent":1716,"menu_order":5,"comment_status":"closed","ping_status":"closed","template":"","meta":{"_acf_changed":false,"_monsterinsights_skip_tracking":false,"_monsterinsights_sitenote_active":false,"_monsterinsights_sitenote_note":"","_monsterinsights_sitenote_category":0,"footnotes":""},"class_list":["post-1839","page","type-page","status-publish","hentry","section-services-entreprise"],"acf":[],"yoast_head":"<!-- This site is optimized with the Yoast SEO plugin v27.4 - https:\/\/yoast.com\/product\/yoast-seo-wordpress\/ -->\n<title>D\u00e9l\u00e9gation des op\u00e9rations | Caisse Alliance<\/title>\n<meta name=\"robots\" content=\"index, follow, max-snippet:-1, max-image-preview:large, max-video-preview:-1\" \/>\n<link rel=\"canonical\" href=\"https:\/\/www.caissealliance.com\/fr\/entreprises\/services\/delegation-des-operations\/\" \/>\n<meta property=\"og:locale\" content=\"fr_FR\" \/>\n<meta property=\"og:type\" content=\"article\" \/>\n<meta property=\"og:title\" content=\"D\u00e9l\u00e9gation des op\u00e9rations | Caisse Alliance\" \/>\n<meta property=\"og:description\" content=\"D\u00e9l\u00e9guez des op\u00e9rations dans Allia comme vous le faites d\u00e9j\u00e0 pour d\u2019autres t\u00e2ches dans votre entreprise. En toute s\u00e9curit\u00e9 et en gardant le contr\u00f4le de vos affaires. L\u2019administrateur principal, c\u2019est-\u00e0-dire la personne que vous d\u00e9signez pour g\u00e9rer vos finances d&#8217;entreprise dans Allia, peut : attribuer des droits d\u2019acc\u00e8s sp\u00e9cifiques pour d\u00e9l\u00e9guer certaines activit\u00e9s \u00e0 des [...]\" \/>\n<meta property=\"og:url\" content=\"https:\/\/www.caissealliance.com\/fr\/entreprises\/services\/delegation-des-operations\/\" \/>\n<meta property=\"og:site_name\" content=\"Caisse Alliance\" \/>\n<meta property=\"article:modified_time\" content=\"2024-12-16T19:32:21+00:00\" \/>\n<meta name=\"twitter:card\" content=\"summary_large_image\" \/>\n<meta name=\"twitter:label1\" content=\"Dur\u00e9e de lecture estim\u00e9e\" \/>\n\t<meta name=\"twitter:data1\" content=\"1 minute\" \/>\n<script type=\"application\/ld+json\" class=\"yoast-schema-graph\">{\"@context\":\"https:\\\/\\\/schema.org\",\"@graph\":[{\"@type\":\"WebPage\",\"@id\":\"https:\\\/\\\/www.caissealliance.com\\\/fr\\\/entreprises\\\/services\\\/delegation-des-operations\\\/\",\"url\":\"https:\\\/\\\/www.caissealliance.com\\\/fr\\\/entreprises\\\/services\\\/delegation-des-operations\\\/\",\"name\":\"D\u00e9l\u00e9gation des op\u00e9rations | Caisse Alliance\",\"isPartOf\":{\"@id\":\"https:\\\/\\\/www.caissealliance.com\\\/fr\\\/#website\"},\"datePublished\":\"2019-03-22T16:00:28+00:00\",\"dateModified\":\"2024-12-16T19:32:21+00:00\",\"breadcrumb\":{\"@id\":\"https:\\\/\\\/www.caissealliance.com\\\/fr\\\/entreprises\\\/services\\\/delegation-des-operations\\\/#breadcrumb\"},\"inLanguage\":\"fr-FR\",\"potentialAction\":[{\"@type\":\"ReadAction\",\"target\":[\"https:\\\/\\\/www.caissealliance.com\\\/fr\\\/entreprises\\\/services\\\/delegation-des-operations\\\/\"]}]},{\"@type\":\"BreadcrumbList\",\"@id\":\"https:\\\/\\\/www.caissealliance.com\\\/fr\\\/entreprises\\\/services\\\/delegation-des-operations\\\/#breadcrumb\",\"itemListElement\":[{\"@type\":\"ListItem\",\"position\":1,\"name\":\"Home\",\"item\":\"https:\\\/\\\/www.caissealliance.com\\\/fr\\\/\"},{\"@type\":\"ListItem\",\"position\":2,\"name\":\"Entreprises\",\"item\":\"https:\\\/\\\/www.caissealliance.com\\\/fr\\\/entreprises\\\/\"},{\"@type\":\"ListItem\",\"position\":3,\"name\":\"Services\",\"item\":\"https:\\\/\\\/www.caissealliance.com\\\/fr\\\/entreprises\\\/services\\\/\"},{\"@type\":\"ListItem\",\"position\":4,\"name\":\"D\u00e9l\u00e9gation des op\u00e9rations\"}]},{\"@type\":\"WebSite\",\"@id\":\"https:\\\/\\\/www.caissealliance.com\\\/fr\\\/#website\",\"url\":\"https:\\\/\\\/www.caissealliance.com\\\/fr\\\/\",\"name\":\"Caisse Alliance\",\"description\":\"Site Web de la Caisse Alliance\",\"potentialAction\":[{\"@type\":\"SearchAction\",\"target\":{\"@type\":\"EntryPoint\",\"urlTemplate\":\"https:\\\/\\\/www.caissealliance.com\\\/fr\\\/?s={search_term_string}\"},\"query-input\":{\"@type\":\"PropertyValueSpecification\",\"valueRequired\":true,\"valueName\":\"search_term_string\"}}],\"inLanguage\":\"fr-FR\"}]}<\/script>\n<!-- \/ Yoast SEO plugin. -->","yoast_head_json":{"title":"D\u00e9l\u00e9gation des op\u00e9rations | Caisse Alliance","robots":{"index":"index","follow":"follow","max-snippet":"max-snippet:-1","max-image-preview":"max-image-preview:large","max-video-preview":"max-video-preview:-1"},"canonical":"https:\/\/www.caissealliance.com\/fr\/entreprises\/services\/delegation-des-operations\/","og_locale":"fr_FR","og_type":"article","og_title":"D\u00e9l\u00e9gation des op\u00e9rations | Caisse Alliance","og_description":"D\u00e9l\u00e9guez des op\u00e9rations dans Allia comme vous le faites d\u00e9j\u00e0 pour d\u2019autres t\u00e2ches dans votre entreprise. En toute s\u00e9curit\u00e9 et en gardant le contr\u00f4le de vos affaires. L\u2019administrateur principal, c\u2019est-\u00e0-dire la personne que vous d\u00e9signez pour g\u00e9rer vos finances d&#8217;entreprise dans Allia, peut : attribuer des droits d\u2019acc\u00e8s sp\u00e9cifiques pour d\u00e9l\u00e9guer certaines activit\u00e9s \u00e0 des [...]","og_url":"https:\/\/www.caissealliance.com\/fr\/entreprises\/services\/delegation-des-operations\/","og_site_name":"Caisse Alliance","article_modified_time":"2024-12-16T19:32:21+00:00","twitter_card":"summary_large_image","twitter_misc":{"Dur\u00e9e de lecture estim\u00e9e":"1 minute"},"schema":{"@context":"https:\/\/schema.org","@graph":[{"@type":"WebPage","@id":"https:\/\/www.caissealliance.com\/fr\/entreprises\/services\/delegation-des-operations\/","url":"https:\/\/www.caissealliance.com\/fr\/entreprises\/services\/delegation-des-operations\/","name":"D\u00e9l\u00e9gation des op\u00e9rations | Caisse Alliance","isPartOf":{"@id":"https:\/\/www.caissealliance.com\/fr\/#website"},"datePublished":"2019-03-22T16:00:28+00:00","dateModified":"2024-12-16T19:32:21+00:00","breadcrumb":{"@id":"https:\/\/www.caissealliance.com\/fr\/entreprises\/services\/delegation-des-operations\/#breadcrumb"},"inLanguage":"fr-FR","potentialAction":[{"@type":"ReadAction","target":["https:\/\/www.caissealliance.com\/fr\/entreprises\/services\/delegation-des-operations\/"]}]},{"@type":"BreadcrumbList","@id":"https:\/\/www.caissealliance.com\/fr\/entreprises\/services\/delegation-des-operations\/#breadcrumb","itemListElement":[{"@type":"ListItem","position":1,"name":"Home","item":"https:\/\/www.caissealliance.com\/fr\/"},{"@type":"ListItem","position":2,"name":"Entreprises","item":"https:\/\/www.caissealliance.com\/fr\/entreprises\/"},{"@type":"ListItem","position":3,"name":"Services","item":"https:\/\/www.caissealliance.com\/fr\/entreprises\/services\/"},{"@type":"ListItem","position":4,"name":"D\u00e9l\u00e9gation des op\u00e9rations"}]},{"@type":"WebSite","@id":"https:\/\/www.caissealliance.com\/fr\/#website","url":"https:\/\/www.caissealliance.com\/fr\/","name":"Caisse Alliance","description":"Site Web de la Caisse Alliance","potentialAction":[{"@type":"SearchAction","target":{"@type":"EntryPoint","urlTemplate":"https:\/\/www.caissealliance.com\/fr\/?s={search_term_string}"},"query-input":{"@type":"PropertyValueSpecification","valueRequired":true,"valueName":"search_term_string"}}],"inLanguage":"fr-FR"}]}},"publishpress_future_action":{"enabled":false,"date":"2026-05-06 13:52:27","action":"change-status","newStatus":"draft","terms":[],"taxonomy":"section","extraData":[]},"publishpress_future_workflow_manual_trigger":{"enabledWorkflows":[]},"_links":{"self":[{"href":"https:\/\/www.caissealliance.com\/fr\/wp-json\/wp\/v2\/pages\/1839","targetHints":{"allow":["GET"]}}],"collection":[{"href":"https:\/\/www.caissealliance.com\/fr\/wp-json\/wp\/v2\/pages"}],"about":[{"href":"https:\/\/www.caissealliance.com\/fr\/wp-json\/wp\/v2\/types\/page"}],"author":[{"embeddable":true,"href":"https:\/\/www.caissealliance.com\/fr\/wp-json\/wp\/v2\/users\/1"}],"replies":[{"embeddable":true,"href":"https:\/\/www.caissealliance.com\/fr\/wp-json\/wp\/v2\/comments?post=1839"}],"version-history":[{"count":8,"href":"https:\/\/www.caissealliance.com\/fr\/wp-json\/wp\/v2\/pages\/1839\/revisions"}],"predecessor-version":[{"id":30356,"href":"https:\/\/www.caissealliance.com\/fr\/wp-json\/wp\/v2\/pages\/1839\/revisions\/30356"}],"up":[{"embeddable":true,"href":"https:\/\/www.caissealliance.com\/fr\/wp-json\/wp\/v2\/pages\/1716"}],"wp:attachment":[{"href":"https:\/\/www.caissealliance.com\/fr\/wp-json\/wp\/v2\/media?parent=1839"}],"curies":[{"name":"wp","href":"https:\/\/api.w.org\/{rel}","templated":true}]}}