{"id":1836,"date":"2019-03-22T12:00:24","date_gmt":"2019-03-22T16:00:24","guid":{"rendered":"http:\/\/caissealliance.absoludev.ca\/acquisition-de-placements\/"},"modified":"2023-09-05T13:26:53","modified_gmt":"2023-09-05T17:26:53","slug":"acquisition-de-placements","status":"publish","type":"page","link":"https:\/\/www.caissealliance.com\/fr\/entreprises\/services\/acquisition-de-placements\/","title":{"rendered":"Acquisition de placements"},"content":{"rendered":"<h1>Acquisition de placements<\/h1>\n<p>Cette fonction d\u2019Allia vous permet d\u2019investir instantan\u00e9ment et sans interm\u00e9diaire des sommes dans l\u2019un de nos placements garantis \u00e0 taux fixe. Il s\u2019agit d\u2019un bon moyen de faire fructifier votre argent sans risque.<\/p>\n<h2><strong>Caract\u00e9ristiques<\/strong><\/h2>\n<ul>\n<li data-gc-list-depth=\"1\" data-gc-list-style=\"bullet\">Ouverture instantan\u00e9e du compte en ligne et possibilit\u00e9 de le consulter en tout temps;<\/li>\n<li data-gc-list-depth=\"1\" data-gc-list-style=\"bullet\">Un certificat attestant les conditions du d\u00e9p\u00f4t vous est achemin\u00e9 automatiquement;<\/li>\n<li data-gc-list-depth=\"1\" data-gc-list-style=\"bullet\">Relev\u00e9 de compte indiquant toutes les op\u00e9rations effectu\u00e9es au compte (date d\u2019\u00e9mission du placement, date d\u2019\u00e9ch\u00e9ance, taux d\u2019int\u00e9r\u00eat, etc.).<\/li>\n<\/ul>\n<h2><strong>Avantages<\/strong><\/h2>\n<ul>\n<li data-gc-list-depth=\"1\" data-gc-list-style=\"bullet\">Protection du capital \u00e0 100 %;<\/li>\n<li data-gc-list-depth=\"1\" data-gc-list-style=\"bullet\">Fonction avantageuse pour la gestion de vos liquidit\u00e9s ou pour des projets \u00e0 court, moyen ou long terme;<\/li>\n<li data-gc-list-depth=\"1\" data-gc-list-style=\"bullet\">Grande souplesse gr\u00e2ce \u00e0 l\u2019option de rachat offerte sur certains de nos produits;<\/li>\n<li data-gc-list-depth=\"1\" data-gc-list-style=\"bullet\">Possibilit\u00e9 de renouveler automatiquement un placement \u00e0 \u00e9ch\u00e9ance ou de le d\u00e9poser, incluant les int\u00e9r\u00eats cumul\u00e9s, dans votre compte d\u2019op\u00e9rations.<\/li>\n<\/ul>\n","protected":false},"excerpt":{"rendered":"<p>Cette fonction d\u2019Allia vous permet d\u2019investir instantan\u00e9ment et sans interm\u00e9diaire des sommes dans l\u2019un de nos placements garantis \u00e0 taux fixe. Il s\u2019agit d\u2019un bon moyen de faire fructifier votre argent sans risque. Ouverture instantan\u00e9e du compte en ligne et possibilit\u00e9 de le consulter en tout temps; Un certificat attestant les conditions du d\u00e9p\u00f4t vous [&#8230;]<\/p>\n","protected":false},"author":1,"featured_media":0,"parent":1716,"menu_order":2,"comment_status":"closed","ping_status":"closed","template":"","meta":{"_acf_changed":false,"_monsterinsights_skip_tracking":false,"_monsterinsights_sitenote_active":false,"_monsterinsights_sitenote_note":"","_monsterinsights_sitenote_category":0,"footnotes":""},"class_list":["post-1836","page","type-page","status-publish","hentry","section-services-entreprise"],"acf":[],"yoast_head":"<!-- This site is optimized with the Yoast SEO plugin v27.4 - https:\/\/yoast.com\/product\/yoast-seo-wordpress\/ -->\n<title>Acquisition de placements | Caisse Alliance<\/title>\n<meta name=\"robots\" content=\"index, follow, max-snippet:-1, max-image-preview:large, max-video-preview:-1\" \/>\n<link rel=\"canonical\" href=\"https:\/\/www.caissealliance.com\/fr\/entreprises\/services\/acquisition-de-placements\/\" \/>\n<meta property=\"og:locale\" content=\"fr_FR\" \/>\n<meta property=\"og:type\" content=\"article\" \/>\n<meta property=\"og:title\" content=\"Acquisition de placements | Caisse Alliance\" \/>\n<meta property=\"og:description\" content=\"Cette fonction d\u2019Allia vous permet d\u2019investir instantan\u00e9ment et sans interm\u00e9diaire des sommes dans l\u2019un de nos placements garantis \u00e0 taux fixe. Il s\u2019agit d\u2019un bon moyen de faire fructifier votre argent sans risque. Ouverture instantan\u00e9e du compte en ligne et possibilit\u00e9 de le consulter en tout temps; Un certificat attestant les conditions du d\u00e9p\u00f4t vous [...]\" \/>\n<meta property=\"og:url\" content=\"https:\/\/www.caissealliance.com\/fr\/entreprises\/services\/acquisition-de-placements\/\" \/>\n<meta property=\"og:site_name\" content=\"Caisse Alliance\" \/>\n<meta property=\"article:modified_time\" content=\"2023-09-05T17:26:53+00:00\" \/>\n<meta name=\"twitter:card\" content=\"summary_large_image\" \/>\n<meta name=\"twitter:label1\" content=\"Dur\u00e9e de lecture estim\u00e9e\" \/>\n\t<meta name=\"twitter:data1\" content=\"1 minute\" \/>\n<script type=\"application\/ld+json\" class=\"yoast-schema-graph\">{\"@context\":\"https:\\\/\\\/schema.org\",\"@graph\":[{\"@type\":\"WebPage\",\"@id\":\"https:\\\/\\\/www.caissealliance.com\\\/fr\\\/entreprises\\\/services\\\/acquisition-de-placements\\\/\",\"url\":\"https:\\\/\\\/www.caissealliance.com\\\/fr\\\/entreprises\\\/services\\\/acquisition-de-placements\\\/\",\"name\":\"Acquisition de placements | Caisse Alliance\",\"isPartOf\":{\"@id\":\"https:\\\/\\\/www.caissealliance.com\\\/fr\\\/#website\"},\"datePublished\":\"2019-03-22T16:00:24+00:00\",\"dateModified\":\"2023-09-05T17:26:53+00:00\",\"breadcrumb\":{\"@id\":\"https:\\\/\\\/www.caissealliance.com\\\/fr\\\/entreprises\\\/services\\\/acquisition-de-placements\\\/#breadcrumb\"},\"inLanguage\":\"fr-FR\",\"potentialAction\":[{\"@type\":\"ReadAction\",\"target\":[\"https:\\\/\\\/www.caissealliance.com\\\/fr\\\/entreprises\\\/services\\\/acquisition-de-placements\\\/\"]}]},{\"@type\":\"BreadcrumbList\",\"@id\":\"https:\\\/\\\/www.caissealliance.com\\\/fr\\\/entreprises\\\/services\\\/acquisition-de-placements\\\/#breadcrumb\",\"itemListElement\":[{\"@type\":\"ListItem\",\"position\":1,\"name\":\"Home\",\"item\":\"https:\\\/\\\/www.caissealliance.com\\\/fr\\\/\"},{\"@type\":\"ListItem\",\"position\":2,\"name\":\"Entreprises\",\"item\":\"https:\\\/\\\/www.caissealliance.com\\\/fr\\\/entreprises\\\/\"},{\"@type\":\"ListItem\",\"position\":3,\"name\":\"Services\",\"item\":\"https:\\\/\\\/www.caissealliance.com\\\/fr\\\/entreprises\\\/services\\\/\"},{\"@type\":\"ListItem\",\"position\":4,\"name\":\"Acquisition de placements\"}]},{\"@type\":\"WebSite\",\"@id\":\"https:\\\/\\\/www.caissealliance.com\\\/fr\\\/#website\",\"url\":\"https:\\\/\\\/www.caissealliance.com\\\/fr\\\/\",\"name\":\"Caisse Alliance\",\"description\":\"Site Web de la Caisse Alliance\",\"potentialAction\":[{\"@type\":\"SearchAction\",\"target\":{\"@type\":\"EntryPoint\",\"urlTemplate\":\"https:\\\/\\\/www.caissealliance.com\\\/fr\\\/?s={search_term_string}\"},\"query-input\":{\"@type\":\"PropertyValueSpecification\",\"valueRequired\":true,\"valueName\":\"search_term_string\"}}],\"inLanguage\":\"fr-FR\"}]}<\/script>\n<!-- \/ Yoast SEO plugin. -->","yoast_head_json":{"title":"Acquisition de placements | Caisse Alliance","robots":{"index":"index","follow":"follow","max-snippet":"max-snippet:-1","max-image-preview":"max-image-preview:large","max-video-preview":"max-video-preview:-1"},"canonical":"https:\/\/www.caissealliance.com\/fr\/entreprises\/services\/acquisition-de-placements\/","og_locale":"fr_FR","og_type":"article","og_title":"Acquisition de placements | Caisse Alliance","og_description":"Cette fonction d\u2019Allia vous permet d\u2019investir instantan\u00e9ment et sans interm\u00e9diaire des sommes dans l\u2019un de nos placements garantis \u00e0 taux fixe. Il s\u2019agit d\u2019un bon moyen de faire fructifier votre argent sans risque. Ouverture instantan\u00e9e du compte en ligne et possibilit\u00e9 de le consulter en tout temps; Un certificat attestant les conditions du d\u00e9p\u00f4t vous [...]","og_url":"https:\/\/www.caissealliance.com\/fr\/entreprises\/services\/acquisition-de-placements\/","og_site_name":"Caisse Alliance","article_modified_time":"2023-09-05T17:26:53+00:00","twitter_card":"summary_large_image","twitter_misc":{"Dur\u00e9e de lecture estim\u00e9e":"1 minute"},"schema":{"@context":"https:\/\/schema.org","@graph":[{"@type":"WebPage","@id":"https:\/\/www.caissealliance.com\/fr\/entreprises\/services\/acquisition-de-placements\/","url":"https:\/\/www.caissealliance.com\/fr\/entreprises\/services\/acquisition-de-placements\/","name":"Acquisition de placements | Caisse Alliance","isPartOf":{"@id":"https:\/\/www.caissealliance.com\/fr\/#website"},"datePublished":"2019-03-22T16:00:24+00:00","dateModified":"2023-09-05T17:26:53+00:00","breadcrumb":{"@id":"https:\/\/www.caissealliance.com\/fr\/entreprises\/services\/acquisition-de-placements\/#breadcrumb"},"inLanguage":"fr-FR","potentialAction":[{"@type":"ReadAction","target":["https:\/\/www.caissealliance.com\/fr\/entreprises\/services\/acquisition-de-placements\/"]}]},{"@type":"BreadcrumbList","@id":"https:\/\/www.caissealliance.com\/fr\/entreprises\/services\/acquisition-de-placements\/#breadcrumb","itemListElement":[{"@type":"ListItem","position":1,"name":"Home","item":"https:\/\/www.caissealliance.com\/fr\/"},{"@type":"ListItem","position":2,"name":"Entreprises","item":"https:\/\/www.caissealliance.com\/fr\/entreprises\/"},{"@type":"ListItem","position":3,"name":"Services","item":"https:\/\/www.caissealliance.com\/fr\/entreprises\/services\/"},{"@type":"ListItem","position":4,"name":"Acquisition de placements"}]},{"@type":"WebSite","@id":"https:\/\/www.caissealliance.com\/fr\/#website","url":"https:\/\/www.caissealliance.com\/fr\/","name":"Caisse Alliance","description":"Site Web de la Caisse Alliance","potentialAction":[{"@type":"SearchAction","target":{"@type":"EntryPoint","urlTemplate":"https:\/\/www.caissealliance.com\/fr\/?s={search_term_string}"},"query-input":{"@type":"PropertyValueSpecification","valueRequired":true,"valueName":"search_term_string"}}],"inLanguage":"fr-FR"}]}},"publishpress_future_action":{"enabled":false,"date":"2026-05-06 15:36:48","action":"change-status","newStatus":"draft","terms":[],"taxonomy":"section","extraData":[]},"publishpress_future_workflow_manual_trigger":{"enabledWorkflows":[]},"_links":{"self":[{"href":"https:\/\/www.caissealliance.com\/fr\/wp-json\/wp\/v2\/pages\/1836","targetHints":{"allow":["GET"]}}],"collection":[{"href":"https:\/\/www.caissealliance.com\/fr\/wp-json\/wp\/v2\/pages"}],"about":[{"href":"https:\/\/www.caissealliance.com\/fr\/wp-json\/wp\/v2\/types\/page"}],"author":[{"embeddable":true,"href":"https:\/\/www.caissealliance.com\/fr\/wp-json\/wp\/v2\/users\/1"}],"replies":[{"embeddable":true,"href":"https:\/\/www.caissealliance.com\/fr\/wp-json\/wp\/v2\/comments?post=1836"}],"version-history":[{"count":3,"href":"https:\/\/www.caissealliance.com\/fr\/wp-json\/wp\/v2\/pages\/1836\/revisions"}],"predecessor-version":[{"id":20179,"href":"https:\/\/www.caissealliance.com\/fr\/wp-json\/wp\/v2\/pages\/1836\/revisions\/20179"}],"up":[{"embeddable":true,"href":"https:\/\/www.caissealliance.com\/fr\/wp-json\/wp\/v2\/pages\/1716"}],"wp:attachment":[{"href":"https:\/\/www.caissealliance.com\/fr\/wp-json\/wp\/v2\/media?parent=1836"}],"curies":[{"name":"wp","href":"https:\/\/api.w.org\/{rel}","templated":true}]}}