{"id":1822,"date":"2019-03-22T11:56:05","date_gmt":"2019-03-22T15:56:05","guid":{"rendered":"http:\/\/caissealliance.absoludev.ca\/depot-a-toute-heure\/"},"modified":"2019-06-05T14:27:28","modified_gmt":"2019-06-05T18:27:28","slug":"depot-a-toute-heure","status":"publish","type":"page","link":"https:\/\/www.caissealliance.com\/fr\/entreprises\/services\/comptes\/depot-a-toute-heure\/","title":{"rendered":"D\u00e9p\u00f4t \u00e0 toute heure"},"content":{"rendered":"<h1>D\u00e9p\u00f4t \u00e0 toute heure<\/h1>\n<p>Ce service vous permet d\u2019effectuer vos d\u00e9p\u00f4ts commerciaux en dehors des heures d\u2019ouverture de la caisse en toute s\u00e9curit\u00e9.<\/p>\n<h2><strong>Caract\u00e9ristiques<\/strong><\/h2>\n<ul>\n<li data-gc-list-depth=\"1\" data-gc-list-style=\"bullet\">Disponible \u00e0 toute heure du jour et de la nuit.<\/li>\n<li data-gc-list-depth=\"1\" data-gc-list-style=\"bullet\">D\u00e9p\u00f4t effectu\u00e9 au compte le jour m\u00eame ou le jour ouvrable suivant.<\/li>\n<li data-gc-list-depth=\"1\" data-gc-list-style=\"bullet\">Disponible \u00e0 votre caisses et par inter-Caisses.<\/li>\n<\/ul>\n<h2><strong>Conditions<\/strong><\/h2>\n<ul>\n<li data-gc-list-depth=\"1\" data-gc-list-style=\"bullet\">Signature d\u2019une convention d\u2019utilisation avec votre caisse<\/li>\n<\/ul>\n<h2><strong>Fonctionnement<\/strong><\/h2>\n<p>Les d\u00e9p\u00f4ts doivent \u00eatre pr\u00e9par\u00e9s par l\u2019entreprise. Le <a href=\"https:\/\/www.caissealliance.com\/fr\/entreprises\/services\/comptes\/bordereau-de-depot-commercial-electronique\/\" target=\"_blank\" rel=\"noopener noreferrer\" data-gc-link=\"https:\/\/www.caissealliance.com\/fr\/entreprises\/nos-solutions\/operation-courantes-et-gestion-de-tresorerie\/services-lies-aux-comptes\/bordereau-de-depot-commercial-electronique\/\">bordereau de d\u00e9p\u00f4t<\/a> doit \u00eatre rempli et d\u00e9pos\u00e9 dans une enveloppe jetable ou un sac de toile avec le contenu du d\u00e9p\u00f4t. La caisse d\u00e9nombre le contenu et effectue le d\u00e9p\u00f4t au compte.<\/p>\n<p>&nbsp;<\/p>\n","protected":false},"excerpt":{"rendered":"<p>Ce service vous permet d\u2019effectuer vos d\u00e9p\u00f4ts commerciaux en dehors des heures d\u2019ouverture de la caisse en toute s\u00e9curit\u00e9. Disponible \u00e0 toute heure du jour et de la nuit. D\u00e9p\u00f4t effectu\u00e9 au compte le jour m\u00eame ou le jour ouvrable suivant. Disponible \u00e0 votre caisses et par inter-Caisses. Signature d\u2019une convention d\u2019utilisation avec votre caisse [&#8230;]<\/p>\n","protected":false},"author":1,"featured_media":0,"parent":1806,"menu_order":2,"comment_status":"closed","ping_status":"closed","template":"","meta":{"_acf_changed":false,"_monsterinsights_skip_tracking":false,"_monsterinsights_sitenote_active":false,"_monsterinsights_sitenote_note":"","_monsterinsights_sitenote_category":0,"footnotes":""},"class_list":["post-1822","page","type-page","status-publish","hentry","section-services-entreprise"],"acf":[],"yoast_head":"<!-- This site is optimized with the Yoast SEO plugin v27.4 - https:\/\/yoast.com\/product\/yoast-seo-wordpress\/ -->\n<title>D\u00e9p\u00f4t \u00e0 toute heure | Caisse Alliance<\/title>\n<meta name=\"robots\" content=\"index, follow, max-snippet:-1, max-image-preview:large, max-video-preview:-1\" \/>\n<link rel=\"canonical\" href=\"https:\/\/www.caissealliance.com\/fr\/entreprises\/services\/comptes\/depot-a-toute-heure\/\" \/>\n<meta property=\"og:locale\" content=\"fr_FR\" \/>\n<meta property=\"og:type\" content=\"article\" \/>\n<meta property=\"og:title\" content=\"D\u00e9p\u00f4t \u00e0 toute heure | Caisse Alliance\" \/>\n<meta property=\"og:description\" content=\"Ce service vous permet d\u2019effectuer vos d\u00e9p\u00f4ts commerciaux en dehors des heures d\u2019ouverture de la caisse en toute s\u00e9curit\u00e9. Disponible \u00e0 toute heure du jour et de la nuit. D\u00e9p\u00f4t effectu\u00e9 au compte le jour m\u00eame ou le jour ouvrable suivant. Disponible \u00e0 votre caisses et par inter-Caisses. Signature d\u2019une convention d\u2019utilisation avec votre caisse [...]\" \/>\n<meta property=\"og:url\" content=\"https:\/\/www.caissealliance.com\/fr\/entreprises\/services\/comptes\/depot-a-toute-heure\/\" \/>\n<meta property=\"og:site_name\" content=\"Caisse Alliance\" \/>\n<meta property=\"article:modified_time\" content=\"2019-06-05T18:27:28+00:00\" \/>\n<meta name=\"twitter:card\" content=\"summary_large_image\" \/>\n<meta name=\"twitter:label1\" content=\"Dur\u00e9e de lecture estim\u00e9e\" \/>\n\t<meta name=\"twitter:data1\" content=\"1 minute\" \/>\n<script type=\"application\/ld+json\" class=\"yoast-schema-graph\">{\"@context\":\"https:\\\/\\\/schema.org\",\"@graph\":[{\"@type\":\"WebPage\",\"@id\":\"https:\\\/\\\/www.caissealliance.com\\\/fr\\\/entreprises\\\/services\\\/comptes\\\/depot-a-toute-heure\\\/\",\"url\":\"https:\\\/\\\/www.caissealliance.com\\\/fr\\\/entreprises\\\/services\\\/comptes\\\/depot-a-toute-heure\\\/\",\"name\":\"D\u00e9p\u00f4t \u00e0 toute heure | Caisse Alliance\",\"isPartOf\":{\"@id\":\"https:\\\/\\\/www.caissealliance.com\\\/fr\\\/#website\"},\"datePublished\":\"2019-03-22T15:56:05+00:00\",\"dateModified\":\"2019-06-05T18:27:28+00:00\",\"breadcrumb\":{\"@id\":\"https:\\\/\\\/www.caissealliance.com\\\/fr\\\/entreprises\\\/services\\\/comptes\\\/depot-a-toute-heure\\\/#breadcrumb\"},\"inLanguage\":\"fr-FR\",\"potentialAction\":[{\"@type\":\"ReadAction\",\"target\":[\"https:\\\/\\\/www.caissealliance.com\\\/fr\\\/entreprises\\\/services\\\/comptes\\\/depot-a-toute-heure\\\/\"]}]},{\"@type\":\"BreadcrumbList\",\"@id\":\"https:\\\/\\\/www.caissealliance.com\\\/fr\\\/entreprises\\\/services\\\/comptes\\\/depot-a-toute-heure\\\/#breadcrumb\",\"itemListElement\":[{\"@type\":\"ListItem\",\"position\":1,\"name\":\"Home\",\"item\":\"https:\\\/\\\/www.caissealliance.com\\\/fr\\\/\"},{\"@type\":\"ListItem\",\"position\":2,\"name\":\"Entreprises\",\"item\":\"https:\\\/\\\/www.caissealliance.com\\\/fr\\\/entreprises\\\/\"},{\"@type\":\"ListItem\",\"position\":3,\"name\":\"Services\",\"item\":\"https:\\\/\\\/www.caissealliance.com\\\/fr\\\/entreprises\\\/services\\\/\"},{\"@type\":\"ListItem\",\"position\":4,\"name\":\"Comptes\",\"item\":\"https:\\\/\\\/www.caissealliance.com\\\/fr\\\/entreprises\\\/services\\\/comptes\\\/\"},{\"@type\":\"ListItem\",\"position\":5,\"name\":\"D\u00e9p\u00f4t \u00e0 toute heure\"}]},{\"@type\":\"WebSite\",\"@id\":\"https:\\\/\\\/www.caissealliance.com\\\/fr\\\/#website\",\"url\":\"https:\\\/\\\/www.caissealliance.com\\\/fr\\\/\",\"name\":\"Caisse Alliance\",\"description\":\"Site Web de la Caisse Alliance\",\"potentialAction\":[{\"@type\":\"SearchAction\",\"target\":{\"@type\":\"EntryPoint\",\"urlTemplate\":\"https:\\\/\\\/www.caissealliance.com\\\/fr\\\/?s={search_term_string}\"},\"query-input\":{\"@type\":\"PropertyValueSpecification\",\"valueRequired\":true,\"valueName\":\"search_term_string\"}}],\"inLanguage\":\"fr-FR\"}]}<\/script>\n<!-- \/ Yoast SEO plugin. -->","yoast_head_json":{"title":"D\u00e9p\u00f4t \u00e0 toute heure | Caisse Alliance","robots":{"index":"index","follow":"follow","max-snippet":"max-snippet:-1","max-image-preview":"max-image-preview:large","max-video-preview":"max-video-preview:-1"},"canonical":"https:\/\/www.caissealliance.com\/fr\/entreprises\/services\/comptes\/depot-a-toute-heure\/","og_locale":"fr_FR","og_type":"article","og_title":"D\u00e9p\u00f4t \u00e0 toute heure | Caisse Alliance","og_description":"Ce service vous permet d\u2019effectuer vos d\u00e9p\u00f4ts commerciaux en dehors des heures d\u2019ouverture de la caisse en toute s\u00e9curit\u00e9. Disponible \u00e0 toute heure du jour et de la nuit. D\u00e9p\u00f4t effectu\u00e9 au compte le jour m\u00eame ou le jour ouvrable suivant. Disponible \u00e0 votre caisses et par inter-Caisses. Signature d\u2019une convention d\u2019utilisation avec votre caisse [...]","og_url":"https:\/\/www.caissealliance.com\/fr\/entreprises\/services\/comptes\/depot-a-toute-heure\/","og_site_name":"Caisse Alliance","article_modified_time":"2019-06-05T18:27:28+00:00","twitter_card":"summary_large_image","twitter_misc":{"Dur\u00e9e de lecture estim\u00e9e":"1 minute"},"schema":{"@context":"https:\/\/schema.org","@graph":[{"@type":"WebPage","@id":"https:\/\/www.caissealliance.com\/fr\/entreprises\/services\/comptes\/depot-a-toute-heure\/","url":"https:\/\/www.caissealliance.com\/fr\/entreprises\/services\/comptes\/depot-a-toute-heure\/","name":"D\u00e9p\u00f4t \u00e0 toute heure | Caisse Alliance","isPartOf":{"@id":"https:\/\/www.caissealliance.com\/fr\/#website"},"datePublished":"2019-03-22T15:56:05+00:00","dateModified":"2019-06-05T18:27:28+00:00","breadcrumb":{"@id":"https:\/\/www.caissealliance.com\/fr\/entreprises\/services\/comptes\/depot-a-toute-heure\/#breadcrumb"},"inLanguage":"fr-FR","potentialAction":[{"@type":"ReadAction","target":["https:\/\/www.caissealliance.com\/fr\/entreprises\/services\/comptes\/depot-a-toute-heure\/"]}]},{"@type":"BreadcrumbList","@id":"https:\/\/www.caissealliance.com\/fr\/entreprises\/services\/comptes\/depot-a-toute-heure\/#breadcrumb","itemListElement":[{"@type":"ListItem","position":1,"name":"Home","item":"https:\/\/www.caissealliance.com\/fr\/"},{"@type":"ListItem","position":2,"name":"Entreprises","item":"https:\/\/www.caissealliance.com\/fr\/entreprises\/"},{"@type":"ListItem","position":3,"name":"Services","item":"https:\/\/www.caissealliance.com\/fr\/entreprises\/services\/"},{"@type":"ListItem","position":4,"name":"Comptes","item":"https:\/\/www.caissealliance.com\/fr\/entreprises\/services\/comptes\/"},{"@type":"ListItem","position":5,"name":"D\u00e9p\u00f4t \u00e0 toute heure"}]},{"@type":"WebSite","@id":"https:\/\/www.caissealliance.com\/fr\/#website","url":"https:\/\/www.caissealliance.com\/fr\/","name":"Caisse Alliance","description":"Site Web de la Caisse Alliance","potentialAction":[{"@type":"SearchAction","target":{"@type":"EntryPoint","urlTemplate":"https:\/\/www.caissealliance.com\/fr\/?s={search_term_string}"},"query-input":{"@type":"PropertyValueSpecification","valueRequired":true,"valueName":"search_term_string"}}],"inLanguage":"fr-FR"}]}},"publishpress_future_action":{"enabled":false,"date":"2026-05-06 15:33:18","action":"change-status","newStatus":"draft","terms":[],"taxonomy":"section","extraData":[]},"publishpress_future_workflow_manual_trigger":{"enabledWorkflows":[]},"_links":{"self":[{"href":"https:\/\/www.caissealliance.com\/fr\/wp-json\/wp\/v2\/pages\/1822","targetHints":{"allow":["GET"]}}],"collection":[{"href":"https:\/\/www.caissealliance.com\/fr\/wp-json\/wp\/v2\/pages"}],"about":[{"href":"https:\/\/www.caissealliance.com\/fr\/wp-json\/wp\/v2\/types\/page"}],"author":[{"embeddable":true,"href":"https:\/\/www.caissealliance.com\/fr\/wp-json\/wp\/v2\/users\/1"}],"replies":[{"embeddable":true,"href":"https:\/\/www.caissealliance.com\/fr\/wp-json\/wp\/v2\/comments?post=1822"}],"version-history":[{"count":4,"href":"https:\/\/www.caissealliance.com\/fr\/wp-json\/wp\/v2\/pages\/1822\/revisions"}],"predecessor-version":[{"id":7372,"href":"https:\/\/www.caissealliance.com\/fr\/wp-json\/wp\/v2\/pages\/1822\/revisions\/7372"}],"up":[{"embeddable":true,"href":"https:\/\/www.caissealliance.com\/fr\/wp-json\/wp\/v2\/pages\/1806"}],"wp:attachment":[{"href":"https:\/\/www.caissealliance.com\/fr\/wp-json\/wp\/v2\/media?parent=1822"}],"curies":[{"name":"wp","href":"https:\/\/api.w.org\/{rel}","templated":true}]}}