{"id":1821,"date":"2019-03-22T11:56:04","date_gmt":"2019-03-22T15:56:04","guid":{"rendered":"http:\/\/caissealliance.absoludev.ca\/carte-dacces-affaires\/"},"modified":"2023-05-24T15:39:08","modified_gmt":"2023-05-24T19:39:08","slug":"carte-debit-affaires","status":"publish","type":"page","link":"https:\/\/www.caissealliance.com\/fr\/entreprises\/services\/comptes\/carte-debit-affaires\/","title":{"rendered":"Carte de d\u00e9bit Affaires"},"content":{"rendered":"<h1>Carte de d\u00e9bit Affaires<\/h1>\n<h2>Fonctionnalit\u00e9 p<strong>aiements sans contact par D\u00e9bit <em>Interac<sup>MD<\/sup><\/em><\/strong><\/h2>\n<p>Si elle est dot\u00e9e de la fonctionnalit\u00e9 Paiements sans contact par D\u00e9bit <em>Interac<sup>MD<\/sup><\/em>, votre Carte de d\u00e9bit Affaires vous permet de r\u00e9gler vos achats de 250 $ et moins sans avoir \u00e0 ins\u00e9rer votre carte dans le lecteur ni \u00e0 composer votre NIP.<\/p>\n<p>C\u2019est encore plus simple de faire des transactions rapides et de mani\u00e8re toujours aussi s\u00e9curitaire.<\/p>\n<p><img fetchpriority=\"high\" decoding=\"async\" class=\"alignnone size-full wp-image-7407\" src=\"https:\/\/www.caissealliance.com\/wp-content\/uploads\/Image-E\u0301tape-FR-300x260-1.jpg\" alt=\"\" width=\"300\" height=\"260\" srcset=\"https:\/\/www.caissealliance.com\/wp-content\/uploads\/Image-E\u0301tape-FR-300x260-1.jpg 300w, https:\/\/www.caissealliance.com\/wp-content\/uploads\/Image-E\u0301tape-FR-300x260-1-250x217.jpg 250w\" sizes=\"(max-width: 300px) 100vw, 300px\" \/><\/p>\n<p>Voil\u00e0! Une fois ces \u00e9tapes franchies, votre achat est r\u00e9gl\u00e9 et votre compte est automatiquement d\u00e9bit\u00e9.<\/p>\n<h2>S\u00e9curit\u00e9 et confidentialit\u00e9<\/h2>\n<h3>Vous \u00eates prot\u00e9g\u00e9!<\/h3>\n<p>La protection de votre s\u00e9curit\u00e9 et de votre confidentialit\u00e9 est primordiale. C\u2019est pourquoi plusieurs fonctions de s\u00e9curit\u00e9, comme la puce \u00e9lectronique et les limites permises, s\u00e9curisent les transactions faites \u00e0 l\u2019aide de la carte. La politique Responsabilit\u00e9 z\u00e9ro vous prot\u00e8ge \u00e9galement contre les transactions frauduleuses qui pourraient \u00eatre port\u00e9es \u00e0 votre carte. Elle vous d\u00e9gage de toute responsabilit\u00e9 financi\u00e8re si des d\u00e9penses non autoris\u00e9es sont port\u00e9es \u00e0 votre carte.<\/p>\n<h3>Quelques conseils concernant la s\u00e9curit\u00e9 de votre carte<\/h3>\n<ul>\n<li data-gc-list-depth=\"1\" data-gc-list-style=\"bullet\">Ne pr\u00eatez votre carte \u00e0 personne.<\/li>\n<li data-gc-list-depth=\"1\" data-gc-list-style=\"bullet\">Ne confiez jamais votre NIP \u00e0 quiconque, m\u00eame \u00e0 un employ\u00e9 de caisse, un policier, un ami ou un parent.<\/li>\n<li data-gc-list-depth=\"1\" data-gc-list-style=\"bullet\">Gardez toujours votre carte \u00e0 vue pendant une transaction.<\/li>\n<li data-gc-list-depth=\"1\" data-gc-list-style=\"bullet\">M\u00e9morisez votre NIP, ne l\u2019\u00e9crivez nulle part, surtout pas sur votre carte.<\/li>\n<li data-gc-list-depth=\"1\" data-gc-list-style=\"bullet\">Soyez discret, cachez le clavier avec votre corps ou votre main lorsque vous composez votre NIP.<\/li>\n<li data-gc-list-depth=\"1\" data-gc-list-style=\"bullet\">Refusez de composer votre NIP sur un clavier que vous ne pouvez pas prendre dans vos mains.<\/li>\n<li data-gc-list-depth=\"1\" data-gc-list-style=\"bullet\">Ne composez pas votre NIP une seconde fois sans d\u2019abord v\u00e9rifier l\u2019annulation de la transaction pr\u00e9c\u00e9dente.<\/li>\n<li data-gc-list-depth=\"1\" data-gc-list-style=\"bullet\">\u00c0 la fin de la transaction, r\u00e9cup\u00e9rez votre carte et le relev\u00e9 de transaction.<\/li>\n<\/ul>\n<h3>Tout savoir sur votre carte et paiements sans contact par D\u00e9bit <em>Interac<sup>MD<\/sup><\/em><\/h3>\n<p>Pour toutes les r\u00e9ponses \u00e0 vos questions concernant la fonctionnalit\u00e9 des paiements sans contact par D\u00e9bit <em>Interac<sup>MD<\/sup><\/em>, les limites de transactions, le vol ou la perte de votre carte, consultez notre Foire aux questions:\u00a0<a href=\"https:\/\/www.caissealliance.com\/fr\/faq\/carte-dacces-nip-et-paiements-sans-contact-par-debit-interac\/\" target=\"_blank\" rel=\"noopener noreferrer\" data-gc-link=\"https:\/\/absolu2.gathercontent.com\/item\/8509451\">Carte d\u2019acc\u00e8s, NIP et Paiements sans contact par D\u00e9bit <em>Interac<sup>MD<\/sup><\/em> (FAQ)<\/a><\/p>\n<p><sup>MD<\/sup> Le logo paiements sans contact par D\u00e9bit <em>Interac<sup>MD<\/sup><\/em>\u00a0sont des marques d\u00e9pos\u00e9es d\u2019<em>Interac<\/em> Corp. Utilis\u00e9es sous licence. Le symbole sans contact est une marque d\u00e9pos\u00e9e appartenant \u00e0 EMVCo, LLC et utilis\u00e9e avec sa permission.<\/p>\n","protected":false},"excerpt":{"rendered":"<p>Si elle est dot\u00e9e de la fonctionnalit\u00e9 Paiements sans contact par D\u00e9bit InteracMD, votre Carte de d\u00e9bit Affaires vous permet de r\u00e9gler vos achats de 250 $ et moins sans avoir \u00e0 ins\u00e9rer votre carte dans le lecteur ni \u00e0 composer votre NIP. C\u2019est encore plus simple de faire des transactions rapides et de mani\u00e8re [&#8230;]<\/p>\n","protected":false},"author":1,"featured_media":0,"parent":1806,"menu_order":1,"comment_status":"closed","ping_status":"closed","template":"","meta":{"_acf_changed":false,"_monsterinsights_skip_tracking":false,"_monsterinsights_sitenote_active":false,"_monsterinsights_sitenote_note":"","_monsterinsights_sitenote_category":0,"footnotes":""},"class_list":["post-1821","page","type-page","status-publish","hentry","section-services-entreprise"],"acf":[],"yoast_head":"<!-- This site is optimized with the Yoast SEO plugin v27.4 - https:\/\/yoast.com\/product\/yoast-seo-wordpress\/ -->\n<title>Carte de d\u00e9bit Affaires | Caisse Alliance<\/title>\n<meta name=\"robots\" content=\"index, follow, max-snippet:-1, max-image-preview:large, max-video-preview:-1\" \/>\n<link rel=\"canonical\" href=\"https:\/\/www.caissealliance.com\/fr\/entreprises\/services\/comptes\/carte-debit-affaires\/\" \/>\n<meta property=\"og:locale\" content=\"fr_FR\" \/>\n<meta property=\"og:type\" content=\"article\" \/>\n<meta property=\"og:title\" content=\"Carte de d\u00e9bit Affaires | Caisse Alliance\" \/>\n<meta property=\"og:description\" content=\"Si elle est dot\u00e9e de la fonctionnalit\u00e9 Paiements sans contact par D\u00e9bit InteracMD, votre Carte de d\u00e9bit Affaires vous permet de r\u00e9gler vos achats de 250 $ et moins sans avoir \u00e0 ins\u00e9rer votre carte dans le lecteur ni \u00e0 composer votre NIP. C\u2019est encore plus simple de faire des transactions rapides et de mani\u00e8re [...]\" \/>\n<meta property=\"og:url\" content=\"https:\/\/www.caissealliance.com\/fr\/entreprises\/services\/comptes\/carte-debit-affaires\/\" \/>\n<meta property=\"og:site_name\" content=\"Caisse Alliance\" \/>\n<meta property=\"article:modified_time\" content=\"2023-05-24T19:39:08+00:00\" \/>\n<meta name=\"twitter:card\" content=\"summary_large_image\" \/>\n<meta name=\"twitter:label1\" content=\"Dur\u00e9e de lecture estim\u00e9e\" \/>\n\t<meta name=\"twitter:data1\" content=\"3 minutes\" \/>\n<script type=\"application\/ld+json\" class=\"yoast-schema-graph\">{\"@context\":\"https:\\\/\\\/schema.org\",\"@graph\":[{\"@type\":\"WebPage\",\"@id\":\"https:\\\/\\\/www.caissealliance.com\\\/fr\\\/entreprises\\\/services\\\/comptes\\\/carte-debit-affaires\\\/\",\"url\":\"https:\\\/\\\/www.caissealliance.com\\\/fr\\\/entreprises\\\/services\\\/comptes\\\/carte-debit-affaires\\\/\",\"name\":\"Carte de d\u00e9bit Affaires | Caisse Alliance\",\"isPartOf\":{\"@id\":\"https:\\\/\\\/www.caissealliance.com\\\/fr\\\/#website\"},\"datePublished\":\"2019-03-22T15:56:04+00:00\",\"dateModified\":\"2023-05-24T19:39:08+00:00\",\"breadcrumb\":{\"@id\":\"https:\\\/\\\/www.caissealliance.com\\\/fr\\\/entreprises\\\/services\\\/comptes\\\/carte-debit-affaires\\\/#breadcrumb\"},\"inLanguage\":\"fr-FR\",\"potentialAction\":[{\"@type\":\"ReadAction\",\"target\":[\"https:\\\/\\\/www.caissealliance.com\\\/fr\\\/entreprises\\\/services\\\/comptes\\\/carte-debit-affaires\\\/\"]}]},{\"@type\":\"BreadcrumbList\",\"@id\":\"https:\\\/\\\/www.caissealliance.com\\\/fr\\\/entreprises\\\/services\\\/comptes\\\/carte-debit-affaires\\\/#breadcrumb\",\"itemListElement\":[{\"@type\":\"ListItem\",\"position\":1,\"name\":\"Home\",\"item\":\"https:\\\/\\\/www.caissealliance.com\\\/fr\\\/\"},{\"@type\":\"ListItem\",\"position\":2,\"name\":\"Entreprises\",\"item\":\"https:\\\/\\\/www.caissealliance.com\\\/fr\\\/entreprises\\\/\"},{\"@type\":\"ListItem\",\"position\":3,\"name\":\"Services\",\"item\":\"https:\\\/\\\/www.caissealliance.com\\\/fr\\\/entreprises\\\/services\\\/\"},{\"@type\":\"ListItem\",\"position\":4,\"name\":\"Comptes\",\"item\":\"https:\\\/\\\/www.caissealliance.com\\\/fr\\\/entreprises\\\/services\\\/comptes\\\/\"},{\"@type\":\"ListItem\",\"position\":5,\"name\":\"Carte de d\u00e9bit Affaires\"}]},{\"@type\":\"WebSite\",\"@id\":\"https:\\\/\\\/www.caissealliance.com\\\/fr\\\/#website\",\"url\":\"https:\\\/\\\/www.caissealliance.com\\\/fr\\\/\",\"name\":\"Caisse Alliance\",\"description\":\"Site Web de la Caisse Alliance\",\"potentialAction\":[{\"@type\":\"SearchAction\",\"target\":{\"@type\":\"EntryPoint\",\"urlTemplate\":\"https:\\\/\\\/www.caissealliance.com\\\/fr\\\/?s={search_term_string}\"},\"query-input\":{\"@type\":\"PropertyValueSpecification\",\"valueRequired\":true,\"valueName\":\"search_term_string\"}}],\"inLanguage\":\"fr-FR\"}]}<\/script>\n<!-- \/ Yoast SEO plugin. -->","yoast_head_json":{"title":"Carte de d\u00e9bit Affaires | Caisse Alliance","robots":{"index":"index","follow":"follow","max-snippet":"max-snippet:-1","max-image-preview":"max-image-preview:large","max-video-preview":"max-video-preview:-1"},"canonical":"https:\/\/www.caissealliance.com\/fr\/entreprises\/services\/comptes\/carte-debit-affaires\/","og_locale":"fr_FR","og_type":"article","og_title":"Carte de d\u00e9bit Affaires | Caisse Alliance","og_description":"Si elle est dot\u00e9e de la fonctionnalit\u00e9 Paiements sans contact par D\u00e9bit InteracMD, votre Carte de d\u00e9bit Affaires vous permet de r\u00e9gler vos achats de 250 $ et moins sans avoir \u00e0 ins\u00e9rer votre carte dans le lecteur ni \u00e0 composer votre NIP. C\u2019est encore plus simple de faire des transactions rapides et de mani\u00e8re [...]","og_url":"https:\/\/www.caissealliance.com\/fr\/entreprises\/services\/comptes\/carte-debit-affaires\/","og_site_name":"Caisse Alliance","article_modified_time":"2023-05-24T19:39:08+00:00","twitter_card":"summary_large_image","twitter_misc":{"Dur\u00e9e de lecture estim\u00e9e":"3 minutes"},"schema":{"@context":"https:\/\/schema.org","@graph":[{"@type":"WebPage","@id":"https:\/\/www.caissealliance.com\/fr\/entreprises\/services\/comptes\/carte-debit-affaires\/","url":"https:\/\/www.caissealliance.com\/fr\/entreprises\/services\/comptes\/carte-debit-affaires\/","name":"Carte de d\u00e9bit Affaires | Caisse Alliance","isPartOf":{"@id":"https:\/\/www.caissealliance.com\/fr\/#website"},"datePublished":"2019-03-22T15:56:04+00:00","dateModified":"2023-05-24T19:39:08+00:00","breadcrumb":{"@id":"https:\/\/www.caissealliance.com\/fr\/entreprises\/services\/comptes\/carte-debit-affaires\/#breadcrumb"},"inLanguage":"fr-FR","potentialAction":[{"@type":"ReadAction","target":["https:\/\/www.caissealliance.com\/fr\/entreprises\/services\/comptes\/carte-debit-affaires\/"]}]},{"@type":"BreadcrumbList","@id":"https:\/\/www.caissealliance.com\/fr\/entreprises\/services\/comptes\/carte-debit-affaires\/#breadcrumb","itemListElement":[{"@type":"ListItem","position":1,"name":"Home","item":"https:\/\/www.caissealliance.com\/fr\/"},{"@type":"ListItem","position":2,"name":"Entreprises","item":"https:\/\/www.caissealliance.com\/fr\/entreprises\/"},{"@type":"ListItem","position":3,"name":"Services","item":"https:\/\/www.caissealliance.com\/fr\/entreprises\/services\/"},{"@type":"ListItem","position":4,"name":"Comptes","item":"https:\/\/www.caissealliance.com\/fr\/entreprises\/services\/comptes\/"},{"@type":"ListItem","position":5,"name":"Carte de d\u00e9bit Affaires"}]},{"@type":"WebSite","@id":"https:\/\/www.caissealliance.com\/fr\/#website","url":"https:\/\/www.caissealliance.com\/fr\/","name":"Caisse Alliance","description":"Site Web de la Caisse Alliance","potentialAction":[{"@type":"SearchAction","target":{"@type":"EntryPoint","urlTemplate":"https:\/\/www.caissealliance.com\/fr\/?s={search_term_string}"},"query-input":{"@type":"PropertyValueSpecification","valueRequired":true,"valueName":"search_term_string"}}],"inLanguage":"fr-FR"}]}},"publishpress_future_action":{"enabled":false,"date":"2026-05-06 15:36:46","action":"change-status","newStatus":"draft","terms":[],"taxonomy":"section","extraData":[]},"publishpress_future_workflow_manual_trigger":{"enabledWorkflows":[]},"_links":{"self":[{"href":"https:\/\/www.caissealliance.com\/fr\/wp-json\/wp\/v2\/pages\/1821","targetHints":{"allow":["GET"]}}],"collection":[{"href":"https:\/\/www.caissealliance.com\/fr\/wp-json\/wp\/v2\/pages"}],"about":[{"href":"https:\/\/www.caissealliance.com\/fr\/wp-json\/wp\/v2\/types\/page"}],"author":[{"embeddable":true,"href":"https:\/\/www.caissealliance.com\/fr\/wp-json\/wp\/v2\/users\/1"}],"replies":[{"embeddable":true,"href":"https:\/\/www.caissealliance.com\/fr\/wp-json\/wp\/v2\/comments?post=1821"}],"version-history":[{"count":11,"href":"https:\/\/www.caissealliance.com\/fr\/wp-json\/wp\/v2\/pages\/1821\/revisions"}],"predecessor-version":[{"id":19854,"href":"https:\/\/www.caissealliance.com\/fr\/wp-json\/wp\/v2\/pages\/1821\/revisions\/19854"}],"up":[{"embeddable":true,"href":"https:\/\/www.caissealliance.com\/fr\/wp-json\/wp\/v2\/pages\/1806"}],"wp:attachment":[{"href":"https:\/\/www.caissealliance.com\/fr\/wp-json\/wp\/v2\/media?parent=1821"}],"curies":[{"name":"wp","href":"https:\/\/api.w.org\/{rel}","templated":true}]}}