{"id":1812,"date":"2019-03-22T11:38:04","date_gmt":"2019-03-22T15:38:04","guid":{"rendered":"http:\/\/caissealliance.absoludev.ca\/?page_id=1812"},"modified":"2026-02-09T10:32:38","modified_gmt":"2026-02-09T15:32:38","slug":"solutions-pour-marchands","status":"publish","type":"page","link":"https:\/\/www.caissealliance.com\/fr\/entreprises\/services\/solutions-pour-marchands\/","title":{"rendered":"Solutions pour marchands"},"content":{"rendered":"<h1>Acceptez les paiements avec Clover<\/h1>\n<p>Clover simplifie la vie des propri\u00e9taires de petites entreprises gr\u00e2ce \u00e0 sa solution tout-en-un de point de vente, adapt\u00e9e aux besoins uniques de chaque entreprise en services commerciaux.<\/p>\n<h3><strong>D\u00e9couvrez Clover<\/strong><\/h3>\n<p>Clover vous aide \u00e0 g\u00e9rer votre entreprise de A \u00e0 Z, de la prise de paiements \u00e0 la gestion des ventes et de l\u2019inventaire.<\/p>\n<ul>\n<li><strong>Acceptez les paiements :<\/strong> Acceptez les cartes de cr\u00e9dit et de d\u00e9bit, les cartes-cadeaux, les portefeuilles mobiles, configurez la facturation r\u00e9currente et envoyez des factures \u00e9lectroniques o\u00f9 que vous soyez.<\/li>\n<li><strong>G\u00e9rez votre entreprise :<\/strong> Personnalisez votre syst\u00e8me avec des solutions logicielles et mat\u00e9rielles sur mesure pour g\u00e9rer chaque aspect de votre activit\u00e9. Suivez les ventes et g\u00e9rez les inventaires pour les commerces de d\u00e9tail et les restaurants, ainsi que les rendez-vous pour les services personnels.<\/li>\n<li><strong>Commerce en ligne :<\/strong> G\u00e9rez vos ventes en personne et en ligne de mani\u00e8re transparente \u00e0 partir d&#8217;un seul syst\u00e8me. Int\u00e9grez Clover \u00e0 votre site Web existant ou cr\u00e9ez-en un nouveau en quelques minutes.<\/li>\n<li><strong>G\u00e9rez le personnel :<\/strong> Suivez les feuilles de temps, g\u00e9rez la paie et travaillez plus efficacement gr\u00e2ce aux outils de gestion du personnel.<\/li>\n<\/ul>\n<p>&nbsp;<\/p>\n<h3><strong>Commencez d\u00e8s aujourd&#8217;hui<\/strong><\/h3>\n<p>Rejoignez plus de 100 000 entreprises canadiennes qui font confiance \u00e0 Clover. Discutez avec un sp\u00e9cialiste Clover <a href=\"https:\/\/ca.clover.com\/en\/partners\/caisse-alliance\/\">d\u00e8s aujourd&#8217;hui<\/a>.<\/p>\n<p>&nbsp;<\/p>\n<p><img fetchpriority=\"high\" decoding=\"async\" class=\"alignnone wp-image-35638 size-full\" src=\"https:\/\/www.caissealliance.com\/wp-content\/uploads\/Clover-Banner-Phone-1.webp\" alt=\"\" width=\"1200\" height=\"600\" srcset=\"https:\/\/www.caissealliance.com\/wp-content\/uploads\/Clover-Banner-Phone-1.webp 1200w, https:\/\/www.caissealliance.com\/wp-content\/uploads\/Clover-Banner-Phone-1-300x150.webp 300w, https:\/\/www.caissealliance.com\/wp-content\/uploads\/Clover-Banner-Phone-1-1024x512.webp 1024w, https:\/\/www.caissealliance.com\/wp-content\/uploads\/Clover-Banner-Phone-1-768x384.webp 768w, https:\/\/www.caissealliance.com\/wp-content\/uploads\/Clover-Banner-Phone-1-250x125.webp 250w, https:\/\/www.caissealliance.com\/wp-content\/uploads\/Clover-Banner-Phone-1-600x300.webp 600w\" sizes=\"(max-width: 1200px) 100vw, 1200px\" \/><\/p>\n","protected":false},"excerpt":{"rendered":"<p>Clover simplifie la vie des propri\u00e9taires de petites entreprises gr\u00e2ce \u00e0 sa solution tout-en-un de point de vente, adapt\u00e9e aux besoins uniques de chaque entreprise en services commerciaux. Clover vous aide \u00e0 g\u00e9rer votre entreprise de A \u00e0 Z, de la prise de paiements \u00e0 la gestion des ventes et de l\u2019inventaire. Acceptez les paiements [&#8230;]<\/p>\n","protected":false},"author":1,"featured_media":35639,"parent":1716,"menu_order":6,"comment_status":"closed","ping_status":"closed","template":"","meta":{"_acf_changed":false,"_monsterinsights_skip_tracking":false,"_monsterinsights_sitenote_active":false,"_monsterinsights_sitenote_note":"","_monsterinsights_sitenote_category":0,"footnotes":""},"class_list":["post-1812","page","type-page","status-publish","has-post-thumbnail","hentry","section-services-entreprise"],"acf":[],"yoast_head":"<!-- This site is optimized with the Yoast SEO plugin v27.3 - https:\/\/yoast.com\/product\/yoast-seo-wordpress\/ -->\n<title>Solutions pour marchands | Caisse Alliance<\/title>\n<meta name=\"robots\" content=\"index, follow, max-snippet:-1, max-image-preview:large, max-video-preview:-1\" \/>\n<link rel=\"canonical\" href=\"https:\/\/www.caissealliance.com\/fr\/entreprises\/services\/solutions-pour-marchands\/\" \/>\n<meta property=\"og:locale\" content=\"fr_FR\" \/>\n<meta property=\"og:type\" content=\"article\" \/>\n<meta property=\"og:title\" content=\"Solutions pour marchands | Caisse Alliance\" \/>\n<meta property=\"og:description\" content=\"Clover simplifie la vie des propri\u00e9taires de petites entreprises gr\u00e2ce \u00e0 sa solution tout-en-un de point de vente, adapt\u00e9e aux besoins uniques de chaque entreprise en services commerciaux. Clover vous aide \u00e0 g\u00e9rer votre entreprise de A \u00e0 Z, de la prise de paiements \u00e0 la gestion des ventes et de l\u2019inventaire. Acceptez les paiements [...]\" \/>\n<meta property=\"og:url\" content=\"https:\/\/www.caissealliance.com\/fr\/entreprises\/services\/solutions-pour-marchands\/\" \/>\n<meta property=\"og:site_name\" content=\"Caisse Alliance\" \/>\n<meta property=\"article:modified_time\" content=\"2026-02-09T15:32:38+00:00\" \/>\n<meta property=\"og:image\" content=\"https:\/\/www.caissealliance.com\/wp-content\/uploads\/Clover-Thumbnail-Card-1.webp\" \/>\n\t<meta property=\"og:image:width\" content=\"1200\" \/>\n\t<meta property=\"og:image:height\" content=\"675\" \/>\n\t<meta property=\"og:image:type\" content=\"image\/webp\" \/>\n<meta name=\"twitter:card\" content=\"summary_large_image\" \/>\n<meta name=\"twitter:label1\" content=\"Dur\u00e9e de lecture estim\u00e9e\" \/>\n\t<meta name=\"twitter:data1\" content=\"2 minutes\" \/>\n<script type=\"application\/ld+json\" class=\"yoast-schema-graph\">{\"@context\":\"https:\\\/\\\/schema.org\",\"@graph\":[{\"@type\":\"WebPage\",\"@id\":\"https:\\\/\\\/www.caissealliance.com\\\/fr\\\/entreprises\\\/services\\\/solutions-pour-marchands\\\/\",\"url\":\"https:\\\/\\\/www.caissealliance.com\\\/fr\\\/entreprises\\\/services\\\/solutions-pour-marchands\\\/\",\"name\":\"Solutions pour marchands | Caisse Alliance\",\"isPartOf\":{\"@id\":\"https:\\\/\\\/www.caissealliance.com\\\/fr\\\/#website\"},\"primaryImageOfPage\":{\"@id\":\"https:\\\/\\\/www.caissealliance.com\\\/fr\\\/entreprises\\\/services\\\/solutions-pour-marchands\\\/#primaryimage\"},\"image\":{\"@id\":\"https:\\\/\\\/www.caissealliance.com\\\/fr\\\/entreprises\\\/services\\\/solutions-pour-marchands\\\/#primaryimage\"},\"thumbnailUrl\":\"https:\\\/\\\/www.caissealliance.com\\\/wp-content\\\/uploads\\\/Clover-Thumbnail-Card-1.webp\",\"datePublished\":\"2019-03-22T15:38:04+00:00\",\"dateModified\":\"2026-02-09T15:32:38+00:00\",\"breadcrumb\":{\"@id\":\"https:\\\/\\\/www.caissealliance.com\\\/fr\\\/entreprises\\\/services\\\/solutions-pour-marchands\\\/#breadcrumb\"},\"inLanguage\":\"fr-FR\",\"potentialAction\":[{\"@type\":\"ReadAction\",\"target\":[\"https:\\\/\\\/www.caissealliance.com\\\/fr\\\/entreprises\\\/services\\\/solutions-pour-marchands\\\/\"]}]},{\"@type\":\"ImageObject\",\"inLanguage\":\"fr-FR\",\"@id\":\"https:\\\/\\\/www.caissealliance.com\\\/fr\\\/entreprises\\\/services\\\/solutions-pour-marchands\\\/#primaryimage\",\"url\":\"https:\\\/\\\/www.caissealliance.com\\\/wp-content\\\/uploads\\\/Clover-Thumbnail-Card-1.webp\",\"contentUrl\":\"https:\\\/\\\/www.caissealliance.com\\\/wp-content\\\/uploads\\\/Clover-Thumbnail-Card-1.webp\",\"width\":1200,\"height\":675},{\"@type\":\"BreadcrumbList\",\"@id\":\"https:\\\/\\\/www.caissealliance.com\\\/fr\\\/entreprises\\\/services\\\/solutions-pour-marchands\\\/#breadcrumb\",\"itemListElement\":[{\"@type\":\"ListItem\",\"position\":1,\"name\":\"Home\",\"item\":\"https:\\\/\\\/www.caissealliance.com\\\/fr\\\/\"},{\"@type\":\"ListItem\",\"position\":2,\"name\":\"Entreprises\",\"item\":\"https:\\\/\\\/www.caissealliance.com\\\/fr\\\/entreprises\\\/\"},{\"@type\":\"ListItem\",\"position\":3,\"name\":\"Services\",\"item\":\"https:\\\/\\\/www.caissealliance.com\\\/fr\\\/entreprises\\\/services\\\/\"},{\"@type\":\"ListItem\",\"position\":4,\"name\":\"Solutions pour marchands\"}]},{\"@type\":\"WebSite\",\"@id\":\"https:\\\/\\\/www.caissealliance.com\\\/fr\\\/#website\",\"url\":\"https:\\\/\\\/www.caissealliance.com\\\/fr\\\/\",\"name\":\"Caisse Alliance\",\"description\":\"Site Web de la Caisse Alliance\",\"potentialAction\":[{\"@type\":\"SearchAction\",\"target\":{\"@type\":\"EntryPoint\",\"urlTemplate\":\"https:\\\/\\\/www.caissealliance.com\\\/fr\\\/?s={search_term_string}\"},\"query-input\":{\"@type\":\"PropertyValueSpecification\",\"valueRequired\":true,\"valueName\":\"search_term_string\"}}],\"inLanguage\":\"fr-FR\"}]}<\/script>\n<!-- \/ Yoast SEO plugin. -->","yoast_head_json":{"title":"Solutions pour marchands | Caisse Alliance","robots":{"index":"index","follow":"follow","max-snippet":"max-snippet:-1","max-image-preview":"max-image-preview:large","max-video-preview":"max-video-preview:-1"},"canonical":"https:\/\/www.caissealliance.com\/fr\/entreprises\/services\/solutions-pour-marchands\/","og_locale":"fr_FR","og_type":"article","og_title":"Solutions pour marchands | Caisse Alliance","og_description":"Clover simplifie la vie des propri\u00e9taires de petites entreprises gr\u00e2ce \u00e0 sa solution tout-en-un de point de vente, adapt\u00e9e aux besoins uniques de chaque entreprise en services commerciaux. Clover vous aide \u00e0 g\u00e9rer votre entreprise de A \u00e0 Z, de la prise de paiements \u00e0 la gestion des ventes et de l\u2019inventaire. Acceptez les paiements [...]","og_url":"https:\/\/www.caissealliance.com\/fr\/entreprises\/services\/solutions-pour-marchands\/","og_site_name":"Caisse Alliance","article_modified_time":"2026-02-09T15:32:38+00:00","og_image":[{"width":1200,"height":675,"url":"https:\/\/www.caissealliance.com\/wp-content\/uploads\/Clover-Thumbnail-Card-1.webp","type":"image\/webp"}],"twitter_card":"summary_large_image","twitter_misc":{"Dur\u00e9e de lecture estim\u00e9e":"2 minutes"},"schema":{"@context":"https:\/\/schema.org","@graph":[{"@type":"WebPage","@id":"https:\/\/www.caissealliance.com\/fr\/entreprises\/services\/solutions-pour-marchands\/","url":"https:\/\/www.caissealliance.com\/fr\/entreprises\/services\/solutions-pour-marchands\/","name":"Solutions pour marchands | Caisse Alliance","isPartOf":{"@id":"https:\/\/www.caissealliance.com\/fr\/#website"},"primaryImageOfPage":{"@id":"https:\/\/www.caissealliance.com\/fr\/entreprises\/services\/solutions-pour-marchands\/#primaryimage"},"image":{"@id":"https:\/\/www.caissealliance.com\/fr\/entreprises\/services\/solutions-pour-marchands\/#primaryimage"},"thumbnailUrl":"https:\/\/www.caissealliance.com\/wp-content\/uploads\/Clover-Thumbnail-Card-1.webp","datePublished":"2019-03-22T15:38:04+00:00","dateModified":"2026-02-09T15:32:38+00:00","breadcrumb":{"@id":"https:\/\/www.caissealliance.com\/fr\/entreprises\/services\/solutions-pour-marchands\/#breadcrumb"},"inLanguage":"fr-FR","potentialAction":[{"@type":"ReadAction","target":["https:\/\/www.caissealliance.com\/fr\/entreprises\/services\/solutions-pour-marchands\/"]}]},{"@type":"ImageObject","inLanguage":"fr-FR","@id":"https:\/\/www.caissealliance.com\/fr\/entreprises\/services\/solutions-pour-marchands\/#primaryimage","url":"https:\/\/www.caissealliance.com\/wp-content\/uploads\/Clover-Thumbnail-Card-1.webp","contentUrl":"https:\/\/www.caissealliance.com\/wp-content\/uploads\/Clover-Thumbnail-Card-1.webp","width":1200,"height":675},{"@type":"BreadcrumbList","@id":"https:\/\/www.caissealliance.com\/fr\/entreprises\/services\/solutions-pour-marchands\/#breadcrumb","itemListElement":[{"@type":"ListItem","position":1,"name":"Home","item":"https:\/\/www.caissealliance.com\/fr\/"},{"@type":"ListItem","position":2,"name":"Entreprises","item":"https:\/\/www.caissealliance.com\/fr\/entreprises\/"},{"@type":"ListItem","position":3,"name":"Services","item":"https:\/\/www.caissealliance.com\/fr\/entreprises\/services\/"},{"@type":"ListItem","position":4,"name":"Solutions pour marchands"}]},{"@type":"WebSite","@id":"https:\/\/www.caissealliance.com\/fr\/#website","url":"https:\/\/www.caissealliance.com\/fr\/","name":"Caisse Alliance","description":"Site Web de la Caisse Alliance","potentialAction":[{"@type":"SearchAction","target":{"@type":"EntryPoint","urlTemplate":"https:\/\/www.caissealliance.com\/fr\/?s={search_term_string}"},"query-input":{"@type":"PropertyValueSpecification","valueRequired":true,"valueName":"search_term_string"}}],"inLanguage":"fr-FR"}]}},"publishpress_future_action":{"enabled":false,"date":"2026-04-24 02:48:29","action":"change-status","newStatus":"draft","terms":[],"taxonomy":"section","extraData":[]},"publishpress_future_workflow_manual_trigger":{"enabledWorkflows":[]},"_links":{"self":[{"href":"https:\/\/www.caissealliance.com\/fr\/wp-json\/wp\/v2\/pages\/1812","targetHints":{"allow":["GET"]}}],"collection":[{"href":"https:\/\/www.caissealliance.com\/fr\/wp-json\/wp\/v2\/pages"}],"about":[{"href":"https:\/\/www.caissealliance.com\/fr\/wp-json\/wp\/v2\/types\/page"}],"author":[{"embeddable":true,"href":"https:\/\/www.caissealliance.com\/fr\/wp-json\/wp\/v2\/users\/1"}],"replies":[{"embeddable":true,"href":"https:\/\/www.caissealliance.com\/fr\/wp-json\/wp\/v2\/comments?post=1812"}],"version-history":[{"count":23,"href":"https:\/\/www.caissealliance.com\/fr\/wp-json\/wp\/v2\/pages\/1812\/revisions"}],"predecessor-version":[{"id":35913,"href":"https:\/\/www.caissealliance.com\/fr\/wp-json\/wp\/v2\/pages\/1812\/revisions\/35913"}],"up":[{"embeddable":true,"href":"https:\/\/www.caissealliance.com\/fr\/wp-json\/wp\/v2\/pages\/1716"}],"wp:featuredmedia":[{"embeddable":true,"href":"https:\/\/www.caissealliance.com\/fr\/wp-json\/wp\/v2\/media\/35639"}],"wp:attachment":[{"href":"https:\/\/www.caissealliance.com\/fr\/wp-json\/wp\/v2\/media?parent=1812"}],"curies":[{"name":"wp","href":"https:\/\/api.w.org\/{rel}","templated":true}]}}