{"id":1787,"date":"2019-03-22T11:31:23","date_gmt":"2019-03-22T15:31:23","guid":{"rendered":"http:\/\/caissealliance.absoludev.ca\/carte-dacces-flash-interac\/"},"modified":"2025-08-21T10:49:56","modified_gmt":"2025-08-21T14:49:56","slug":"carte-de-debit-paiements-sans-contact-par-debit-interacmd","status":"publish","type":"page","link":"https:\/\/www.caissealliance.com\/fr\/services\/depots-retraits-transferts\/carte-de-debit-paiements-sans-contact-par-debit-interacmd\/","title":{"rendered":"Carte de d\u00e9bit &#8211; Paiements sans contact par D\u00e9bit Interac"},"content":{"rendered":"<h1>Carte de d\u00e9bit &#8211; <strong>Paiements sans contact par D\u00e9bit <em>Interac<sup>MD<\/sup><\/em><\/strong><\/h1>\n<h2><\/h2>\n<h2><strong>Fonctionnalit\u00e9 des p<\/strong><strong>aiements sans contact par D\u00e9bit <em>Interac<sup>MD<\/sup><\/em><\/strong><\/h2>\n<p>Si elle est dot\u00e9e de la fonctionnalit\u00e9 des paiements sans contact par D\u00e9bit <em>Interac<sup>MD<\/sup><\/em>, votre Carte de d\u00e9bit vous permet maintenant de r\u00e9gler vos achats de 250 $ et moins sans avoir \u00e0 ins\u00e9rer votre carte ni composer votre NIP.<\/p>\n<ul>\n<li>Pour effectuer des transactions rapides et toujours aussi s\u00e9curitaires :<\/li>\n<li>Rep\u00e9rez le symbole sans contact sur le terminal du commer\u00e7ant.<\/li>\n<li>Tapez votre carte de d\u00e9bit Mastercard sur le lecteur.<\/li>\n<li>Attendez le bip ou la mention Approuv\u00e9&#8221; sur l&#8217;\u00e9cran du terminal.<\/li>\n<\/ul>\n<p>Voil\u00e0! Une fois ces \u00e9tapes franchies, votre achat est r\u00e9gl\u00e9 et votre compte est automatiquement d\u00e9bit\u00e9.<\/p>\n<h2>Payez vos achats avec votre appareil mobile<\/h2>\n<p>Si votre carte est dot\u00e9e de la fonctionnalit\u00e9 paiements sans contact par D\u00e9bit <em>Interac<sup>MD<\/sup><\/em>, vous pouvez configurer votre appareil mobile pour payer vos achats en mode d\u00e9bit avec votre appareil mobile.<\/p>\n<p>Article de blogue sur les services mobiles: <a href=\"https:\/\/www.caissealliance.com\/fr\/services\/gestion-du-patrimoine-2-2\/lapplication-mobile-ou-quand-et-comme-vous-voulez\/\" target=\"_blank\" rel=\"noopener noreferrer\">L&#8217;application mobile : o\u00f9, quand et comme vous voulez<\/a><\/p>\n<h2>S\u00e9curit\u00e9 et confidentialit\u00e9<\/h2>\n<h3>Vous \u00eates prot\u00e9g\u00e9!<\/h3>\n<p>La protection de votre s\u00e9curit\u00e9 et de votre confidentialit\u00e9 est primordiale pour vous. C\u2019est pourquoi plusieurs fonctions de s\u00e9curit\u00e9, comme la puce \u00e9lectronique et les limites permises, s\u00e9curisent les transactions faites \u00e0 l\u2019aide de la carte. La politique Responsabilit\u00e9 z\u00e9ro vous prot\u00e8ge \u00e9galement contre les transactions frauduleuses qui pourraient \u00eatre port\u00e9es \u00e0 votre carte.<\/p>\n<h3>Quelques conseils concernant votre NIP<\/h3>\n<ul>\n<li data-gc-list-depth=\"1\" data-gc-list-style=\"bullet\">Ne pr\u00eatez votre carte \u00e0 personne.<\/li>\n<li data-gc-list-depth=\"1\" data-gc-list-style=\"bullet\">Ne confiez jamais votre NIP \u00e0 quiconque, m\u00eame \u00e0 un employ\u00e9 de caisse, un policier, un ami ou un parent.<\/li>\n<li data-gc-list-depth=\"1\" data-gc-list-style=\"bullet\">Gardez toujours votre carte \u00e0 vue pendant une transaction.<\/li>\n<li data-gc-list-depth=\"1\" data-gc-list-style=\"bullet\">M\u00e9morisez votre NIP, ne l\u2019\u00e9crivez nulle part, surtout pas sur votre carte.<\/li>\n<li data-gc-list-depth=\"1\" data-gc-list-style=\"bullet\">Soyez discret, cachez le clavier avec votre corps ou votre main lorsque vous composez votre NIP.<\/li>\n<li data-gc-list-depth=\"1\" data-gc-list-style=\"bullet\">Refusez de composer votre NIP sur un clavier que vous ne pouvez pas prendre dans vos mains.<\/li>\n<li data-gc-list-depth=\"1\" data-gc-list-style=\"bullet\">Ne composez pas votre NIP une seconde fois sans d\u2019abord v\u00e9rifier l\u2019annulation de la transaction pr\u00e9c\u00e9dente.<\/li>\n<li data-gc-list-depth=\"1\" data-gc-list-style=\"bullet\">\u00c0 la fin de la transaction, r\u00e9cup\u00e9rez votre carte et le relev\u00e9 de transaction.<\/li>\n<\/ul>\n<h2>Tout savoir sur votre carte et les p<strong>aiements sans contact par D\u00e9bit <em>Interac<sup>MD<\/sup><\/em><\/strong><\/h2>\n<p>Pour toutes les r\u00e9ponses \u00e0 vos questions concernant la fonctionnalit\u00e9 des paiements sans contact par D\u00e9bit <em>Interac<sup>MD<\/sup><\/em>, les limites de transactions, le vol ou la perte de votre carte, consultez notre <a href=\"https:\/\/www.caissealliance.com\/fr\/faq\/carte-de-debit-nip-et-paiements-sans-contact-par-debit-interac\/\" target=\"_blank\" rel=\"noopener noreferrer\" data-gc-link=\"https:\/\/www.caissealliance.com\/wp-content\/uploads\/2018\/10\/FAQ-Carte-dacc%C3%A8s-et-Flash-FR-1.pdf\">Foire aux questions<\/a>.<\/p>\n<p>* MD Marque d\u00e9pos\u00e9e d\u2019Interac inc. Utilis\u00e9e sous licence.<br \/>\n** MD Marque d\u00e9pos\u00e9e de NYCE Corporation. Utilis\u00e9e sous licence.<br \/>\n*** Localisateur global de guichets automatiques MasterCard.<\/p>\n<p style=\"text-align: center;\">\n<p>&nbsp;<\/p>\n<h4><img \/> <img \/> <strong>Veuillez\u00a0<a href=\"https:\/\/www.caissealliance.com\/wp-content\/uploads\/debitcardcode-fra.pdf\">cliquer ici<\/a>\u00a0pour le Code de pratique canadien des services de cartes de d\u00e9bit.<\/strong><img \/><\/h4>\n","protected":false},"excerpt":{"rendered":"<p>Si elle est dot\u00e9e de la fonctionnalit\u00e9 des paiements sans contact par D\u00e9bit InteracMD, votre Carte de d\u00e9bit vous permet maintenant de r\u00e9gler vos achats de 250 $ et moins sans avoir \u00e0 ins\u00e9rer votre carte ni composer votre NIP. Pour effectuer des transactions rapides et toujours aussi s\u00e9curitaires : Rep\u00e9rez le symbole sans contact [&#8230;]<\/p>\n","protected":false},"author":1,"featured_media":3636,"parent":1701,"menu_order":1,"comment_status":"closed","ping_status":"closed","template":"","meta":{"_acf_changed":false,"_monsterinsights_skip_tracking":false,"_monsterinsights_sitenote_active":false,"_monsterinsights_sitenote_note":"","_monsterinsights_sitenote_category":0,"footnotes":""},"class_list":["post-1787","page","type-page","status-publish","has-post-thumbnail","hentry","section-services-particulier"],"acf":[],"yoast_head":"<!-- This site is optimized with the Yoast SEO plugin v27.4 - https:\/\/yoast.com\/product\/yoast-seo-wordpress\/ -->\n<title>Carte de d\u00e9bit - Paiements sans contact par D\u00e9bit Interac | Caisse Alliance<\/title>\n<meta name=\"robots\" content=\"index, follow, max-snippet:-1, max-image-preview:large, max-video-preview:-1\" \/>\n<link rel=\"canonical\" href=\"https:\/\/www.caissealliance.com\/fr\/services\/depots-retraits-transferts\/carte-de-debit-paiements-sans-contact-par-debit-interacmd\/\" \/>\n<meta property=\"og:locale\" content=\"fr_FR\" \/>\n<meta property=\"og:type\" content=\"article\" \/>\n<meta property=\"og:title\" content=\"Carte de d\u00e9bit - Paiements sans contact par D\u00e9bit Interac | Caisse Alliance\" \/>\n<meta property=\"og:description\" content=\"Si elle est dot\u00e9e de la fonctionnalit\u00e9 des paiements sans contact par D\u00e9bit InteracMD, votre Carte de d\u00e9bit vous permet maintenant de r\u00e9gler vos achats de 250 $ et moins sans avoir \u00e0 ins\u00e9rer votre carte ni composer votre NIP. Pour effectuer des transactions rapides et toujours aussi s\u00e9curitaires : Rep\u00e9rez le symbole sans contact [...]\" \/>\n<meta property=\"og:url\" content=\"https:\/\/www.caissealliance.com\/fr\/services\/depots-retraits-transferts\/carte-de-debit-paiements-sans-contact-par-debit-interacmd\/\" \/>\n<meta property=\"og:site_name\" content=\"Caisse Alliance\" \/>\n<meta property=\"article:modified_time\" content=\"2025-08-21T14:49:56+00:00\" \/>\n<meta property=\"og:image\" content=\"https:\/\/www.caissealliance.com\/wp-content\/uploads\/general_service.jpg\" \/>\n\t<meta property=\"og:image:width\" content=\"1620\" \/>\n\t<meta property=\"og:image:height\" content=\"792\" \/>\n\t<meta property=\"og:image:type\" content=\"image\/jpeg\" \/>\n<meta name=\"twitter:card\" content=\"summary_large_image\" \/>\n<meta name=\"twitter:label1\" content=\"Dur\u00e9e de lecture estim\u00e9e\" \/>\n\t<meta name=\"twitter:data1\" content=\"3 minutes\" \/>\n<script type=\"application\/ld+json\" class=\"yoast-schema-graph\">{\"@context\":\"https:\\\/\\\/schema.org\",\"@graph\":[{\"@type\":\"WebPage\",\"@id\":\"https:\\\/\\\/www.caissealliance.com\\\/fr\\\/services\\\/depots-retraits-transferts\\\/carte-de-debit-paiements-sans-contact-par-debit-interacmd\\\/\",\"url\":\"https:\\\/\\\/www.caissealliance.com\\\/fr\\\/services\\\/depots-retraits-transferts\\\/carte-de-debit-paiements-sans-contact-par-debit-interacmd\\\/\",\"name\":\"Carte de d\u00e9bit - Paiements sans contact par D\u00e9bit Interac | Caisse Alliance\",\"isPartOf\":{\"@id\":\"https:\\\/\\\/www.caissealliance.com\\\/fr\\\/#website\"},\"primaryImageOfPage\":{\"@id\":\"https:\\\/\\\/www.caissealliance.com\\\/fr\\\/services\\\/depots-retraits-transferts\\\/carte-de-debit-paiements-sans-contact-par-debit-interacmd\\\/#primaryimage\"},\"image\":{\"@id\":\"https:\\\/\\\/www.caissealliance.com\\\/fr\\\/services\\\/depots-retraits-transferts\\\/carte-de-debit-paiements-sans-contact-par-debit-interacmd\\\/#primaryimage\"},\"thumbnailUrl\":\"https:\\\/\\\/www.caissealliance.com\\\/wp-content\\\/uploads\\\/general_service.jpg\",\"datePublished\":\"2019-03-22T15:31:23+00:00\",\"dateModified\":\"2025-08-21T14:49:56+00:00\",\"breadcrumb\":{\"@id\":\"https:\\\/\\\/www.caissealliance.com\\\/fr\\\/services\\\/depots-retraits-transferts\\\/carte-de-debit-paiements-sans-contact-par-debit-interacmd\\\/#breadcrumb\"},\"inLanguage\":\"fr-FR\",\"potentialAction\":[{\"@type\":\"ReadAction\",\"target\":[\"https:\\\/\\\/www.caissealliance.com\\\/fr\\\/services\\\/depots-retraits-transferts\\\/carte-de-debit-paiements-sans-contact-par-debit-interacmd\\\/\"]}]},{\"@type\":\"ImageObject\",\"inLanguage\":\"fr-FR\",\"@id\":\"https:\\\/\\\/www.caissealliance.com\\\/fr\\\/services\\\/depots-retraits-transferts\\\/carte-de-debit-paiements-sans-contact-par-debit-interacmd\\\/#primaryimage\",\"url\":\"https:\\\/\\\/www.caissealliance.com\\\/wp-content\\\/uploads\\\/general_service.jpg\",\"contentUrl\":\"https:\\\/\\\/www.caissealliance.com\\\/wp-content\\\/uploads\\\/general_service.jpg\",\"width\":1620,\"height\":792},{\"@type\":\"BreadcrumbList\",\"@id\":\"https:\\\/\\\/www.caissealliance.com\\\/fr\\\/services\\\/depots-retraits-transferts\\\/carte-de-debit-paiements-sans-contact-par-debit-interacmd\\\/#breadcrumb\",\"itemListElement\":[{\"@type\":\"ListItem\",\"position\":1,\"name\":\"Home\",\"item\":\"https:\\\/\\\/www.caissealliance.com\\\/fr\\\/\"},{\"@type\":\"ListItem\",\"position\":2,\"name\":\"Services\",\"item\":\"https:\\\/\\\/www.caissealliance.com\\\/fr\\\/services\\\/\"},{\"@type\":\"ListItem\",\"position\":3,\"name\":\"D\u00e9p\u00f4ts, retraits et transferts\",\"item\":\"https:\\\/\\\/www.caissealliance.com\\\/fr\\\/services\\\/deposits-withdrawals-and-transfers\\\/\"},{\"@type\":\"ListItem\",\"position\":4,\"name\":\"Carte de d\u00e9bit &#8211; Paiements sans contact par D\u00e9bit Interac\"}]},{\"@type\":\"WebSite\",\"@id\":\"https:\\\/\\\/www.caissealliance.com\\\/fr\\\/#website\",\"url\":\"https:\\\/\\\/www.caissealliance.com\\\/fr\\\/\",\"name\":\"Caisse Alliance\",\"description\":\"Site Web de la Caisse Alliance\",\"potentialAction\":[{\"@type\":\"SearchAction\",\"target\":{\"@type\":\"EntryPoint\",\"urlTemplate\":\"https:\\\/\\\/www.caissealliance.com\\\/fr\\\/?s={search_term_string}\"},\"query-input\":{\"@type\":\"PropertyValueSpecification\",\"valueRequired\":true,\"valueName\":\"search_term_string\"}}],\"inLanguage\":\"fr-FR\"}]}<\/script>\n<!-- \/ Yoast SEO plugin. -->","yoast_head_json":{"title":"Carte de d\u00e9bit - Paiements sans contact par D\u00e9bit Interac | Caisse Alliance","robots":{"index":"index","follow":"follow","max-snippet":"max-snippet:-1","max-image-preview":"max-image-preview:large","max-video-preview":"max-video-preview:-1"},"canonical":"https:\/\/www.caissealliance.com\/fr\/services\/depots-retraits-transferts\/carte-de-debit-paiements-sans-contact-par-debit-interacmd\/","og_locale":"fr_FR","og_type":"article","og_title":"Carte de d\u00e9bit - Paiements sans contact par D\u00e9bit Interac | Caisse Alliance","og_description":"Si elle est dot\u00e9e de la fonctionnalit\u00e9 des paiements sans contact par D\u00e9bit InteracMD, votre Carte de d\u00e9bit vous permet maintenant de r\u00e9gler vos achats de 250 $ et moins sans avoir \u00e0 ins\u00e9rer votre carte ni composer votre NIP. Pour effectuer des transactions rapides et toujours aussi s\u00e9curitaires : Rep\u00e9rez le symbole sans contact [...]","og_url":"https:\/\/www.caissealliance.com\/fr\/services\/depots-retraits-transferts\/carte-de-debit-paiements-sans-contact-par-debit-interacmd\/","og_site_name":"Caisse Alliance","article_modified_time":"2025-08-21T14:49:56+00:00","og_image":[{"width":1620,"height":792,"url":"https:\/\/www.caissealliance.com\/wp-content\/uploads\/general_service.jpg","type":"image\/jpeg"}],"twitter_card":"summary_large_image","twitter_misc":{"Dur\u00e9e de lecture estim\u00e9e":"3 minutes"},"schema":{"@context":"https:\/\/schema.org","@graph":[{"@type":"WebPage","@id":"https:\/\/www.caissealliance.com\/fr\/services\/depots-retraits-transferts\/carte-de-debit-paiements-sans-contact-par-debit-interacmd\/","url":"https:\/\/www.caissealliance.com\/fr\/services\/depots-retraits-transferts\/carte-de-debit-paiements-sans-contact-par-debit-interacmd\/","name":"Carte de d\u00e9bit - Paiements sans contact par D\u00e9bit Interac | Caisse Alliance","isPartOf":{"@id":"https:\/\/www.caissealliance.com\/fr\/#website"},"primaryImageOfPage":{"@id":"https:\/\/www.caissealliance.com\/fr\/services\/depots-retraits-transferts\/carte-de-debit-paiements-sans-contact-par-debit-interacmd\/#primaryimage"},"image":{"@id":"https:\/\/www.caissealliance.com\/fr\/services\/depots-retraits-transferts\/carte-de-debit-paiements-sans-contact-par-debit-interacmd\/#primaryimage"},"thumbnailUrl":"https:\/\/www.caissealliance.com\/wp-content\/uploads\/general_service.jpg","datePublished":"2019-03-22T15:31:23+00:00","dateModified":"2025-08-21T14:49:56+00:00","breadcrumb":{"@id":"https:\/\/www.caissealliance.com\/fr\/services\/depots-retraits-transferts\/carte-de-debit-paiements-sans-contact-par-debit-interacmd\/#breadcrumb"},"inLanguage":"fr-FR","potentialAction":[{"@type":"ReadAction","target":["https:\/\/www.caissealliance.com\/fr\/services\/depots-retraits-transferts\/carte-de-debit-paiements-sans-contact-par-debit-interacmd\/"]}]},{"@type":"ImageObject","inLanguage":"fr-FR","@id":"https:\/\/www.caissealliance.com\/fr\/services\/depots-retraits-transferts\/carte-de-debit-paiements-sans-contact-par-debit-interacmd\/#primaryimage","url":"https:\/\/www.caissealliance.com\/wp-content\/uploads\/general_service.jpg","contentUrl":"https:\/\/www.caissealliance.com\/wp-content\/uploads\/general_service.jpg","width":1620,"height":792},{"@type":"BreadcrumbList","@id":"https:\/\/www.caissealliance.com\/fr\/services\/depots-retraits-transferts\/carte-de-debit-paiements-sans-contact-par-debit-interacmd\/#breadcrumb","itemListElement":[{"@type":"ListItem","position":1,"name":"Home","item":"https:\/\/www.caissealliance.com\/fr\/"},{"@type":"ListItem","position":2,"name":"Services","item":"https:\/\/www.caissealliance.com\/fr\/services\/"},{"@type":"ListItem","position":3,"name":"D\u00e9p\u00f4ts, retraits et transferts","item":"https:\/\/www.caissealliance.com\/fr\/services\/deposits-withdrawals-and-transfers\/"},{"@type":"ListItem","position":4,"name":"Carte de d\u00e9bit &#8211; Paiements sans contact par D\u00e9bit Interac"}]},{"@type":"WebSite","@id":"https:\/\/www.caissealliance.com\/fr\/#website","url":"https:\/\/www.caissealliance.com\/fr\/","name":"Caisse Alliance","description":"Site Web de la Caisse Alliance","potentialAction":[{"@type":"SearchAction","target":{"@type":"EntryPoint","urlTemplate":"https:\/\/www.caissealliance.com\/fr\/?s={search_term_string}"},"query-input":{"@type":"PropertyValueSpecification","valueRequired":true,"valueName":"search_term_string"}}],"inLanguage":"fr-FR"}]}},"publishpress_future_action":{"enabled":false,"date":"2026-04-30 04:18:57","action":"change-status","newStatus":"draft","terms":[],"taxonomy":"section","extraData":[]},"publishpress_future_workflow_manual_trigger":{"enabledWorkflows":[]},"_links":{"self":[{"href":"https:\/\/www.caissealliance.com\/fr\/wp-json\/wp\/v2\/pages\/1787","targetHints":{"allow":["GET"]}}],"collection":[{"href":"https:\/\/www.caissealliance.com\/fr\/wp-json\/wp\/v2\/pages"}],"about":[{"href":"https:\/\/www.caissealliance.com\/fr\/wp-json\/wp\/v2\/types\/page"}],"author":[{"embeddable":true,"href":"https:\/\/www.caissealliance.com\/fr\/wp-json\/wp\/v2\/users\/1"}],"replies":[{"embeddable":true,"href":"https:\/\/www.caissealliance.com\/fr\/wp-json\/wp\/v2\/comments?post=1787"}],"version-history":[{"count":31,"href":"https:\/\/www.caissealliance.com\/fr\/wp-json\/wp\/v2\/pages\/1787\/revisions"}],"predecessor-version":[{"id":33483,"href":"https:\/\/www.caissealliance.com\/fr\/wp-json\/wp\/v2\/pages\/1787\/revisions\/33483"}],"up":[{"embeddable":true,"href":"https:\/\/www.caissealliance.com\/fr\/wp-json\/wp\/v2\/pages\/1701"}],"wp:featuredmedia":[{"embeddable":true,"href":"https:\/\/www.caissealliance.com\/fr\/wp-json\/wp\/v2\/media\/3636"}],"wp:attachment":[{"href":"https:\/\/www.caissealliance.com\/fr\/wp-json\/wp\/v2\/media?parent=1787"}],"curies":[{"name":"wp","href":"https:\/\/api.w.org\/{rel}","templated":true}]}}