{"id":17694,"date":"2023-01-06T11:00:06","date_gmt":"2023-01-06T16:00:06","guid":{"rendered":"https:\/\/www.caissealliance.com\/?page_id=17694"},"modified":"2025-03-05T16:16:12","modified_gmt":"2025-03-05T21:16:12","slug":"tout-sur-la-fraude","status":"publish","type":"page","link":"https:\/\/www.caissealliance.com\/fr\/services\/fraude\/tout-sur-la-fraude\/","title":{"rendered":"Qu&#8217;est-ce que la fraude?"},"content":{"rendered":"\t\t<div data-elementor-type=\"wp-page\" data-elementor-id=\"17694\" class=\"elementor elementor-17694\" data-elementor-post-type=\"page\">\n\t\t\t\t\t\t<section class=\"elementor-section elementor-top-section elementor-element elementor-element-b50131d elementor-section-boxed elementor-section-height-default elementor-section-height-default\" data-id=\"b50131d\" data-element_type=\"section\" data-e-type=\"section\">\n\t\t\t\t\t\t<div class=\"elementor-container elementor-column-gap-default\">\n\t\t\t\t\t<div class=\"elementor-column elementor-col-100 elementor-top-column elementor-element elementor-element-34df483\" data-id=\"34df483\" data-element_type=\"column\" data-e-type=\"column\">\n\t\t\t<div class=\"elementor-widget-wrap elementor-element-populated\">\n\t\t\t\t\t\t<div class=\"elementor-element elementor-element-99cb7d9 elementor-widget elementor-widget-heading\" data-id=\"99cb7d9\" data-element_type=\"widget\" data-e-type=\"widget\" data-widget_type=\"heading.default\">\n\t\t\t\t<div class=\"elementor-widget-container\">\n\t\t\t\t\t<h2 class=\"elementor-heading-title elementor-size-default\"><div><br><\/div>Qu'est-ce que la fraude?<\/h2>\t\t\t\t<\/div>\n\t\t\t\t<\/div>\n\t\t\t\t<div class=\"elementor-element elementor-element-82ebda3 elementor-widget elementor-widget-text-editor\" data-id=\"82ebda3\" data-element_type=\"widget\" data-e-type=\"widget\" data-widget_type=\"text-editor.default\">\n\t\t\t\t<div class=\"elementor-widget-container\">\n\t\t\t\t\t\t\t\t\t<p>Une fraude est une tromperie intentionnelle pour d\u00e9favoriser une autre personne. Il s\u2019agit malheureusement de saisie ill\u00e9gale d\u2019argent ou de biens personnels. Plusieurs types de fraudes existent.<\/p><p>Nombreuses sont les escroqueries commises \u00e0 l&#8217;aide de courriels et d&#8217;appels t\u00e9l\u00e9phoniques. On vous demande des renseignements personnels ou de l\u2019argent d\u2019une fa\u00e7on ou d\u2019une autre. Peu importe le type de fraude ou le sc\u00e9nario, cela semble trop beau pour \u00eatre vrai. Les fraudeurs ciblent tout le monde, peu importe l\u2019\u00e2ge, le niveau d\u2019\u00e9tudes ou le revenu. Ils sont excellents pour vous manipuler afin de vous faire r\u00e9v\u00e9ler des informations personnelles ou \u00e0 vous convaincre de leur donner de l\u2019argent ou des biens personnels.<\/p><p><strong>IMPORTANT : Si vous doutez de l&#8217;authenticit\u00e9 d&#8217;un appel provenant de notre institution financi\u00e8re ou de l&#8217;un de nos partenaires, raccrochez imm\u00e9diatement et composez le num\u00e9ro de t\u00e9l\u00e9phone de votre centre de services.<\/strong><\/p><p>V<b>ous croyez avoir \u00e9t\u00e9 victime de fraude?\u00a0<a href=\"https:\/\/www.caissealliance.com\/fr\/services\/fraude\/\" target=\"_blank\" rel=\"noopener\">Cliquez ici<\/a>.<\/b><\/p>\t\t\t\t\t\t\t\t<\/div>\n\t\t\t\t<\/div>\n\t\t\t\t\t<\/div>\n\t\t<\/div>\n\t\t\t\t\t<\/div>\n\t\t<\/section>\n\t\t<div class=\"elementor-element elementor-element-fc7cf2f e-grid e-con-boxed e-con e-parent\" data-id=\"fc7cf2f\" data-element_type=\"container\" data-e-type=\"container\">\n\t\t\t\t\t<div class=\"e-con-inner\">\n\t\t\t\t<div class=\"elementor-element elementor-element-e738104 elementor-align-center elementor-widget elementor-widget-button\" data-id=\"e738104\" data-element_type=\"widget\" data-e-type=\"widget\" data-widget_type=\"button.default\">\n\t\t\t\t<div class=\"elementor-widget-container\">\n\t\t\t\t\t\t\t\t\t<div class=\"elementor-button-wrapper\">\n\t\t\t\t\t<a class=\"elementor-button elementor-button-link elementor-size-sm\" href=\"https:\/\/www.caissealliance.com\/fr\/categorie\/particulier\/fraude-particulier\/\">\n\t\t\t\t\t\t<span class=\"elementor-button-content-wrapper\">\n\t\t\t\t\t\t\t\t\t<span class=\"elementor-button-text\">Visitez notre blogue<\/span>\n\t\t\t\t\t<\/span>\n\t\t\t\t\t<\/a>\n\t\t\t\t<\/div>\n\t\t\t\t\t\t\t\t<\/div>\n\t\t\t\t<\/div>\n\t\t\t\t<div class=\"elementor-element elementor-element-c716abb elementor-widget elementor-widget-button\" data-id=\"c716abb\" data-element_type=\"widget\" data-e-type=\"widget\" data-widget_type=\"button.default\">\n\t\t\t\t<div class=\"elementor-widget-container\">\n\t\t\t\t\t\t\t\t\t<div class=\"elementor-button-wrapper\">\n\t\t\t\t\t<a class=\"elementor-button elementor-button-link elementor-size-sm\" href=\"https:\/\/www.caissealliance.com\/fr\/faq-categories\/particuliers\/securite-fraude\/\">\n\t\t\t\t\t\t<span class=\"elementor-button-content-wrapper\">\n\t\t\t\t\t\t\t\t\t<span class=\"elementor-button-text\">Consultez notre foire aux questions<\/span>\n\t\t\t\t\t<\/span>\n\t\t\t\t\t<\/a>\n\t\t\t\t<\/div>\n\t\t\t\t\t\t\t\t<\/div>\n\t\t\t\t<\/div>\n\t\t\t\t<div class=\"elementor-element elementor-element-fa4f72e elementor-align-center elementor-widget elementor-widget-button\" data-id=\"fa4f72e\" data-element_type=\"widget\" data-e-type=\"widget\" data-widget_type=\"button.default\">\n\t\t\t\t<div class=\"elementor-widget-container\">\n\t\t\t\t\t\t\t\t\t<div class=\"elementor-button-wrapper\">\n\t\t\t\t\t<a class=\"elementor-button elementor-button-link elementor-size-sm\" href=\"https:\/\/www.caissealliance.com\/wp-content\/uploads\/Ce-quil-faut-faire-en-cas-de-fraude.pdf\">\n\t\t\t\t\t\t<span class=\"elementor-button-content-wrapper\">\n\t\t\t\t\t\t\t\t\t<span class=\"elementor-button-text\">Agissez contre la fraude<\/span>\n\t\t\t\t\t<\/span>\n\t\t\t\t\t<\/a>\n\t\t\t\t<\/div>\n\t\t\t\t\t\t\t\t<\/div>\n\t\t\t\t<\/div>\n\t\t\t\t<div class=\"elementor-element elementor-element-1b00ebb elementor-widget elementor-widget-button\" data-id=\"1b00ebb\" data-element_type=\"widget\" data-e-type=\"widget\" data-widget_type=\"button.default\">\n\t\t\t\t<div class=\"elementor-widget-container\">\n\t\t\t\t\t\t\t\t\t<div class=\"elementor-button-wrapper\">\n\t\t\t\t\t<a class=\"elementor-button elementor-button-link elementor-size-sm\" href=\"https:\/\/www.caissealliance.com\/wp-content\/uploads\/Etre-present-pour-un-proche-1.pdf\">\n\t\t\t\t\t\t<span class=\"elementor-button-content-wrapper\">\n\t\t\t\t\t\t\t\t\t<span class=\"elementor-button-text\">\u00catre pr\u00e9sent pour un proche qui peine \u00e0 accepter qu'il est victime de fraude<\/span>\n\t\t\t\t\t<\/span>\n\t\t\t\t\t<\/a>\n\t\t\t\t<\/div>\n\t\t\t\t\t\t\t\t<\/div>\n\t\t\t\t<\/div>\n\t\t\t\t\t<\/div>\n\t\t\t\t<\/div>\n\t\t\t\t<\/div>\n\t\t","protected":false},"excerpt":{"rendered":"<p>Une fraude est une tromperie intentionnelle pour d\u00e9favoriser une autre personne. Il s\u2019agit malheureusement de saisie ill\u00e9gale d\u2019argent ou de biens personnels. Plusieurs types de fraudes existent. Nombreuses sont les escroqueries commises \u00e0 l&#8217;aide de courriels et d&#8217;appels t\u00e9l\u00e9phoniques. On vous demande des renseignements personnels ou de l\u2019argent d\u2019une fa\u00e7on ou d\u2019une autre. Peu importe [&#8230;]<\/p>\n","protected":false},"author":13,"featured_media":31338,"parent":11958,"menu_order":0,"comment_status":"closed","ping_status":"closed","template":"","meta":{"_acf_changed":false,"_monsterinsights_skip_tracking":false,"_monsterinsights_sitenote_active":false,"_monsterinsights_sitenote_note":"","_monsterinsights_sitenote_category":0,"footnotes":""},"class_list":["post-17694","page","type-page","status-publish","has-post-thumbnail","hentry","section-services-particulier"],"acf":[],"yoast_head":"<!-- This site is optimized with the Yoast SEO plugin v27.3 - https:\/\/yoast.com\/product\/yoast-seo-wordpress\/ -->\n<title>Qu&#039;est-ce que la fraude? | Caisse Alliance<\/title>\n<meta name=\"robots\" content=\"index, follow, max-snippet:-1, max-image-preview:large, max-video-preview:-1\" \/>\n<link rel=\"canonical\" href=\"https:\/\/www.caissealliance.com\/fr\/services\/fraude\/tout-sur-la-fraude\/\" \/>\n<meta property=\"og:locale\" content=\"fr_FR\" \/>\n<meta property=\"og:type\" content=\"article\" \/>\n<meta property=\"og:title\" content=\"Qu&#039;est-ce que la fraude? | Caisse Alliance\" \/>\n<meta property=\"og:description\" content=\"Une fraude est une tromperie intentionnelle pour d\u00e9favoriser une autre personne. Il s\u2019agit malheureusement de saisie ill\u00e9gale d\u2019argent ou de biens personnels. Plusieurs types de fraudes existent. Nombreuses sont les escroqueries commises \u00e0 l&#8217;aide de courriels et d&#8217;appels t\u00e9l\u00e9phoniques. On vous demande des renseignements personnels ou de l\u2019argent d\u2019une fa\u00e7on ou d\u2019une autre. Peu importe [...]\" \/>\n<meta property=\"og:url\" content=\"https:\/\/www.caissealliance.com\/fr\/services\/fraude\/tout-sur-la-fraude\/\" \/>\n<meta property=\"og:site_name\" content=\"Caisse Alliance\" \/>\n<meta property=\"article:modified_time\" content=\"2025-03-05T21:16:12+00:00\" \/>\n<meta property=\"og:image\" content=\"https:\/\/www.caissealliance.com\/wp-content\/uploads\/Slider-fraude-scaled.jpg\" \/>\n\t<meta property=\"og:image:width\" content=\"2560\" \/>\n\t<meta property=\"og:image:height\" content=\"961\" \/>\n\t<meta property=\"og:image:type\" content=\"image\/jpeg\" \/>\n<meta name=\"twitter:card\" content=\"summary_large_image\" \/>\n<meta name=\"twitter:label1\" content=\"Dur\u00e9e de lecture estim\u00e9e\" \/>\n\t<meta name=\"twitter:data1\" content=\"1 minute\" \/>\n<script type=\"application\/ld+json\" class=\"yoast-schema-graph\">{\"@context\":\"https:\\\/\\\/schema.org\",\"@graph\":[{\"@type\":\"WebPage\",\"@id\":\"https:\\\/\\\/www.caissealliance.com\\\/fr\\\/services\\\/fraude\\\/tout-sur-la-fraude\\\/\",\"url\":\"https:\\\/\\\/www.caissealliance.com\\\/fr\\\/services\\\/fraude\\\/tout-sur-la-fraude\\\/\",\"name\":\"Qu'est-ce que la fraude? | Caisse Alliance\",\"isPartOf\":{\"@id\":\"https:\\\/\\\/www.caissealliance.com\\\/fr\\\/#website\"},\"primaryImageOfPage\":{\"@id\":\"https:\\\/\\\/www.caissealliance.com\\\/fr\\\/services\\\/fraude\\\/tout-sur-la-fraude\\\/#primaryimage\"},\"image\":{\"@id\":\"https:\\\/\\\/www.caissealliance.com\\\/fr\\\/services\\\/fraude\\\/tout-sur-la-fraude\\\/#primaryimage\"},\"thumbnailUrl\":\"https:\\\/\\\/www.caissealliance.com\\\/wp-content\\\/uploads\\\/Slider-fraude-scaled.jpg\",\"datePublished\":\"2023-01-06T16:00:06+00:00\",\"dateModified\":\"2025-03-05T21:16:12+00:00\",\"breadcrumb\":{\"@id\":\"https:\\\/\\\/www.caissealliance.com\\\/fr\\\/services\\\/fraude\\\/tout-sur-la-fraude\\\/#breadcrumb\"},\"inLanguage\":\"fr-FR\",\"potentialAction\":[{\"@type\":\"ReadAction\",\"target\":[\"https:\\\/\\\/www.caissealliance.com\\\/fr\\\/services\\\/fraude\\\/tout-sur-la-fraude\\\/\"]}]},{\"@type\":\"ImageObject\",\"inLanguage\":\"fr-FR\",\"@id\":\"https:\\\/\\\/www.caissealliance.com\\\/fr\\\/services\\\/fraude\\\/tout-sur-la-fraude\\\/#primaryimage\",\"url\":\"https:\\\/\\\/www.caissealliance.com\\\/wp-content\\\/uploads\\\/Slider-fraude-scaled.jpg\",\"contentUrl\":\"https:\\\/\\\/www.caissealliance.com\\\/wp-content\\\/uploads\\\/Slider-fraude-scaled.jpg\",\"width\":2560,\"height\":961},{\"@type\":\"BreadcrumbList\",\"@id\":\"https:\\\/\\\/www.caissealliance.com\\\/fr\\\/services\\\/fraude\\\/tout-sur-la-fraude\\\/#breadcrumb\",\"itemListElement\":[{\"@type\":\"ListItem\",\"position\":1,\"name\":\"Home\",\"item\":\"https:\\\/\\\/www.caissealliance.com\\\/fr\\\/\"},{\"@type\":\"ListItem\",\"position\":2,\"name\":\"Services\",\"item\":\"https:\\\/\\\/www.caissealliance.com\\\/fr\\\/services\\\/\"},{\"@type\":\"ListItem\",\"position\":3,\"name\":\"Fraude\",\"item\":\"https:\\\/\\\/www.caissealliance.com\\\/fr\\\/services\\\/fraude\\\/\"},{\"@type\":\"ListItem\",\"position\":4,\"name\":\"Qu&rsquo;est-ce que la fraude?\"}]},{\"@type\":\"WebSite\",\"@id\":\"https:\\\/\\\/www.caissealliance.com\\\/fr\\\/#website\",\"url\":\"https:\\\/\\\/www.caissealliance.com\\\/fr\\\/\",\"name\":\"Caisse Alliance\",\"description\":\"Site Web de la Caisse Alliance\",\"potentialAction\":[{\"@type\":\"SearchAction\",\"target\":{\"@type\":\"EntryPoint\",\"urlTemplate\":\"https:\\\/\\\/www.caissealliance.com\\\/fr\\\/?s={search_term_string}\"},\"query-input\":{\"@type\":\"PropertyValueSpecification\",\"valueRequired\":true,\"valueName\":\"search_term_string\"}}],\"inLanguage\":\"fr-FR\"}]}<\/script>\n<!-- \/ Yoast SEO plugin. -->","yoast_head_json":{"title":"Qu'est-ce que la fraude? | Caisse Alliance","robots":{"index":"index","follow":"follow","max-snippet":"max-snippet:-1","max-image-preview":"max-image-preview:large","max-video-preview":"max-video-preview:-1"},"canonical":"https:\/\/www.caissealliance.com\/fr\/services\/fraude\/tout-sur-la-fraude\/","og_locale":"fr_FR","og_type":"article","og_title":"Qu'est-ce que la fraude? | Caisse Alliance","og_description":"Une fraude est une tromperie intentionnelle pour d\u00e9favoriser une autre personne. Il s\u2019agit malheureusement de saisie ill\u00e9gale d\u2019argent ou de biens personnels. Plusieurs types de fraudes existent. Nombreuses sont les escroqueries commises \u00e0 l&#8217;aide de courriels et d&#8217;appels t\u00e9l\u00e9phoniques. On vous demande des renseignements personnels ou de l\u2019argent d\u2019une fa\u00e7on ou d\u2019une autre. Peu importe [...]","og_url":"https:\/\/www.caissealliance.com\/fr\/services\/fraude\/tout-sur-la-fraude\/","og_site_name":"Caisse Alliance","article_modified_time":"2025-03-05T21:16:12+00:00","og_image":[{"width":2560,"height":961,"url":"https:\/\/www.caissealliance.com\/wp-content\/uploads\/Slider-fraude-scaled.jpg","type":"image\/jpeg"}],"twitter_card":"summary_large_image","twitter_misc":{"Dur\u00e9e de lecture estim\u00e9e":"1 minute"},"schema":{"@context":"https:\/\/schema.org","@graph":[{"@type":"WebPage","@id":"https:\/\/www.caissealliance.com\/fr\/services\/fraude\/tout-sur-la-fraude\/","url":"https:\/\/www.caissealliance.com\/fr\/services\/fraude\/tout-sur-la-fraude\/","name":"Qu'est-ce que la fraude? | Caisse Alliance","isPartOf":{"@id":"https:\/\/www.caissealliance.com\/fr\/#website"},"primaryImageOfPage":{"@id":"https:\/\/www.caissealliance.com\/fr\/services\/fraude\/tout-sur-la-fraude\/#primaryimage"},"image":{"@id":"https:\/\/www.caissealliance.com\/fr\/services\/fraude\/tout-sur-la-fraude\/#primaryimage"},"thumbnailUrl":"https:\/\/www.caissealliance.com\/wp-content\/uploads\/Slider-fraude-scaled.jpg","datePublished":"2023-01-06T16:00:06+00:00","dateModified":"2025-03-05T21:16:12+00:00","breadcrumb":{"@id":"https:\/\/www.caissealliance.com\/fr\/services\/fraude\/tout-sur-la-fraude\/#breadcrumb"},"inLanguage":"fr-FR","potentialAction":[{"@type":"ReadAction","target":["https:\/\/www.caissealliance.com\/fr\/services\/fraude\/tout-sur-la-fraude\/"]}]},{"@type":"ImageObject","inLanguage":"fr-FR","@id":"https:\/\/www.caissealliance.com\/fr\/services\/fraude\/tout-sur-la-fraude\/#primaryimage","url":"https:\/\/www.caissealliance.com\/wp-content\/uploads\/Slider-fraude-scaled.jpg","contentUrl":"https:\/\/www.caissealliance.com\/wp-content\/uploads\/Slider-fraude-scaled.jpg","width":2560,"height":961},{"@type":"BreadcrumbList","@id":"https:\/\/www.caissealliance.com\/fr\/services\/fraude\/tout-sur-la-fraude\/#breadcrumb","itemListElement":[{"@type":"ListItem","position":1,"name":"Home","item":"https:\/\/www.caissealliance.com\/fr\/"},{"@type":"ListItem","position":2,"name":"Services","item":"https:\/\/www.caissealliance.com\/fr\/services\/"},{"@type":"ListItem","position":3,"name":"Fraude","item":"https:\/\/www.caissealliance.com\/fr\/services\/fraude\/"},{"@type":"ListItem","position":4,"name":"Qu&rsquo;est-ce que la fraude?"}]},{"@type":"WebSite","@id":"https:\/\/www.caissealliance.com\/fr\/#website","url":"https:\/\/www.caissealliance.com\/fr\/","name":"Caisse Alliance","description":"Site Web de la Caisse Alliance","potentialAction":[{"@type":"SearchAction","target":{"@type":"EntryPoint","urlTemplate":"https:\/\/www.caissealliance.com\/fr\/?s={search_term_string}"},"query-input":{"@type":"PropertyValueSpecification","valueRequired":true,"valueName":"search_term_string"}}],"inLanguage":"fr-FR"}]}},"publishpress_future_action":{"enabled":false,"date":"2026-04-22 17:57:49","action":"change-status","newStatus":"draft","terms":[],"taxonomy":"section","extraData":[]},"publishpress_future_workflow_manual_trigger":{"enabledWorkflows":[]},"_links":{"self":[{"href":"https:\/\/www.caissealliance.com\/fr\/wp-json\/wp\/v2\/pages\/17694","targetHints":{"allow":["GET"]}}],"collection":[{"href":"https:\/\/www.caissealliance.com\/fr\/wp-json\/wp\/v2\/pages"}],"about":[{"href":"https:\/\/www.caissealliance.com\/fr\/wp-json\/wp\/v2\/types\/page"}],"author":[{"embeddable":true,"href":"https:\/\/www.caissealliance.com\/fr\/wp-json\/wp\/v2\/users\/13"}],"replies":[{"embeddable":true,"href":"https:\/\/www.caissealliance.com\/fr\/wp-json\/wp\/v2\/comments?post=17694"}],"version-history":[{"count":115,"href":"https:\/\/www.caissealliance.com\/fr\/wp-json\/wp\/v2\/pages\/17694\/revisions"}],"predecessor-version":[{"id":31439,"href":"https:\/\/www.caissealliance.com\/fr\/wp-json\/wp\/v2\/pages\/17694\/revisions\/31439"}],"up":[{"embeddable":true,"href":"https:\/\/www.caissealliance.com\/fr\/wp-json\/wp\/v2\/pages\/11958"}],"wp:featuredmedia":[{"embeddable":true,"href":"https:\/\/www.caissealliance.com\/fr\/wp-json\/wp\/v2\/media\/31338"}],"wp:attachment":[{"href":"https:\/\/www.caissealliance.com\/fr\/wp-json\/wp\/v2\/media?parent=17694"}],"curies":[{"name":"wp","href":"https:\/\/api.w.org\/{rel}","templated":true}]}}