{"id":1768,"date":"2019-03-22T11:26:29","date_gmt":"2019-03-22T15:26:29","guid":{"rendered":"http:\/\/caissealliance.absoludev.ca\/apple-pay\/"},"modified":"2023-09-08T10:08:24","modified_gmt":"2023-09-08T14:08:24","slug":"apple-pay","status":"publish","type":"page","link":"https:\/\/www.caissealliance.com\/fr\/services\/services-mobiles\/apple-pay\/","title":{"rendered":"Apple Pay"},"content":{"rendered":"<h1>Apple Pay<\/h1>\n<h2>Simple, pratique et s\u00e9curitaire<\/h2>\n<ul>\n<li data-gc-list-depth=\"1\" data-gc-list-style=\"unordered\">Un moyen simple et s\u00fbr de payer avec son t\u00e9l\u00e9phone.<\/li>\n<li data-gc-list-depth=\"1\" data-gc-list-style=\"unordered\">Compatible avec la plupart des appareils Apple.<\/li>\n<li data-gc-list-depth=\"1\" data-gc-list-style=\"unordered\">Suivi facile de vos transactions dans Allia Internet ou dans l\u2019application Services mobiles <span style=\"font-family: 'Arial',sans-serif; color: #3e3e3e;\">Allia.<\/span><\/li>\n<li data-gc-list-depth=\"1\" data-gc-list-style=\"unordered\">Protection en cas de fraude.<\/li>\n<\/ul>\n<h2>Qui peut l\u2019utiliser?<\/h2>\n<p>Pour utiliser le service Apple Pay, vous devez :<\/p>\n<p><strong> Poss\u00e9der l\u2019un des appareils Apple compatibles avec ce service <\/strong><br \/>\nLe service est offert pour les produits Apple<sup>MD<\/sup> uniquement. Il peut \u00eatre utilis\u00e9 sur l\u2019iPhone 6 et les mod\u00e8les ult\u00e9rieurs, l\u2019iPad Pro, l\u2019iPad Air 2 ou l\u2019iPad mini 3 et les mod\u00e8les ult\u00e9rieurs utilisant le syst\u00e8me d\u2019exploitation iOs 9, et sur l\u2019Apple Watch.<\/p>\n<p>Consulter la liste des <a href=\"https:\/\/support.apple.com\/fr-ca\/HT204506\" target=\"_blank\" rel=\"noopener noreferrer\" data-gc-link=\"https:\/\/support.apple.com\/fr-ca\/HT204506\"><u>appareils Apple compatibles<\/u><\/a><\/p>\n<p><strong> D\u00e9tenir une carte admissible <\/strong><br \/>\nCarte de d\u00e9bit<\/p>\n<h2>O\u00f9 l\u2019utiliser?<\/h2>\n<p>Recherchez simplement le symbole Apple Pay au moment de payer ou celui du paiement sans contact au moment de payer.<\/p>\n<p style=\"text-align: center;\"><img decoding=\"async\" class=\"aligncenter\" src=\"https:\/\/www.caissealliance.com\/wp-content\/uploads\/ic-apple-pay-250x159.png\" \/><\/p>\n","protected":false},"excerpt":{"rendered":"<p>Un moyen simple et s\u00fbr de payer avec son t\u00e9l\u00e9phone. Compatible avec la plupart des appareils Apple. Suivi facile de vos transactions dans Allia Internet ou dans l\u2019application Services mobiles Allia. Protection en cas de fraude. Pour utiliser le service Apple Pay, vous devez : Poss\u00e9der l\u2019un des appareils Apple compatibles avec ce service Le [&#8230;]<\/p>\n","protected":false},"author":1,"featured_media":3610,"parent":1699,"menu_order":5,"comment_status":"closed","ping_status":"closed","template":"","meta":{"_acf_changed":false,"_monsterinsights_skip_tracking":false,"_monsterinsights_sitenote_active":false,"_monsterinsights_sitenote_note":"","_monsterinsights_sitenote_category":0,"footnotes":""},"class_list":["post-1768","page","type-page","status-publish","has-post-thumbnail","hentry","section-services-particulier"],"acf":[],"yoast_head":"<!-- This site is optimized with the Yoast SEO plugin v27.5 - https:\/\/yoast.com\/product\/yoast-seo-wordpress\/ -->\n<title>Apple Pay | Caisse Alliance<\/title>\n<meta name=\"robots\" content=\"index, follow, max-snippet:-1, max-image-preview:large, max-video-preview:-1\" \/>\n<link rel=\"canonical\" href=\"https:\/\/www.caissealliance.com\/fr\/services\/services-mobiles\/apple-pay\/\" \/>\n<meta property=\"og:locale\" content=\"fr_FR\" \/>\n<meta property=\"og:type\" content=\"article\" \/>\n<meta property=\"og:title\" content=\"Apple Pay | Caisse Alliance\" \/>\n<meta property=\"og:description\" content=\"Un moyen simple et s\u00fbr de payer avec son t\u00e9l\u00e9phone. Compatible avec la plupart des appareils Apple. Suivi facile de vos transactions dans Allia Internet ou dans l\u2019application Services mobiles Allia. Protection en cas de fraude. Pour utiliser le service Apple Pay, vous devez : Poss\u00e9der l\u2019un des appareils Apple compatibles avec ce service Le [...]\" \/>\n<meta property=\"og:url\" content=\"https:\/\/www.caissealliance.com\/fr\/services\/services-mobiles\/apple-pay\/\" \/>\n<meta property=\"og:site_name\" content=\"Caisse Alliance\" \/>\n<meta property=\"article:modified_time\" content=\"2023-09-08T14:08:24+00:00\" \/>\n<meta property=\"og:image\" content=\"https:\/\/www.caissealliance.com\/wp-content\/uploads\/services-mobiles_service.jpg\" \/>\n\t<meta property=\"og:image:width\" content=\"1620\" \/>\n\t<meta property=\"og:image:height\" content=\"792\" \/>\n\t<meta property=\"og:image:type\" content=\"image\/jpeg\" \/>\n<meta name=\"twitter:card\" content=\"summary_large_image\" \/>\n<meta name=\"twitter:label1\" content=\"Dur\u00e9e de lecture estim\u00e9e\" \/>\n\t<meta name=\"twitter:data1\" content=\"1 minute\" \/>\n<script type=\"application\/ld+json\" class=\"yoast-schema-graph\">{\"@context\":\"https:\\\/\\\/schema.org\",\"@graph\":[{\"@type\":\"WebPage\",\"@id\":\"https:\\\/\\\/www.caissealliance.com\\\/fr\\\/services\\\/services-mobiles\\\/apple-pay\\\/\",\"url\":\"https:\\\/\\\/www.caissealliance.com\\\/fr\\\/services\\\/services-mobiles\\\/apple-pay\\\/\",\"name\":\"Apple Pay | Caisse Alliance\",\"isPartOf\":{\"@id\":\"https:\\\/\\\/www.caissealliance.com\\\/fr\\\/#website\"},\"primaryImageOfPage\":{\"@id\":\"https:\\\/\\\/www.caissealliance.com\\\/fr\\\/services\\\/services-mobiles\\\/apple-pay\\\/#primaryimage\"},\"image\":{\"@id\":\"https:\\\/\\\/www.caissealliance.com\\\/fr\\\/services\\\/services-mobiles\\\/apple-pay\\\/#primaryimage\"},\"thumbnailUrl\":\"https:\\\/\\\/www.caissealliance.com\\\/wp-content\\\/uploads\\\/services-mobiles_service.jpg\",\"datePublished\":\"2019-03-22T15:26:29+00:00\",\"dateModified\":\"2023-09-08T14:08:24+00:00\",\"breadcrumb\":{\"@id\":\"https:\\\/\\\/www.caissealliance.com\\\/fr\\\/services\\\/services-mobiles\\\/apple-pay\\\/#breadcrumb\"},\"inLanguage\":\"fr-FR\",\"potentialAction\":[{\"@type\":\"ReadAction\",\"target\":[\"https:\\\/\\\/www.caissealliance.com\\\/fr\\\/services\\\/services-mobiles\\\/apple-pay\\\/\"]}]},{\"@type\":\"ImageObject\",\"inLanguage\":\"fr-FR\",\"@id\":\"https:\\\/\\\/www.caissealliance.com\\\/fr\\\/services\\\/services-mobiles\\\/apple-pay\\\/#primaryimage\",\"url\":\"https:\\\/\\\/www.caissealliance.com\\\/wp-content\\\/uploads\\\/services-mobiles_service.jpg\",\"contentUrl\":\"https:\\\/\\\/www.caissealliance.com\\\/wp-content\\\/uploads\\\/services-mobiles_service.jpg\",\"width\":1620,\"height\":792},{\"@type\":\"BreadcrumbList\",\"@id\":\"https:\\\/\\\/www.caissealliance.com\\\/fr\\\/services\\\/services-mobiles\\\/apple-pay\\\/#breadcrumb\",\"itemListElement\":[{\"@type\":\"ListItem\",\"position\":1,\"name\":\"Home\",\"item\":\"https:\\\/\\\/www.caissealliance.com\\\/fr\\\/\"},{\"@type\":\"ListItem\",\"position\":2,\"name\":\"Services\",\"item\":\"https:\\\/\\\/www.caissealliance.com\\\/fr\\\/services\\\/\"},{\"@type\":\"ListItem\",\"position\":3,\"name\":\"Services mobiles\",\"item\":\"https:\\\/\\\/www.caissealliance.com\\\/fr\\\/services\\\/mobile-services\\\/\"},{\"@type\":\"ListItem\",\"position\":4,\"name\":\"Apple Pay\"}]},{\"@type\":\"WebSite\",\"@id\":\"https:\\\/\\\/www.caissealliance.com\\\/fr\\\/#website\",\"url\":\"https:\\\/\\\/www.caissealliance.com\\\/fr\\\/\",\"name\":\"Caisse Alliance\",\"description\":\"Site Web de la Caisse Alliance\",\"potentialAction\":[{\"@type\":\"SearchAction\",\"target\":{\"@type\":\"EntryPoint\",\"urlTemplate\":\"https:\\\/\\\/www.caissealliance.com\\\/fr\\\/?s={search_term_string}\"},\"query-input\":{\"@type\":\"PropertyValueSpecification\",\"valueRequired\":true,\"valueName\":\"search_term_string\"}}],\"inLanguage\":\"fr-FR\"}]}<\/script>\n<!-- \/ Yoast SEO plugin. -->","yoast_head_json":{"title":"Apple Pay | Caisse Alliance","robots":{"index":"index","follow":"follow","max-snippet":"max-snippet:-1","max-image-preview":"max-image-preview:large","max-video-preview":"max-video-preview:-1"},"canonical":"https:\/\/www.caissealliance.com\/fr\/services\/services-mobiles\/apple-pay\/","og_locale":"fr_FR","og_type":"article","og_title":"Apple Pay | Caisse Alliance","og_description":"Un moyen simple et s\u00fbr de payer avec son t\u00e9l\u00e9phone. Compatible avec la plupart des appareils Apple. Suivi facile de vos transactions dans Allia Internet ou dans l\u2019application Services mobiles Allia. Protection en cas de fraude. Pour utiliser le service Apple Pay, vous devez : Poss\u00e9der l\u2019un des appareils Apple compatibles avec ce service Le [...]","og_url":"https:\/\/www.caissealliance.com\/fr\/services\/services-mobiles\/apple-pay\/","og_site_name":"Caisse Alliance","article_modified_time":"2023-09-08T14:08:24+00:00","og_image":[{"width":1620,"height":792,"url":"https:\/\/www.caissealliance.com\/wp-content\/uploads\/services-mobiles_service.jpg","type":"image\/jpeg"}],"twitter_card":"summary_large_image","twitter_misc":{"Dur\u00e9e de lecture estim\u00e9e":"1 minute"},"schema":{"@context":"https:\/\/schema.org","@graph":[{"@type":"WebPage","@id":"https:\/\/www.caissealliance.com\/fr\/services\/services-mobiles\/apple-pay\/","url":"https:\/\/www.caissealliance.com\/fr\/services\/services-mobiles\/apple-pay\/","name":"Apple Pay | Caisse Alliance","isPartOf":{"@id":"https:\/\/www.caissealliance.com\/fr\/#website"},"primaryImageOfPage":{"@id":"https:\/\/www.caissealliance.com\/fr\/services\/services-mobiles\/apple-pay\/#primaryimage"},"image":{"@id":"https:\/\/www.caissealliance.com\/fr\/services\/services-mobiles\/apple-pay\/#primaryimage"},"thumbnailUrl":"https:\/\/www.caissealliance.com\/wp-content\/uploads\/services-mobiles_service.jpg","datePublished":"2019-03-22T15:26:29+00:00","dateModified":"2023-09-08T14:08:24+00:00","breadcrumb":{"@id":"https:\/\/www.caissealliance.com\/fr\/services\/services-mobiles\/apple-pay\/#breadcrumb"},"inLanguage":"fr-FR","potentialAction":[{"@type":"ReadAction","target":["https:\/\/www.caissealliance.com\/fr\/services\/services-mobiles\/apple-pay\/"]}]},{"@type":"ImageObject","inLanguage":"fr-FR","@id":"https:\/\/www.caissealliance.com\/fr\/services\/services-mobiles\/apple-pay\/#primaryimage","url":"https:\/\/www.caissealliance.com\/wp-content\/uploads\/services-mobiles_service.jpg","contentUrl":"https:\/\/www.caissealliance.com\/wp-content\/uploads\/services-mobiles_service.jpg","width":1620,"height":792},{"@type":"BreadcrumbList","@id":"https:\/\/www.caissealliance.com\/fr\/services\/services-mobiles\/apple-pay\/#breadcrumb","itemListElement":[{"@type":"ListItem","position":1,"name":"Home","item":"https:\/\/www.caissealliance.com\/fr\/"},{"@type":"ListItem","position":2,"name":"Services","item":"https:\/\/www.caissealliance.com\/fr\/services\/"},{"@type":"ListItem","position":3,"name":"Services mobiles","item":"https:\/\/www.caissealliance.com\/fr\/services\/mobile-services\/"},{"@type":"ListItem","position":4,"name":"Apple Pay"}]},{"@type":"WebSite","@id":"https:\/\/www.caissealliance.com\/fr\/#website","url":"https:\/\/www.caissealliance.com\/fr\/","name":"Caisse Alliance","description":"Site Web de la Caisse Alliance","potentialAction":[{"@type":"SearchAction","target":{"@type":"EntryPoint","urlTemplate":"https:\/\/www.caissealliance.com\/fr\/?s={search_term_string}"},"query-input":{"@type":"PropertyValueSpecification","valueRequired":true,"valueName":"search_term_string"}}],"inLanguage":"fr-FR"}]}},"publishpress_future_action":{"enabled":false,"date":"2026-05-08 06:54:56","action":"change-status","newStatus":"draft","terms":[],"taxonomy":"section","extraData":[]},"publishpress_future_workflow_manual_trigger":{"enabledWorkflows":[]},"_links":{"self":[{"href":"https:\/\/www.caissealliance.com\/fr\/wp-json\/wp\/v2\/pages\/1768","targetHints":{"allow":["GET"]}}],"collection":[{"href":"https:\/\/www.caissealliance.com\/fr\/wp-json\/wp\/v2\/pages"}],"about":[{"href":"https:\/\/www.caissealliance.com\/fr\/wp-json\/wp\/v2\/types\/page"}],"author":[{"embeddable":true,"href":"https:\/\/www.caissealliance.com\/fr\/wp-json\/wp\/v2\/users\/1"}],"replies":[{"embeddable":true,"href":"https:\/\/www.caissealliance.com\/fr\/wp-json\/wp\/v2\/comments?post=1768"}],"version-history":[{"count":10,"href":"https:\/\/www.caissealliance.com\/fr\/wp-json\/wp\/v2\/pages\/1768\/revisions"}],"predecessor-version":[{"id":20197,"href":"https:\/\/www.caissealliance.com\/fr\/wp-json\/wp\/v2\/pages\/1768\/revisions\/20197"}],"up":[{"embeddable":true,"href":"https:\/\/www.caissealliance.com\/fr\/wp-json\/wp\/v2\/pages\/1699"}],"wp:featuredmedia":[{"embeddable":true,"href":"https:\/\/www.caissealliance.com\/fr\/wp-json\/wp\/v2\/media\/3610"}],"wp:attachment":[{"href":"https:\/\/www.caissealliance.com\/fr\/wp-json\/wp\/v2\/media?parent=1768"}],"curies":[{"name":"wp","href":"https:\/\/api.w.org\/{rel}","templated":true}]}}