{"id":1759,"date":"2019-03-22T11:26:26","date_gmt":"2019-03-22T15:26:26","guid":{"rendered":"http:\/\/caissealliance.absoludev.ca\/android-pay\/"},"modified":"2023-05-24T11:32:35","modified_gmt":"2023-05-24T15:32:35","slug":"google-pay","status":"publish","type":"page","link":"https:\/\/www.caissealliance.com\/fr\/services\/services-mobiles\/google-pay\/","title":{"rendered":"Google Pay"},"content":{"rendered":"<h1>Google Pay<\/h1>\n<h2><strong>Payez avec votre appareil Android o\u00f9 que vous soyez<\/strong><\/h2>\n<ul>\n<li data-gc-list-depth=\"1\" data-gc-list-style=\"unordered\">Possibilit\u00e9 de r\u00e9gler vos achats de 100 $ et moins de fa\u00e7on s\u00e9curis\u00e9e, en magasin, en ligne ou dans certaines applications.<\/li>\n<li data-gc-list-depth=\"1\" data-gc-list-style=\"unordered\">Le service est gratuit. Vos transactions sont consid\u00e9r\u00e9es comme des transactions faites avec une carte.<\/li>\n<li data-gc-list-depth=\"1\" data-gc-list-style=\"unordered\">Google offre le service Google Pay pour les appareils dot\u00e9s de la technologie NFC et du syst\u00e8me d\u2019exploitation KitKat 4.4 et les versions ult\u00e9rieures.<\/li>\n<li data-gc-list-depth=\"1\" data-gc-list-style=\"unordered\">Protection Responsabilit\u00e9 z\u00e9ro en cas de fraude.<\/li>\n<\/ul>\n<h2><strong>Qui peut l\u2019utiliser?<\/strong><\/h2>\n<p>Pour utiliser le service Google Pay, vous devez :<\/p>\n<p><strong>Poss\u00e9der l\u2019un des appareils Android compatibles avec ce service <\/strong><br \/>\nGoogle offre le service Google Pay pour les appareils dot\u00e9s de la technologie NFC, ainsi que du syst\u00e8me KitKat 4.4 et les versions ult\u00e9rieures. Si vous \u00eates en mesure de t\u00e9l\u00e9charger l\u2019application, c\u2019est que votre appareil est compatible.<\/p>\n<p><strong> D\u00e9tenir une carte admissible <\/strong><br \/>\nCarte de d\u00e9bit<\/p>\n<h2><strong>O\u00f9 l\u2019utiliser?<\/strong><\/h2>\n<p>Recherchez simplement le symbole Google Pay ou celui du paiement sans contact au moment de payer.<\/p>\n<p><img decoding=\"async\" class=\"\" src=\"https:\/\/developers.google.com\/pay\/api\/images\/brand-guidelines\/google-pay-mark.png\" alt=\"Google Pay mark\" width=\"237\" height=\"126\" \/><\/p>\n","protected":false},"excerpt":{"rendered":"<p>Possibilit\u00e9 de r\u00e9gler vos achats de 100 $ et moins de fa\u00e7on s\u00e9curis\u00e9e, en magasin, en ligne ou dans certaines applications. Le service est gratuit. Vos transactions sont consid\u00e9r\u00e9es comme des transactions faites avec une carte. Google offre le service Google Pay pour les appareils dot\u00e9s de la technologie NFC et du syst\u00e8me d\u2019exploitation KitKat [&#8230;]<\/p>\n","protected":false},"author":1,"featured_media":3610,"parent":1699,"menu_order":4,"comment_status":"closed","ping_status":"closed","template":"","meta":{"_acf_changed":false,"_monsterinsights_skip_tracking":false,"_monsterinsights_sitenote_active":false,"_monsterinsights_sitenote_note":"","_monsterinsights_sitenote_category":0,"footnotes":""},"class_list":["post-1759","page","type-page","status-publish","has-post-thumbnail","hentry","section-services-particulier"],"acf":[],"yoast_head":"<!-- This site is optimized with the Yoast SEO plugin v27.3 - https:\/\/yoast.com\/product\/yoast-seo-wordpress\/ -->\n<title>Google Pay | Caisse Alliance<\/title>\n<meta name=\"robots\" content=\"index, follow, max-snippet:-1, max-image-preview:large, max-video-preview:-1\" \/>\n<link rel=\"canonical\" href=\"https:\/\/www.caissealliance.com\/fr\/services\/services-mobiles\/google-pay\/\" \/>\n<meta property=\"og:locale\" content=\"fr_FR\" \/>\n<meta property=\"og:type\" content=\"article\" \/>\n<meta property=\"og:title\" content=\"Google Pay | Caisse Alliance\" \/>\n<meta property=\"og:description\" content=\"Possibilit\u00e9 de r\u00e9gler vos achats de 100 $ et moins de fa\u00e7on s\u00e9curis\u00e9e, en magasin, en ligne ou dans certaines applications. Le service est gratuit. Vos transactions sont consid\u00e9r\u00e9es comme des transactions faites avec une carte. Google offre le service Google Pay pour les appareils dot\u00e9s de la technologie NFC et du syst\u00e8me d\u2019exploitation KitKat [...]\" \/>\n<meta property=\"og:url\" content=\"https:\/\/www.caissealliance.com\/fr\/services\/services-mobiles\/google-pay\/\" \/>\n<meta property=\"og:site_name\" content=\"Caisse Alliance\" \/>\n<meta property=\"article:modified_time\" content=\"2023-05-24T15:32:35+00:00\" \/>\n<meta property=\"og:image\" content=\"https:\/\/www.caissealliance.com\/wp-content\/uploads\/services-mobiles_service.jpg\" \/>\n\t<meta property=\"og:image:width\" content=\"1620\" \/>\n\t<meta property=\"og:image:height\" content=\"792\" \/>\n\t<meta property=\"og:image:type\" content=\"image\/jpeg\" \/>\n<meta name=\"twitter:card\" content=\"summary_large_image\" \/>\n<meta name=\"twitter:label1\" content=\"Dur\u00e9e de lecture estim\u00e9e\" \/>\n\t<meta name=\"twitter:data1\" content=\"2 minutes\" \/>\n<script type=\"application\/ld+json\" class=\"yoast-schema-graph\">{\"@context\":\"https:\\\/\\\/schema.org\",\"@graph\":[{\"@type\":\"WebPage\",\"@id\":\"https:\\\/\\\/www.caissealliance.com\\\/fr\\\/services\\\/services-mobiles\\\/google-pay\\\/\",\"url\":\"https:\\\/\\\/www.caissealliance.com\\\/fr\\\/services\\\/services-mobiles\\\/google-pay\\\/\",\"name\":\"Google Pay | Caisse Alliance\",\"isPartOf\":{\"@id\":\"https:\\\/\\\/www.caissealliance.com\\\/fr\\\/#website\"},\"primaryImageOfPage\":{\"@id\":\"https:\\\/\\\/www.caissealliance.com\\\/fr\\\/services\\\/services-mobiles\\\/google-pay\\\/#primaryimage\"},\"image\":{\"@id\":\"https:\\\/\\\/www.caissealliance.com\\\/fr\\\/services\\\/services-mobiles\\\/google-pay\\\/#primaryimage\"},\"thumbnailUrl\":\"https:\\\/\\\/www.caissealliance.com\\\/wp-content\\\/uploads\\\/services-mobiles_service.jpg\",\"datePublished\":\"2019-03-22T15:26:26+00:00\",\"dateModified\":\"2023-05-24T15:32:35+00:00\",\"breadcrumb\":{\"@id\":\"https:\\\/\\\/www.caissealliance.com\\\/fr\\\/services\\\/services-mobiles\\\/google-pay\\\/#breadcrumb\"},\"inLanguage\":\"fr-FR\",\"potentialAction\":[{\"@type\":\"ReadAction\",\"target\":[\"https:\\\/\\\/www.caissealliance.com\\\/fr\\\/services\\\/services-mobiles\\\/google-pay\\\/\"]}]},{\"@type\":\"ImageObject\",\"inLanguage\":\"fr-FR\",\"@id\":\"https:\\\/\\\/www.caissealliance.com\\\/fr\\\/services\\\/services-mobiles\\\/google-pay\\\/#primaryimage\",\"url\":\"https:\\\/\\\/www.caissealliance.com\\\/wp-content\\\/uploads\\\/services-mobiles_service.jpg\",\"contentUrl\":\"https:\\\/\\\/www.caissealliance.com\\\/wp-content\\\/uploads\\\/services-mobiles_service.jpg\",\"width\":1620,\"height\":792},{\"@type\":\"BreadcrumbList\",\"@id\":\"https:\\\/\\\/www.caissealliance.com\\\/fr\\\/services\\\/services-mobiles\\\/google-pay\\\/#breadcrumb\",\"itemListElement\":[{\"@type\":\"ListItem\",\"position\":1,\"name\":\"Home\",\"item\":\"https:\\\/\\\/www.caissealliance.com\\\/fr\\\/\"},{\"@type\":\"ListItem\",\"position\":2,\"name\":\"Services\",\"item\":\"https:\\\/\\\/www.caissealliance.com\\\/fr\\\/services\\\/\"},{\"@type\":\"ListItem\",\"position\":3,\"name\":\"Services mobiles\",\"item\":\"https:\\\/\\\/www.caissealliance.com\\\/fr\\\/services\\\/mobile-services\\\/\"},{\"@type\":\"ListItem\",\"position\":4,\"name\":\"Google Pay\"}]},{\"@type\":\"WebSite\",\"@id\":\"https:\\\/\\\/www.caissealliance.com\\\/fr\\\/#website\",\"url\":\"https:\\\/\\\/www.caissealliance.com\\\/fr\\\/\",\"name\":\"Caisse Alliance\",\"description\":\"Site Web de la Caisse Alliance\",\"potentialAction\":[{\"@type\":\"SearchAction\",\"target\":{\"@type\":\"EntryPoint\",\"urlTemplate\":\"https:\\\/\\\/www.caissealliance.com\\\/fr\\\/?s={search_term_string}\"},\"query-input\":{\"@type\":\"PropertyValueSpecification\",\"valueRequired\":true,\"valueName\":\"search_term_string\"}}],\"inLanguage\":\"fr-FR\"}]}<\/script>\n<!-- \/ Yoast SEO plugin. -->","yoast_head_json":{"title":"Google Pay | Caisse Alliance","robots":{"index":"index","follow":"follow","max-snippet":"max-snippet:-1","max-image-preview":"max-image-preview:large","max-video-preview":"max-video-preview:-1"},"canonical":"https:\/\/www.caissealliance.com\/fr\/services\/services-mobiles\/google-pay\/","og_locale":"fr_FR","og_type":"article","og_title":"Google Pay | Caisse Alliance","og_description":"Possibilit\u00e9 de r\u00e9gler vos achats de 100 $ et moins de fa\u00e7on s\u00e9curis\u00e9e, en magasin, en ligne ou dans certaines applications. Le service est gratuit. Vos transactions sont consid\u00e9r\u00e9es comme des transactions faites avec une carte. Google offre le service Google Pay pour les appareils dot\u00e9s de la technologie NFC et du syst\u00e8me d\u2019exploitation KitKat [...]","og_url":"https:\/\/www.caissealliance.com\/fr\/services\/services-mobiles\/google-pay\/","og_site_name":"Caisse Alliance","article_modified_time":"2023-05-24T15:32:35+00:00","og_image":[{"width":1620,"height":792,"url":"https:\/\/www.caissealliance.com\/wp-content\/uploads\/services-mobiles_service.jpg","type":"image\/jpeg"}],"twitter_card":"summary_large_image","twitter_misc":{"Dur\u00e9e de lecture estim\u00e9e":"2 minutes"},"schema":{"@context":"https:\/\/schema.org","@graph":[{"@type":"WebPage","@id":"https:\/\/www.caissealliance.com\/fr\/services\/services-mobiles\/google-pay\/","url":"https:\/\/www.caissealliance.com\/fr\/services\/services-mobiles\/google-pay\/","name":"Google Pay | Caisse Alliance","isPartOf":{"@id":"https:\/\/www.caissealliance.com\/fr\/#website"},"primaryImageOfPage":{"@id":"https:\/\/www.caissealliance.com\/fr\/services\/services-mobiles\/google-pay\/#primaryimage"},"image":{"@id":"https:\/\/www.caissealliance.com\/fr\/services\/services-mobiles\/google-pay\/#primaryimage"},"thumbnailUrl":"https:\/\/www.caissealliance.com\/wp-content\/uploads\/services-mobiles_service.jpg","datePublished":"2019-03-22T15:26:26+00:00","dateModified":"2023-05-24T15:32:35+00:00","breadcrumb":{"@id":"https:\/\/www.caissealliance.com\/fr\/services\/services-mobiles\/google-pay\/#breadcrumb"},"inLanguage":"fr-FR","potentialAction":[{"@type":"ReadAction","target":["https:\/\/www.caissealliance.com\/fr\/services\/services-mobiles\/google-pay\/"]}]},{"@type":"ImageObject","inLanguage":"fr-FR","@id":"https:\/\/www.caissealliance.com\/fr\/services\/services-mobiles\/google-pay\/#primaryimage","url":"https:\/\/www.caissealliance.com\/wp-content\/uploads\/services-mobiles_service.jpg","contentUrl":"https:\/\/www.caissealliance.com\/wp-content\/uploads\/services-mobiles_service.jpg","width":1620,"height":792},{"@type":"BreadcrumbList","@id":"https:\/\/www.caissealliance.com\/fr\/services\/services-mobiles\/google-pay\/#breadcrumb","itemListElement":[{"@type":"ListItem","position":1,"name":"Home","item":"https:\/\/www.caissealliance.com\/fr\/"},{"@type":"ListItem","position":2,"name":"Services","item":"https:\/\/www.caissealliance.com\/fr\/services\/"},{"@type":"ListItem","position":3,"name":"Services mobiles","item":"https:\/\/www.caissealliance.com\/fr\/services\/mobile-services\/"},{"@type":"ListItem","position":4,"name":"Google Pay"}]},{"@type":"WebSite","@id":"https:\/\/www.caissealliance.com\/fr\/#website","url":"https:\/\/www.caissealliance.com\/fr\/","name":"Caisse Alliance","description":"Site Web de la Caisse Alliance","potentialAction":[{"@type":"SearchAction","target":{"@type":"EntryPoint","urlTemplate":"https:\/\/www.caissealliance.com\/fr\/?s={search_term_string}"},"query-input":{"@type":"PropertyValueSpecification","valueRequired":true,"valueName":"search_term_string"}}],"inLanguage":"fr-FR"}]}},"publishpress_future_action":{"enabled":false,"date":"2026-04-23 22:28:10","action":"change-status","newStatus":"draft","terms":[],"taxonomy":"section","extraData":[]},"publishpress_future_workflow_manual_trigger":{"enabledWorkflows":[]},"_links":{"self":[{"href":"https:\/\/www.caissealliance.com\/fr\/wp-json\/wp\/v2\/pages\/1759","targetHints":{"allow":["GET"]}}],"collection":[{"href":"https:\/\/www.caissealliance.com\/fr\/wp-json\/wp\/v2\/pages"}],"about":[{"href":"https:\/\/www.caissealliance.com\/fr\/wp-json\/wp\/v2\/types\/page"}],"author":[{"embeddable":true,"href":"https:\/\/www.caissealliance.com\/fr\/wp-json\/wp\/v2\/users\/1"}],"replies":[{"embeddable":true,"href":"https:\/\/www.caissealliance.com\/fr\/wp-json\/wp\/v2\/comments?post=1759"}],"version-history":[{"count":10,"href":"https:\/\/www.caissealliance.com\/fr\/wp-json\/wp\/v2\/pages\/1759\/revisions"}],"predecessor-version":[{"id":19813,"href":"https:\/\/www.caissealliance.com\/fr\/wp-json\/wp\/v2\/pages\/1759\/revisions\/19813"}],"up":[{"embeddable":true,"href":"https:\/\/www.caissealliance.com\/fr\/wp-json\/wp\/v2\/pages\/1699"}],"wp:featuredmedia":[{"embeddable":true,"href":"https:\/\/www.caissealliance.com\/fr\/wp-json\/wp\/v2\/media\/3610"}],"wp:attachment":[{"href":"https:\/\/www.caissealliance.com\/fr\/wp-json\/wp\/v2\/media?parent=1759"}],"curies":[{"name":"wp","href":"https:\/\/api.w.org\/{rel}","templated":true}]}}