{"id":1752,"date":"2019-03-22T11:26:21","date_gmt":"2019-03-22T15:26:21","guid":{"rendered":"http:\/\/caissealliance.absoludev.ca\/virement-interac-et-depot-mobile\/"},"modified":"2024-02-05T10:37:06","modified_gmt":"2024-02-05T15:37:06","slug":"virement-interac-et-depot-mobile","status":"publish","type":"page","link":"https:\/\/www.caissealliance.com\/fr\/services\/services-mobiles\/virement-interac-et-depot-mobile\/","title":{"rendered":"Virement Interac et d\u00e9p\u00f4t mobile"},"content":{"rendered":"<h1>Virement Interac et d\u00e9p\u00f4t mobile<\/h1>\n<h2>Virement Interac<\/h2>\n<p>D\u00e9couvrez la fa\u00e7on rapide et s\u00e9curitaire d\u2019envoyer de l\u2019argent \u00e0 une personne ayant un compte \u00e0 la Caisse Alliance ou dans une autre institution financi\u00e8re canadienne participante. Gr\u00e2ce au Virement<em> Interac,<\/em> disponible dans Allia, vous pouvez virer des fonds en tout temps par texto ou courriel.<\/p>\n<h3><strong>Toutes les occasions sont bonnes!<\/strong><\/h3>\n<p>Utilisez le Virement <em>Interac<\/em> pour contribuer \u00e0 un cadeau de groupe, pour payer votre part de la location du chalet ou encore pour rembourser votre billet de spectacle!<\/p>\n<p>Il suffit que le destinataire ait un compte dans une institution financi\u00e8re au Canada ainsi qu\u2019une adresse courriel ou un num\u00e9ro de t\u00e9l\u00e9phone mobile<sup>(1)<\/sup>.<\/p>\n<h2><strong>Principales caract\u00e9ristiques<\/strong><\/h2>\n<table data-wrap-id=\"table-id-eqaex\">\n<tbody>\n<tr data-wrap-id=\"table-row-yyosv\">\n<td style=\"width: 214px;\" data-wrap-id=\"table-cell-lczyg\"><strong>Simplicit\u00e9<\/strong><\/td>\n<td style=\"width: 986px;\" data-wrap-id=\"table-cell-mjrex\">Aucun renseignement financier<sup>(2)<\/sup> n\u2019est n\u00e9cessaire, seulement une adresse courriel ou un num\u00e9ro de t\u00e9l\u00e9phone mobile.<\/td>\n<\/tr>\n<tr data-wrap-id=\"table-row-pcjab\">\n<td style=\"width: 214px;\" data-wrap-id=\"table-cell-agasw\"><strong>Rapidit\u00e9<\/strong><\/td>\n<td style=\"width: 986px;\" data-wrap-id=\"table-cell-nfseh\">Disponibilit\u00e9 des fonds d\u00e8s que le Virement est accept\u00e9 par le destinataire.<sup>(3)<\/sup><\/td>\n<\/tr>\n<tr data-wrap-id=\"table-row-viueb\">\n<td style=\"width: 214px;\" data-wrap-id=\"table-cell-cpyno\"><strong>Flexibilit\u00e9<\/strong><\/td>\n<td style=\"width: 986px;\" data-wrap-id=\"table-cell-aewfs\">Effectuez ou acceptez vos Virements n&#8217;importe o\u00f9, n&#8217;importe quand!<\/td>\n<\/tr>\n<tr data-wrap-id=\"table-row-gxbzd\">\n<td style=\"width: 214px;\" data-wrap-id=\"table-cell-psujd\"><strong>S\u00e9curit\u00e9<\/strong><\/td>\n<td style=\"width: 986px;\" data-wrap-id=\"table-cell-cqcbs\">Une question de s\u00e9curit\u00e9 vous permet de vous assurer que le Virement a \u00e9t\u00e9 envoy\u00e9 au destinataire voulu. Si vous pr\u00e9f\u00e9rez l&#8217;option du D\u00e9p\u00f4t automatique, les v\u00e9rifications de fraude habituelles sont effectu\u00e9es.<\/td>\n<\/tr>\n<tr data-wrap-id=\"table-row-xrnsr\">\n<td style=\"width: 214px;\" data-wrap-id=\"table-cell-oeuns\"><strong>D\u00e9p\u00f4t automatique<\/strong><\/td>\n<td style=\"width: 986px;\" data-wrap-id=\"table-cell-cukhc\">Aucune question de s\u00e9curit\u00e9 requise. Les fonds sont automatiquement d\u00e9pos\u00e9s au compte de votre choix.<\/td>\n<\/tr>\n<tr data-wrap-id=\"table-row-oosip\">\n<td style=\"width: 214px;\" data-wrap-id=\"table-cell-prztd\"><strong>Montants maximaux<\/strong><\/td>\n<td style=\"width: 986px;\" data-wrap-id=\"table-cell-fcjid\">\n<p><strong>PARTICULIER<\/strong><\/p>\n<p><strong>Option \u00ab\u00a0Effectuer un Virement Interac\u00a0\u00bb\u00a0: limites \u00e9tablies<\/strong><\/p>\n<ul>\n<li>Montant maximal par Virement Interac\u00a0: 6\u00a0000 $<\/li>\n<li>Montant maximal en Virements Interac en 24 h\u00a0: 20\u00a0000 $<\/li>\n<li>Montant maximal en Virements Interac en 7 jours\u00a0: 20\u00a0000 $<\/li>\n<li>Montant maximal en Virements Interac en 30 jours : 40 000 $<\/li>\n<\/ul>\n<p><strong>Option \u00ab\u00a0Demander de l\u2019argent par Virement Interac\u00a0\u00bb\u00a0: limite \u00e9tablie<\/strong><\/p>\n<ul>\n<li>Montant maximal par demande de Virement : 3 000 $<\/li>\n<\/ul>\n<p><strong>ENTREPRISE<\/strong><\/p>\n<p><strong>Option \u00ab\u00a0Effectuer un Virement Interac\u00a0\u00bb\u00a0: limites \u00e9tablies<\/strong><\/p>\n<ul>\n<li>Montant par Virement Interac\u00a0: 25\u00a0000 $<\/li>\n<li>Montant maximal en Virements Interac en 24 h\u00a0: 50\u00a0000 $<\/li>\n<li>Montant maximal en Virements Interac en 7 jours\u00a0: 125\u00a0000 $<\/li>\n<li>Montant maximal en Virements Interac en 30 jours\u00a0: 250\u00a0000 $<\/li>\n<\/ul>\n<p><strong>Option \u00ab\u00a0Demander de l\u2019argent par Virement Interac\u00a0\u00bb\u00a0: limite \u00e9tablie<\/strong><\/p>\n<ul>\n<li>Montant maximal par demande de Virement\u00a0: 3\u00a0000 $<\/li>\n<\/ul>\n<p style=\"text-align: center;\">***<\/p>\n<p><strong>PARTICULIER ET ENTREPRISE<\/strong><\/p>\n<p><strong>Option \u00ab R\u00e9cevoir un Virement Interac \u00bb : limite \u00e9tablie<\/strong><\/p>\n<ul>\n<li>Montant maximal pour la r\u00e9ception d&#8217;un Virement Interac : 25 000 $<\/li>\n<\/ul>\n<\/td>\n<\/tr>\n<tr data-wrap-id=\"table-row-cmuts\">\n<td style=\"width: 214px;\" data-wrap-id=\"table-cell-hsslt\"><strong>Co\u00fbt<\/strong><\/td>\n<td style=\"width: 986px;\" data-wrap-id=\"table-cell-ltxvc\">Aucuns frais<sup>(4)<\/sup> si vous d\u00e9tenez un forfait transactionnel et que vous respectez le nombre de transactions inclus dans votre forfait. Aucuns frais si vous \u00eates la personne qui re\u00e7oit le Virement.<\/td>\n<\/tr>\n<tr data-wrap-id=\"table-row-ckpoz\">\n<td style=\"width: 214px;\" data-wrap-id=\"table-cell-ddxru\"><strong>Institutions financi\u00e8res participantes<\/strong><\/td>\n<td style=\"width: 986px;\" data-wrap-id=\"table-cell-wport\">Voir la <a href=\"http:\/\/www.interac.ca\/fr\/virement-interac-consommateurs.html#sp-expandable-content-wrapper\" target=\"_blank\" rel=\"noopener noreferrer\" data-gc-link=\"http:\/\/www.interac.ca\/fr\/virement-interac-consommateurs.html#sp-expandable-content-wrapper\">liste des institutions financi\u00e8res participantes.<\/a><\/td>\n<\/tr>\n<\/tbody>\n<\/table>\n<h2><strong>D\u00e9p\u00f4t mobile<\/strong><\/h2>\n<p>Gr\u00e2ce au d\u00e9p\u00f4t mobile, vous pouvez d\u00e9poser un ch\u00e8que sans avoir \u00e0 vous d\u00e9placer en centre de services ou au guichet automatique. Il vous suffit de prendre le ch\u00e8que en photo, recto et verso!<\/p>\n<p>C\u2019est simple, instantan\u00e9 et sans frais!<\/p>\n<h3>Ce qu\u2019il faut savoir<\/h3>\n<ul>\n<li data-gc-list-depth=\"1\" data-gc-list-style=\"bullet\">La majorit\u00e9 des ch\u00e8ques sont admissibles au d\u00e9p\u00f4t mobile.<\/li>\n<li data-gc-list-depth=\"1\" data-gc-list-style=\"bullet\">Le ch\u00e8que \u00e0 d\u00e9poser doit \u00eatre en devise canadienne et doit provenir d\u2019une institution financi\u00e8re canadienne.<\/li>\n<li data-gc-list-depth=\"1\" data-gc-list-style=\"bullet\">Le d\u00e9p\u00f4t mobile peut s\u2019effectuer dans un compte d\u2019\u00e9pargne avec op\u00e9rations ou un compte d\u2019\u00e9pargne stable non enregistr\u00e9.<\/li>\n<li data-gc-list-depth=\"1\" data-gc-list-style=\"bullet\">Lorsque vous d\u00e9posez un ch\u00e8que \u00e0 l\u2019aide du d\u00e9p\u00f4t mobile, vous devez conserver votre ch\u00e8que durant 90 jours et le d\u00e9truire dans les 120 jours. Apr\u00e8s avoir confirm\u00e9 le tout, \u00e9crivez \u00ab D\u00e9pos\u00e9 \u00bb au recto du ch\u00e8que pour vous rappeler qu\u2019il a \u00e9t\u00e9 d\u00e9pos\u00e9. Rangez le ch\u00e8que dans un endroit s\u00fbr au cas o\u00f9 on vous demanderait de fournir l\u2019original pour une raison ou une autre.<\/li>\n<li data-gc-list-depth=\"1\" data-gc-list-style=\"bullet\">Les r\u00e8gles applicables au niveau de la p\u00e9riode de retenue des fonds d\u00e9pos\u00e9s sont les m\u00eames que pour les ch\u00e8ques d\u00e9pos\u00e9s en centre de services<sup>(5)<\/sup>.<\/li>\n<li data-gc-list-depth=\"1\" data-gc-list-style=\"bullet\">Il n&#8217;y a pas de limite au montant des d\u00e9p\u00f4ts mobiles. Les fonds pourraient toutefois \u00eatre gel\u00e9s pour une p\u00e9riode de 5 jours, selon l&#8217;autorisation au dossier du membre.<\/li>\n<li>Il n\u2019y a aucuns frais li\u00e9s \u00e0 cette fonctionnalit\u00e9.<\/li>\n<\/ul>\n<p><sup>MD<\/sup> Le logo <em>Interac<\/em> et le Virement<em> Interac <\/em>sont des marques d\u00e9pos\u00e9es d\u2019Interac Inc. Utilis\u00e9es sous license.<\/p>\n<p><sup>1<\/sup> Seuls les Virements en devise canadienne sont permis.<\/p>\n<p><sup>2<\/sup> Les informations serviront exclusivement \u00e0 envoyer un avis de virement de fonds au destinataire. Le destinataire doit s\u2019assurer d\u2019\u00eatre client d\u2019une institution financi\u00e8re participante et aussi d\u2019avoir acc\u00e8s \u00e0 ses comptes financiers par l\u2019entremise d\u2019une solution en ligne s\u00e9curis\u00e9e de cette m\u00eame institution financi\u00e8re.<\/p>\n<p><sup>3<\/sup> Si l\u2019argent n\u2019est pas d\u00e9pos\u00e9 par le destinataire dans les 30 jours, le montant vous sera retourn\u00e9.<\/p>\n<p><sup>4<\/sup> Des frais de transaction s\u2019appliquent si vous d\u00e9passez le nombre de transactions inclus dans votre forfait transactionnel ou si vous n\u2019avez pas de forfait transactionnel.<\/p>\n<p><sup>5<\/sup> La disponibilit\u00e9 des fonds est soumise \u00e0 la politique de retenue de fonds de la Caisse Alliance et \u00e0 votre limite d\u2019acc\u00e8s aux fonds disponibles. Informez-vous aupr\u00e8s de votre <a href=\"https:\/\/www.caissealliance.com\/fr\/centres-de-services\/\">centre de services<\/a> des restrictions qui sont applicables aux membres particuliers et aux membres entreprises.<\/p>\n","protected":false},"excerpt":{"rendered":"<p>D\u00e9couvrez la fa\u00e7on rapide et s\u00e9curitaire d\u2019envoyer de l\u2019argent \u00e0 une personne ayant un compte \u00e0 la Caisse Alliance ou dans une autre institution financi\u00e8re canadienne participante. Gr\u00e2ce au Virement Interac, disponible dans Allia, vous pouvez virer des fonds en tout temps par texto ou courriel. Utilisez le Virement Interac pour contribuer \u00e0 un cadeau [&#8230;]<\/p>\n","protected":false},"author":1,"featured_media":3610,"parent":1699,"menu_order":3,"comment_status":"closed","ping_status":"closed","template":"","meta":{"_acf_changed":false,"_monsterinsights_skip_tracking":false,"_monsterinsights_sitenote_active":false,"_monsterinsights_sitenote_note":"","_monsterinsights_sitenote_category":0,"footnotes":""},"class_list":["post-1752","page","type-page","status-publish","has-post-thumbnail","hentry","section-services-particulier"],"acf":[],"yoast_head":"<!-- This site is optimized with the Yoast SEO plugin v27.3 - https:\/\/yoast.com\/product\/yoast-seo-wordpress\/ -->\n<title>Virement Interac et d\u00e9p\u00f4t mobile | Caisse Alliance<\/title>\n<meta name=\"robots\" content=\"index, follow, max-snippet:-1, max-image-preview:large, max-video-preview:-1\" \/>\n<link rel=\"canonical\" href=\"https:\/\/www.caissealliance.com\/fr\/services\/services-mobiles\/virement-interac-et-depot-mobile\/\" \/>\n<meta property=\"og:locale\" content=\"fr_FR\" \/>\n<meta property=\"og:type\" content=\"article\" \/>\n<meta property=\"og:title\" content=\"Virement Interac et d\u00e9p\u00f4t mobile | Caisse Alliance\" \/>\n<meta property=\"og:description\" content=\"D\u00e9couvrez la fa\u00e7on rapide et s\u00e9curitaire d\u2019envoyer de l\u2019argent \u00e0 une personne ayant un compte \u00e0 la Caisse Alliance ou dans une autre institution financi\u00e8re canadienne participante. Gr\u00e2ce au Virement Interac, disponible dans Allia, vous pouvez virer des fonds en tout temps par texto ou courriel. Utilisez le Virement Interac pour contribuer \u00e0 un cadeau [...]\" \/>\n<meta property=\"og:url\" content=\"https:\/\/www.caissealliance.com\/fr\/services\/services-mobiles\/virement-interac-et-depot-mobile\/\" \/>\n<meta property=\"og:site_name\" content=\"Caisse Alliance\" \/>\n<meta property=\"article:modified_time\" content=\"2024-02-05T15:37:06+00:00\" \/>\n<meta property=\"og:image\" content=\"https:\/\/www.caissealliance.com\/wp-content\/uploads\/services-mobiles_service.jpg\" \/>\n\t<meta property=\"og:image:width\" content=\"1620\" \/>\n\t<meta property=\"og:image:height\" content=\"792\" \/>\n\t<meta property=\"og:image:type\" content=\"image\/jpeg\" \/>\n<meta name=\"twitter:card\" content=\"summary_large_image\" \/>\n<meta name=\"twitter:label1\" content=\"Dur\u00e9e de lecture estim\u00e9e\" \/>\n\t<meta name=\"twitter:data1\" content=\"5 minutes\" \/>\n<script type=\"application\/ld+json\" class=\"yoast-schema-graph\">{\"@context\":\"https:\\\/\\\/schema.org\",\"@graph\":[{\"@type\":\"WebPage\",\"@id\":\"https:\\\/\\\/www.caissealliance.com\\\/fr\\\/services\\\/services-mobiles\\\/virement-interac-et-depot-mobile\\\/\",\"url\":\"https:\\\/\\\/www.caissealliance.com\\\/fr\\\/services\\\/services-mobiles\\\/virement-interac-et-depot-mobile\\\/\",\"name\":\"Virement Interac et d\u00e9p\u00f4t mobile | Caisse Alliance\",\"isPartOf\":{\"@id\":\"https:\\\/\\\/www.caissealliance.com\\\/fr\\\/#website\"},\"primaryImageOfPage\":{\"@id\":\"https:\\\/\\\/www.caissealliance.com\\\/fr\\\/services\\\/services-mobiles\\\/virement-interac-et-depot-mobile\\\/#primaryimage\"},\"image\":{\"@id\":\"https:\\\/\\\/www.caissealliance.com\\\/fr\\\/services\\\/services-mobiles\\\/virement-interac-et-depot-mobile\\\/#primaryimage\"},\"thumbnailUrl\":\"https:\\\/\\\/www.caissealliance.com\\\/wp-content\\\/uploads\\\/services-mobiles_service.jpg\",\"datePublished\":\"2019-03-22T15:26:21+00:00\",\"dateModified\":\"2024-02-05T15:37:06+00:00\",\"breadcrumb\":{\"@id\":\"https:\\\/\\\/www.caissealliance.com\\\/fr\\\/services\\\/services-mobiles\\\/virement-interac-et-depot-mobile\\\/#breadcrumb\"},\"inLanguage\":\"fr-FR\",\"potentialAction\":[{\"@type\":\"ReadAction\",\"target\":[\"https:\\\/\\\/www.caissealliance.com\\\/fr\\\/services\\\/services-mobiles\\\/virement-interac-et-depot-mobile\\\/\"]}]},{\"@type\":\"ImageObject\",\"inLanguage\":\"fr-FR\",\"@id\":\"https:\\\/\\\/www.caissealliance.com\\\/fr\\\/services\\\/services-mobiles\\\/virement-interac-et-depot-mobile\\\/#primaryimage\",\"url\":\"https:\\\/\\\/www.caissealliance.com\\\/wp-content\\\/uploads\\\/services-mobiles_service.jpg\",\"contentUrl\":\"https:\\\/\\\/www.caissealliance.com\\\/wp-content\\\/uploads\\\/services-mobiles_service.jpg\",\"width\":1620,\"height\":792},{\"@type\":\"BreadcrumbList\",\"@id\":\"https:\\\/\\\/www.caissealliance.com\\\/fr\\\/services\\\/services-mobiles\\\/virement-interac-et-depot-mobile\\\/#breadcrumb\",\"itemListElement\":[{\"@type\":\"ListItem\",\"position\":1,\"name\":\"Home\",\"item\":\"https:\\\/\\\/www.caissealliance.com\\\/fr\\\/\"},{\"@type\":\"ListItem\",\"position\":2,\"name\":\"Services\",\"item\":\"https:\\\/\\\/www.caissealliance.com\\\/fr\\\/services\\\/\"},{\"@type\":\"ListItem\",\"position\":3,\"name\":\"Services mobiles\",\"item\":\"https:\\\/\\\/www.caissealliance.com\\\/fr\\\/services\\\/mobile-services\\\/\"},{\"@type\":\"ListItem\",\"position\":4,\"name\":\"Virement Interac et d\u00e9p\u00f4t mobile\"}]},{\"@type\":\"WebSite\",\"@id\":\"https:\\\/\\\/www.caissealliance.com\\\/fr\\\/#website\",\"url\":\"https:\\\/\\\/www.caissealliance.com\\\/fr\\\/\",\"name\":\"Caisse Alliance\",\"description\":\"Site Web de la Caisse Alliance\",\"potentialAction\":[{\"@type\":\"SearchAction\",\"target\":{\"@type\":\"EntryPoint\",\"urlTemplate\":\"https:\\\/\\\/www.caissealliance.com\\\/fr\\\/?s={search_term_string}\"},\"query-input\":{\"@type\":\"PropertyValueSpecification\",\"valueRequired\":true,\"valueName\":\"search_term_string\"}}],\"inLanguage\":\"fr-FR\"}]}<\/script>\n<!-- \/ Yoast SEO plugin. -->","yoast_head_json":{"title":"Virement Interac et d\u00e9p\u00f4t mobile | Caisse Alliance","robots":{"index":"index","follow":"follow","max-snippet":"max-snippet:-1","max-image-preview":"max-image-preview:large","max-video-preview":"max-video-preview:-1"},"canonical":"https:\/\/www.caissealliance.com\/fr\/services\/services-mobiles\/virement-interac-et-depot-mobile\/","og_locale":"fr_FR","og_type":"article","og_title":"Virement Interac et d\u00e9p\u00f4t mobile | Caisse Alliance","og_description":"D\u00e9couvrez la fa\u00e7on rapide et s\u00e9curitaire d\u2019envoyer de l\u2019argent \u00e0 une personne ayant un compte \u00e0 la Caisse Alliance ou dans une autre institution financi\u00e8re canadienne participante. Gr\u00e2ce au Virement Interac, disponible dans Allia, vous pouvez virer des fonds en tout temps par texto ou courriel. Utilisez le Virement Interac pour contribuer \u00e0 un cadeau [...]","og_url":"https:\/\/www.caissealliance.com\/fr\/services\/services-mobiles\/virement-interac-et-depot-mobile\/","og_site_name":"Caisse Alliance","article_modified_time":"2024-02-05T15:37:06+00:00","og_image":[{"width":1620,"height":792,"url":"https:\/\/www.caissealliance.com\/wp-content\/uploads\/services-mobiles_service.jpg","type":"image\/jpeg"}],"twitter_card":"summary_large_image","twitter_misc":{"Dur\u00e9e de lecture estim\u00e9e":"5 minutes"},"schema":{"@context":"https:\/\/schema.org","@graph":[{"@type":"WebPage","@id":"https:\/\/www.caissealliance.com\/fr\/services\/services-mobiles\/virement-interac-et-depot-mobile\/","url":"https:\/\/www.caissealliance.com\/fr\/services\/services-mobiles\/virement-interac-et-depot-mobile\/","name":"Virement Interac et d\u00e9p\u00f4t mobile | Caisse Alliance","isPartOf":{"@id":"https:\/\/www.caissealliance.com\/fr\/#website"},"primaryImageOfPage":{"@id":"https:\/\/www.caissealliance.com\/fr\/services\/services-mobiles\/virement-interac-et-depot-mobile\/#primaryimage"},"image":{"@id":"https:\/\/www.caissealliance.com\/fr\/services\/services-mobiles\/virement-interac-et-depot-mobile\/#primaryimage"},"thumbnailUrl":"https:\/\/www.caissealliance.com\/wp-content\/uploads\/services-mobiles_service.jpg","datePublished":"2019-03-22T15:26:21+00:00","dateModified":"2024-02-05T15:37:06+00:00","breadcrumb":{"@id":"https:\/\/www.caissealliance.com\/fr\/services\/services-mobiles\/virement-interac-et-depot-mobile\/#breadcrumb"},"inLanguage":"fr-FR","potentialAction":[{"@type":"ReadAction","target":["https:\/\/www.caissealliance.com\/fr\/services\/services-mobiles\/virement-interac-et-depot-mobile\/"]}]},{"@type":"ImageObject","inLanguage":"fr-FR","@id":"https:\/\/www.caissealliance.com\/fr\/services\/services-mobiles\/virement-interac-et-depot-mobile\/#primaryimage","url":"https:\/\/www.caissealliance.com\/wp-content\/uploads\/services-mobiles_service.jpg","contentUrl":"https:\/\/www.caissealliance.com\/wp-content\/uploads\/services-mobiles_service.jpg","width":1620,"height":792},{"@type":"BreadcrumbList","@id":"https:\/\/www.caissealliance.com\/fr\/services\/services-mobiles\/virement-interac-et-depot-mobile\/#breadcrumb","itemListElement":[{"@type":"ListItem","position":1,"name":"Home","item":"https:\/\/www.caissealliance.com\/fr\/"},{"@type":"ListItem","position":2,"name":"Services","item":"https:\/\/www.caissealliance.com\/fr\/services\/"},{"@type":"ListItem","position":3,"name":"Services mobiles","item":"https:\/\/www.caissealliance.com\/fr\/services\/mobile-services\/"},{"@type":"ListItem","position":4,"name":"Virement Interac et d\u00e9p\u00f4t mobile"}]},{"@type":"WebSite","@id":"https:\/\/www.caissealliance.com\/fr\/#website","url":"https:\/\/www.caissealliance.com\/fr\/","name":"Caisse Alliance","description":"Site Web de la Caisse Alliance","potentialAction":[{"@type":"SearchAction","target":{"@type":"EntryPoint","urlTemplate":"https:\/\/www.caissealliance.com\/fr\/?s={search_term_string}"},"query-input":{"@type":"PropertyValueSpecification","valueRequired":true,"valueName":"search_term_string"}}],"inLanguage":"fr-FR"}]}},"publishpress_future_action":{"enabled":false,"date":"2026-04-22 14:22:17","action":"change-status","newStatus":"draft","terms":[],"taxonomy":"section","extraData":[]},"publishpress_future_workflow_manual_trigger":{"enabledWorkflows":[]},"_links":{"self":[{"href":"https:\/\/www.caissealliance.com\/fr\/wp-json\/wp\/v2\/pages\/1752","targetHints":{"allow":["GET"]}}],"collection":[{"href":"https:\/\/www.caissealliance.com\/fr\/wp-json\/wp\/v2\/pages"}],"about":[{"href":"https:\/\/www.caissealliance.com\/fr\/wp-json\/wp\/v2\/types\/page"}],"author":[{"embeddable":true,"href":"https:\/\/www.caissealliance.com\/fr\/wp-json\/wp\/v2\/users\/1"}],"replies":[{"embeddable":true,"href":"https:\/\/www.caissealliance.com\/fr\/wp-json\/wp\/v2\/comments?post=1752"}],"version-history":[{"count":22,"href":"https:\/\/www.caissealliance.com\/fr\/wp-json\/wp\/v2\/pages\/1752\/revisions"}],"predecessor-version":[{"id":25227,"href":"https:\/\/www.caissealliance.com\/fr\/wp-json\/wp\/v2\/pages\/1752\/revisions\/25227"}],"up":[{"embeddable":true,"href":"https:\/\/www.caissealliance.com\/fr\/wp-json\/wp\/v2\/pages\/1699"}],"wp:featuredmedia":[{"embeddable":true,"href":"https:\/\/www.caissealliance.com\/fr\/wp-json\/wp\/v2\/media\/3610"}],"wp:attachment":[{"href":"https:\/\/www.caissealliance.com\/fr\/wp-json\/wp\/v2\/media?parent=1752"}],"curies":[{"name":"wp","href":"https:\/\/api.w.org\/{rel}","templated":true}]}}