{"id":1750,"date":"2019-03-22T11:26:18","date_gmt":"2019-03-22T15:26:18","guid":{"rendered":"http:\/\/caissealliance.absoludev.ca\/lapplication-mobile-ou-quand-et-comme-vous-voulez\/"},"modified":"2025-08-07T13:40:15","modified_gmt":"2025-08-07T17:40:15","slug":"application-mobile","status":"publish","type":"page","link":"https:\/\/www.caissealliance.com\/fr\/services\/services-mobiles\/application-mobile\/","title":{"rendered":"L\u2019acc\u00e8s \u00e0 vos comptes en ligne, c\u2019est Allia."},"content":{"rendered":"<h1>L\u2019acc\u00e8s \u00e0 vos comptes en ligne, c\u2019est Allia.<\/h1>\n<p>La Caisse Alliance est fi\u00e8re d\u2019offrir Allia, l\u2019alli\u00e9e de toutes vos finances personnelles et professionnelles. L&#8217;application Allia &#8211; Caisse Alliance est disponible pour le t\u00e9l\u00e9chargement dans l\u2019App Store d\u2019Apple (iPhone) et dans Google Play Store (Android).<\/p>\n<h2>Nous sommes l\u00e0 pour vous aider<\/h2>\n<p>Parce que nous b\u00e2tissons sur de fortes valeurs humaines et que pour nous, votre bonheur est capital, l\u2019\u00e9quipe de la Caisse Alliance a \u00e0 c\u0153ur de demeurer \u00e0 votre enti\u00e8re disposition en personne et en ligne afin de bien vous encadrer et vous accompagner.<\/p>\n<p><strong><a href=\"https:\/\/www.caissealliance.com\/fr\/allia\/\">En savoir plus sur Allia<\/a><\/strong><\/p>\n<p><strong><a href=\"https:\/\/www.caissealliance.com\/fr\/faq-categories\/allia\/\">Consulter la FAQ<\/a><\/strong><\/p>\n","protected":false},"excerpt":{"rendered":"<p>La Caisse Alliance est fi\u00e8re d\u2019offrir Allia, l\u2019alli\u00e9e de toutes vos finances personnelles et professionnelles. L&#8217;application Allia &#8211; Caisse Alliance est disponible pour le t\u00e9l\u00e9chargement dans l\u2019App Store d\u2019Apple (iPhone) et dans Google Play Store (Android). Parce que nous b\u00e2tissons sur de fortes valeurs humaines et que pour nous, votre bonheur est capital, l\u2019\u00e9quipe de [&#8230;]<\/p>\n","protected":false},"author":1,"featured_media":24844,"parent":1699,"menu_order":1,"comment_status":"closed","ping_status":"closed","template":"","meta":{"_acf_changed":false,"_monsterinsights_skip_tracking":false,"_monsterinsights_sitenote_active":false,"_monsterinsights_sitenote_note":"","_monsterinsights_sitenote_category":0,"footnotes":""},"class_list":["post-1750","page","type-page","status-publish","has-post-thumbnail","hentry","section-services-particulier"],"acf":[],"yoast_head":"<!-- This site is optimized with the Yoast SEO plugin v27.5 - https:\/\/yoast.com\/product\/yoast-seo-wordpress\/ -->\n<title>L\u2019acc\u00e8s \u00e0 vos comptes en ligne, c\u2019est Allia. | Caisse Alliance<\/title>\n<meta name=\"robots\" content=\"index, follow, max-snippet:-1, max-image-preview:large, max-video-preview:-1\" \/>\n<link rel=\"canonical\" href=\"https:\/\/www.caissealliance.com\/fr\/services\/services-mobiles\/application-mobile\/\" \/>\n<meta property=\"og:locale\" content=\"fr_FR\" \/>\n<meta property=\"og:type\" content=\"article\" \/>\n<meta property=\"og:title\" content=\"L\u2019acc\u00e8s \u00e0 vos comptes en ligne, c\u2019est Allia. | Caisse Alliance\" \/>\n<meta property=\"og:description\" content=\"La Caisse Alliance est fi\u00e8re d\u2019offrir Allia, l\u2019alli\u00e9e de toutes vos finances personnelles et professionnelles. L&#8217;application Allia &#8211; Caisse Alliance est disponible pour le t\u00e9l\u00e9chargement dans l\u2019App Store d\u2019Apple (iPhone) et dans Google Play Store (Android). Parce que nous b\u00e2tissons sur de fortes valeurs humaines et que pour nous, votre bonheur est capital, l\u2019\u00e9quipe de [...]\" \/>\n<meta property=\"og:url\" content=\"https:\/\/www.caissealliance.com\/fr\/services\/services-mobiles\/application-mobile\/\" \/>\n<meta property=\"og:site_name\" content=\"Caisse Alliance\" \/>\n<meta property=\"article:modified_time\" content=\"2025-08-07T17:40:15+00:00\" \/>\n<meta property=\"og:image\" content=\"https:\/\/www.caissealliance.com\/wp-content\/uploads\/Slider-Allia-FR.png\" \/>\n\t<meta property=\"og:image:width\" content=\"2560\" \/>\n\t<meta property=\"og:image:height\" content=\"890\" \/>\n\t<meta property=\"og:image:type\" content=\"image\/png\" \/>\n<meta name=\"twitter:card\" content=\"summary_large_image\" \/>\n<meta name=\"twitter:label1\" content=\"Dur\u00e9e de lecture estim\u00e9e\" \/>\n\t<meta name=\"twitter:data1\" content=\"1 minute\" \/>\n<script type=\"application\/ld+json\" class=\"yoast-schema-graph\">{\"@context\":\"https:\\\/\\\/schema.org\",\"@graph\":[{\"@type\":\"WebPage\",\"@id\":\"https:\\\/\\\/www.caissealliance.com\\\/fr\\\/services\\\/services-mobiles\\\/application-mobile\\\/\",\"url\":\"https:\\\/\\\/www.caissealliance.com\\\/fr\\\/services\\\/services-mobiles\\\/application-mobile\\\/\",\"name\":\"L\u2019acc\u00e8s \u00e0 vos comptes en ligne, c\u2019est Allia. | Caisse Alliance\",\"isPartOf\":{\"@id\":\"https:\\\/\\\/www.caissealliance.com\\\/fr\\\/#website\"},\"primaryImageOfPage\":{\"@id\":\"https:\\\/\\\/www.caissealliance.com\\\/fr\\\/services\\\/services-mobiles\\\/application-mobile\\\/#primaryimage\"},\"image\":{\"@id\":\"https:\\\/\\\/www.caissealliance.com\\\/fr\\\/services\\\/services-mobiles\\\/application-mobile\\\/#primaryimage\"},\"thumbnailUrl\":\"https:\\\/\\\/www.caissealliance.com\\\/wp-content\\\/uploads\\\/Slider-Allia-FR.png\",\"datePublished\":\"2019-03-22T15:26:18+00:00\",\"dateModified\":\"2025-08-07T17:40:15+00:00\",\"breadcrumb\":{\"@id\":\"https:\\\/\\\/www.caissealliance.com\\\/fr\\\/services\\\/services-mobiles\\\/application-mobile\\\/#breadcrumb\"},\"inLanguage\":\"fr-FR\",\"potentialAction\":[{\"@type\":\"ReadAction\",\"target\":[\"https:\\\/\\\/www.caissealliance.com\\\/fr\\\/services\\\/services-mobiles\\\/application-mobile\\\/\"]}]},{\"@type\":\"ImageObject\",\"inLanguage\":\"fr-FR\",\"@id\":\"https:\\\/\\\/www.caissealliance.com\\\/fr\\\/services\\\/services-mobiles\\\/application-mobile\\\/#primaryimage\",\"url\":\"https:\\\/\\\/www.caissealliance.com\\\/wp-content\\\/uploads\\\/Slider-Allia-FR.png\",\"contentUrl\":\"https:\\\/\\\/www.caissealliance.com\\\/wp-content\\\/uploads\\\/Slider-Allia-FR.png\",\"width\":2560,\"height\":890},{\"@type\":\"BreadcrumbList\",\"@id\":\"https:\\\/\\\/www.caissealliance.com\\\/fr\\\/services\\\/services-mobiles\\\/application-mobile\\\/#breadcrumb\",\"itemListElement\":[{\"@type\":\"ListItem\",\"position\":1,\"name\":\"Home\",\"item\":\"https:\\\/\\\/www.caissealliance.com\\\/fr\\\/\"},{\"@type\":\"ListItem\",\"position\":2,\"name\":\"Services\",\"item\":\"https:\\\/\\\/www.caissealliance.com\\\/fr\\\/services\\\/\"},{\"@type\":\"ListItem\",\"position\":3,\"name\":\"Services mobiles\",\"item\":\"https:\\\/\\\/www.caissealliance.com\\\/fr\\\/services\\\/mobile-services\\\/\"},{\"@type\":\"ListItem\",\"position\":4,\"name\":\"L\u2019acc\u00e8s \u00e0 vos comptes en ligne, c\u2019est Allia.\"}]},{\"@type\":\"WebSite\",\"@id\":\"https:\\\/\\\/www.caissealliance.com\\\/fr\\\/#website\",\"url\":\"https:\\\/\\\/www.caissealliance.com\\\/fr\\\/\",\"name\":\"Caisse Alliance\",\"description\":\"Site Web de la Caisse Alliance\",\"potentialAction\":[{\"@type\":\"SearchAction\",\"target\":{\"@type\":\"EntryPoint\",\"urlTemplate\":\"https:\\\/\\\/www.caissealliance.com\\\/fr\\\/?s={search_term_string}\"},\"query-input\":{\"@type\":\"PropertyValueSpecification\",\"valueRequired\":true,\"valueName\":\"search_term_string\"}}],\"inLanguage\":\"fr-FR\"}]}<\/script>\n<!-- \/ Yoast SEO plugin. -->","yoast_head_json":{"title":"L\u2019acc\u00e8s \u00e0 vos comptes en ligne, c\u2019est Allia. | Caisse Alliance","robots":{"index":"index","follow":"follow","max-snippet":"max-snippet:-1","max-image-preview":"max-image-preview:large","max-video-preview":"max-video-preview:-1"},"canonical":"https:\/\/www.caissealliance.com\/fr\/services\/services-mobiles\/application-mobile\/","og_locale":"fr_FR","og_type":"article","og_title":"L\u2019acc\u00e8s \u00e0 vos comptes en ligne, c\u2019est Allia. | Caisse Alliance","og_description":"La Caisse Alliance est fi\u00e8re d\u2019offrir Allia, l\u2019alli\u00e9e de toutes vos finances personnelles et professionnelles. L&#8217;application Allia &#8211; Caisse Alliance est disponible pour le t\u00e9l\u00e9chargement dans l\u2019App Store d\u2019Apple (iPhone) et dans Google Play Store (Android). Parce que nous b\u00e2tissons sur de fortes valeurs humaines et que pour nous, votre bonheur est capital, l\u2019\u00e9quipe de [...]","og_url":"https:\/\/www.caissealliance.com\/fr\/services\/services-mobiles\/application-mobile\/","og_site_name":"Caisse Alliance","article_modified_time":"2025-08-07T17:40:15+00:00","og_image":[{"width":2560,"height":890,"url":"https:\/\/www.caissealliance.com\/wp-content\/uploads\/Slider-Allia-FR.png","type":"image\/png"}],"twitter_card":"summary_large_image","twitter_misc":{"Dur\u00e9e de lecture estim\u00e9e":"1 minute"},"schema":{"@context":"https:\/\/schema.org","@graph":[{"@type":"WebPage","@id":"https:\/\/www.caissealliance.com\/fr\/services\/services-mobiles\/application-mobile\/","url":"https:\/\/www.caissealliance.com\/fr\/services\/services-mobiles\/application-mobile\/","name":"L\u2019acc\u00e8s \u00e0 vos comptes en ligne, c\u2019est Allia. | Caisse Alliance","isPartOf":{"@id":"https:\/\/www.caissealliance.com\/fr\/#website"},"primaryImageOfPage":{"@id":"https:\/\/www.caissealliance.com\/fr\/services\/services-mobiles\/application-mobile\/#primaryimage"},"image":{"@id":"https:\/\/www.caissealliance.com\/fr\/services\/services-mobiles\/application-mobile\/#primaryimage"},"thumbnailUrl":"https:\/\/www.caissealliance.com\/wp-content\/uploads\/Slider-Allia-FR.png","datePublished":"2019-03-22T15:26:18+00:00","dateModified":"2025-08-07T17:40:15+00:00","breadcrumb":{"@id":"https:\/\/www.caissealliance.com\/fr\/services\/services-mobiles\/application-mobile\/#breadcrumb"},"inLanguage":"fr-FR","potentialAction":[{"@type":"ReadAction","target":["https:\/\/www.caissealliance.com\/fr\/services\/services-mobiles\/application-mobile\/"]}]},{"@type":"ImageObject","inLanguage":"fr-FR","@id":"https:\/\/www.caissealliance.com\/fr\/services\/services-mobiles\/application-mobile\/#primaryimage","url":"https:\/\/www.caissealliance.com\/wp-content\/uploads\/Slider-Allia-FR.png","contentUrl":"https:\/\/www.caissealliance.com\/wp-content\/uploads\/Slider-Allia-FR.png","width":2560,"height":890},{"@type":"BreadcrumbList","@id":"https:\/\/www.caissealliance.com\/fr\/services\/services-mobiles\/application-mobile\/#breadcrumb","itemListElement":[{"@type":"ListItem","position":1,"name":"Home","item":"https:\/\/www.caissealliance.com\/fr\/"},{"@type":"ListItem","position":2,"name":"Services","item":"https:\/\/www.caissealliance.com\/fr\/services\/"},{"@type":"ListItem","position":3,"name":"Services mobiles","item":"https:\/\/www.caissealliance.com\/fr\/services\/mobile-services\/"},{"@type":"ListItem","position":4,"name":"L\u2019acc\u00e8s \u00e0 vos comptes en ligne, c\u2019est Allia."}]},{"@type":"WebSite","@id":"https:\/\/www.caissealliance.com\/fr\/#website","url":"https:\/\/www.caissealliance.com\/fr\/","name":"Caisse Alliance","description":"Site Web de la Caisse Alliance","potentialAction":[{"@type":"SearchAction","target":{"@type":"EntryPoint","urlTemplate":"https:\/\/www.caissealliance.com\/fr\/?s={search_term_string}"},"query-input":{"@type":"PropertyValueSpecification","valueRequired":true,"valueName":"search_term_string"}}],"inLanguage":"fr-FR"}]}},"publishpress_future_action":{"enabled":false,"date":"2026-05-09 03:46:04","action":"change-status","newStatus":"draft","terms":[],"taxonomy":"section","extraData":[]},"publishpress_future_workflow_manual_trigger":{"enabledWorkflows":[]},"_links":{"self":[{"href":"https:\/\/www.caissealliance.com\/fr\/wp-json\/wp\/v2\/pages\/1750","targetHints":{"allow":["GET"]}}],"collection":[{"href":"https:\/\/www.caissealliance.com\/fr\/wp-json\/wp\/v2\/pages"}],"about":[{"href":"https:\/\/www.caissealliance.com\/fr\/wp-json\/wp\/v2\/types\/page"}],"author":[{"embeddable":true,"href":"https:\/\/www.caissealliance.com\/fr\/wp-json\/wp\/v2\/users\/1"}],"replies":[{"embeddable":true,"href":"https:\/\/www.caissealliance.com\/fr\/wp-json\/wp\/v2\/comments?post=1750"}],"version-history":[{"count":16,"href":"https:\/\/www.caissealliance.com\/fr\/wp-json\/wp\/v2\/pages\/1750\/revisions"}],"predecessor-version":[{"id":33414,"href":"https:\/\/www.caissealliance.com\/fr\/wp-json\/wp\/v2\/pages\/1750\/revisions\/33414"}],"up":[{"embeddable":true,"href":"https:\/\/www.caissealliance.com\/fr\/wp-json\/wp\/v2\/pages\/1699"}],"wp:featuredmedia":[{"embeddable":true,"href":"https:\/\/www.caissealliance.com\/fr\/wp-json\/wp\/v2\/media\/24844"}],"wp:attachment":[{"href":"https:\/\/www.caissealliance.com\/fr\/wp-json\/wp\/v2\/media?parent=1750"}],"curies":[{"name":"wp","href":"https:\/\/api.w.org\/{rel}","templated":true}]}}