{"id":1728,"date":"2019-03-22T11:15:41","date_gmt":"2019-03-22T15:15:41","guid":{"rendered":"http:\/\/caissealliance.absoludev.ca\/imagerie-des-cheques\/"},"modified":"2023-09-05T08:49:46","modified_gmt":"2023-09-05T12:49:46","slug":"imagerie-des-cheques","status":"publish","type":"page","link":"https:\/\/www.caissealliance.com\/fr\/services\/imagerie-des-cheques\/","title":{"rendered":"Imagerie des ch\u00e8ques"},"content":{"rendered":"<h1>Imagerie des ch\u00e8ques<\/h1>\n<p>Visualisez et t\u00e9l\u00e9chargez les images de vos ch\u00e8ques, en format PDF, gr\u00e2ce au service d\u2019imagerie des ch\u00e8ques.<\/p>\n<h2><strong>Qui peut en profiter?<\/strong><\/h2>\n<ul>\n<li data-gc-list-depth=\"1\" data-gc-list-style=\"bullet\">Les utilisateurs d&#8217;Allia inscrits au service de remise de ch\u00e8ques papier peuvent faire le suivi de leurs ch\u00e8ques en ligne.<\/li>\n<li data-gc-list-depth=\"1\" data-gc-list-style=\"bullet\">Les membres non inscrits au service de remise de ch\u00e8ques papier doivent s\u2019adresser directement \u00e0 leur centre de services pour b\u00e9n\u00e9ficier du service Imagerie des ch\u00e8ques.<\/li>\n<\/ul>\n<h2><strong>Principales caract\u00e9ristiques<\/strong><\/h2>\n<table data-wrap-id=\"table-id-fppwz\">\n<tbody>\n<tr>\n<td><strong>\u00a0<\/strong><\/td>\n<td><\/td>\n<\/tr>\n<tr data-wrap-id=\"table-row-lghrl\">\n<td data-wrap-id=\"table-cell-smaef\"><strong>Consultation et t\u00e9l\u00e9chargement<\/strong><\/td>\n<td data-wrap-id=\"table-cell-qccan\">\n<ul>\n<li data-gc-list-depth=\"1\" data-gc-list-style=\"bullet\">Permet notamment de :\n<ul>\n<li data-gc-list-depth=\"2\" data-gc-list-style=\"bullet\">visualiser le recto et le verso de chaque ch\u00e8que, d\u00e8s qu\u2019il est trait\u00e9;<\/li>\n<li data-gc-list-depth=\"2\" data-gc-list-style=\"bullet\">t\u00e9l\u00e9charger les images recto verso de tous vos ch\u00e8ques pour une p\u00e9riode sp\u00e9cifique, en format PDF.<\/li>\n<\/ul>\n<\/li>\n<li data-gc-list-depth=\"1\" data-gc-list-style=\"bullet\">L\u2019acc\u00e8s \u00e0 vos images de ch\u00e8ques, une fois ces derniers pass\u00e9s \u00e0 votre compte, vous est assur\u00e9 :\n<ul>\n<li data-gc-list-depth=\"2\" data-gc-list-style=\"bullet\">62 jours pour en faire la visualisation;<\/li>\n<li data-gc-list-depth=\"2\" data-gc-list-style=\"bullet\">124 jours (mois courant et les 3 mois pr\u00e9c\u00e9dents) pour les t\u00e9l\u00e9charger en format PDF.<\/li>\n<\/ul>\n<\/li>\n<\/ul>\n<\/td>\n<\/tr>\n<tr data-wrap-id=\"table-row-xyhmq\">\n<td data-wrap-id=\"table-cell-hajyp\"><strong>P\u00e9riode couverte<\/strong><\/td>\n<td data-wrap-id=\"table-cell-cgwyr\">Chaque requ\u00eate d\u2019image de ch\u00e8que peut couvrir une p\u00e9riode maximale de 31 jours cons\u00e9cutifs \u00e0 la fois.<\/td>\n<\/tr>\n<tr data-wrap-id=\"table-row-xqevf\">\n<td data-wrap-id=\"table-cell-fjsao\"><strong>Acc\u00e8s<\/strong><\/td>\n<td data-wrap-id=\"table-cell-tfweq\">Automatiquement accessible aux membres d\u00e9j\u00e0 inscrits au service de remise de ch\u00e8ques papier, c\u2019est-\u00e0-dire qui paient des frais pour que les originaux des ch\u00e8ques d\u00e9bit\u00e9s de leur compte leur soient exp\u00e9di\u00e9s par la caisse.<\/td>\n<\/tr>\n<tr data-wrap-id=\"table-row-nfbeo\">\n<td data-wrap-id=\"table-cell-vwquh\"><strong>Tarification<\/strong><\/td>\n<td data-wrap-id=\"table-cell-gpnmd\">Tarification identique \u00e0 celle du service de remise de ch\u00e8ques papier.<\/td>\n<\/tr>\n<tr data-wrap-id=\"table-row-ixial\">\n<td data-wrap-id=\"table-cell-yasvv\"><strong>Conciliation bancaire<\/strong><\/td>\n<td data-wrap-id=\"table-cell-jdmgj\">Conciliation bancaire plus facile et plus rapide gr\u00e2ce au t\u00e9l\u00e9chargement des ch\u00e8ques trait\u00e9s.<\/td>\n<\/tr>\n<tr data-wrap-id=\"table-row-rqiab\">\n<td data-wrap-id=\"table-cell-ljysw\"><strong>Recherche<\/strong><\/td>\n<td data-wrap-id=\"table-cell-kghhy\">Recherche de ch\u00e8ques plus efficace gr\u00e2ce au tri par dates ou par num\u00e9ros de ch\u00e8que.<\/td>\n<\/tr>\n<tr data-wrap-id=\"table-row-aadvu\">\n<td data-wrap-id=\"table-cell-swczv\"><strong>Impact sur l\u2019environnement<\/strong><\/td>\n<td data-wrap-id=\"table-cell-tramd\">Constitution d\u2019un historique informatis\u00e9 des images de vos ch\u00e8ques : vous limitez ainsi l\u2019accumulation du papier et contribuez \u00e0 la protection de l\u2019environnement.<\/td>\n<\/tr>\n<\/tbody>\n<\/table>\n<h2><\/h2>\n","protected":false},"excerpt":{"rendered":"<p>Visualisez et t\u00e9l\u00e9chargez les images de vos ch\u00e8ques, en format PDF, gr\u00e2ce au service d\u2019imagerie des ch\u00e8ques. Les utilisateurs d&#8217;Allia inscrits au service de remise de ch\u00e8ques papier peuvent faire le suivi de leurs ch\u00e8ques en ligne. Les membres non inscrits au service de remise de ch\u00e8ques papier doivent s\u2019adresser directement \u00e0 leur centre de [&#8230;]<\/p>\n","protected":false},"author":1,"featured_media":3608,"parent":678,"menu_order":8,"comment_status":"closed","ping_status":"closed","template":"","meta":{"_acf_changed":false,"_monsterinsights_skip_tracking":false,"_monsterinsights_sitenote_active":false,"_monsterinsights_sitenote_note":"","_monsterinsights_sitenote_category":0,"footnotes":""},"class_list":["post-1728","page","type-page","status-publish","has-post-thumbnail","hentry","section-services-particulier"],"acf":[],"yoast_head":"<!-- This site is optimized with the Yoast SEO plugin v27.5 - https:\/\/yoast.com\/product\/yoast-seo-wordpress\/ -->\n<title>Imagerie des ch\u00e8ques | Caisse Alliance<\/title>\n<meta name=\"robots\" content=\"index, follow, max-snippet:-1, max-image-preview:large, max-video-preview:-1\" \/>\n<link rel=\"canonical\" href=\"https:\/\/www.caissealliance.com\/fr\/services\/imagerie-des-cheques\/\" \/>\n<meta property=\"og:locale\" content=\"fr_FR\" \/>\n<meta property=\"og:type\" content=\"article\" \/>\n<meta property=\"og:title\" content=\"Imagerie des ch\u00e8ques | Caisse Alliance\" \/>\n<meta property=\"og:description\" content=\"Visualisez et t\u00e9l\u00e9chargez les images de vos ch\u00e8ques, en format PDF, gr\u00e2ce au service d\u2019imagerie des ch\u00e8ques. Les utilisateurs d&#8217;Allia inscrits au service de remise de ch\u00e8ques papier peuvent faire le suivi de leurs ch\u00e8ques en ligne. Les membres non inscrits au service de remise de ch\u00e8ques papier doivent s\u2019adresser directement \u00e0 leur centre de [...]\" \/>\n<meta property=\"og:url\" content=\"https:\/\/www.caissealliance.com\/fr\/services\/imagerie-des-cheques\/\" \/>\n<meta property=\"og:site_name\" content=\"Caisse Alliance\" \/>\n<meta property=\"article:modified_time\" content=\"2023-09-05T12:49:46+00:00\" \/>\n<meta property=\"og:image\" content=\"https:\/\/www.caissealliance.com\/wp-content\/uploads\/services-en-ligne_service.jpg\" \/>\n\t<meta property=\"og:image:width\" content=\"1620\" \/>\n\t<meta property=\"og:image:height\" content=\"792\" \/>\n\t<meta property=\"og:image:type\" content=\"image\/jpeg\" \/>\n<meta name=\"twitter:card\" content=\"summary_large_image\" \/>\n<meta name=\"twitter:label1\" content=\"Dur\u00e9e de lecture estim\u00e9e\" \/>\n\t<meta name=\"twitter:data1\" content=\"2 minutes\" \/>\n<script type=\"application\/ld+json\" class=\"yoast-schema-graph\">{\"@context\":\"https:\\\/\\\/schema.org\",\"@graph\":[{\"@type\":\"WebPage\",\"@id\":\"https:\\\/\\\/www.caissealliance.com\\\/fr\\\/services\\\/imagerie-des-cheques\\\/\",\"url\":\"https:\\\/\\\/www.caissealliance.com\\\/fr\\\/services\\\/imagerie-des-cheques\\\/\",\"name\":\"Imagerie des ch\u00e8ques | Caisse Alliance\",\"isPartOf\":{\"@id\":\"https:\\\/\\\/www.caissealliance.com\\\/fr\\\/#website\"},\"primaryImageOfPage\":{\"@id\":\"https:\\\/\\\/www.caissealliance.com\\\/fr\\\/services\\\/imagerie-des-cheques\\\/#primaryimage\"},\"image\":{\"@id\":\"https:\\\/\\\/www.caissealliance.com\\\/fr\\\/services\\\/imagerie-des-cheques\\\/#primaryimage\"},\"thumbnailUrl\":\"https:\\\/\\\/www.caissealliance.com\\\/wp-content\\\/uploads\\\/services-en-ligne_service.jpg\",\"datePublished\":\"2019-03-22T15:15:41+00:00\",\"dateModified\":\"2023-09-05T12:49:46+00:00\",\"breadcrumb\":{\"@id\":\"https:\\\/\\\/www.caissealliance.com\\\/fr\\\/services\\\/imagerie-des-cheques\\\/#breadcrumb\"},\"inLanguage\":\"fr-FR\",\"potentialAction\":[{\"@type\":\"ReadAction\",\"target\":[\"https:\\\/\\\/www.caissealliance.com\\\/fr\\\/services\\\/imagerie-des-cheques\\\/\"]}]},{\"@type\":\"ImageObject\",\"inLanguage\":\"fr-FR\",\"@id\":\"https:\\\/\\\/www.caissealliance.com\\\/fr\\\/services\\\/imagerie-des-cheques\\\/#primaryimage\",\"url\":\"https:\\\/\\\/www.caissealliance.com\\\/wp-content\\\/uploads\\\/services-en-ligne_service.jpg\",\"contentUrl\":\"https:\\\/\\\/www.caissealliance.com\\\/wp-content\\\/uploads\\\/services-en-ligne_service.jpg\",\"width\":1620,\"height\":792},{\"@type\":\"BreadcrumbList\",\"@id\":\"https:\\\/\\\/www.caissealliance.com\\\/fr\\\/services\\\/imagerie-des-cheques\\\/#breadcrumb\",\"itemListElement\":[{\"@type\":\"ListItem\",\"position\":1,\"name\":\"Home\",\"item\":\"https:\\\/\\\/www.caissealliance.com\\\/fr\\\/\"},{\"@type\":\"ListItem\",\"position\":2,\"name\":\"Services\",\"item\":\"https:\\\/\\\/www.caissealliance.com\\\/fr\\\/services\\\/\"},{\"@type\":\"ListItem\",\"position\":3,\"name\":\"Imagerie des ch\u00e8ques\"}]},{\"@type\":\"WebSite\",\"@id\":\"https:\\\/\\\/www.caissealliance.com\\\/fr\\\/#website\",\"url\":\"https:\\\/\\\/www.caissealliance.com\\\/fr\\\/\",\"name\":\"Caisse Alliance\",\"description\":\"Site Web de la Caisse Alliance\",\"potentialAction\":[{\"@type\":\"SearchAction\",\"target\":{\"@type\":\"EntryPoint\",\"urlTemplate\":\"https:\\\/\\\/www.caissealliance.com\\\/fr\\\/?s={search_term_string}\"},\"query-input\":{\"@type\":\"PropertyValueSpecification\",\"valueRequired\":true,\"valueName\":\"search_term_string\"}}],\"inLanguage\":\"fr-FR\"}]}<\/script>\n<!-- \/ Yoast SEO plugin. -->","yoast_head_json":{"title":"Imagerie des ch\u00e8ques | Caisse Alliance","robots":{"index":"index","follow":"follow","max-snippet":"max-snippet:-1","max-image-preview":"max-image-preview:large","max-video-preview":"max-video-preview:-1"},"canonical":"https:\/\/www.caissealliance.com\/fr\/services\/imagerie-des-cheques\/","og_locale":"fr_FR","og_type":"article","og_title":"Imagerie des ch\u00e8ques | Caisse Alliance","og_description":"Visualisez et t\u00e9l\u00e9chargez les images de vos ch\u00e8ques, en format PDF, gr\u00e2ce au service d\u2019imagerie des ch\u00e8ques. Les utilisateurs d&#8217;Allia inscrits au service de remise de ch\u00e8ques papier peuvent faire le suivi de leurs ch\u00e8ques en ligne. Les membres non inscrits au service de remise de ch\u00e8ques papier doivent s\u2019adresser directement \u00e0 leur centre de [...]","og_url":"https:\/\/www.caissealliance.com\/fr\/services\/imagerie-des-cheques\/","og_site_name":"Caisse Alliance","article_modified_time":"2023-09-05T12:49:46+00:00","og_image":[{"width":1620,"height":792,"url":"https:\/\/www.caissealliance.com\/wp-content\/uploads\/services-en-ligne_service.jpg","type":"image\/jpeg"}],"twitter_card":"summary_large_image","twitter_misc":{"Dur\u00e9e de lecture estim\u00e9e":"2 minutes"},"schema":{"@context":"https:\/\/schema.org","@graph":[{"@type":"WebPage","@id":"https:\/\/www.caissealliance.com\/fr\/services\/imagerie-des-cheques\/","url":"https:\/\/www.caissealliance.com\/fr\/services\/imagerie-des-cheques\/","name":"Imagerie des ch\u00e8ques | Caisse Alliance","isPartOf":{"@id":"https:\/\/www.caissealliance.com\/fr\/#website"},"primaryImageOfPage":{"@id":"https:\/\/www.caissealliance.com\/fr\/services\/imagerie-des-cheques\/#primaryimage"},"image":{"@id":"https:\/\/www.caissealliance.com\/fr\/services\/imagerie-des-cheques\/#primaryimage"},"thumbnailUrl":"https:\/\/www.caissealliance.com\/wp-content\/uploads\/services-en-ligne_service.jpg","datePublished":"2019-03-22T15:15:41+00:00","dateModified":"2023-09-05T12:49:46+00:00","breadcrumb":{"@id":"https:\/\/www.caissealliance.com\/fr\/services\/imagerie-des-cheques\/#breadcrumb"},"inLanguage":"fr-FR","potentialAction":[{"@type":"ReadAction","target":["https:\/\/www.caissealliance.com\/fr\/services\/imagerie-des-cheques\/"]}]},{"@type":"ImageObject","inLanguage":"fr-FR","@id":"https:\/\/www.caissealliance.com\/fr\/services\/imagerie-des-cheques\/#primaryimage","url":"https:\/\/www.caissealliance.com\/wp-content\/uploads\/services-en-ligne_service.jpg","contentUrl":"https:\/\/www.caissealliance.com\/wp-content\/uploads\/services-en-ligne_service.jpg","width":1620,"height":792},{"@type":"BreadcrumbList","@id":"https:\/\/www.caissealliance.com\/fr\/services\/imagerie-des-cheques\/#breadcrumb","itemListElement":[{"@type":"ListItem","position":1,"name":"Home","item":"https:\/\/www.caissealliance.com\/fr\/"},{"@type":"ListItem","position":2,"name":"Services","item":"https:\/\/www.caissealliance.com\/fr\/services\/"},{"@type":"ListItem","position":3,"name":"Imagerie des ch\u00e8ques"}]},{"@type":"WebSite","@id":"https:\/\/www.caissealliance.com\/fr\/#website","url":"https:\/\/www.caissealliance.com\/fr\/","name":"Caisse Alliance","description":"Site Web de la Caisse Alliance","potentialAction":[{"@type":"SearchAction","target":{"@type":"EntryPoint","urlTemplate":"https:\/\/www.caissealliance.com\/fr\/?s={search_term_string}"},"query-input":{"@type":"PropertyValueSpecification","valueRequired":true,"valueName":"search_term_string"}}],"inLanguage":"fr-FR"}]}},"publishpress_future_action":{"enabled":false,"date":"2026-05-07 16:40:59","action":"change-status","newStatus":"draft","terms":[],"taxonomy":"section","extraData":[]},"publishpress_future_workflow_manual_trigger":{"enabledWorkflows":[]},"_links":{"self":[{"href":"https:\/\/www.caissealliance.com\/fr\/wp-json\/wp\/v2\/pages\/1728","targetHints":{"allow":["GET"]}}],"collection":[{"href":"https:\/\/www.caissealliance.com\/fr\/wp-json\/wp\/v2\/pages"}],"about":[{"href":"https:\/\/www.caissealliance.com\/fr\/wp-json\/wp\/v2\/types\/page"}],"author":[{"embeddable":true,"href":"https:\/\/www.caissealliance.com\/fr\/wp-json\/wp\/v2\/users\/1"}],"replies":[{"embeddable":true,"href":"https:\/\/www.caissealliance.com\/fr\/wp-json\/wp\/v2\/comments?post=1728"}],"version-history":[{"count":6,"href":"https:\/\/www.caissealliance.com\/fr\/wp-json\/wp\/v2\/pages\/1728\/revisions"}],"predecessor-version":[{"id":20787,"href":"https:\/\/www.caissealliance.com\/fr\/wp-json\/wp\/v2\/pages\/1728\/revisions\/20787"}],"up":[{"embeddable":true,"href":"https:\/\/www.caissealliance.com\/fr\/wp-json\/wp\/v2\/pages\/678"}],"wp:featuredmedia":[{"embeddable":true,"href":"https:\/\/www.caissealliance.com\/fr\/wp-json\/wp\/v2\/media\/3608"}],"wp:attachment":[{"href":"https:\/\/www.caissealliance.com\/fr\/wp-json\/wp\/v2\/media?parent=1728"}],"curies":[{"name":"wp","href":"https:\/\/api.w.org\/{rel}","templated":true}]}}