{"id":1727,"date":"2019-03-22T11:15:39","date_gmt":"2019-03-22T15:15:39","guid":{"rendered":"http:\/\/caissealliance.absoludev.ca\/alertes-courriel\/"},"modified":"2023-09-05T08:47:03","modified_gmt":"2023-09-05T12:47:03","slug":"alertes-courriel","status":"publish","type":"page","link":"https:\/\/www.caissealliance.com\/fr\/services\/alertes-courriel\/","title":{"rendered":"Alertes courriel"},"content":{"rendered":"<h1>Alertes courriel<\/h1>\n<p>Ce service permet aux utilisateurs d\u2019Allia de recevoir des alertes par courriel lorsque des activit\u00e9s li\u00e9es \u00e0 leur compte d\u2019op\u00e9rations sont r\u00e9alis\u00e9es ou sur le point de l\u2019\u00eatre.<\/p>\n<h2><strong>Types d\u2019alertes offertes :<\/strong><\/h2>\n<ul>\n<li data-gc-list-depth=\"1\" data-gc-list-style=\"bullet\">Solde minimum atteint pour un compte<\/li>\n<li data-gc-list-depth=\"1\" data-gc-list-style=\"bullet\">Paiement imminent d\u2019une facture<\/li>\n<li data-gc-list-depth=\"1\" data-gc-list-style=\"bullet\">R\u00e9ception d\u2019une facture postel<sup>MC<\/sup><\/li>\n<\/ul>\n","protected":false},"excerpt":{"rendered":"<p>Ce service permet aux utilisateurs d\u2019Allia de recevoir des alertes par courriel lorsque des activit\u00e9s li\u00e9es \u00e0 leur compte d\u2019op\u00e9rations sont r\u00e9alis\u00e9es ou sur le point de l\u2019\u00eatre. Solde minimum atteint pour un compte Paiement imminent d\u2019une facture R\u00e9ception d\u2019une facture postelMC<\/p>\n","protected":false},"author":1,"featured_media":3608,"parent":678,"menu_order":7,"comment_status":"closed","ping_status":"closed","template":"","meta":{"_acf_changed":false,"_monsterinsights_skip_tracking":false,"_monsterinsights_sitenote_active":false,"_monsterinsights_sitenote_note":"","_monsterinsights_sitenote_category":0,"footnotes":""},"class_list":["post-1727","page","type-page","status-publish","has-post-thumbnail","hentry","section-services-particulier"],"acf":[],"yoast_head":"<!-- This site is optimized with the Yoast SEO plugin v27.3 - https:\/\/yoast.com\/product\/yoast-seo-wordpress\/ -->\n<title>Alertes courriel | Caisse Alliance<\/title>\n<meta name=\"robots\" content=\"index, follow, max-snippet:-1, max-image-preview:large, max-video-preview:-1\" \/>\n<link rel=\"canonical\" href=\"https:\/\/www.caissealliance.com\/fr\/services\/alertes-courriel\/\" \/>\n<meta property=\"og:locale\" content=\"fr_FR\" \/>\n<meta property=\"og:type\" content=\"article\" \/>\n<meta property=\"og:title\" content=\"Alertes courriel | Caisse Alliance\" \/>\n<meta property=\"og:description\" content=\"Ce service permet aux utilisateurs d\u2019Allia de recevoir des alertes par courriel lorsque des activit\u00e9s li\u00e9es \u00e0 leur compte d\u2019op\u00e9rations sont r\u00e9alis\u00e9es ou sur le point de l\u2019\u00eatre. Solde minimum atteint pour un compte Paiement imminent d\u2019une facture R\u00e9ception d\u2019une facture postelMC\" \/>\n<meta property=\"og:url\" content=\"https:\/\/www.caissealliance.com\/fr\/services\/alertes-courriel\/\" \/>\n<meta property=\"og:site_name\" content=\"Caisse Alliance\" \/>\n<meta property=\"article:modified_time\" content=\"2023-09-05T12:47:03+00:00\" \/>\n<meta property=\"og:image\" content=\"https:\/\/www.caissealliance.com\/wp-content\/uploads\/services-en-ligne_service.jpg\" \/>\n\t<meta property=\"og:image:width\" content=\"1620\" \/>\n\t<meta property=\"og:image:height\" content=\"792\" \/>\n\t<meta property=\"og:image:type\" content=\"image\/jpeg\" \/>\n<meta name=\"twitter:card\" content=\"summary_large_image\" \/>\n<meta name=\"twitter:label1\" content=\"Dur\u00e9e de lecture estim\u00e9e\" \/>\n\t<meta name=\"twitter:data1\" content=\"1 minute\" \/>\n<script type=\"application\/ld+json\" class=\"yoast-schema-graph\">{\"@context\":\"https:\\\/\\\/schema.org\",\"@graph\":[{\"@type\":\"WebPage\",\"@id\":\"https:\\\/\\\/www.caissealliance.com\\\/fr\\\/services\\\/alertes-courriel\\\/\",\"url\":\"https:\\\/\\\/www.caissealliance.com\\\/fr\\\/services\\\/alertes-courriel\\\/\",\"name\":\"Alertes courriel | Caisse Alliance\",\"isPartOf\":{\"@id\":\"https:\\\/\\\/www.caissealliance.com\\\/fr\\\/#website\"},\"primaryImageOfPage\":{\"@id\":\"https:\\\/\\\/www.caissealliance.com\\\/fr\\\/services\\\/alertes-courriel\\\/#primaryimage\"},\"image\":{\"@id\":\"https:\\\/\\\/www.caissealliance.com\\\/fr\\\/services\\\/alertes-courriel\\\/#primaryimage\"},\"thumbnailUrl\":\"https:\\\/\\\/www.caissealliance.com\\\/wp-content\\\/uploads\\\/services-en-ligne_service.jpg\",\"datePublished\":\"2019-03-22T15:15:39+00:00\",\"dateModified\":\"2023-09-05T12:47:03+00:00\",\"breadcrumb\":{\"@id\":\"https:\\\/\\\/www.caissealliance.com\\\/fr\\\/services\\\/alertes-courriel\\\/#breadcrumb\"},\"inLanguage\":\"fr-FR\",\"potentialAction\":[{\"@type\":\"ReadAction\",\"target\":[\"https:\\\/\\\/www.caissealliance.com\\\/fr\\\/services\\\/alertes-courriel\\\/\"]}]},{\"@type\":\"ImageObject\",\"inLanguage\":\"fr-FR\",\"@id\":\"https:\\\/\\\/www.caissealliance.com\\\/fr\\\/services\\\/alertes-courriel\\\/#primaryimage\",\"url\":\"https:\\\/\\\/www.caissealliance.com\\\/wp-content\\\/uploads\\\/services-en-ligne_service.jpg\",\"contentUrl\":\"https:\\\/\\\/www.caissealliance.com\\\/wp-content\\\/uploads\\\/services-en-ligne_service.jpg\",\"width\":1620,\"height\":792},{\"@type\":\"BreadcrumbList\",\"@id\":\"https:\\\/\\\/www.caissealliance.com\\\/fr\\\/services\\\/alertes-courriel\\\/#breadcrumb\",\"itemListElement\":[{\"@type\":\"ListItem\",\"position\":1,\"name\":\"Home\",\"item\":\"https:\\\/\\\/www.caissealliance.com\\\/fr\\\/\"},{\"@type\":\"ListItem\",\"position\":2,\"name\":\"Services\",\"item\":\"https:\\\/\\\/www.caissealliance.com\\\/fr\\\/services\\\/\"},{\"@type\":\"ListItem\",\"position\":3,\"name\":\"Alertes courriel\"}]},{\"@type\":\"WebSite\",\"@id\":\"https:\\\/\\\/www.caissealliance.com\\\/fr\\\/#website\",\"url\":\"https:\\\/\\\/www.caissealliance.com\\\/fr\\\/\",\"name\":\"Caisse Alliance\",\"description\":\"Site Web de la Caisse Alliance\",\"potentialAction\":[{\"@type\":\"SearchAction\",\"target\":{\"@type\":\"EntryPoint\",\"urlTemplate\":\"https:\\\/\\\/www.caissealliance.com\\\/fr\\\/?s={search_term_string}\"},\"query-input\":{\"@type\":\"PropertyValueSpecification\",\"valueRequired\":true,\"valueName\":\"search_term_string\"}}],\"inLanguage\":\"fr-FR\"}]}<\/script>\n<!-- \/ Yoast SEO plugin. -->","yoast_head_json":{"title":"Alertes courriel | Caisse Alliance","robots":{"index":"index","follow":"follow","max-snippet":"max-snippet:-1","max-image-preview":"max-image-preview:large","max-video-preview":"max-video-preview:-1"},"canonical":"https:\/\/www.caissealliance.com\/fr\/services\/alertes-courriel\/","og_locale":"fr_FR","og_type":"article","og_title":"Alertes courriel | Caisse Alliance","og_description":"Ce service permet aux utilisateurs d\u2019Allia de recevoir des alertes par courriel lorsque des activit\u00e9s li\u00e9es \u00e0 leur compte d\u2019op\u00e9rations sont r\u00e9alis\u00e9es ou sur le point de l\u2019\u00eatre. Solde minimum atteint pour un compte Paiement imminent d\u2019une facture R\u00e9ception d\u2019une facture postelMC","og_url":"https:\/\/www.caissealliance.com\/fr\/services\/alertes-courriel\/","og_site_name":"Caisse Alliance","article_modified_time":"2023-09-05T12:47:03+00:00","og_image":[{"width":1620,"height":792,"url":"https:\/\/www.caissealliance.com\/wp-content\/uploads\/services-en-ligne_service.jpg","type":"image\/jpeg"}],"twitter_card":"summary_large_image","twitter_misc":{"Dur\u00e9e de lecture estim\u00e9e":"1 minute"},"schema":{"@context":"https:\/\/schema.org","@graph":[{"@type":"WebPage","@id":"https:\/\/www.caissealliance.com\/fr\/services\/alertes-courriel\/","url":"https:\/\/www.caissealliance.com\/fr\/services\/alertes-courriel\/","name":"Alertes courriel | Caisse Alliance","isPartOf":{"@id":"https:\/\/www.caissealliance.com\/fr\/#website"},"primaryImageOfPage":{"@id":"https:\/\/www.caissealliance.com\/fr\/services\/alertes-courriel\/#primaryimage"},"image":{"@id":"https:\/\/www.caissealliance.com\/fr\/services\/alertes-courriel\/#primaryimage"},"thumbnailUrl":"https:\/\/www.caissealliance.com\/wp-content\/uploads\/services-en-ligne_service.jpg","datePublished":"2019-03-22T15:15:39+00:00","dateModified":"2023-09-05T12:47:03+00:00","breadcrumb":{"@id":"https:\/\/www.caissealliance.com\/fr\/services\/alertes-courriel\/#breadcrumb"},"inLanguage":"fr-FR","potentialAction":[{"@type":"ReadAction","target":["https:\/\/www.caissealliance.com\/fr\/services\/alertes-courriel\/"]}]},{"@type":"ImageObject","inLanguage":"fr-FR","@id":"https:\/\/www.caissealliance.com\/fr\/services\/alertes-courriel\/#primaryimage","url":"https:\/\/www.caissealliance.com\/wp-content\/uploads\/services-en-ligne_service.jpg","contentUrl":"https:\/\/www.caissealliance.com\/wp-content\/uploads\/services-en-ligne_service.jpg","width":1620,"height":792},{"@type":"BreadcrumbList","@id":"https:\/\/www.caissealliance.com\/fr\/services\/alertes-courriel\/#breadcrumb","itemListElement":[{"@type":"ListItem","position":1,"name":"Home","item":"https:\/\/www.caissealliance.com\/fr\/"},{"@type":"ListItem","position":2,"name":"Services","item":"https:\/\/www.caissealliance.com\/fr\/services\/"},{"@type":"ListItem","position":3,"name":"Alertes courriel"}]},{"@type":"WebSite","@id":"https:\/\/www.caissealliance.com\/fr\/#website","url":"https:\/\/www.caissealliance.com\/fr\/","name":"Caisse Alliance","description":"Site Web de la Caisse Alliance","potentialAction":[{"@type":"SearchAction","target":{"@type":"EntryPoint","urlTemplate":"https:\/\/www.caissealliance.com\/fr\/?s={search_term_string}"},"query-input":{"@type":"PropertyValueSpecification","valueRequired":true,"valueName":"search_term_string"}}],"inLanguage":"fr-FR"}]}},"publishpress_future_action":{"enabled":false,"date":"2026-04-23 23:19:32","action":"change-status","newStatus":"draft","terms":[],"taxonomy":"section","extraData":[]},"publishpress_future_workflow_manual_trigger":{"enabledWorkflows":[]},"_links":{"self":[{"href":"https:\/\/www.caissealliance.com\/fr\/wp-json\/wp\/v2\/pages\/1727","targetHints":{"allow":["GET"]}}],"collection":[{"href":"https:\/\/www.caissealliance.com\/fr\/wp-json\/wp\/v2\/pages"}],"about":[{"href":"https:\/\/www.caissealliance.com\/fr\/wp-json\/wp\/v2\/types\/page"}],"author":[{"embeddable":true,"href":"https:\/\/www.caissealliance.com\/fr\/wp-json\/wp\/v2\/users\/1"}],"replies":[{"embeddable":true,"href":"https:\/\/www.caissealliance.com\/fr\/wp-json\/wp\/v2\/comments?post=1727"}],"version-history":[{"count":3,"href":"https:\/\/www.caissealliance.com\/fr\/wp-json\/wp\/v2\/pages\/1727\/revisions"}],"predecessor-version":[{"id":21475,"href":"https:\/\/www.caissealliance.com\/fr\/wp-json\/wp\/v2\/pages\/1727\/revisions\/21475"}],"up":[{"embeddable":true,"href":"https:\/\/www.caissealliance.com\/fr\/wp-json\/wp\/v2\/pages\/678"}],"wp:featuredmedia":[{"embeddable":true,"href":"https:\/\/www.caissealliance.com\/fr\/wp-json\/wp\/v2\/media\/3608"}],"wp:attachment":[{"href":"https:\/\/www.caissealliance.com\/fr\/wp-json\/wp\/v2\/media?parent=1727"}],"curies":[{"name":"wp","href":"https:\/\/api.w.org\/{rel}","templated":true}]}}