{"id":1725,"date":"2019-03-22T11:15:37","date_gmt":"2019-03-22T15:15:37","guid":{"rendered":"http:\/\/caissealliance.absoludev.ca\/virements-interinstitutions\/"},"modified":"2019-04-29T13:40:07","modified_gmt":"2019-04-29T17:40:07","slug":"virements-interinstitutions","status":"publish","type":"page","link":"https:\/\/www.caissealliance.com\/fr\/services\/virements-interinstitutions\/","title":{"rendered":"Virements interinstitutions"},"content":{"rendered":"<h1>Virements interinstitutions<\/h1>\n<p>Virez des fonds provenant des comptes dont vous \u00eates le titulaire dans une autre institution financi\u00e8re canadienne vers vos comptes.<\/p>\n<h2><strong>Principales caract\u00e9ristiques<\/strong><\/h2>\n<table data-wrap-id=\"table-id-wsuwc\">\n<tbody>\n<tr>\n<td><strong>\u00a0<\/strong><\/td>\n<td><\/td>\n<\/tr>\n<tr data-wrap-id=\"table-row-nmafe\">\n<td data-wrap-id=\"table-cell-zsiqf\"><strong>Flexibilit\u00e9<\/strong><\/td>\n<td data-wrap-id=\"table-cell-bfizl\">Les virements peuvent \u00eatre effectu\u00e9s imm\u00e9diatement ou enregistr\u00e9s \u00e0 l\u2019avance afin d\u2019\u00eatre ex\u00e9cut\u00e9s \u00e0 une date ult\u00e9rieure, de fa\u00e7on r\u00e9p\u00e9titive ou non.<\/td>\n<\/tr>\n<tr data-wrap-id=\"table-row-oyrjx\">\n<td data-wrap-id=\"table-cell-wtsha\"><strong>Simplicit\u00e9<\/strong><\/td>\n<td data-wrap-id=\"table-cell-rpdun\">Vous n\u2019aurez plus \u00e0 vous d\u00e9placer ni \u00e0 faire de ch\u00e8ques pour vos virements.<\/td>\n<\/tr>\n<tr data-wrap-id=\"table-row-mwrax\">\n<td data-wrap-id=\"table-cell-ojqow\"><strong>Rapidit\u00e9<\/strong><\/td>\n<td data-wrap-id=\"table-cell-oifaw\">Une fois les coordonn\u00e9es du compte provenant d\u2019une autre institution enregistr\u00e9es, il suffit d\u2019un clic pour que l\u2019argent soit rendu disponible dans l\u2019un de vos comptes en toute s\u00e9curit\u00e9.<\/td>\n<\/tr>\n<\/tbody>\n<\/table>\n<h3><\/h3>\n","protected":false},"excerpt":{"rendered":"<p>Virez des fonds provenant des comptes dont vous \u00eates le titulaire dans une autre institution financi\u00e8re canadienne vers vos comptes. \u00a0 Flexibilit\u00e9 Les virements peuvent \u00eatre effectu\u00e9s imm\u00e9diatement ou enregistr\u00e9s \u00e0 l\u2019avance afin d\u2019\u00eatre ex\u00e9cut\u00e9s \u00e0 une date ult\u00e9rieure, de fa\u00e7on r\u00e9p\u00e9titive ou non. Simplicit\u00e9 Vous n\u2019aurez plus \u00e0 vous d\u00e9placer ni \u00e0 faire de [&#8230;]<\/p>\n","protected":false},"author":1,"featured_media":3608,"parent":678,"menu_order":5,"comment_status":"closed","ping_status":"closed","template":"","meta":{"_acf_changed":false,"_monsterinsights_skip_tracking":false,"_monsterinsights_sitenote_active":false,"_monsterinsights_sitenote_note":"","_monsterinsights_sitenote_category":0,"footnotes":""},"class_list":["post-1725","page","type-page","status-publish","has-post-thumbnail","hentry","section-services-particulier"],"acf":[],"yoast_head":"<!-- This site is optimized with the Yoast SEO plugin v27.5 - https:\/\/yoast.com\/product\/yoast-seo-wordpress\/ -->\n<title>Virements interinstitutions | Caisse Alliance<\/title>\n<meta name=\"robots\" content=\"index, follow, max-snippet:-1, max-image-preview:large, max-video-preview:-1\" \/>\n<link rel=\"canonical\" href=\"https:\/\/www.caissealliance.com\/fr\/services\/virements-interinstitutions\/\" \/>\n<meta property=\"og:locale\" content=\"fr_FR\" \/>\n<meta property=\"og:type\" content=\"article\" \/>\n<meta property=\"og:title\" content=\"Virements interinstitutions | Caisse Alliance\" \/>\n<meta property=\"og:description\" content=\"Virez des fonds provenant des comptes dont vous \u00eates le titulaire dans une autre institution financi\u00e8re canadienne vers vos comptes. \u00a0 Flexibilit\u00e9 Les virements peuvent \u00eatre effectu\u00e9s imm\u00e9diatement ou enregistr\u00e9s \u00e0 l\u2019avance afin d\u2019\u00eatre ex\u00e9cut\u00e9s \u00e0 une date ult\u00e9rieure, de fa\u00e7on r\u00e9p\u00e9titive ou non. Simplicit\u00e9 Vous n\u2019aurez plus \u00e0 vous d\u00e9placer ni \u00e0 faire de [...]\" \/>\n<meta property=\"og:url\" content=\"https:\/\/www.caissealliance.com\/fr\/services\/virements-interinstitutions\/\" \/>\n<meta property=\"og:site_name\" content=\"Caisse Alliance\" \/>\n<meta property=\"article:modified_time\" content=\"2019-04-29T17:40:07+00:00\" \/>\n<meta property=\"og:image\" content=\"https:\/\/www.caissealliance.com\/wp-content\/uploads\/services-en-ligne_service.jpg\" \/>\n\t<meta property=\"og:image:width\" content=\"1620\" \/>\n\t<meta property=\"og:image:height\" content=\"792\" \/>\n\t<meta property=\"og:image:type\" content=\"image\/jpeg\" \/>\n<meta name=\"twitter:card\" content=\"summary_large_image\" \/>\n<meta name=\"twitter:label1\" content=\"Dur\u00e9e de lecture estim\u00e9e\" \/>\n\t<meta name=\"twitter:data1\" content=\"1 minute\" \/>\n<script type=\"application\/ld+json\" class=\"yoast-schema-graph\">{\"@context\":\"https:\\\/\\\/schema.org\",\"@graph\":[{\"@type\":\"WebPage\",\"@id\":\"https:\\\/\\\/www.caissealliance.com\\\/fr\\\/services\\\/virements-interinstitutions\\\/\",\"url\":\"https:\\\/\\\/www.caissealliance.com\\\/fr\\\/services\\\/virements-interinstitutions\\\/\",\"name\":\"Virements interinstitutions | Caisse Alliance\",\"isPartOf\":{\"@id\":\"https:\\\/\\\/www.caissealliance.com\\\/fr\\\/#website\"},\"primaryImageOfPage\":{\"@id\":\"https:\\\/\\\/www.caissealliance.com\\\/fr\\\/services\\\/virements-interinstitutions\\\/#primaryimage\"},\"image\":{\"@id\":\"https:\\\/\\\/www.caissealliance.com\\\/fr\\\/services\\\/virements-interinstitutions\\\/#primaryimage\"},\"thumbnailUrl\":\"https:\\\/\\\/www.caissealliance.com\\\/wp-content\\\/uploads\\\/services-en-ligne_service.jpg\",\"datePublished\":\"2019-03-22T15:15:37+00:00\",\"dateModified\":\"2019-04-29T17:40:07+00:00\",\"breadcrumb\":{\"@id\":\"https:\\\/\\\/www.caissealliance.com\\\/fr\\\/services\\\/virements-interinstitutions\\\/#breadcrumb\"},\"inLanguage\":\"fr-FR\",\"potentialAction\":[{\"@type\":\"ReadAction\",\"target\":[\"https:\\\/\\\/www.caissealliance.com\\\/fr\\\/services\\\/virements-interinstitutions\\\/\"]}]},{\"@type\":\"ImageObject\",\"inLanguage\":\"fr-FR\",\"@id\":\"https:\\\/\\\/www.caissealliance.com\\\/fr\\\/services\\\/virements-interinstitutions\\\/#primaryimage\",\"url\":\"https:\\\/\\\/www.caissealliance.com\\\/wp-content\\\/uploads\\\/services-en-ligne_service.jpg\",\"contentUrl\":\"https:\\\/\\\/www.caissealliance.com\\\/wp-content\\\/uploads\\\/services-en-ligne_service.jpg\",\"width\":1620,\"height\":792},{\"@type\":\"BreadcrumbList\",\"@id\":\"https:\\\/\\\/www.caissealliance.com\\\/fr\\\/services\\\/virements-interinstitutions\\\/#breadcrumb\",\"itemListElement\":[{\"@type\":\"ListItem\",\"position\":1,\"name\":\"Home\",\"item\":\"https:\\\/\\\/www.caissealliance.com\\\/fr\\\/\"},{\"@type\":\"ListItem\",\"position\":2,\"name\":\"Services\",\"item\":\"https:\\\/\\\/www.caissealliance.com\\\/fr\\\/services\\\/\"},{\"@type\":\"ListItem\",\"position\":3,\"name\":\"Virements interinstitutions\"}]},{\"@type\":\"WebSite\",\"@id\":\"https:\\\/\\\/www.caissealliance.com\\\/fr\\\/#website\",\"url\":\"https:\\\/\\\/www.caissealliance.com\\\/fr\\\/\",\"name\":\"Caisse Alliance\",\"description\":\"Site Web de la Caisse Alliance\",\"potentialAction\":[{\"@type\":\"SearchAction\",\"target\":{\"@type\":\"EntryPoint\",\"urlTemplate\":\"https:\\\/\\\/www.caissealliance.com\\\/fr\\\/?s={search_term_string}\"},\"query-input\":{\"@type\":\"PropertyValueSpecification\",\"valueRequired\":true,\"valueName\":\"search_term_string\"}}],\"inLanguage\":\"fr-FR\"}]}<\/script>\n<!-- \/ Yoast SEO plugin. -->","yoast_head_json":{"title":"Virements interinstitutions | Caisse Alliance","robots":{"index":"index","follow":"follow","max-snippet":"max-snippet:-1","max-image-preview":"max-image-preview:large","max-video-preview":"max-video-preview:-1"},"canonical":"https:\/\/www.caissealliance.com\/fr\/services\/virements-interinstitutions\/","og_locale":"fr_FR","og_type":"article","og_title":"Virements interinstitutions | Caisse Alliance","og_description":"Virez des fonds provenant des comptes dont vous \u00eates le titulaire dans une autre institution financi\u00e8re canadienne vers vos comptes. \u00a0 Flexibilit\u00e9 Les virements peuvent \u00eatre effectu\u00e9s imm\u00e9diatement ou enregistr\u00e9s \u00e0 l\u2019avance afin d\u2019\u00eatre ex\u00e9cut\u00e9s \u00e0 une date ult\u00e9rieure, de fa\u00e7on r\u00e9p\u00e9titive ou non. Simplicit\u00e9 Vous n\u2019aurez plus \u00e0 vous d\u00e9placer ni \u00e0 faire de [...]","og_url":"https:\/\/www.caissealliance.com\/fr\/services\/virements-interinstitutions\/","og_site_name":"Caisse Alliance","article_modified_time":"2019-04-29T17:40:07+00:00","og_image":[{"width":1620,"height":792,"url":"https:\/\/www.caissealliance.com\/wp-content\/uploads\/services-en-ligne_service.jpg","type":"image\/jpeg"}],"twitter_card":"summary_large_image","twitter_misc":{"Dur\u00e9e de lecture estim\u00e9e":"1 minute"},"schema":{"@context":"https:\/\/schema.org","@graph":[{"@type":"WebPage","@id":"https:\/\/www.caissealliance.com\/fr\/services\/virements-interinstitutions\/","url":"https:\/\/www.caissealliance.com\/fr\/services\/virements-interinstitutions\/","name":"Virements interinstitutions | Caisse Alliance","isPartOf":{"@id":"https:\/\/www.caissealliance.com\/fr\/#website"},"primaryImageOfPage":{"@id":"https:\/\/www.caissealliance.com\/fr\/services\/virements-interinstitutions\/#primaryimage"},"image":{"@id":"https:\/\/www.caissealliance.com\/fr\/services\/virements-interinstitutions\/#primaryimage"},"thumbnailUrl":"https:\/\/www.caissealliance.com\/wp-content\/uploads\/services-en-ligne_service.jpg","datePublished":"2019-03-22T15:15:37+00:00","dateModified":"2019-04-29T17:40:07+00:00","breadcrumb":{"@id":"https:\/\/www.caissealliance.com\/fr\/services\/virements-interinstitutions\/#breadcrumb"},"inLanguage":"fr-FR","potentialAction":[{"@type":"ReadAction","target":["https:\/\/www.caissealliance.com\/fr\/services\/virements-interinstitutions\/"]}]},{"@type":"ImageObject","inLanguage":"fr-FR","@id":"https:\/\/www.caissealliance.com\/fr\/services\/virements-interinstitutions\/#primaryimage","url":"https:\/\/www.caissealliance.com\/wp-content\/uploads\/services-en-ligne_service.jpg","contentUrl":"https:\/\/www.caissealliance.com\/wp-content\/uploads\/services-en-ligne_service.jpg","width":1620,"height":792},{"@type":"BreadcrumbList","@id":"https:\/\/www.caissealliance.com\/fr\/services\/virements-interinstitutions\/#breadcrumb","itemListElement":[{"@type":"ListItem","position":1,"name":"Home","item":"https:\/\/www.caissealliance.com\/fr\/"},{"@type":"ListItem","position":2,"name":"Services","item":"https:\/\/www.caissealliance.com\/fr\/services\/"},{"@type":"ListItem","position":3,"name":"Virements interinstitutions"}]},{"@type":"WebSite","@id":"https:\/\/www.caissealliance.com\/fr\/#website","url":"https:\/\/www.caissealliance.com\/fr\/","name":"Caisse Alliance","description":"Site Web de la Caisse Alliance","potentialAction":[{"@type":"SearchAction","target":{"@type":"EntryPoint","urlTemplate":"https:\/\/www.caissealliance.com\/fr\/?s={search_term_string}"},"query-input":{"@type":"PropertyValueSpecification","valueRequired":true,"valueName":"search_term_string"}}],"inLanguage":"fr-FR"}]}},"publishpress_future_action":{"enabled":false,"date":"2026-05-09 01:33:00","action":"change-status","newStatus":"draft","terms":[],"taxonomy":"section","extraData":[]},"publishpress_future_workflow_manual_trigger":{"enabledWorkflows":[]},"_links":{"self":[{"href":"https:\/\/www.caissealliance.com\/fr\/wp-json\/wp\/v2\/pages\/1725","targetHints":{"allow":["GET"]}}],"collection":[{"href":"https:\/\/www.caissealliance.com\/fr\/wp-json\/wp\/v2\/pages"}],"about":[{"href":"https:\/\/www.caissealliance.com\/fr\/wp-json\/wp\/v2\/types\/page"}],"author":[{"embeddable":true,"href":"https:\/\/www.caissealliance.com\/fr\/wp-json\/wp\/v2\/users\/1"}],"replies":[{"embeddable":true,"href":"https:\/\/www.caissealliance.com\/fr\/wp-json\/wp\/v2\/comments?post=1725"}],"version-history":[{"count":4,"href":"https:\/\/www.caissealliance.com\/fr\/wp-json\/wp\/v2\/pages\/1725\/revisions"}],"predecessor-version":[{"id":3305,"href":"https:\/\/www.caissealliance.com\/fr\/wp-json\/wp\/v2\/pages\/1725\/revisions\/3305"}],"up":[{"embeddable":true,"href":"https:\/\/www.caissealliance.com\/fr\/wp-json\/wp\/v2\/pages\/678"}],"wp:featuredmedia":[{"embeddable":true,"href":"https:\/\/www.caissealliance.com\/fr\/wp-json\/wp\/v2\/media\/3608"}],"wp:attachment":[{"href":"https:\/\/www.caissealliance.com\/fr\/wp-json\/wp\/v2\/media?parent=1725"}],"curies":[{"name":"wp","href":"https:\/\/api.w.org\/{rel}","templated":true}]}}