{"id":1719,"date":"2019-03-22T11:15:29","date_gmt":"2019-03-22T15:15:29","guid":{"rendered":"http:\/\/caissealliance.absoludev.ca\/forfaits-transactionnels\/"},"modified":"2025-08-22T12:56:26","modified_gmt":"2025-08-22T16:56:26","slug":"plans-mensuels-frais-utilisation","status":"publish","type":"page","link":"https:\/\/www.caissealliance.com\/fr\/services\/plans-mensuels-frais-utilisation\/","title":{"rendered":"Plans mensuels et frais d&#8217;utilisation"},"content":{"rendered":"<h1>Plans mensuels et frais d&#8217;utilisation<\/h1>\n<p><strong>Nouveaux plans mensuels en vigueur \u00e0 compter du 1<sup>er<\/sup> juillet 2025.<\/strong><\/p>\n<p>Vous cherchez \u00e0 diminuer les frais d&#8217;utilisation de vos transactions? Optez pour l\u2019un ou l\u2019autre de nos plans mensuels \u00e0 taux fixes pour votre compte d\u2019\u00e9pargne avec op\u00e9rations. Il y en a s\u00fbrement un qui convient \u00e0 votre budget et \u00e0 votre situation!<\/p>\n<h3>L&#8217;Illimit\u00e9 Plus<\/h3>\n<ul>\n<li data-gc-list-depth=\"1\" data-gc-list-style=\"bullet\">Frais mensuels fixes de 21,95 $ pour un nombre illimit\u00e9 de transactions, peu importe le mode d\u2019acc\u00e8s (services automatis\u00e9s<sup>1<\/sup>, ch\u00e8ques et comptoir).<\/li>\n<li data-gc-list-depth=\"1\" data-gc-list-style=\"bullet\">Inclut les services suivants : ch\u00e8ques personnalis\u00e9s (une commande de 100 ch\u00e8ques par an), ch\u00e8ques vis\u00e9s et\u00a0traites bancaires (toutes devises) ainsi que remise d\u2019images de ch\u00e8ques (membres avec relev\u00e9 de compte mensuel seulement).<\/li>\n<li data-gc-list-depth=\"1\" data-gc-list-style=\"bullet\">Donne droit \u00e0 un rabais annuel fr 15 $ sur les frais de location d\u2019un coffret de s\u00fbret\u00e9.<\/li>\n<li data-gc-list-depth=\"1\" data-gc-list-style=\"bullet\">Gratuit chaque mois que vous aurez maintenu en tout temps un solde minimal de 5 000 $ ou plus dans ce compte.<\/li>\n<\/ul>\n<h3>L&#8217;Illimit\u00e9<\/h3>\n<ul>\n<li data-gc-list-depth=\"1\" data-gc-list-style=\"bullet\">Frais mensuels fixes de 13,95 $ pour un nombre illimit\u00e9 de transactions au moyen de tous les modes d\u2019acc\u00e8s (services automatis\u00e9s<sup>1<\/sup>, ch\u00e8ques et comptoir).<\/li>\n<li data-gc-list-depth=\"1\" data-gc-list-style=\"bullet\">Gratuit chaque mois que vous aurez maintenu en tout temps un solde minimal de 4 000\u00a0$ ou plus dans ce compte.<\/li>\n<li data-gc-list-depth=\"1\" data-gc-list-style=\"bullet\">Frais suppl\u00e9mentaires pour les transactions non incluses au forfait.<\/li>\n<\/ul>\n<h3>Consultez tous les <a href=\"https:\/\/www.caissealliance.com\/wp-content\/uploads\/Forfaits-et-frais-particuliers-FR-2025.pdf\">plans mensuels et frais d&#8217;utilisation.<\/a><\/h3>\n<h2><\/h2>\n<h1 style=\"text-align: left;\">Le saviez-vous?<\/h1>\n<p>Plusieurs op\u00e9rations sont toujours gratuites, peu importe votre forfait. Entre autres, les d\u00e9p\u00f4ts, le remboursement de la marge de cr\u00e9dit, le virement automatique entre comptes. De plus, en utilisant les guichets automatiques de la Caisse Alliance et Allia, vous pouvez consulter gratuitement les soldes de vos comptes et les derni\u00e8res op\u00e9rations pass\u00e9es \u00e0 vos comptes.<\/p>\n<p>&nbsp;<\/p>\n<p class=\"notice\"><sup>1<\/sup> Comprennent notamment les op\u00e9rations au guichet automatique (dont le paiement de factures inscrites au dossier), les op\u00e9rations dans Allia (paiement de factures inscrites au dossier, virement, virement entre personnes), les op\u00e9rations de paiement direct (Canada et \u00c9tats-Unis), d\u00e9p\u00f4t direct, retrait direct et virement automatique.<\/p>\n<p class=\"notice\"><sup>2\u00a0<\/sup>Certains exploitants de guichets automatiques exigent des frais suppl\u00e9mentaires qui s\u2019ajoutent au montant du retrait et qui leur sont directement vers\u00e9s. Les utilisateurs en sont avis\u00e9s par un message \u00e0 l\u2019\u00e9cran et ont ainsi la possibilit\u00e9 d\u2019annuler l\u2019op\u00e9ration.<\/p>\n<p class=\"notice\"><sup>3\u00a0<\/sup>Lors d\u2019une demande d\u2019information sur le solde par t\u00e9l\u00e9phone, des frais s\u2019appliquent s\u2019il n\u2019y a pas de transaction effectu\u00e9e.<\/p>\n","protected":false},"excerpt":{"rendered":"<p>Nouveaux plans mensuels en vigueur \u00e0 compter du 1er juillet 2025. Vous cherchez \u00e0 diminuer les frais d&#8217;utilisation de vos transactions? Optez pour l\u2019un ou l\u2019autre de nos plans mensuels \u00e0 taux fixes pour votre compte d\u2019\u00e9pargne avec op\u00e9rations. Il y en a s\u00fbrement un qui convient \u00e0 votre budget et \u00e0 votre situation! Frais [&#8230;]<\/p>\n","protected":false},"author":1,"featured_media":3636,"parent":678,"menu_order":2,"comment_status":"closed","ping_status":"closed","template":"","meta":{"_acf_changed":false,"_monsterinsights_skip_tracking":false,"_monsterinsights_sitenote_active":false,"_monsterinsights_sitenote_note":"","_monsterinsights_sitenote_category":0,"footnotes":""},"class_list":["post-1719","page","type-page","status-publish","has-post-thumbnail","hentry","section-services-particulier"],"acf":[],"yoast_head":"<!-- This site is optimized with the Yoast SEO plugin v27.3 - https:\/\/yoast.com\/product\/yoast-seo-wordpress\/ -->\n<title>Plans mensuels et frais d&#039;utilisation | Caisse Alliance<\/title>\n<meta name=\"robots\" content=\"index, follow, max-snippet:-1, max-image-preview:large, max-video-preview:-1\" \/>\n<link rel=\"canonical\" href=\"https:\/\/www.caissealliance.com\/fr\/services\/plans-mensuels-frais-utilisation\/\" \/>\n<meta property=\"og:locale\" content=\"fr_FR\" \/>\n<meta property=\"og:type\" content=\"article\" \/>\n<meta property=\"og:title\" content=\"Plans mensuels et frais d&#039;utilisation | Caisse Alliance\" \/>\n<meta property=\"og:description\" content=\"Nouveaux plans mensuels en vigueur \u00e0 compter du 1er juillet 2025. Vous cherchez \u00e0 diminuer les frais d&#8217;utilisation de vos transactions? Optez pour l\u2019un ou l\u2019autre de nos plans mensuels \u00e0 taux fixes pour votre compte d\u2019\u00e9pargne avec op\u00e9rations. Il y en a s\u00fbrement un qui convient \u00e0 votre budget et \u00e0 votre situation! Frais [...]\" \/>\n<meta property=\"og:url\" content=\"https:\/\/www.caissealliance.com\/fr\/services\/plans-mensuels-frais-utilisation\/\" \/>\n<meta property=\"og:site_name\" content=\"Caisse Alliance\" \/>\n<meta property=\"article:modified_time\" content=\"2025-08-22T16:56:26+00:00\" \/>\n<meta property=\"og:image\" content=\"https:\/\/www.caissealliance.com\/wp-content\/uploads\/general_service.jpg\" \/>\n\t<meta property=\"og:image:width\" content=\"1620\" \/>\n\t<meta property=\"og:image:height\" content=\"792\" \/>\n\t<meta property=\"og:image:type\" content=\"image\/jpeg\" \/>\n<meta name=\"twitter:card\" content=\"summary_large_image\" \/>\n<meta name=\"twitter:label1\" content=\"Dur\u00e9e de lecture estim\u00e9e\" \/>\n\t<meta name=\"twitter:data1\" content=\"3 minutes\" \/>\n<script type=\"application\/ld+json\" class=\"yoast-schema-graph\">{\"@context\":\"https:\\\/\\\/schema.org\",\"@graph\":[{\"@type\":\"WebPage\",\"@id\":\"https:\\\/\\\/www.caissealliance.com\\\/fr\\\/services\\\/plans-mensuels-frais-utilisation\\\/\",\"url\":\"https:\\\/\\\/www.caissealliance.com\\\/fr\\\/services\\\/plans-mensuels-frais-utilisation\\\/\",\"name\":\"Plans mensuels et frais d'utilisation | Caisse Alliance\",\"isPartOf\":{\"@id\":\"https:\\\/\\\/www.caissealliance.com\\\/fr\\\/#website\"},\"primaryImageOfPage\":{\"@id\":\"https:\\\/\\\/www.caissealliance.com\\\/fr\\\/services\\\/plans-mensuels-frais-utilisation\\\/#primaryimage\"},\"image\":{\"@id\":\"https:\\\/\\\/www.caissealliance.com\\\/fr\\\/services\\\/plans-mensuels-frais-utilisation\\\/#primaryimage\"},\"thumbnailUrl\":\"https:\\\/\\\/www.caissealliance.com\\\/wp-content\\\/uploads\\\/general_service.jpg\",\"datePublished\":\"2019-03-22T15:15:29+00:00\",\"dateModified\":\"2025-08-22T16:56:26+00:00\",\"breadcrumb\":{\"@id\":\"https:\\\/\\\/www.caissealliance.com\\\/fr\\\/services\\\/plans-mensuels-frais-utilisation\\\/#breadcrumb\"},\"inLanguage\":\"fr-FR\",\"potentialAction\":[{\"@type\":\"ReadAction\",\"target\":[\"https:\\\/\\\/www.caissealliance.com\\\/fr\\\/services\\\/plans-mensuels-frais-utilisation\\\/\"]}]},{\"@type\":\"ImageObject\",\"inLanguage\":\"fr-FR\",\"@id\":\"https:\\\/\\\/www.caissealliance.com\\\/fr\\\/services\\\/plans-mensuels-frais-utilisation\\\/#primaryimage\",\"url\":\"https:\\\/\\\/www.caissealliance.com\\\/wp-content\\\/uploads\\\/general_service.jpg\",\"contentUrl\":\"https:\\\/\\\/www.caissealliance.com\\\/wp-content\\\/uploads\\\/general_service.jpg\",\"width\":1620,\"height\":792},{\"@type\":\"BreadcrumbList\",\"@id\":\"https:\\\/\\\/www.caissealliance.com\\\/fr\\\/services\\\/plans-mensuels-frais-utilisation\\\/#breadcrumb\",\"itemListElement\":[{\"@type\":\"ListItem\",\"position\":1,\"name\":\"Home\",\"item\":\"https:\\\/\\\/www.caissealliance.com\\\/fr\\\/\"},{\"@type\":\"ListItem\",\"position\":2,\"name\":\"Services\",\"item\":\"https:\\\/\\\/www.caissealliance.com\\\/fr\\\/services\\\/\"},{\"@type\":\"ListItem\",\"position\":3,\"name\":\"Plans mensuels et frais d&#8217;utilisation\"}]},{\"@type\":\"WebSite\",\"@id\":\"https:\\\/\\\/www.caissealliance.com\\\/fr\\\/#website\",\"url\":\"https:\\\/\\\/www.caissealliance.com\\\/fr\\\/\",\"name\":\"Caisse Alliance\",\"description\":\"Site Web de la Caisse Alliance\",\"potentialAction\":[{\"@type\":\"SearchAction\",\"target\":{\"@type\":\"EntryPoint\",\"urlTemplate\":\"https:\\\/\\\/www.caissealliance.com\\\/fr\\\/?s={search_term_string}\"},\"query-input\":{\"@type\":\"PropertyValueSpecification\",\"valueRequired\":true,\"valueName\":\"search_term_string\"}}],\"inLanguage\":\"fr-FR\"}]}<\/script>\n<!-- \/ Yoast SEO plugin. -->","yoast_head_json":{"title":"Plans mensuels et frais d'utilisation | Caisse Alliance","robots":{"index":"index","follow":"follow","max-snippet":"max-snippet:-1","max-image-preview":"max-image-preview:large","max-video-preview":"max-video-preview:-1"},"canonical":"https:\/\/www.caissealliance.com\/fr\/services\/plans-mensuels-frais-utilisation\/","og_locale":"fr_FR","og_type":"article","og_title":"Plans mensuels et frais d'utilisation | Caisse Alliance","og_description":"Nouveaux plans mensuels en vigueur \u00e0 compter du 1er juillet 2025. Vous cherchez \u00e0 diminuer les frais d&#8217;utilisation de vos transactions? Optez pour l\u2019un ou l\u2019autre de nos plans mensuels \u00e0 taux fixes pour votre compte d\u2019\u00e9pargne avec op\u00e9rations. Il y en a s\u00fbrement un qui convient \u00e0 votre budget et \u00e0 votre situation! Frais [...]","og_url":"https:\/\/www.caissealliance.com\/fr\/services\/plans-mensuels-frais-utilisation\/","og_site_name":"Caisse Alliance","article_modified_time":"2025-08-22T16:56:26+00:00","og_image":[{"width":1620,"height":792,"url":"https:\/\/www.caissealliance.com\/wp-content\/uploads\/general_service.jpg","type":"image\/jpeg"}],"twitter_card":"summary_large_image","twitter_misc":{"Dur\u00e9e de lecture estim\u00e9e":"3 minutes"},"schema":{"@context":"https:\/\/schema.org","@graph":[{"@type":"WebPage","@id":"https:\/\/www.caissealliance.com\/fr\/services\/plans-mensuels-frais-utilisation\/","url":"https:\/\/www.caissealliance.com\/fr\/services\/plans-mensuels-frais-utilisation\/","name":"Plans mensuels et frais d'utilisation | Caisse Alliance","isPartOf":{"@id":"https:\/\/www.caissealliance.com\/fr\/#website"},"primaryImageOfPage":{"@id":"https:\/\/www.caissealliance.com\/fr\/services\/plans-mensuels-frais-utilisation\/#primaryimage"},"image":{"@id":"https:\/\/www.caissealliance.com\/fr\/services\/plans-mensuels-frais-utilisation\/#primaryimage"},"thumbnailUrl":"https:\/\/www.caissealliance.com\/wp-content\/uploads\/general_service.jpg","datePublished":"2019-03-22T15:15:29+00:00","dateModified":"2025-08-22T16:56:26+00:00","breadcrumb":{"@id":"https:\/\/www.caissealliance.com\/fr\/services\/plans-mensuels-frais-utilisation\/#breadcrumb"},"inLanguage":"fr-FR","potentialAction":[{"@type":"ReadAction","target":["https:\/\/www.caissealliance.com\/fr\/services\/plans-mensuels-frais-utilisation\/"]}]},{"@type":"ImageObject","inLanguage":"fr-FR","@id":"https:\/\/www.caissealliance.com\/fr\/services\/plans-mensuels-frais-utilisation\/#primaryimage","url":"https:\/\/www.caissealliance.com\/wp-content\/uploads\/general_service.jpg","contentUrl":"https:\/\/www.caissealliance.com\/wp-content\/uploads\/general_service.jpg","width":1620,"height":792},{"@type":"BreadcrumbList","@id":"https:\/\/www.caissealliance.com\/fr\/services\/plans-mensuels-frais-utilisation\/#breadcrumb","itemListElement":[{"@type":"ListItem","position":1,"name":"Home","item":"https:\/\/www.caissealliance.com\/fr\/"},{"@type":"ListItem","position":2,"name":"Services","item":"https:\/\/www.caissealliance.com\/fr\/services\/"},{"@type":"ListItem","position":3,"name":"Plans mensuels et frais d&#8217;utilisation"}]},{"@type":"WebSite","@id":"https:\/\/www.caissealliance.com\/fr\/#website","url":"https:\/\/www.caissealliance.com\/fr\/","name":"Caisse Alliance","description":"Site Web de la Caisse Alliance","potentialAction":[{"@type":"SearchAction","target":{"@type":"EntryPoint","urlTemplate":"https:\/\/www.caissealliance.com\/fr\/?s={search_term_string}"},"query-input":{"@type":"PropertyValueSpecification","valueRequired":true,"valueName":"search_term_string"}}],"inLanguage":"fr-FR"}]}},"publishpress_future_action":{"enabled":false,"date":"2026-04-23 15:59:22","action":"change-status","newStatus":"draft","terms":[],"taxonomy":"section","extraData":[]},"publishpress_future_workflow_manual_trigger":{"enabledWorkflows":[]},"_links":{"self":[{"href":"https:\/\/www.caissealliance.com\/fr\/wp-json\/wp\/v2\/pages\/1719","targetHints":{"allow":["GET"]}}],"collection":[{"href":"https:\/\/www.caissealliance.com\/fr\/wp-json\/wp\/v2\/pages"}],"about":[{"href":"https:\/\/www.caissealliance.com\/fr\/wp-json\/wp\/v2\/types\/page"}],"author":[{"embeddable":true,"href":"https:\/\/www.caissealliance.com\/fr\/wp-json\/wp\/v2\/users\/1"}],"replies":[{"embeddable":true,"href":"https:\/\/www.caissealliance.com\/fr\/wp-json\/wp\/v2\/comments?post=1719"}],"version-history":[{"count":63,"href":"https:\/\/www.caissealliance.com\/fr\/wp-json\/wp\/v2\/pages\/1719\/revisions"}],"predecessor-version":[{"id":33489,"href":"https:\/\/www.caissealliance.com\/fr\/wp-json\/wp\/v2\/pages\/1719\/revisions\/33489"}],"up":[{"embeddable":true,"href":"https:\/\/www.caissealliance.com\/fr\/wp-json\/wp\/v2\/pages\/678"}],"wp:featuredmedia":[{"embeddable":true,"href":"https:\/\/www.caissealliance.com\/fr\/wp-json\/wp\/v2\/media\/3636"}],"wp:attachment":[{"href":"https:\/\/www.caissealliance.com\/fr\/wp-json\/wp\/v2\/media?parent=1719"}],"curies":[{"name":"wp","href":"https:\/\/api.w.org\/{rel}","templated":true}]}}