{"id":1718,"date":"2019-03-22T11:15:28","date_gmt":"2019-03-22T15:15:28","guid":{"rendered":"http:\/\/caissealliance.absoludev.ca\/virements-entre-personnes\/"},"modified":"2024-04-15T08:38:15","modified_gmt":"2024-04-15T12:38:15","slug":"virements-entre-personnes","status":"publish","type":"page","link":"https:\/\/www.caissealliance.com\/fr\/services\/virements-entre-personnes\/","title":{"rendered":"Virements entre personnes"},"content":{"rendered":"<h1>Virements entre personnes<\/h1>\n<h2><strong>Cette fonction vous permet de :<\/strong><\/h2>\n<ul>\n<li data-gc-list-depth=\"1\" data-gc-list-style=\"bullet\">verser de l\u2019argent au compte d\u2019un autre membre d\u2019une Caisse Alliance;<\/li>\n<li data-gc-list-depth=\"1\" data-gc-list-style=\"bullet\">recevoir de l\u2019argent d\u2019un autre membre d\u2019une Caisse Alliance instantan\u00e9ment et en toute s\u00e9curit\u00e9;<\/li>\n<li data-gc-list-depth=\"1\" data-gc-list-style=\"bullet\">r\u00e9gler une somme due entre particuliers (ex. : contribution \u00e0 un cadeau collectif, part d\u2019une r\u00e9servation de groupe, etc.);<\/li>\n<li data-gc-list-depth=\"1\" data-gc-list-style=\"bullet\">payer un travailleur autonome pour des services obtenus de fa\u00e7on ponctuelle (ex. : plombier, \u00e9lectricien, etc.);<\/li>\n<li data-gc-list-depth=\"1\" data-gc-list-style=\"bullet\">r\u00e9gler des sommes r\u00e9currentes (ex.: paiement de loyer et des frais de garde).<\/li>\n<li data-gc-list-depth=\"1\" data-gc-list-style=\"bullet\">d\u00e9panner un parent, un ami ou un enfant qui \u00e9tudie dans une autre r\u00e9gion;<\/li>\n<li data-gc-list-depth=\"1\" data-gc-list-style=\"bullet\">vous faire rembourser.<\/li>\n<\/ul>\n<h2>Principales caract\u00e9ristiques<\/h2>\n<table data-wrap-id=\"table-id-fjgsj\">\n<tbody>\n<tr>\n<td style=\"width: 187px;\"><strong>\u00a0<\/strong><\/td>\n<td style=\"width: 879px;\"><\/td>\n<\/tr>\n<tr data-wrap-id=\"table-row-ehart\">\n<td style=\"width: 187px;\" data-wrap-id=\"table-cell-ekowc\"><strong>Acc\u00e8s multiple<\/strong><\/td>\n<td style=\"width: 879px;\" data-wrap-id=\"table-cell-wgsom\">Op\u00e9ration possible par Allia et aux guichets automatiques.<\/td>\n<\/tr>\n<tr data-wrap-id=\"table-row-yneay\">\n<td style=\"width: 187px;\" data-wrap-id=\"table-cell-patmg\"><strong>Montant maximal quotidien<\/strong><\/td>\n<td style=\"width: 879px;\" data-wrap-id=\"table-cell-pkadu\">La limite du virement entre personnes correspond au montant maximal des virements pouvant \u00eatre faits dans une journ\u00e9e \u00e0 d&#8217;autres membres CPAL.\u00a0 La limite du virement entre personnes est par d\u00e9faut de 5\u00a0000\u00a0$ par jour pour une personne de 18 ans et plus, et de 1\u00a0000\u00a0$ pour un mineur. Votre caisse peut revoir votre limite si vous \u00eates mineur.<\/td>\n<\/tr>\n<tr data-wrap-id=\"table-row-jxhfu\">\n<td style=\"width: 187px;\" data-wrap-id=\"table-cell-psrku\"><strong>Flexibilit\u00e9<\/strong><\/td>\n<td style=\"width: 879px;\" data-wrap-id=\"table-cell-dsuco\">Virements pouvant \u00eatre effectu\u00e9s imm\u00e9diatement ou enregistr\u00e9s \u00e0 l\u2019avance pour s\u2019ex\u00e9cuter \u00e0 une date ult\u00e9rieure, de fa\u00e7on r\u00e9p\u00e9titive ou non.<\/td>\n<\/tr>\n<tr data-wrap-id=\"table-row-lvage\">\n<td style=\"width: 187px;\" data-wrap-id=\"table-cell-kgead\"><strong>Co\u00fbt<\/strong><\/td>\n<td style=\"width: 879px;\" data-wrap-id=\"table-cell-lsxlv\">Frais \u00e9quivalents \u00e0 ceux d\u2019un virement entre vos propres comptes. Aucun frais si vous \u00eates la personne qui re\u00e7oit le virement.<\/td>\n<\/tr>\n<tr data-wrap-id=\"table-row-ztemy\">\n<td style=\"width: 187px;\" data-wrap-id=\"table-cell-gluda\"><strong>Rapidit\u00e9 et s\u00e9curit\u00e9<\/strong><\/td>\n<td style=\"width: 879px;\" data-wrap-id=\"table-cell-tsiac\">Se fait instantan\u00e9ment, sous lien s\u00e9curis\u00e9 et sans retenues de fonds.<\/td>\n<\/tr>\n<\/tbody>\n<\/table>\n<h2><\/h2>\n<h2>Comment \u00e7a fonctionne?<\/h2>\n<p><strong>1. Activer la fonction Virement entre personnes<\/strong><br \/>\nIndispensable avant d\u2019effectuer votre premier virement.<br \/>\nCommuniquez avec un conseiller.<\/p>\n<p><strong>2. Cr\u00e9er votre liste de b\u00e9n\u00e9ficiaires<\/strong><br \/>\nPour chaque b\u00e9n\u00e9ficiaire \u00e0 inscrire, assurez-vous d\u2019obtenir les renseignements requis.<\/p>\n<p>Ou demandez-lui un <a href=\"https:\/\/www.caissealliance.com\/fr\/faq\/specimen-de-cheque\/\">sp\u00e9cimen de ch\u00e8que<\/a> sur lequel il aura inscrit la mention \u00ab Annul\u00e9 \u00bb afin de le rendre inutilisable. Tous les renseignements requis s\u2019y trouvent.<\/p>\n<p>Ouvrez une session dans Allia pour y int\u00e9grer les renseignements obtenus.<\/p>\n<ul>\n<li><strong>Vous utilisez Allia et le guichet<\/strong><br \/>\nPour s\u00e9lectionner les b\u00e9n\u00e9ficiaires qui para\u00eetront au guichet automatique, ouvrez une session dans Allia puis cliquez successivement sur :<br \/>\n&#8211; l\u2019ic\u00f4ne <strong>Profil et pr\u00e9f\u00e9rences<\/strong> dans la partie sup\u00e9rieure du menu de droite<br \/>\n&#8211; <strong>G\u00e9rer les acc\u00e8s au guichet automatique<\/strong> sous la section <strong>G\u00e9rer les acc\u00e8s<\/strong><\/li>\n<li><strong>Vous utilisez uniquement le guichet<\/strong><br \/>\nCommuniquez avec un conseiller.<\/li>\n<\/ul>\n<p><strong>3. Faire un virement<\/strong><br \/>\nUne fois vos b\u00e9n\u00e9ficiaires inscrits, vous pouvez virer des fonds \u00e0 leur compte instantan\u00e9ment** :<\/p>\n<ul>\n<li>par Allia (en cliquant sur le bouton <strong>Virer<\/strong> du menu de gauche, puis sur <strong>Virements entre personnes<\/strong>);<br \/>\nau guichet (fonction <strong>Virement<\/strong>, option <strong>Virement entre personnes<\/strong>).<\/li>\n<\/ul>\n","protected":false},"excerpt":{"rendered":"<p>verser de l\u2019argent au compte d\u2019un autre membre d\u2019une Caisse Alliance; recevoir de l\u2019argent d\u2019un autre membre d\u2019une Caisse Alliance instantan\u00e9ment et en toute s\u00e9curit\u00e9; r\u00e9gler une somme due entre particuliers (ex. : contribution \u00e0 un cadeau collectif, part d\u2019une r\u00e9servation de groupe, etc.); payer un travailleur autonome pour des services obtenus de fa\u00e7on ponctuelle [&#8230;]<\/p>\n","protected":false},"author":1,"featured_media":3608,"parent":678,"menu_order":1,"comment_status":"closed","ping_status":"closed","template":"","meta":{"_acf_changed":false,"_monsterinsights_skip_tracking":false,"_monsterinsights_sitenote_active":false,"_monsterinsights_sitenote_note":"","_monsterinsights_sitenote_category":0,"footnotes":""},"class_list":["post-1718","page","type-page","status-publish","has-post-thumbnail","hentry","section-services-particulier"],"acf":[],"yoast_head":"<!-- This site is optimized with the Yoast SEO plugin v27.3 - https:\/\/yoast.com\/product\/yoast-seo-wordpress\/ -->\n<title>Virements entre personnes | Caisse Alliance<\/title>\n<meta name=\"robots\" content=\"index, follow, max-snippet:-1, max-image-preview:large, max-video-preview:-1\" \/>\n<link rel=\"canonical\" href=\"https:\/\/www.caissealliance.com\/fr\/services\/virements-entre-personnes\/\" \/>\n<meta property=\"og:locale\" content=\"fr_FR\" \/>\n<meta property=\"og:type\" content=\"article\" \/>\n<meta property=\"og:title\" content=\"Virements entre personnes | Caisse Alliance\" \/>\n<meta property=\"og:description\" content=\"verser de l\u2019argent au compte d\u2019un autre membre d\u2019une Caisse Alliance; recevoir de l\u2019argent d\u2019un autre membre d\u2019une Caisse Alliance instantan\u00e9ment et en toute s\u00e9curit\u00e9; r\u00e9gler une somme due entre particuliers (ex. : contribution \u00e0 un cadeau collectif, part d\u2019une r\u00e9servation de groupe, etc.); payer un travailleur autonome pour des services obtenus de fa\u00e7on ponctuelle [...]\" \/>\n<meta property=\"og:url\" content=\"https:\/\/www.caissealliance.com\/fr\/services\/virements-entre-personnes\/\" \/>\n<meta property=\"og:site_name\" content=\"Caisse Alliance\" \/>\n<meta property=\"article:modified_time\" content=\"2024-04-15T12:38:15+00:00\" \/>\n<meta property=\"og:image\" content=\"https:\/\/www.caissealliance.com\/wp-content\/uploads\/services-en-ligne_service.jpg\" \/>\n\t<meta property=\"og:image:width\" content=\"1620\" \/>\n\t<meta property=\"og:image:height\" content=\"792\" \/>\n\t<meta property=\"og:image:type\" content=\"image\/jpeg\" \/>\n<meta name=\"twitter:card\" content=\"summary_large_image\" \/>\n<meta name=\"twitter:label1\" content=\"Dur\u00e9e de lecture estim\u00e9e\" \/>\n\t<meta name=\"twitter:data1\" content=\"3 minutes\" \/>\n<script type=\"application\/ld+json\" class=\"yoast-schema-graph\">{\"@context\":\"https:\\\/\\\/schema.org\",\"@graph\":[{\"@type\":\"WebPage\",\"@id\":\"https:\\\/\\\/www.caissealliance.com\\\/fr\\\/services\\\/virements-entre-personnes\\\/\",\"url\":\"https:\\\/\\\/www.caissealliance.com\\\/fr\\\/services\\\/virements-entre-personnes\\\/\",\"name\":\"Virements entre personnes | Caisse Alliance\",\"isPartOf\":{\"@id\":\"https:\\\/\\\/www.caissealliance.com\\\/fr\\\/#website\"},\"primaryImageOfPage\":{\"@id\":\"https:\\\/\\\/www.caissealliance.com\\\/fr\\\/services\\\/virements-entre-personnes\\\/#primaryimage\"},\"image\":{\"@id\":\"https:\\\/\\\/www.caissealliance.com\\\/fr\\\/services\\\/virements-entre-personnes\\\/#primaryimage\"},\"thumbnailUrl\":\"https:\\\/\\\/www.caissealliance.com\\\/wp-content\\\/uploads\\\/services-en-ligne_service.jpg\",\"datePublished\":\"2019-03-22T15:15:28+00:00\",\"dateModified\":\"2024-04-15T12:38:15+00:00\",\"breadcrumb\":{\"@id\":\"https:\\\/\\\/www.caissealliance.com\\\/fr\\\/services\\\/virements-entre-personnes\\\/#breadcrumb\"},\"inLanguage\":\"fr-FR\",\"potentialAction\":[{\"@type\":\"ReadAction\",\"target\":[\"https:\\\/\\\/www.caissealliance.com\\\/fr\\\/services\\\/virements-entre-personnes\\\/\"]}]},{\"@type\":\"ImageObject\",\"inLanguage\":\"fr-FR\",\"@id\":\"https:\\\/\\\/www.caissealliance.com\\\/fr\\\/services\\\/virements-entre-personnes\\\/#primaryimage\",\"url\":\"https:\\\/\\\/www.caissealliance.com\\\/wp-content\\\/uploads\\\/services-en-ligne_service.jpg\",\"contentUrl\":\"https:\\\/\\\/www.caissealliance.com\\\/wp-content\\\/uploads\\\/services-en-ligne_service.jpg\",\"width\":1620,\"height\":792},{\"@type\":\"BreadcrumbList\",\"@id\":\"https:\\\/\\\/www.caissealliance.com\\\/fr\\\/services\\\/virements-entre-personnes\\\/#breadcrumb\",\"itemListElement\":[{\"@type\":\"ListItem\",\"position\":1,\"name\":\"Home\",\"item\":\"https:\\\/\\\/www.caissealliance.com\\\/fr\\\/\"},{\"@type\":\"ListItem\",\"position\":2,\"name\":\"Services\",\"item\":\"https:\\\/\\\/www.caissealliance.com\\\/fr\\\/services\\\/\"},{\"@type\":\"ListItem\",\"position\":3,\"name\":\"Virements entre personnes\"}]},{\"@type\":\"WebSite\",\"@id\":\"https:\\\/\\\/www.caissealliance.com\\\/fr\\\/#website\",\"url\":\"https:\\\/\\\/www.caissealliance.com\\\/fr\\\/\",\"name\":\"Caisse Alliance\",\"description\":\"Site Web de la Caisse Alliance\",\"potentialAction\":[{\"@type\":\"SearchAction\",\"target\":{\"@type\":\"EntryPoint\",\"urlTemplate\":\"https:\\\/\\\/www.caissealliance.com\\\/fr\\\/?s={search_term_string}\"},\"query-input\":{\"@type\":\"PropertyValueSpecification\",\"valueRequired\":true,\"valueName\":\"search_term_string\"}}],\"inLanguage\":\"fr-FR\"}]}<\/script>\n<!-- \/ Yoast SEO plugin. -->","yoast_head_json":{"title":"Virements entre personnes | Caisse Alliance","robots":{"index":"index","follow":"follow","max-snippet":"max-snippet:-1","max-image-preview":"max-image-preview:large","max-video-preview":"max-video-preview:-1"},"canonical":"https:\/\/www.caissealliance.com\/fr\/services\/virements-entre-personnes\/","og_locale":"fr_FR","og_type":"article","og_title":"Virements entre personnes | Caisse Alliance","og_description":"verser de l\u2019argent au compte d\u2019un autre membre d\u2019une Caisse Alliance; recevoir de l\u2019argent d\u2019un autre membre d\u2019une Caisse Alliance instantan\u00e9ment et en toute s\u00e9curit\u00e9; r\u00e9gler une somme due entre particuliers (ex. : contribution \u00e0 un cadeau collectif, part d\u2019une r\u00e9servation de groupe, etc.); payer un travailleur autonome pour des services obtenus de fa\u00e7on ponctuelle [...]","og_url":"https:\/\/www.caissealliance.com\/fr\/services\/virements-entre-personnes\/","og_site_name":"Caisse Alliance","article_modified_time":"2024-04-15T12:38:15+00:00","og_image":[{"width":1620,"height":792,"url":"https:\/\/www.caissealliance.com\/wp-content\/uploads\/services-en-ligne_service.jpg","type":"image\/jpeg"}],"twitter_card":"summary_large_image","twitter_misc":{"Dur\u00e9e de lecture estim\u00e9e":"3 minutes"},"schema":{"@context":"https:\/\/schema.org","@graph":[{"@type":"WebPage","@id":"https:\/\/www.caissealliance.com\/fr\/services\/virements-entre-personnes\/","url":"https:\/\/www.caissealliance.com\/fr\/services\/virements-entre-personnes\/","name":"Virements entre personnes | Caisse Alliance","isPartOf":{"@id":"https:\/\/www.caissealliance.com\/fr\/#website"},"primaryImageOfPage":{"@id":"https:\/\/www.caissealliance.com\/fr\/services\/virements-entre-personnes\/#primaryimage"},"image":{"@id":"https:\/\/www.caissealliance.com\/fr\/services\/virements-entre-personnes\/#primaryimage"},"thumbnailUrl":"https:\/\/www.caissealliance.com\/wp-content\/uploads\/services-en-ligne_service.jpg","datePublished":"2019-03-22T15:15:28+00:00","dateModified":"2024-04-15T12:38:15+00:00","breadcrumb":{"@id":"https:\/\/www.caissealliance.com\/fr\/services\/virements-entre-personnes\/#breadcrumb"},"inLanguage":"fr-FR","potentialAction":[{"@type":"ReadAction","target":["https:\/\/www.caissealliance.com\/fr\/services\/virements-entre-personnes\/"]}]},{"@type":"ImageObject","inLanguage":"fr-FR","@id":"https:\/\/www.caissealliance.com\/fr\/services\/virements-entre-personnes\/#primaryimage","url":"https:\/\/www.caissealliance.com\/wp-content\/uploads\/services-en-ligne_service.jpg","contentUrl":"https:\/\/www.caissealliance.com\/wp-content\/uploads\/services-en-ligne_service.jpg","width":1620,"height":792},{"@type":"BreadcrumbList","@id":"https:\/\/www.caissealliance.com\/fr\/services\/virements-entre-personnes\/#breadcrumb","itemListElement":[{"@type":"ListItem","position":1,"name":"Home","item":"https:\/\/www.caissealliance.com\/fr\/"},{"@type":"ListItem","position":2,"name":"Services","item":"https:\/\/www.caissealliance.com\/fr\/services\/"},{"@type":"ListItem","position":3,"name":"Virements entre personnes"}]},{"@type":"WebSite","@id":"https:\/\/www.caissealliance.com\/fr\/#website","url":"https:\/\/www.caissealliance.com\/fr\/","name":"Caisse Alliance","description":"Site Web de la Caisse Alliance","potentialAction":[{"@type":"SearchAction","target":{"@type":"EntryPoint","urlTemplate":"https:\/\/www.caissealliance.com\/fr\/?s={search_term_string}"},"query-input":{"@type":"PropertyValueSpecification","valueRequired":true,"valueName":"search_term_string"}}],"inLanguage":"fr-FR"}]}},"publishpress_future_action":{"enabled":false,"date":"2026-04-23 13:41:47","action":"change-status","newStatus":"draft","terms":[],"taxonomy":"section","extraData":[]},"publishpress_future_workflow_manual_trigger":{"enabledWorkflows":[]},"_links":{"self":[{"href":"https:\/\/www.caissealliance.com\/fr\/wp-json\/wp\/v2\/pages\/1718","targetHints":{"allow":["GET"]}}],"collection":[{"href":"https:\/\/www.caissealliance.com\/fr\/wp-json\/wp\/v2\/pages"}],"about":[{"href":"https:\/\/www.caissealliance.com\/fr\/wp-json\/wp\/v2\/types\/page"}],"author":[{"embeddable":true,"href":"https:\/\/www.caissealliance.com\/fr\/wp-json\/wp\/v2\/users\/1"}],"replies":[{"embeddable":true,"href":"https:\/\/www.caissealliance.com\/fr\/wp-json\/wp\/v2\/comments?post=1718"}],"version-history":[{"count":12,"href":"https:\/\/www.caissealliance.com\/fr\/wp-json\/wp\/v2\/pages\/1718\/revisions"}],"predecessor-version":[{"id":26528,"href":"https:\/\/www.caissealliance.com\/fr\/wp-json\/wp\/v2\/pages\/1718\/revisions\/26528"}],"up":[{"embeddable":true,"href":"https:\/\/www.caissealliance.com\/fr\/wp-json\/wp\/v2\/pages\/678"}],"wp:featuredmedia":[{"embeddable":true,"href":"https:\/\/www.caissealliance.com\/fr\/wp-json\/wp\/v2\/media\/3608"}],"wp:attachment":[{"href":"https:\/\/www.caissealliance.com\/fr\/wp-json\/wp\/v2\/media?parent=1718"}],"curies":[{"name":"wp","href":"https:\/\/api.w.org\/{rel}","templated":true}]}}