{"id":1712,"date":"2019-03-22T11:07:25","date_gmt":"2019-03-22T15:07:25","guid":{"rendered":"http:\/\/caissealliance.absoludev.ca\/courtage-en-ligne\/"},"modified":"2025-09-11T14:08:45","modified_gmt":"2025-09-11T18:08:45","slug":"courtage-en-ligne","status":"publish","type":"page","link":"https:\/\/www.caissealliance.com\/fr\/services\/gestion-du-patrimoine\/courtage-en-ligne\/","title":{"rendered":"Courtage en ligne"},"content":{"rendered":"\t\t<div data-elementor-type=\"wp-page\" data-elementor-id=\"1712\" class=\"elementor elementor-1712\" data-elementor-post-type=\"page\">\n\t\t\t\t<div class=\"elementor-element elementor-element-6a9dfa14 e-flex e-con-boxed e-con e-parent\" data-id=\"6a9dfa14\" data-element_type=\"container\" data-e-type=\"container\">\n\t\t\t\t\t<div class=\"e-con-inner\">\n\t\t\t\t<div class=\"elementor-element elementor-element-70416995 elementor-widget elementor-widget-text-editor\" data-id=\"70416995\" data-element_type=\"widget\" data-e-type=\"widget\" data-widget_type=\"text-editor.default\">\n\t\t\t\t<div class=\"elementor-widget-container\">\n\t\t\t\t\t\t\t\t\t<h1>Courtage en ligne avec Qtrade Investissement direct<sup>\u00ae<\/sup><\/h1><h3><b>\u00c9crivez votre propre avenir.<\/b><\/h3><p>Vous avez des objectifs. Pour votre avenir. Pour l\u2019avenir de votre famille. Poursuivez-les en toute confiance, gr\u00e2ce aux connaissances \u00e9tendues propres aux investisseurs et \u00e0 des conseils d\u2019experts. Et gr\u00e2ce \u00e0 des outils qui vous aident \u00e0 guider vos d\u00e9cisions en mati\u00e8re d\u2019investissement.<\/p><p>Nous nous sommes associ\u00e9s \u00e0 Qtrade Investissement direct<sup>MC<\/sup>\u00a0pour vous donner la confiance n\u00e9cessaire pour acheter et vendre des actions, des obligations, des fonds n\u00e9goci\u00e9s en bourse et des fonds communs de placement \u2013 \u00e0 de faibles frais de n\u00e9gociation.<\/p><ul><li><b>Ex\u00e9cutez des op\u00e9rations facilement sur\u00a0<a href=\"https:\/\/www.qtrade.ca\/fr\/investor\/trading.html\">une plateforme de n\u00e9gociation prim\u00e9e<\/a>. <\/b>Qtrade a toujours \u00e9t\u00e9 class\u00e9e premi\u00e8re plateforme d\u2019investissement en ligne au Canada.<\/li><li><b style=\"text-align: var(--text-align);\">Saisissez les occasions gr\u00e2ce \u00e0\u00a0<a href=\"https:\/\/www.qtrade.ca\/fr\/investor\/trading\/portfolio-analytics.html\">des outils de pointe<\/a>. <\/b><span style=\"text-align: var(--text-align);\">Quel que soit votre niveau d\u2019exp\u00e9rience en mati\u00e8re d\u2019investissement, cr\u00e9ez, \u00e9valuez et mettez \u00e0 l\u2019essai votre portefeuille \u00e0 l\u2019aide de calculatrices et d\u2019outils comme Cr\u00e9ateur du portefeuille<\/span><sup style=\"text-align: var(--text-align);\">MC<\/sup><span style=\"text-align: var(--text-align);\">, La cote du portefeuille<\/span><sup style=\"text-align: var(--text-align);\">MC<\/sup><span style=\"text-align: var(--text-align);\">\u00a0et Simulateur du portefeuille<\/span><sup style=\"text-align: var(--text-align);\">MC<\/sup><span style=\"text-align: var(--text-align);\"><span style=\"text-align: var(--text-align);\">, qui sont dot\u00e9s de la technologie d\u2019analyse des risques et de cr\u00e9ation de portefeuille la plus \u00e9volu\u00e9e du secteur.<\/span><\/span><\/li><li><b style=\"text-align: var(--text-align);\">Allez de l\u2019avant en b\u00e9n\u00e9ficiant du meilleur soutien en mati\u00e8re de n\u00e9gociation en ligne au Canada.\u00a0<\/b><span style=\"text-align: var(--text-align);\">Vous pouvez compter sur Qtrade. Un service \u00e0 la client\u00e8le amical et r\u00e9actif. Une autoassistance en ligne. Des vid\u00e9os explicatives.\u00a0<\/span><a style=\"text-align: var(--text-align); background-color: white;\" href=\"https:\/\/www.qtrade.ca\/fr\/investor\/education.html\">Une vaste biblioth\u00e8que d\u2019articles et de ressources didactiques<\/a><span style=\"text-align: var(--text-align);\">.\u00a0Et plus encore.<\/span><\/li><\/ul>\t\t\t\t\t\t\t\t<\/div>\n\t\t\t\t<\/div>\n\t\t\t\t\t<\/div>\n\t\t\t\t<\/div>\n\t\t<div class=\"elementor-element elementor-element-76094bd e-flex e-con-boxed e-con e-parent\" data-id=\"76094bd\" data-element_type=\"container\" data-e-type=\"container\">\n\t\t\t\t\t<div class=\"e-con-inner\">\n\t\t\t\t<div class=\"elementor-element elementor-element-c0fa242 elementor-cta--skin-classic elementor-animated-content elementor-widget elementor-widget-call-to-action\" data-id=\"c0fa242\" data-element_type=\"widget\" data-e-type=\"widget\" data-widget_type=\"call-to-action.default\">\n\t\t\t\t<div class=\"elementor-widget-container\">\n\t\t\t\t\t\t\t<div class=\"elementor-cta\">\n\t\t\t\t\t<div class=\"elementor-cta__bg-wrapper\">\n\t\t\t\t<div class=\"elementor-cta__bg elementor-bg\" style=\"background-image: url(https:\/\/www.caissealliance.com\/wp-content\/uploads\/Qtrade1280x365revesFR-1024x292.jpg);\" role=\"img\" aria-label=\"Qtrade1280x365revesFR\"><\/div>\n\t\t\t\t<div class=\"elementor-cta__bg-overlay\"><\/div>\n\t\t\t<\/div>\n\t\t\t\t\t\t\t<div class=\"elementor-cta__content\">\n\t\t\t\t\n\t\t\t\t\n\t\t\t\t\t\t\t\t\t<div class=\"elementor-cta__description elementor-cta__content-item elementor-content-item\">\n\t\t\t\t\t\tLa cl\u00e9 de la confiance en mati\u00e8re d'investissement est entre vos mains. <br>Qtrade peut vous aider \u00e0 atteindre vos objectifs financiers d\u00e8s aujourd'hui.\t\t\t\t\t<\/div>\n\t\t\t\t\n\t\t\t\t\t\t\t\t\t<div class=\"elementor-cta__button-wrapper elementor-cta__content-item elementor-content-item \">\n\t\t\t\t\t<a class=\"elementor-cta__button elementor-button elementor-size-\" href=\"https:\/\/www.qtrade.ca\/fr\/investor\/offers\/creditunions.html?partner=cpalnorthbay\">\n\t\t\t\t\t\tVoir les offres en vigueur\t\t\t\t\t<\/a>\n\t\t\t\t\t<\/div>\n\t\t\t\t\t\t\t<\/div>\n\t\t\t\t\t\t<\/div>\n\t\t\t\t\t\t<\/div>\n\t\t\t\t<\/div>\n\t\t\t\t\t<\/div>\n\t\t\t\t<\/div>\n\t\t<div class=\"elementor-element elementor-element-177992a e-flex e-con-boxed e-con e-parent\" data-id=\"177992a\" data-element_type=\"container\" data-e-type=\"container\">\n\t\t\t\t\t<div class=\"e-con-inner\">\n\t\t\t\t<div class=\"elementor-element elementor-element-99f8db3 elementor-widget elementor-widget-text-editor\" data-id=\"99f8db3\" data-element_type=\"widget\" data-e-type=\"widget\" data-widget_type=\"text-editor.default\">\n\t\t\t\t<div class=\"elementor-widget-container\">\n\t\t\t\t\t\t\t\t\t<p><i>Les services de courtage en ligne sont offerts par l\u2019interm\u00e9diaire de Qtrade Investissement direct, une division de Patrimoine Aviso Inc. Qtrade, Qtrade Investissement direct et Tracez votre avenir sont des noms commerciaux ou des marques de commerce de Patrimoine Aviso Inc. et\/ou de ses filiales.<\/i><\/p>\t\t\t\t\t\t\t\t<\/div>\n\t\t\t\t<\/div>\n\t\t\t\t\t<\/div>\n\t\t\t\t<\/div>\n\t\t\t\t<\/div>\n\t\t","protected":false},"excerpt":{"rendered":"<p>Vous avez des objectifs. Pour votre avenir. Pour l\u2019avenir de votre famille. Poursuivez-les en toute confiance, gr\u00e2ce aux connaissances \u00e9tendues propres aux investisseurs et \u00e0 des conseils d\u2019experts. Et gr\u00e2ce \u00e0 des outils qui vous aident \u00e0 guider vos d\u00e9cisions en mati\u00e8re d\u2019investissement. Nous nous sommes associ\u00e9s \u00e0 Qtrade Investissement directMC\u00a0pour vous donner la confiance [&#8230;]<\/p>\n","protected":false},"author":1,"featured_media":3636,"parent":1695,"menu_order":2,"comment_status":"closed","ping_status":"closed","template":"","meta":{"_acf_changed":false,"_monsterinsights_skip_tracking":false,"_monsterinsights_sitenote_active":false,"_monsterinsights_sitenote_note":"","_monsterinsights_sitenote_category":0,"footnotes":""},"class_list":["post-1712","page","type-page","status-publish","has-post-thumbnail","hentry","section-services-particulier"],"acf":[],"yoast_head":"<!-- This site is optimized with the Yoast SEO plugin v27.5 - https:\/\/yoast.com\/product\/yoast-seo-wordpress\/ -->\n<title>Courtage en ligne | Caisse Alliance<\/title>\n<meta name=\"robots\" content=\"index, follow, max-snippet:-1, max-image-preview:large, max-video-preview:-1\" \/>\n<link rel=\"canonical\" href=\"https:\/\/www.caissealliance.com\/fr\/services\/gestion-du-patrimoine\/courtage-en-ligne\/\" \/>\n<meta property=\"og:locale\" content=\"fr_FR\" \/>\n<meta property=\"og:type\" content=\"article\" \/>\n<meta property=\"og:title\" content=\"Courtage en ligne | Caisse Alliance\" \/>\n<meta property=\"og:description\" content=\"Vous avez des objectifs. Pour votre avenir. Pour l\u2019avenir de votre famille. Poursuivez-les en toute confiance, gr\u00e2ce aux connaissances \u00e9tendues propres aux investisseurs et \u00e0 des conseils d\u2019experts. Et gr\u00e2ce \u00e0 des outils qui vous aident \u00e0 guider vos d\u00e9cisions en mati\u00e8re d\u2019investissement. Nous nous sommes associ\u00e9s \u00e0 Qtrade Investissement directMC\u00a0pour vous donner la confiance [...]\" \/>\n<meta property=\"og:url\" content=\"https:\/\/www.caissealliance.com\/fr\/services\/gestion-du-patrimoine\/courtage-en-ligne\/\" \/>\n<meta property=\"og:site_name\" content=\"Caisse Alliance\" \/>\n<meta property=\"article:modified_time\" content=\"2025-09-11T18:08:45+00:00\" \/>\n<meta property=\"og:image\" content=\"https:\/\/www.caissealliance.com\/wp-content\/uploads\/general_service.jpg\" \/>\n\t<meta property=\"og:image:width\" content=\"1620\" \/>\n\t<meta property=\"og:image:height\" content=\"792\" \/>\n\t<meta property=\"og:image:type\" content=\"image\/jpeg\" \/>\n<meta name=\"twitter:card\" content=\"summary_large_image\" \/>\n<meta name=\"twitter:label1\" content=\"Dur\u00e9e de lecture estim\u00e9e\" \/>\n\t<meta name=\"twitter:data1\" content=\"2 minutes\" \/>\n<script type=\"application\/ld+json\" class=\"yoast-schema-graph\">{\"@context\":\"https:\\\/\\\/schema.org\",\"@graph\":[{\"@type\":\"WebPage\",\"@id\":\"https:\\\/\\\/www.caissealliance.com\\\/fr\\\/services\\\/gestion-du-patrimoine\\\/courtage-en-ligne\\\/\",\"url\":\"https:\\\/\\\/www.caissealliance.com\\\/fr\\\/services\\\/gestion-du-patrimoine\\\/courtage-en-ligne\\\/\",\"name\":\"Courtage en ligne | Caisse Alliance\",\"isPartOf\":{\"@id\":\"https:\\\/\\\/www.caissealliance.com\\\/fr\\\/#website\"},\"primaryImageOfPage\":{\"@id\":\"https:\\\/\\\/www.caissealliance.com\\\/fr\\\/services\\\/gestion-du-patrimoine\\\/courtage-en-ligne\\\/#primaryimage\"},\"image\":{\"@id\":\"https:\\\/\\\/www.caissealliance.com\\\/fr\\\/services\\\/gestion-du-patrimoine\\\/courtage-en-ligne\\\/#primaryimage\"},\"thumbnailUrl\":\"https:\\\/\\\/www.caissealliance.com\\\/wp-content\\\/uploads\\\/general_service.jpg\",\"datePublished\":\"2019-03-22T15:07:25+00:00\",\"dateModified\":\"2025-09-11T18:08:45+00:00\",\"breadcrumb\":{\"@id\":\"https:\\\/\\\/www.caissealliance.com\\\/fr\\\/services\\\/gestion-du-patrimoine\\\/courtage-en-ligne\\\/#breadcrumb\"},\"inLanguage\":\"fr-FR\",\"potentialAction\":[{\"@type\":\"ReadAction\",\"target\":[\"https:\\\/\\\/www.caissealliance.com\\\/fr\\\/services\\\/gestion-du-patrimoine\\\/courtage-en-ligne\\\/\"]}]},{\"@type\":\"ImageObject\",\"inLanguage\":\"fr-FR\",\"@id\":\"https:\\\/\\\/www.caissealliance.com\\\/fr\\\/services\\\/gestion-du-patrimoine\\\/courtage-en-ligne\\\/#primaryimage\",\"url\":\"https:\\\/\\\/www.caissealliance.com\\\/wp-content\\\/uploads\\\/general_service.jpg\",\"contentUrl\":\"https:\\\/\\\/www.caissealliance.com\\\/wp-content\\\/uploads\\\/general_service.jpg\",\"width\":1620,\"height\":792},{\"@type\":\"BreadcrumbList\",\"@id\":\"https:\\\/\\\/www.caissealliance.com\\\/fr\\\/services\\\/gestion-du-patrimoine\\\/courtage-en-ligne\\\/#breadcrumb\",\"itemListElement\":[{\"@type\":\"ListItem\",\"position\":1,\"name\":\"Home\",\"item\":\"https:\\\/\\\/www.caissealliance.com\\\/fr\\\/\"},{\"@type\":\"ListItem\",\"position\":2,\"name\":\"Services\",\"item\":\"https:\\\/\\\/www.caissealliance.com\\\/fr\\\/services\\\/\"},{\"@type\":\"ListItem\",\"position\":3,\"name\":\"Gestion du patrimoine\",\"item\":\"https:\\\/\\\/www.caissealliance.com\\\/fr\\\/services\\\/wealth-management\\\/\"},{\"@type\":\"ListItem\",\"position\":4,\"name\":\"Courtage en ligne\"}]},{\"@type\":\"WebSite\",\"@id\":\"https:\\\/\\\/www.caissealliance.com\\\/fr\\\/#website\",\"url\":\"https:\\\/\\\/www.caissealliance.com\\\/fr\\\/\",\"name\":\"Caisse Alliance\",\"description\":\"Site Web de la Caisse Alliance\",\"potentialAction\":[{\"@type\":\"SearchAction\",\"target\":{\"@type\":\"EntryPoint\",\"urlTemplate\":\"https:\\\/\\\/www.caissealliance.com\\\/fr\\\/?s={search_term_string}\"},\"query-input\":{\"@type\":\"PropertyValueSpecification\",\"valueRequired\":true,\"valueName\":\"search_term_string\"}}],\"inLanguage\":\"fr-FR\"}]}<\/script>\n<!-- \/ Yoast SEO plugin. -->","yoast_head_json":{"title":"Courtage en ligne | Caisse Alliance","robots":{"index":"index","follow":"follow","max-snippet":"max-snippet:-1","max-image-preview":"max-image-preview:large","max-video-preview":"max-video-preview:-1"},"canonical":"https:\/\/www.caissealliance.com\/fr\/services\/gestion-du-patrimoine\/courtage-en-ligne\/","og_locale":"fr_FR","og_type":"article","og_title":"Courtage en ligne | Caisse Alliance","og_description":"Vous avez des objectifs. Pour votre avenir. Pour l\u2019avenir de votre famille. Poursuivez-les en toute confiance, gr\u00e2ce aux connaissances \u00e9tendues propres aux investisseurs et \u00e0 des conseils d\u2019experts. Et gr\u00e2ce \u00e0 des outils qui vous aident \u00e0 guider vos d\u00e9cisions en mati\u00e8re d\u2019investissement. Nous nous sommes associ\u00e9s \u00e0 Qtrade Investissement directMC\u00a0pour vous donner la confiance [...]","og_url":"https:\/\/www.caissealliance.com\/fr\/services\/gestion-du-patrimoine\/courtage-en-ligne\/","og_site_name":"Caisse Alliance","article_modified_time":"2025-09-11T18:08:45+00:00","og_image":[{"width":1620,"height":792,"url":"https:\/\/www.caissealliance.com\/wp-content\/uploads\/general_service.jpg","type":"image\/jpeg"}],"twitter_card":"summary_large_image","twitter_misc":{"Dur\u00e9e de lecture estim\u00e9e":"2 minutes"},"schema":{"@context":"https:\/\/schema.org","@graph":[{"@type":"WebPage","@id":"https:\/\/www.caissealliance.com\/fr\/services\/gestion-du-patrimoine\/courtage-en-ligne\/","url":"https:\/\/www.caissealliance.com\/fr\/services\/gestion-du-patrimoine\/courtage-en-ligne\/","name":"Courtage en ligne | Caisse Alliance","isPartOf":{"@id":"https:\/\/www.caissealliance.com\/fr\/#website"},"primaryImageOfPage":{"@id":"https:\/\/www.caissealliance.com\/fr\/services\/gestion-du-patrimoine\/courtage-en-ligne\/#primaryimage"},"image":{"@id":"https:\/\/www.caissealliance.com\/fr\/services\/gestion-du-patrimoine\/courtage-en-ligne\/#primaryimage"},"thumbnailUrl":"https:\/\/www.caissealliance.com\/wp-content\/uploads\/general_service.jpg","datePublished":"2019-03-22T15:07:25+00:00","dateModified":"2025-09-11T18:08:45+00:00","breadcrumb":{"@id":"https:\/\/www.caissealliance.com\/fr\/services\/gestion-du-patrimoine\/courtage-en-ligne\/#breadcrumb"},"inLanguage":"fr-FR","potentialAction":[{"@type":"ReadAction","target":["https:\/\/www.caissealliance.com\/fr\/services\/gestion-du-patrimoine\/courtage-en-ligne\/"]}]},{"@type":"ImageObject","inLanguage":"fr-FR","@id":"https:\/\/www.caissealliance.com\/fr\/services\/gestion-du-patrimoine\/courtage-en-ligne\/#primaryimage","url":"https:\/\/www.caissealliance.com\/wp-content\/uploads\/general_service.jpg","contentUrl":"https:\/\/www.caissealliance.com\/wp-content\/uploads\/general_service.jpg","width":1620,"height":792},{"@type":"BreadcrumbList","@id":"https:\/\/www.caissealliance.com\/fr\/services\/gestion-du-patrimoine\/courtage-en-ligne\/#breadcrumb","itemListElement":[{"@type":"ListItem","position":1,"name":"Home","item":"https:\/\/www.caissealliance.com\/fr\/"},{"@type":"ListItem","position":2,"name":"Services","item":"https:\/\/www.caissealliance.com\/fr\/services\/"},{"@type":"ListItem","position":3,"name":"Gestion du patrimoine","item":"https:\/\/www.caissealliance.com\/fr\/services\/wealth-management\/"},{"@type":"ListItem","position":4,"name":"Courtage en ligne"}]},{"@type":"WebSite","@id":"https:\/\/www.caissealliance.com\/fr\/#website","url":"https:\/\/www.caissealliance.com\/fr\/","name":"Caisse Alliance","description":"Site Web de la Caisse Alliance","potentialAction":[{"@type":"SearchAction","target":{"@type":"EntryPoint","urlTemplate":"https:\/\/www.caissealliance.com\/fr\/?s={search_term_string}"},"query-input":{"@type":"PropertyValueSpecification","valueRequired":true,"valueName":"search_term_string"}}],"inLanguage":"fr-FR"}]}},"publishpress_future_action":{"enabled":false,"date":"2026-05-12 09:40:22","action":"change-status","newStatus":"draft","terms":[],"taxonomy":"section","extraData":[]},"publishpress_future_workflow_manual_trigger":{"enabledWorkflows":[]},"_links":{"self":[{"href":"https:\/\/www.caissealliance.com\/fr\/wp-json\/wp\/v2\/pages\/1712","targetHints":{"allow":["GET"]}}],"collection":[{"href":"https:\/\/www.caissealliance.com\/fr\/wp-json\/wp\/v2\/pages"}],"about":[{"href":"https:\/\/www.caissealliance.com\/fr\/wp-json\/wp\/v2\/types\/page"}],"author":[{"embeddable":true,"href":"https:\/\/www.caissealliance.com\/fr\/wp-json\/wp\/v2\/users\/1"}],"replies":[{"embeddable":true,"href":"https:\/\/www.caissealliance.com\/fr\/wp-json\/wp\/v2\/comments?post=1712"}],"version-history":[{"count":40,"href":"https:\/\/www.caissealliance.com\/fr\/wp-json\/wp\/v2\/pages\/1712\/revisions"}],"predecessor-version":[{"id":33638,"href":"https:\/\/www.caissealliance.com\/fr\/wp-json\/wp\/v2\/pages\/1712\/revisions\/33638"}],"up":[{"embeddable":true,"href":"https:\/\/www.caissealliance.com\/fr\/wp-json\/wp\/v2\/pages\/1695"}],"wp:featuredmedia":[{"embeddable":true,"href":"https:\/\/www.caissealliance.com\/fr\/wp-json\/wp\/v2\/media\/3636"}],"wp:attachment":[{"href":"https:\/\/www.caissealliance.com\/fr\/wp-json\/wp\/v2\/media?parent=1712"}],"curies":[{"name":"wp","href":"https:\/\/api.w.org\/{rel}","templated":true}]}}