{"id":1711,"date":"2019-03-22T11:07:23","date_gmt":"2019-03-22T15:07:23","guid":{"rendered":"http:\/\/caissealliance.absoludev.ca\/fonds-communs-de-placement\/"},"modified":"2024-04-01T00:01:42","modified_gmt":"2024-04-01T04:01:42","slug":"fonds-communs-de-placement","status":"publish","type":"page","link":"https:\/\/www.caissealliance.com\/fr\/services\/gestion-du-patrimoine\/fonds-communs-de-placement\/","title":{"rendered":"Fonds communs de placement"},"content":{"rendered":"<h1><strong>Fonds communs de placement<\/strong><\/h1>\n<h2><strong>Faites votre choix parmi les diff\u00e9rents types de placements offert par Patrimoine Aviso.<\/strong><\/h2>\n<p>Les fonds communs de placement et autres titres sont offerts par l\u2019interm\u00e9diaire de Gestion de patrimoine Aviso, une division de Financi\u00e8re Patrimoine Aviso inc. Les placements dans les fonds communs de placement peuvent \u00eatre assortis de commissions, de commissions de suivi, de frais de gestion et d\u2019autres frais. Veuillez lire le prospectus avant d\u2019investir. \u00c0 moins d\u2019indication contraire, les fonds communs de placement, les autres titres et les soldes de liquidit\u00e9s ne sont ni assur\u00e9s ni garantis, leur valeur fluctue fr\u00e9quemment et les rendements pass\u00e9s peuvent ne pas se reproduire.<\/p>\n<h2><strong>Comment obtenir ce produit?<\/strong><\/h2>\n<p>Communiquer avec un conseiller Patrimoine Aviso.<\/p>\n<p>&nbsp;<\/p>\n","protected":false},"excerpt":{"rendered":"<p>Les fonds communs de placement et autres titres sont offerts par l\u2019interm\u00e9diaire de Gestion de patrimoine Aviso, une division de Financi\u00e8re Patrimoine Aviso inc. Les placements dans les fonds communs de placement peuvent \u00eatre assortis de commissions, de commissions de suivi, de frais de gestion et d\u2019autres frais. Veuillez lire le prospectus avant d\u2019investir. \u00c0 [&#8230;]<\/p>\n","protected":false},"author":1,"featured_media":3636,"parent":1695,"menu_order":1,"comment_status":"closed","ping_status":"closed","template":"","meta":{"_acf_changed":false,"_monsterinsights_skip_tracking":false,"_monsterinsights_sitenote_active":false,"_monsterinsights_sitenote_note":"","_monsterinsights_sitenote_category":0,"footnotes":""},"class_list":["post-1711","page","type-page","status-publish","has-post-thumbnail","hentry","section-services-particulier"],"acf":[],"yoast_head":"<!-- This site is optimized with the Yoast SEO plugin v27.4 - https:\/\/yoast.com\/product\/yoast-seo-wordpress\/ -->\n<title>Fonds communs de placement | Caisse Alliance<\/title>\n<meta name=\"robots\" content=\"index, follow, max-snippet:-1, max-image-preview:large, max-video-preview:-1\" \/>\n<link rel=\"canonical\" href=\"https:\/\/www.caissealliance.com\/fr\/services\/gestion-du-patrimoine\/fonds-communs-de-placement\/\" \/>\n<meta property=\"og:locale\" content=\"fr_FR\" \/>\n<meta property=\"og:type\" content=\"article\" \/>\n<meta property=\"og:title\" content=\"Fonds communs de placement | Caisse Alliance\" \/>\n<meta property=\"og:description\" content=\"Les fonds communs de placement et autres titres sont offerts par l\u2019interm\u00e9diaire de Gestion de patrimoine Aviso, une division de Financi\u00e8re Patrimoine Aviso inc. Les placements dans les fonds communs de placement peuvent \u00eatre assortis de commissions, de commissions de suivi, de frais de gestion et d\u2019autres frais. Veuillez lire le prospectus avant d\u2019investir. \u00c0 [...]\" \/>\n<meta property=\"og:url\" content=\"https:\/\/www.caissealliance.com\/fr\/services\/gestion-du-patrimoine\/fonds-communs-de-placement\/\" \/>\n<meta property=\"og:site_name\" content=\"Caisse Alliance\" \/>\n<meta property=\"article:modified_time\" content=\"2024-04-01T04:01:42+00:00\" \/>\n<meta property=\"og:image\" content=\"https:\/\/www.caissealliance.com\/wp-content\/uploads\/general_service.jpg\" \/>\n\t<meta property=\"og:image:width\" content=\"1620\" \/>\n\t<meta property=\"og:image:height\" content=\"792\" \/>\n\t<meta property=\"og:image:type\" content=\"image\/jpeg\" \/>\n<meta name=\"twitter:card\" content=\"summary_large_image\" \/>\n<meta name=\"twitter:label1\" content=\"Dur\u00e9e de lecture estim\u00e9e\" \/>\n\t<meta name=\"twitter:data1\" content=\"1 minute\" \/>\n<script type=\"application\/ld+json\" class=\"yoast-schema-graph\">{\"@context\":\"https:\\\/\\\/schema.org\",\"@graph\":[{\"@type\":\"WebPage\",\"@id\":\"https:\\\/\\\/www.caissealliance.com\\\/fr\\\/services\\\/gestion-du-patrimoine\\\/fonds-communs-de-placement\\\/\",\"url\":\"https:\\\/\\\/www.caissealliance.com\\\/fr\\\/services\\\/gestion-du-patrimoine\\\/fonds-communs-de-placement\\\/\",\"name\":\"Fonds communs de placement | Caisse Alliance\",\"isPartOf\":{\"@id\":\"https:\\\/\\\/www.caissealliance.com\\\/fr\\\/#website\"},\"primaryImageOfPage\":{\"@id\":\"https:\\\/\\\/www.caissealliance.com\\\/fr\\\/services\\\/gestion-du-patrimoine\\\/fonds-communs-de-placement\\\/#primaryimage\"},\"image\":{\"@id\":\"https:\\\/\\\/www.caissealliance.com\\\/fr\\\/services\\\/gestion-du-patrimoine\\\/fonds-communs-de-placement\\\/#primaryimage\"},\"thumbnailUrl\":\"https:\\\/\\\/www.caissealliance.com\\\/wp-content\\\/uploads\\\/general_service.jpg\",\"datePublished\":\"2019-03-22T15:07:23+00:00\",\"dateModified\":\"2024-04-01T04:01:42+00:00\",\"breadcrumb\":{\"@id\":\"https:\\\/\\\/www.caissealliance.com\\\/fr\\\/services\\\/gestion-du-patrimoine\\\/fonds-communs-de-placement\\\/#breadcrumb\"},\"inLanguage\":\"fr-FR\",\"potentialAction\":[{\"@type\":\"ReadAction\",\"target\":[\"https:\\\/\\\/www.caissealliance.com\\\/fr\\\/services\\\/gestion-du-patrimoine\\\/fonds-communs-de-placement\\\/\"]}]},{\"@type\":\"ImageObject\",\"inLanguage\":\"fr-FR\",\"@id\":\"https:\\\/\\\/www.caissealliance.com\\\/fr\\\/services\\\/gestion-du-patrimoine\\\/fonds-communs-de-placement\\\/#primaryimage\",\"url\":\"https:\\\/\\\/www.caissealliance.com\\\/wp-content\\\/uploads\\\/general_service.jpg\",\"contentUrl\":\"https:\\\/\\\/www.caissealliance.com\\\/wp-content\\\/uploads\\\/general_service.jpg\",\"width\":1620,\"height\":792},{\"@type\":\"BreadcrumbList\",\"@id\":\"https:\\\/\\\/www.caissealliance.com\\\/fr\\\/services\\\/gestion-du-patrimoine\\\/fonds-communs-de-placement\\\/#breadcrumb\",\"itemListElement\":[{\"@type\":\"ListItem\",\"position\":1,\"name\":\"Home\",\"item\":\"https:\\\/\\\/www.caissealliance.com\\\/fr\\\/\"},{\"@type\":\"ListItem\",\"position\":2,\"name\":\"Services\",\"item\":\"https:\\\/\\\/www.caissealliance.com\\\/fr\\\/services\\\/\"},{\"@type\":\"ListItem\",\"position\":3,\"name\":\"Gestion du patrimoine\",\"item\":\"https:\\\/\\\/www.caissealliance.com\\\/fr\\\/services\\\/wealth-management\\\/\"},{\"@type\":\"ListItem\",\"position\":4,\"name\":\"Fonds communs de placement\"}]},{\"@type\":\"WebSite\",\"@id\":\"https:\\\/\\\/www.caissealliance.com\\\/fr\\\/#website\",\"url\":\"https:\\\/\\\/www.caissealliance.com\\\/fr\\\/\",\"name\":\"Caisse Alliance\",\"description\":\"Site Web de la Caisse Alliance\",\"potentialAction\":[{\"@type\":\"SearchAction\",\"target\":{\"@type\":\"EntryPoint\",\"urlTemplate\":\"https:\\\/\\\/www.caissealliance.com\\\/fr\\\/?s={search_term_string}\"},\"query-input\":{\"@type\":\"PropertyValueSpecification\",\"valueRequired\":true,\"valueName\":\"search_term_string\"}}],\"inLanguage\":\"fr-FR\"}]}<\/script>\n<!-- \/ Yoast SEO plugin. -->","yoast_head_json":{"title":"Fonds communs de placement | Caisse Alliance","robots":{"index":"index","follow":"follow","max-snippet":"max-snippet:-1","max-image-preview":"max-image-preview:large","max-video-preview":"max-video-preview:-1"},"canonical":"https:\/\/www.caissealliance.com\/fr\/services\/gestion-du-patrimoine\/fonds-communs-de-placement\/","og_locale":"fr_FR","og_type":"article","og_title":"Fonds communs de placement | Caisse Alliance","og_description":"Les fonds communs de placement et autres titres sont offerts par l\u2019interm\u00e9diaire de Gestion de patrimoine Aviso, une division de Financi\u00e8re Patrimoine Aviso inc. Les placements dans les fonds communs de placement peuvent \u00eatre assortis de commissions, de commissions de suivi, de frais de gestion et d\u2019autres frais. Veuillez lire le prospectus avant d\u2019investir. \u00c0 [...]","og_url":"https:\/\/www.caissealliance.com\/fr\/services\/gestion-du-patrimoine\/fonds-communs-de-placement\/","og_site_name":"Caisse Alliance","article_modified_time":"2024-04-01T04:01:42+00:00","og_image":[{"width":1620,"height":792,"url":"https:\/\/www.caissealliance.com\/wp-content\/uploads\/general_service.jpg","type":"image\/jpeg"}],"twitter_card":"summary_large_image","twitter_misc":{"Dur\u00e9e de lecture estim\u00e9e":"1 minute"},"schema":{"@context":"https:\/\/schema.org","@graph":[{"@type":"WebPage","@id":"https:\/\/www.caissealliance.com\/fr\/services\/gestion-du-patrimoine\/fonds-communs-de-placement\/","url":"https:\/\/www.caissealliance.com\/fr\/services\/gestion-du-patrimoine\/fonds-communs-de-placement\/","name":"Fonds communs de placement | Caisse Alliance","isPartOf":{"@id":"https:\/\/www.caissealliance.com\/fr\/#website"},"primaryImageOfPage":{"@id":"https:\/\/www.caissealliance.com\/fr\/services\/gestion-du-patrimoine\/fonds-communs-de-placement\/#primaryimage"},"image":{"@id":"https:\/\/www.caissealliance.com\/fr\/services\/gestion-du-patrimoine\/fonds-communs-de-placement\/#primaryimage"},"thumbnailUrl":"https:\/\/www.caissealliance.com\/wp-content\/uploads\/general_service.jpg","datePublished":"2019-03-22T15:07:23+00:00","dateModified":"2024-04-01T04:01:42+00:00","breadcrumb":{"@id":"https:\/\/www.caissealliance.com\/fr\/services\/gestion-du-patrimoine\/fonds-communs-de-placement\/#breadcrumb"},"inLanguage":"fr-FR","potentialAction":[{"@type":"ReadAction","target":["https:\/\/www.caissealliance.com\/fr\/services\/gestion-du-patrimoine\/fonds-communs-de-placement\/"]}]},{"@type":"ImageObject","inLanguage":"fr-FR","@id":"https:\/\/www.caissealliance.com\/fr\/services\/gestion-du-patrimoine\/fonds-communs-de-placement\/#primaryimage","url":"https:\/\/www.caissealliance.com\/wp-content\/uploads\/general_service.jpg","contentUrl":"https:\/\/www.caissealliance.com\/wp-content\/uploads\/general_service.jpg","width":1620,"height":792},{"@type":"BreadcrumbList","@id":"https:\/\/www.caissealliance.com\/fr\/services\/gestion-du-patrimoine\/fonds-communs-de-placement\/#breadcrumb","itemListElement":[{"@type":"ListItem","position":1,"name":"Home","item":"https:\/\/www.caissealliance.com\/fr\/"},{"@type":"ListItem","position":2,"name":"Services","item":"https:\/\/www.caissealliance.com\/fr\/services\/"},{"@type":"ListItem","position":3,"name":"Gestion du patrimoine","item":"https:\/\/www.caissealliance.com\/fr\/services\/wealth-management\/"},{"@type":"ListItem","position":4,"name":"Fonds communs de placement"}]},{"@type":"WebSite","@id":"https:\/\/www.caissealliance.com\/fr\/#website","url":"https:\/\/www.caissealliance.com\/fr\/","name":"Caisse Alliance","description":"Site Web de la Caisse Alliance","potentialAction":[{"@type":"SearchAction","target":{"@type":"EntryPoint","urlTemplate":"https:\/\/www.caissealliance.com\/fr\/?s={search_term_string}"},"query-input":{"@type":"PropertyValueSpecification","valueRequired":true,"valueName":"search_term_string"}}],"inLanguage":"fr-FR"}]}},"publishpress_future_action":{"enabled":false,"date":"2026-05-05 22:25:28","action":"change-status","newStatus":"draft","terms":[],"taxonomy":"section","extraData":[]},"publishpress_future_workflow_manual_trigger":{"enabledWorkflows":[]},"_links":{"self":[{"href":"https:\/\/www.caissealliance.com\/fr\/wp-json\/wp\/v2\/pages\/1711","targetHints":{"allow":["GET"]}}],"collection":[{"href":"https:\/\/www.caissealliance.com\/fr\/wp-json\/wp\/v2\/pages"}],"about":[{"href":"https:\/\/www.caissealliance.com\/fr\/wp-json\/wp\/v2\/types\/page"}],"author":[{"embeddable":true,"href":"https:\/\/www.caissealliance.com\/fr\/wp-json\/wp\/v2\/users\/1"}],"replies":[{"embeddable":true,"href":"https:\/\/www.caissealliance.com\/fr\/wp-json\/wp\/v2\/comments?post=1711"}],"version-history":[{"count":9,"href":"https:\/\/www.caissealliance.com\/fr\/wp-json\/wp\/v2\/pages\/1711\/revisions"}],"predecessor-version":[{"id":26396,"href":"https:\/\/www.caissealliance.com\/fr\/wp-json\/wp\/v2\/pages\/1711\/revisions\/26396"}],"up":[{"embeddable":true,"href":"https:\/\/www.caissealliance.com\/fr\/wp-json\/wp\/v2\/pages\/1695"}],"wp:featuredmedia":[{"embeddable":true,"href":"https:\/\/www.caissealliance.com\/fr\/wp-json\/wp\/v2\/media\/3636"}],"wp:attachment":[{"href":"https:\/\/www.caissealliance.com\/fr\/wp-json\/wp\/v2\/media?parent=1711"}],"curies":[{"name":"wp","href":"https:\/\/api.w.org\/{rel}","templated":true}]}}