{"id":1706,"date":"2019-03-22T11:04:13","date_gmt":"2019-03-22T15:04:13","guid":{"rendered":"http:\/\/caissealliance.absoludev.ca\/forfaits-transactionnels-pour-entreprises\/"},"modified":"2025-07-10T10:19:11","modified_gmt":"2025-07-10T14:19:11","slug":"forfaits-transactionnels-pour-entreprises","status":"publish","type":"page","link":"https:\/\/www.caissealliance.com\/fr\/entreprises\/services\/forfaits-transactionnels-pour-entreprises\/","title":{"rendered":"Plans mensuels pour entreprises"},"content":{"rendered":"<h1>Plans mensuels pour entreprises<\/h1>\n<p><strong>Nouveaux plans mensuels en vigueur \u00e0 compter du 1<sup>er<\/sup> juillet 2025.<\/strong><\/p>\n<p>Vous avez une petite entreprise ou \u00eates travailleur autonome? Les plans mensuels \u00e0 taux fixes de la Caisse sont con\u00e7us express\u00e9ment pour vous!<\/p>\n<p>Tous les plans entreprises contribuent \u00e0 r\u00e9duire vos frais d\u2019exploitation en vous permettant, entre autres :<\/p>\n<ul>\n<li data-gc-list-depth=\"1\" data-gc-list-style=\"bullet\">de vous inscrire sans frais \u00e0 l\u2019une ou l\u2019autre des offres dans Allia;<\/li>\n<li data-gc-list-depth=\"1\" data-gc-list-style=\"bullet\">de r\u00e9aliser des \u00e9conomies sur les frais de transactions;<\/li>\n<li data-gc-list-depth=\"1\" data-gc-list-style=\"bullet\">d\u2019\u00e9liminer des frais de gestion mensuels.<\/li>\n<\/ul>\n<h3><strong>Consultez tous les <a href=\"https:\/\/www.caissealliance.com\/wp-content\/uploads\/Forfaits-et-frais-entreprises-FR-2025.pdf\" target=\"_blank\" rel=\"noopener\">plans mensuels et frais d&#8217;utilisation<\/a> pour les membres entreprises.<\/strong><\/h3>\n","protected":false},"excerpt":{"rendered":"<p>Nouveaux plans mensuels en vigueur \u00e0 compter du 1er juillet 2025. Vous avez une petite entreprise ou \u00eates travailleur autonome? Les plans mensuels \u00e0 taux fixes de la Caisse sont con\u00e7us express\u00e9ment pour vous! Tous les plans entreprises contribuent \u00e0 r\u00e9duire vos frais d\u2019exploitation en vous permettant, entre autres : de vous inscrire sans frais [&#8230;]<\/p>\n","protected":false},"author":1,"featured_media":0,"parent":1716,"menu_order":3,"comment_status":"closed","ping_status":"closed","template":"","meta":{"_acf_changed":false,"_monsterinsights_skip_tracking":false,"_monsterinsights_sitenote_active":false,"_monsterinsights_sitenote_note":"","_monsterinsights_sitenote_category":0,"footnotes":""},"class_list":["post-1706","page","type-page","status-publish","hentry","section-services-entreprise"],"acf":[],"yoast_head":"<!-- This site is optimized with the Yoast SEO plugin v27.5 - https:\/\/yoast.com\/product\/yoast-seo-wordpress\/ -->\n<title>Plans mensuels pour entreprises | Caisse Alliance<\/title>\n<meta name=\"robots\" content=\"index, follow, max-snippet:-1, max-image-preview:large, max-video-preview:-1\" \/>\n<link rel=\"canonical\" href=\"https:\/\/www.caissealliance.com\/fr\/entreprises\/services\/forfaits-transactionnels-pour-entreprises\/\" \/>\n<meta property=\"og:locale\" content=\"fr_FR\" \/>\n<meta property=\"og:type\" content=\"article\" \/>\n<meta property=\"og:title\" content=\"Plans mensuels pour entreprises | Caisse Alliance\" \/>\n<meta property=\"og:description\" content=\"Nouveaux plans mensuels en vigueur \u00e0 compter du 1er juillet 2025. Vous avez une petite entreprise ou \u00eates travailleur autonome? Les plans mensuels \u00e0 taux fixes de la Caisse sont con\u00e7us express\u00e9ment pour vous! Tous les plans entreprises contribuent \u00e0 r\u00e9duire vos frais d\u2019exploitation en vous permettant, entre autres : de vous inscrire sans frais [...]\" \/>\n<meta property=\"og:url\" content=\"https:\/\/www.caissealliance.com\/fr\/entreprises\/services\/forfaits-transactionnels-pour-entreprises\/\" \/>\n<meta property=\"og:site_name\" content=\"Caisse Alliance\" \/>\n<meta property=\"article:modified_time\" content=\"2025-07-10T14:19:11+00:00\" \/>\n<meta name=\"twitter:card\" content=\"summary_large_image\" \/>\n<meta name=\"twitter:label1\" content=\"Dur\u00e9e de lecture estim\u00e9e\" \/>\n\t<meta name=\"twitter:data1\" content=\"1 minute\" \/>\n<script type=\"application\/ld+json\" class=\"yoast-schema-graph\">{\"@context\":\"https:\\\/\\\/schema.org\",\"@graph\":[{\"@type\":\"WebPage\",\"@id\":\"https:\\\/\\\/www.caissealliance.com\\\/fr\\\/entreprises\\\/services\\\/forfaits-transactionnels-pour-entreprises\\\/\",\"url\":\"https:\\\/\\\/www.caissealliance.com\\\/fr\\\/entreprises\\\/services\\\/forfaits-transactionnels-pour-entreprises\\\/\",\"name\":\"Plans mensuels pour entreprises | Caisse Alliance\",\"isPartOf\":{\"@id\":\"https:\\\/\\\/www.caissealliance.com\\\/fr\\\/#website\"},\"datePublished\":\"2019-03-22T15:04:13+00:00\",\"dateModified\":\"2025-07-10T14:19:11+00:00\",\"breadcrumb\":{\"@id\":\"https:\\\/\\\/www.caissealliance.com\\\/fr\\\/entreprises\\\/services\\\/forfaits-transactionnels-pour-entreprises\\\/#breadcrumb\"},\"inLanguage\":\"fr-FR\",\"potentialAction\":[{\"@type\":\"ReadAction\",\"target\":[\"https:\\\/\\\/www.caissealliance.com\\\/fr\\\/entreprises\\\/services\\\/forfaits-transactionnels-pour-entreprises\\\/\"]}]},{\"@type\":\"BreadcrumbList\",\"@id\":\"https:\\\/\\\/www.caissealliance.com\\\/fr\\\/entreprises\\\/services\\\/forfaits-transactionnels-pour-entreprises\\\/#breadcrumb\",\"itemListElement\":[{\"@type\":\"ListItem\",\"position\":1,\"name\":\"Home\",\"item\":\"https:\\\/\\\/www.caissealliance.com\\\/fr\\\/\"},{\"@type\":\"ListItem\",\"position\":2,\"name\":\"Entreprises\",\"item\":\"https:\\\/\\\/www.caissealliance.com\\\/fr\\\/entreprises\\\/\"},{\"@type\":\"ListItem\",\"position\":3,\"name\":\"Services\",\"item\":\"https:\\\/\\\/www.caissealliance.com\\\/fr\\\/entreprises\\\/services\\\/\"},{\"@type\":\"ListItem\",\"position\":4,\"name\":\"Plans mensuels pour entreprises\"}]},{\"@type\":\"WebSite\",\"@id\":\"https:\\\/\\\/www.caissealliance.com\\\/fr\\\/#website\",\"url\":\"https:\\\/\\\/www.caissealliance.com\\\/fr\\\/\",\"name\":\"Caisse Alliance\",\"description\":\"Site Web de la Caisse Alliance\",\"potentialAction\":[{\"@type\":\"SearchAction\",\"target\":{\"@type\":\"EntryPoint\",\"urlTemplate\":\"https:\\\/\\\/www.caissealliance.com\\\/fr\\\/?s={search_term_string}\"},\"query-input\":{\"@type\":\"PropertyValueSpecification\",\"valueRequired\":true,\"valueName\":\"search_term_string\"}}],\"inLanguage\":\"fr-FR\"}]}<\/script>\n<!-- \/ Yoast SEO plugin. -->","yoast_head_json":{"title":"Plans mensuels pour entreprises | Caisse Alliance","robots":{"index":"index","follow":"follow","max-snippet":"max-snippet:-1","max-image-preview":"max-image-preview:large","max-video-preview":"max-video-preview:-1"},"canonical":"https:\/\/www.caissealliance.com\/fr\/entreprises\/services\/forfaits-transactionnels-pour-entreprises\/","og_locale":"fr_FR","og_type":"article","og_title":"Plans mensuels pour entreprises | Caisse Alliance","og_description":"Nouveaux plans mensuels en vigueur \u00e0 compter du 1er juillet 2025. Vous avez une petite entreprise ou \u00eates travailleur autonome? Les plans mensuels \u00e0 taux fixes de la Caisse sont con\u00e7us express\u00e9ment pour vous! Tous les plans entreprises contribuent \u00e0 r\u00e9duire vos frais d\u2019exploitation en vous permettant, entre autres : de vous inscrire sans frais [...]","og_url":"https:\/\/www.caissealliance.com\/fr\/entreprises\/services\/forfaits-transactionnels-pour-entreprises\/","og_site_name":"Caisse Alliance","article_modified_time":"2025-07-10T14:19:11+00:00","twitter_card":"summary_large_image","twitter_misc":{"Dur\u00e9e de lecture estim\u00e9e":"1 minute"},"schema":{"@context":"https:\/\/schema.org","@graph":[{"@type":"WebPage","@id":"https:\/\/www.caissealliance.com\/fr\/entreprises\/services\/forfaits-transactionnels-pour-entreprises\/","url":"https:\/\/www.caissealliance.com\/fr\/entreprises\/services\/forfaits-transactionnels-pour-entreprises\/","name":"Plans mensuels pour entreprises | Caisse Alliance","isPartOf":{"@id":"https:\/\/www.caissealliance.com\/fr\/#website"},"datePublished":"2019-03-22T15:04:13+00:00","dateModified":"2025-07-10T14:19:11+00:00","breadcrumb":{"@id":"https:\/\/www.caissealliance.com\/fr\/entreprises\/services\/forfaits-transactionnels-pour-entreprises\/#breadcrumb"},"inLanguage":"fr-FR","potentialAction":[{"@type":"ReadAction","target":["https:\/\/www.caissealliance.com\/fr\/entreprises\/services\/forfaits-transactionnels-pour-entreprises\/"]}]},{"@type":"BreadcrumbList","@id":"https:\/\/www.caissealliance.com\/fr\/entreprises\/services\/forfaits-transactionnels-pour-entreprises\/#breadcrumb","itemListElement":[{"@type":"ListItem","position":1,"name":"Home","item":"https:\/\/www.caissealliance.com\/fr\/"},{"@type":"ListItem","position":2,"name":"Entreprises","item":"https:\/\/www.caissealliance.com\/fr\/entreprises\/"},{"@type":"ListItem","position":3,"name":"Services","item":"https:\/\/www.caissealliance.com\/fr\/entreprises\/services\/"},{"@type":"ListItem","position":4,"name":"Plans mensuels pour entreprises"}]},{"@type":"WebSite","@id":"https:\/\/www.caissealliance.com\/fr\/#website","url":"https:\/\/www.caissealliance.com\/fr\/","name":"Caisse Alliance","description":"Site Web de la Caisse Alliance","potentialAction":[{"@type":"SearchAction","target":{"@type":"EntryPoint","urlTemplate":"https:\/\/www.caissealliance.com\/fr\/?s={search_term_string}"},"query-input":{"@type":"PropertyValueSpecification","valueRequired":true,"valueName":"search_term_string"}}],"inLanguage":"fr-FR"}]}},"publishpress_future_action":{"enabled":false,"date":"2026-05-14 06:07:27","action":"change-status","newStatus":"draft","terms":[],"taxonomy":"section","extraData":[]},"publishpress_future_workflow_manual_trigger":{"enabledWorkflows":[]},"_links":{"self":[{"href":"https:\/\/www.caissealliance.com\/fr\/wp-json\/wp\/v2\/pages\/1706","targetHints":{"allow":["GET"]}}],"collection":[{"href":"https:\/\/www.caissealliance.com\/fr\/wp-json\/wp\/v2\/pages"}],"about":[{"href":"https:\/\/www.caissealliance.com\/fr\/wp-json\/wp\/v2\/types\/page"}],"author":[{"embeddable":true,"href":"https:\/\/www.caissealliance.com\/fr\/wp-json\/wp\/v2\/users\/1"}],"replies":[{"embeddable":true,"href":"https:\/\/www.caissealliance.com\/fr\/wp-json\/wp\/v2\/comments?post=1706"}],"version-history":[{"count":19,"href":"https:\/\/www.caissealliance.com\/fr\/wp-json\/wp\/v2\/pages\/1706\/revisions"}],"predecessor-version":[{"id":33140,"href":"https:\/\/www.caissealliance.com\/fr\/wp-json\/wp\/v2\/pages\/1706\/revisions\/33140"}],"up":[{"embeddable":true,"href":"https:\/\/www.caissealliance.com\/fr\/wp-json\/wp\/v2\/pages\/1716"}],"wp:attachment":[{"href":"https:\/\/www.caissealliance.com\/fr\/wp-json\/wp\/v2\/media?parent=1706"}],"curies":[{"name":"wp","href":"https:\/\/api.w.org\/{rel}","templated":true}]}}