{"id":1705,"date":"2019-03-22T11:04:11","date_gmt":"2019-03-22T15:04:11","guid":{"rendered":"http:\/\/caissealliance.absoludev.ca\/rencontrer-un-conseiller\/"},"modified":"2025-05-29T15:17:32","modified_gmt":"2025-05-29T19:17:32","slug":"rencontrer-un-conseiller","status":"publish","type":"page","link":"https:\/\/www.caissealliance.com\/fr\/services\/rencontrer-un-conseiller\/","title":{"rendered":"Rencontrer un conseiller"},"content":{"rendered":"\t\t<div data-elementor-type=\"wp-page\" data-elementor-id=\"1705\" class=\"elementor elementor-1705\" data-elementor-post-type=\"page\">\n\t\t\t\t<div class=\"elementor-element elementor-element-30e3bbae e-flex e-con-boxed e-con e-parent\" data-id=\"30e3bbae\" data-element_type=\"container\" data-e-type=\"container\">\n\t\t\t\t\t<div class=\"e-con-inner\">\n\t\t\t\t<div class=\"elementor-element elementor-element-f73e745 elementor-widget elementor-widget-text-editor\" data-id=\"f73e745\" data-element_type=\"widget\" data-e-type=\"widget\" data-widget_type=\"text-editor.default\">\n\t\t\t\t<div class=\"elementor-widget-container\">\n\t\t\t\t\t\t\t\t\t<h1>Rencontrer un conseiller<\/h1>\n<p>De grands \u00e9v\u00e9nements ponctuent nos vies comme un premier emploi, l\u2019achat d\u2019une maison, une naissance, une promotion ou le d\u00e9part \u00e0 la retraite.<\/p>\n<p>Les conseillers de votre Caisse vous \u00e9pauleront dans la r\u00e9alisation de vos objectifs.<\/p>\n<p><strong>\u00c0 partir de votre profil d\u2019investisseur :<\/strong><\/p>\n<ul>\n<li data-gc-list-depth=\"1\" data-gc-list-style=\"bullet\">ils vous aideront \u00e0 analyser votre dossier et vous recommanderont des produits en fonction de vos aspirations;<\/li>\n<li data-gc-list-depth=\"1\" data-gc-list-style=\"bullet\">ils vous proposeront un portefeuille diversifi\u00e9 en tenant compte de vos param\u00e8tres personnels.<\/li>\n<\/ul>\n<table data-wrap-id=\"table-id-jphgc\">\n<tbody>\n<tr>\n<th><strong>&nbsp;<\/strong><\/th>\n<th><\/th>\n<\/tr>\n<tr data-wrap-id=\"table-row-ycqys\">\n<td data-wrap-id=\"table-cell-kzysy\" role=\"presentation\"><strong>Conseiller en finances personnelles<\/strong><\/td>\n<td data-wrap-id=\"table-cell-dtzer\">Toujours \u00e0 la fine pointe de l\u2019actualit\u00e9 financi\u00e8re, il met ses connaissances au service de vos besoins. Il vous \u00e9coute, vous offre des conseils professionnels et objectifs, vous guide vers les produits d\u2019\u00e9pargne et de placement les mieux adapt\u00e9s \u00e0 votre situation.<\/td>\n<\/tr>\n<tr data-wrap-id=\"table-row-awwfu\">\n<td data-wrap-id=\"table-cell-oxynr\" role=\"presentation\"><strong>Planificateur financier<\/strong><\/td>\n<td data-wrap-id=\"table-cell-nxfjy\">Il analyse votre situation financi\u00e8re, vous aide \u00e0 pr\u00e9ciser vos objectifs et \u00e9labore un plan pour vous aider \u00e0 les atteindre. Il peut vous guider dans les choix \u00e0 faire pour pr\u00e9parer votre retraite ou pour r\u00e9aliser tout autre projet \u00e0 long terme. Selon vos besoins, il vous dirigera vers l\u2019un ou l\u2019autre des sp\u00e9cialistes de notre r\u00e9seau de filiales.<\/td>\n<\/tr>\n<\/tbody>\n<\/table>\n<h2><strong>Documents \u00e0 apporter lors du rendez-vous avec un conseiller<\/strong><\/h2>\n<ul>\n<li data-gc-list-depth=\"1\" data-gc-list-style=\"bullet\">Pi\u00e8ces d\u2019identit\u00e9<\/li>\n<li data-gc-list-depth=\"1\" data-gc-list-style=\"bullet\">Preuve des revenus (talon de ch\u00e8que de paie, etc.)<\/li>\n<li data-gc-list-depth=\"1\" data-gc-list-style=\"bullet\">Relev\u00e9s de placements<\/li>\n<li data-gc-list-depth=\"1\" data-gc-list-style=\"bullet\">Relev\u00e9s des autres pr\u00eats (incluant les pr\u00eats \u00e0 consolider)<\/li>\n<li data-gc-list-depth=\"1\" data-gc-list-style=\"bullet\">Avis de cotisation \u00e9mis par l\u2019Agence du revenu du Canada<\/li>\n<\/ul>\n<p>Vous avez un projet sp\u00e9cifique en t\u00eate? Voici les documents additionnels requis:<\/p>\n<h3>Vous achetez une maison :<\/h3>\n<ul>\n<li data-gc-list-depth=\"1\" data-gc-list-style=\"bullet\">Pi\u00e8ces d\u2019identit\u00e9<\/li>\n<li data-gc-list-depth=\"1\" data-gc-list-style=\"bullet\">Preuve des revenus (talon de ch\u00e8que de paie, etc.)<\/li>\n<li data-gc-list-depth=\"1\" data-gc-list-style=\"bullet\">Relev\u00e9s de placements<\/li>\n<li data-gc-list-depth=\"1\" data-gc-list-style=\"bullet\">Avis de cotisation f\u00e9d\u00e9ral<\/li>\n<li data-gc-list-depth=\"1\" data-gc-list-style=\"bullet\">Offre d\u2019achat<\/li>\n<li data-gc-list-depth=\"1\" data-gc-list-style=\"bullet\">Preuve de mise de fonds<\/li>\n<li data-gc-list-depth=\"1\" data-gc-list-style=\"bullet\">Analyse financi\u00e8re (si immeuble \u00e0 revenus)<\/li>\n<li data-gc-list-depth=\"1\" data-gc-list-style=\"bullet\">Photos de l\u2019immeuble<\/li>\n<li data-gc-list-depth=\"1\" data-gc-list-style=\"bullet\">\u00c9valuation du co\u00fbt des mat\u00e9riaux pour les travaux avec le nom des fournisseurs<\/li>\n<li data-gc-list-depth=\"1\" data-gc-list-style=\"bullet\">\u00c9tat des revenus et d\u00e9penses ainsi que les baux en vigueur pour tous les logements non occup\u00e9s par le propri\u00e9taire<\/li>\n<li data-gc-list-depth=\"1\" data-gc-list-style=\"bullet\">Comptes de taxes municipales et scolaires<\/li>\n<li data-gc-list-depth=\"1\" data-gc-list-style=\"bullet\">Copie du contrat pr\u00e9liminaire, si l\u2019achat s\u2019effectue par l\u2019entremise d\u2019un constructeur ou d\u2019un promoteur<\/li>\n<li data-gc-list-depth=\"1\" data-gc-list-style=\"bullet\">Copie du formulaire d\u2019inscription, si l\u2019achat s\u2019effectue par l\u2019entremise d\u2019un courtier immobilier<\/li>\n<\/ul>\n<h3>Vous faites construire une maison :<\/h3>\n<ul>\n<li data-gc-list-depth=\"1\" data-gc-list-style=\"bullet\">Preuve des revenus (talon de ch\u00e8que de paie, etc.)<\/li>\n<li data-gc-list-depth=\"1\" data-gc-list-style=\"bullet\">Relev\u00e9s de placements<\/li>\n<li data-gc-list-depth=\"1\" data-gc-list-style=\"bullet\">Avis de cotisation f\u00e9d\u00e9ral<\/li>\n<li data-gc-list-depth=\"1\" data-gc-list-style=\"bullet\">Plans et devis<\/li>\n<li data-gc-list-depth=\"1\" data-gc-list-style=\"bullet\">Copie du permis de construction<\/li>\n<li data-gc-list-depth=\"1\" data-gc-list-style=\"bullet\">Soumission d\u2019un entrepreneur reconnu, incluant les sous-traitants<\/li>\n<li data-gc-list-depth=\"1\" data-gc-list-style=\"bullet\">Copie du contrat pr\u00e9liminaire, si l\u2019achat s\u2019effectue par l\u2019entremise d\u2019un constructeur ou d\u2019un promoteur<\/li>\n<\/ul>\n<h3>Vous \u00eates d\u00e9j\u00e0 propri\u00e9taire :<\/h3>\n<ul>\n<li data-gc-list-depth=\"1\" data-gc-list-style=\"bullet\">Preuve des revenus (talon de ch\u00e8que de paie, etc.)<\/li>\n<li data-gc-list-depth=\"1\" data-gc-list-style=\"bullet\">Relev\u00e9s de placements<\/li>\n<li data-gc-list-depth=\"1\" data-gc-list-style=\"bullet\">Avis de cotisation f\u00e9d\u00e9ral<\/li>\n<li data-gc-list-depth=\"1\" data-gc-list-style=\"bullet\">Photos de l\u2019immeuble<\/li>\n<li data-gc-list-depth=\"1\" data-gc-list-style=\"bullet\">Plans et devis (si r\u00e9novations)<\/li>\n<li data-gc-list-depth=\"1\" data-gc-list-style=\"bullet\">Copie du permis de construction (si r\u00e9novations)<\/li>\n<li data-gc-list-depth=\"1\" data-gc-list-style=\"bullet\">Soumission d\u2019un entrepreneur reconnu, incluant les sous-traitants (si r\u00e9novations)<\/li>\n<li data-gc-list-depth=\"1\" data-gc-list-style=\"bullet\">\u00c9valuation du co\u00fbt des mat\u00e9riaux pour les travaux avec le nom des fournisseurs (si r\u00e9novations)<\/li>\n<li data-gc-list-depth=\"1\" data-gc-list-style=\"bullet\">\u00c9tat des revenus et d\u00e9penses ainsi que les baux en vigueur pour tous les logements non occup\u00e9s par le propri\u00e9taire<\/li>\n<li data-gc-list-depth=\"1\" data-gc-list-style=\"bullet\">Comptes de taxes municipales et scolaires<\/li>\n<\/ul>\n<p>&nbsp;<\/p>\t\t\t\t\t\t\t\t<\/div>\n\t\t\t\t<\/div>\n\t\t\t\t\t<\/div>\n\t\t\t\t<\/div>\n\t\t\t\t<\/div>\n\t\t","protected":false},"excerpt":{"rendered":"<p>De grands \u00e9v\u00e9nements ponctuent nos vies comme un premier emploi, l\u2019achat d\u2019une maison, une naissance, une promotion ou le d\u00e9part \u00e0 la retraite. Les conseillers de votre Caisse vous \u00e9pauleront dans la r\u00e9alisation de vos objectifs. \u00c0 partir de votre profil d\u2019investisseur : ils vous aideront \u00e0 analyser votre dossier et vous recommanderont des produits [&#8230;]<\/p>\n","protected":false},"author":1,"featured_media":3606,"parent":678,"menu_order":0,"comment_status":"closed","ping_status":"closed","template":"","meta":{"_acf_changed":false,"_monsterinsights_skip_tracking":false,"_monsterinsights_sitenote_active":false,"_monsterinsights_sitenote_note":"","_monsterinsights_sitenote_category":0,"footnotes":""},"class_list":["post-1705","page","type-page","status-publish","has-post-thumbnail","hentry","section-services-particulier"],"acf":[],"yoast_head":"<!-- This site is optimized with the Yoast SEO plugin v27.4 - https:\/\/yoast.com\/product\/yoast-seo-wordpress\/ -->\n<title>Rencontrer un conseiller | Caisse Alliance<\/title>\n<meta name=\"robots\" content=\"index, follow, max-snippet:-1, max-image-preview:large, max-video-preview:-1\" \/>\n<link rel=\"canonical\" href=\"https:\/\/www.caissealliance.com\/fr\/services\/rencontrer-un-conseiller\/\" \/>\n<meta property=\"og:locale\" content=\"fr_FR\" \/>\n<meta property=\"og:type\" content=\"article\" \/>\n<meta property=\"og:title\" content=\"Rencontrer un conseiller | Caisse Alliance\" \/>\n<meta property=\"og:description\" content=\"De grands \u00e9v\u00e9nements ponctuent nos vies comme un premier emploi, l\u2019achat d\u2019une maison, une naissance, une promotion ou le d\u00e9part \u00e0 la retraite. Les conseillers de votre Caisse vous \u00e9pauleront dans la r\u00e9alisation de vos objectifs. \u00c0 partir de votre profil d\u2019investisseur : ils vous aideront \u00e0 analyser votre dossier et vous recommanderont des produits [...]\" \/>\n<meta property=\"og:url\" content=\"https:\/\/www.caissealliance.com\/fr\/services\/rencontrer-un-conseiller\/\" \/>\n<meta property=\"og:site_name\" content=\"Caisse Alliance\" \/>\n<meta property=\"article:modified_time\" content=\"2025-05-29T19:17:32+00:00\" \/>\n<meta property=\"og:image\" content=\"https:\/\/www.caissealliance.com\/wp-content\/uploads\/rencontrer-un-conseiller_service.jpg\" \/>\n\t<meta property=\"og:image:width\" content=\"1620\" \/>\n\t<meta property=\"og:image:height\" content=\"788\" \/>\n\t<meta property=\"og:image:type\" content=\"image\/jpeg\" \/>\n<meta name=\"twitter:card\" content=\"summary_large_image\" \/>\n<meta name=\"twitter:label1\" content=\"Dur\u00e9e de lecture estim\u00e9e\" \/>\n\t<meta name=\"twitter:data1\" content=\"3 minutes\" \/>\n<script type=\"application\/ld+json\" class=\"yoast-schema-graph\">{\"@context\":\"https:\\\/\\\/schema.org\",\"@graph\":[{\"@type\":\"WebPage\",\"@id\":\"https:\\\/\\\/www.caissealliance.com\\\/fr\\\/services\\\/rencontrer-un-conseiller\\\/\",\"url\":\"https:\\\/\\\/www.caissealliance.com\\\/fr\\\/services\\\/rencontrer-un-conseiller\\\/\",\"name\":\"Rencontrer un conseiller | Caisse Alliance\",\"isPartOf\":{\"@id\":\"https:\\\/\\\/www.caissealliance.com\\\/fr\\\/#website\"},\"primaryImageOfPage\":{\"@id\":\"https:\\\/\\\/www.caissealliance.com\\\/fr\\\/services\\\/rencontrer-un-conseiller\\\/#primaryimage\"},\"image\":{\"@id\":\"https:\\\/\\\/www.caissealliance.com\\\/fr\\\/services\\\/rencontrer-un-conseiller\\\/#primaryimage\"},\"thumbnailUrl\":\"https:\\\/\\\/www.caissealliance.com\\\/wp-content\\\/uploads\\\/rencontrer-un-conseiller_service.jpg\",\"datePublished\":\"2019-03-22T15:04:11+00:00\",\"dateModified\":\"2025-05-29T19:17:32+00:00\",\"breadcrumb\":{\"@id\":\"https:\\\/\\\/www.caissealliance.com\\\/fr\\\/services\\\/rencontrer-un-conseiller\\\/#breadcrumb\"},\"inLanguage\":\"fr-FR\",\"potentialAction\":[{\"@type\":\"ReadAction\",\"target\":[\"https:\\\/\\\/www.caissealliance.com\\\/fr\\\/services\\\/rencontrer-un-conseiller\\\/\"]}]},{\"@type\":\"ImageObject\",\"inLanguage\":\"fr-FR\",\"@id\":\"https:\\\/\\\/www.caissealliance.com\\\/fr\\\/services\\\/rencontrer-un-conseiller\\\/#primaryimage\",\"url\":\"https:\\\/\\\/www.caissealliance.com\\\/wp-content\\\/uploads\\\/rencontrer-un-conseiller_service.jpg\",\"contentUrl\":\"https:\\\/\\\/www.caissealliance.com\\\/wp-content\\\/uploads\\\/rencontrer-un-conseiller_service.jpg\",\"width\":1620,\"height\":788},{\"@type\":\"BreadcrumbList\",\"@id\":\"https:\\\/\\\/www.caissealliance.com\\\/fr\\\/services\\\/rencontrer-un-conseiller\\\/#breadcrumb\",\"itemListElement\":[{\"@type\":\"ListItem\",\"position\":1,\"name\":\"Home\",\"item\":\"https:\\\/\\\/www.caissealliance.com\\\/fr\\\/\"},{\"@type\":\"ListItem\",\"position\":2,\"name\":\"Services\",\"item\":\"https:\\\/\\\/www.caissealliance.com\\\/fr\\\/services\\\/\"},{\"@type\":\"ListItem\",\"position\":3,\"name\":\"Rencontrer un conseiller\"}]},{\"@type\":\"WebSite\",\"@id\":\"https:\\\/\\\/www.caissealliance.com\\\/fr\\\/#website\",\"url\":\"https:\\\/\\\/www.caissealliance.com\\\/fr\\\/\",\"name\":\"Caisse Alliance\",\"description\":\"Site Web de la Caisse Alliance\",\"potentialAction\":[{\"@type\":\"SearchAction\",\"target\":{\"@type\":\"EntryPoint\",\"urlTemplate\":\"https:\\\/\\\/www.caissealliance.com\\\/fr\\\/?s={search_term_string}\"},\"query-input\":{\"@type\":\"PropertyValueSpecification\",\"valueRequired\":true,\"valueName\":\"search_term_string\"}}],\"inLanguage\":\"fr-FR\"}]}<\/script>\n<!-- \/ Yoast SEO plugin. -->","yoast_head_json":{"title":"Rencontrer un conseiller | Caisse Alliance","robots":{"index":"index","follow":"follow","max-snippet":"max-snippet:-1","max-image-preview":"max-image-preview:large","max-video-preview":"max-video-preview:-1"},"canonical":"https:\/\/www.caissealliance.com\/fr\/services\/rencontrer-un-conseiller\/","og_locale":"fr_FR","og_type":"article","og_title":"Rencontrer un conseiller | Caisse Alliance","og_description":"De grands \u00e9v\u00e9nements ponctuent nos vies comme un premier emploi, l\u2019achat d\u2019une maison, une naissance, une promotion ou le d\u00e9part \u00e0 la retraite. Les conseillers de votre Caisse vous \u00e9pauleront dans la r\u00e9alisation de vos objectifs. \u00c0 partir de votre profil d\u2019investisseur : ils vous aideront \u00e0 analyser votre dossier et vous recommanderont des produits [...]","og_url":"https:\/\/www.caissealliance.com\/fr\/services\/rencontrer-un-conseiller\/","og_site_name":"Caisse Alliance","article_modified_time":"2025-05-29T19:17:32+00:00","og_image":[{"width":1620,"height":788,"url":"https:\/\/www.caissealliance.com\/wp-content\/uploads\/rencontrer-un-conseiller_service.jpg","type":"image\/jpeg"}],"twitter_card":"summary_large_image","twitter_misc":{"Dur\u00e9e de lecture estim\u00e9e":"3 minutes"},"schema":{"@context":"https:\/\/schema.org","@graph":[{"@type":"WebPage","@id":"https:\/\/www.caissealliance.com\/fr\/services\/rencontrer-un-conseiller\/","url":"https:\/\/www.caissealliance.com\/fr\/services\/rencontrer-un-conseiller\/","name":"Rencontrer un conseiller | Caisse Alliance","isPartOf":{"@id":"https:\/\/www.caissealliance.com\/fr\/#website"},"primaryImageOfPage":{"@id":"https:\/\/www.caissealliance.com\/fr\/services\/rencontrer-un-conseiller\/#primaryimage"},"image":{"@id":"https:\/\/www.caissealliance.com\/fr\/services\/rencontrer-un-conseiller\/#primaryimage"},"thumbnailUrl":"https:\/\/www.caissealliance.com\/wp-content\/uploads\/rencontrer-un-conseiller_service.jpg","datePublished":"2019-03-22T15:04:11+00:00","dateModified":"2025-05-29T19:17:32+00:00","breadcrumb":{"@id":"https:\/\/www.caissealliance.com\/fr\/services\/rencontrer-un-conseiller\/#breadcrumb"},"inLanguage":"fr-FR","potentialAction":[{"@type":"ReadAction","target":["https:\/\/www.caissealliance.com\/fr\/services\/rencontrer-un-conseiller\/"]}]},{"@type":"ImageObject","inLanguage":"fr-FR","@id":"https:\/\/www.caissealliance.com\/fr\/services\/rencontrer-un-conseiller\/#primaryimage","url":"https:\/\/www.caissealliance.com\/wp-content\/uploads\/rencontrer-un-conseiller_service.jpg","contentUrl":"https:\/\/www.caissealliance.com\/wp-content\/uploads\/rencontrer-un-conseiller_service.jpg","width":1620,"height":788},{"@type":"BreadcrumbList","@id":"https:\/\/www.caissealliance.com\/fr\/services\/rencontrer-un-conseiller\/#breadcrumb","itemListElement":[{"@type":"ListItem","position":1,"name":"Home","item":"https:\/\/www.caissealliance.com\/fr\/"},{"@type":"ListItem","position":2,"name":"Services","item":"https:\/\/www.caissealliance.com\/fr\/services\/"},{"@type":"ListItem","position":3,"name":"Rencontrer un conseiller"}]},{"@type":"WebSite","@id":"https:\/\/www.caissealliance.com\/fr\/#website","url":"https:\/\/www.caissealliance.com\/fr\/","name":"Caisse Alliance","description":"Site Web de la Caisse Alliance","potentialAction":[{"@type":"SearchAction","target":{"@type":"EntryPoint","urlTemplate":"https:\/\/www.caissealliance.com\/fr\/?s={search_term_string}"},"query-input":{"@type":"PropertyValueSpecification","valueRequired":true,"valueName":"search_term_string"}}],"inLanguage":"fr-FR"}]}},"publishpress_future_action":{"enabled":false,"date":"2026-05-05 22:15:27","action":"change-status","newStatus":"draft","terms":[],"taxonomy":"section","extraData":[]},"publishpress_future_workflow_manual_trigger":{"enabledWorkflows":[]},"_links":{"self":[{"href":"https:\/\/www.caissealliance.com\/fr\/wp-json\/wp\/v2\/pages\/1705","targetHints":{"allow":["GET"]}}],"collection":[{"href":"https:\/\/www.caissealliance.com\/fr\/wp-json\/wp\/v2\/pages"}],"about":[{"href":"https:\/\/www.caissealliance.com\/fr\/wp-json\/wp\/v2\/types\/page"}],"author":[{"embeddable":true,"href":"https:\/\/www.caissealliance.com\/fr\/wp-json\/wp\/v2\/users\/1"}],"replies":[{"embeddable":true,"href":"https:\/\/www.caissealliance.com\/fr\/wp-json\/wp\/v2\/comments?post=1705"}],"version-history":[{"count":14,"href":"https:\/\/www.caissealliance.com\/fr\/wp-json\/wp\/v2\/pages\/1705\/revisions"}],"predecessor-version":[{"id":32427,"href":"https:\/\/www.caissealliance.com\/fr\/wp-json\/wp\/v2\/pages\/1705\/revisions\/32427"}],"up":[{"embeddable":true,"href":"https:\/\/www.caissealliance.com\/fr\/wp-json\/wp\/v2\/pages\/678"}],"wp:featuredmedia":[{"embeddable":true,"href":"https:\/\/www.caissealliance.com\/fr\/wp-json\/wp\/v2\/media\/3606"}],"wp:attachment":[{"href":"https:\/\/www.caissealliance.com\/fr\/wp-json\/wp\/v2\/media?parent=1705"}],"curies":[{"name":"wp","href":"https:\/\/api.w.org\/{rel}","templated":true}]}}