{"id":1689,"date":"2019-03-21T15:16:05","date_gmt":"2019-03-21T19:16:05","guid":{"rendered":"http:\/\/caissealliance.absoludev.ca\/?page_id=1689"},"modified":"2019-05-27T15:07:50","modified_gmt":"2019-05-27T19:07:50","slug":"vente-cession-entreprise","status":"publish","type":"page","link":"https:\/\/www.caissealliance.com\/fr\/entreprises\/moments-de-vie\/vente-cession-entreprise\/","title":{"rendered":"R\u00e9ussir la cession ou la vente de son entreprise, c\u2019est le bonheur!"},"content":{"rendered":"<p>Vous vous \u00eates investi corps et \u00e2me dans le succ\u00e8s de votre entreprise. Il est maintenant temps de planifier son avenir et le v\u00f4tre. \u00c9valuation du prix, choix du repreneur, d\u00e9marches administratives et juridiques, la vente ou la cession d\u2019une entreprise est non seulement une d\u00e9marche longue et complexe, mais elle marque un tournant d\u00e9cisif dans votre vie d\u2019entrepreneur. Vous devez vous poser les bonnes questions et surtout, \u00eatre bien entour\u00e9.<\/p>\n<p>De la planification de votre transition au transfert final de votre entreprise, votre Caisse a des outils et des conseils expr\u00e8s pour vous.<\/p>\n<p><strong>Parce que bien planifier la rel\u00e8ve de son entreprise, c\u2019est capital!<\/strong><\/p>\n","protected":false},"excerpt":{"rendered":"<p>Vous vous \u00eates investi corps et \u00e2me dans le succ\u00e8s de votre entreprise. Il est maintenant temps de planifier son avenir et le v\u00f4tre. \u00c9valuation du prix, choix du repreneur, d\u00e9marches administratives et juridiques, la vente ou la cession d\u2019une entreprise est non seulement une d\u00e9marche longue et complexe, mais elle marque un tournant d\u00e9cisif [&#8230;]<\/p>\n","protected":false},"author":1,"featured_media":2063,"parent":1683,"menu_order":3,"comment_status":"closed","ping_status":"closed","template":"page-accueil-moment-vie.php","meta":{"_acf_changed":false,"_monsterinsights_skip_tracking":false,"_monsterinsights_sitenote_active":false,"_monsterinsights_sitenote_note":"","_monsterinsights_sitenote_category":0,"footnotes":""},"class_list":["post-1689","page","type-page","status-publish","has-post-thumbnail","hentry","section-moments-de-vie"],"acf":[],"yoast_head":"<!-- This site is optimized with the Yoast SEO plugin v27.3 - https:\/\/yoast.com\/product\/yoast-seo-wordpress\/ -->\n<title>Financement : vente et cession d&#039;entreprise | Caisse Alliance<\/title>\n<meta name=\"robots\" content=\"index, follow, max-snippet:-1, max-image-preview:large, max-video-preview:-1\" \/>\n<link rel=\"canonical\" href=\"https:\/\/www.caissealliance.com\/fr\/entreprises\/moments-de-vie\/vente-cession-entreprise\/\" \/>\n<meta property=\"og:locale\" content=\"fr_FR\" \/>\n<meta property=\"og:type\" content=\"article\" \/>\n<meta property=\"og:title\" content=\"Financement : vente et cession d&#039;entreprise | Caisse Alliance\" \/>\n<meta property=\"og:description\" content=\"Vous vous \u00eates investi corps et \u00e2me dans le succ\u00e8s de votre entreprise. Il est maintenant temps de planifier son avenir et le v\u00f4tre. \u00c9valuation du prix, choix du repreneur, d\u00e9marches administratives et juridiques, la vente ou la cession d\u2019une entreprise est non seulement une d\u00e9marche longue et complexe, mais elle marque un tournant d\u00e9cisif [...]\" \/>\n<meta property=\"og:url\" content=\"https:\/\/www.caissealliance.com\/fr\/entreprises\/moments-de-vie\/vente-cession-entreprise\/\" \/>\n<meta property=\"og:site_name\" content=\"Caisse Alliance\" \/>\n<meta property=\"article:modified_time\" content=\"2019-05-27T19:07:50+00:00\" \/>\n<meta property=\"og:image\" content=\"https:\/\/www.caissealliance.com\/wp-content\/uploads\/releve_moment_secondaire.jpg\" \/>\n\t<meta property=\"og:image:width\" content=\"1996\" \/>\n\t<meta property=\"og:image:height\" content=\"1416\" \/>\n\t<meta property=\"og:image:type\" content=\"image\/jpeg\" \/>\n<meta name=\"twitter:card\" content=\"summary_large_image\" \/>\n<meta name=\"twitter:label1\" content=\"Dur\u00e9e de lecture estim\u00e9e\" \/>\n\t<meta name=\"twitter:data1\" content=\"1 minute\" \/>\n<script type=\"application\/ld+json\" class=\"yoast-schema-graph\">{\"@context\":\"https:\\\/\\\/schema.org\",\"@graph\":[{\"@type\":\"WebPage\",\"@id\":\"https:\\\/\\\/www.caissealliance.com\\\/fr\\\/entreprises\\\/moments-de-vie\\\/vente-cession-entreprise\\\/\",\"url\":\"https:\\\/\\\/www.caissealliance.com\\\/fr\\\/entreprises\\\/moments-de-vie\\\/vente-cession-entreprise\\\/\",\"name\":\"Financement : vente et cession d'entreprise | Caisse Alliance\",\"isPartOf\":{\"@id\":\"https:\\\/\\\/www.caissealliance.com\\\/fr\\\/#website\"},\"primaryImageOfPage\":{\"@id\":\"https:\\\/\\\/www.caissealliance.com\\\/fr\\\/entreprises\\\/moments-de-vie\\\/vente-cession-entreprise\\\/#primaryimage\"},\"image\":{\"@id\":\"https:\\\/\\\/www.caissealliance.com\\\/fr\\\/entreprises\\\/moments-de-vie\\\/vente-cession-entreprise\\\/#primaryimage\"},\"thumbnailUrl\":\"https:\\\/\\\/www.caissealliance.com\\\/wp-content\\\/uploads\\\/releve_moment_secondaire.jpg\",\"datePublished\":\"2019-03-21T19:16:05+00:00\",\"dateModified\":\"2019-05-27T19:07:50+00:00\",\"breadcrumb\":{\"@id\":\"https:\\\/\\\/www.caissealliance.com\\\/fr\\\/entreprises\\\/moments-de-vie\\\/vente-cession-entreprise\\\/#breadcrumb\"},\"inLanguage\":\"fr-FR\",\"potentialAction\":[{\"@type\":\"ReadAction\",\"target\":[\"https:\\\/\\\/www.caissealliance.com\\\/fr\\\/entreprises\\\/moments-de-vie\\\/vente-cession-entreprise\\\/\"]}]},{\"@type\":\"ImageObject\",\"inLanguage\":\"fr-FR\",\"@id\":\"https:\\\/\\\/www.caissealliance.com\\\/fr\\\/entreprises\\\/moments-de-vie\\\/vente-cession-entreprise\\\/#primaryimage\",\"url\":\"https:\\\/\\\/www.caissealliance.com\\\/wp-content\\\/uploads\\\/releve_moment_secondaire.jpg\",\"contentUrl\":\"https:\\\/\\\/www.caissealliance.com\\\/wp-content\\\/uploads\\\/releve_moment_secondaire.jpg\",\"width\":1996,\"height\":1416},{\"@type\":\"BreadcrumbList\",\"@id\":\"https:\\\/\\\/www.caissealliance.com\\\/fr\\\/entreprises\\\/moments-de-vie\\\/vente-cession-entreprise\\\/#breadcrumb\",\"itemListElement\":[{\"@type\":\"ListItem\",\"position\":1,\"name\":\"Home\",\"item\":\"https:\\\/\\\/www.caissealliance.com\\\/fr\\\/\"},{\"@type\":\"ListItem\",\"position\":2,\"name\":\"Entreprises\",\"item\":\"https:\\\/\\\/www.caissealliance.com\\\/fr\\\/entreprises\\\/\"},{\"@type\":\"ListItem\",\"position\":3,\"name\":\"Moments de vie\",\"item\":\"https:\\\/\\\/www.caissealliance.com\\\/fr\\\/entreprises\\\/moments-de-vie\\\/\"},{\"@type\":\"ListItem\",\"position\":4,\"name\":\"R\u00e9ussir la cession ou la vente de son entreprise, c\u2019est le bonheur!\"}]},{\"@type\":\"WebSite\",\"@id\":\"https:\\\/\\\/www.caissealliance.com\\\/fr\\\/#website\",\"url\":\"https:\\\/\\\/www.caissealliance.com\\\/fr\\\/\",\"name\":\"Caisse Alliance\",\"description\":\"Site Web de la Caisse Alliance\",\"potentialAction\":[{\"@type\":\"SearchAction\",\"target\":{\"@type\":\"EntryPoint\",\"urlTemplate\":\"https:\\\/\\\/www.caissealliance.com\\\/fr\\\/?s={search_term_string}\"},\"query-input\":{\"@type\":\"PropertyValueSpecification\",\"valueRequired\":true,\"valueName\":\"search_term_string\"}}],\"inLanguage\":\"fr-FR\"}]}<\/script>\n<!-- \/ Yoast SEO plugin. -->","yoast_head_json":{"title":"Financement : vente et cession d'entreprise | Caisse Alliance","robots":{"index":"index","follow":"follow","max-snippet":"max-snippet:-1","max-image-preview":"max-image-preview:large","max-video-preview":"max-video-preview:-1"},"canonical":"https:\/\/www.caissealliance.com\/fr\/entreprises\/moments-de-vie\/vente-cession-entreprise\/","og_locale":"fr_FR","og_type":"article","og_title":"Financement : vente et cession d'entreprise | Caisse Alliance","og_description":"Vous vous \u00eates investi corps et \u00e2me dans le succ\u00e8s de votre entreprise. Il est maintenant temps de planifier son avenir et le v\u00f4tre. \u00c9valuation du prix, choix du repreneur, d\u00e9marches administratives et juridiques, la vente ou la cession d\u2019une entreprise est non seulement une d\u00e9marche longue et complexe, mais elle marque un tournant d\u00e9cisif [...]","og_url":"https:\/\/www.caissealliance.com\/fr\/entreprises\/moments-de-vie\/vente-cession-entreprise\/","og_site_name":"Caisse Alliance","article_modified_time":"2019-05-27T19:07:50+00:00","og_image":[{"width":1996,"height":1416,"url":"https:\/\/www.caissealliance.com\/wp-content\/uploads\/releve_moment_secondaire.jpg","type":"image\/jpeg"}],"twitter_card":"summary_large_image","twitter_misc":{"Dur\u00e9e de lecture estim\u00e9e":"1 minute"},"schema":{"@context":"https:\/\/schema.org","@graph":[{"@type":"WebPage","@id":"https:\/\/www.caissealliance.com\/fr\/entreprises\/moments-de-vie\/vente-cession-entreprise\/","url":"https:\/\/www.caissealliance.com\/fr\/entreprises\/moments-de-vie\/vente-cession-entreprise\/","name":"Financement : vente et cession d'entreprise | Caisse Alliance","isPartOf":{"@id":"https:\/\/www.caissealliance.com\/fr\/#website"},"primaryImageOfPage":{"@id":"https:\/\/www.caissealliance.com\/fr\/entreprises\/moments-de-vie\/vente-cession-entreprise\/#primaryimage"},"image":{"@id":"https:\/\/www.caissealliance.com\/fr\/entreprises\/moments-de-vie\/vente-cession-entreprise\/#primaryimage"},"thumbnailUrl":"https:\/\/www.caissealliance.com\/wp-content\/uploads\/releve_moment_secondaire.jpg","datePublished":"2019-03-21T19:16:05+00:00","dateModified":"2019-05-27T19:07:50+00:00","breadcrumb":{"@id":"https:\/\/www.caissealliance.com\/fr\/entreprises\/moments-de-vie\/vente-cession-entreprise\/#breadcrumb"},"inLanguage":"fr-FR","potentialAction":[{"@type":"ReadAction","target":["https:\/\/www.caissealliance.com\/fr\/entreprises\/moments-de-vie\/vente-cession-entreprise\/"]}]},{"@type":"ImageObject","inLanguage":"fr-FR","@id":"https:\/\/www.caissealliance.com\/fr\/entreprises\/moments-de-vie\/vente-cession-entreprise\/#primaryimage","url":"https:\/\/www.caissealliance.com\/wp-content\/uploads\/releve_moment_secondaire.jpg","contentUrl":"https:\/\/www.caissealliance.com\/wp-content\/uploads\/releve_moment_secondaire.jpg","width":1996,"height":1416},{"@type":"BreadcrumbList","@id":"https:\/\/www.caissealliance.com\/fr\/entreprises\/moments-de-vie\/vente-cession-entreprise\/#breadcrumb","itemListElement":[{"@type":"ListItem","position":1,"name":"Home","item":"https:\/\/www.caissealliance.com\/fr\/"},{"@type":"ListItem","position":2,"name":"Entreprises","item":"https:\/\/www.caissealliance.com\/fr\/entreprises\/"},{"@type":"ListItem","position":3,"name":"Moments de vie","item":"https:\/\/www.caissealliance.com\/fr\/entreprises\/moments-de-vie\/"},{"@type":"ListItem","position":4,"name":"R\u00e9ussir la cession ou la vente de son entreprise, c\u2019est le bonheur!"}]},{"@type":"WebSite","@id":"https:\/\/www.caissealliance.com\/fr\/#website","url":"https:\/\/www.caissealliance.com\/fr\/","name":"Caisse Alliance","description":"Site Web de la Caisse Alliance","potentialAction":[{"@type":"SearchAction","target":{"@type":"EntryPoint","urlTemplate":"https:\/\/www.caissealliance.com\/fr\/?s={search_term_string}"},"query-input":{"@type":"PropertyValueSpecification","valueRequired":true,"valueName":"search_term_string"}}],"inLanguage":"fr-FR"}]}},"publishpress_future_action":{"enabled":false,"date":"2026-04-22 23:11:42","action":"change-status","newStatus":"draft","terms":[],"taxonomy":"section","extraData":[]},"publishpress_future_workflow_manual_trigger":{"enabledWorkflows":[]},"_links":{"self":[{"href":"https:\/\/www.caissealliance.com\/fr\/wp-json\/wp\/v2\/pages\/1689","targetHints":{"allow":["GET"]}}],"collection":[{"href":"https:\/\/www.caissealliance.com\/fr\/wp-json\/wp\/v2\/pages"}],"about":[{"href":"https:\/\/www.caissealliance.com\/fr\/wp-json\/wp\/v2\/types\/page"}],"author":[{"embeddable":true,"href":"https:\/\/www.caissealliance.com\/fr\/wp-json\/wp\/v2\/users\/1"}],"replies":[{"embeddable":true,"href":"https:\/\/www.caissealliance.com\/fr\/wp-json\/wp\/v2\/comments?post=1689"}],"version-history":[{"count":22,"href":"https:\/\/www.caissealliance.com\/fr\/wp-json\/wp\/v2\/pages\/1689\/revisions"}],"predecessor-version":[{"id":6738,"href":"https:\/\/www.caissealliance.com\/fr\/wp-json\/wp\/v2\/pages\/1689\/revisions\/6738"}],"up":[{"embeddable":true,"href":"https:\/\/www.caissealliance.com\/fr\/wp-json\/wp\/v2\/pages\/1683"}],"wp:featuredmedia":[{"embeddable":true,"href":"https:\/\/www.caissealliance.com\/fr\/wp-json\/wp\/v2\/media\/2063"}],"wp:attachment":[{"href":"https:\/\/www.caissealliance.com\/fr\/wp-json\/wp\/v2\/media?parent=1689"}],"curies":[{"name":"wp","href":"https:\/\/api.w.org\/{rel}","templated":true}]}}