{"id":1687,"date":"2019-03-21T15:14:44","date_gmt":"2019-03-21T19:14:44","guid":{"rendered":"http:\/\/caissealliance.absoludev.ca\/?page_id=1687"},"modified":"2025-02-07T15:11:35","modified_gmt":"2025-02-07T20:11:35","slug":"developper-une-entreprise","status":"publish","type":"page","link":"https:\/\/www.caissealliance.com\/fr\/entreprises\/moments-de-vie\/developper-une-entreprise\/","title":{"rendered":"Voir grandir et prosp\u00e9rer son entreprise, c\u2019est le bonheur!"},"content":{"rendered":"<p>Conqu\u00e9rir un nouveau march\u00e9, maintenir ses \u00e9quipements \u00e0 la fine pointe, racheter un concurrent, vos besoins et aspirations n\u00e9cessitent parfois des investissements d\u2019envergure. Une bonne planification financi\u00e8re est essentielle pour vous aider \u00e0 franchir avec succ\u00e8s toute \u00e9tape importante du d\u00e9veloppement de votre entreprise. Pour r\u00e9ussir, il est primordial de tenir compte autant de la r\u00e9alit\u00e9 du march\u00e9 que de vos besoins d\u2019affaires sp\u00e9cifiques.<\/p>\n<p>Du financement \u00e0 court terme pour r\u00e9pondre \u00e0 vos besoins de liquidit\u00e9 \u00e0 la planification \u00e0 long terme de l\u2019expansion de votre entreprise, votre Caisse a des outils et des conseils expr\u00e8s pour vous.<\/p>\n<p><strong>Parce que d\u00e9velopper son entreprise de fa\u00e7on \u00e9clair\u00e9e, c\u2019est capital!<\/strong><\/p>\n","protected":false},"excerpt":{"rendered":"<p>Conqu\u00e9rir un nouveau march\u00e9, maintenir ses \u00e9quipements \u00e0 la fine pointe, racheter un concurrent, vos besoins et aspirations n\u00e9cessitent parfois des investissements d\u2019envergure. Une bonne planification financi\u00e8re est essentielle pour vous aider \u00e0 franchir avec succ\u00e8s toute \u00e9tape importante du d\u00e9veloppement de votre entreprise. Pour r\u00e9ussir, il est primordial de tenir compte autant de la [&#8230;]<\/p>\n","protected":false},"author":1,"featured_media":2068,"parent":1683,"menu_order":2,"comment_status":"closed","ping_status":"closed","template":"page-accueil-moment-vie.php","meta":{"_acf_changed":false,"_monsterinsights_skip_tracking":false,"_monsterinsights_sitenote_active":false,"_monsterinsights_sitenote_note":"","_monsterinsights_sitenote_category":0,"footnotes":""},"class_list":["post-1687","page","type-page","status-publish","has-post-thumbnail","hentry","section-moments-de-vie"],"acf":[],"yoast_head":"<!-- This site is optimized with the Yoast SEO plugin v27.3 - https:\/\/yoast.com\/product\/yoast-seo-wordpress\/ -->\n<title>Financement : d\u00e9velopper une entreprise | Caisse Alliance<\/title>\n<meta name=\"robots\" content=\"index, follow, max-snippet:-1, max-image-preview:large, max-video-preview:-1\" \/>\n<link rel=\"canonical\" href=\"https:\/\/www.caissealliance.com\/fr\/entreprises\/moments-de-vie\/developper-une-entreprise\/\" \/>\n<meta property=\"og:locale\" content=\"fr_FR\" \/>\n<meta property=\"og:type\" content=\"article\" \/>\n<meta property=\"og:title\" content=\"Financement : d\u00e9velopper une entreprise | Caisse Alliance\" \/>\n<meta property=\"og:description\" content=\"Conqu\u00e9rir un nouveau march\u00e9, maintenir ses \u00e9quipements \u00e0 la fine pointe, racheter un concurrent, vos besoins et aspirations n\u00e9cessitent parfois des investissements d\u2019envergure. Une bonne planification financi\u00e8re est essentielle pour vous aider \u00e0 franchir avec succ\u00e8s toute \u00e9tape importante du d\u00e9veloppement de votre entreprise. Pour r\u00e9ussir, il est primordial de tenir compte autant de la [...]\" \/>\n<meta property=\"og:url\" content=\"https:\/\/www.caissealliance.com\/fr\/entreprises\/moments-de-vie\/developper-une-entreprise\/\" \/>\n<meta property=\"og:site_name\" content=\"Caisse Alliance\" \/>\n<meta property=\"article:modified_time\" content=\"2025-02-07T20:11:35+00:00\" \/>\n<meta property=\"og:image\" content=\"https:\/\/www.caissealliance.com\/wp-content\/uploads\/croissance_moment_secondaire.jpg\" \/>\n\t<meta property=\"og:image:width\" content=\"1996\" \/>\n\t<meta property=\"og:image:height\" content=\"1418\" \/>\n\t<meta property=\"og:image:type\" content=\"image\/jpeg\" \/>\n<meta name=\"twitter:card\" content=\"summary_large_image\" \/>\n<meta name=\"twitter:label1\" content=\"Dur\u00e9e de lecture estim\u00e9e\" \/>\n\t<meta name=\"twitter:data1\" content=\"1 minute\" \/>\n<script type=\"application\/ld+json\" class=\"yoast-schema-graph\">{\"@context\":\"https:\\\/\\\/schema.org\",\"@graph\":[{\"@type\":\"WebPage\",\"@id\":\"https:\\\/\\\/www.caissealliance.com\\\/fr\\\/entreprises\\\/moments-de-vie\\\/developper-une-entreprise\\\/\",\"url\":\"https:\\\/\\\/www.caissealliance.com\\\/fr\\\/entreprises\\\/moments-de-vie\\\/developper-une-entreprise\\\/\",\"name\":\"Financement : d\u00e9velopper une entreprise | Caisse Alliance\",\"isPartOf\":{\"@id\":\"https:\\\/\\\/www.caissealliance.com\\\/fr\\\/#website\"},\"primaryImageOfPage\":{\"@id\":\"https:\\\/\\\/www.caissealliance.com\\\/fr\\\/entreprises\\\/moments-de-vie\\\/developper-une-entreprise\\\/#primaryimage\"},\"image\":{\"@id\":\"https:\\\/\\\/www.caissealliance.com\\\/fr\\\/entreprises\\\/moments-de-vie\\\/developper-une-entreprise\\\/#primaryimage\"},\"thumbnailUrl\":\"https:\\\/\\\/www.caissealliance.com\\\/wp-content\\\/uploads\\\/croissance_moment_secondaire.jpg\",\"datePublished\":\"2019-03-21T19:14:44+00:00\",\"dateModified\":\"2025-02-07T20:11:35+00:00\",\"breadcrumb\":{\"@id\":\"https:\\\/\\\/www.caissealliance.com\\\/fr\\\/entreprises\\\/moments-de-vie\\\/developper-une-entreprise\\\/#breadcrumb\"},\"inLanguage\":\"fr-FR\",\"potentialAction\":[{\"@type\":\"ReadAction\",\"target\":[\"https:\\\/\\\/www.caissealliance.com\\\/fr\\\/entreprises\\\/moments-de-vie\\\/developper-une-entreprise\\\/\"]}]},{\"@type\":\"ImageObject\",\"inLanguage\":\"fr-FR\",\"@id\":\"https:\\\/\\\/www.caissealliance.com\\\/fr\\\/entreprises\\\/moments-de-vie\\\/developper-une-entreprise\\\/#primaryimage\",\"url\":\"https:\\\/\\\/www.caissealliance.com\\\/wp-content\\\/uploads\\\/croissance_moment_secondaire.jpg\",\"contentUrl\":\"https:\\\/\\\/www.caissealliance.com\\\/wp-content\\\/uploads\\\/croissance_moment_secondaire.jpg\",\"width\":1996,\"height\":1418},{\"@type\":\"BreadcrumbList\",\"@id\":\"https:\\\/\\\/www.caissealliance.com\\\/fr\\\/entreprises\\\/moments-de-vie\\\/developper-une-entreprise\\\/#breadcrumb\",\"itemListElement\":[{\"@type\":\"ListItem\",\"position\":1,\"name\":\"Home\",\"item\":\"https:\\\/\\\/www.caissealliance.com\\\/fr\\\/\"},{\"@type\":\"ListItem\",\"position\":2,\"name\":\"Entreprises\",\"item\":\"https:\\\/\\\/www.caissealliance.com\\\/fr\\\/entreprises\\\/\"},{\"@type\":\"ListItem\",\"position\":3,\"name\":\"Moments de vie\",\"item\":\"https:\\\/\\\/www.caissealliance.com\\\/fr\\\/entreprises\\\/moments-de-vie\\\/\"},{\"@type\":\"ListItem\",\"position\":4,\"name\":\"Voir grandir et prosp\u00e9rer son entreprise, c\u2019est le bonheur!\"}]},{\"@type\":\"WebSite\",\"@id\":\"https:\\\/\\\/www.caissealliance.com\\\/fr\\\/#website\",\"url\":\"https:\\\/\\\/www.caissealliance.com\\\/fr\\\/\",\"name\":\"Caisse Alliance\",\"description\":\"Site Web de la Caisse Alliance\",\"potentialAction\":[{\"@type\":\"SearchAction\",\"target\":{\"@type\":\"EntryPoint\",\"urlTemplate\":\"https:\\\/\\\/www.caissealliance.com\\\/fr\\\/?s={search_term_string}\"},\"query-input\":{\"@type\":\"PropertyValueSpecification\",\"valueRequired\":true,\"valueName\":\"search_term_string\"}}],\"inLanguage\":\"fr-FR\"}]}<\/script>\n<!-- \/ Yoast SEO plugin. -->","yoast_head_json":{"title":"Financement : d\u00e9velopper une entreprise | Caisse Alliance","robots":{"index":"index","follow":"follow","max-snippet":"max-snippet:-1","max-image-preview":"max-image-preview:large","max-video-preview":"max-video-preview:-1"},"canonical":"https:\/\/www.caissealliance.com\/fr\/entreprises\/moments-de-vie\/developper-une-entreprise\/","og_locale":"fr_FR","og_type":"article","og_title":"Financement : d\u00e9velopper une entreprise | Caisse Alliance","og_description":"Conqu\u00e9rir un nouveau march\u00e9, maintenir ses \u00e9quipements \u00e0 la fine pointe, racheter un concurrent, vos besoins et aspirations n\u00e9cessitent parfois des investissements d\u2019envergure. Une bonne planification financi\u00e8re est essentielle pour vous aider \u00e0 franchir avec succ\u00e8s toute \u00e9tape importante du d\u00e9veloppement de votre entreprise. Pour r\u00e9ussir, il est primordial de tenir compte autant de la [...]","og_url":"https:\/\/www.caissealliance.com\/fr\/entreprises\/moments-de-vie\/developper-une-entreprise\/","og_site_name":"Caisse Alliance","article_modified_time":"2025-02-07T20:11:35+00:00","og_image":[{"width":1996,"height":1418,"url":"https:\/\/www.caissealliance.com\/wp-content\/uploads\/croissance_moment_secondaire.jpg","type":"image\/jpeg"}],"twitter_card":"summary_large_image","twitter_misc":{"Dur\u00e9e de lecture estim\u00e9e":"1 minute"},"schema":{"@context":"https:\/\/schema.org","@graph":[{"@type":"WebPage","@id":"https:\/\/www.caissealliance.com\/fr\/entreprises\/moments-de-vie\/developper-une-entreprise\/","url":"https:\/\/www.caissealliance.com\/fr\/entreprises\/moments-de-vie\/developper-une-entreprise\/","name":"Financement : d\u00e9velopper une entreprise | Caisse Alliance","isPartOf":{"@id":"https:\/\/www.caissealliance.com\/fr\/#website"},"primaryImageOfPage":{"@id":"https:\/\/www.caissealliance.com\/fr\/entreprises\/moments-de-vie\/developper-une-entreprise\/#primaryimage"},"image":{"@id":"https:\/\/www.caissealliance.com\/fr\/entreprises\/moments-de-vie\/developper-une-entreprise\/#primaryimage"},"thumbnailUrl":"https:\/\/www.caissealliance.com\/wp-content\/uploads\/croissance_moment_secondaire.jpg","datePublished":"2019-03-21T19:14:44+00:00","dateModified":"2025-02-07T20:11:35+00:00","breadcrumb":{"@id":"https:\/\/www.caissealliance.com\/fr\/entreprises\/moments-de-vie\/developper-une-entreprise\/#breadcrumb"},"inLanguage":"fr-FR","potentialAction":[{"@type":"ReadAction","target":["https:\/\/www.caissealliance.com\/fr\/entreprises\/moments-de-vie\/developper-une-entreprise\/"]}]},{"@type":"ImageObject","inLanguage":"fr-FR","@id":"https:\/\/www.caissealliance.com\/fr\/entreprises\/moments-de-vie\/developper-une-entreprise\/#primaryimage","url":"https:\/\/www.caissealliance.com\/wp-content\/uploads\/croissance_moment_secondaire.jpg","contentUrl":"https:\/\/www.caissealliance.com\/wp-content\/uploads\/croissance_moment_secondaire.jpg","width":1996,"height":1418},{"@type":"BreadcrumbList","@id":"https:\/\/www.caissealliance.com\/fr\/entreprises\/moments-de-vie\/developper-une-entreprise\/#breadcrumb","itemListElement":[{"@type":"ListItem","position":1,"name":"Home","item":"https:\/\/www.caissealliance.com\/fr\/"},{"@type":"ListItem","position":2,"name":"Entreprises","item":"https:\/\/www.caissealliance.com\/fr\/entreprises\/"},{"@type":"ListItem","position":3,"name":"Moments de vie","item":"https:\/\/www.caissealliance.com\/fr\/entreprises\/moments-de-vie\/"},{"@type":"ListItem","position":4,"name":"Voir grandir et prosp\u00e9rer son entreprise, c\u2019est le bonheur!"}]},{"@type":"WebSite","@id":"https:\/\/www.caissealliance.com\/fr\/#website","url":"https:\/\/www.caissealliance.com\/fr\/","name":"Caisse Alliance","description":"Site Web de la Caisse Alliance","potentialAction":[{"@type":"SearchAction","target":{"@type":"EntryPoint","urlTemplate":"https:\/\/www.caissealliance.com\/fr\/?s={search_term_string}"},"query-input":{"@type":"PropertyValueSpecification","valueRequired":true,"valueName":"search_term_string"}}],"inLanguage":"fr-FR"}]}},"publishpress_future_action":{"enabled":false,"date":"2026-04-22 23:33:20","action":"change-status","newStatus":"draft","terms":[],"taxonomy":"section","extraData":[]},"publishpress_future_workflow_manual_trigger":{"enabledWorkflows":[]},"_links":{"self":[{"href":"https:\/\/www.caissealliance.com\/fr\/wp-json\/wp\/v2\/pages\/1687","targetHints":{"allow":["GET"]}}],"collection":[{"href":"https:\/\/www.caissealliance.com\/fr\/wp-json\/wp\/v2\/pages"}],"about":[{"href":"https:\/\/www.caissealliance.com\/fr\/wp-json\/wp\/v2\/types\/page"}],"author":[{"embeddable":true,"href":"https:\/\/www.caissealliance.com\/fr\/wp-json\/wp\/v2\/users\/1"}],"replies":[{"embeddable":true,"href":"https:\/\/www.caissealliance.com\/fr\/wp-json\/wp\/v2\/comments?post=1687"}],"version-history":[{"count":10,"href":"https:\/\/www.caissealliance.com\/fr\/wp-json\/wp\/v2\/pages\/1687\/revisions"}],"predecessor-version":[{"id":31005,"href":"https:\/\/www.caissealliance.com\/fr\/wp-json\/wp\/v2\/pages\/1687\/revisions\/31005"}],"up":[{"embeddable":true,"href":"https:\/\/www.caissealliance.com\/fr\/wp-json\/wp\/v2\/pages\/1683"}],"wp:featuredmedia":[{"embeddable":true,"href":"https:\/\/www.caissealliance.com\/fr\/wp-json\/wp\/v2\/media\/2068"}],"wp:attachment":[{"href":"https:\/\/www.caissealliance.com\/fr\/wp-json\/wp\/v2\/media?parent=1687"}],"curies":[{"name":"wp","href":"https:\/\/api.w.org\/{rel}","templated":true}]}}