{"id":1685,"date":"2019-03-21T15:12:30","date_gmt":"2019-03-21T19:12:30","guid":{"rendered":"http:\/\/caissealliance.absoludev.ca\/?page_id=1685"},"modified":"2025-02-07T15:13:54","modified_gmt":"2025-02-07T20:13:54","slug":"pret-financement-demarrage-entreprise","status":"publish","type":"page","link":"https:\/\/www.caissealliance.com\/fr\/entreprises\/moments-de-vie\/pret-financement-demarrage-entreprise\/","title":{"rendered":"\u00catre son propre patron, c\u2019est le bonheur!"},"content":{"rendered":"<p>Pr\u00eats \u00e0 vous lancer en affaires? Avant de d\u00e9marrer une entreprise, une planification ad\u00e9quate s\u2019impose. En transformant votre id\u00e9e en plan d\u2019affaires et en trouvant le financement pour le concr\u00e9tiser, vous mettez toutes les chances de succ\u00e8s de votre c\u00f4t\u00e9. De l\u2019id\u00e9e initiale au lancement, vous trouverez une foule de conseils pratiques con\u00e7us sp\u00e9cialement pour vous aider \u00e0 r\u00e9aliser votre vision et atteindre vos objectifs.<\/p>\n<p>Des lois et r\u00e8glements relatifs au d\u00e9marrage de votre entreprise aux meilleures options de pr\u00eat et de financement pour entrepreneurs, votre Caisse a des outils et des conseils expr\u00e8s pour vous.<\/p>\n<p><strong>Recevoir les meilleurs conseils pour se lancer en affaire, c\u2019est capital!<\/strong><\/p>\n","protected":false},"excerpt":{"rendered":"<p>Pr\u00eats \u00e0 vous lancer en affaires? Avant de d\u00e9marrer une entreprise, une planification ad\u00e9quate s\u2019impose. En transformant votre id\u00e9e en plan d\u2019affaires et en trouvant le financement pour le concr\u00e9tiser, vous mettez toutes les chances de succ\u00e8s de votre c\u00f4t\u00e9. De l\u2019id\u00e9e initiale au lancement, vous trouverez une foule de conseils pratiques con\u00e7us sp\u00e9cialement pour [&#8230;]<\/p>\n","protected":false},"author":1,"featured_media":2058,"parent":1683,"menu_order":1,"comment_status":"closed","ping_status":"closed","template":"page-accueil-moment-vie.php","meta":{"_acf_changed":false,"_monsterinsights_skip_tracking":false,"_monsterinsights_sitenote_active":false,"_monsterinsights_sitenote_note":"","_monsterinsights_sitenote_category":0,"footnotes":""},"class_list":["post-1685","page","type-page","status-publish","has-post-thumbnail","hentry","section-moments-de-vie"],"acf":[],"yoast_head":"<!-- This site is optimized with the Yoast SEO plugin v27.3 - https:\/\/yoast.com\/product\/yoast-seo-wordpress\/ -->\n<title>Financement : d\u00e9marrage d&#039;entreprise | Caisse Alliance<\/title>\n<meta name=\"robots\" content=\"index, follow, max-snippet:-1, max-image-preview:large, max-video-preview:-1\" \/>\n<link rel=\"canonical\" href=\"https:\/\/www.caissealliance.com\/fr\/entreprises\/moments-de-vie\/pret-financement-demarrage-entreprise\/\" \/>\n<meta property=\"og:locale\" content=\"fr_FR\" \/>\n<meta property=\"og:type\" content=\"article\" \/>\n<meta property=\"og:title\" content=\"Financement : d\u00e9marrage d&#039;entreprise | Caisse Alliance\" \/>\n<meta property=\"og:description\" content=\"Pr\u00eats \u00e0 vous lancer en affaires? Avant de d\u00e9marrer une entreprise, une planification ad\u00e9quate s\u2019impose. En transformant votre id\u00e9e en plan d\u2019affaires et en trouvant le financement pour le concr\u00e9tiser, vous mettez toutes les chances de succ\u00e8s de votre c\u00f4t\u00e9. De l\u2019id\u00e9e initiale au lancement, vous trouverez une foule de conseils pratiques con\u00e7us sp\u00e9cialement pour [...]\" \/>\n<meta property=\"og:url\" content=\"https:\/\/www.caissealliance.com\/fr\/entreprises\/moments-de-vie\/pret-financement-demarrage-entreprise\/\" \/>\n<meta property=\"og:site_name\" content=\"Caisse Alliance\" \/>\n<meta property=\"article:modified_time\" content=\"2025-02-07T20:13:54+00:00\" \/>\n<meta property=\"og:image\" content=\"https:\/\/www.caissealliance.com\/wp-content\/uploads\/demarrer_moment_secondaire.jpg\" \/>\n\t<meta property=\"og:image:width\" content=\"1996\" \/>\n\t<meta property=\"og:image:height\" content=\"1414\" \/>\n\t<meta property=\"og:image:type\" content=\"image\/jpeg\" \/>\n<meta name=\"twitter:card\" content=\"summary_large_image\" \/>\n<meta name=\"twitter:label1\" content=\"Dur\u00e9e de lecture estim\u00e9e\" \/>\n\t<meta name=\"twitter:data1\" content=\"1 minute\" \/>\n<script type=\"application\/ld+json\" class=\"yoast-schema-graph\">{\"@context\":\"https:\\\/\\\/schema.org\",\"@graph\":[{\"@type\":\"WebPage\",\"@id\":\"https:\\\/\\\/www.caissealliance.com\\\/fr\\\/entreprises\\\/moments-de-vie\\\/pret-financement-demarrage-entreprise\\\/\",\"url\":\"https:\\\/\\\/www.caissealliance.com\\\/fr\\\/entreprises\\\/moments-de-vie\\\/pret-financement-demarrage-entreprise\\\/\",\"name\":\"Financement : d\u00e9marrage d'entreprise | Caisse Alliance\",\"isPartOf\":{\"@id\":\"https:\\\/\\\/www.caissealliance.com\\\/fr\\\/#website\"},\"primaryImageOfPage\":{\"@id\":\"https:\\\/\\\/www.caissealliance.com\\\/fr\\\/entreprises\\\/moments-de-vie\\\/pret-financement-demarrage-entreprise\\\/#primaryimage\"},\"image\":{\"@id\":\"https:\\\/\\\/www.caissealliance.com\\\/fr\\\/entreprises\\\/moments-de-vie\\\/pret-financement-demarrage-entreprise\\\/#primaryimage\"},\"thumbnailUrl\":\"https:\\\/\\\/www.caissealliance.com\\\/wp-content\\\/uploads\\\/demarrer_moment_secondaire.jpg\",\"datePublished\":\"2019-03-21T19:12:30+00:00\",\"dateModified\":\"2025-02-07T20:13:54+00:00\",\"breadcrumb\":{\"@id\":\"https:\\\/\\\/www.caissealliance.com\\\/fr\\\/entreprises\\\/moments-de-vie\\\/pret-financement-demarrage-entreprise\\\/#breadcrumb\"},\"inLanguage\":\"fr-FR\",\"potentialAction\":[{\"@type\":\"ReadAction\",\"target\":[\"https:\\\/\\\/www.caissealliance.com\\\/fr\\\/entreprises\\\/moments-de-vie\\\/pret-financement-demarrage-entreprise\\\/\"]}]},{\"@type\":\"ImageObject\",\"inLanguage\":\"fr-FR\",\"@id\":\"https:\\\/\\\/www.caissealliance.com\\\/fr\\\/entreprises\\\/moments-de-vie\\\/pret-financement-demarrage-entreprise\\\/#primaryimage\",\"url\":\"https:\\\/\\\/www.caissealliance.com\\\/wp-content\\\/uploads\\\/demarrer_moment_secondaire.jpg\",\"contentUrl\":\"https:\\\/\\\/www.caissealliance.com\\\/wp-content\\\/uploads\\\/demarrer_moment_secondaire.jpg\",\"width\":1996,\"height\":1414},{\"@type\":\"BreadcrumbList\",\"@id\":\"https:\\\/\\\/www.caissealliance.com\\\/fr\\\/entreprises\\\/moments-de-vie\\\/pret-financement-demarrage-entreprise\\\/#breadcrumb\",\"itemListElement\":[{\"@type\":\"ListItem\",\"position\":1,\"name\":\"Home\",\"item\":\"https:\\\/\\\/www.caissealliance.com\\\/fr\\\/\"},{\"@type\":\"ListItem\",\"position\":2,\"name\":\"Entreprises\",\"item\":\"https:\\\/\\\/www.caissealliance.com\\\/fr\\\/entreprises\\\/\"},{\"@type\":\"ListItem\",\"position\":3,\"name\":\"Moments de vie\",\"item\":\"https:\\\/\\\/www.caissealliance.com\\\/fr\\\/entreprises\\\/moments-de-vie\\\/\"},{\"@type\":\"ListItem\",\"position\":4,\"name\":\"\u00catre son propre patron, c\u2019est le bonheur!\"}]},{\"@type\":\"WebSite\",\"@id\":\"https:\\\/\\\/www.caissealliance.com\\\/fr\\\/#website\",\"url\":\"https:\\\/\\\/www.caissealliance.com\\\/fr\\\/\",\"name\":\"Caisse Alliance\",\"description\":\"Site Web de la Caisse Alliance\",\"potentialAction\":[{\"@type\":\"SearchAction\",\"target\":{\"@type\":\"EntryPoint\",\"urlTemplate\":\"https:\\\/\\\/www.caissealliance.com\\\/fr\\\/?s={search_term_string}\"},\"query-input\":{\"@type\":\"PropertyValueSpecification\",\"valueRequired\":true,\"valueName\":\"search_term_string\"}}],\"inLanguage\":\"fr-FR\"}]}<\/script>\n<!-- \/ Yoast SEO plugin. -->","yoast_head_json":{"title":"Financement : d\u00e9marrage d'entreprise | Caisse Alliance","robots":{"index":"index","follow":"follow","max-snippet":"max-snippet:-1","max-image-preview":"max-image-preview:large","max-video-preview":"max-video-preview:-1"},"canonical":"https:\/\/www.caissealliance.com\/fr\/entreprises\/moments-de-vie\/pret-financement-demarrage-entreprise\/","og_locale":"fr_FR","og_type":"article","og_title":"Financement : d\u00e9marrage d'entreprise | Caisse Alliance","og_description":"Pr\u00eats \u00e0 vous lancer en affaires? Avant de d\u00e9marrer une entreprise, une planification ad\u00e9quate s\u2019impose. En transformant votre id\u00e9e en plan d\u2019affaires et en trouvant le financement pour le concr\u00e9tiser, vous mettez toutes les chances de succ\u00e8s de votre c\u00f4t\u00e9. De l\u2019id\u00e9e initiale au lancement, vous trouverez une foule de conseils pratiques con\u00e7us sp\u00e9cialement pour [...]","og_url":"https:\/\/www.caissealliance.com\/fr\/entreprises\/moments-de-vie\/pret-financement-demarrage-entreprise\/","og_site_name":"Caisse Alliance","article_modified_time":"2025-02-07T20:13:54+00:00","og_image":[{"width":1996,"height":1414,"url":"https:\/\/www.caissealliance.com\/wp-content\/uploads\/demarrer_moment_secondaire.jpg","type":"image\/jpeg"}],"twitter_card":"summary_large_image","twitter_misc":{"Dur\u00e9e de lecture estim\u00e9e":"1 minute"},"schema":{"@context":"https:\/\/schema.org","@graph":[{"@type":"WebPage","@id":"https:\/\/www.caissealliance.com\/fr\/entreprises\/moments-de-vie\/pret-financement-demarrage-entreprise\/","url":"https:\/\/www.caissealliance.com\/fr\/entreprises\/moments-de-vie\/pret-financement-demarrage-entreprise\/","name":"Financement : d\u00e9marrage d'entreprise | Caisse Alliance","isPartOf":{"@id":"https:\/\/www.caissealliance.com\/fr\/#website"},"primaryImageOfPage":{"@id":"https:\/\/www.caissealliance.com\/fr\/entreprises\/moments-de-vie\/pret-financement-demarrage-entreprise\/#primaryimage"},"image":{"@id":"https:\/\/www.caissealliance.com\/fr\/entreprises\/moments-de-vie\/pret-financement-demarrage-entreprise\/#primaryimage"},"thumbnailUrl":"https:\/\/www.caissealliance.com\/wp-content\/uploads\/demarrer_moment_secondaire.jpg","datePublished":"2019-03-21T19:12:30+00:00","dateModified":"2025-02-07T20:13:54+00:00","breadcrumb":{"@id":"https:\/\/www.caissealliance.com\/fr\/entreprises\/moments-de-vie\/pret-financement-demarrage-entreprise\/#breadcrumb"},"inLanguage":"fr-FR","potentialAction":[{"@type":"ReadAction","target":["https:\/\/www.caissealliance.com\/fr\/entreprises\/moments-de-vie\/pret-financement-demarrage-entreprise\/"]}]},{"@type":"ImageObject","inLanguage":"fr-FR","@id":"https:\/\/www.caissealliance.com\/fr\/entreprises\/moments-de-vie\/pret-financement-demarrage-entreprise\/#primaryimage","url":"https:\/\/www.caissealliance.com\/wp-content\/uploads\/demarrer_moment_secondaire.jpg","contentUrl":"https:\/\/www.caissealliance.com\/wp-content\/uploads\/demarrer_moment_secondaire.jpg","width":1996,"height":1414},{"@type":"BreadcrumbList","@id":"https:\/\/www.caissealliance.com\/fr\/entreprises\/moments-de-vie\/pret-financement-demarrage-entreprise\/#breadcrumb","itemListElement":[{"@type":"ListItem","position":1,"name":"Home","item":"https:\/\/www.caissealliance.com\/fr\/"},{"@type":"ListItem","position":2,"name":"Entreprises","item":"https:\/\/www.caissealliance.com\/fr\/entreprises\/"},{"@type":"ListItem","position":3,"name":"Moments de vie","item":"https:\/\/www.caissealliance.com\/fr\/entreprises\/moments-de-vie\/"},{"@type":"ListItem","position":4,"name":"\u00catre son propre patron, c\u2019est le bonheur!"}]},{"@type":"WebSite","@id":"https:\/\/www.caissealliance.com\/fr\/#website","url":"https:\/\/www.caissealliance.com\/fr\/","name":"Caisse Alliance","description":"Site Web de la Caisse Alliance","potentialAction":[{"@type":"SearchAction","target":{"@type":"EntryPoint","urlTemplate":"https:\/\/www.caissealliance.com\/fr\/?s={search_term_string}"},"query-input":{"@type":"PropertyValueSpecification","valueRequired":true,"valueName":"search_term_string"}}],"inLanguage":"fr-FR"}]}},"publishpress_future_action":{"enabled":false,"date":"2026-04-22 23:14:59","action":"change-status","newStatus":"draft","terms":[],"taxonomy":"section","extraData":[]},"publishpress_future_workflow_manual_trigger":{"enabledWorkflows":[]},"_links":{"self":[{"href":"https:\/\/www.caissealliance.com\/fr\/wp-json\/wp\/v2\/pages\/1685","targetHints":{"allow":["GET"]}}],"collection":[{"href":"https:\/\/www.caissealliance.com\/fr\/wp-json\/wp\/v2\/pages"}],"about":[{"href":"https:\/\/www.caissealliance.com\/fr\/wp-json\/wp\/v2\/types\/page"}],"author":[{"embeddable":true,"href":"https:\/\/www.caissealliance.com\/fr\/wp-json\/wp\/v2\/users\/1"}],"replies":[{"embeddable":true,"href":"https:\/\/www.caissealliance.com\/fr\/wp-json\/wp\/v2\/comments?post=1685"}],"version-history":[{"count":17,"href":"https:\/\/www.caissealliance.com\/fr\/wp-json\/wp\/v2\/pages\/1685\/revisions"}],"predecessor-version":[{"id":31010,"href":"https:\/\/www.caissealliance.com\/fr\/wp-json\/wp\/v2\/pages\/1685\/revisions\/31010"}],"up":[{"embeddable":true,"href":"https:\/\/www.caissealliance.com\/fr\/wp-json\/wp\/v2\/pages\/1683"}],"wp:featuredmedia":[{"embeddable":true,"href":"https:\/\/www.caissealliance.com\/fr\/wp-json\/wp\/v2\/media\/2058"}],"wp:attachment":[{"href":"https:\/\/www.caissealliance.com\/fr\/wp-json\/wp\/v2\/media?parent=1685"}],"curies":[{"name":"wp","href":"https:\/\/api.w.org\/{rel}","templated":true}]}}