{"id":1681,"date":"2019-03-21T15:05:46","date_gmt":"2019-03-21T19:05:46","guid":{"rendered":"http:\/\/caissealliance.absoludev.ca\/?page_id=1681"},"modified":"2026-01-16T15:36:35","modified_gmt":"2026-01-16T20:36:35","slug":"produits-financiers-particuliers","status":"publish","type":"page","link":"https:\/\/www.caissealliance.com\/fr\/moments-de-vie\/produits-financiers-particuliers\/","title":{"rendered":"Des produits financiers parfaitement adapt\u00e9s \u00e0 votre r\u00e9alit\u00e9, c\u2019est le bonheur!"},"content":{"rendered":"<p>Vous avez des projets qui vous tiennent \u00e0 coeur. Nous avons des solutions financi\u00e8res pour vous aider \u00e0 les concr\u00e9tiser. Produits financiers courants, pr\u00eats, \u00e9pargnes ou placements, notre gamme compl\u00e8te de produits financiers pour particulier vous accompagne \u00e0 chaque moment cl\u00e9 de votre vie.<\/p>\n<p>De la gestion quotidienne de vos finances, au type d&#8217;\u00e9pargne ou de pr\u00eat parfaitement adapt\u00e9 \u00e0 vos projets d&#8217;avenir, votre Caisse a des outils et des conseils expr\u00e8s pour vous.<\/p>\n<p><strong>Parce qu&#8217;atteindre ses objectifs financiers, c\u2019est capital!<\/strong><\/p>\n","protected":false},"excerpt":{"rendered":"<p>Vous avez des projets qui vous tiennent \u00e0 coeur. Nous avons des solutions financi\u00e8res pour vous aider \u00e0 les concr\u00e9tiser. Produits financiers courants, pr\u00eats, \u00e9pargnes ou placements, notre gamme compl\u00e8te de produits financiers pour particulier vous accompagne \u00e0 chaque moment cl\u00e9 de votre vie. De la gestion quotidienne de vos finances, au type d&#8217;\u00e9pargne ou [&#8230;]<\/p>\n","protected":false},"author":1,"featured_media":2035,"parent":82,"menu_order":7,"comment_status":"closed","ping_status":"closed","template":"page-accueil-moment-vie.php","meta":{"_acf_changed":false,"_monsterinsights_skip_tracking":false,"_monsterinsights_sitenote_active":false,"_monsterinsights_sitenote_note":"","_monsterinsights_sitenote_category":0,"footnotes":""},"class_list":["post-1681","page","type-page","status-publish","has-post-thumbnail","hentry","section-moments-de-vie"],"acf":[],"yoast_head":"<!-- This site is optimized with the Yoast SEO plugin v27.3 - https:\/\/yoast.com\/product\/yoast-seo-wordpress\/ -->\n<title>Produits financiers pour Particuliers | Caisse Alliance<\/title>\n<meta name=\"robots\" content=\"index, follow, max-snippet:-1, max-image-preview:large, max-video-preview:-1\" \/>\n<link rel=\"canonical\" href=\"https:\/\/www.caissealliance.com\/fr\/moments-de-vie\/produits-financiers-particuliers\/\" \/>\n<meta property=\"og:locale\" content=\"fr_FR\" \/>\n<meta property=\"og:type\" content=\"article\" \/>\n<meta property=\"og:title\" content=\"Produits financiers pour Particuliers | Caisse Alliance\" \/>\n<meta property=\"og:description\" content=\"Vous avez des projets qui vous tiennent \u00e0 coeur. Nous avons des solutions financi\u00e8res pour vous aider \u00e0 les concr\u00e9tiser. Produits financiers courants, pr\u00eats, \u00e9pargnes ou placements, notre gamme compl\u00e8te de produits financiers pour particulier vous accompagne \u00e0 chaque moment cl\u00e9 de votre vie. De la gestion quotidienne de vos finances, au type d&#8217;\u00e9pargne ou [...]\" \/>\n<meta property=\"og:url\" content=\"https:\/\/www.caissealliance.com\/fr\/moments-de-vie\/produits-financiers-particuliers\/\" \/>\n<meta property=\"og:site_name\" content=\"Caisse Alliance\" \/>\n<meta property=\"article:modified_time\" content=\"2026-01-16T20:36:35+00:00\" \/>\n<meta property=\"og:image\" content=\"https:\/\/www.caissealliance.com\/wp-content\/uploads\/tous-les-produits-particuliers_moment_secondaire.jpg\" \/>\n\t<meta property=\"og:image:width\" content=\"1996\" \/>\n\t<meta property=\"og:image:height\" content=\"1416\" \/>\n\t<meta property=\"og:image:type\" content=\"image\/jpeg\" \/>\n<meta name=\"twitter:card\" content=\"summary_large_image\" \/>\n<meta name=\"twitter:label1\" content=\"Dur\u00e9e de lecture estim\u00e9e\" \/>\n\t<meta name=\"twitter:data1\" content=\"1 minute\" \/>\n<script type=\"application\/ld+json\" class=\"yoast-schema-graph\">{\"@context\":\"https:\\\/\\\/schema.org\",\"@graph\":[{\"@type\":\"WebPage\",\"@id\":\"https:\\\/\\\/www.caissealliance.com\\\/fr\\\/moments-de-vie\\\/produits-financiers-particuliers\\\/\",\"url\":\"https:\\\/\\\/www.caissealliance.com\\\/fr\\\/moments-de-vie\\\/produits-financiers-particuliers\\\/\",\"name\":\"Produits financiers pour Particuliers | Caisse Alliance\",\"isPartOf\":{\"@id\":\"https:\\\/\\\/www.caissealliance.com\\\/fr\\\/#website\"},\"primaryImageOfPage\":{\"@id\":\"https:\\\/\\\/www.caissealliance.com\\\/fr\\\/moments-de-vie\\\/produits-financiers-particuliers\\\/#primaryimage\"},\"image\":{\"@id\":\"https:\\\/\\\/www.caissealliance.com\\\/fr\\\/moments-de-vie\\\/produits-financiers-particuliers\\\/#primaryimage\"},\"thumbnailUrl\":\"https:\\\/\\\/www.caissealliance.com\\\/wp-content\\\/uploads\\\/tous-les-produits-particuliers_moment_secondaire.jpg\",\"datePublished\":\"2019-03-21T19:05:46+00:00\",\"dateModified\":\"2026-01-16T20:36:35+00:00\",\"breadcrumb\":{\"@id\":\"https:\\\/\\\/www.caissealliance.com\\\/fr\\\/moments-de-vie\\\/produits-financiers-particuliers\\\/#breadcrumb\"},\"inLanguage\":\"fr-FR\",\"potentialAction\":[{\"@type\":\"ReadAction\",\"target\":[\"https:\\\/\\\/www.caissealliance.com\\\/fr\\\/moments-de-vie\\\/produits-financiers-particuliers\\\/\"]}]},{\"@type\":\"ImageObject\",\"inLanguage\":\"fr-FR\",\"@id\":\"https:\\\/\\\/www.caissealliance.com\\\/fr\\\/moments-de-vie\\\/produits-financiers-particuliers\\\/#primaryimage\",\"url\":\"https:\\\/\\\/www.caissealliance.com\\\/wp-content\\\/uploads\\\/tous-les-produits-particuliers_moment_secondaire.jpg\",\"contentUrl\":\"https:\\\/\\\/www.caissealliance.com\\\/wp-content\\\/uploads\\\/tous-les-produits-particuliers_moment_secondaire.jpg\",\"width\":1996,\"height\":1416},{\"@type\":\"BreadcrumbList\",\"@id\":\"https:\\\/\\\/www.caissealliance.com\\\/fr\\\/moments-de-vie\\\/produits-financiers-particuliers\\\/#breadcrumb\",\"itemListElement\":[{\"@type\":\"ListItem\",\"position\":1,\"name\":\"Home\",\"item\":\"https:\\\/\\\/www.caissealliance.com\\\/fr\\\/\"},{\"@type\":\"ListItem\",\"position\":2,\"name\":\"Moments de vie\",\"item\":\"https:\\\/\\\/www.caissealliance.com\\\/fr\\\/life-event\\\/\"},{\"@type\":\"ListItem\",\"position\":3,\"name\":\"Des produits financiers parfaitement adapt\u00e9s \u00e0 votre r\u00e9alit\u00e9, c\u2019est le bonheur!\"}]},{\"@type\":\"WebSite\",\"@id\":\"https:\\\/\\\/www.caissealliance.com\\\/fr\\\/#website\",\"url\":\"https:\\\/\\\/www.caissealliance.com\\\/fr\\\/\",\"name\":\"Caisse Alliance\",\"description\":\"Site Web de la Caisse Alliance\",\"potentialAction\":[{\"@type\":\"SearchAction\",\"target\":{\"@type\":\"EntryPoint\",\"urlTemplate\":\"https:\\\/\\\/www.caissealliance.com\\\/fr\\\/?s={search_term_string}\"},\"query-input\":{\"@type\":\"PropertyValueSpecification\",\"valueRequired\":true,\"valueName\":\"search_term_string\"}}],\"inLanguage\":\"fr-FR\"}]}<\/script>\n<!-- \/ Yoast SEO plugin. -->","yoast_head_json":{"title":"Produits financiers pour Particuliers | Caisse Alliance","robots":{"index":"index","follow":"follow","max-snippet":"max-snippet:-1","max-image-preview":"max-image-preview:large","max-video-preview":"max-video-preview:-1"},"canonical":"https:\/\/www.caissealliance.com\/fr\/moments-de-vie\/produits-financiers-particuliers\/","og_locale":"fr_FR","og_type":"article","og_title":"Produits financiers pour Particuliers | Caisse Alliance","og_description":"Vous avez des projets qui vous tiennent \u00e0 coeur. Nous avons des solutions financi\u00e8res pour vous aider \u00e0 les concr\u00e9tiser. Produits financiers courants, pr\u00eats, \u00e9pargnes ou placements, notre gamme compl\u00e8te de produits financiers pour particulier vous accompagne \u00e0 chaque moment cl\u00e9 de votre vie. De la gestion quotidienne de vos finances, au type d&#8217;\u00e9pargne ou [...]","og_url":"https:\/\/www.caissealliance.com\/fr\/moments-de-vie\/produits-financiers-particuliers\/","og_site_name":"Caisse Alliance","article_modified_time":"2026-01-16T20:36:35+00:00","og_image":[{"width":1996,"height":1416,"url":"https:\/\/www.caissealliance.com\/wp-content\/uploads\/tous-les-produits-particuliers_moment_secondaire.jpg","type":"image\/jpeg"}],"twitter_card":"summary_large_image","twitter_misc":{"Dur\u00e9e de lecture estim\u00e9e":"1 minute"},"schema":{"@context":"https:\/\/schema.org","@graph":[{"@type":"WebPage","@id":"https:\/\/www.caissealliance.com\/fr\/moments-de-vie\/produits-financiers-particuliers\/","url":"https:\/\/www.caissealliance.com\/fr\/moments-de-vie\/produits-financiers-particuliers\/","name":"Produits financiers pour Particuliers | Caisse Alliance","isPartOf":{"@id":"https:\/\/www.caissealliance.com\/fr\/#website"},"primaryImageOfPage":{"@id":"https:\/\/www.caissealliance.com\/fr\/moments-de-vie\/produits-financiers-particuliers\/#primaryimage"},"image":{"@id":"https:\/\/www.caissealliance.com\/fr\/moments-de-vie\/produits-financiers-particuliers\/#primaryimage"},"thumbnailUrl":"https:\/\/www.caissealliance.com\/wp-content\/uploads\/tous-les-produits-particuliers_moment_secondaire.jpg","datePublished":"2019-03-21T19:05:46+00:00","dateModified":"2026-01-16T20:36:35+00:00","breadcrumb":{"@id":"https:\/\/www.caissealliance.com\/fr\/moments-de-vie\/produits-financiers-particuliers\/#breadcrumb"},"inLanguage":"fr-FR","potentialAction":[{"@type":"ReadAction","target":["https:\/\/www.caissealliance.com\/fr\/moments-de-vie\/produits-financiers-particuliers\/"]}]},{"@type":"ImageObject","inLanguage":"fr-FR","@id":"https:\/\/www.caissealliance.com\/fr\/moments-de-vie\/produits-financiers-particuliers\/#primaryimage","url":"https:\/\/www.caissealliance.com\/wp-content\/uploads\/tous-les-produits-particuliers_moment_secondaire.jpg","contentUrl":"https:\/\/www.caissealliance.com\/wp-content\/uploads\/tous-les-produits-particuliers_moment_secondaire.jpg","width":1996,"height":1416},{"@type":"BreadcrumbList","@id":"https:\/\/www.caissealliance.com\/fr\/moments-de-vie\/produits-financiers-particuliers\/#breadcrumb","itemListElement":[{"@type":"ListItem","position":1,"name":"Home","item":"https:\/\/www.caissealliance.com\/fr\/"},{"@type":"ListItem","position":2,"name":"Moments de vie","item":"https:\/\/www.caissealliance.com\/fr\/life-event\/"},{"@type":"ListItem","position":3,"name":"Des produits financiers parfaitement adapt\u00e9s \u00e0 votre r\u00e9alit\u00e9, c\u2019est le bonheur!"}]},{"@type":"WebSite","@id":"https:\/\/www.caissealliance.com\/fr\/#website","url":"https:\/\/www.caissealliance.com\/fr\/","name":"Caisse Alliance","description":"Site Web de la Caisse Alliance","potentialAction":[{"@type":"SearchAction","target":{"@type":"EntryPoint","urlTemplate":"https:\/\/www.caissealliance.com\/fr\/?s={search_term_string}"},"query-input":{"@type":"PropertyValueSpecification","valueRequired":true,"valueName":"search_term_string"}}],"inLanguage":"fr-FR"}]}},"publishpress_future_action":{"enabled":false,"date":"2026-04-23 05:37:16","action":"change-status","newStatus":"draft","terms":[],"taxonomy":"section","extraData":[]},"publishpress_future_workflow_manual_trigger":{"enabledWorkflows":[]},"_links":{"self":[{"href":"https:\/\/www.caissealliance.com\/fr\/wp-json\/wp\/v2\/pages\/1681","targetHints":{"allow":["GET"]}}],"collection":[{"href":"https:\/\/www.caissealliance.com\/fr\/wp-json\/wp\/v2\/pages"}],"about":[{"href":"https:\/\/www.caissealliance.com\/fr\/wp-json\/wp\/v2\/types\/page"}],"author":[{"embeddable":true,"href":"https:\/\/www.caissealliance.com\/fr\/wp-json\/wp\/v2\/users\/1"}],"replies":[{"embeddable":true,"href":"https:\/\/www.caissealliance.com\/fr\/wp-json\/wp\/v2\/comments?post=1681"}],"version-history":[{"count":37,"href":"https:\/\/www.caissealliance.com\/fr\/wp-json\/wp\/v2\/pages\/1681\/revisions"}],"predecessor-version":[{"id":35718,"href":"https:\/\/www.caissealliance.com\/fr\/wp-json\/wp\/v2\/pages\/1681\/revisions\/35718"}],"up":[{"embeddable":true,"href":"https:\/\/www.caissealliance.com\/fr\/wp-json\/wp\/v2\/pages\/82"}],"wp:featuredmedia":[{"embeddable":true,"href":"https:\/\/www.caissealliance.com\/fr\/wp-json\/wp\/v2\/media\/2035"}],"wp:attachment":[{"href":"https:\/\/www.caissealliance.com\/fr\/wp-json\/wp\/v2\/media?parent=1681"}],"curies":[{"name":"wp","href":"https:\/\/api.w.org\/{rel}","templated":true}]}}