{"id":1674,"date":"2019-03-21T14:52:17","date_gmt":"2019-03-21T18:52:17","guid":{"rendered":"http:\/\/caissealliance.absoludev.ca\/?page_id=1674"},"modified":"2024-11-19T11:16:35","modified_gmt":"2024-11-19T16:16:35","slug":"nouveaux-parents","status":"publish","type":"page","link":"https:\/\/www.caissealliance.com\/fr\/moments-de-vie\/nouveaux-parents\/","title":{"rendered":"Avoir un enfant, c\u2019est le bonheur!"},"content":{"rendered":"<p class=\"p1\"><span class=\"s1\">Rien ne change plus la vie que l\u2019arriv\u00e9e d\u2019un b\u00e9b\u00e9. Avant m\u00eame de venir au monde, il est d\u00e9j\u00e0 le centre de votre univers. Vous souhaitez plus que tout que votre enfant soit heureux et profite de ce qu\u2019il y a de meilleur. Revoir vos besoins et votre planification financi\u00e8re est une \u00e9tape d\u00e9terminante pour aider votre famille \u00e0 partir du bon pied financi\u00e8rement. Avec la bonne pr\u00e9paration, vous aurez l\u2019esprit tranquille pour profiter pleinement de ce qui compte vraiment.<\/span><\/p>\n<p class=\"p1\"><span class=\"s1\">De la gestion de votre budget pour l\u2019arriv\u00e9e de b\u00e9b\u00e9 au choix de la meilleure solution d\u2019\u00e9pargne pour l\u2019\u00e9ducation de vos enfants, votre Caisse a des outils et des conseils expr\u00e8s pour vous. <\/span><\/p>\n<p class=\"p1\"><strong><span class=\"s1\">Parce qu&#8217;assurer l\u2019avenir financier de sa famille, c\u2019est capital!<\/span><\/strong><\/p>\n","protected":false},"excerpt":{"rendered":"<p>Rien ne change plus la vie que l\u2019arriv\u00e9e d\u2019un b\u00e9b\u00e9. Avant m\u00eame de venir au monde, il est d\u00e9j\u00e0 le centre de votre univers. Vous souhaitez plus que tout que votre enfant soit heureux et profite de ce qu\u2019il y a de meilleur. Revoir vos besoins et votre planification financi\u00e8re est une \u00e9tape d\u00e9terminante pour [&#8230;]<\/p>\n","protected":false},"author":1,"featured_media":3653,"parent":82,"menu_order":4,"comment_status":"closed","ping_status":"closed","template":"page-accueil-moment-vie.php","meta":{"_acf_changed":false,"_monsterinsights_skip_tracking":false,"_monsterinsights_sitenote_active":false,"_monsterinsights_sitenote_note":"","_monsterinsights_sitenote_category":0,"footnotes":""},"class_list":["post-1674","page","type-page","status-publish","has-post-thumbnail","hentry","section-moments-de-vie"],"acf":[],"yoast_head":"<!-- This site is optimized with the Yoast SEO plugin v27.3 - https:\/\/yoast.com\/product\/yoast-seo-wordpress\/ -->\n<title>Pr\u00eats et financement pour futurs et nouveaux parents | Caisse Alliance<\/title>\n<meta name=\"robots\" content=\"index, follow, max-snippet:-1, max-image-preview:large, max-video-preview:-1\" \/>\n<link rel=\"canonical\" href=\"https:\/\/www.caissealliance.com\/fr\/moments-de-vie\/nouveaux-parents\/\" \/>\n<meta property=\"og:locale\" content=\"fr_FR\" \/>\n<meta property=\"og:type\" content=\"article\" \/>\n<meta property=\"og:title\" content=\"Pr\u00eats et financement pour futurs et nouveaux parents | Caisse Alliance\" \/>\n<meta property=\"og:description\" content=\"Rien ne change plus la vie que l\u2019arriv\u00e9e d\u2019un b\u00e9b\u00e9. Avant m\u00eame de venir au monde, il est d\u00e9j\u00e0 le centre de votre univers. Vous souhaitez plus que tout que votre enfant soit heureux et profite de ce qu\u2019il y a de meilleur. Revoir vos besoins et votre planification financi\u00e8re est une \u00e9tape d\u00e9terminante pour [...]\" \/>\n<meta property=\"og:url\" content=\"https:\/\/www.caissealliance.com\/fr\/moments-de-vie\/nouveaux-parents\/\" \/>\n<meta property=\"og:site_name\" content=\"Caisse Alliance\" \/>\n<meta property=\"article:modified_time\" content=\"2024-11-19T16:16:35+00:00\" \/>\n<meta property=\"og:image\" content=\"https:\/\/www.caissealliance.com\/wp-content\/uploads\/enfant_moment_secondaire.jpg\" \/>\n\t<meta property=\"og:image:width\" content=\"1996\" \/>\n\t<meta property=\"og:image:height\" content=\"1418\" \/>\n\t<meta property=\"og:image:type\" content=\"image\/jpeg\" \/>\n<meta name=\"twitter:card\" content=\"summary_large_image\" \/>\n<meta name=\"twitter:label1\" content=\"Dur\u00e9e de lecture estim\u00e9e\" \/>\n\t<meta name=\"twitter:data1\" content=\"1 minute\" \/>\n<script type=\"application\/ld+json\" class=\"yoast-schema-graph\">{\"@context\":\"https:\\\/\\\/schema.org\",\"@graph\":[{\"@type\":\"WebPage\",\"@id\":\"https:\\\/\\\/www.caissealliance.com\\\/fr\\\/moments-de-vie\\\/nouveaux-parents\\\/\",\"url\":\"https:\\\/\\\/www.caissealliance.com\\\/fr\\\/moments-de-vie\\\/nouveaux-parents\\\/\",\"name\":\"Pr\u00eats et financement pour futurs et nouveaux parents | Caisse Alliance\",\"isPartOf\":{\"@id\":\"https:\\\/\\\/www.caissealliance.com\\\/fr\\\/#website\"},\"primaryImageOfPage\":{\"@id\":\"https:\\\/\\\/www.caissealliance.com\\\/fr\\\/moments-de-vie\\\/nouveaux-parents\\\/#primaryimage\"},\"image\":{\"@id\":\"https:\\\/\\\/www.caissealliance.com\\\/fr\\\/moments-de-vie\\\/nouveaux-parents\\\/#primaryimage\"},\"thumbnailUrl\":\"https:\\\/\\\/www.caissealliance.com\\\/wp-content\\\/uploads\\\/enfant_moment_secondaire.jpg\",\"datePublished\":\"2019-03-21T18:52:17+00:00\",\"dateModified\":\"2024-11-19T16:16:35+00:00\",\"breadcrumb\":{\"@id\":\"https:\\\/\\\/www.caissealliance.com\\\/fr\\\/moments-de-vie\\\/nouveaux-parents\\\/#breadcrumb\"},\"inLanguage\":\"fr-FR\",\"potentialAction\":[{\"@type\":\"ReadAction\",\"target\":[\"https:\\\/\\\/www.caissealliance.com\\\/fr\\\/moments-de-vie\\\/nouveaux-parents\\\/\"]}]},{\"@type\":\"ImageObject\",\"inLanguage\":\"fr-FR\",\"@id\":\"https:\\\/\\\/www.caissealliance.com\\\/fr\\\/moments-de-vie\\\/nouveaux-parents\\\/#primaryimage\",\"url\":\"https:\\\/\\\/www.caissealliance.com\\\/wp-content\\\/uploads\\\/enfant_moment_secondaire.jpg\",\"contentUrl\":\"https:\\\/\\\/www.caissealliance.com\\\/wp-content\\\/uploads\\\/enfant_moment_secondaire.jpg\",\"width\":1996,\"height\":1418},{\"@type\":\"BreadcrumbList\",\"@id\":\"https:\\\/\\\/www.caissealliance.com\\\/fr\\\/moments-de-vie\\\/nouveaux-parents\\\/#breadcrumb\",\"itemListElement\":[{\"@type\":\"ListItem\",\"position\":1,\"name\":\"Home\",\"item\":\"https:\\\/\\\/www.caissealliance.com\\\/fr\\\/\"},{\"@type\":\"ListItem\",\"position\":2,\"name\":\"Moments de vie\",\"item\":\"https:\\\/\\\/www.caissealliance.com\\\/fr\\\/life-event\\\/\"},{\"@type\":\"ListItem\",\"position\":3,\"name\":\"Avoir un enfant, c\u2019est le bonheur!\"}]},{\"@type\":\"WebSite\",\"@id\":\"https:\\\/\\\/www.caissealliance.com\\\/fr\\\/#website\",\"url\":\"https:\\\/\\\/www.caissealliance.com\\\/fr\\\/\",\"name\":\"Caisse Alliance\",\"description\":\"Site Web de la Caisse Alliance\",\"potentialAction\":[{\"@type\":\"SearchAction\",\"target\":{\"@type\":\"EntryPoint\",\"urlTemplate\":\"https:\\\/\\\/www.caissealliance.com\\\/fr\\\/?s={search_term_string}\"},\"query-input\":{\"@type\":\"PropertyValueSpecification\",\"valueRequired\":true,\"valueName\":\"search_term_string\"}}],\"inLanguage\":\"fr-FR\"}]}<\/script>\n<!-- \/ Yoast SEO plugin. -->","yoast_head_json":{"title":"Pr\u00eats et financement pour futurs et nouveaux parents | Caisse Alliance","robots":{"index":"index","follow":"follow","max-snippet":"max-snippet:-1","max-image-preview":"max-image-preview:large","max-video-preview":"max-video-preview:-1"},"canonical":"https:\/\/www.caissealliance.com\/fr\/moments-de-vie\/nouveaux-parents\/","og_locale":"fr_FR","og_type":"article","og_title":"Pr\u00eats et financement pour futurs et nouveaux parents | Caisse Alliance","og_description":"Rien ne change plus la vie que l\u2019arriv\u00e9e d\u2019un b\u00e9b\u00e9. Avant m\u00eame de venir au monde, il est d\u00e9j\u00e0 le centre de votre univers. Vous souhaitez plus que tout que votre enfant soit heureux et profite de ce qu\u2019il y a de meilleur. Revoir vos besoins et votre planification financi\u00e8re est une \u00e9tape d\u00e9terminante pour [...]","og_url":"https:\/\/www.caissealliance.com\/fr\/moments-de-vie\/nouveaux-parents\/","og_site_name":"Caisse Alliance","article_modified_time":"2024-11-19T16:16:35+00:00","og_image":[{"width":1996,"height":1418,"url":"https:\/\/www.caissealliance.com\/wp-content\/uploads\/enfant_moment_secondaire.jpg","type":"image\/jpeg"}],"twitter_card":"summary_large_image","twitter_misc":{"Dur\u00e9e de lecture estim\u00e9e":"1 minute"},"schema":{"@context":"https:\/\/schema.org","@graph":[{"@type":"WebPage","@id":"https:\/\/www.caissealliance.com\/fr\/moments-de-vie\/nouveaux-parents\/","url":"https:\/\/www.caissealliance.com\/fr\/moments-de-vie\/nouveaux-parents\/","name":"Pr\u00eats et financement pour futurs et nouveaux parents | Caisse Alliance","isPartOf":{"@id":"https:\/\/www.caissealliance.com\/fr\/#website"},"primaryImageOfPage":{"@id":"https:\/\/www.caissealliance.com\/fr\/moments-de-vie\/nouveaux-parents\/#primaryimage"},"image":{"@id":"https:\/\/www.caissealliance.com\/fr\/moments-de-vie\/nouveaux-parents\/#primaryimage"},"thumbnailUrl":"https:\/\/www.caissealliance.com\/wp-content\/uploads\/enfant_moment_secondaire.jpg","datePublished":"2019-03-21T18:52:17+00:00","dateModified":"2024-11-19T16:16:35+00:00","breadcrumb":{"@id":"https:\/\/www.caissealliance.com\/fr\/moments-de-vie\/nouveaux-parents\/#breadcrumb"},"inLanguage":"fr-FR","potentialAction":[{"@type":"ReadAction","target":["https:\/\/www.caissealliance.com\/fr\/moments-de-vie\/nouveaux-parents\/"]}]},{"@type":"ImageObject","inLanguage":"fr-FR","@id":"https:\/\/www.caissealliance.com\/fr\/moments-de-vie\/nouveaux-parents\/#primaryimage","url":"https:\/\/www.caissealliance.com\/wp-content\/uploads\/enfant_moment_secondaire.jpg","contentUrl":"https:\/\/www.caissealliance.com\/wp-content\/uploads\/enfant_moment_secondaire.jpg","width":1996,"height":1418},{"@type":"BreadcrumbList","@id":"https:\/\/www.caissealliance.com\/fr\/moments-de-vie\/nouveaux-parents\/#breadcrumb","itemListElement":[{"@type":"ListItem","position":1,"name":"Home","item":"https:\/\/www.caissealliance.com\/fr\/"},{"@type":"ListItem","position":2,"name":"Moments de vie","item":"https:\/\/www.caissealliance.com\/fr\/life-event\/"},{"@type":"ListItem","position":3,"name":"Avoir un enfant, c\u2019est le bonheur!"}]},{"@type":"WebSite","@id":"https:\/\/www.caissealliance.com\/fr\/#website","url":"https:\/\/www.caissealliance.com\/fr\/","name":"Caisse Alliance","description":"Site Web de la Caisse Alliance","potentialAction":[{"@type":"SearchAction","target":{"@type":"EntryPoint","urlTemplate":"https:\/\/www.caissealliance.com\/fr\/?s={search_term_string}"},"query-input":{"@type":"PropertyValueSpecification","valueRequired":true,"valueName":"search_term_string"}}],"inLanguage":"fr-FR"}]}},"publishpress_future_action":{"enabled":false,"date":"2026-04-23 07:06:27","action":"change-status","newStatus":"draft","terms":[],"taxonomy":"section","extraData":[]},"publishpress_future_workflow_manual_trigger":{"enabledWorkflows":[]},"_links":{"self":[{"href":"https:\/\/www.caissealliance.com\/fr\/wp-json\/wp\/v2\/pages\/1674","targetHints":{"allow":["GET"]}}],"collection":[{"href":"https:\/\/www.caissealliance.com\/fr\/wp-json\/wp\/v2\/pages"}],"about":[{"href":"https:\/\/www.caissealliance.com\/fr\/wp-json\/wp\/v2\/types\/page"}],"author":[{"embeddable":true,"href":"https:\/\/www.caissealliance.com\/fr\/wp-json\/wp\/v2\/users\/1"}],"replies":[{"embeddable":true,"href":"https:\/\/www.caissealliance.com\/fr\/wp-json\/wp\/v2\/comments?post=1674"}],"version-history":[{"count":16,"href":"https:\/\/www.caissealliance.com\/fr\/wp-json\/wp\/v2\/pages\/1674\/revisions"}],"predecessor-version":[{"id":30027,"href":"https:\/\/www.caissealliance.com\/fr\/wp-json\/wp\/v2\/pages\/1674\/revisions\/30027"}],"up":[{"embeddable":true,"href":"https:\/\/www.caissealliance.com\/fr\/wp-json\/wp\/v2\/pages\/82"}],"wp:featuredmedia":[{"embeddable":true,"href":"https:\/\/www.caissealliance.com\/fr\/wp-json\/wp\/v2\/media\/3653"}],"wp:attachment":[{"href":"https:\/\/www.caissealliance.com\/fr\/wp-json\/wp\/v2\/media?parent=1674"}],"curies":[{"name":"wp","href":"https:\/\/api.w.org\/{rel}","templated":true}]}}