{"id":1671,"date":"2019-03-21T14:49:11","date_gmt":"2019-03-21T18:49:11","guid":{"rendered":"http:\/\/caissealliance.absoludev.ca\/?page_id=1671"},"modified":"2025-02-25T14:40:07","modified_gmt":"2025-02-25T19:40:07","slug":"pret-maison","status":"publish","type":"page","link":"https:\/\/www.caissealliance.com\/fr\/moments-de-vie\/pret-maison\/","title":{"rendered":"\u00catre propri\u00e9taire, c&#8217;est le bonheur!"},"content":{"rendered":"<p>Vous r\u00eavez d\u2019am\u00e9nager dans votre premi\u00e8re maison ou de passer vos vacances au chalet? Votre petite famille s\u2019agrandit et vous planifiez l\u2019achat d\u2019une nouvelle propri\u00e9t\u00e9? Quel que soit votre projet, vous \u00eates conscient qu\u2019acheter une maison est une d\u00e9cision importante qui se planifie. Vous voulez vous assurer de faire le meilleur choix et d\u2019obtenir le meilleur taux.<\/p>\n<p>De l\u2019\u00e9valuation de votre budget au choix du meilleur pr\u00eat hypoth\u00e9caire, votre Caisse a des outils et des conseils expr\u00e8s pour vous.<\/p>\n<p><strong>Parce que trouver le pr\u00eat hypoth\u00e9caire le plus avantageux, c\u2019est capital!<\/strong><\/p>\n","protected":false},"excerpt":{"rendered":"<p>Vous r\u00eavez d\u2019am\u00e9nager dans votre premi\u00e8re maison ou de passer vos vacances au chalet? Votre petite famille s\u2019agrandit et vous planifiez l\u2019achat d\u2019une nouvelle propri\u00e9t\u00e9? Quel que soit votre projet, vous \u00eates conscient qu\u2019acheter une maison est une d\u00e9cision importante qui se planifie. Vous voulez vous assurer de faire le meilleur choix et d\u2019obtenir le [&#8230;]<\/p>\n","protected":false},"author":1,"featured_media":2040,"parent":82,"menu_order":3,"comment_status":"closed","ping_status":"closed","template":"page-accueil-moment-vie.php","meta":{"_acf_changed":false,"_monsterinsights_skip_tracking":false,"_monsterinsights_sitenote_active":false,"_monsterinsights_sitenote_note":"","_monsterinsights_sitenote_category":0,"footnotes":""},"class_list":["post-1671","page","type-page","status-publish","has-post-thumbnail","hentry","section-moments-de-vie"],"acf":[],"yoast_head":"<!-- This site is optimized with the Yoast SEO plugin v27.3 - https:\/\/yoast.com\/product\/yoast-seo-wordpress\/ -->\n<title>Pr\u00eat et financement hypoth\u00e9caire pour votre maison | Caisse Alliance<\/title>\n<meta name=\"robots\" content=\"index, follow, max-snippet:-1, max-image-preview:large, max-video-preview:-1\" \/>\n<link rel=\"canonical\" href=\"https:\/\/www.caissealliance.com\/fr\/moments-de-vie\/pret-maison\/\" \/>\n<meta property=\"og:locale\" content=\"fr_FR\" \/>\n<meta property=\"og:type\" content=\"article\" \/>\n<meta property=\"og:title\" content=\"Pr\u00eat et financement hypoth\u00e9caire pour votre maison | Caisse Alliance\" \/>\n<meta property=\"og:description\" content=\"Vous r\u00eavez d\u2019am\u00e9nager dans votre premi\u00e8re maison ou de passer vos vacances au chalet? Votre petite famille s\u2019agrandit et vous planifiez l\u2019achat d\u2019une nouvelle propri\u00e9t\u00e9? Quel que soit votre projet, vous \u00eates conscient qu\u2019acheter une maison est une d\u00e9cision importante qui se planifie. Vous voulez vous assurer de faire le meilleur choix et d\u2019obtenir le [...]\" \/>\n<meta property=\"og:url\" content=\"https:\/\/www.caissealliance.com\/fr\/moments-de-vie\/pret-maison\/\" \/>\n<meta property=\"og:site_name\" content=\"Caisse Alliance\" \/>\n<meta property=\"article:modified_time\" content=\"2025-02-25T19:40:07+00:00\" \/>\n<meta property=\"og:image\" content=\"https:\/\/www.caissealliance.com\/wp-content\/uploads\/maison_moment_secondaire.jpg\" \/>\n\t<meta property=\"og:image:width\" content=\"1996\" \/>\n\t<meta property=\"og:image:height\" content=\"1414\" \/>\n\t<meta property=\"og:image:type\" content=\"image\/jpeg\" \/>\n<meta name=\"twitter:card\" content=\"summary_large_image\" \/>\n<meta name=\"twitter:label1\" content=\"Dur\u00e9e de lecture estim\u00e9e\" \/>\n\t<meta name=\"twitter:data1\" content=\"1 minute\" \/>\n<script type=\"application\/ld+json\" class=\"yoast-schema-graph\">{\"@context\":\"https:\\\/\\\/schema.org\",\"@graph\":[{\"@type\":\"WebPage\",\"@id\":\"https:\\\/\\\/www.caissealliance.com\\\/fr\\\/moments-de-vie\\\/pret-maison\\\/\",\"url\":\"https:\\\/\\\/www.caissealliance.com\\\/fr\\\/moments-de-vie\\\/pret-maison\\\/\",\"name\":\"Pr\u00eat et financement hypoth\u00e9caire pour votre maison | Caisse Alliance\",\"isPartOf\":{\"@id\":\"https:\\\/\\\/www.caissealliance.com\\\/fr\\\/#website\"},\"primaryImageOfPage\":{\"@id\":\"https:\\\/\\\/www.caissealliance.com\\\/fr\\\/moments-de-vie\\\/pret-maison\\\/#primaryimage\"},\"image\":{\"@id\":\"https:\\\/\\\/www.caissealliance.com\\\/fr\\\/moments-de-vie\\\/pret-maison\\\/#primaryimage\"},\"thumbnailUrl\":\"https:\\\/\\\/www.caissealliance.com\\\/wp-content\\\/uploads\\\/maison_moment_secondaire.jpg\",\"datePublished\":\"2019-03-21T18:49:11+00:00\",\"dateModified\":\"2025-02-25T19:40:07+00:00\",\"breadcrumb\":{\"@id\":\"https:\\\/\\\/www.caissealliance.com\\\/fr\\\/moments-de-vie\\\/pret-maison\\\/#breadcrumb\"},\"inLanguage\":\"fr-FR\",\"potentialAction\":[{\"@type\":\"ReadAction\",\"target\":[\"https:\\\/\\\/www.caissealliance.com\\\/fr\\\/moments-de-vie\\\/pret-maison\\\/\"]}]},{\"@type\":\"ImageObject\",\"inLanguage\":\"fr-FR\",\"@id\":\"https:\\\/\\\/www.caissealliance.com\\\/fr\\\/moments-de-vie\\\/pret-maison\\\/#primaryimage\",\"url\":\"https:\\\/\\\/www.caissealliance.com\\\/wp-content\\\/uploads\\\/maison_moment_secondaire.jpg\",\"contentUrl\":\"https:\\\/\\\/www.caissealliance.com\\\/wp-content\\\/uploads\\\/maison_moment_secondaire.jpg\",\"width\":1996,\"height\":1414},{\"@type\":\"BreadcrumbList\",\"@id\":\"https:\\\/\\\/www.caissealliance.com\\\/fr\\\/moments-de-vie\\\/pret-maison\\\/#breadcrumb\",\"itemListElement\":[{\"@type\":\"ListItem\",\"position\":1,\"name\":\"Home\",\"item\":\"https:\\\/\\\/www.caissealliance.com\\\/fr\\\/\"},{\"@type\":\"ListItem\",\"position\":2,\"name\":\"Moments de vie\",\"item\":\"https:\\\/\\\/www.caissealliance.com\\\/fr\\\/life-event\\\/\"},{\"@type\":\"ListItem\",\"position\":3,\"name\":\"\u00catre propri\u00e9taire, c&rsquo;est le bonheur!\"}]},{\"@type\":\"WebSite\",\"@id\":\"https:\\\/\\\/www.caissealliance.com\\\/fr\\\/#website\",\"url\":\"https:\\\/\\\/www.caissealliance.com\\\/fr\\\/\",\"name\":\"Caisse Alliance\",\"description\":\"Site Web de la Caisse Alliance\",\"potentialAction\":[{\"@type\":\"SearchAction\",\"target\":{\"@type\":\"EntryPoint\",\"urlTemplate\":\"https:\\\/\\\/www.caissealliance.com\\\/fr\\\/?s={search_term_string}\"},\"query-input\":{\"@type\":\"PropertyValueSpecification\",\"valueRequired\":true,\"valueName\":\"search_term_string\"}}],\"inLanguage\":\"fr-FR\"}]}<\/script>\n<!-- \/ Yoast SEO plugin. -->","yoast_head_json":{"title":"Pr\u00eat et financement hypoth\u00e9caire pour votre maison | Caisse Alliance","robots":{"index":"index","follow":"follow","max-snippet":"max-snippet:-1","max-image-preview":"max-image-preview:large","max-video-preview":"max-video-preview:-1"},"canonical":"https:\/\/www.caissealliance.com\/fr\/moments-de-vie\/pret-maison\/","og_locale":"fr_FR","og_type":"article","og_title":"Pr\u00eat et financement hypoth\u00e9caire pour votre maison | Caisse Alliance","og_description":"Vous r\u00eavez d\u2019am\u00e9nager dans votre premi\u00e8re maison ou de passer vos vacances au chalet? Votre petite famille s\u2019agrandit et vous planifiez l\u2019achat d\u2019une nouvelle propri\u00e9t\u00e9? Quel que soit votre projet, vous \u00eates conscient qu\u2019acheter une maison est une d\u00e9cision importante qui se planifie. Vous voulez vous assurer de faire le meilleur choix et d\u2019obtenir le [...]","og_url":"https:\/\/www.caissealliance.com\/fr\/moments-de-vie\/pret-maison\/","og_site_name":"Caisse Alliance","article_modified_time":"2025-02-25T19:40:07+00:00","og_image":[{"width":1996,"height":1414,"url":"https:\/\/www.caissealliance.com\/wp-content\/uploads\/maison_moment_secondaire.jpg","type":"image\/jpeg"}],"twitter_card":"summary_large_image","twitter_misc":{"Dur\u00e9e de lecture estim\u00e9e":"1 minute"},"schema":{"@context":"https:\/\/schema.org","@graph":[{"@type":"WebPage","@id":"https:\/\/www.caissealliance.com\/fr\/moments-de-vie\/pret-maison\/","url":"https:\/\/www.caissealliance.com\/fr\/moments-de-vie\/pret-maison\/","name":"Pr\u00eat et financement hypoth\u00e9caire pour votre maison | Caisse Alliance","isPartOf":{"@id":"https:\/\/www.caissealliance.com\/fr\/#website"},"primaryImageOfPage":{"@id":"https:\/\/www.caissealliance.com\/fr\/moments-de-vie\/pret-maison\/#primaryimage"},"image":{"@id":"https:\/\/www.caissealliance.com\/fr\/moments-de-vie\/pret-maison\/#primaryimage"},"thumbnailUrl":"https:\/\/www.caissealliance.com\/wp-content\/uploads\/maison_moment_secondaire.jpg","datePublished":"2019-03-21T18:49:11+00:00","dateModified":"2025-02-25T19:40:07+00:00","breadcrumb":{"@id":"https:\/\/www.caissealliance.com\/fr\/moments-de-vie\/pret-maison\/#breadcrumb"},"inLanguage":"fr-FR","potentialAction":[{"@type":"ReadAction","target":["https:\/\/www.caissealliance.com\/fr\/moments-de-vie\/pret-maison\/"]}]},{"@type":"ImageObject","inLanguage":"fr-FR","@id":"https:\/\/www.caissealliance.com\/fr\/moments-de-vie\/pret-maison\/#primaryimage","url":"https:\/\/www.caissealliance.com\/wp-content\/uploads\/maison_moment_secondaire.jpg","contentUrl":"https:\/\/www.caissealliance.com\/wp-content\/uploads\/maison_moment_secondaire.jpg","width":1996,"height":1414},{"@type":"BreadcrumbList","@id":"https:\/\/www.caissealliance.com\/fr\/moments-de-vie\/pret-maison\/#breadcrumb","itemListElement":[{"@type":"ListItem","position":1,"name":"Home","item":"https:\/\/www.caissealliance.com\/fr\/"},{"@type":"ListItem","position":2,"name":"Moments de vie","item":"https:\/\/www.caissealliance.com\/fr\/life-event\/"},{"@type":"ListItem","position":3,"name":"\u00catre propri\u00e9taire, c&rsquo;est le bonheur!"}]},{"@type":"WebSite","@id":"https:\/\/www.caissealliance.com\/fr\/#website","url":"https:\/\/www.caissealliance.com\/fr\/","name":"Caisse Alliance","description":"Site Web de la Caisse Alliance","potentialAction":[{"@type":"SearchAction","target":{"@type":"EntryPoint","urlTemplate":"https:\/\/www.caissealliance.com\/fr\/?s={search_term_string}"},"query-input":{"@type":"PropertyValueSpecification","valueRequired":true,"valueName":"search_term_string"}}],"inLanguage":"fr-FR"}]}},"publishpress_future_action":{"enabled":false,"date":"2026-04-23 07:06:29","action":"change-status","newStatus":"draft","terms":[],"taxonomy":"section","extraData":[]},"publishpress_future_workflow_manual_trigger":{"enabledWorkflows":[]},"_links":{"self":[{"href":"https:\/\/www.caissealliance.com\/fr\/wp-json\/wp\/v2\/pages\/1671","targetHints":{"allow":["GET"]}}],"collection":[{"href":"https:\/\/www.caissealliance.com\/fr\/wp-json\/wp\/v2\/pages"}],"about":[{"href":"https:\/\/www.caissealliance.com\/fr\/wp-json\/wp\/v2\/types\/page"}],"author":[{"embeddable":true,"href":"https:\/\/www.caissealliance.com\/fr\/wp-json\/wp\/v2\/users\/1"}],"replies":[{"embeddable":true,"href":"https:\/\/www.caissealliance.com\/fr\/wp-json\/wp\/v2\/comments?post=1671"}],"version-history":[{"count":21,"href":"https:\/\/www.caissealliance.com\/fr\/wp-json\/wp\/v2\/pages\/1671\/revisions"}],"predecessor-version":[{"id":31298,"href":"https:\/\/www.caissealliance.com\/fr\/wp-json\/wp\/v2\/pages\/1671\/revisions\/31298"}],"up":[{"embeddable":true,"href":"https:\/\/www.caissealliance.com\/fr\/wp-json\/wp\/v2\/pages\/82"}],"wp:featuredmedia":[{"embeddable":true,"href":"https:\/\/www.caissealliance.com\/fr\/wp-json\/wp\/v2\/media\/2040"}],"wp:attachment":[{"href":"https:\/\/www.caissealliance.com\/fr\/wp-json\/wp\/v2\/media?parent=1671"}],"curies":[{"name":"wp","href":"https:\/\/api.w.org\/{rel}","templated":true}]}}