{"id":1668,"date":"2019-03-21T14:33:53","date_gmt":"2019-03-21T18:33:53","guid":{"rendered":"http:\/\/caissealliance.absoludev.ca\/?page_id=1668"},"modified":"2024-11-19T11:24:56","modified_gmt":"2024-11-19T16:24:56","slug":"finances-pret-professionnel","status":"publish","type":"page","link":"https:\/\/www.caissealliance.com\/fr\/moments-de-vie\/finances-pret-professionnel\/","title":{"rendered":"S\u2019investir dans une carri\u00e8re passionnante, c\u2019est le bonheur!"},"content":{"rendered":"<p>Dipl\u00f4me en main, vous \u00eates enfin pr\u00eat \u00e0 commencer votre vie professionnelle. Cette nouvelle \u00e9tape vous apporte non seulement des responsabilit\u00e9s stimulantes, mais aussi un revenu r\u00e9gulier et une tonne de projets. Entre rembourser vos pr\u00eats \u00e9tudiants, acheter une maison, ou \u00e9pargner pour votre avenir, vous ne savez pas vraiment par o\u00f9 commencer? La retraite vous semble loin, mais vous avez compris qu\u2019il n\u2019est jamais trop t\u00f4t pour y penser?<\/p>\n<p>Du remboursement de vos pr\u00eats \u00e9tudiants \u00e0 la planification de votre avenir professionnel ou de votre retraite, votre Caisse a des outils et des conseils expr\u00e8s pour vous.<\/p>\n<p><strong>Parce que commencer sa carri\u00e8re du bon pied, c\u2019est capital! <\/strong><\/p>\n","protected":false},"excerpt":{"rendered":"<p>Dipl\u00f4me en main, vous \u00eates enfin pr\u00eat \u00e0 commencer votre vie professionnelle. Cette nouvelle \u00e9tape vous apporte non seulement des responsabilit\u00e9s stimulantes, mais aussi un revenu r\u00e9gulier et une tonne de projets. Entre rembourser vos pr\u00eats \u00e9tudiants, acheter une maison, ou \u00e9pargner pour votre avenir, vous ne savez pas vraiment par o\u00f9 commencer? La retraite [&#8230;]<\/p>\n","protected":false},"author":1,"featured_media":2050,"parent":82,"menu_order":2,"comment_status":"closed","ping_status":"closed","template":"page-accueil-moment-vie.php","meta":{"_acf_changed":false,"_monsterinsights_skip_tracking":false,"_monsterinsights_sitenote_active":false,"_monsterinsights_sitenote_note":"","_monsterinsights_sitenote_category":0,"footnotes":""},"class_list":["post-1668","page","type-page","status-publish","has-post-thumbnail","hentry","section-moments-de-vie"],"acf":[],"yoast_head":"<!-- This site is optimized with the Yoast SEO plugin v27.5 - https:\/\/yoast.com\/product\/yoast-seo-wordpress\/ -->\n<title>Services financiers, placement et pr\u00eats pour professionnel | Caisse Alliance<\/title>\n<meta name=\"robots\" content=\"index, follow, max-snippet:-1, max-image-preview:large, max-video-preview:-1\" \/>\n<link rel=\"canonical\" href=\"https:\/\/www.caissealliance.com\/fr\/moments-de-vie\/finances-pret-professionnel\/\" \/>\n<meta property=\"og:locale\" content=\"fr_FR\" \/>\n<meta property=\"og:type\" content=\"article\" \/>\n<meta property=\"og:title\" content=\"Services financiers, placement et pr\u00eats pour professionnel | Caisse Alliance\" \/>\n<meta property=\"og:description\" content=\"Dipl\u00f4me en main, vous \u00eates enfin pr\u00eat \u00e0 commencer votre vie professionnelle. Cette nouvelle \u00e9tape vous apporte non seulement des responsabilit\u00e9s stimulantes, mais aussi un revenu r\u00e9gulier et une tonne de projets. Entre rembourser vos pr\u00eats \u00e9tudiants, acheter une maison, ou \u00e9pargner pour votre avenir, vous ne savez pas vraiment par o\u00f9 commencer? La retraite [...]\" \/>\n<meta property=\"og:url\" content=\"https:\/\/www.caissealliance.com\/fr\/moments-de-vie\/finances-pret-professionnel\/\" \/>\n<meta property=\"og:site_name\" content=\"Caisse Alliance\" \/>\n<meta property=\"article:modified_time\" content=\"2024-11-19T16:24:56+00:00\" \/>\n<meta property=\"og:image\" content=\"https:\/\/www.caissealliance.com\/wp-content\/uploads\/carriere_moment_secondaire.jpg\" \/>\n\t<meta property=\"og:image:width\" content=\"1996\" \/>\n\t<meta property=\"og:image:height\" content=\"1414\" \/>\n\t<meta property=\"og:image:type\" content=\"image\/jpeg\" \/>\n<meta name=\"twitter:card\" content=\"summary_large_image\" \/>\n<meta name=\"twitter:label1\" content=\"Dur\u00e9e de lecture estim\u00e9e\" \/>\n\t<meta name=\"twitter:data1\" content=\"1 minute\" \/>\n<script type=\"application\/ld+json\" class=\"yoast-schema-graph\">{\"@context\":\"https:\\\/\\\/schema.org\",\"@graph\":[{\"@type\":\"WebPage\",\"@id\":\"https:\\\/\\\/www.caissealliance.com\\\/fr\\\/moments-de-vie\\\/finances-pret-professionnel\\\/\",\"url\":\"https:\\\/\\\/www.caissealliance.com\\\/fr\\\/moments-de-vie\\\/finances-pret-professionnel\\\/\",\"name\":\"Services financiers, placement et pr\u00eats pour professionnel | Caisse Alliance\",\"isPartOf\":{\"@id\":\"https:\\\/\\\/www.caissealliance.com\\\/fr\\\/#website\"},\"primaryImageOfPage\":{\"@id\":\"https:\\\/\\\/www.caissealliance.com\\\/fr\\\/moments-de-vie\\\/finances-pret-professionnel\\\/#primaryimage\"},\"image\":{\"@id\":\"https:\\\/\\\/www.caissealliance.com\\\/fr\\\/moments-de-vie\\\/finances-pret-professionnel\\\/#primaryimage\"},\"thumbnailUrl\":\"https:\\\/\\\/www.caissealliance.com\\\/wp-content\\\/uploads\\\/carriere_moment_secondaire.jpg\",\"datePublished\":\"2019-03-21T18:33:53+00:00\",\"dateModified\":\"2024-11-19T16:24:56+00:00\",\"breadcrumb\":{\"@id\":\"https:\\\/\\\/www.caissealliance.com\\\/fr\\\/moments-de-vie\\\/finances-pret-professionnel\\\/#breadcrumb\"},\"inLanguage\":\"fr-FR\",\"potentialAction\":[{\"@type\":\"ReadAction\",\"target\":[\"https:\\\/\\\/www.caissealliance.com\\\/fr\\\/moments-de-vie\\\/finances-pret-professionnel\\\/\"]}]},{\"@type\":\"ImageObject\",\"inLanguage\":\"fr-FR\",\"@id\":\"https:\\\/\\\/www.caissealliance.com\\\/fr\\\/moments-de-vie\\\/finances-pret-professionnel\\\/#primaryimage\",\"url\":\"https:\\\/\\\/www.caissealliance.com\\\/wp-content\\\/uploads\\\/carriere_moment_secondaire.jpg\",\"contentUrl\":\"https:\\\/\\\/www.caissealliance.com\\\/wp-content\\\/uploads\\\/carriere_moment_secondaire.jpg\",\"width\":1996,\"height\":1414},{\"@type\":\"BreadcrumbList\",\"@id\":\"https:\\\/\\\/www.caissealliance.com\\\/fr\\\/moments-de-vie\\\/finances-pret-professionnel\\\/#breadcrumb\",\"itemListElement\":[{\"@type\":\"ListItem\",\"position\":1,\"name\":\"Home\",\"item\":\"https:\\\/\\\/www.caissealliance.com\\\/fr\\\/\"},{\"@type\":\"ListItem\",\"position\":2,\"name\":\"Moments de vie\",\"item\":\"https:\\\/\\\/www.caissealliance.com\\\/fr\\\/life-event\\\/\"},{\"@type\":\"ListItem\",\"position\":3,\"name\":\"S\u2019investir dans une carri\u00e8re passionnante, c\u2019est le bonheur!\"}]},{\"@type\":\"WebSite\",\"@id\":\"https:\\\/\\\/www.caissealliance.com\\\/fr\\\/#website\",\"url\":\"https:\\\/\\\/www.caissealliance.com\\\/fr\\\/\",\"name\":\"Caisse Alliance\",\"description\":\"Site Web de la Caisse Alliance\",\"potentialAction\":[{\"@type\":\"SearchAction\",\"target\":{\"@type\":\"EntryPoint\",\"urlTemplate\":\"https:\\\/\\\/www.caissealliance.com\\\/fr\\\/?s={search_term_string}\"},\"query-input\":{\"@type\":\"PropertyValueSpecification\",\"valueRequired\":true,\"valueName\":\"search_term_string\"}}],\"inLanguage\":\"fr-FR\"}]}<\/script>\n<!-- \/ Yoast SEO plugin. -->","yoast_head_json":{"title":"Services financiers, placement et pr\u00eats pour professionnel | Caisse Alliance","robots":{"index":"index","follow":"follow","max-snippet":"max-snippet:-1","max-image-preview":"max-image-preview:large","max-video-preview":"max-video-preview:-1"},"canonical":"https:\/\/www.caissealliance.com\/fr\/moments-de-vie\/finances-pret-professionnel\/","og_locale":"fr_FR","og_type":"article","og_title":"Services financiers, placement et pr\u00eats pour professionnel | Caisse Alliance","og_description":"Dipl\u00f4me en main, vous \u00eates enfin pr\u00eat \u00e0 commencer votre vie professionnelle. Cette nouvelle \u00e9tape vous apporte non seulement des responsabilit\u00e9s stimulantes, mais aussi un revenu r\u00e9gulier et une tonne de projets. Entre rembourser vos pr\u00eats \u00e9tudiants, acheter une maison, ou \u00e9pargner pour votre avenir, vous ne savez pas vraiment par o\u00f9 commencer? La retraite [...]","og_url":"https:\/\/www.caissealliance.com\/fr\/moments-de-vie\/finances-pret-professionnel\/","og_site_name":"Caisse Alliance","article_modified_time":"2024-11-19T16:24:56+00:00","og_image":[{"width":1996,"height":1414,"url":"https:\/\/www.caissealliance.com\/wp-content\/uploads\/carriere_moment_secondaire.jpg","type":"image\/jpeg"}],"twitter_card":"summary_large_image","twitter_misc":{"Dur\u00e9e de lecture estim\u00e9e":"1 minute"},"schema":{"@context":"https:\/\/schema.org","@graph":[{"@type":"WebPage","@id":"https:\/\/www.caissealliance.com\/fr\/moments-de-vie\/finances-pret-professionnel\/","url":"https:\/\/www.caissealliance.com\/fr\/moments-de-vie\/finances-pret-professionnel\/","name":"Services financiers, placement et pr\u00eats pour professionnel | Caisse Alliance","isPartOf":{"@id":"https:\/\/www.caissealliance.com\/fr\/#website"},"primaryImageOfPage":{"@id":"https:\/\/www.caissealliance.com\/fr\/moments-de-vie\/finances-pret-professionnel\/#primaryimage"},"image":{"@id":"https:\/\/www.caissealliance.com\/fr\/moments-de-vie\/finances-pret-professionnel\/#primaryimage"},"thumbnailUrl":"https:\/\/www.caissealliance.com\/wp-content\/uploads\/carriere_moment_secondaire.jpg","datePublished":"2019-03-21T18:33:53+00:00","dateModified":"2024-11-19T16:24:56+00:00","breadcrumb":{"@id":"https:\/\/www.caissealliance.com\/fr\/moments-de-vie\/finances-pret-professionnel\/#breadcrumb"},"inLanguage":"fr-FR","potentialAction":[{"@type":"ReadAction","target":["https:\/\/www.caissealliance.com\/fr\/moments-de-vie\/finances-pret-professionnel\/"]}]},{"@type":"ImageObject","inLanguage":"fr-FR","@id":"https:\/\/www.caissealliance.com\/fr\/moments-de-vie\/finances-pret-professionnel\/#primaryimage","url":"https:\/\/www.caissealliance.com\/wp-content\/uploads\/carriere_moment_secondaire.jpg","contentUrl":"https:\/\/www.caissealliance.com\/wp-content\/uploads\/carriere_moment_secondaire.jpg","width":1996,"height":1414},{"@type":"BreadcrumbList","@id":"https:\/\/www.caissealliance.com\/fr\/moments-de-vie\/finances-pret-professionnel\/#breadcrumb","itemListElement":[{"@type":"ListItem","position":1,"name":"Home","item":"https:\/\/www.caissealliance.com\/fr\/"},{"@type":"ListItem","position":2,"name":"Moments de vie","item":"https:\/\/www.caissealliance.com\/fr\/life-event\/"},{"@type":"ListItem","position":3,"name":"S\u2019investir dans une carri\u00e8re passionnante, c\u2019est le bonheur!"}]},{"@type":"WebSite","@id":"https:\/\/www.caissealliance.com\/fr\/#website","url":"https:\/\/www.caissealliance.com\/fr\/","name":"Caisse Alliance","description":"Site Web de la Caisse Alliance","potentialAction":[{"@type":"SearchAction","target":{"@type":"EntryPoint","urlTemplate":"https:\/\/www.caissealliance.com\/fr\/?s={search_term_string}"},"query-input":{"@type":"PropertyValueSpecification","valueRequired":true,"valueName":"search_term_string"}}],"inLanguage":"fr-FR"}]}},"publishpress_future_action":{"enabled":false,"date":"2026-05-13 08:41:46","action":"change-status","newStatus":"draft","terms":[],"taxonomy":"section","extraData":[]},"publishpress_future_workflow_manual_trigger":{"enabledWorkflows":[]},"_links":{"self":[{"href":"https:\/\/www.caissealliance.com\/fr\/wp-json\/wp\/v2\/pages\/1668","targetHints":{"allow":["GET"]}}],"collection":[{"href":"https:\/\/www.caissealliance.com\/fr\/wp-json\/wp\/v2\/pages"}],"about":[{"href":"https:\/\/www.caissealliance.com\/fr\/wp-json\/wp\/v2\/types\/page"}],"author":[{"embeddable":true,"href":"https:\/\/www.caissealliance.com\/fr\/wp-json\/wp\/v2\/users\/1"}],"replies":[{"embeddable":true,"href":"https:\/\/www.caissealliance.com\/fr\/wp-json\/wp\/v2\/comments?post=1668"}],"version-history":[{"count":12,"href":"https:\/\/www.caissealliance.com\/fr\/wp-json\/wp\/v2\/pages\/1668\/revisions"}],"predecessor-version":[{"id":30034,"href":"https:\/\/www.caissealliance.com\/fr\/wp-json\/wp\/v2\/pages\/1668\/revisions\/30034"}],"up":[{"embeddable":true,"href":"https:\/\/www.caissealliance.com\/fr\/wp-json\/wp\/v2\/pages\/82"}],"wp:featuredmedia":[{"embeddable":true,"href":"https:\/\/www.caissealliance.com\/fr\/wp-json\/wp\/v2\/media\/2050"}],"wp:attachment":[{"href":"https:\/\/www.caissealliance.com\/fr\/wp-json\/wp\/v2\/media?parent=1668"}],"curies":[{"name":"wp","href":"https:\/\/api.w.org\/{rel}","templated":true}]}}