{"id":16435,"date":"2022-10-14T22:02:48","date_gmt":"2022-10-15T02:02:48","guid":{"rendered":"https:\/\/www.caissealliance.com\/?page_id=16435"},"modified":"2025-12-19T08:38:21","modified_gmt":"2025-12-19T13:38:21","slug":"reglements-concours-activite-speciale","status":"publish","type":"page","link":"https:\/\/www.caissealliance.com\/fr\/reglements-concours-activite-speciale\/","title":{"rendered":"R\u00e8glements du concours de l&#8217;activit\u00e9 sp\u00e9ciale \u00c9pargne jeunesse"},"content":{"rendered":"\t\t<div data-elementor-type=\"wp-page\" data-elementor-id=\"16435\" class=\"elementor elementor-16435\" data-elementor-post-type=\"page\">\n\t\t\t\t\t\t<section class=\"elementor-section elementor-top-section elementor-element elementor-element-3a340508 elementor-section-boxed elementor-section-height-default elementor-section-height-default\" data-id=\"3a340508\" data-element_type=\"section\" data-e-type=\"section\">\n\t\t\t\t\t\t<div class=\"elementor-container elementor-column-gap-default\">\n\t\t\t\t\t<div class=\"elementor-column elementor-col-100 elementor-top-column elementor-element elementor-element-3747f646\" data-id=\"3747f646\" data-element_type=\"column\" data-e-type=\"column\">\n\t\t\t<div class=\"elementor-widget-wrap elementor-element-populated\">\n\t\t\t\t\t\t<div class=\"elementor-element elementor-element-11b03370 elementor-widget elementor-widget-text-editor\" data-id=\"11b03370\" data-element_type=\"widget\" data-e-type=\"widget\" data-widget_type=\"text-editor.default\">\n\t\t\t\t<div class=\"elementor-widget-container\">\n\t\t\t\t\t\t\t\t\t<p><strong>APER\u00c7U<\/strong><\/p><p>Le concours d&#8217;activit\u00e9 sp\u00e9ciale est offert \u00e0 tous les jeunes \u00e2g\u00e9s entre 4 et 13 ans, r\u00e9sidents des communaut\u00e9s desservies par la Caisse Alliance (Caisse).<\/p><p><strong>1 \u2013 DUR\u00c9E DU CONCOURS<\/strong><\/p><p>Le concours mensuel d\u00e9bute la premi\u00e8re journ\u00e9e de chaque mois, \u00e0 7 h et se termine la derni\u00e8re journ\u00e9e du mois, \u00e0 23 h 59.<\/p><p><strong>2 \u2013 ORGANISATION DU CONCOURS<\/strong><\/p><p>La Caisse est l\u2019organisatrice de ce concours.<\/p><p><strong>3 \u2013 ADMISSIBILIT\u00c9<\/strong><\/p><p>a) Le concours de dessin est ouvert \u00e0 tous les enfants \u00e2g\u00e9s entre 4 et 10 ans, membres et non membres de la Caisse.<\/p><p>b) L\u2019activit\u00e9 sp\u00e9ciale est ouverte \u00e0 tous les enfants aptes \u00e0 bien mener la t\u00e2che jusqu&#8217;\u00e0 l&#8217;\u00e2ge de 13 ans, membres et non membres de la Caisse.<\/p><p>Les enfants des employ\u00e9s, des membres du conseil d\u2019administration ainsi que des comit\u00e9s locaux sont admissibles au concours \u00e9tant donn\u00e9 que le tirage au sort sera effectu\u00e9 par une personne neutre et impartiale.<\/p><p><strong>4 \u2013 COMMENT PARTICIPER<\/strong><\/p><p>a) Procure-toi une page \u00e0 colorier ou une activit\u00e9 dans un de nos centres de services, sur le site Web de la Caisse ou dans ton \u00e9cole (si elle participe au programme \u00c9pargne jeunesse);<\/p><p>b) En t\u2019amusant, colorie le dessin ou compl\u00e8te l\u2019activit\u00e9 qui ont \u00e9t\u00e9 con\u00e7us par la Caisse;<\/p><p>c) Remets ton oeuvre ou ton activit\u00e9 \u00e0 l\u2019adresse courriel communications@caisse.coop;<\/p><p>d) Un tirage au sort, par volet, sera effectu\u00e9 dans chacune des r\u00e9gions participantes;<\/p><p>e)\u00a0L&#8217;oeuvre gagnante sera affich\u00e9e sur nos m\u00e9dias sociaux (aucune information confidentielle ne sera partag\u00e9e).<\/p><p><strong>5 \u2013 PRIX<\/strong><\/p><p>\u00c0 gagner : un prix d\u2019une valeur de 25 $ par volet, par r\u00e9gion* participante.<\/p><p>Si le gagnant d\u00e9tient un compte \u00c9pargne jeunesse, un prix boni lui sera offert, soit un d\u00e9p\u00f4t de 25 $ dans son compte. Si le gagnant ne d\u00e9tient pas de compte \u00c9pargne jeunesse, aucun d\u00e9p\u00f4t ne sera effectu\u00e9 \u00e0 moins que le parent proc\u00e8de \u00e0 l\u2019ouverture d\u2019un compte pour l\u2019enfant.<\/p><p><strong>6 \u2013 R\u00c8GLES G\u00c9N\u00c9RALES<\/strong><\/p><p>a) Un tirage au hasard par volet et par r\u00e9gion de la Caisse aura lieu. Pour \u00eatre admissible, le gagnant doit avoir soumis son oeuvre ou son activit\u00e9 compl\u00e9t\u00e9e avant minuit le dernier jour du mois;<\/p><p>b) La Caisse fera la remise de prix dans un de ses centres de services;<\/p><p>c) Si le gagnant refuse d\u2019accepter un prix, la Caisse sera lib\u00e9r\u00e9e de toute responsabilit\u00e9 et obligation envers lui;<\/p><p>d) Le pr\u00e9nom et la photo du gagnant pourront \u00eatre diffus\u00e9s publiquement avec l\u2019autorisation d\u2019un parent\/tuteur;<\/p><p>e) Tous les participants acceptent que la Caisse utilise leur nom, leur photo et leurs commentaires \u00e0 des fins de promotion sans aucune forme de r\u00e9mun\u00e9ration, avec l\u2019autorisation du parent\/tuteur.<\/p><p>*R\u00c9GIONS<br \/>Nord-Ouest : Hearst, Longlac, Mattice<br \/>Nord-Centre : Kapuskasing, Fauquier, Moonbeam, Opasatika,<br \/>Smooth Rock Falls, Val-Rita<br \/>Nord-Est : Timmins, Iroquois Falls, Val Gagn\u00e9<br \/>Nipissing-Ouest : Verner, Alban, Argyle, Markstay,<br \/>No\u00eblville, Warren, St. Charles<br \/>Nipissing-Centre : Sturgeon Falls, Field<br \/>Nipissing-Est : North Bay, Bonfield, Mattawa, West Ferris<\/p><p>*Sur cette page, le genre masculin est utilis\u00e9 comme g\u00e9n\u00e9rique dans le seul but de ne pas alourdir le texte.son activit\u00e9 compl\u00e9t\u00e9e avant minuit le dernier jour du mois ;<\/p>\t\t\t\t\t\t\t\t<\/div>\n\t\t\t\t<\/div>\n\t\t\t\t\t<\/div>\n\t\t<\/div>\n\t\t\t\t\t<\/div>\n\t\t<\/section>\n\t\t\t\t<\/div>\n\t\t","protected":false},"excerpt":{"rendered":"<p>APER\u00c7U Le concours d&#8217;activit\u00e9 sp\u00e9ciale est offert \u00e0 tous les jeunes \u00e2g\u00e9s entre 4 et 13 ans, r\u00e9sidents des communaut\u00e9s desservies par la Caisse Alliance (Caisse). 1 \u2013 DUR\u00c9E DU CONCOURS Le concours mensuel d\u00e9bute la premi\u00e8re journ\u00e9e de chaque mois, \u00e0 7 h et se termine la derni\u00e8re journ\u00e9e du mois, \u00e0 23 h [&#8230;]<\/p>\n","protected":false},"author":13,"featured_media":0,"parent":0,"menu_order":49,"comment_status":"closed","ping_status":"closed","template":"","meta":{"_acf_changed":false,"_monsterinsights_skip_tracking":false,"_monsterinsights_sitenote_active":false,"_monsterinsights_sitenote_note":"","_monsterinsights_sitenote_category":0,"footnotes":""},"class_list":["post-16435","page","type-page","status-publish","hentry"],"acf":[],"yoast_head":"<!-- This site is optimized with the Yoast SEO plugin v27.3 - https:\/\/yoast.com\/product\/yoast-seo-wordpress\/ -->\n<title>R\u00e8glements du concours de l&#039;activit\u00e9 sp\u00e9ciale \u00c9pargne jeunesse | Caisse Alliance<\/title>\n<meta name=\"robots\" content=\"index, follow, max-snippet:-1, max-image-preview:large, max-video-preview:-1\" \/>\n<link rel=\"canonical\" href=\"https:\/\/www.caissealliance.com\/fr\/reglements-concours-activite-speciale\/\" \/>\n<meta property=\"og:locale\" content=\"fr_FR\" \/>\n<meta property=\"og:type\" content=\"article\" \/>\n<meta property=\"og:title\" content=\"R\u00e8glements du concours de l&#039;activit\u00e9 sp\u00e9ciale \u00c9pargne jeunesse | Caisse Alliance\" \/>\n<meta property=\"og:description\" content=\"APER\u00c7U Le concours d&#8217;activit\u00e9 sp\u00e9ciale est offert \u00e0 tous les jeunes \u00e2g\u00e9s entre 4 et 13 ans, r\u00e9sidents des communaut\u00e9s desservies par la Caisse Alliance (Caisse). 1 \u2013 DUR\u00c9E DU CONCOURS Le concours mensuel d\u00e9bute la premi\u00e8re journ\u00e9e de chaque mois, \u00e0 7 h et se termine la derni\u00e8re journ\u00e9e du mois, \u00e0 23 h [...]\" \/>\n<meta property=\"og:url\" content=\"https:\/\/www.caissealliance.com\/fr\/reglements-concours-activite-speciale\/\" \/>\n<meta property=\"og:site_name\" content=\"Caisse Alliance\" \/>\n<meta property=\"article:modified_time\" content=\"2025-12-19T13:38:21+00:00\" \/>\n<meta name=\"twitter:card\" content=\"summary_large_image\" \/>\n<meta name=\"twitter:label1\" content=\"Dur\u00e9e de lecture estim\u00e9e\" \/>\n\t<meta name=\"twitter:data1\" content=\"3 minutes\" \/>\n<script type=\"application\/ld+json\" class=\"yoast-schema-graph\">{\"@context\":\"https:\\\/\\\/schema.org\",\"@graph\":[{\"@type\":\"WebPage\",\"@id\":\"https:\\\/\\\/www.caissealliance.com\\\/fr\\\/reglements-concours-activite-speciale\\\/\",\"url\":\"https:\\\/\\\/www.caissealliance.com\\\/fr\\\/reglements-concours-activite-speciale\\\/\",\"name\":\"R\u00e8glements du concours de l'activit\u00e9 sp\u00e9ciale \u00c9pargne jeunesse | Caisse Alliance\",\"isPartOf\":{\"@id\":\"https:\\\/\\\/www.caissealliance.com\\\/fr\\\/#website\"},\"datePublished\":\"2022-10-15T02:02:48+00:00\",\"dateModified\":\"2025-12-19T13:38:21+00:00\",\"breadcrumb\":{\"@id\":\"https:\\\/\\\/www.caissealliance.com\\\/fr\\\/reglements-concours-activite-speciale\\\/#breadcrumb\"},\"inLanguage\":\"fr-FR\",\"potentialAction\":[{\"@type\":\"ReadAction\",\"target\":[\"https:\\\/\\\/www.caissealliance.com\\\/fr\\\/reglements-concours-activite-speciale\\\/\"]}]},{\"@type\":\"BreadcrumbList\",\"@id\":\"https:\\\/\\\/www.caissealliance.com\\\/fr\\\/reglements-concours-activite-speciale\\\/#breadcrumb\",\"itemListElement\":[{\"@type\":\"ListItem\",\"position\":1,\"name\":\"Home\",\"item\":\"https:\\\/\\\/www.caissealliance.com\\\/fr\\\/\"},{\"@type\":\"ListItem\",\"position\":2,\"name\":\"R\u00e8glements du concours de l&#8217;activit\u00e9 sp\u00e9ciale \u00c9pargne jeunesse\"}]},{\"@type\":\"WebSite\",\"@id\":\"https:\\\/\\\/www.caissealliance.com\\\/fr\\\/#website\",\"url\":\"https:\\\/\\\/www.caissealliance.com\\\/fr\\\/\",\"name\":\"Caisse Alliance\",\"description\":\"Site Web de la Caisse Alliance\",\"potentialAction\":[{\"@type\":\"SearchAction\",\"target\":{\"@type\":\"EntryPoint\",\"urlTemplate\":\"https:\\\/\\\/www.caissealliance.com\\\/fr\\\/?s={search_term_string}\"},\"query-input\":{\"@type\":\"PropertyValueSpecification\",\"valueRequired\":true,\"valueName\":\"search_term_string\"}}],\"inLanguage\":\"fr-FR\"}]}<\/script>\n<!-- \/ Yoast SEO plugin. -->","yoast_head_json":{"title":"R\u00e8glements du concours de l'activit\u00e9 sp\u00e9ciale \u00c9pargne jeunesse | Caisse Alliance","robots":{"index":"index","follow":"follow","max-snippet":"max-snippet:-1","max-image-preview":"max-image-preview:large","max-video-preview":"max-video-preview:-1"},"canonical":"https:\/\/www.caissealliance.com\/fr\/reglements-concours-activite-speciale\/","og_locale":"fr_FR","og_type":"article","og_title":"R\u00e8glements du concours de l'activit\u00e9 sp\u00e9ciale \u00c9pargne jeunesse | Caisse Alliance","og_description":"APER\u00c7U Le concours d&#8217;activit\u00e9 sp\u00e9ciale est offert \u00e0 tous les jeunes \u00e2g\u00e9s entre 4 et 13 ans, r\u00e9sidents des communaut\u00e9s desservies par la Caisse Alliance (Caisse). 1 \u2013 DUR\u00c9E DU CONCOURS Le concours mensuel d\u00e9bute la premi\u00e8re journ\u00e9e de chaque mois, \u00e0 7 h et se termine la derni\u00e8re journ\u00e9e du mois, \u00e0 23 h [...]","og_url":"https:\/\/www.caissealliance.com\/fr\/reglements-concours-activite-speciale\/","og_site_name":"Caisse Alliance","article_modified_time":"2025-12-19T13:38:21+00:00","twitter_card":"summary_large_image","twitter_misc":{"Dur\u00e9e de lecture estim\u00e9e":"3 minutes"},"schema":{"@context":"https:\/\/schema.org","@graph":[{"@type":"WebPage","@id":"https:\/\/www.caissealliance.com\/fr\/reglements-concours-activite-speciale\/","url":"https:\/\/www.caissealliance.com\/fr\/reglements-concours-activite-speciale\/","name":"R\u00e8glements du concours de l'activit\u00e9 sp\u00e9ciale \u00c9pargne jeunesse | Caisse Alliance","isPartOf":{"@id":"https:\/\/www.caissealliance.com\/fr\/#website"},"datePublished":"2022-10-15T02:02:48+00:00","dateModified":"2025-12-19T13:38:21+00:00","breadcrumb":{"@id":"https:\/\/www.caissealliance.com\/fr\/reglements-concours-activite-speciale\/#breadcrumb"},"inLanguage":"fr-FR","potentialAction":[{"@type":"ReadAction","target":["https:\/\/www.caissealliance.com\/fr\/reglements-concours-activite-speciale\/"]}]},{"@type":"BreadcrumbList","@id":"https:\/\/www.caissealliance.com\/fr\/reglements-concours-activite-speciale\/#breadcrumb","itemListElement":[{"@type":"ListItem","position":1,"name":"Home","item":"https:\/\/www.caissealliance.com\/fr\/"},{"@type":"ListItem","position":2,"name":"R\u00e8glements du concours de l&#8217;activit\u00e9 sp\u00e9ciale \u00c9pargne jeunesse"}]},{"@type":"WebSite","@id":"https:\/\/www.caissealliance.com\/fr\/#website","url":"https:\/\/www.caissealliance.com\/fr\/","name":"Caisse Alliance","description":"Site Web de la Caisse Alliance","potentialAction":[{"@type":"SearchAction","target":{"@type":"EntryPoint","urlTemplate":"https:\/\/www.caissealliance.com\/fr\/?s={search_term_string}"},"query-input":{"@type":"PropertyValueSpecification","valueRequired":true,"valueName":"search_term_string"}}],"inLanguage":"fr-FR"}]}},"publishpress_future_action":{"enabled":false,"date":"2026-04-23 05:37:30","action":"change-status","newStatus":"draft","terms":[],"taxonomy":"section","extraData":[]},"publishpress_future_workflow_manual_trigger":{"enabledWorkflows":[]},"_links":{"self":[{"href":"https:\/\/www.caissealliance.com\/fr\/wp-json\/wp\/v2\/pages\/16435","targetHints":{"allow":["GET"]}}],"collection":[{"href":"https:\/\/www.caissealliance.com\/fr\/wp-json\/wp\/v2\/pages"}],"about":[{"href":"https:\/\/www.caissealliance.com\/fr\/wp-json\/wp\/v2\/types\/page"}],"author":[{"embeddable":true,"href":"https:\/\/www.caissealliance.com\/fr\/wp-json\/wp\/v2\/users\/13"}],"replies":[{"embeddable":true,"href":"https:\/\/www.caissealliance.com\/fr\/wp-json\/wp\/v2\/comments?post=16435"}],"version-history":[{"count":32,"href":"https:\/\/www.caissealliance.com\/fr\/wp-json\/wp\/v2\/pages\/16435\/revisions"}],"predecessor-version":[{"id":27200,"href":"https:\/\/www.caissealliance.com\/fr\/wp-json\/wp\/v2\/pages\/16435\/revisions\/27200"}],"wp:attachment":[{"href":"https:\/\/www.caissealliance.com\/fr\/wp-json\/wp\/v2\/media?parent=16435"}],"curies":[{"name":"wp","href":"https:\/\/api.w.org\/{rel}","templated":true}]}}