{"id":1583,"date":"2019-03-20T15:27:08","date_gmt":"2019-03-20T19:27:08","guid":{"rendered":"http:\/\/caissealliance.absoludev.ca\/?page_id=1583"},"modified":"2024-02-05T12:33:40","modified_gmt":"2024-02-05T17:33:40","slug":"demande-de-placement","status":"publish","type":"page","link":"https:\/\/www.caissealliance.com\/fr\/demande-de-placement\/","title":{"rendered":"Demande de placement"},"content":{"rendered":"<h1>Formulaire &#8211; Demande de placement<\/h1>\n<p><strong>Faites fructifier votre capital \u00e0 l\u2019abri des soucis.<\/strong><\/p>\n<div class = \"widget_pied_page\">\t\t\t<div class=\"textwidget\"><h2>Un processus simple et rapide<\/h2>\n<div class=\"les_\u00e9tapes\">\n<div class=\"une_etape premiere\">\n<div class=\"ico\"><a href=\"https:\/\/www.caissealliance.com\/wp-content\/uploads\/ico_5min.svg\"><img decoding=\"async\" class=\"alignnone size-full wp-image-32902\" src=\"https:\/\/www.caissealliance.com\/wp-content\/uploads\/ico_5min.svg\" alt=\"\" width=\"74\" height=\"84\" \/><\/a><\/div>\n<div class=\"texte\">Compl\u00e9ter la demande en seulement 5 minutes<\/div>\n<\/div>\n<div class=\"une_etape deuxieme\">\n<div class=\"ico\"><img decoding=\"async\" class=\"alignnone size-full wp-image-1961\" src=\"https:\/\/www.caissealliance.com\/wp-content\/uploads\/ico_aide.svg\" alt=\"\" \/><\/div>\n<div class=\"texte\">On vous appellera<\/div>\n<\/div>\n<div class=\"une_etape troisieme\">\n<div class=\"ico\"><img decoding=\"async\" class=\"alignnone size-full wp-image-4067\" src=\"https:\/\/www.caissealliance.com\/wp-content\/uploads\/ico_finaliser-caisse.svg\" alt=\"\" \/><\/div>\n<div class=\"texte\">Finaliser le tout en caisse<\/div>\n<\/div>\n<div class=\"une_etape quatrieme\">\n<div class=\"ico\"><img decoding=\"async\" class=\"alignnone size-full wp-image-4065\" src=\"https:\/\/www.caissealliance.com\/wp-content\/uploads\/ico_tousProduits.svg\" alt=\"\" \/><\/div>\n<div class=\"texte\">Obtenir un placement<\/div>\n<\/div>\n<\/div>\n<\/div>\n\t\t<\/div>\n<h2>Compl\u00e9tez le formulaire ci-dessous et nous nous ferons un plaisir de vous r\u00e9pondre dans les plus bref d\u00e9lais.<\/h2>\n\n<div class=\"wpcf7 no-js\" id=\"wpcf7-f1582-o1\" lang=\"fr-FR\" dir=\"ltr\" data-wpcf7-id=\"1582\">\n<div class=\"screen-reader-response\"><p role=\"status\" aria-live=\"polite\" aria-atomic=\"true\"><\/p> <ul><\/ul><\/div>\n<form action=\"\/fr\/wp-json\/wp\/v2\/pages\/1583#wpcf7-f1582-o1\" method=\"post\" class=\"wpcf7-form init\" aria-label=\"Formulaire de contact\" novalidate=\"novalidate\" data-status=\"init\">\n<fieldset class=\"hidden-fields-container\"><input type=\"hidden\" name=\"_wpcf7\" value=\"1582\" \/><input type=\"hidden\" name=\"_wpcf7_version\" value=\"6.1.5\" \/><input type=\"hidden\" name=\"_wpcf7_locale\" value=\"fr_FR\" \/><input type=\"hidden\" name=\"_wpcf7_unit_tag\" value=\"wpcf7-f1582-o1\" \/><input type=\"hidden\" name=\"_wpcf7_container_post\" value=\"0\" \/><input type=\"hidden\" name=\"_wpcf7_posted_data_hash\" value=\"\" \/>\n<\/fieldset>\n<h3>S\u00e9lectionnez votre type de placement\n<\/h3>\n<hr \/>\n<p class=\"full\"><br \/>\n<span class=\"wpcf7-form-control-wrap\" data-name=\"type-placement\"><span class=\"wpcf7-form-control wpcf7-radio\"><span class=\"wpcf7-list-item first\"><label><input type=\"radio\" name=\"type-placement\" value=\"D\u00e9p\u00f4t non enregistr\u00e9\" checked=\"checked\" \/><span class=\"wpcf7-list-item-label\">D\u00e9p\u00f4t non enregistr\u00e9<\/span><\/label><\/span><span class=\"wpcf7-list-item\"><label><input type=\"radio\" name=\"type-placement\" value=\"D\u00e9p\u00f4t enregistr\u00e9 REER (R\u00e9gime enregistr\u00e9 d&#039;\u00e9pargne-retraite) ou FERR (Fonds enregistr\u00e9 de revenu de retraite)\" \/><span class=\"wpcf7-list-item-label\">D\u00e9p\u00f4t enregistr\u00e9 REER (R\u00e9gime enregistr\u00e9 d&#039;\u00e9pargne-retraite) ou FERR (Fonds enregistr\u00e9 de revenu de retraite)<\/span><\/label><\/span><span class=\"wpcf7-list-item last\"><label><input type=\"radio\" name=\"type-placement\" value=\"D\u00e9p\u00f4t enregistr\u00e9 CELI (Compte d\u2019\u00e9pargne libre d\u2019imp\u00f4t)\" \/><span class=\"wpcf7-list-item-label\">D\u00e9p\u00f4t enregistr\u00e9 CELI (Compte d\u2019\u00e9pargne libre d\u2019imp\u00f4t)<\/span><\/label><\/span><\/span><\/span>\n<\/p>\n<p><label for=\"prenom\">Pr\u00e9nom*<\/label><span class=\"wpcf7-form-control-wrap\" data-name=\"prenom\"><input size=\"40\" maxlength=\"400\" class=\"wpcf7-form-control wpcf7-text wpcf7-validates-as-required\" id=\"prenom\" aria-required=\"true\" aria-invalid=\"false\" value=\"\" type=\"text\" name=\"prenom\" \/><\/span>\n<\/p>\n<p><label for=\"nom\">Nom*<\/label><span class=\"wpcf7-form-control-wrap\" data-name=\"nom\"><input size=\"40\" maxlength=\"400\" class=\"wpcf7-form-control wpcf7-text wpcf7-validates-as-required\" id=\"nom\" aria-required=\"true\" aria-invalid=\"false\" value=\"\" type=\"text\" name=\"nom\" \/><\/span>\n<\/p>\n<p><label for=\"folio\">N\u00b0 de folio<\/label><span class=\"wpcf7-form-control-wrap\" data-name=\"folio\"><input size=\"40\" maxlength=\"400\" class=\"wpcf7-form-control wpcf7-text\" id=\"folio\" aria-invalid=\"false\" value=\"\" type=\"text\" name=\"folio\" \/><\/span>\n<\/p>\n<p><label for=\"centre-service\">Centre de services<\/label><span class=\"wpcf7-form-control-wrap\" data-name=\"centre-service\"><input size=\"40\" maxlength=\"400\" class=\"wpcf7-form-control wpcf7-text\" id=\"centre-service\" aria-invalid=\"false\" value=\"\" type=\"text\" name=\"centre-service\" \/><\/span>\n<\/p>\n<p><label for=\"ville-province\">Ville et province*<\/label><span class=\"wpcf7-form-control-wrap\" data-name=\"ville-province\"><input size=\"40\" maxlength=\"400\" class=\"wpcf7-form-control wpcf7-text wpcf7-validates-as-required\" id=\"ville-province\" aria-required=\"true\" aria-invalid=\"false\" value=\"\" type=\"text\" name=\"ville-province\" \/><\/span>\n<\/p>\n<p><label for=\"telephone\">Num\u00e9ro de t\u00e9l\u00e9phone*<\/label><span class=\"wpcf7-form-control-wrap\" data-name=\"telephone\"><input size=\"40\" maxlength=\"400\" class=\"wpcf7-form-control wpcf7-tel wpcf7-text wpcf7-validates-as-tel\" id=\"telephone\" aria-invalid=\"false\" value=\"\" type=\"tel\" name=\"telephone\" \/><\/span>\n<\/p>\n<p><label for=\"your-email\">Adresse courriel<\/label><span class=\"wpcf7-form-control-wrap\" data-name=\"your-email\"><input size=\"40\" maxlength=\"400\" class=\"wpcf7-form-control wpcf7-email wpcf7-text wpcf7-validates-as-email\" id=\"your-email\" aria-invalid=\"false\" value=\"\" type=\"email\" name=\"your-email\" \/><\/span>\n<\/p>\n<p class=\"full\"><br \/>\n<label for=\"renseignement\">Renseignements suppl\u00e9mentaires<\/label><span class=\"wpcf7-form-control-wrap\" data-name=\"renseignement\"><textarea cols=\"40\" rows=\"10\" maxlength=\"2000\" class=\"wpcf7-form-control wpcf7-textarea\" id=\"renseignement\" aria-invalid=\"false\" name=\"renseignement\"><\/textarea><\/span>\n<\/p>\n<hr \/>\n<p><input class=\"wpcf7-form-control wpcf7-submit has-spinner\" type=\"submit\" value=\"Soumettre\" \/>\n<\/p><div class=\"wpcf7-response-output\" aria-hidden=\"true\"><\/div>\n<\/form>\n<\/div>\n\n","protected":false},"excerpt":{"rendered":"<p>Faites fructifier votre capital \u00e0 l\u2019abri des soucis.<\/p>\n","protected":false},"author":1,"featured_media":0,"parent":0,"menu_order":314,"comment_status":"closed","ping_status":"closed","template":"page_full.php","meta":{"_acf_changed":false,"_monsterinsights_skip_tracking":false,"_monsterinsights_sitenote_active":false,"_monsterinsights_sitenote_note":"","_monsterinsights_sitenote_category":0,"footnotes":""},"class_list":["post-1583","page","type-page","status-publish","hentry"],"acf":[],"yoast_head":"<!-- This site is optimized with the Yoast SEO plugin v27.5 - https:\/\/yoast.com\/product\/yoast-seo-wordpress\/ -->\n<title>Demande de placement | Caisse Alliance<\/title>\n<meta name=\"robots\" content=\"index, follow, max-snippet:-1, max-image-preview:large, max-video-preview:-1\" \/>\n<link rel=\"canonical\" href=\"https:\/\/www.caissealliance.com\/fr\/demande-de-placement\/\" \/>\n<meta property=\"og:locale\" content=\"fr_FR\" \/>\n<meta property=\"og:type\" content=\"article\" \/>\n<meta property=\"og:title\" content=\"Demande de placement | Caisse Alliance\" \/>\n<meta property=\"og:description\" content=\"Faites fructifier votre capital \u00e0 l\u2019abri des soucis.\" \/>\n<meta property=\"og:url\" content=\"https:\/\/www.caissealliance.com\/fr\/demande-de-placement\/\" \/>\n<meta property=\"og:site_name\" content=\"Caisse Alliance\" \/>\n<meta property=\"article:modified_time\" content=\"2024-02-05T17:33:40+00:00\" \/>\n<meta name=\"twitter:card\" content=\"summary_large_image\" \/>\n<script type=\"application\/ld+json\" class=\"yoast-schema-graph\">{\"@context\":\"https:\\\/\\\/schema.org\",\"@graph\":[{\"@type\":\"WebPage\",\"@id\":\"https:\\\/\\\/www.caissealliance.com\\\/fr\\\/demande-de-placement\\\/\",\"url\":\"https:\\\/\\\/www.caissealliance.com\\\/fr\\\/demande-de-placement\\\/\",\"name\":\"Demande de placement | Caisse Alliance\",\"isPartOf\":{\"@id\":\"https:\\\/\\\/www.caissealliance.com\\\/fr\\\/#website\"},\"datePublished\":\"2019-03-20T19:27:08+00:00\",\"dateModified\":\"2024-02-05T17:33:40+00:00\",\"breadcrumb\":{\"@id\":\"https:\\\/\\\/www.caissealliance.com\\\/fr\\\/demande-de-placement\\\/#breadcrumb\"},\"inLanguage\":\"fr-FR\",\"potentialAction\":[{\"@type\":\"ReadAction\",\"target\":[\"https:\\\/\\\/www.caissealliance.com\\\/fr\\\/demande-de-placement\\\/\"]}]},{\"@type\":\"BreadcrumbList\",\"@id\":\"https:\\\/\\\/www.caissealliance.com\\\/fr\\\/demande-de-placement\\\/#breadcrumb\",\"itemListElement\":[{\"@type\":\"ListItem\",\"position\":1,\"name\":\"Home\",\"item\":\"https:\\\/\\\/www.caissealliance.com\\\/fr\\\/\"},{\"@type\":\"ListItem\",\"position\":2,\"name\":\"Demande de placement\"}]},{\"@type\":\"WebSite\",\"@id\":\"https:\\\/\\\/www.caissealliance.com\\\/fr\\\/#website\",\"url\":\"https:\\\/\\\/www.caissealliance.com\\\/fr\\\/\",\"name\":\"Caisse Alliance\",\"description\":\"Site Web de la Caisse Alliance\",\"potentialAction\":[{\"@type\":\"SearchAction\",\"target\":{\"@type\":\"EntryPoint\",\"urlTemplate\":\"https:\\\/\\\/www.caissealliance.com\\\/fr\\\/?s={search_term_string}\"},\"query-input\":{\"@type\":\"PropertyValueSpecification\",\"valueRequired\":true,\"valueName\":\"search_term_string\"}}],\"inLanguage\":\"fr-FR\"}]}<\/script>\n<!-- \/ Yoast SEO plugin. -->","yoast_head_json":{"title":"Demande de placement | Caisse Alliance","robots":{"index":"index","follow":"follow","max-snippet":"max-snippet:-1","max-image-preview":"max-image-preview:large","max-video-preview":"max-video-preview:-1"},"canonical":"https:\/\/www.caissealliance.com\/fr\/demande-de-placement\/","og_locale":"fr_FR","og_type":"article","og_title":"Demande de placement | Caisse Alliance","og_description":"Faites fructifier votre capital \u00e0 l\u2019abri des soucis.","og_url":"https:\/\/www.caissealliance.com\/fr\/demande-de-placement\/","og_site_name":"Caisse Alliance","article_modified_time":"2024-02-05T17:33:40+00:00","twitter_card":"summary_large_image","schema":{"@context":"https:\/\/schema.org","@graph":[{"@type":"WebPage","@id":"https:\/\/www.caissealliance.com\/fr\/demande-de-placement\/","url":"https:\/\/www.caissealliance.com\/fr\/demande-de-placement\/","name":"Demande de placement | Caisse Alliance","isPartOf":{"@id":"https:\/\/www.caissealliance.com\/fr\/#website"},"datePublished":"2019-03-20T19:27:08+00:00","dateModified":"2024-02-05T17:33:40+00:00","breadcrumb":{"@id":"https:\/\/www.caissealliance.com\/fr\/demande-de-placement\/#breadcrumb"},"inLanguage":"fr-FR","potentialAction":[{"@type":"ReadAction","target":["https:\/\/www.caissealliance.com\/fr\/demande-de-placement\/"]}]},{"@type":"BreadcrumbList","@id":"https:\/\/www.caissealliance.com\/fr\/demande-de-placement\/#breadcrumb","itemListElement":[{"@type":"ListItem","position":1,"name":"Home","item":"https:\/\/www.caissealliance.com\/fr\/"},{"@type":"ListItem","position":2,"name":"Demande de placement"}]},{"@type":"WebSite","@id":"https:\/\/www.caissealliance.com\/fr\/#website","url":"https:\/\/www.caissealliance.com\/fr\/","name":"Caisse Alliance","description":"Site Web de la Caisse Alliance","potentialAction":[{"@type":"SearchAction","target":{"@type":"EntryPoint","urlTemplate":"https:\/\/www.caissealliance.com\/fr\/?s={search_term_string}"},"query-input":{"@type":"PropertyValueSpecification","valueRequired":true,"valueName":"search_term_string"}}],"inLanguage":"fr-FR"}]}},"publishpress_future_action":{"enabled":false,"date":"2026-05-08 01:38:38","action":"change-status","newStatus":"draft","terms":[],"taxonomy":"section","extraData":[]},"publishpress_future_workflow_manual_trigger":{"enabledWorkflows":[]},"_links":{"self":[{"href":"https:\/\/www.caissealliance.com\/fr\/wp-json\/wp\/v2\/pages\/1583","targetHints":{"allow":["GET"]}}],"collection":[{"href":"https:\/\/www.caissealliance.com\/fr\/wp-json\/wp\/v2\/pages"}],"about":[{"href":"https:\/\/www.caissealliance.com\/fr\/wp-json\/wp\/v2\/types\/page"}],"author":[{"embeddable":true,"href":"https:\/\/www.caissealliance.com\/fr\/wp-json\/wp\/v2\/users\/1"}],"replies":[{"embeddable":true,"href":"https:\/\/www.caissealliance.com\/fr\/wp-json\/wp\/v2\/comments?post=1583"}],"version-history":[{"count":8,"href":"https:\/\/www.caissealliance.com\/fr\/wp-json\/wp\/v2\/pages\/1583\/revisions"}],"predecessor-version":[{"id":6921,"href":"https:\/\/www.caissealliance.com\/fr\/wp-json\/wp\/v2\/pages\/1583\/revisions\/6921"}],"wp:attachment":[{"href":"https:\/\/www.caissealliance.com\/fr\/wp-json\/wp\/v2\/media?parent=1583"}],"curies":[{"name":"wp","href":"https:\/\/api.w.org\/{rel}","templated":true}]}}