{"id":14924,"date":"2022-05-04T16:15:03","date_gmt":"2022-05-04T20:15:03","guid":{"rendered":"https:\/\/www.caissealliance.com\/?page_id=14924"},"modified":"2025-05-07T14:17:47","modified_gmt":"2025-05-07T18:17:47","slug":"bilan-social-2021","status":"publish","type":"page","link":"https:\/\/www.caissealliance.com\/fr\/ma-caisse\/implication-sociale\/projets-et-realisations\/bilan-social-2021\/","title":{"rendered":"Bilan social 2021"},"content":{"rendered":"<h1>Bilan social 2021<\/h1>\n<p style=\"text-align: center;\"><iframe title=\"YouTube video player\" src=\"https:\/\/www.youtube.com\/embed\/BiaE5cxpkzc\" width=\"640\" height=\"360\" frameborder=\"0\" allowfullscreen=\"allowfullscreen\"><span data-mce-type=\"bookmark\" style=\"display: inline-block; width: 0px; overflow: hidden; line-height: 0;\" class=\"mce_SELRES_start\">\ufeff<\/span><\/iframe><\/p>\n<p>&nbsp;<\/p>\n<table class=\" aligncenter\" style=\"width: 763px; height: 342px;\" data-wrap-id=\"table-id-glimg\">\n<tbody>\n<tr data-wrap-id=\"table-row-xwzcm\">\n<td style=\"width: 252px;\" data-wrap-id=\"table-cell-yjewv\"><strong>R\u00e9gions<\/strong><\/td>\n<td style=\"width: 495px;\" data-wrap-id=\"table-cell-mojqe\"><strong>Dons et commandites 2021<\/strong><\/td>\n<\/tr>\n<tr data-wrap-id=\"table-row-sogoz\">\n<td style=\"width: 252px;\" data-wrap-id=\"table-cell-duelq\">R\u00e9gion Nord-Ouest<\/td>\n<td style=\"width: 495px;\" data-wrap-id=\"table-cell-pagri\"><strong>100 052 $<\/strong><\/td>\n<\/tr>\n<tr data-wrap-id=\"table-row-crrdb\">\n<td style=\"width: 252px;\" data-wrap-id=\"table-cell-htjxj\">R\u00e9gion Nord-Centre<\/td>\n<td style=\"width: 495px;\" data-wrap-id=\"table-cell-yqyyf\"><b>89 671 $<\/b><\/td>\n<\/tr>\n<tr data-wrap-id=\"table-row-utrkx\">\n<td style=\"width: 252px;\" data-wrap-id=\"table-cell-loxww\">R\u00e9gion Nord-Est<\/td>\n<td style=\"width: 495px;\" data-wrap-id=\"table-cell-mnsjb\"><b>42 207 $<\/b><\/td>\n<\/tr>\n<tr data-wrap-id=\"table-row-tliee\">\n<td style=\"width: 252px;\" data-wrap-id=\"table-cell-sqmmc\">R\u00e9gion Nipissing-Ouest<\/td>\n<td style=\"width: 495px;\" data-wrap-id=\"table-cell-tfcem\"><strong>108 242 $<\/strong><\/td>\n<\/tr>\n<tr data-wrap-id=\"table-row-bexzj\">\n<td style=\"width: 252px;\" data-wrap-id=\"table-cell-kpxmj\">R\u00e9gion Nipissing-Centre<\/td>\n<td style=\"width: 495px;\" data-wrap-id=\"table-cell-ihmtw\"><strong>118 508 $\u00a0<\/strong><\/td>\n<\/tr>\n<tr data-wrap-id=\"table-row-sxqgr\">\n<td style=\"width: 252px;\" data-wrap-id=\"table-cell-lticl\">R\u00e9gion Nipissing-Est<\/td>\n<td style=\"width: 495px;\" data-wrap-id=\"table-cell-qgnvi\"><strong>141 200 $\u00a0<\/strong><\/td>\n<\/tr>\n<tr data-wrap-id=\"table-row-okfbu\">\n<td style=\"width: 252px;\" data-wrap-id=\"table-cell-hxafe\">Si\u00e8ge social<\/td>\n<td style=\"width: 495px;\" data-wrap-id=\"table-cell-wxiyq\"><strong>46 429 $<\/strong><\/td>\n<\/tr>\n<tr data-wrap-id=\"table-row-fjyti\">\n<td style=\"width: 252px;\" data-wrap-id=\"table-cell-euqsr\"><strong>TOTAL<\/strong><\/td>\n<td style=\"width: 495px;\" data-wrap-id=\"table-cell-qqzhr\"><strong>646 309 $<\/strong><\/td>\n<\/tr>\n<\/tbody>\n<\/table>\n<h2 style=\"text-align: center;\"><\/h2>\n<h2 style=\"text-align: left;\">Dons et commandites en 2021<\/h2>\n<p style=\"text-align: justify;\"><strong>646 309 $<\/strong><\/p>\n<p style=\"text-align: justify;\">En 2021, la Caisse a maintenu sa distinction coop\u00e9rative en versant une somme de <u>646 309 $<\/u> \u00e0 ses communaut\u00e9s sous forme de dons et commandites, incluant le fonds communautaire. Fid\u00e8le \u00e0 sa mission, sa vision et ses valeurs, la Caisse est \u00e0 l\u2019\u00e9coute des besoins des communaut\u00e9s desservies et investi aupr\u00e8s d\u2019organisations locales \u00e0 vocation culturelle, sociale, \u00e9ducative, sportive, m\u00e9dicale, \u00e9conomique et communautaire. Ce bilan s\u2019inscrit dans le prolongement de ce qui nous distingue en tant que coop\u00e9rative.<\/p>\n<h2 style=\"text-align: justify;\">R\u00e9gion Nord-Ouest<\/h2>\n<p style=\"text-align: justify;\"><strong>100 052 $\u00a0<\/strong><\/p>\n<div class=\"page\" style=\"text-align: justify;\" title=\"Page 20\">\n<div class=\"section\">\n<div class=\"layoutArea\">\n<div class=\"column\">\n<p>La Caisse est fi\u00e8re d\u2019avoir \u00e9t\u00e9 un leader coop\u00e9ratif au sein des communaut\u00e9s de Hearst, Longlac et Mattice en 2021 en offrant son temps, son appui et la somme de 100 052 $ en dons et commandites, \u00e0 plus de 50 organisations communautaires.<\/p>\n<\/div>\n<\/div>\n<\/div>\n<\/div>\n<h1 style=\"text-align: justify;\"><img fetchpriority=\"high\" decoding=\"async\" class=\"size-medium wp-image-14943 aligncenter\" src=\"https:\/\/www.caissealliance.com\/wp-content\/uploads\/Comptoir-Gamelin-Hearst-300x225.jpg\" alt=\"\" width=\"300\" height=\"225\" srcset=\"https:\/\/www.caissealliance.com\/wp-content\/uploads\/Comptoir-Gamelin-Hearst-300x225.jpg 300w, https:\/\/www.caissealliance.com\/wp-content\/uploads\/Comptoir-Gamelin-Hearst-1024x768.jpg 1024w, https:\/\/www.caissealliance.com\/wp-content\/uploads\/Comptoir-Gamelin-Hearst-768x576.jpg 768w, https:\/\/www.caissealliance.com\/wp-content\/uploads\/Comptoir-Gamelin-Hearst-1536x1152.jpg 1536w, https:\/\/www.caissealliance.com\/wp-content\/uploads\/Comptoir-Gamelin-Hearst-2048x1536.jpg 2048w, https:\/\/www.caissealliance.com\/wp-content\/uploads\/Comptoir-Gamelin-Hearst-250x188.jpg 250w\" sizes=\"(max-width: 300px) 100vw, 300px\" \/><\/h1>\n<h2 style=\"text-align: justify;\">R\u00e9gion Nord-Centre<\/h2>\n<p style=\"text-align: justify;\"><strong>89 671 $<\/strong><\/p>\n<div class=\"page\" style=\"text-align: justify;\" title=\"Page 22\">\n<div class=\"section\">\n<div class=\"layoutArea\">\n<div class=\"column\">\n<p>Au cours de l\u2019ann\u00e9e 2021, la somme de 89 671 $ a \u00e9t\u00e9 vers\u00e9e en dons et commandites dans la r\u00e9gion de Smooth Rock Falls \u00e0 Opasatika. Encore cette ann\u00e9e, la Caisse ainsi que ses employ\u00e9s \u00e9taient pr\u00e9sents dans diff\u00e9rentes initiatives et activit\u00e9s communautaires \u00e0 Kapuskasing et dans les environs.<\/p>\n<p><img decoding=\"async\" class=\"size-medium wp-image-14945 aligncenter\" src=\"https:\/\/www.caissealliance.com\/wp-content\/uploads\/Kap-indian-friendship-centre-300x225.jpg\" alt=\"\" width=\"300\" height=\"225\" srcset=\"https:\/\/www.caissealliance.com\/wp-content\/uploads\/Kap-indian-friendship-centre-300x225.jpg 300w, https:\/\/www.caissealliance.com\/wp-content\/uploads\/Kap-indian-friendship-centre-1024x768.jpg 1024w, https:\/\/www.caissealliance.com\/wp-content\/uploads\/Kap-indian-friendship-centre-768x576.jpg 768w, https:\/\/www.caissealliance.com\/wp-content\/uploads\/Kap-indian-friendship-centre-1536x1152.jpg 1536w, https:\/\/www.caissealliance.com\/wp-content\/uploads\/Kap-indian-friendship-centre-2048x1536.jpg 2048w, https:\/\/www.caissealliance.com\/wp-content\/uploads\/Kap-indian-friendship-centre-250x188.jpg 250w\" sizes=\"(max-width: 300px) 100vw, 300px\" \/><\/p>\n<\/div>\n<\/div>\n<\/div>\n<\/div>\n<h2 style=\"text-align: justify;\">R\u00e9gion Nord-Est<\/h2>\n<p style=\"text-align: justify;\"><strong>42 207 $\u00a0<\/strong><\/p>\n<div class=\"page\" style=\"text-align: justify;\" title=\"Page 24\">\n<div class=\"section\">\n<div class=\"layoutArea\">\n<div class=\"column\">\n<p>La Caisse a appuy\u00e9 financi\u00e8rement plusieurs \u00e9v\u00e9nements et organisations touchant divers domaines. Nous sommes fiers d\u2019avoir vers\u00e9 42 207 $ en dons et commandites lors de l\u2019ann\u00e9e 2021. Notre engagement communautaire \u00e0 Timmins, Iroquois Falls et Val Gagn\u00e9 demeure au coeur de nos valeurs coop\u00e9ratives.<\/p>\n<p><img decoding=\"async\" class=\"size-medium wp-image-14947 aligncenter\" src=\"https:\/\/www.caissealliance.com\/wp-content\/uploads\/BBQ-comunautaire-nouv.-arriv.-300x200.jpg\" alt=\"\" width=\"300\" height=\"200\" srcset=\"https:\/\/www.caissealliance.com\/wp-content\/uploads\/BBQ-comunautaire-nouv.-arriv.-300x200.jpg 300w, https:\/\/www.caissealliance.com\/wp-content\/uploads\/BBQ-comunautaire-nouv.-arriv.-1024x683.jpg 1024w, https:\/\/www.caissealliance.com\/wp-content\/uploads\/BBQ-comunautaire-nouv.-arriv.-768x512.jpg 768w, https:\/\/www.caissealliance.com\/wp-content\/uploads\/BBQ-comunautaire-nouv.-arriv.-1536x1024.jpg 1536w, https:\/\/www.caissealliance.com\/wp-content\/uploads\/BBQ-comunautaire-nouv.-arriv.-250x167.jpg 250w, https:\/\/www.caissealliance.com\/wp-content\/uploads\/BBQ-comunautaire-nouv.-arriv..jpg 2048w\" sizes=\"(max-width: 300px) 100vw, 300px\" \/><\/p>\n<\/div>\n<\/div>\n<\/div>\n<\/div>\n<h2 style=\"text-align: justify;\">R\u00e9gion Nipissing-Ouest<\/h2>\n<p style=\"text-align: justify;\"><strong>108 242\u00a0 $<\/strong><\/p>\n<div class=\"page\" style=\"text-align: justify;\" title=\"Page 26\">\n<div class=\"section\">\n<div class=\"layoutArea\">\n<div class=\"column\">\n<p>Nous sommes fiers d\u2019avoir contribu\u00e9 dans nos communaut\u00e9s d\u2019Alban, Argyle, No\u00eblville, St.-Charles, Markstay, Warren et Verner, une somme de 108 242 $ sous forme de dons et de commandites pour l\u2019ann\u00e9e 2021.<\/p>\n<p><img loading=\"lazy\" decoding=\"async\" class=\"size-medium wp-image-14939 aligncenter\" src=\"https:\/\/www.caissealliance.com\/wp-content\/uploads\/Club-d\u00c2ge-dor-Alidor-202104-300x225.jpg\" alt=\"\" width=\"300\" height=\"225\" srcset=\"https:\/\/www.caissealliance.com\/wp-content\/uploads\/Club-d\u00c2ge-dor-Alidor-202104-300x225.jpg 300w, https:\/\/www.caissealliance.com\/wp-content\/uploads\/Club-d\u00c2ge-dor-Alidor-202104-1024x768.jpg 1024w, https:\/\/www.caissealliance.com\/wp-content\/uploads\/Club-d\u00c2ge-dor-Alidor-202104-768x576.jpg 768w, https:\/\/www.caissealliance.com\/wp-content\/uploads\/Club-d\u00c2ge-dor-Alidor-202104-1536x1152.jpg 1536w, https:\/\/www.caissealliance.com\/wp-content\/uploads\/Club-d\u00c2ge-dor-Alidor-202104-2048x1536.jpg 2048w, https:\/\/www.caissealliance.com\/wp-content\/uploads\/Club-d\u00c2ge-dor-Alidor-202104-250x188.jpg 250w\" sizes=\"(max-width: 300px) 100vw, 300px\" \/><\/p>\n<\/div>\n<\/div>\n<\/div>\n<\/div>\n<h2 style=\"text-align: justify;\">R\u00e9gion Nipissing-Centre<\/h2>\n<p style=\"text-align: justify;\"><strong>118 508 $\u00a0<\/strong><\/p>\n<div class=\"page\" style=\"text-align: justify;\" title=\"Page 28\">\n<div class=\"section\">\n<div class=\"layoutArea\">\n<div class=\"column\">\n<p>\u00catre pr\u00e8s de nos membres et engag\u00e9s dans nos communaut\u00e9s est d\u2019une grande importance, et c\u2019est pourquoi nous nous impliquons activement dans les activit\u00e9s communautaires, soit par notre pr\u00e9sence ou en offrant des dons et commandites dans notre r\u00e9gion. En 2021, 118 508 $ a \u00e9t\u00e9 vers\u00e9 dans les communaut\u00e9s du Nipissing-Centre.<\/p>\n<p><img loading=\"lazy\" decoding=\"async\" class=\"size-medium wp-image-14941 aligncenter\" src=\"https:\/\/www.caissealliance.com\/wp-content\/uploads\/cfn-et-eduplaisir-300x225.jpg\" alt=\"\" width=\"300\" height=\"225\" srcset=\"https:\/\/www.caissealliance.com\/wp-content\/uploads\/cfn-et-eduplaisir-300x225.jpg 300w, https:\/\/www.caissealliance.com\/wp-content\/uploads\/cfn-et-eduplaisir-768x576.jpg 768w, https:\/\/www.caissealliance.com\/wp-content\/uploads\/cfn-et-eduplaisir-250x188.jpg 250w, https:\/\/www.caissealliance.com\/wp-content\/uploads\/cfn-et-eduplaisir.jpg 960w\" sizes=\"(max-width: 300px) 100vw, 300px\" \/><\/p>\n<\/div>\n<\/div>\n<\/div>\n<\/div>\n<h2 style=\"text-align: justify;\">R\u00e9gion Nipissing-Est<\/h2>\n<p style=\"text-align: justify;\"><strong>141 200 $\u00a0<\/strong><\/p>\n<div class=\"page\" style=\"text-align: justify;\" title=\"Page 30\">\n<div class=\"section\">\n<div class=\"layoutArea\">\n<div class=\"column\">\n<p>La Caisse Alliance s\u2019engage \u00e0 contribuer \u00e0 la croissance, au soutien et au bien-\u00eatre de ses communaut\u00e9s. Le bilan qui suit d\u00e9montre l\u2019impact positif qu\u2019ont les Centres de services du Nipissing-Est dans les communaut\u00e9s de Bonfield, Mattawa, North Bay et West Ferris.<\/p>\n<p><img loading=\"lazy\" decoding=\"async\" class=\"size-medium wp-image-14951 aligncenter\" src=\"https:\/\/www.caissealliance.com\/wp-content\/uploads\/north-bay-1-300x225.jpg\" alt=\"\" width=\"300\" height=\"225\" srcset=\"https:\/\/www.caissealliance.com\/wp-content\/uploads\/north-bay-1-300x225.jpg 300w, https:\/\/www.caissealliance.com\/wp-content\/uploads\/north-bay-1-768x576.jpg 768w, https:\/\/www.caissealliance.com\/wp-content\/uploads\/north-bay-1-250x188.jpg 250w, https:\/\/www.caissealliance.com\/wp-content\/uploads\/north-bay-1.jpg 960w\" sizes=\"(max-width: 300px) 100vw, 300px\" \/><\/p>\n<p>&nbsp;<\/p>\n<\/div>\n<\/div>\n<\/div>\n<\/div>\n<h2 style=\"text-align: justify;\">Si\u00e8ge social<\/h2>\n<p style=\"text-align: justify;\"><strong>46 429 $ + 600 000 $ vers le Fonds de la Caisse Alliance (Fonds communautaire)<\/strong><\/p>\n<div class=\"page\" style=\"text-align: justify;\" title=\"Page 32\">\n<div class=\"section\">\n<div class=\"layoutArea\">\n<div class=\"column\">\n<p>En 2021, le si\u00e8ge social a remis 46 429 $ \u00e0 ses communaut\u00e9s sous forme de dons et de commandites. Le soutien des organismes et des initiatives qui contribuent \u00e0 la vitalit\u00e9 de nos communaut\u00e9s tout en offrant aux populations un environnement o\u00f9 il fait bon vivre, s\u2019\u00e9duquer et se r\u00e9cr\u00e9er, est ce qui nous distingue en tant que coop\u00e9rative.<\/p>\n<p>Encore cette ann\u00e9e, la Caisse a contribu\u00e9 600 000 $ au Fonds de la Caisse Alliance, soit 100 000 $ par r\u00e9gion. Ce sont les comit\u00e9s coop\u00e9ratifs r\u00e9gionaux qui ont la responsabilit\u00e9 de redistribuer ce montant dans leurs communaut\u00e9s pour appuyer financi\u00e8rement des projets structurants, c\u2019est-\u00e0-dire des projets qui auront un impact \u00e0 long terme, pour un maximum de membres de nos communaut\u00e9s.<\/p>\n<\/div>\n<\/div>\n<\/div>\n<\/div>\n<p style=\"text-align: justify;\"><strong>Merci \u00e0 nos membres<\/strong><\/p>\n<p style=\"text-align: justify;\">Chers soci\u00e9taires, merci de contribuer au mouvement coop\u00e9ratif et merci de la confiance que vous nous t\u00e9moignez.<\/p>\n","protected":false},"excerpt":{"rendered":"<p>\ufeff &nbsp; R\u00e9gions Dons et commandites 2021 R\u00e9gion Nord-Ouest 100 052 $ R\u00e9gion Nord-Centre 89 671 $ R\u00e9gion Nord-Est 42 207 $ R\u00e9gion Nipissing-Ouest 108 242 $ R\u00e9gion Nipissing-Centre 118 508 $\u00a0 R\u00e9gion Nipissing-Est 141 200 $\u00a0 Si\u00e8ge social 46 429 $ TOTAL 646 309 $ 646 309 $ En 2021, la Caisse a maintenu [&#8230;]<\/p>\n","protected":false},"author":13,"featured_media":0,"parent":2323,"menu_order":4,"comment_status":"closed","ping_status":"closed","template":"","meta":{"_acf_changed":false,"_monsterinsights_skip_tracking":false,"_monsterinsights_sitenote_active":false,"_monsterinsights_sitenote_note":"","_monsterinsights_sitenote_category":0,"footnotes":""},"class_list":["post-14924","page","type-page","status-publish","hentry","section-ma-caisse"],"acf":[],"yoast_head":"<!-- This site is optimized with the Yoast SEO plugin v27.4 - https:\/\/yoast.com\/product\/yoast-seo-wordpress\/ -->\n<title>Bilan social 2021 | Caisse Alliance<\/title>\n<meta name=\"robots\" content=\"index, follow, max-snippet:-1, max-image-preview:large, max-video-preview:-1\" \/>\n<link rel=\"canonical\" href=\"https:\/\/www.caissealliance.com\/fr\/ma-caisse\/implication-sociale\/projets-et-realisations\/bilan-social-2021\/\" \/>\n<meta property=\"og:locale\" content=\"fr_FR\" \/>\n<meta property=\"og:type\" content=\"article\" \/>\n<meta property=\"og:title\" content=\"Bilan social 2021 | Caisse Alliance\" \/>\n<meta property=\"og:description\" content=\"\ufeff &nbsp; R\u00e9gions Dons et commandites 2021 R\u00e9gion Nord-Ouest 100 052 $ R\u00e9gion Nord-Centre 89 671 $ R\u00e9gion Nord-Est 42 207 $ R\u00e9gion Nipissing-Ouest 108 242 $ R\u00e9gion Nipissing-Centre 118 508 $\u00a0 R\u00e9gion Nipissing-Est 141 200 $\u00a0 Si\u00e8ge social 46 429 $ TOTAL 646 309 $ 646 309 $ En 2021, la Caisse a maintenu [...]\" \/>\n<meta property=\"og:url\" content=\"https:\/\/www.caissealliance.com\/fr\/ma-caisse\/implication-sociale\/projets-et-realisations\/bilan-social-2021\/\" \/>\n<meta property=\"og:site_name\" content=\"Caisse Alliance\" \/>\n<meta property=\"article:modified_time\" content=\"2025-05-07T18:17:47+00:00\" \/>\n<meta property=\"og:image\" content=\"https:\/\/www.caissealliance.com\/wp-content\/uploads\/Comptoir-Gamelin-Hearst-scaled.jpg\" \/>\n\t<meta property=\"og:image:width\" content=\"2560\" \/>\n\t<meta property=\"og:image:height\" content=\"1920\" \/>\n\t<meta property=\"og:image:type\" content=\"image\/jpeg\" \/>\n<meta name=\"twitter:card\" content=\"summary_large_image\" \/>\n<meta name=\"twitter:label1\" content=\"Dur\u00e9e de lecture estim\u00e9e\" \/>\n\t<meta name=\"twitter:data1\" content=\"5 minutes\" \/>\n<script type=\"application\/ld+json\" class=\"yoast-schema-graph\">{\"@context\":\"https:\\\/\\\/schema.org\",\"@graph\":[{\"@type\":\"WebPage\",\"@id\":\"https:\\\/\\\/www.caissealliance.com\\\/fr\\\/ma-caisse\\\/implication-sociale\\\/projets-et-realisations\\\/bilan-social-2021\\\/\",\"url\":\"https:\\\/\\\/www.caissealliance.com\\\/fr\\\/ma-caisse\\\/implication-sociale\\\/projets-et-realisations\\\/bilan-social-2021\\\/\",\"name\":\"Bilan social 2021 | Caisse Alliance\",\"isPartOf\":{\"@id\":\"https:\\\/\\\/www.caissealliance.com\\\/fr\\\/#website\"},\"primaryImageOfPage\":{\"@id\":\"https:\\\/\\\/www.caissealliance.com\\\/fr\\\/ma-caisse\\\/implication-sociale\\\/projets-et-realisations\\\/bilan-social-2021\\\/#primaryimage\"},\"image\":{\"@id\":\"https:\\\/\\\/www.caissealliance.com\\\/fr\\\/ma-caisse\\\/implication-sociale\\\/projets-et-realisations\\\/bilan-social-2021\\\/#primaryimage\"},\"thumbnailUrl\":\"https:\\\/\\\/www.caissealliance.com\\\/wp-content\\\/uploads\\\/Comptoir-Gamelin-Hearst-300x225.jpg\",\"datePublished\":\"2022-05-04T20:15:03+00:00\",\"dateModified\":\"2025-05-07T18:17:47+00:00\",\"breadcrumb\":{\"@id\":\"https:\\\/\\\/www.caissealliance.com\\\/fr\\\/ma-caisse\\\/implication-sociale\\\/projets-et-realisations\\\/bilan-social-2021\\\/#breadcrumb\"},\"inLanguage\":\"fr-FR\",\"potentialAction\":[{\"@type\":\"ReadAction\",\"target\":[\"https:\\\/\\\/www.caissealliance.com\\\/fr\\\/ma-caisse\\\/implication-sociale\\\/projets-et-realisations\\\/bilan-social-2021\\\/\"]}]},{\"@type\":\"ImageObject\",\"inLanguage\":\"fr-FR\",\"@id\":\"https:\\\/\\\/www.caissealliance.com\\\/fr\\\/ma-caisse\\\/implication-sociale\\\/projets-et-realisations\\\/bilan-social-2021\\\/#primaryimage\",\"url\":\"https:\\\/\\\/www.caissealliance.com\\\/wp-content\\\/uploads\\\/Comptoir-Gamelin-Hearst-300x225.jpg\",\"contentUrl\":\"https:\\\/\\\/www.caissealliance.com\\\/wp-content\\\/uploads\\\/Comptoir-Gamelin-Hearst-300x225.jpg\"},{\"@type\":\"BreadcrumbList\",\"@id\":\"https:\\\/\\\/www.caissealliance.com\\\/fr\\\/ma-caisse\\\/implication-sociale\\\/projets-et-realisations\\\/bilan-social-2021\\\/#breadcrumb\",\"itemListElement\":[{\"@type\":\"ListItem\",\"position\":1,\"name\":\"Home\",\"item\":\"https:\\\/\\\/www.caissealliance.com\\\/fr\\\/\"},{\"@type\":\"ListItem\",\"position\":2,\"name\":\"Ma Caisse\",\"item\":\"https:\\\/\\\/www.caissealliance.com\\\/fr\\\/ma-caisse\\\/\"},{\"@type\":\"ListItem\",\"position\":3,\"name\":\"Implication sociale\",\"item\":\"https:\\\/\\\/www.caissealliance.com\\\/fr\\\/ma-caisse\\\/implication-sociale\\\/\"},{\"@type\":\"ListItem\",\"position\":4,\"name\":\"Projets et r\u00e9alisations\",\"item\":\"https:\\\/\\\/www.caissealliance.com\\\/fr\\\/ma-caisse\\\/implication-sociale\\\/projets-et-realisations\\\/\"},{\"@type\":\"ListItem\",\"position\":5,\"name\":\"Bilan social 2021\"}]},{\"@type\":\"WebSite\",\"@id\":\"https:\\\/\\\/www.caissealliance.com\\\/fr\\\/#website\",\"url\":\"https:\\\/\\\/www.caissealliance.com\\\/fr\\\/\",\"name\":\"Caisse Alliance\",\"description\":\"Site Web de la Caisse Alliance\",\"potentialAction\":[{\"@type\":\"SearchAction\",\"target\":{\"@type\":\"EntryPoint\",\"urlTemplate\":\"https:\\\/\\\/www.caissealliance.com\\\/fr\\\/?s={search_term_string}\"},\"query-input\":{\"@type\":\"PropertyValueSpecification\",\"valueRequired\":true,\"valueName\":\"search_term_string\"}}],\"inLanguage\":\"fr-FR\"}]}<\/script>\n<!-- \/ Yoast SEO plugin. -->","yoast_head_json":{"title":"Bilan social 2021 | Caisse Alliance","robots":{"index":"index","follow":"follow","max-snippet":"max-snippet:-1","max-image-preview":"max-image-preview:large","max-video-preview":"max-video-preview:-1"},"canonical":"https:\/\/www.caissealliance.com\/fr\/ma-caisse\/implication-sociale\/projets-et-realisations\/bilan-social-2021\/","og_locale":"fr_FR","og_type":"article","og_title":"Bilan social 2021 | Caisse Alliance","og_description":"\ufeff &nbsp; R\u00e9gions Dons et commandites 2021 R\u00e9gion Nord-Ouest 100 052 $ R\u00e9gion Nord-Centre 89 671 $ R\u00e9gion Nord-Est 42 207 $ R\u00e9gion Nipissing-Ouest 108 242 $ R\u00e9gion Nipissing-Centre 118 508 $\u00a0 R\u00e9gion Nipissing-Est 141 200 $\u00a0 Si\u00e8ge social 46 429 $ TOTAL 646 309 $ 646 309 $ En 2021, la Caisse a maintenu [...]","og_url":"https:\/\/www.caissealliance.com\/fr\/ma-caisse\/implication-sociale\/projets-et-realisations\/bilan-social-2021\/","og_site_name":"Caisse Alliance","article_modified_time":"2025-05-07T18:17:47+00:00","og_image":[{"width":2560,"height":1920,"url":"https:\/\/www.caissealliance.com\/wp-content\/uploads\/Comptoir-Gamelin-Hearst-scaled.jpg","type":"image\/jpeg"}],"twitter_card":"summary_large_image","twitter_misc":{"Dur\u00e9e de lecture estim\u00e9e":"5 minutes"},"schema":{"@context":"https:\/\/schema.org","@graph":[{"@type":"WebPage","@id":"https:\/\/www.caissealliance.com\/fr\/ma-caisse\/implication-sociale\/projets-et-realisations\/bilan-social-2021\/","url":"https:\/\/www.caissealliance.com\/fr\/ma-caisse\/implication-sociale\/projets-et-realisations\/bilan-social-2021\/","name":"Bilan social 2021 | Caisse Alliance","isPartOf":{"@id":"https:\/\/www.caissealliance.com\/fr\/#website"},"primaryImageOfPage":{"@id":"https:\/\/www.caissealliance.com\/fr\/ma-caisse\/implication-sociale\/projets-et-realisations\/bilan-social-2021\/#primaryimage"},"image":{"@id":"https:\/\/www.caissealliance.com\/fr\/ma-caisse\/implication-sociale\/projets-et-realisations\/bilan-social-2021\/#primaryimage"},"thumbnailUrl":"https:\/\/www.caissealliance.com\/wp-content\/uploads\/Comptoir-Gamelin-Hearst-300x225.jpg","datePublished":"2022-05-04T20:15:03+00:00","dateModified":"2025-05-07T18:17:47+00:00","breadcrumb":{"@id":"https:\/\/www.caissealliance.com\/fr\/ma-caisse\/implication-sociale\/projets-et-realisations\/bilan-social-2021\/#breadcrumb"},"inLanguage":"fr-FR","potentialAction":[{"@type":"ReadAction","target":["https:\/\/www.caissealliance.com\/fr\/ma-caisse\/implication-sociale\/projets-et-realisations\/bilan-social-2021\/"]}]},{"@type":"ImageObject","inLanguage":"fr-FR","@id":"https:\/\/www.caissealliance.com\/fr\/ma-caisse\/implication-sociale\/projets-et-realisations\/bilan-social-2021\/#primaryimage","url":"https:\/\/www.caissealliance.com\/wp-content\/uploads\/Comptoir-Gamelin-Hearst-300x225.jpg","contentUrl":"https:\/\/www.caissealliance.com\/wp-content\/uploads\/Comptoir-Gamelin-Hearst-300x225.jpg"},{"@type":"BreadcrumbList","@id":"https:\/\/www.caissealliance.com\/fr\/ma-caisse\/implication-sociale\/projets-et-realisations\/bilan-social-2021\/#breadcrumb","itemListElement":[{"@type":"ListItem","position":1,"name":"Home","item":"https:\/\/www.caissealliance.com\/fr\/"},{"@type":"ListItem","position":2,"name":"Ma Caisse","item":"https:\/\/www.caissealliance.com\/fr\/ma-caisse\/"},{"@type":"ListItem","position":3,"name":"Implication sociale","item":"https:\/\/www.caissealliance.com\/fr\/ma-caisse\/implication-sociale\/"},{"@type":"ListItem","position":4,"name":"Projets et r\u00e9alisations","item":"https:\/\/www.caissealliance.com\/fr\/ma-caisse\/implication-sociale\/projets-et-realisations\/"},{"@type":"ListItem","position":5,"name":"Bilan social 2021"}]},{"@type":"WebSite","@id":"https:\/\/www.caissealliance.com\/fr\/#website","url":"https:\/\/www.caissealliance.com\/fr\/","name":"Caisse Alliance","description":"Site Web de la Caisse Alliance","potentialAction":[{"@type":"SearchAction","target":{"@type":"EntryPoint","urlTemplate":"https:\/\/www.caissealliance.com\/fr\/?s={search_term_string}"},"query-input":{"@type":"PropertyValueSpecification","valueRequired":true,"valueName":"search_term_string"}}],"inLanguage":"fr-FR"}]}},"publishpress_future_action":{"enabled":false,"date":"2026-05-05 06:56:27","action":"change-status","newStatus":"draft","terms":[],"taxonomy":"section","extraData":[]},"publishpress_future_workflow_manual_trigger":{"enabledWorkflows":[]},"_links":{"self":[{"href":"https:\/\/www.caissealliance.com\/fr\/wp-json\/wp\/v2\/pages\/14924","targetHints":{"allow":["GET"]}}],"collection":[{"href":"https:\/\/www.caissealliance.com\/fr\/wp-json\/wp\/v2\/pages"}],"about":[{"href":"https:\/\/www.caissealliance.com\/fr\/wp-json\/wp\/v2\/types\/page"}],"author":[{"embeddable":true,"href":"https:\/\/www.caissealliance.com\/fr\/wp-json\/wp\/v2\/users\/13"}],"replies":[{"embeddable":true,"href":"https:\/\/www.caissealliance.com\/fr\/wp-json\/wp\/v2\/comments?post=14924"}],"version-history":[{"count":10,"href":"https:\/\/www.caissealliance.com\/fr\/wp-json\/wp\/v2\/pages\/14924\/revisions"}],"predecessor-version":[{"id":14957,"href":"https:\/\/www.caissealliance.com\/fr\/wp-json\/wp\/v2\/pages\/14924\/revisions\/14957"}],"up":[{"embeddable":true,"href":"https:\/\/www.caissealliance.com\/fr\/wp-json\/wp\/v2\/pages\/2323"}],"wp:attachment":[{"href":"https:\/\/www.caissealliance.com\/fr\/wp-json\/wp\/v2\/media?parent=14924"}],"curies":[{"name":"wp","href":"https:\/\/api.w.org\/{rel}","templated":true}]}}