{"id":13896,"date":"2022-01-11T12:02:15","date_gmt":"2022-01-11T17:02:15","guid":{"rendered":"https:\/\/www.caissealliance.com\/?page_id=13896"},"modified":"2024-02-05T12:33:34","modified_gmt":"2024-02-05T17:33:34","slug":"autorite-ontarienne-de-reglementation-des-services-financiers","status":"publish","type":"page","link":"https:\/\/www.caissealliance.com\/fr\/autorite-ontarienne-de-reglementation-des-services-financiers\/","title":{"rendered":"Assurance-d\u00e9p\u00f4ts"},"content":{"rendered":"<p>\u00c0 la caisse Alliance, les d\u00e9p\u00f4ts admissibles (qui ne sont pas vers\u00e9s dans des comptes enregistr\u00e9s) sont assur\u00e9s \u00e0 hauteur de 250 000 $ par le biais de l\u2019Autorit\u00e9 ontarienne de r\u00e9glementation des services financiers (ARSF).<\/p>\n<p>Les d\u00e9p\u00f4ts admissibles vers\u00e9s dans tous les comptes enregistr\u00e9s de caisses de l\u2019Ontario b\u00e9n\u00e9ficient d\u2019une protection illimit\u00e9e par l\u2019Autorit\u00e9 ontarienne de r\u00e9glementation des services financiers (ARSF).<\/p>\n<p><a href=\"https:\/\/www.caissealliance.com\/wp-content\/uploads\/DIRF-Brochure-August-2022_clean_FR.pdf\">Cliquez ici pour le d\u00e9pliant de l\u2019ARSF.<\/a><\/p>\n<p><img decoding=\"async\" class=\"alignnone size-medium wp-image-13824\" src=\"https:\/\/www.caissealliance.com\/wp-content\/uploads\/FSRA-Insured_Deposit_Decal_0-300x140.jpg\" alt=\"\" width=\"300\" height=\"140\" srcset=\"https:\/\/www.caissealliance.com\/wp-content\/uploads\/FSRA-Insured_Deposit_Decal_0-300x140.jpg 300w, https:\/\/www.caissealliance.com\/wp-content\/uploads\/FSRA-Insured_Deposit_Decal_0-250x116.jpg 250w, https:\/\/www.caissealliance.com\/wp-content\/uploads\/FSRA-Insured_Deposit_Decal_0.jpg 600w\" sizes=\"(max-width: 300px) 100vw, 300px\" \/><\/p>\n<p>&nbsp;<\/p>\n<p>&nbsp;<\/p>\n","protected":false},"excerpt":{"rendered":"<p>\u00c0 la caisse Alliance, les d\u00e9p\u00f4ts admissibles (qui ne sont pas vers\u00e9s dans des comptes enregistr\u00e9s) sont assur\u00e9s \u00e0 hauteur de 250 000 $ par le biais de l\u2019Autorit\u00e9 ontarienne de r\u00e9glementation des services financiers (ARSF). Les d\u00e9p\u00f4ts admissibles vers\u00e9s dans tous les comptes enregistr\u00e9s de caisses de l\u2019Ontario b\u00e9n\u00e9ficient d\u2019une protection illimit\u00e9e par l\u2019Autorit\u00e9 [&#8230;]<\/p>\n","protected":false},"author":13,"featured_media":0,"parent":0,"menu_order":284,"comment_status":"closed","ping_status":"closed","template":"page_full.php","meta":{"_acf_changed":false,"_monsterinsights_skip_tracking":false,"_monsterinsights_sitenote_active":false,"_monsterinsights_sitenote_note":"","_monsterinsights_sitenote_category":0,"footnotes":""},"class_list":["post-13896","page","type-page","status-publish","hentry"],"acf":[],"yoast_head":"<!-- This site is optimized with the Yoast SEO plugin v27.4 - https:\/\/yoast.com\/product\/yoast-seo-wordpress\/ -->\n<title>Assurance-d\u00e9p\u00f4ts | Caisse Alliance<\/title>\n<meta name=\"robots\" content=\"index, follow, max-snippet:-1, max-image-preview:large, max-video-preview:-1\" \/>\n<link rel=\"canonical\" href=\"https:\/\/www.caissealliance.com\/fr\/autorite-ontarienne-de-reglementation-des-services-financiers\/\" \/>\n<meta property=\"og:locale\" content=\"fr_FR\" \/>\n<meta property=\"og:type\" content=\"article\" \/>\n<meta property=\"og:title\" content=\"Assurance-d\u00e9p\u00f4ts | Caisse Alliance\" \/>\n<meta property=\"og:description\" content=\"\u00c0 la caisse Alliance, les d\u00e9p\u00f4ts admissibles (qui ne sont pas vers\u00e9s dans des comptes enregistr\u00e9s) sont assur\u00e9s \u00e0 hauteur de 250 000 $ par le biais de l\u2019Autorit\u00e9 ontarienne de r\u00e9glementation des services financiers (ARSF). Les d\u00e9p\u00f4ts admissibles vers\u00e9s dans tous les comptes enregistr\u00e9s de caisses de l\u2019Ontario b\u00e9n\u00e9ficient d\u2019une protection illimit\u00e9e par l\u2019Autorit\u00e9 [...]\" \/>\n<meta property=\"og:url\" content=\"https:\/\/www.caissealliance.com\/fr\/autorite-ontarienne-de-reglementation-des-services-financiers\/\" \/>\n<meta property=\"og:site_name\" content=\"Caisse Alliance\" \/>\n<meta property=\"article:modified_time\" content=\"2024-02-05T17:33:34+00:00\" \/>\n<meta property=\"og:image\" content=\"https:\/\/www.caissealliance.com\/wp-content\/uploads\/FSRA-Insured_Deposit_Decal_0-300x140.jpg\" \/>\n<meta name=\"twitter:card\" content=\"summary_large_image\" \/>\n<meta name=\"twitter:label1\" content=\"Dur\u00e9e de lecture estim\u00e9e\" \/>\n\t<meta name=\"twitter:data1\" content=\"1 minute\" \/>\n<script type=\"application\/ld+json\" class=\"yoast-schema-graph\">{\"@context\":\"https:\\\/\\\/schema.org\",\"@graph\":[{\"@type\":\"WebPage\",\"@id\":\"https:\\\/\\\/www.caissealliance.com\\\/fr\\\/autorite-ontarienne-de-reglementation-des-services-financiers\\\/\",\"url\":\"https:\\\/\\\/www.caissealliance.com\\\/fr\\\/autorite-ontarienne-de-reglementation-des-services-financiers\\\/\",\"name\":\"Assurance-d\u00e9p\u00f4ts | Caisse Alliance\",\"isPartOf\":{\"@id\":\"https:\\\/\\\/www.caissealliance.com\\\/fr\\\/#website\"},\"primaryImageOfPage\":{\"@id\":\"https:\\\/\\\/www.caissealliance.com\\\/fr\\\/autorite-ontarienne-de-reglementation-des-services-financiers\\\/#primaryimage\"},\"image\":{\"@id\":\"https:\\\/\\\/www.caissealliance.com\\\/fr\\\/autorite-ontarienne-de-reglementation-des-services-financiers\\\/#primaryimage\"},\"thumbnailUrl\":\"https:\\\/\\\/www.caissealliance.com\\\/wp-content\\\/uploads\\\/FSRA-Insured_Deposit_Decal_0-300x140.jpg\",\"datePublished\":\"2022-01-11T17:02:15+00:00\",\"dateModified\":\"2024-02-05T17:33:34+00:00\",\"breadcrumb\":{\"@id\":\"https:\\\/\\\/www.caissealliance.com\\\/fr\\\/autorite-ontarienne-de-reglementation-des-services-financiers\\\/#breadcrumb\"},\"inLanguage\":\"fr-FR\",\"potentialAction\":[{\"@type\":\"ReadAction\",\"target\":[\"https:\\\/\\\/www.caissealliance.com\\\/fr\\\/autorite-ontarienne-de-reglementation-des-services-financiers\\\/\"]}]},{\"@type\":\"ImageObject\",\"inLanguage\":\"fr-FR\",\"@id\":\"https:\\\/\\\/www.caissealliance.com\\\/fr\\\/autorite-ontarienne-de-reglementation-des-services-financiers\\\/#primaryimage\",\"url\":\"https:\\\/\\\/www.caissealliance.com\\\/wp-content\\\/uploads\\\/FSRA-Insured_Deposit_Decal_0-300x140.jpg\",\"contentUrl\":\"https:\\\/\\\/www.caissealliance.com\\\/wp-content\\\/uploads\\\/FSRA-Insured_Deposit_Decal_0-300x140.jpg\"},{\"@type\":\"BreadcrumbList\",\"@id\":\"https:\\\/\\\/www.caissealliance.com\\\/fr\\\/autorite-ontarienne-de-reglementation-des-services-financiers\\\/#breadcrumb\",\"itemListElement\":[{\"@type\":\"ListItem\",\"position\":1,\"name\":\"Home\",\"item\":\"https:\\\/\\\/www.caissealliance.com\\\/fr\\\/\"},{\"@type\":\"ListItem\",\"position\":2,\"name\":\"Assurance-d\u00e9p\u00f4ts\"}]},{\"@type\":\"WebSite\",\"@id\":\"https:\\\/\\\/www.caissealliance.com\\\/fr\\\/#website\",\"url\":\"https:\\\/\\\/www.caissealliance.com\\\/fr\\\/\",\"name\":\"Caisse Alliance\",\"description\":\"Site Web de la Caisse Alliance\",\"potentialAction\":[{\"@type\":\"SearchAction\",\"target\":{\"@type\":\"EntryPoint\",\"urlTemplate\":\"https:\\\/\\\/www.caissealliance.com\\\/fr\\\/?s={search_term_string}\"},\"query-input\":{\"@type\":\"PropertyValueSpecification\",\"valueRequired\":true,\"valueName\":\"search_term_string\"}}],\"inLanguage\":\"fr-FR\"}]}<\/script>\n<!-- \/ Yoast SEO plugin. -->","yoast_head_json":{"title":"Assurance-d\u00e9p\u00f4ts | Caisse Alliance","robots":{"index":"index","follow":"follow","max-snippet":"max-snippet:-1","max-image-preview":"max-image-preview:large","max-video-preview":"max-video-preview:-1"},"canonical":"https:\/\/www.caissealliance.com\/fr\/autorite-ontarienne-de-reglementation-des-services-financiers\/","og_locale":"fr_FR","og_type":"article","og_title":"Assurance-d\u00e9p\u00f4ts | Caisse Alliance","og_description":"\u00c0 la caisse Alliance, les d\u00e9p\u00f4ts admissibles (qui ne sont pas vers\u00e9s dans des comptes enregistr\u00e9s) sont assur\u00e9s \u00e0 hauteur de 250 000 $ par le biais de l\u2019Autorit\u00e9 ontarienne de r\u00e9glementation des services financiers (ARSF). Les d\u00e9p\u00f4ts admissibles vers\u00e9s dans tous les comptes enregistr\u00e9s de caisses de l\u2019Ontario b\u00e9n\u00e9ficient d\u2019une protection illimit\u00e9e par l\u2019Autorit\u00e9 [...]","og_url":"https:\/\/www.caissealliance.com\/fr\/autorite-ontarienne-de-reglementation-des-services-financiers\/","og_site_name":"Caisse Alliance","article_modified_time":"2024-02-05T17:33:34+00:00","og_image":[{"url":"https:\/\/www.caissealliance.com\/wp-content\/uploads\/FSRA-Insured_Deposit_Decal_0-300x140.jpg","type":"","width":"","height":""}],"twitter_card":"summary_large_image","twitter_misc":{"Dur\u00e9e de lecture estim\u00e9e":"1 minute"},"schema":{"@context":"https:\/\/schema.org","@graph":[{"@type":"WebPage","@id":"https:\/\/www.caissealliance.com\/fr\/autorite-ontarienne-de-reglementation-des-services-financiers\/","url":"https:\/\/www.caissealliance.com\/fr\/autorite-ontarienne-de-reglementation-des-services-financiers\/","name":"Assurance-d\u00e9p\u00f4ts | Caisse Alliance","isPartOf":{"@id":"https:\/\/www.caissealliance.com\/fr\/#website"},"primaryImageOfPage":{"@id":"https:\/\/www.caissealliance.com\/fr\/autorite-ontarienne-de-reglementation-des-services-financiers\/#primaryimage"},"image":{"@id":"https:\/\/www.caissealliance.com\/fr\/autorite-ontarienne-de-reglementation-des-services-financiers\/#primaryimage"},"thumbnailUrl":"https:\/\/www.caissealliance.com\/wp-content\/uploads\/FSRA-Insured_Deposit_Decal_0-300x140.jpg","datePublished":"2022-01-11T17:02:15+00:00","dateModified":"2024-02-05T17:33:34+00:00","breadcrumb":{"@id":"https:\/\/www.caissealliance.com\/fr\/autorite-ontarienne-de-reglementation-des-services-financiers\/#breadcrumb"},"inLanguage":"fr-FR","potentialAction":[{"@type":"ReadAction","target":["https:\/\/www.caissealliance.com\/fr\/autorite-ontarienne-de-reglementation-des-services-financiers\/"]}]},{"@type":"ImageObject","inLanguage":"fr-FR","@id":"https:\/\/www.caissealliance.com\/fr\/autorite-ontarienne-de-reglementation-des-services-financiers\/#primaryimage","url":"https:\/\/www.caissealliance.com\/wp-content\/uploads\/FSRA-Insured_Deposit_Decal_0-300x140.jpg","contentUrl":"https:\/\/www.caissealliance.com\/wp-content\/uploads\/FSRA-Insured_Deposit_Decal_0-300x140.jpg"},{"@type":"BreadcrumbList","@id":"https:\/\/www.caissealliance.com\/fr\/autorite-ontarienne-de-reglementation-des-services-financiers\/#breadcrumb","itemListElement":[{"@type":"ListItem","position":1,"name":"Home","item":"https:\/\/www.caissealliance.com\/fr\/"},{"@type":"ListItem","position":2,"name":"Assurance-d\u00e9p\u00f4ts"}]},{"@type":"WebSite","@id":"https:\/\/www.caissealliance.com\/fr\/#website","url":"https:\/\/www.caissealliance.com\/fr\/","name":"Caisse Alliance","description":"Site Web de la Caisse Alliance","potentialAction":[{"@type":"SearchAction","target":{"@type":"EntryPoint","urlTemplate":"https:\/\/www.caissealliance.com\/fr\/?s={search_term_string}"},"query-input":{"@type":"PropertyValueSpecification","valueRequired":true,"valueName":"search_term_string"}}],"inLanguage":"fr-FR"}]}},"publishpress_future_action":{"enabled":false,"date":"2026-05-05 19:18:20","action":"change-status","newStatus":"draft","terms":[],"taxonomy":"section","extraData":[]},"publishpress_future_workflow_manual_trigger":{"enabledWorkflows":[]},"_links":{"self":[{"href":"https:\/\/www.caissealliance.com\/fr\/wp-json\/wp\/v2\/pages\/13896","targetHints":{"allow":["GET"]}}],"collection":[{"href":"https:\/\/www.caissealliance.com\/fr\/wp-json\/wp\/v2\/pages"}],"about":[{"href":"https:\/\/www.caissealliance.com\/fr\/wp-json\/wp\/v2\/types\/page"}],"author":[{"embeddable":true,"href":"https:\/\/www.caissealliance.com\/fr\/wp-json\/wp\/v2\/users\/13"}],"replies":[{"embeddable":true,"href":"https:\/\/www.caissealliance.com\/fr\/wp-json\/wp\/v2\/comments?post=13896"}],"version-history":[{"count":7,"href":"https:\/\/www.caissealliance.com\/fr\/wp-json\/wp\/v2\/pages\/13896\/revisions"}],"predecessor-version":[{"id":22846,"href":"https:\/\/www.caissealliance.com\/fr\/wp-json\/wp\/v2\/pages\/13896\/revisions\/22846"}],"wp:attachment":[{"href":"https:\/\/www.caissealliance.com\/fr\/wp-json\/wp\/v2\/media?parent=13896"}],"curies":[{"name":"wp","href":"https:\/\/api.w.org\/{rel}","templated":true}]}}