{"id":13835,"date":"2021-12-30T12:06:04","date_gmt":"2021-12-30T17:06:04","guid":{"rendered":"https:\/\/www.caissealliance.com\/?page_id=13835"},"modified":"2024-06-14T10:40:44","modified_gmt":"2024-06-14T14:40:44","slug":"code-de-conduite-du-marche","status":"publish","type":"page","link":"https:\/\/www.caissealliance.com\/fr\/code-de-conduite-du-marche\/","title":{"rendered":"Code de conduite du march\u00e9 de la Caisse Alliance"},"content":{"rendered":"<h1><strong>INTRODUCTION\u00a0: LES PRINCIPES DU CODE<a name=\"_Toc70590232\"><\/a><\/strong><\/h1>\n<p>Les caisses sont des institutions \u00e0 caract\u00e8re unique. Pr\u00e9sentes au Canada depuis plus de 100\u00a0ans, les caisses sont des coop\u00e9ratives financi\u00e8res dont l\u2019administration et le financement ont tr\u00e8s peu \u00e0 voir avec le fonctionnement d\u2019une banque. Dans une caisse, ce sont les membres qui sont actionnaires. \u00catre membre d\u2019une caisse, c\u2019est contribuer \u00e0 sa prosp\u00e9rit\u00e9.<\/p>\n<p><a name=\"_Toc70590233\"><\/a>\u00c0 la Caisse Alliance (la Caisse), notre priorit\u00e9 est d\u2019offrir des produits et des services de qualit\u00e9 \u00e0 nos membres, et nous sommes d\u00e9termin\u00e9s \u00e0 faire en sorte qu\u2019ils soient enti\u00e8rement satisfaits des services qu\u2019ils re\u00e7oivent.<\/p>\n<h1><a name=\"_Toc70590234\"><\/a>Pr\u00e9sentation du code de conduite du march\u00e9<\/h1>\n<p><a name=\"_Toc70590235\"><\/a>Le code reconna\u00eet les principes que nous nous engageons \u00e0 respecter dans les activit\u00e9s de sollicitation, de promotion, de publicit\u00e9, de mise en march\u00e9, de vente et de distribution que nous menons pour vendre nos produits et services. Le code t\u00e9moigne de notre engagement \u00e0 traiter de fa\u00e7on \u00e9quitable quiconque utilise nos services. Nous croyons aux pratiques commerciales justes, \u00e0 l\u2019acc\u00e8s complet aux services bancaires, \u00e0 la transparence et \u00e0 l\u2019ouverture ainsi qu\u2019au traitement des plaintes fond\u00e9 sur une approche raisonnable. Chaque personne est en droit de recevoir des services con\u00e7us pour servir ses int\u00e9r\u00eats financiers de la meilleure fa\u00e7on qui soit.<\/p>\n<p><a name=\"_Toc70590236\"><\/a>Nous respectons nos obligations r\u00e9glementaires provinciales et visons constamment l\u2019excellence quant \u00e0 la protection des consommateurs. Notre code s\u2019articule autour des cinq principes fondamentaux suivants\u00a0:<\/p>\n<p><a name=\"_Toc70590237\"><\/a><strong>Pratiques commerciales<\/strong>\u00a0: Nous nous engageons \u00e0 offrir un service de premi\u00e8re qualit\u00e9 \u00e0 chacun de nos membres et de nos clients qui utilisent nos produits et services. Cet engagement est au centre de notre culture de gouvernance et d\u2019entreprise.<\/p>\n<p><a name=\"_Toc70590238\"><\/a><strong>Traitement \u00e9quitable et pratiques de vente raisonnables<\/strong>\u00a0: Traiter nos membres et nos clients de fa\u00e7on \u00e9quitable et utiliser des pratiques de vente raisonnables en tout temps fait partie int\u00e9grante de nos pratiques commerciales.<\/p>\n<p><a name=\"_Toc70590239\"><\/a><strong>Acc\u00e8s aux services bancaires<\/strong> : Nous voyons \u00e0 ce que chaque membre et chaque client de la Caisse ait acc\u00e8s \u00e0 des services financiers de base.<\/p>\n<p><a name=\"_Toc70590240\"><\/a><strong>Transparence et divulgation<\/strong> : La Caisse d\u00e9crit ses produits et services dans un langage clair dans chacune de ses communications afin d\u2019aider les gens \u00e0 prendre des d\u00e9cisions \u00e9clair\u00e9es.<\/p>\n<p><a name=\"_Toc70590241\"><\/a><strong>Traitement des plaintes<\/strong>\u00a0: Nous \u00e9tudions toutes les plaintes, prenons les mesures n\u00e9cessaires pour les r\u00e9gler de fa\u00e7on juste et en tenons compte afin de continuellement am\u00e9liorer nos pratiques.<\/p>\n<p>&nbsp;<\/p>\n<p>Veuillez <a href=\"https:\/\/www.caissealliance.com\/wp-content\/uploads\/Code-de-conduite-de-lindustrie-Sommaire-FRA-1.pdf\">cliquer ici<\/a>\u00a0pour le sommaire du code de conduite du march\u00e9.<\/p>\n<p>&nbsp;<\/p>\n<p>&nbsp;<\/p>\n","protected":false},"excerpt":{"rendered":"<p>Les caisses sont des institutions \u00e0 caract\u00e8re unique. Pr\u00e9sentes au Canada depuis plus de 100\u00a0ans, les caisses sont des coop\u00e9ratives financi\u00e8res dont l\u2019administration et le financement ont tr\u00e8s peu \u00e0 voir avec le fonctionnement d\u2019une banque. Dans une caisse, ce sont les membres qui sont actionnaires. \u00catre membre d\u2019une caisse, c\u2019est contribuer \u00e0 sa prosp\u00e9rit\u00e9. [&#8230;]<\/p>\n","protected":false},"author":13,"featured_media":0,"parent":0,"menu_order":294,"comment_status":"closed","ping_status":"closed","template":"page_full.php","meta":{"_acf_changed":false,"_monsterinsights_skip_tracking":false,"_monsterinsights_sitenote_active":false,"_monsterinsights_sitenote_note":"","_monsterinsights_sitenote_category":0,"footnotes":""},"class_list":["post-13835","page","type-page","status-publish","hentry"],"acf":[],"yoast_head":"<!-- This site is optimized with the Yoast SEO plugin v27.4 - https:\/\/yoast.com\/product\/yoast-seo-wordpress\/ -->\n<title>Code de conduite du march\u00e9 de la Caisse Alliance | Caisse Alliance<\/title>\n<meta name=\"robots\" content=\"index, follow, max-snippet:-1, max-image-preview:large, max-video-preview:-1\" \/>\n<link rel=\"canonical\" href=\"https:\/\/www.caissealliance.com\/fr\/code-de-conduite-du-marche\/\" \/>\n<meta property=\"og:locale\" content=\"fr_FR\" \/>\n<meta property=\"og:type\" content=\"article\" \/>\n<meta property=\"og:title\" content=\"Code de conduite du march\u00e9 de la Caisse Alliance | Caisse Alliance\" \/>\n<meta property=\"og:description\" content=\"Les caisses sont des institutions \u00e0 caract\u00e8re unique. Pr\u00e9sentes au Canada depuis plus de 100\u00a0ans, les caisses sont des coop\u00e9ratives financi\u00e8res dont l\u2019administration et le financement ont tr\u00e8s peu \u00e0 voir avec le fonctionnement d\u2019une banque. Dans une caisse, ce sont les membres qui sont actionnaires. \u00catre membre d\u2019une caisse, c\u2019est contribuer \u00e0 sa prosp\u00e9rit\u00e9. [...]\" \/>\n<meta property=\"og:url\" content=\"https:\/\/www.caissealliance.com\/fr\/code-de-conduite-du-marche\/\" \/>\n<meta property=\"og:site_name\" content=\"Caisse Alliance\" \/>\n<meta property=\"article:modified_time\" content=\"2024-06-14T14:40:44+00:00\" \/>\n<meta name=\"twitter:card\" content=\"summary_large_image\" \/>\n<meta name=\"twitter:label1\" content=\"Dur\u00e9e de lecture estim\u00e9e\" \/>\n\t<meta name=\"twitter:data1\" content=\"3 minutes\" \/>\n<script type=\"application\/ld+json\" class=\"yoast-schema-graph\">{\"@context\":\"https:\\\/\\\/schema.org\",\"@graph\":[{\"@type\":\"WebPage\",\"@id\":\"https:\\\/\\\/www.caissealliance.com\\\/fr\\\/code-de-conduite-du-marche\\\/\",\"url\":\"https:\\\/\\\/www.caissealliance.com\\\/fr\\\/code-de-conduite-du-marche\\\/\",\"name\":\"Code de conduite du march\u00e9 de la Caisse Alliance | Caisse Alliance\",\"isPartOf\":{\"@id\":\"https:\\\/\\\/www.caissealliance.com\\\/fr\\\/#website\"},\"datePublished\":\"2021-12-30T17:06:04+00:00\",\"dateModified\":\"2024-06-14T14:40:44+00:00\",\"breadcrumb\":{\"@id\":\"https:\\\/\\\/www.caissealliance.com\\\/fr\\\/code-de-conduite-du-marche\\\/#breadcrumb\"},\"inLanguage\":\"fr-FR\",\"potentialAction\":[{\"@type\":\"ReadAction\",\"target\":[\"https:\\\/\\\/www.caissealliance.com\\\/fr\\\/code-de-conduite-du-marche\\\/\"]}]},{\"@type\":\"BreadcrumbList\",\"@id\":\"https:\\\/\\\/www.caissealliance.com\\\/fr\\\/code-de-conduite-du-marche\\\/#breadcrumb\",\"itemListElement\":[{\"@type\":\"ListItem\",\"position\":1,\"name\":\"Home\",\"item\":\"https:\\\/\\\/www.caissealliance.com\\\/fr\\\/\"},{\"@type\":\"ListItem\",\"position\":2,\"name\":\"Code de conduite du march\u00e9 de la Caisse Alliance\"}]},{\"@type\":\"WebSite\",\"@id\":\"https:\\\/\\\/www.caissealliance.com\\\/fr\\\/#website\",\"url\":\"https:\\\/\\\/www.caissealliance.com\\\/fr\\\/\",\"name\":\"Caisse Alliance\",\"description\":\"Site Web de la Caisse Alliance\",\"potentialAction\":[{\"@type\":\"SearchAction\",\"target\":{\"@type\":\"EntryPoint\",\"urlTemplate\":\"https:\\\/\\\/www.caissealliance.com\\\/fr\\\/?s={search_term_string}\"},\"query-input\":{\"@type\":\"PropertyValueSpecification\",\"valueRequired\":true,\"valueName\":\"search_term_string\"}}],\"inLanguage\":\"fr-FR\"}]}<\/script>\n<!-- \/ Yoast SEO plugin. -->","yoast_head_json":{"title":"Code de conduite du march\u00e9 de la Caisse Alliance | Caisse Alliance","robots":{"index":"index","follow":"follow","max-snippet":"max-snippet:-1","max-image-preview":"max-image-preview:large","max-video-preview":"max-video-preview:-1"},"canonical":"https:\/\/www.caissealliance.com\/fr\/code-de-conduite-du-marche\/","og_locale":"fr_FR","og_type":"article","og_title":"Code de conduite du march\u00e9 de la Caisse Alliance | Caisse Alliance","og_description":"Les caisses sont des institutions \u00e0 caract\u00e8re unique. Pr\u00e9sentes au Canada depuis plus de 100\u00a0ans, les caisses sont des coop\u00e9ratives financi\u00e8res dont l\u2019administration et le financement ont tr\u00e8s peu \u00e0 voir avec le fonctionnement d\u2019une banque. Dans une caisse, ce sont les membres qui sont actionnaires. \u00catre membre d\u2019une caisse, c\u2019est contribuer \u00e0 sa prosp\u00e9rit\u00e9. [...]","og_url":"https:\/\/www.caissealliance.com\/fr\/code-de-conduite-du-marche\/","og_site_name":"Caisse Alliance","article_modified_time":"2024-06-14T14:40:44+00:00","twitter_card":"summary_large_image","twitter_misc":{"Dur\u00e9e de lecture estim\u00e9e":"3 minutes"},"schema":{"@context":"https:\/\/schema.org","@graph":[{"@type":"WebPage","@id":"https:\/\/www.caissealliance.com\/fr\/code-de-conduite-du-marche\/","url":"https:\/\/www.caissealliance.com\/fr\/code-de-conduite-du-marche\/","name":"Code de conduite du march\u00e9 de la Caisse Alliance | Caisse Alliance","isPartOf":{"@id":"https:\/\/www.caissealliance.com\/fr\/#website"},"datePublished":"2021-12-30T17:06:04+00:00","dateModified":"2024-06-14T14:40:44+00:00","breadcrumb":{"@id":"https:\/\/www.caissealliance.com\/fr\/code-de-conduite-du-marche\/#breadcrumb"},"inLanguage":"fr-FR","potentialAction":[{"@type":"ReadAction","target":["https:\/\/www.caissealliance.com\/fr\/code-de-conduite-du-marche\/"]}]},{"@type":"BreadcrumbList","@id":"https:\/\/www.caissealliance.com\/fr\/code-de-conduite-du-marche\/#breadcrumb","itemListElement":[{"@type":"ListItem","position":1,"name":"Home","item":"https:\/\/www.caissealliance.com\/fr\/"},{"@type":"ListItem","position":2,"name":"Code de conduite du march\u00e9 de la Caisse Alliance"}]},{"@type":"WebSite","@id":"https:\/\/www.caissealliance.com\/fr\/#website","url":"https:\/\/www.caissealliance.com\/fr\/","name":"Caisse Alliance","description":"Site Web de la Caisse Alliance","potentialAction":[{"@type":"SearchAction","target":{"@type":"EntryPoint","urlTemplate":"https:\/\/www.caissealliance.com\/fr\/?s={search_term_string}"},"query-input":{"@type":"PropertyValueSpecification","valueRequired":true,"valueName":"search_term_string"}}],"inLanguage":"fr-FR"}]}},"publishpress_future_action":{"enabled":false,"date":"2026-05-05 19:22:37","action":"change-status","newStatus":"draft","terms":[],"taxonomy":"section","extraData":[]},"publishpress_future_workflow_manual_trigger":{"enabledWorkflows":[]},"_links":{"self":[{"href":"https:\/\/www.caissealliance.com\/fr\/wp-json\/wp\/v2\/pages\/13835","targetHints":{"allow":["GET"]}}],"collection":[{"href":"https:\/\/www.caissealliance.com\/fr\/wp-json\/wp\/v2\/pages"}],"about":[{"href":"https:\/\/www.caissealliance.com\/fr\/wp-json\/wp\/v2\/types\/page"}],"author":[{"embeddable":true,"href":"https:\/\/www.caissealliance.com\/fr\/wp-json\/wp\/v2\/users\/13"}],"replies":[{"embeddable":true,"href":"https:\/\/www.caissealliance.com\/fr\/wp-json\/wp\/v2\/comments?post=13835"}],"version-history":[{"count":18,"href":"https:\/\/www.caissealliance.com\/fr\/wp-json\/wp\/v2\/pages\/13835\/revisions"}],"predecessor-version":[{"id":27505,"href":"https:\/\/www.caissealliance.com\/fr\/wp-json\/wp\/v2\/pages\/13835\/revisions\/27505"}],"wp:attachment":[{"href":"https:\/\/www.caissealliance.com\/fr\/wp-json\/wp\/v2\/media?parent=13835"}],"curies":[{"name":"wp","href":"https:\/\/api.w.org\/{rel}","templated":true}]}}