{"id":12463,"date":"2021-05-04T09:26:26","date_gmt":"2021-05-04T13:26:26","guid":{"rendered":"https:\/\/www.caissealliance.com\/?page_id=12463"},"modified":"2025-05-29T15:12:21","modified_gmt":"2025-05-29T19:12:21","slug":"nouveaux-arrivants","status":"publish","type":"page","link":"https:\/\/www.caissealliance.com\/fr\/services\/nouveaux-arrivants\/","title":{"rendered":"Nouveaux arrivants"},"content":{"rendered":"<h1 class=\"h1variant3\">Offre pour les nouveaux arrivants au Canada<\/h1>\n<p>Nous d\u00e9sirons vous souhaiter la bienvenue au Canada. C&#8217;est pourquoi nous vous proposons notre offre pour les nouveaux arrivants.<\/p>\n<p>Elle comprend un <strong>compte avec forfait mensuel sans frais<\/strong>, qui inclut un <strong>nombre illimit\u00e9 de transactions<\/strong> pendant un an, le tout pour faciliter ce grand projet de vie.<\/p>\n<p>Si vous le d\u00e9sirez, nous vous offrons aussi un <strong>coffret de s\u00fbret\u00e9 de base<\/strong> pendant un an pour entreposer vos documents et vos objets de valeur.<\/p>\n<p><a href=\"https:\/\/www.caissealliance.com\/wp-content\/uploads\/CA-d\u00e9pliant-nouveaux-arrivants-mai-2021.pdf\" target=\"_blank\" rel=\"noopener noreferrer\"><strong>Consultez notre d\u00e9pliant informatif<\/strong><\/a><\/p>\n<p>D&#8217;autres avantages d&#8217;ouvrir un compte avec nous :<\/p>\n<ul>\n<li>L&#8217;application services mobiles pour faire vos transactions en quelques clics.<\/li>\n<li>Des virements internationaux en ligne, jusqu&#8217;\u00e0 5 000 $ par jour, pour transf\u00e9rer de l&#8217;argent sans d\u00e9placement, s\u00e9curitairement, ou et quand vous le voulez.<\/li>\n<li>Des retraits gratuits &#8211; faciles \u00e0 faire gr\u00e2ce \u00e0 notre vaste r\u00e9seau de guichets automatiques.<\/li>\n<\/ul>\n<h3>Les essentiels pour transiger au Canada<\/h3>\n<p><strong>Un compte :<\/strong> Un compte dans une institution financi\u00e8re est indispensable pour effectuer vos transactions courantes telles que les d\u00e9p\u00f4ts, les retraits, les virements de fonds, etc.<\/p>\n<p><strong>Un carte de d\u00e9bit :<\/strong> En ouvrant votre compte, nous vous remettrons une carte de d\u00e9bit qui servira \u00e0 payer vos achats en magasin.<\/p>\n<p><strong>Une carte de cr\u00e9dit :<\/strong> L&#8217;utilisation des cartes de cr\u00e9dit est tr\u00e8s r\u00e9pandue au Canada. Vous pourrez l&#8217;utiliser pour payer vos achats presque partout. Il est important de savoir que contrairement \u00e0 la carte de d\u00e9bit, les montants de vos achats ne sont pas pr\u00e9lev\u00e9s automatiquement dans votre compte, mais r\u00e9glables qu&#8217;\u00e0 l&#8217;\u00e9ch\u00e9ance mensuelle du compte.<\/p>\n<p>&nbsp;<\/p>\n<h3>Foire aux questions<\/h3>\n<p><strong>Q : Quels sont les documents \u00e0 avoir en main pour ouvrir un compte?<\/strong><\/p>\n<p>R : Votre passeport valide. \u00c0 votre arriv\u00e9e au Canada, pour l&#8217;ouverture de compte, il vous sera demand\u00e9 de pr\u00e9senter :<\/p>\n<ul>\n<li>Le document officiel \u00e9mis par le gouvernement du Canada dans le cadre de votre demande d&#8217;immigration (lettre d&#8217;acceptation, permis d&#8217;\u00e9tudes ou permis de travail).<\/li>\n<li>La lettre d&#8217;embauche de votre employeur au Canada (pour les travailleurs).<\/li>\n<\/ul>\n<p><strong>Q : Suis-je admissible \u00e0 cette offre?<\/strong><\/p>\n<p>R : L&#8217;offre pour les nouveaux arrivants au Canada s&#8217;adresse \u00e0 vous si vous n&#8217;\u00eates pas encore membre ou si vous l&#8217;\u00eates depuis moins d&#8217;un an et que vous \u00eates :<\/p>\n<ul>\n<li>un r\u00e9sident permanent vivant au Canada depuis 3 ans ou moins<\/li>\n<li>un travailleur \u00e9tranger temporaire qui d\u00e9tient un permis de travail de plus de 8 mois<\/li>\n<\/ul>\n<p><strong>Q : Pendant combien de temps pourrais-je en profiter?<\/strong><\/p>\n<p>R : L&#8217;offre est valide durant un an.<\/p>\n<p><strong>Q : \u00c0 combien s&#8217;\u00e9l\u00e8veront les frais une fois l&#8217;offre expir\u00e9e?<\/strong><\/p>\n<p>R : L&#8217;offre est valable uniquement sur le forfait l&#8217;Illimit\u00e9. Une fois l&#8217;offre expir\u00e9e, les frais mensuels de ce forfait sont de 13,95 $. Vous pourrez conserver ce forfait ou en choisir un autre mieux adapt\u00e9 \u00e0 vos besoins. Votre forfait peut \u00eatre gratuit, mois apr\u00e8s mois, si vous maintenez le solde minimal mensuel requis, par exemple, 4000 $ pour l&#8217;Illimit\u00e9.<\/p>\n<p>&nbsp;<\/p>\n<h3>Vous souhaitez en savoir plus?<\/h3>\n<p><strong>Venez nous rencontrer!<\/strong><\/p>\n<p>Nos conseillers sont l\u00e0 pour vous \u00e9pauler. Ils se distinguent par leur \u00e9coute et par leur volont\u00e9 de vous fournir un accompagnement de qualit\u00e9.<\/p>\n<p><strong>Vous pouvez nous joindre par t\u00e9l\u00e9phone au <a href=\"tel:18884042246\">1 888 404-2246<\/a>.<\/strong><\/p>\n","protected":false},"excerpt":{"rendered":"<p>Nous d\u00e9sirons vous souhaiter la bienvenue au Canada. C&#8217;est pourquoi nous vous proposons notre offre pour les nouveaux arrivants. Elle comprend un compte avec forfait mensuel sans frais, qui inclut un nombre illimit\u00e9 de transactions pendant un an, le tout pour faciliter ce grand projet de vie. Si vous le d\u00e9sirez, nous vous offrons aussi [&#8230;]<\/p>\n","protected":false},"author":7,"featured_media":12564,"parent":678,"menu_order":9,"comment_status":"closed","ping_status":"closed","template":"","meta":{"_acf_changed":false,"_monsterinsights_skip_tracking":false,"_monsterinsights_sitenote_active":false,"_monsterinsights_sitenote_note":"","_monsterinsights_sitenote_category":0,"footnotes":""},"class_list":["post-12463","page","type-page","status-publish","has-post-thumbnail","hentry","section-services-particulier"],"acf":[],"yoast_head":"<!-- This site is optimized with the Yoast SEO plugin v27.3 - https:\/\/yoast.com\/product\/yoast-seo-wordpress\/ -->\n<title>Nouveaux arrivants | Caisse Alliance<\/title>\n<meta name=\"robots\" content=\"index, follow, max-snippet:-1, max-image-preview:large, max-video-preview:-1\" \/>\n<link rel=\"canonical\" href=\"https:\/\/www.caissealliance.com\/fr\/services\/nouveaux-arrivants\/\" \/>\n<meta property=\"og:locale\" content=\"fr_FR\" \/>\n<meta property=\"og:type\" content=\"article\" \/>\n<meta property=\"og:title\" content=\"Nouveaux arrivants | Caisse Alliance\" \/>\n<meta property=\"og:description\" content=\"Nous d\u00e9sirons vous souhaiter la bienvenue au Canada. C&#8217;est pourquoi nous vous proposons notre offre pour les nouveaux arrivants. Elle comprend un compte avec forfait mensuel sans frais, qui inclut un nombre illimit\u00e9 de transactions pendant un an, le tout pour faciliter ce grand projet de vie. Si vous le d\u00e9sirez, nous vous offrons aussi [...]\" \/>\n<meta property=\"og:url\" content=\"https:\/\/www.caissealliance.com\/fr\/services\/nouveaux-arrivants\/\" \/>\n<meta property=\"og:site_name\" content=\"Caisse Alliance\" \/>\n<meta property=\"article:modified_time\" content=\"2025-05-29T19:12:21+00:00\" \/>\n<meta property=\"og:image\" content=\"https:\/\/www.caissealliance.com\/wp-content\/uploads\/nouveaux-arrivants-post-thumbnail.jpeg\" \/>\n\t<meta property=\"og:image:width\" content=\"1200\" \/>\n\t<meta property=\"og:image:height\" content=\"675\" \/>\n\t<meta property=\"og:image:type\" content=\"image\/jpeg\" \/>\n<meta name=\"twitter:card\" content=\"summary_large_image\" \/>\n<meta name=\"twitter:label1\" content=\"Dur\u00e9e de lecture estim\u00e9e\" \/>\n\t<meta name=\"twitter:data1\" content=\"3 minutes\" \/>\n<script type=\"application\/ld+json\" class=\"yoast-schema-graph\">{\"@context\":\"https:\\\/\\\/schema.org\",\"@graph\":[{\"@type\":\"WebPage\",\"@id\":\"https:\\\/\\\/www.caissealliance.com\\\/fr\\\/services\\\/nouveaux-arrivants\\\/\",\"url\":\"https:\\\/\\\/www.caissealliance.com\\\/fr\\\/services\\\/nouveaux-arrivants\\\/\",\"name\":\"Nouveaux arrivants | Caisse Alliance\",\"isPartOf\":{\"@id\":\"https:\\\/\\\/www.caissealliance.com\\\/fr\\\/#website\"},\"primaryImageOfPage\":{\"@id\":\"https:\\\/\\\/www.caissealliance.com\\\/fr\\\/services\\\/nouveaux-arrivants\\\/#primaryimage\"},\"image\":{\"@id\":\"https:\\\/\\\/www.caissealliance.com\\\/fr\\\/services\\\/nouveaux-arrivants\\\/#primaryimage\"},\"thumbnailUrl\":\"https:\\\/\\\/www.caissealliance.com\\\/wp-content\\\/uploads\\\/nouveaux-arrivants-post-thumbnail.jpeg\",\"datePublished\":\"2021-05-04T13:26:26+00:00\",\"dateModified\":\"2025-05-29T19:12:21+00:00\",\"breadcrumb\":{\"@id\":\"https:\\\/\\\/www.caissealliance.com\\\/fr\\\/services\\\/nouveaux-arrivants\\\/#breadcrumb\"},\"inLanguage\":\"fr-FR\",\"potentialAction\":[{\"@type\":\"ReadAction\",\"target\":[\"https:\\\/\\\/www.caissealliance.com\\\/fr\\\/services\\\/nouveaux-arrivants\\\/\"]}]},{\"@type\":\"ImageObject\",\"inLanguage\":\"fr-FR\",\"@id\":\"https:\\\/\\\/www.caissealliance.com\\\/fr\\\/services\\\/nouveaux-arrivants\\\/#primaryimage\",\"url\":\"https:\\\/\\\/www.caissealliance.com\\\/wp-content\\\/uploads\\\/nouveaux-arrivants-post-thumbnail.jpeg\",\"contentUrl\":\"https:\\\/\\\/www.caissealliance.com\\\/wp-content\\\/uploads\\\/nouveaux-arrivants-post-thumbnail.jpeg\",\"width\":1200,\"height\":675},{\"@type\":\"BreadcrumbList\",\"@id\":\"https:\\\/\\\/www.caissealliance.com\\\/fr\\\/services\\\/nouveaux-arrivants\\\/#breadcrumb\",\"itemListElement\":[{\"@type\":\"ListItem\",\"position\":1,\"name\":\"Home\",\"item\":\"https:\\\/\\\/www.caissealliance.com\\\/fr\\\/\"},{\"@type\":\"ListItem\",\"position\":2,\"name\":\"Services\",\"item\":\"https:\\\/\\\/www.caissealliance.com\\\/fr\\\/services\\\/\"},{\"@type\":\"ListItem\",\"position\":3,\"name\":\"Nouveaux arrivants\"}]},{\"@type\":\"WebSite\",\"@id\":\"https:\\\/\\\/www.caissealliance.com\\\/fr\\\/#website\",\"url\":\"https:\\\/\\\/www.caissealliance.com\\\/fr\\\/\",\"name\":\"Caisse Alliance\",\"description\":\"Site Web de la Caisse Alliance\",\"potentialAction\":[{\"@type\":\"SearchAction\",\"target\":{\"@type\":\"EntryPoint\",\"urlTemplate\":\"https:\\\/\\\/www.caissealliance.com\\\/fr\\\/?s={search_term_string}\"},\"query-input\":{\"@type\":\"PropertyValueSpecification\",\"valueRequired\":true,\"valueName\":\"search_term_string\"}}],\"inLanguage\":\"fr-FR\"}]}<\/script>\n<!-- \/ Yoast SEO plugin. -->","yoast_head_json":{"title":"Nouveaux arrivants | Caisse Alliance","robots":{"index":"index","follow":"follow","max-snippet":"max-snippet:-1","max-image-preview":"max-image-preview:large","max-video-preview":"max-video-preview:-1"},"canonical":"https:\/\/www.caissealliance.com\/fr\/services\/nouveaux-arrivants\/","og_locale":"fr_FR","og_type":"article","og_title":"Nouveaux arrivants | Caisse Alliance","og_description":"Nous d\u00e9sirons vous souhaiter la bienvenue au Canada. C&#8217;est pourquoi nous vous proposons notre offre pour les nouveaux arrivants. Elle comprend un compte avec forfait mensuel sans frais, qui inclut un nombre illimit\u00e9 de transactions pendant un an, le tout pour faciliter ce grand projet de vie. Si vous le d\u00e9sirez, nous vous offrons aussi [...]","og_url":"https:\/\/www.caissealliance.com\/fr\/services\/nouveaux-arrivants\/","og_site_name":"Caisse Alliance","article_modified_time":"2025-05-29T19:12:21+00:00","og_image":[{"width":1200,"height":675,"url":"https:\/\/www.caissealliance.com\/wp-content\/uploads\/nouveaux-arrivants-post-thumbnail.jpeg","type":"image\/jpeg"}],"twitter_card":"summary_large_image","twitter_misc":{"Dur\u00e9e de lecture estim\u00e9e":"3 minutes"},"schema":{"@context":"https:\/\/schema.org","@graph":[{"@type":"WebPage","@id":"https:\/\/www.caissealliance.com\/fr\/services\/nouveaux-arrivants\/","url":"https:\/\/www.caissealliance.com\/fr\/services\/nouveaux-arrivants\/","name":"Nouveaux arrivants | Caisse Alliance","isPartOf":{"@id":"https:\/\/www.caissealliance.com\/fr\/#website"},"primaryImageOfPage":{"@id":"https:\/\/www.caissealliance.com\/fr\/services\/nouveaux-arrivants\/#primaryimage"},"image":{"@id":"https:\/\/www.caissealliance.com\/fr\/services\/nouveaux-arrivants\/#primaryimage"},"thumbnailUrl":"https:\/\/www.caissealliance.com\/wp-content\/uploads\/nouveaux-arrivants-post-thumbnail.jpeg","datePublished":"2021-05-04T13:26:26+00:00","dateModified":"2025-05-29T19:12:21+00:00","breadcrumb":{"@id":"https:\/\/www.caissealliance.com\/fr\/services\/nouveaux-arrivants\/#breadcrumb"},"inLanguage":"fr-FR","potentialAction":[{"@type":"ReadAction","target":["https:\/\/www.caissealliance.com\/fr\/services\/nouveaux-arrivants\/"]}]},{"@type":"ImageObject","inLanguage":"fr-FR","@id":"https:\/\/www.caissealliance.com\/fr\/services\/nouveaux-arrivants\/#primaryimage","url":"https:\/\/www.caissealliance.com\/wp-content\/uploads\/nouveaux-arrivants-post-thumbnail.jpeg","contentUrl":"https:\/\/www.caissealliance.com\/wp-content\/uploads\/nouveaux-arrivants-post-thumbnail.jpeg","width":1200,"height":675},{"@type":"BreadcrumbList","@id":"https:\/\/www.caissealliance.com\/fr\/services\/nouveaux-arrivants\/#breadcrumb","itemListElement":[{"@type":"ListItem","position":1,"name":"Home","item":"https:\/\/www.caissealliance.com\/fr\/"},{"@type":"ListItem","position":2,"name":"Services","item":"https:\/\/www.caissealliance.com\/fr\/services\/"},{"@type":"ListItem","position":3,"name":"Nouveaux arrivants"}]},{"@type":"WebSite","@id":"https:\/\/www.caissealliance.com\/fr\/#website","url":"https:\/\/www.caissealliance.com\/fr\/","name":"Caisse Alliance","description":"Site Web de la Caisse Alliance","potentialAction":[{"@type":"SearchAction","target":{"@type":"EntryPoint","urlTemplate":"https:\/\/www.caissealliance.com\/fr\/?s={search_term_string}"},"query-input":{"@type":"PropertyValueSpecification","valueRequired":true,"valueName":"search_term_string"}}],"inLanguage":"fr-FR"}]}},"publishpress_future_action":{"enabled":false,"date":"2026-04-22 17:56:11","action":"change-status","newStatus":"draft","terms":[],"taxonomy":"section","extraData":[]},"publishpress_future_workflow_manual_trigger":{"enabledWorkflows":[]},"_links":{"self":[{"href":"https:\/\/www.caissealliance.com\/fr\/wp-json\/wp\/v2\/pages\/12463","targetHints":{"allow":["GET"]}}],"collection":[{"href":"https:\/\/www.caissealliance.com\/fr\/wp-json\/wp\/v2\/pages"}],"about":[{"href":"https:\/\/www.caissealliance.com\/fr\/wp-json\/wp\/v2\/types\/page"}],"author":[{"embeddable":true,"href":"https:\/\/www.caissealliance.com\/fr\/wp-json\/wp\/v2\/users\/7"}],"replies":[{"embeddable":true,"href":"https:\/\/www.caissealliance.com\/fr\/wp-json\/wp\/v2\/comments?post=12463"}],"version-history":[{"count":6,"href":"https:\/\/www.caissealliance.com\/fr\/wp-json\/wp\/v2\/pages\/12463\/revisions"}],"predecessor-version":[{"id":32424,"href":"https:\/\/www.caissealliance.com\/fr\/wp-json\/wp\/v2\/pages\/12463\/revisions\/32424"}],"up":[{"embeddable":true,"href":"https:\/\/www.caissealliance.com\/fr\/wp-json\/wp\/v2\/pages\/678"}],"wp:featuredmedia":[{"embeddable":true,"href":"https:\/\/www.caissealliance.com\/fr\/wp-json\/wp\/v2\/media\/12564"}],"wp:attachment":[{"href":"https:\/\/www.caissealliance.com\/fr\/wp-json\/wp\/v2\/media?parent=12463"}],"curies":[{"name":"wp","href":"https:\/\/api.w.org\/{rel}","templated":true}]}}