{"id":12365,"date":"2021-04-29T11:23:17","date_gmt":"2021-04-29T15:23:17","guid":{"rendered":"https:\/\/www.caissealliance.com\/?page_id=12365"},"modified":"2025-05-07T14:17:40","modified_gmt":"2025-05-07T18:17:40","slug":"bilan-social-2020","status":"publish","type":"page","link":"https:\/\/www.caissealliance.com\/fr\/ma-caisse\/implication-sociale\/projets-et-realisations\/bilan-social-2020\/","title":{"rendered":"Bilan social 2020"},"content":{"rendered":"<h1>Bilan social 2020<\/h1>\n<p><iframe title=\"YouTube video player\" src=\"https:\/\/www.youtube.com\/embed\/UMQCRmfd4vg\" width=\"640\" height=\"360\" frameborder=\"0\" allowfullscreen=\"allowfullscreen\"><\/iframe><\/p>\n<p>&nbsp;<\/p>\n<table style=\"width: 763px; height: 342px;\" data-wrap-id=\"table-id-glimg\">\n<tbody>\n<tr data-wrap-id=\"table-row-xwzcm\">\n<td style=\"width: 252px;\" data-wrap-id=\"table-cell-yjewv\"><strong>R\u00e9gions<\/strong><\/td>\n<td style=\"width: 495px;\" data-wrap-id=\"table-cell-mojqe\"><strong>Dons et commandites 2020<\/strong><\/td>\n<\/tr>\n<tr data-wrap-id=\"table-row-sogoz\">\n<td style=\"width: 252px;\" data-wrap-id=\"table-cell-duelq\">R\u00e9gion Nord-Ouest<\/td>\n<td style=\"width: 495px;\" data-wrap-id=\"table-cell-pagri\"><strong>50 006 $ <\/strong>+ <strong>108 500 $ <\/strong>provenant du fonds communautaire<\/td>\n<\/tr>\n<tr data-wrap-id=\"table-row-crrdb\">\n<td style=\"width: 252px;\" data-wrap-id=\"table-cell-htjxj\">R\u00e9gion Nord-Centre<\/td>\n<td style=\"width: 495px;\" data-wrap-id=\"table-cell-yqyyf\"><strong>38 353 $ <\/strong>+ <strong>120 405 $<\/strong> provenant du fonds communautaire<\/td>\n<\/tr>\n<tr data-wrap-id=\"table-row-utrkx\">\n<td style=\"width: 252px;\" data-wrap-id=\"table-cell-loxww\">R\u00e9gion Nord-Est<\/td>\n<td style=\"width: 495px;\" data-wrap-id=\"table-cell-mnsjb\"><strong>47 548 $ <\/strong>+\u00a0<strong>10 000 $ <\/strong>provenant du fonds communautaire<\/td>\n<\/tr>\n<tr data-wrap-id=\"table-row-tliee\">\n<td style=\"width: 252px;\" data-wrap-id=\"table-cell-sqmmc\">R\u00e9gion Nipissing-Ouest<\/td>\n<td style=\"width: 495px;\" data-wrap-id=\"table-cell-tfcem\"><strong>66 480 $<\/strong><\/td>\n<\/tr>\n<tr data-wrap-id=\"table-row-bexzj\">\n<td style=\"width: 252px;\" data-wrap-id=\"table-cell-kpxmj\">R\u00e9gion Nipissing-Centre<\/td>\n<td style=\"width: 495px;\" data-wrap-id=\"table-cell-ihmtw\"><strong>19 674 $ + 8419 $ <\/strong>provenant du fonds communautaire<\/td>\n<\/tr>\n<tr data-wrap-id=\"table-row-sxqgr\">\n<td style=\"width: 252px;\" data-wrap-id=\"table-cell-lticl\">R\u00e9gion Nipissing-Est<\/td>\n<td style=\"width: 495px;\" data-wrap-id=\"table-cell-qgnvi\"><strong>44 700 $ <\/strong>+ <strong>100\u00a0000 $\u00a0<\/strong> provenant du fonds communautaire<\/td>\n<\/tr>\n<tr data-wrap-id=\"table-row-okfbu\">\n<td style=\"width: 252px;\" data-wrap-id=\"table-cell-hxafe\">Si\u00e8ge social<\/td>\n<td style=\"width: 495px;\" data-wrap-id=\"table-cell-wxiyq\"><strong>24 992 $<\/strong><\/td>\n<\/tr>\n<tr data-wrap-id=\"table-row-fjyti\">\n<td style=\"width: 252px;\" data-wrap-id=\"table-cell-euqsr\"><strong>TOTAL<\/strong><\/td>\n<td style=\"width: 495px;\" data-wrap-id=\"table-cell-qqzhr\"><strong>639 077 $<\/strong><\/td>\n<\/tr>\n<\/tbody>\n<\/table>\n<h2>Caisse Alliance<\/h2>\n<h3>Dons et commandites en 2020<\/h3>\n<p><strong>639 077 $<\/strong><\/p>\n<p>En 2020, la Caisse a maintenu sa distinction coop\u00e9rative en versant une somme de <u>639 077 $<\/u> \u00e0 ses communaut\u00e9s sous forme de dons et commandites, incluant le fonds communautaire. Fid\u00e8le \u00e0 sa mission, sa vision et ses valeurs, la Caisse est \u00e0 l\u2019\u00e9coute des besoins des communaut\u00e9s desservies et investi aupr\u00e8s d\u2019organisations locales \u00e0 vocation culturelle, sociale, \u00e9ducative, sportive, m\u00e9dicale, \u00e9conomique et communautaire. Ce bilan s\u2019inscrit dans le prolongement de ce qui nous distingue en tant que coop\u00e9rative.<\/p>\n<h2>R\u00e9gion Nord-Ouest<\/h2>\n<p><strong>50 006 $ <\/strong>+ <strong>108 500 $ <\/strong>provenant du fonds communautaire<\/p>\n<div class=\"page\" title=\"Page 20\">\n<div class=\"section\">\n<div class=\"layoutArea\">\n<div class=\"column\">\n<p>L\u2019anne\u0301e 2020 nous a permis de mettre en e\u0301vidence nos valeurs coope\u0301ratives et de mettre celles-ci au service de nos communaute\u0301s. La re\u0301gion Nord- Ouest (Hearst, Longlac, Mattice) a verse\u0301 la somme de 158 506 $ en dons et commandites pour appuyer 62 organisations ou activite\u0301s locales, et nos employe\u0301s ont offert environ 1200 heures de be\u0301ne\u0301volat a\u0300 40 organisations communautaires.<\/p>\n<\/div>\n<\/div>\n<\/div>\n<\/div>\n<h1><img fetchpriority=\"high\" decoding=\"async\" class=\"alignnone size-full wp-image-12378\" src=\"https:\/\/www.caissealliance.com\/wp-content\/uploads\/nord-ouest-CAH-achat-\u00e9quipement.jpg\" alt=\"\" width=\"1071\" height=\"677\" srcset=\"https:\/\/www.caissealliance.com\/wp-content\/uploads\/nord-ouest-CAH-achat-\u00e9quipement.jpg 1071w, https:\/\/www.caissealliance.com\/wp-content\/uploads\/nord-ouest-CAH-achat-\u00e9quipement-300x190.jpg 300w, https:\/\/www.caissealliance.com\/wp-content\/uploads\/nord-ouest-CAH-achat-\u00e9quipement-1024x647.jpg 1024w, https:\/\/www.caissealliance.com\/wp-content\/uploads\/nord-ouest-CAH-achat-\u00e9quipement-768x485.jpg 768w, https:\/\/www.caissealliance.com\/wp-content\/uploads\/nord-ouest-CAH-achat-\u00e9quipement-250x158.jpg 250w\" sizes=\"(max-width: 1071px) 100vw, 1071px\" \/><\/h1>\n<h2>R\u00e9gion Nord-Centre<\/h2>\n<p><strong>38 353 $ <\/strong>+ <strong>120 405 $<\/strong> provenant du fonds communautaire<\/p>\n<div class=\"page\" title=\"Page 22\">\n<div class=\"section\">\n<div class=\"layoutArea\">\n<div class=\"column\">\n<p>La somme de 158 758 $ a e\u0301te\u0301 verse\u0301e en dons et commandites dans la re\u0301gion de Smooth Rock Falls a\u0300 Opasatika au cours de l\u2019anne\u0301e 2020. La re\u0301gion Nord-Centre de la Caisse Alliance est pre\u0300s de ses membres depuis 80 ans (oui, de\u0301ja\u0300!), pande\u0301mie ou pas. Elle s\u2019est tout de me\u0302me engage\u0301e dans diffe\u0301rentes initiatives communautaires et notre personnel a sie\u0301ge\u0301 a\u0300 divers conseils d\u2019administration et comite\u0301s, en plus de participer de fac\u0327on virtuelle a\u0300 maintes campagnes de sensibilisation et activite\u0301s communautaires dans la re\u0301gion de Kapuskasing.<\/p>\n<\/div>\n<\/div>\n<\/div>\n<\/div>\n<p><img decoding=\"async\" class=\"alignnone size-full wp-image-12385\" src=\"https:\/\/www.caissealliance.com\/wp-content\/uploads\/kap-pere-noel-mystere.jpg\" alt=\"\" width=\"1200\" height=\"900\" srcset=\"https:\/\/www.caissealliance.com\/wp-content\/uploads\/kap-pere-noel-mystere.jpg 1200w, https:\/\/www.caissealliance.com\/wp-content\/uploads\/kap-pere-noel-mystere-300x225.jpg 300w, https:\/\/www.caissealliance.com\/wp-content\/uploads\/kap-pere-noel-mystere-1024x768.jpg 1024w, https:\/\/www.caissealliance.com\/wp-content\/uploads\/kap-pere-noel-mystere-768x576.jpg 768w, https:\/\/www.caissealliance.com\/wp-content\/uploads\/kap-pere-noel-mystere-250x188.jpg 250w\" sizes=\"(max-width: 1200px) 100vw, 1200px\" \/><\/p>\n<h2>R\u00e9gion Nord-Est<\/h2>\n<p><strong>47 548 $ <\/strong>+\u00a0<strong>10 000 $ <\/strong>provenant du fonds communautaire<\/p>\n<div class=\"page\" title=\"Page 24\">\n<div class=\"section\">\n<div class=\"layoutArea\">\n<div class=\"column\">\n<p>La Caisse Alliance est fie\u0300re d\u2019avoir verse\u0301 57 548 $ en dons et commandites malgre\u0301 les restrictions que la COVID-19 nous a impose\u0301es. Notre engagement communautaire a\u0300 Timmins, Iroquois Falls et Val Gagne\u0301 demeure au c\u0153ur de nos valeurs coope\u0301ratives. La Caisse a appuye\u0301 financie\u0300rement plusieurs e\u0301ve\u0301nements et organisations touchant divers domaines.<\/p>\n<\/div>\n<\/div>\n<\/div>\n<\/div>\n<p><img decoding=\"async\" class=\"alignnone size-full wp-image-12389\" src=\"https:\/\/www.caissealliance.com\/wp-content\/uploads\/timmins-neofacs-noel.jpg\" alt=\"\" width=\"1400\" height=\"917\" srcset=\"https:\/\/www.caissealliance.com\/wp-content\/uploads\/timmins-neofacs-noel.jpg 1400w, https:\/\/www.caissealliance.com\/wp-content\/uploads\/timmins-neofacs-noel-300x197.jpg 300w, https:\/\/www.caissealliance.com\/wp-content\/uploads\/timmins-neofacs-noel-1024x671.jpg 1024w, https:\/\/www.caissealliance.com\/wp-content\/uploads\/timmins-neofacs-noel-768x503.jpg 768w, https:\/\/www.caissealliance.com\/wp-content\/uploads\/timmins-neofacs-noel-250x164.jpg 250w\" sizes=\"(max-width: 1400px) 100vw, 1400px\" \/><\/p>\n<h2>R\u00e9gion Nipissing-Ouest<\/h2>\n<p><strong>66 480 $<\/strong><\/p>\n<div class=\"page\" title=\"Page 26\">\n<div class=\"section\">\n<div class=\"layoutArea\">\n<div class=\"column\">\n<p>Malgre\u0301 une anne\u0301e frappe\u0301e par une pande\u0301mie, la Caisse Alliance est fie\u0300re d\u2019avoir contribue\u0301 une somme de 66 480 $ sous forme de dons et de commandites aux communaute\u0301s d\u2019Alban, d\u2019Argyle, de Noe\u0308lville, de St. Charles, de Markstay, de Warren et de Verner.<\/p>\n<\/div>\n<\/div>\n<\/div>\n<\/div>\n<p><img loading=\"lazy\" decoding=\"async\" class=\"alignnone size-full wp-image-12397\" src=\"https:\/\/www.caissealliance.com\/wp-content\/uploads\/Centre-de-sante\u0301-Univi.jpg\" alt=\"\" width=\"640\" height=\"917\" srcset=\"https:\/\/www.caissealliance.com\/wp-content\/uploads\/Centre-de-sante\u0301-Univi.jpg 640w, https:\/\/www.caissealliance.com\/wp-content\/uploads\/Centre-de-sante\u0301-Univi-209x300.jpg 209w, https:\/\/www.caissealliance.com\/wp-content\/uploads\/Centre-de-sante\u0301-Univi-174x250.jpg 174w\" sizes=\"(max-width: 640px) 100vw, 640px\" \/><\/p>\n<h2>R\u00e9gion Nipissing-Centre<\/h2>\n<p><strong>19 674 $ + 8419 $ <\/strong>provenant du fonds communautaire<\/p>\n<div class=\"page\" title=\"Page 28\">\n<div class=\"section\">\n<div class=\"layoutArea\">\n<div class=\"column\">\n<p>Le de\u0301veloppement de notre communaute\u0301 nous tient a\u0300 c\u0153ur et c\u2019est pourquoi nous sommes implique\u0301s activement dans les activite\u0301s communautaires, soit par notre pre\u0301sence ou en offrant des dons et commandites dans la re\u0301gion Nipissing-Centre. En 2020, 28 093 $ a e\u0301te\u0301 verse\u0301 pour appuyer des \u0153uvres communautaires et humanitaires, ainsi que dans les secteurs sportif, re\u0301cre\u0301atif, culturel et e\u0301ducatif dans les collectivite\u0301s de Sturgeon Falls et de Field.<\/p>\n<\/div>\n<\/div>\n<\/div>\n<\/div>\n<p><img loading=\"lazy\" decoding=\"async\" class=\"alignnone size-full wp-image-12387\" src=\"https:\/\/www.caissealliance.com\/wp-content\/uploads\/CT-scanner.png\" alt=\"\" width=\"722\" height=\"433\" srcset=\"https:\/\/www.caissealliance.com\/wp-content\/uploads\/CT-scanner.png 722w, https:\/\/www.caissealliance.com\/wp-content\/uploads\/CT-scanner-300x180.png 300w, https:\/\/www.caissealliance.com\/wp-content\/uploads\/CT-scanner-250x150.png 250w\" sizes=\"(max-width: 722px) 100vw, 722px\" \/><\/p>\n<h2>R\u00e9gion Nipissing-Est<\/h2>\n<p><strong>44 700 $ <\/strong>+ <strong>100\u00a0000 $\u00a0<\/strong> provenant du fonds communautaire<\/p>\n<div class=\"page\" title=\"Page 30\">\n<div class=\"section\">\n<div class=\"layoutArea\">\n<div class=\"column\">\n<p>La Caisse Alliance s\u2019engage dans la croissance, le soutien et le bien-e\u0302tre de ses communaute\u0301s. Le bilan qui suit de\u0301montre l\u2019impact positif qu\u2019ont les centres de services du Nipissing-Est dans les communaute\u0301s de Bonfield, de Mattawa, de North Bay et de West Ferris.<\/p>\n<p><img loading=\"lazy\" decoding=\"async\" class=\"alignnone size-full wp-image-12395\" src=\"https:\/\/www.caissealliance.com\/wp-content\/uploads\/trees-for-nipissing.png\" alt=\"\" width=\"923\" height=\"535\" srcset=\"https:\/\/www.caissealliance.com\/wp-content\/uploads\/trees-for-nipissing.png 923w, https:\/\/www.caissealliance.com\/wp-content\/uploads\/trees-for-nipissing-300x174.png 300w, https:\/\/www.caissealliance.com\/wp-content\/uploads\/trees-for-nipissing-768x445.png 768w, https:\/\/www.caissealliance.com\/wp-content\/uploads\/trees-for-nipissing-250x145.png 250w\" sizes=\"(max-width: 923px) 100vw, 923px\" \/><\/p>\n<\/div>\n<\/div>\n<\/div>\n<\/div>\n<h2>Si\u00e8ge social<\/h2>\n<p><strong>24 992 $<\/strong><\/p>\n<div class=\"page\" title=\"Page 32\">\n<div class=\"section\">\n<div class=\"layoutArea\">\n<div class=\"column\">\n<p>Le sie\u0300ge social de la Caisse Alliance a maintenu son esprit coope\u0301ratif en retournant 14 992 $ a\u0300 ses communaute\u0301s sous forme de dons et de commandites. Fide\u0300le a\u0300 la mission, a\u0300 la vision et aux valeurs de la Caisse, le sie\u0300ge social est a\u0300 l\u2019e\u0301coute des besoins des gens de ses re\u0301gions et investit aupre\u0300s d\u2019organisations locales a\u0300 vocation culturelle, sociale, e\u0301ducative, sportive, me\u0301dicale, e\u0301conomique et communautaire.<\/p>\n<p>Le soutien des organismes et des initiatives qui contribuent a\u0300 la vitalite\u0301 de nos communaute\u0301s tout en offrant aux populations un environnement ou\u0300 il fait bon vivre, s\u2019e\u0301duquer et se re\u0301cre\u0301er est ce qui nous distingue en tant que coope\u0301rative.<\/p>\n<\/div>\n<\/div>\n<\/div>\n<\/div>\n<p><img loading=\"lazy\" decoding=\"async\" class=\"alignnone wp-image-12393 size-medium\" src=\"https:\/\/www.caissealliance.com\/wp-content\/uploads\/siege-social-bourse-nb-1-300x225.jpg\" alt=\"\" width=\"300\" height=\"225\" srcset=\"https:\/\/www.caissealliance.com\/wp-content\/uploads\/siege-social-bourse-nb-1-300x225.jpg 300w, https:\/\/www.caissealliance.com\/wp-content\/uploads\/siege-social-bourse-nb-1-1024x768.jpg 1024w, https:\/\/www.caissealliance.com\/wp-content\/uploads\/siege-social-bourse-nb-1-768x576.jpg 768w, https:\/\/www.caissealliance.com\/wp-content\/uploads\/siege-social-bourse-nb-1-250x188.jpg 250w, https:\/\/www.caissealliance.com\/wp-content\/uploads\/siege-social-bourse-nb-1.jpg 1200w\" sizes=\"(max-width: 300px) 100vw, 300px\" \/> <img loading=\"lazy\" decoding=\"async\" class=\"alignnone wp-image-12391 size-medium\" src=\"https:\/\/www.caissealliance.com\/wp-content\/uploads\/siege-social-bourse-hearst-1-300x200.jpg\" alt=\"\" width=\"300\" height=\"200\" srcset=\"https:\/\/www.caissealliance.com\/wp-content\/uploads\/siege-social-bourse-hearst-1-300x200.jpg 300w, https:\/\/www.caissealliance.com\/wp-content\/uploads\/siege-social-bourse-hearst-1-1024x683.jpg 1024w, https:\/\/www.caissealliance.com\/wp-content\/uploads\/siege-social-bourse-hearst-1-768x512.jpg 768w, https:\/\/www.caissealliance.com\/wp-content\/uploads\/siege-social-bourse-hearst-1-1536x1025.jpg 1536w, https:\/\/www.caissealliance.com\/wp-content\/uploads\/siege-social-bourse-hearst-1-250x167.jpg 250w, https:\/\/www.caissealliance.com\/wp-content\/uploads\/siege-social-bourse-hearst-1.jpg 1920w\" sizes=\"(max-width: 300px) 100vw, 300px\" \/><\/p>\n<p><strong>Merci \u00e0 nos membres<\/strong><\/p>\n<p>Chers soci\u00e9taires, merci de contribuer au mouvement coop\u00e9ratif et merci de la confiance que vous nous t\u00e9moignez.<\/p>\n","protected":false},"excerpt":{"rendered":"<p>&nbsp; R\u00e9gions Dons et commandites 2020 R\u00e9gion Nord-Ouest 50 006 $ + 108 500 $ provenant du fonds communautaire R\u00e9gion Nord-Centre 38 353 $ + 120 405 $ provenant du fonds communautaire R\u00e9gion Nord-Est 47 548 $ +\u00a010 000 $ provenant du fonds communautaire R\u00e9gion Nipissing-Ouest 66 480 $ R\u00e9gion Nipissing-Centre 19 674 $ + [&#8230;]<\/p>\n","protected":false},"author":7,"featured_media":0,"parent":2323,"menu_order":3,"comment_status":"closed","ping_status":"closed","template":"","meta":{"_acf_changed":false,"_monsterinsights_skip_tracking":false,"_monsterinsights_sitenote_active":false,"_monsterinsights_sitenote_note":"","_monsterinsights_sitenote_category":0,"footnotes":""},"class_list":["post-12365","page","type-page","status-publish","hentry","section-ma-caisse"],"acf":[],"yoast_head":"<!-- This site is optimized with the Yoast SEO plugin v27.3 - https:\/\/yoast.com\/product\/yoast-seo-wordpress\/ -->\n<title>Bilan social 2020 | Caisse Alliance<\/title>\n<meta name=\"robots\" content=\"index, follow, max-snippet:-1, max-image-preview:large, max-video-preview:-1\" \/>\n<link rel=\"canonical\" href=\"https:\/\/www.caissealliance.com\/fr\/ma-caisse\/implication-sociale\/projets-et-realisations\/bilan-social-2020\/\" \/>\n<meta property=\"og:locale\" content=\"fr_FR\" \/>\n<meta property=\"og:type\" content=\"article\" \/>\n<meta property=\"og:title\" content=\"Bilan social 2020 | Caisse Alliance\" \/>\n<meta property=\"og:description\" content=\"&nbsp; R\u00e9gions Dons et commandites 2020 R\u00e9gion Nord-Ouest 50 006 $ + 108 500 $ provenant du fonds communautaire R\u00e9gion Nord-Centre 38 353 $ + 120 405 $ provenant du fonds communautaire R\u00e9gion Nord-Est 47 548 $ +\u00a010 000 $ provenant du fonds communautaire R\u00e9gion Nipissing-Ouest 66 480 $ R\u00e9gion Nipissing-Centre 19 674 $ + [...]\" \/>\n<meta property=\"og:url\" content=\"https:\/\/www.caissealliance.com\/fr\/ma-caisse\/implication-sociale\/projets-et-realisations\/bilan-social-2020\/\" \/>\n<meta property=\"og:site_name\" content=\"Caisse Alliance\" \/>\n<meta property=\"article:modified_time\" content=\"2025-05-07T18:17:40+00:00\" \/>\n<meta property=\"og:image\" content=\"https:\/\/www.caissealliance.com\/wp-content\/uploads\/kap-pere-noel-mystere.jpg\" \/>\n<meta name=\"twitter:card\" content=\"summary_large_image\" \/>\n<meta name=\"twitter:label1\" content=\"Dur\u00e9e de lecture estim\u00e9e\" \/>\n\t<meta name=\"twitter:data1\" content=\"6 minutes\" \/>\n<script type=\"application\/ld+json\" class=\"yoast-schema-graph\">{\"@context\":\"https:\\\/\\\/schema.org\",\"@graph\":[{\"@type\":\"WebPage\",\"@id\":\"https:\\\/\\\/www.caissealliance.com\\\/fr\\\/ma-caisse\\\/implication-sociale\\\/projets-et-realisations\\\/bilan-social-2020\\\/\",\"url\":\"https:\\\/\\\/www.caissealliance.com\\\/fr\\\/ma-caisse\\\/implication-sociale\\\/projets-et-realisations\\\/bilan-social-2020\\\/\",\"name\":\"Bilan social 2020 | Caisse Alliance\",\"isPartOf\":{\"@id\":\"https:\\\/\\\/www.caissealliance.com\\\/fr\\\/#website\"},\"primaryImageOfPage\":{\"@id\":\"https:\\\/\\\/www.caissealliance.com\\\/fr\\\/ma-caisse\\\/implication-sociale\\\/projets-et-realisations\\\/bilan-social-2020\\\/#primaryimage\"},\"image\":{\"@id\":\"https:\\\/\\\/www.caissealliance.com\\\/fr\\\/ma-caisse\\\/implication-sociale\\\/projets-et-realisations\\\/bilan-social-2020\\\/#primaryimage\"},\"thumbnailUrl\":\"https:\\\/\\\/www.caissealliance.com\\\/wp-content\\\/uploads\\\/kap-pere-noel-mystere.jpg\",\"datePublished\":\"2021-04-29T15:23:17+00:00\",\"dateModified\":\"2025-05-07T18:17:40+00:00\",\"breadcrumb\":{\"@id\":\"https:\\\/\\\/www.caissealliance.com\\\/fr\\\/ma-caisse\\\/implication-sociale\\\/projets-et-realisations\\\/bilan-social-2020\\\/#breadcrumb\"},\"inLanguage\":\"fr-FR\",\"potentialAction\":[{\"@type\":\"ReadAction\",\"target\":[\"https:\\\/\\\/www.caissealliance.com\\\/fr\\\/ma-caisse\\\/implication-sociale\\\/projets-et-realisations\\\/bilan-social-2020\\\/\"]}]},{\"@type\":\"ImageObject\",\"inLanguage\":\"fr-FR\",\"@id\":\"https:\\\/\\\/www.caissealliance.com\\\/fr\\\/ma-caisse\\\/implication-sociale\\\/projets-et-realisations\\\/bilan-social-2020\\\/#primaryimage\",\"url\":\"https:\\\/\\\/www.caissealliance.com\\\/wp-content\\\/uploads\\\/kap-pere-noel-mystere.jpg\",\"contentUrl\":\"https:\\\/\\\/www.caissealliance.com\\\/wp-content\\\/uploads\\\/kap-pere-noel-mystere.jpg\"},{\"@type\":\"BreadcrumbList\",\"@id\":\"https:\\\/\\\/www.caissealliance.com\\\/fr\\\/ma-caisse\\\/implication-sociale\\\/projets-et-realisations\\\/bilan-social-2020\\\/#breadcrumb\",\"itemListElement\":[{\"@type\":\"ListItem\",\"position\":1,\"name\":\"Home\",\"item\":\"https:\\\/\\\/www.caissealliance.com\\\/fr\\\/\"},{\"@type\":\"ListItem\",\"position\":2,\"name\":\"Ma Caisse\",\"item\":\"https:\\\/\\\/www.caissealliance.com\\\/fr\\\/ma-caisse\\\/\"},{\"@type\":\"ListItem\",\"position\":3,\"name\":\"Implication sociale\",\"item\":\"https:\\\/\\\/www.caissealliance.com\\\/fr\\\/ma-caisse\\\/implication-sociale\\\/\"},{\"@type\":\"ListItem\",\"position\":4,\"name\":\"Projets et r\u00e9alisations\",\"item\":\"https:\\\/\\\/www.caissealliance.com\\\/fr\\\/ma-caisse\\\/implication-sociale\\\/projets-et-realisations\\\/\"},{\"@type\":\"ListItem\",\"position\":5,\"name\":\"Bilan social 2020\"}]},{\"@type\":\"WebSite\",\"@id\":\"https:\\\/\\\/www.caissealliance.com\\\/fr\\\/#website\",\"url\":\"https:\\\/\\\/www.caissealliance.com\\\/fr\\\/\",\"name\":\"Caisse Alliance\",\"description\":\"Site Web de la Caisse Alliance\",\"potentialAction\":[{\"@type\":\"SearchAction\",\"target\":{\"@type\":\"EntryPoint\",\"urlTemplate\":\"https:\\\/\\\/www.caissealliance.com\\\/fr\\\/?s={search_term_string}\"},\"query-input\":{\"@type\":\"PropertyValueSpecification\",\"valueRequired\":true,\"valueName\":\"search_term_string\"}}],\"inLanguage\":\"fr-FR\"}]}<\/script>\n<!-- \/ Yoast SEO plugin. -->","yoast_head_json":{"title":"Bilan social 2020 | Caisse Alliance","robots":{"index":"index","follow":"follow","max-snippet":"max-snippet:-1","max-image-preview":"max-image-preview:large","max-video-preview":"max-video-preview:-1"},"canonical":"https:\/\/www.caissealliance.com\/fr\/ma-caisse\/implication-sociale\/projets-et-realisations\/bilan-social-2020\/","og_locale":"fr_FR","og_type":"article","og_title":"Bilan social 2020 | Caisse Alliance","og_description":"&nbsp; R\u00e9gions Dons et commandites 2020 R\u00e9gion Nord-Ouest 50 006 $ + 108 500 $ provenant du fonds communautaire R\u00e9gion Nord-Centre 38 353 $ + 120 405 $ provenant du fonds communautaire R\u00e9gion Nord-Est 47 548 $ +\u00a010 000 $ provenant du fonds communautaire R\u00e9gion Nipissing-Ouest 66 480 $ R\u00e9gion Nipissing-Centre 19 674 $ + [...]","og_url":"https:\/\/www.caissealliance.com\/fr\/ma-caisse\/implication-sociale\/projets-et-realisations\/bilan-social-2020\/","og_site_name":"Caisse Alliance","article_modified_time":"2025-05-07T18:17:40+00:00","og_image":[{"url":"https:\/\/www.caissealliance.com\/wp-content\/uploads\/kap-pere-noel-mystere.jpg","type":"","width":"","height":""}],"twitter_card":"summary_large_image","twitter_misc":{"Dur\u00e9e de lecture estim\u00e9e":"6 minutes"},"schema":{"@context":"https:\/\/schema.org","@graph":[{"@type":"WebPage","@id":"https:\/\/www.caissealliance.com\/fr\/ma-caisse\/implication-sociale\/projets-et-realisations\/bilan-social-2020\/","url":"https:\/\/www.caissealliance.com\/fr\/ma-caisse\/implication-sociale\/projets-et-realisations\/bilan-social-2020\/","name":"Bilan social 2020 | Caisse Alliance","isPartOf":{"@id":"https:\/\/www.caissealliance.com\/fr\/#website"},"primaryImageOfPage":{"@id":"https:\/\/www.caissealliance.com\/fr\/ma-caisse\/implication-sociale\/projets-et-realisations\/bilan-social-2020\/#primaryimage"},"image":{"@id":"https:\/\/www.caissealliance.com\/fr\/ma-caisse\/implication-sociale\/projets-et-realisations\/bilan-social-2020\/#primaryimage"},"thumbnailUrl":"https:\/\/www.caissealliance.com\/wp-content\/uploads\/kap-pere-noel-mystere.jpg","datePublished":"2021-04-29T15:23:17+00:00","dateModified":"2025-05-07T18:17:40+00:00","breadcrumb":{"@id":"https:\/\/www.caissealliance.com\/fr\/ma-caisse\/implication-sociale\/projets-et-realisations\/bilan-social-2020\/#breadcrumb"},"inLanguage":"fr-FR","potentialAction":[{"@type":"ReadAction","target":["https:\/\/www.caissealliance.com\/fr\/ma-caisse\/implication-sociale\/projets-et-realisations\/bilan-social-2020\/"]}]},{"@type":"ImageObject","inLanguage":"fr-FR","@id":"https:\/\/www.caissealliance.com\/fr\/ma-caisse\/implication-sociale\/projets-et-realisations\/bilan-social-2020\/#primaryimage","url":"https:\/\/www.caissealliance.com\/wp-content\/uploads\/kap-pere-noel-mystere.jpg","contentUrl":"https:\/\/www.caissealliance.com\/wp-content\/uploads\/kap-pere-noel-mystere.jpg"},{"@type":"BreadcrumbList","@id":"https:\/\/www.caissealliance.com\/fr\/ma-caisse\/implication-sociale\/projets-et-realisations\/bilan-social-2020\/#breadcrumb","itemListElement":[{"@type":"ListItem","position":1,"name":"Home","item":"https:\/\/www.caissealliance.com\/fr\/"},{"@type":"ListItem","position":2,"name":"Ma Caisse","item":"https:\/\/www.caissealliance.com\/fr\/ma-caisse\/"},{"@type":"ListItem","position":3,"name":"Implication sociale","item":"https:\/\/www.caissealliance.com\/fr\/ma-caisse\/implication-sociale\/"},{"@type":"ListItem","position":4,"name":"Projets et r\u00e9alisations","item":"https:\/\/www.caissealliance.com\/fr\/ma-caisse\/implication-sociale\/projets-et-realisations\/"},{"@type":"ListItem","position":5,"name":"Bilan social 2020"}]},{"@type":"WebSite","@id":"https:\/\/www.caissealliance.com\/fr\/#website","url":"https:\/\/www.caissealliance.com\/fr\/","name":"Caisse Alliance","description":"Site Web de la Caisse Alliance","potentialAction":[{"@type":"SearchAction","target":{"@type":"EntryPoint","urlTemplate":"https:\/\/www.caissealliance.com\/fr\/?s={search_term_string}"},"query-input":{"@type":"PropertyValueSpecification","valueRequired":true,"valueName":"search_term_string"}}],"inLanguage":"fr-FR"}]}},"publishpress_future_action":{"enabled":false,"date":"2026-04-26 00:21:27","action":"change-status","newStatus":"draft","terms":[],"taxonomy":"section","extraData":[]},"publishpress_future_workflow_manual_trigger":{"enabledWorkflows":[]},"_links":{"self":[{"href":"https:\/\/www.caissealliance.com\/fr\/wp-json\/wp\/v2\/pages\/12365","targetHints":{"allow":["GET"]}}],"collection":[{"href":"https:\/\/www.caissealliance.com\/fr\/wp-json\/wp\/v2\/pages"}],"about":[{"href":"https:\/\/www.caissealliance.com\/fr\/wp-json\/wp\/v2\/types\/page"}],"author":[{"embeddable":true,"href":"https:\/\/www.caissealliance.com\/fr\/wp-json\/wp\/v2\/users\/7"}],"replies":[{"embeddable":true,"href":"https:\/\/www.caissealliance.com\/fr\/wp-json\/wp\/v2\/comments?post=12365"}],"version-history":[{"count":6,"href":"https:\/\/www.caissealliance.com\/fr\/wp-json\/wp\/v2\/pages\/12365\/revisions"}],"predecessor-version":[{"id":12400,"href":"https:\/\/www.caissealliance.com\/fr\/wp-json\/wp\/v2\/pages\/12365\/revisions\/12400"}],"up":[{"embeddable":true,"href":"https:\/\/www.caissealliance.com\/fr\/wp-json\/wp\/v2\/pages\/2323"}],"wp:attachment":[{"href":"https:\/\/www.caissealliance.com\/fr\/wp-json\/wp\/v2\/media?parent=12365"}],"curies":[{"name":"wp","href":"https:\/\/api.w.org\/{rel}","templated":true}]}}