{"id":12308,"date":"2021-04-27T10:29:46","date_gmt":"2021-04-27T14:29:46","guid":{"rendered":"https:\/\/www.caissealliance.com\/?page_id=12308"},"modified":"2025-05-01T08:33:14","modified_gmt":"2025-05-01T12:33:14","slug":"rapports","status":"publish","type":"page","link":"https:\/\/www.caissealliance.com\/fr\/ma-caisse\/qui-nous-sommes\/rapports\/","title":{"rendered":"Rapports annuels et \u00e9tats financiers"},"content":{"rendered":"<h1>Rapports annuels et \u00e9tats financiers<\/h1>\n<h3>Ann\u00e9e 2024<\/h3>\n<p><a href=\"https:\/\/www.caissealliance.com\/wp-content\/uploads\/Rapport-Annuel-2024-FR-Virtuel-.pdf\" target=\"_blank\" rel=\"noopener\">Rapport annuel 2024<\/a><\/p>\n<p><a href=\"https:\/\/www.caissealliance.com\/wp-content\/uploads\/Etats-financiers_2024.pdf\" target=\"_blank\" rel=\"noopener\">\u00c9tats financiers 2024<\/a><\/p>\n<h3>Ann\u00e9e 2023<\/h3>\n<p><a href=\"https:\/\/www.caissealliance.com\/wp-content\/uploads\/Rapport-annuel-2023.pdf\" target=\"_blank\" rel=\"noopener\">Rapport annuel 2023<\/a><\/p>\n<p><a href=\"https:\/\/www.caissealliance.com\/wp-content\/uploads\/Etats-financiers.pdf\" target=\"_blank\" rel=\"noopener\">\u00c9tats financiers 2023<\/a><\/p>\n<h3>Ann\u00e9e 2022<\/h3>\n<p><a href=\"https:\/\/www.caissealliance.com\/wp-content\/uploads\/CA-Rapport-Annuel-2022-4.pdf\">Rapport annuel 2022<\/a><\/p>\n<p><a href=\"https:\/\/www.caissealliance.com\/wp-content\/uploads\/Etats-Financiers-31-decembre-2022.pdf\">\u00c9tats financiers 2022<\/a><\/p>\n<h3>Ann\u00e9e 2021<\/h3>\n<p><a href=\"https:\/\/www.caissealliance.com\/wp-content\/uploads\/CA-Rapport-annuel-2021.pdf\">Rapport annuel 2021<\/a><\/p>\n<p><a href=\"https:\/\/www.caissealliance.com\/wp-content\/uploads\/Etats-financiers-final-2021.pdf\">\u00c9tats financiers 2021<\/a><\/p>\n<h3>Ann\u00e9e 2020<\/h3>\n<p><a href=\"https:\/\/www.caissealliance.com\/wp-content\/uploads\/CA-Rapport-Annuel-2020.pdf\">Rapport annuel 2020<\/a><\/p>\n<p><a href=\"https:\/\/www.caissealliance.com\/wp-content\/uploads\/CA-Rapport-Annuel-2020-horiz.pdf\">Rapport annuel 2020 format horizontal<\/a><\/p>\n<p><a href=\"https:\/\/www.caissealliance.com\/wp-content\/uploads\/Etats-financiers-au-31-dec-2020.pdf\">\u00c9tats financiers 2020<\/a><\/p>\n<h3>Ann\u00e9e 2019<\/h3>\n<p><a href=\"https:\/\/www.caissealliance.com\/wp-content\/uploads\/Rapport_annuel_2019.pdf\">Rapport annuel 2019<\/a><\/p>\n<p><a href=\"https:\/\/www.caissealliance.com\/wp-content\/uploads\/Etats-financiers-31-dec-2019.pdf\">\u00c9tats financiers 2019<\/a><\/p>\n<h3>Ann\u00e9e 2018<\/h3>\n<p><a href=\"https:\/\/www.caissealliance.com\/wp-content\/uploads\/Rapport_annuel_2018.pdf\">Rapport annuel 2018<\/a><\/p>\n<p><a href=\"https:\/\/www.caissealliance.com\/wp-content\/uploads\/\u00c9tats-financiers-31-dec-2018.pdf\">\u00c9tats financiers 2018<\/a><\/p>\n","protected":false},"excerpt":{"rendered":"<p>Rapport annuel 2024 \u00c9tats financiers 2024 Rapport annuel 2023 \u00c9tats financiers 2023 Rapport annuel 2022 \u00c9tats financiers 2022 Rapport annuel 2021 \u00c9tats financiers 2021 Rapport annuel 2020 Rapport annuel 2020 format horizontal \u00c9tats financiers 2020 Rapport annuel 2019 \u00c9tats financiers 2019 Rapport annuel 2018 \u00c9tats financiers 2018<\/p>\n","protected":false},"author":7,"featured_media":0,"parent":2294,"menu_order":5,"comment_status":"closed","ping_status":"closed","template":"","meta":{"_acf_changed":false,"_monsterinsights_skip_tracking":false,"_monsterinsights_sitenote_active":false,"_monsterinsights_sitenote_note":"","_monsterinsights_sitenote_category":0,"footnotes":""},"class_list":["post-12308","page","type-page","status-publish","hentry","section-ma-caisse"],"acf":[],"yoast_head":"<!-- This site is optimized with the Yoast SEO plugin v27.4 - https:\/\/yoast.com\/product\/yoast-seo-wordpress\/ -->\n<title>Rapports annuels et \u00e9tats financiers | Caisse Alliance<\/title>\n<meta name=\"robots\" content=\"index, follow, max-snippet:-1, max-image-preview:large, max-video-preview:-1\" \/>\n<link rel=\"canonical\" href=\"https:\/\/www.caissealliance.com\/fr\/ma-caisse\/qui-nous-sommes\/rapports\/\" \/>\n<meta property=\"og:locale\" content=\"fr_FR\" \/>\n<meta property=\"og:type\" content=\"article\" \/>\n<meta property=\"og:title\" content=\"Rapports annuels et \u00e9tats financiers | Caisse Alliance\" \/>\n<meta property=\"og:description\" content=\"Rapport annuel 2024 \u00c9tats financiers 2024 Rapport annuel 2023 \u00c9tats financiers 2023 Rapport annuel 2022 \u00c9tats financiers 2022 Rapport annuel 2021 \u00c9tats financiers 2021 Rapport annuel 2020 Rapport annuel 2020 format horizontal \u00c9tats financiers 2020 Rapport annuel 2019 \u00c9tats financiers 2019 Rapport annuel 2018 \u00c9tats financiers 2018\" \/>\n<meta property=\"og:url\" content=\"https:\/\/www.caissealliance.com\/fr\/ma-caisse\/qui-nous-sommes\/rapports\/\" \/>\n<meta property=\"og:site_name\" content=\"Caisse Alliance\" \/>\n<meta property=\"article:modified_time\" content=\"2025-05-01T12:33:14+00:00\" \/>\n<meta name=\"twitter:card\" content=\"summary_large_image\" \/>\n<meta name=\"twitter:label1\" content=\"Dur\u00e9e de lecture estim\u00e9e\" \/>\n\t<meta name=\"twitter:data1\" content=\"1 minute\" \/>\n<script type=\"application\/ld+json\" class=\"yoast-schema-graph\">{\"@context\":\"https:\\\/\\\/schema.org\",\"@graph\":[{\"@type\":\"WebPage\",\"@id\":\"https:\\\/\\\/www.caissealliance.com\\\/fr\\\/ma-caisse\\\/qui-nous-sommes\\\/rapports\\\/\",\"url\":\"https:\\\/\\\/www.caissealliance.com\\\/fr\\\/ma-caisse\\\/qui-nous-sommes\\\/rapports\\\/\",\"name\":\"Rapports annuels et \u00e9tats financiers | Caisse Alliance\",\"isPartOf\":{\"@id\":\"https:\\\/\\\/www.caissealliance.com\\\/fr\\\/#website\"},\"datePublished\":\"2021-04-27T14:29:46+00:00\",\"dateModified\":\"2025-05-01T12:33:14+00:00\",\"breadcrumb\":{\"@id\":\"https:\\\/\\\/www.caissealliance.com\\\/fr\\\/ma-caisse\\\/qui-nous-sommes\\\/rapports\\\/#breadcrumb\"},\"inLanguage\":\"fr-FR\",\"potentialAction\":[{\"@type\":\"ReadAction\",\"target\":[\"https:\\\/\\\/www.caissealliance.com\\\/fr\\\/ma-caisse\\\/qui-nous-sommes\\\/rapports\\\/\"]}]},{\"@type\":\"BreadcrumbList\",\"@id\":\"https:\\\/\\\/www.caissealliance.com\\\/fr\\\/ma-caisse\\\/qui-nous-sommes\\\/rapports\\\/#breadcrumb\",\"itemListElement\":[{\"@type\":\"ListItem\",\"position\":1,\"name\":\"Home\",\"item\":\"https:\\\/\\\/www.caissealliance.com\\\/fr\\\/\"},{\"@type\":\"ListItem\",\"position\":2,\"name\":\"Ma Caisse\",\"item\":\"https:\\\/\\\/www.caissealliance.com\\\/fr\\\/ma-caisse\\\/\"},{\"@type\":\"ListItem\",\"position\":3,\"name\":\"Qui nous sommes\",\"item\":\"https:\\\/\\\/www.caissealliance.com\\\/fr\\\/ma-caisse\\\/qui-nous-sommes\\\/\"},{\"@type\":\"ListItem\",\"position\":4,\"name\":\"Rapports annuels et \u00e9tats financiers\"}]},{\"@type\":\"WebSite\",\"@id\":\"https:\\\/\\\/www.caissealliance.com\\\/fr\\\/#website\",\"url\":\"https:\\\/\\\/www.caissealliance.com\\\/fr\\\/\",\"name\":\"Caisse Alliance\",\"description\":\"Site Web de la Caisse Alliance\",\"potentialAction\":[{\"@type\":\"SearchAction\",\"target\":{\"@type\":\"EntryPoint\",\"urlTemplate\":\"https:\\\/\\\/www.caissealliance.com\\\/fr\\\/?s={search_term_string}\"},\"query-input\":{\"@type\":\"PropertyValueSpecification\",\"valueRequired\":true,\"valueName\":\"search_term_string\"}}],\"inLanguage\":\"fr-FR\"}]}<\/script>\n<!-- \/ Yoast SEO plugin. -->","yoast_head_json":{"title":"Rapports annuels et \u00e9tats financiers | Caisse Alliance","robots":{"index":"index","follow":"follow","max-snippet":"max-snippet:-1","max-image-preview":"max-image-preview:large","max-video-preview":"max-video-preview:-1"},"canonical":"https:\/\/www.caissealliance.com\/fr\/ma-caisse\/qui-nous-sommes\/rapports\/","og_locale":"fr_FR","og_type":"article","og_title":"Rapports annuels et \u00e9tats financiers | Caisse Alliance","og_description":"Rapport annuel 2024 \u00c9tats financiers 2024 Rapport annuel 2023 \u00c9tats financiers 2023 Rapport annuel 2022 \u00c9tats financiers 2022 Rapport annuel 2021 \u00c9tats financiers 2021 Rapport annuel 2020 Rapport annuel 2020 format horizontal \u00c9tats financiers 2020 Rapport annuel 2019 \u00c9tats financiers 2019 Rapport annuel 2018 \u00c9tats financiers 2018","og_url":"https:\/\/www.caissealliance.com\/fr\/ma-caisse\/qui-nous-sommes\/rapports\/","og_site_name":"Caisse Alliance","article_modified_time":"2025-05-01T12:33:14+00:00","twitter_card":"summary_large_image","twitter_misc":{"Dur\u00e9e de lecture estim\u00e9e":"1 minute"},"schema":{"@context":"https:\/\/schema.org","@graph":[{"@type":"WebPage","@id":"https:\/\/www.caissealliance.com\/fr\/ma-caisse\/qui-nous-sommes\/rapports\/","url":"https:\/\/www.caissealliance.com\/fr\/ma-caisse\/qui-nous-sommes\/rapports\/","name":"Rapports annuels et \u00e9tats financiers | Caisse Alliance","isPartOf":{"@id":"https:\/\/www.caissealliance.com\/fr\/#website"},"datePublished":"2021-04-27T14:29:46+00:00","dateModified":"2025-05-01T12:33:14+00:00","breadcrumb":{"@id":"https:\/\/www.caissealliance.com\/fr\/ma-caisse\/qui-nous-sommes\/rapports\/#breadcrumb"},"inLanguage":"fr-FR","potentialAction":[{"@type":"ReadAction","target":["https:\/\/www.caissealliance.com\/fr\/ma-caisse\/qui-nous-sommes\/rapports\/"]}]},{"@type":"BreadcrumbList","@id":"https:\/\/www.caissealliance.com\/fr\/ma-caisse\/qui-nous-sommes\/rapports\/#breadcrumb","itemListElement":[{"@type":"ListItem","position":1,"name":"Home","item":"https:\/\/www.caissealliance.com\/fr\/"},{"@type":"ListItem","position":2,"name":"Ma Caisse","item":"https:\/\/www.caissealliance.com\/fr\/ma-caisse\/"},{"@type":"ListItem","position":3,"name":"Qui nous sommes","item":"https:\/\/www.caissealliance.com\/fr\/ma-caisse\/qui-nous-sommes\/"},{"@type":"ListItem","position":4,"name":"Rapports annuels et \u00e9tats financiers"}]},{"@type":"WebSite","@id":"https:\/\/www.caissealliance.com\/fr\/#website","url":"https:\/\/www.caissealliance.com\/fr\/","name":"Caisse Alliance","description":"Site Web de la Caisse Alliance","potentialAction":[{"@type":"SearchAction","target":{"@type":"EntryPoint","urlTemplate":"https:\/\/www.caissealliance.com\/fr\/?s={search_term_string}"},"query-input":{"@type":"PropertyValueSpecification","valueRequired":true,"valueName":"search_term_string"}}],"inLanguage":"fr-FR"}]}},"publishpress_future_action":{"enabled":false,"date":"2026-05-06 09:42:01","action":"change-status","newStatus":"draft","terms":[],"taxonomy":"section","extraData":[]},"publishpress_future_workflow_manual_trigger":{"enabledWorkflows":[]},"_links":{"self":[{"href":"https:\/\/www.caissealliance.com\/fr\/wp-json\/wp\/v2\/pages\/12308","targetHints":{"allow":["GET"]}}],"collection":[{"href":"https:\/\/www.caissealliance.com\/fr\/wp-json\/wp\/v2\/pages"}],"about":[{"href":"https:\/\/www.caissealliance.com\/fr\/wp-json\/wp\/v2\/types\/page"}],"author":[{"embeddable":true,"href":"https:\/\/www.caissealliance.com\/fr\/wp-json\/wp\/v2\/users\/7"}],"replies":[{"embeddable":true,"href":"https:\/\/www.caissealliance.com\/fr\/wp-json\/wp\/v2\/comments?post=12308"}],"version-history":[{"count":44,"href":"https:\/\/www.caissealliance.com\/fr\/wp-json\/wp\/v2\/pages\/12308\/revisions"}],"predecessor-version":[{"id":31989,"href":"https:\/\/www.caissealliance.com\/fr\/wp-json\/wp\/v2\/pages\/12308\/revisions\/31989"}],"up":[{"embeddable":true,"href":"https:\/\/www.caissealliance.com\/fr\/wp-json\/wp\/v2\/pages\/2294"}],"wp:attachment":[{"href":"https:\/\/www.caissealliance.com\/fr\/wp-json\/wp\/v2\/media?parent=12308"}],"curies":[{"name":"wp","href":"https:\/\/api.w.org\/{rel}","templated":true}]}}