{"id":11958,"date":"2021-03-10T10:44:45","date_gmt":"2021-03-10T15:44:45","guid":{"rendered":"https:\/\/www.caissealliance.com\/?page_id=11958"},"modified":"2025-03-05T16:24:35","modified_gmt":"2025-03-05T21:24:35","slug":"fraude","status":"publish","type":"page","link":"https:\/\/www.caissealliance.com\/fr\/services\/fraude\/","title":{"rendered":"Fraude"},"content":{"rendered":"\t\t<div data-elementor-type=\"wp-page\" data-elementor-id=\"11958\" class=\"elementor elementor-11958\" data-elementor-post-type=\"page\">\n\t\t\t\t<div class=\"elementor-element elementor-element-7b9b2c1a e-flex e-con-boxed e-con e-parent\" data-id=\"7b9b2c1a\" data-element_type=\"container\" data-e-type=\"container\">\n\t\t\t\t\t<div class=\"e-con-inner\">\n\t\t\t\t<div class=\"elementor-element elementor-element-671d2159 elementor-widget elementor-widget-text-editor\" data-id=\"671d2159\" data-element_type=\"widget\" data-e-type=\"widget\" data-widget_type=\"text-editor.default\">\n\t\t\t\t<div class=\"elementor-widget-container\">\n\t\t\t\t\t\t\t\t\t<h1>Fraude<\/h1><p>Si vous \u00eates ou croyez \u00eatre victime de fraude en ligne, au guichet automatique, composez l\u2019un des num\u00e9ros suivants :<\/p><p>Au Canada et aux \u00c9tats-Unis :<\/p><ul><li data-gc-list-depth=\"1\" data-gc-list-style=\"unordered\"><strong>Fraude<\/strong><strong>\u00a0:\u00a0<\/strong>Pendant les heures d\u2019accueil, communiquez avec l\u2019un de nos <a href=\"https:\/\/www.caissealliance.com\/fr\/centres-de-services\/\" target=\"_blank\" rel=\"noopener\">centres de services<\/a>\u00a0ou composez le <strong>1 888 404-2246<\/strong>\u00a024 heures\/jour, 7 jours\/semaine.<\/li><li><strong>Blanchiment d&#8217;argent : 1 833 474-5634<\/strong><\/li><\/ul><p>Il vous est aussi recommand\u00e9 d\u2019aviser les agences de cr\u00e9dit comme Equifax ou Trans-Union, qui ajouteront une note \u00e0 votre dossier pour alerter les fournisseurs de cr\u00e9dit que vous avez peut-\u00eatre \u00e9t\u00e9 victime d\u2019une activit\u00e9 frauduleuse.<\/p><p>Composez l\u2019un des num\u00e9ros suivants :<\/p><ul><li data-gc-list-depth=\"1\" data-gc-list-style=\"unordered\"><strong>Equifax : 514 493 2314 ou 1 800 465-7166<\/strong><\/li><li data-gc-list-depth=\"1\" data-gc-list-style=\"unordered\"><strong>Trans-Union : 514 335-0374 ou 1 877 713-3393<\/strong><\/li><\/ul>\t\t\t\t\t\t\t\t<\/div>\n\t\t\t\t<\/div>\n\t\t\t\t\t<\/div>\n\t\t\t\t<\/div>\n\t\t<div class=\"elementor-element elementor-element-93f1e07 e-flex e-con-boxed e-con e-parent\" data-id=\"93f1e07\" data-element_type=\"container\" data-e-type=\"container\">\n\t\t\t\t\t<div class=\"e-con-inner\">\n\t\t\t\t<div class=\"elementor-element elementor-element-add3748 elementor-align-center elementor-widget elementor-widget-button\" data-id=\"add3748\" data-element_type=\"widget\" data-e-type=\"widget\" data-widget_type=\"button.default\">\n\t\t\t\t<div class=\"elementor-widget-container\">\n\t\t\t\t\t\t\t\t\t<div class=\"elementor-button-wrapper\">\n\t\t\t\t\t<a class=\"elementor-button elementor-button-link elementor-size-sm\" href=\"https:\/\/www.caissealliance.com\/wp-content\/uploads\/Ce-quil-faut-faire-en-cas-de-fraude.pdf\">\n\t\t\t\t\t\t<span class=\"elementor-button-content-wrapper\">\n\t\t\t\t\t\t\t\t\t<span class=\"elementor-button-text\">Conseils pour accompagner une personne victime de fraude<\/span>\n\t\t\t\t\t<\/span>\n\t\t\t\t\t<\/a>\n\t\t\t\t<\/div>\n\t\t\t\t\t\t\t\t<\/div>\n\t\t\t\t<\/div>\n\t\t\t\t<div class=\"elementor-element elementor-element-bfedb06 elementor-widget elementor-widget-text-editor\" data-id=\"bfedb06\" data-element_type=\"widget\" data-e-type=\"widget\" data-widget_type=\"text-editor.default\">\n\t\t\t\t<div class=\"elementor-widget-container\">\n\t\t\t\t\t\t\t\t\t<h3>\u00a0<\/h3><h3>Collabria<\/h3><p>Si vous croyez que votre compte fait l\u2019objet d\u2019une fraude, veuillez appeler le Service aux titulaires de carte au <strong>1\u00a0855\u00a0341-4643<\/strong> imm\u00e9diatement pour signaler la fraude.<\/p><p>Si votre carte a \u00e9t\u00e9 perdue ou vol\u00e9e, veuillez communiquer avec le Service aux titulaires de carte imm\u00e9diatement au <strong>1 855 341-4643<\/strong> pour signaler la situation. Notre \u00e9quipe d\u00e9sactivera la carte afin d\u2019emp\u00eacher les achats non autoris\u00e9s. Pour nous aider \u00e0 vous rendre service, veuillez nous faire savoir o\u00f9 et quand la carte a \u00e9t\u00e9 perdue ou vol\u00e9e et quelle a \u00e9t\u00e9 la derni\u00e8re op\u00e9ration autoris\u00e9e.<\/p><h3><a href=\"https:\/\/www.caissealliance.com\/fr\/faq-categories\/particuliers\/securite-fraude\/\">Consultez la section sur la fraude de notre foire aux questions.<\/a><\/h3>\t\t\t\t\t\t\t\t<\/div>\n\t\t\t\t<\/div>\n\t\t\t\t\t<\/div>\n\t\t\t\t<\/div>\n\t\t\t\t<\/div>\n\t\t","protected":false},"excerpt":{"rendered":"<p>Si vous \u00eates ou croyez \u00eatre victime de fraude en ligne, au guichet automatique, composez l\u2019un des num\u00e9ros suivants : Au Canada et aux \u00c9tats-Unis : Fraude\u00a0:\u00a0Pendant les heures d\u2019accueil, communiquez avec l\u2019un de nos centres de services\u00a0ou composez le 1 888 404-2246\u00a024 heures\/jour, 7 jours\/semaine. Blanchiment d&#8217;argent : 1 833 474-5634 Il vous est [&#8230;]<\/p>\n","protected":false},"author":7,"featured_media":0,"parent":678,"menu_order":8,"comment_status":"closed","ping_status":"closed","template":"","meta":{"_acf_changed":false,"_monsterinsights_skip_tracking":false,"_monsterinsights_sitenote_active":false,"_monsterinsights_sitenote_note":"","_monsterinsights_sitenote_category":0,"footnotes":""},"class_list":["post-11958","page","type-page","status-publish","hentry","section-services-particulier"],"acf":[],"yoast_head":"<!-- This site is optimized with the Yoast SEO plugin v27.5 - https:\/\/yoast.com\/product\/yoast-seo-wordpress\/ -->\n<title>Fraude | Caisse Alliance<\/title>\n<meta name=\"robots\" content=\"index, follow, max-snippet:-1, max-image-preview:large, max-video-preview:-1\" \/>\n<link rel=\"canonical\" href=\"https:\/\/www.caissealliance.com\/fr\/services\/fraude\/\" \/>\n<meta property=\"og:locale\" content=\"fr_FR\" \/>\n<meta property=\"og:type\" content=\"article\" \/>\n<meta property=\"og:title\" content=\"Fraude | Caisse Alliance\" \/>\n<meta property=\"og:description\" content=\"Si vous \u00eates ou croyez \u00eatre victime de fraude en ligne, au guichet automatique, composez l\u2019un des num\u00e9ros suivants : Au Canada et aux \u00c9tats-Unis : Fraude\u00a0:\u00a0Pendant les heures d\u2019accueil, communiquez avec l\u2019un de nos centres de services\u00a0ou composez le 1 888 404-2246\u00a024 heures\/jour, 7 jours\/semaine. Blanchiment d&#8217;argent : 1 833 474-5634 Il vous est [...]\" \/>\n<meta property=\"og:url\" content=\"https:\/\/www.caissealliance.com\/fr\/services\/fraude\/\" \/>\n<meta property=\"og:site_name\" content=\"Caisse Alliance\" \/>\n<meta property=\"article:modified_time\" content=\"2025-03-05T21:24:35+00:00\" \/>\n<meta name=\"twitter:card\" content=\"summary_large_image\" \/>\n<meta name=\"twitter:label1\" content=\"Dur\u00e9e de lecture estim\u00e9e\" \/>\n\t<meta name=\"twitter:data1\" content=\"2 minutes\" \/>\n<script type=\"application\/ld+json\" class=\"yoast-schema-graph\">{\"@context\":\"https:\\\/\\\/schema.org\",\"@graph\":[{\"@type\":\"WebPage\",\"@id\":\"https:\\\/\\\/www.caissealliance.com\\\/fr\\\/services\\\/fraude\\\/\",\"url\":\"https:\\\/\\\/www.caissealliance.com\\\/fr\\\/services\\\/fraude\\\/\",\"name\":\"Fraude | Caisse Alliance\",\"isPartOf\":{\"@id\":\"https:\\\/\\\/www.caissealliance.com\\\/fr\\\/#website\"},\"datePublished\":\"2021-03-10T15:44:45+00:00\",\"dateModified\":\"2025-03-05T21:24:35+00:00\",\"breadcrumb\":{\"@id\":\"https:\\\/\\\/www.caissealliance.com\\\/fr\\\/services\\\/fraude\\\/#breadcrumb\"},\"inLanguage\":\"fr-FR\",\"potentialAction\":[{\"@type\":\"ReadAction\",\"target\":[\"https:\\\/\\\/www.caissealliance.com\\\/fr\\\/services\\\/fraude\\\/\"]}]},{\"@type\":\"BreadcrumbList\",\"@id\":\"https:\\\/\\\/www.caissealliance.com\\\/fr\\\/services\\\/fraude\\\/#breadcrumb\",\"itemListElement\":[{\"@type\":\"ListItem\",\"position\":1,\"name\":\"Home\",\"item\":\"https:\\\/\\\/www.caissealliance.com\\\/fr\\\/\"},{\"@type\":\"ListItem\",\"position\":2,\"name\":\"Services\",\"item\":\"https:\\\/\\\/www.caissealliance.com\\\/fr\\\/services\\\/\"},{\"@type\":\"ListItem\",\"position\":3,\"name\":\"Fraude\"}]},{\"@type\":\"WebSite\",\"@id\":\"https:\\\/\\\/www.caissealliance.com\\\/fr\\\/#website\",\"url\":\"https:\\\/\\\/www.caissealliance.com\\\/fr\\\/\",\"name\":\"Caisse Alliance\",\"description\":\"Site Web de la Caisse Alliance\",\"potentialAction\":[{\"@type\":\"SearchAction\",\"target\":{\"@type\":\"EntryPoint\",\"urlTemplate\":\"https:\\\/\\\/www.caissealliance.com\\\/fr\\\/?s={search_term_string}\"},\"query-input\":{\"@type\":\"PropertyValueSpecification\",\"valueRequired\":true,\"valueName\":\"search_term_string\"}}],\"inLanguage\":\"fr-FR\"}]}<\/script>\n<!-- \/ Yoast SEO plugin. -->","yoast_head_json":{"title":"Fraude | Caisse Alliance","robots":{"index":"index","follow":"follow","max-snippet":"max-snippet:-1","max-image-preview":"max-image-preview:large","max-video-preview":"max-video-preview:-1"},"canonical":"https:\/\/www.caissealliance.com\/fr\/services\/fraude\/","og_locale":"fr_FR","og_type":"article","og_title":"Fraude | Caisse Alliance","og_description":"Si vous \u00eates ou croyez \u00eatre victime de fraude en ligne, au guichet automatique, composez l\u2019un des num\u00e9ros suivants : Au Canada et aux \u00c9tats-Unis : Fraude\u00a0:\u00a0Pendant les heures d\u2019accueil, communiquez avec l\u2019un de nos centres de services\u00a0ou composez le 1 888 404-2246\u00a024 heures\/jour, 7 jours\/semaine. Blanchiment d&#8217;argent : 1 833 474-5634 Il vous est [...]","og_url":"https:\/\/www.caissealliance.com\/fr\/services\/fraude\/","og_site_name":"Caisse Alliance","article_modified_time":"2025-03-05T21:24:35+00:00","twitter_card":"summary_large_image","twitter_misc":{"Dur\u00e9e de lecture estim\u00e9e":"2 minutes"},"schema":{"@context":"https:\/\/schema.org","@graph":[{"@type":"WebPage","@id":"https:\/\/www.caissealliance.com\/fr\/services\/fraude\/","url":"https:\/\/www.caissealliance.com\/fr\/services\/fraude\/","name":"Fraude | Caisse Alliance","isPartOf":{"@id":"https:\/\/www.caissealliance.com\/fr\/#website"},"datePublished":"2021-03-10T15:44:45+00:00","dateModified":"2025-03-05T21:24:35+00:00","breadcrumb":{"@id":"https:\/\/www.caissealliance.com\/fr\/services\/fraude\/#breadcrumb"},"inLanguage":"fr-FR","potentialAction":[{"@type":"ReadAction","target":["https:\/\/www.caissealliance.com\/fr\/services\/fraude\/"]}]},{"@type":"BreadcrumbList","@id":"https:\/\/www.caissealliance.com\/fr\/services\/fraude\/#breadcrumb","itemListElement":[{"@type":"ListItem","position":1,"name":"Home","item":"https:\/\/www.caissealliance.com\/fr\/"},{"@type":"ListItem","position":2,"name":"Services","item":"https:\/\/www.caissealliance.com\/fr\/services\/"},{"@type":"ListItem","position":3,"name":"Fraude"}]},{"@type":"WebSite","@id":"https:\/\/www.caissealliance.com\/fr\/#website","url":"https:\/\/www.caissealliance.com\/fr\/","name":"Caisse Alliance","description":"Site Web de la Caisse Alliance","potentialAction":[{"@type":"SearchAction","target":{"@type":"EntryPoint","urlTemplate":"https:\/\/www.caissealliance.com\/fr\/?s={search_term_string}"},"query-input":{"@type":"PropertyValueSpecification","valueRequired":true,"valueName":"search_term_string"}}],"inLanguage":"fr-FR"}]}},"publishpress_future_action":{"enabled":false,"date":"2026-05-08 22:55:56","action":"change-status","newStatus":"draft","terms":[],"taxonomy":"section","extraData":[]},"publishpress_future_workflow_manual_trigger":{"enabledWorkflows":[]},"_links":{"self":[{"href":"https:\/\/www.caissealliance.com\/fr\/wp-json\/wp\/v2\/pages\/11958","targetHints":{"allow":["GET"]}}],"collection":[{"href":"https:\/\/www.caissealliance.com\/fr\/wp-json\/wp\/v2\/pages"}],"about":[{"href":"https:\/\/www.caissealliance.com\/fr\/wp-json\/wp\/v2\/types\/page"}],"author":[{"embeddable":true,"href":"https:\/\/www.caissealliance.com\/fr\/wp-json\/wp\/v2\/users\/7"}],"replies":[{"embeddable":true,"href":"https:\/\/www.caissealliance.com\/fr\/wp-json\/wp\/v2\/comments?post=11958"}],"version-history":[{"count":24,"href":"https:\/\/www.caissealliance.com\/fr\/wp-json\/wp\/v2\/pages\/11958\/revisions"}],"predecessor-version":[{"id":31443,"href":"https:\/\/www.caissealliance.com\/fr\/wp-json\/wp\/v2\/pages\/11958\/revisions\/31443"}],"up":[{"embeddable":true,"href":"https:\/\/www.caissealliance.com\/fr\/wp-json\/wp\/v2\/pages\/678"}],"wp:attachment":[{"href":"https:\/\/www.caissealliance.com\/fr\/wp-json\/wp\/v2\/media?parent=11958"}],"curies":[{"name":"wp","href":"https:\/\/api.w.org\/{rel}","templated":true}]}}