{"id":11808,"date":"2021-02-24T13:18:28","date_gmt":"2021-02-24T18:18:28","guid":{"rendered":"https:\/\/www.caissealliance.com\/?page_id=11808"},"modified":"2026-03-02T14:04:03","modified_gmt":"2026-03-02T19:04:03","slug":"bourse-caisse-alliance","status":"publish","type":"page","link":"https:\/\/www.caissealliance.com\/fr\/ma-caisse\/implication-sociale\/bourses-et-concours\/bourse-caisse-alliance\/","title":{"rendered":"Bourse Caisse Alliance"},"content":{"rendered":"<h3 style=\"text-align: center;\">La Caisse Alliance s\u2019engage \u00e0 offrir deux bourses d\u2019\u00e9tudes de<br \/>\n5 000 $ pour reconna\u00eetre une contribution ou un engagement significatif au d\u00e9veloppement durable de ses communaut\u00e9s!<\/h3>\n<p>Les \u00e9l\u00e8ves qui terminent leurs \u00e9tudes secondaires et qui pr\u00e9voient s&#8217;inscrire \u00e0 un programme postsecondaire ou les \u00e9tudiants du postsecondaire qui sont inscrits \u00e0 un programme coll\u00e9gial ou \u00e0 un programme universitaire de premier cycle sont admissibles.<\/p>\n<p>&nbsp;<\/p>\n<h4>Quels sont les crit\u00e8res d\u2019admissibilit\u00e9?<\/h4>\n<ul>\n<li>Avoir fr\u00e9quent\u00e9 un \u00e9tablissement secondaire ou postsecondaire canadien pendant l&#8217;ann\u00e9e scolaire 2025-2026;<\/li>\n<li>\u00catre inscrit \u00e0 un programme postsecondaire;<\/li>\n<li>\u00catre membre de la Caisse Alliance;<\/li>\n<li>S&#8217;\u00eatre impliqu\u00e9 au sein d&#8217;une initiative ayant fait une diff\u00e9rence dans nos communaut\u00e9s au cours des quatre derni\u00e8res ann\u00e9es;<\/li>\n<li>\u00catre engag\u00e9 dans son milieu (activit\u00e9s coop\u00e9ratives, communautaires, culturelles, \u00e9tudiantes, d\u2019affaires, etc.).<\/li>\n<\/ul>\n<p>&nbsp;<\/p>\n<h4>Quelles sont les dates \u00e0 retenir?<\/h4>\n<p><strong>1<sup>er\u00a0<\/sup>au 31 mars : <\/strong>Appel de candidatures<\/p>\n<p><strong>Avril et mai :<\/strong> \u00c9valuation des candidatures et s\u00e9lection des candidats et candidates<\/p>\n<p><strong>Juin :<\/strong> Annonce aux personnes s\u00e9lectionn\u00e9es<\/p>\n<p>&nbsp;<\/p>\n<h4>Comment puis-je soumettre une demande?<\/h4>\n<p>En remplissant le\u00a0<a href=\"https:\/\/www.caissealliance.com\/fr\/ma-caisse\/implication-sociale\/bourses-et-concours\/formulairededemandedebourseenligne\/\"><strong>Formulaire de demande <\/strong><\/a>avant le 31 mars 2026, \u00e0 minuit.<\/p>\n<p><a href=\"https:\/\/www.caissealliance.com\/fr\/particulier\/jeunesse\/bourse-caisse-alliance-2\/\"><br \/>\nD\u00e9couvrez les r\u00e9cipiendaires de 2025<br \/>\n<\/a><br \/>\n<img fetchpriority=\"high\" decoding=\"async\" src=\"https:\/\/www.caissealliance.com\/wp-content\/uploads\/Logo-Bourse-Caisse-Alliance-2.png\" sizes=\"(max-width: 1000px) 100vw, 1000px\" srcset=\"https:\/\/www.caissealliance.com\/wp-content\/uploads\/Logo-Bourse-Caisse-Alliance-2.png 1000w, https:\/\/www.caissealliance.com\/wp-content\/uploads\/Logo-Bourse-Caisse-Alliance-2-150x150.png 150w, https:\/\/www.caissealliance.com\/wp-content\/uploads\/Logo-Bourse-Caisse-Alliance-2-300x300.png 300w, https:\/\/www.caissealliance.com\/wp-content\/uploads\/Logo-Bourse-Caisse-Alliance-2-768x768.png 768w, https:\/\/www.caissealliance.com\/wp-content\/uploads\/Logo-Bourse-Caisse-Alliance-2-250x250.png 250w\" alt=\"\" width=\"1000\" height=\"1000\" \/><\/p>\n","protected":false},"excerpt":{"rendered":"<p>La Caisse Alliance s\u2019engage \u00e0 offrir deux bourses d\u2019\u00e9tudes de 5 000 $ pour reconna\u00eetre une contribution ou un engagement significatif au d\u00e9veloppement durable de ses communaut\u00e9s! Les \u00e9l\u00e8ves qui terminent leurs \u00e9tudes secondaires et qui pr\u00e9voient s&#8217;inscrire \u00e0 un programme postsecondaire ou les \u00e9tudiants du postsecondaire qui sont inscrits \u00e0 un programme coll\u00e9gial ou [&#8230;]<\/p>\n","protected":false},"author":7,"featured_media":36018,"parent":2324,"menu_order":2,"comment_status":"closed","ping_status":"closed","template":"","meta":{"_acf_changed":false,"_monsterinsights_skip_tracking":false,"_monsterinsights_sitenote_active":false,"_monsterinsights_sitenote_note":"","_monsterinsights_sitenote_category":0,"footnotes":""},"class_list":["post-11808","page","type-page","status-publish","has-post-thumbnail","hentry","section-clientele-scolaire"],"acf":[],"yoast_head":"<!-- This site is optimized with the Yoast SEO plugin v27.3 - https:\/\/yoast.com\/product\/yoast-seo-wordpress\/ -->\n<title>Bourse Caisse Alliance | Caisse Alliance<\/title>\n<meta name=\"robots\" content=\"index, follow, max-snippet:-1, max-image-preview:large, max-video-preview:-1\" \/>\n<link rel=\"canonical\" href=\"https:\/\/www.caissealliance.com\/fr\/ma-caisse\/implication-sociale\/bourses-et-concours\/bourse-caisse-alliance\/\" \/>\n<meta property=\"og:locale\" content=\"fr_FR\" \/>\n<meta property=\"og:type\" content=\"article\" \/>\n<meta property=\"og:title\" content=\"Bourse Caisse Alliance | Caisse Alliance\" \/>\n<meta property=\"og:description\" content=\"La Caisse Alliance s\u2019engage \u00e0 offrir deux bourses d\u2019\u00e9tudes de 5 000 $ pour reconna\u00eetre une contribution ou un engagement significatif au d\u00e9veloppement durable de ses communaut\u00e9s! Les \u00e9l\u00e8ves qui terminent leurs \u00e9tudes secondaires et qui pr\u00e9voient s&#8217;inscrire \u00e0 un programme postsecondaire ou les \u00e9tudiants du postsecondaire qui sont inscrits \u00e0 un programme coll\u00e9gial ou [...]\" \/>\n<meta property=\"og:url\" content=\"https:\/\/www.caissealliance.com\/fr\/ma-caisse\/implication-sociale\/bourses-et-concours\/bourse-caisse-alliance\/\" \/>\n<meta property=\"og:site_name\" content=\"Caisse Alliance\" \/>\n<meta property=\"article:modified_time\" content=\"2026-03-02T19:04:03+00:00\" \/>\n<meta property=\"og:image\" content=\"https:\/\/www.caissealliance.com\/wp-content\/uploads\/Bourse-Slider_01-1-1024x384.png\" \/>\n\t<meta property=\"og:image:width\" content=\"1024\" \/>\n\t<meta property=\"og:image:height\" content=\"384\" \/>\n\t<meta property=\"og:image:type\" content=\"image\/png\" \/>\n<meta name=\"twitter:card\" content=\"summary_large_image\" \/>\n<meta name=\"twitter:label1\" content=\"Dur\u00e9e de lecture estim\u00e9e\" \/>\n\t<meta name=\"twitter:data1\" content=\"2 minutes\" \/>\n<script type=\"application\/ld+json\" class=\"yoast-schema-graph\">{\"@context\":\"https:\\\/\\\/schema.org\",\"@graph\":[{\"@type\":\"WebPage\",\"@id\":\"https:\\\/\\\/www.caissealliance.com\\\/fr\\\/ma-caisse\\\/implication-sociale\\\/bourses-et-concours\\\/bourse-caisse-alliance\\\/\",\"url\":\"https:\\\/\\\/www.caissealliance.com\\\/fr\\\/ma-caisse\\\/implication-sociale\\\/bourses-et-concours\\\/bourse-caisse-alliance\\\/\",\"name\":\"Bourse Caisse Alliance | Caisse Alliance\",\"isPartOf\":{\"@id\":\"https:\\\/\\\/www.caissealliance.com\\\/fr\\\/#website\"},\"primaryImageOfPage\":{\"@id\":\"https:\\\/\\\/www.caissealliance.com\\\/fr\\\/ma-caisse\\\/implication-sociale\\\/bourses-et-concours\\\/bourse-caisse-alliance\\\/#primaryimage\"},\"image\":{\"@id\":\"https:\\\/\\\/www.caissealliance.com\\\/fr\\\/ma-caisse\\\/implication-sociale\\\/bourses-et-concours\\\/bourse-caisse-alliance\\\/#primaryimage\"},\"thumbnailUrl\":\"https:\\\/\\\/www.caissealliance.com\\\/wp-content\\\/uploads\\\/Bourse-Slider_01-1.png\",\"datePublished\":\"2021-02-24T18:18:28+00:00\",\"dateModified\":\"2026-03-02T19:04:03+00:00\",\"breadcrumb\":{\"@id\":\"https:\\\/\\\/www.caissealliance.com\\\/fr\\\/ma-caisse\\\/implication-sociale\\\/bourses-et-concours\\\/bourse-caisse-alliance\\\/#breadcrumb\"},\"inLanguage\":\"fr-FR\",\"potentialAction\":[{\"@type\":\"ReadAction\",\"target\":[\"https:\\\/\\\/www.caissealliance.com\\\/fr\\\/ma-caisse\\\/implication-sociale\\\/bourses-et-concours\\\/bourse-caisse-alliance\\\/\"]}]},{\"@type\":\"ImageObject\",\"inLanguage\":\"fr-FR\",\"@id\":\"https:\\\/\\\/www.caissealliance.com\\\/fr\\\/ma-caisse\\\/implication-sociale\\\/bourses-et-concours\\\/bourse-caisse-alliance\\\/#primaryimage\",\"url\":\"https:\\\/\\\/www.caissealliance.com\\\/wp-content\\\/uploads\\\/Bourse-Slider_01-1.png\",\"contentUrl\":\"https:\\\/\\\/www.caissealliance.com\\\/wp-content\\\/uploads\\\/Bourse-Slider_01-1.png\",\"width\":2286,\"height\":858},{\"@type\":\"BreadcrumbList\",\"@id\":\"https:\\\/\\\/www.caissealliance.com\\\/fr\\\/ma-caisse\\\/implication-sociale\\\/bourses-et-concours\\\/bourse-caisse-alliance\\\/#breadcrumb\",\"itemListElement\":[{\"@type\":\"ListItem\",\"position\":1,\"name\":\"Home\",\"item\":\"https:\\\/\\\/www.caissealliance.com\\\/fr\\\/\"},{\"@type\":\"ListItem\",\"position\":2,\"name\":\"Ma Caisse\",\"item\":\"https:\\\/\\\/www.caissealliance.com\\\/fr\\\/ma-caisse\\\/\"},{\"@type\":\"ListItem\",\"position\":3,\"name\":\"Implication sociale\",\"item\":\"https:\\\/\\\/www.caissealliance.com\\\/fr\\\/ma-caisse\\\/implication-sociale\\\/\"},{\"@type\":\"ListItem\",\"position\":4,\"name\":\"Bourses et concours\",\"item\":\"https:\\\/\\\/www.caissealliance.com\\\/fr\\\/ma-caisse\\\/implication-sociale\\\/bourses-et-concours\\\/\"},{\"@type\":\"ListItem\",\"position\":5,\"name\":\"Bourse Caisse Alliance\"}]},{\"@type\":\"WebSite\",\"@id\":\"https:\\\/\\\/www.caissealliance.com\\\/fr\\\/#website\",\"url\":\"https:\\\/\\\/www.caissealliance.com\\\/fr\\\/\",\"name\":\"Caisse Alliance\",\"description\":\"Site Web de la Caisse Alliance\",\"potentialAction\":[{\"@type\":\"SearchAction\",\"target\":{\"@type\":\"EntryPoint\",\"urlTemplate\":\"https:\\\/\\\/www.caissealliance.com\\\/fr\\\/?s={search_term_string}\"},\"query-input\":{\"@type\":\"PropertyValueSpecification\",\"valueRequired\":true,\"valueName\":\"search_term_string\"}}],\"inLanguage\":\"fr-FR\"}]}<\/script>\n<!-- \/ Yoast SEO plugin. -->","yoast_head_json":{"title":"Bourse Caisse Alliance | Caisse Alliance","robots":{"index":"index","follow":"follow","max-snippet":"max-snippet:-1","max-image-preview":"max-image-preview:large","max-video-preview":"max-video-preview:-1"},"canonical":"https:\/\/www.caissealliance.com\/fr\/ma-caisse\/implication-sociale\/bourses-et-concours\/bourse-caisse-alliance\/","og_locale":"fr_FR","og_type":"article","og_title":"Bourse Caisse Alliance | Caisse Alliance","og_description":"La Caisse Alliance s\u2019engage \u00e0 offrir deux bourses d\u2019\u00e9tudes de 5 000 $ pour reconna\u00eetre une contribution ou un engagement significatif au d\u00e9veloppement durable de ses communaut\u00e9s! Les \u00e9l\u00e8ves qui terminent leurs \u00e9tudes secondaires et qui pr\u00e9voient s&#8217;inscrire \u00e0 un programme postsecondaire ou les \u00e9tudiants du postsecondaire qui sont inscrits \u00e0 un programme coll\u00e9gial ou [...]","og_url":"https:\/\/www.caissealliance.com\/fr\/ma-caisse\/implication-sociale\/bourses-et-concours\/bourse-caisse-alliance\/","og_site_name":"Caisse Alliance","article_modified_time":"2026-03-02T19:04:03+00:00","og_image":[{"width":1024,"height":384,"url":"https:\/\/www.caissealliance.com\/wp-content\/uploads\/Bourse-Slider_01-1-1024x384.png","type":"image\/png"}],"twitter_card":"summary_large_image","twitter_misc":{"Dur\u00e9e de lecture estim\u00e9e":"2 minutes"},"schema":{"@context":"https:\/\/schema.org","@graph":[{"@type":"WebPage","@id":"https:\/\/www.caissealliance.com\/fr\/ma-caisse\/implication-sociale\/bourses-et-concours\/bourse-caisse-alliance\/","url":"https:\/\/www.caissealliance.com\/fr\/ma-caisse\/implication-sociale\/bourses-et-concours\/bourse-caisse-alliance\/","name":"Bourse Caisse Alliance | Caisse Alliance","isPartOf":{"@id":"https:\/\/www.caissealliance.com\/fr\/#website"},"primaryImageOfPage":{"@id":"https:\/\/www.caissealliance.com\/fr\/ma-caisse\/implication-sociale\/bourses-et-concours\/bourse-caisse-alliance\/#primaryimage"},"image":{"@id":"https:\/\/www.caissealliance.com\/fr\/ma-caisse\/implication-sociale\/bourses-et-concours\/bourse-caisse-alliance\/#primaryimage"},"thumbnailUrl":"https:\/\/www.caissealliance.com\/wp-content\/uploads\/Bourse-Slider_01-1.png","datePublished":"2021-02-24T18:18:28+00:00","dateModified":"2026-03-02T19:04:03+00:00","breadcrumb":{"@id":"https:\/\/www.caissealliance.com\/fr\/ma-caisse\/implication-sociale\/bourses-et-concours\/bourse-caisse-alliance\/#breadcrumb"},"inLanguage":"fr-FR","potentialAction":[{"@type":"ReadAction","target":["https:\/\/www.caissealliance.com\/fr\/ma-caisse\/implication-sociale\/bourses-et-concours\/bourse-caisse-alliance\/"]}]},{"@type":"ImageObject","inLanguage":"fr-FR","@id":"https:\/\/www.caissealliance.com\/fr\/ma-caisse\/implication-sociale\/bourses-et-concours\/bourse-caisse-alliance\/#primaryimage","url":"https:\/\/www.caissealliance.com\/wp-content\/uploads\/Bourse-Slider_01-1.png","contentUrl":"https:\/\/www.caissealliance.com\/wp-content\/uploads\/Bourse-Slider_01-1.png","width":2286,"height":858},{"@type":"BreadcrumbList","@id":"https:\/\/www.caissealliance.com\/fr\/ma-caisse\/implication-sociale\/bourses-et-concours\/bourse-caisse-alliance\/#breadcrumb","itemListElement":[{"@type":"ListItem","position":1,"name":"Home","item":"https:\/\/www.caissealliance.com\/fr\/"},{"@type":"ListItem","position":2,"name":"Ma Caisse","item":"https:\/\/www.caissealliance.com\/fr\/ma-caisse\/"},{"@type":"ListItem","position":3,"name":"Implication sociale","item":"https:\/\/www.caissealliance.com\/fr\/ma-caisse\/implication-sociale\/"},{"@type":"ListItem","position":4,"name":"Bourses et concours","item":"https:\/\/www.caissealliance.com\/fr\/ma-caisse\/implication-sociale\/bourses-et-concours\/"},{"@type":"ListItem","position":5,"name":"Bourse Caisse Alliance"}]},{"@type":"WebSite","@id":"https:\/\/www.caissealliance.com\/fr\/#website","url":"https:\/\/www.caissealliance.com\/fr\/","name":"Caisse Alliance","description":"Site Web de la Caisse Alliance","potentialAction":[{"@type":"SearchAction","target":{"@type":"EntryPoint","urlTemplate":"https:\/\/www.caissealliance.com\/fr\/?s={search_term_string}"},"query-input":{"@type":"PropertyValueSpecification","valueRequired":true,"valueName":"search_term_string"}}],"inLanguage":"fr-FR"}]}},"publishpress_future_action":{"enabled":false,"date":"2026-04-23 07:06:41","action":"change-status","newStatus":"draft","terms":[],"taxonomy":"section","extraData":[]},"publishpress_future_workflow_manual_trigger":{"enabledWorkflows":[]},"_links":{"self":[{"href":"https:\/\/www.caissealliance.com\/fr\/wp-json\/wp\/v2\/pages\/11808","targetHints":{"allow":["GET"]}}],"collection":[{"href":"https:\/\/www.caissealliance.com\/fr\/wp-json\/wp\/v2\/pages"}],"about":[{"href":"https:\/\/www.caissealliance.com\/fr\/wp-json\/wp\/v2\/types\/page"}],"author":[{"embeddable":true,"href":"https:\/\/www.caissealliance.com\/fr\/wp-json\/wp\/v2\/users\/7"}],"replies":[{"embeddable":true,"href":"https:\/\/www.caissealliance.com\/fr\/wp-json\/wp\/v2\/comments?post=11808"}],"version-history":[{"count":3,"href":"https:\/\/www.caissealliance.com\/fr\/wp-json\/wp\/v2\/pages\/11808\/revisions"}],"predecessor-version":[{"id":36085,"href":"https:\/\/www.caissealliance.com\/fr\/wp-json\/wp\/v2\/pages\/11808\/revisions\/36085"}],"up":[{"embeddable":true,"href":"https:\/\/www.caissealliance.com\/fr\/wp-json\/wp\/v2\/pages\/2324"}],"wp:featuredmedia":[{"embeddable":true,"href":"https:\/\/www.caissealliance.com\/fr\/wp-json\/wp\/v2\/media\/36018"}],"wp:attachment":[{"href":"https:\/\/www.caissealliance.com\/fr\/wp-json\/wp\/v2\/media?parent=11808"}],"curies":[{"name":"wp","href":"https:\/\/api.w.org\/{rel}","templated":true}]}}