{"id":10745,"date":"2020-10-02T08:58:04","date_gmt":"2020-10-02T12:58:04","guid":{"rendered":"https:\/\/www.caissealliance.com\/?page_id=10745"},"modified":"2024-02-05T12:33:40","modified_gmt":"2024-02-05T17:33:40","slug":"ouverture-de-compte-epargne-jeunesse","status":"publish","type":"page","link":"https:\/\/www.caissealliance.com\/fr\/ouverture-de-compte-epargne-jeunesse\/","title":{"rendered":"Devenir membre du programme \u00c9pargne jeunesse"},"content":{"rendered":"<h1>Demande d&#8217;adh\u00e9sion au programme \u00c9pargne jeunesse<\/h1>\n\n<div class=\"wpcf7 no-js\" id=\"wpcf7-f10749-o1\" lang=\"fr-FR\" dir=\"ltr\" data-wpcf7-id=\"10749\">\n<div class=\"screen-reader-response\"><p role=\"status\" aria-live=\"polite\" aria-atomic=\"true\"><\/p> <ul><\/ul><\/div>\n<form action=\"\/fr\/wp-json\/wp\/v2\/pages\/10745#wpcf7-f10749-o1\" method=\"post\" class=\"wpcf7-form init\" aria-label=\"Formulaire de contact\" novalidate=\"novalidate\" data-status=\"init\">\n<fieldset class=\"hidden-fields-container\"><input type=\"hidden\" name=\"_wpcf7\" value=\"10749\" \/><input type=\"hidden\" name=\"_wpcf7_version\" value=\"6.1.5\" \/><input type=\"hidden\" name=\"_wpcf7_locale\" value=\"fr_FR\" \/><input type=\"hidden\" name=\"_wpcf7_unit_tag\" value=\"wpcf7-f10749-o1\" \/><input type=\"hidden\" name=\"_wpcf7_container_post\" value=\"0\" \/><input type=\"hidden\" name=\"_wpcf7_posted_data_hash\" value=\"\" \/>\n<\/fieldset>\n<h3>Informations concernant l'enfant\n<\/h3>\n<hr \/>\n<div class=\"limit_width\">\n\t<p><label for=\"prenom-enfant\">Pr\u00e9nom de l'enfant*<\/label><span class=\"wpcf7-form-control-wrap\" data-name=\"prenom-enfant\"><input size=\"40\" maxlength=\"400\" class=\"wpcf7-form-control wpcf7-text wpcf7-validates-as-required\" id=\"prenom-enfant\" aria-required=\"true\" aria-invalid=\"false\" value=\"\" type=\"text\" name=\"prenom-enfant\" \/><\/span>\n\t<\/p>\n\t<p><label for=\"nom-enfant\">Nom de l'enfant*<\/label><span class=\"wpcf7-form-control-wrap\" data-name=\"nom-enfant\"><input size=\"40\" maxlength=\"400\" class=\"wpcf7-form-control wpcf7-text wpcf7-validates-as-required\" id=\"nom-enfant\" aria-required=\"true\" aria-invalid=\"false\" value=\"\" type=\"text\" name=\"nom-enfant\" \/><\/span>\n\t<\/p>\n\t<p><label class=\"notbottom\" for=\"radio-sexe\">Sexe (facultatif)<\/label><span class=\"wpcf7-form-control-wrap\" data-name=\"radio-sexe\"><span class=\"wpcf7-form-control wpcf7-radio inline\" id=\"radio-sexe\"><span class=\"wpcf7-list-item first\"><label><input type=\"radio\" name=\"radio-sexe\" value=\"Masculin\" \/><span class=\"wpcf7-list-item-label\">Masculin<\/span><\/label><\/span><span class=\"wpcf7-list-item last\"><label><input type=\"radio\" name=\"radio-sexe\" value=\"F\u00e9minin\" \/><span class=\"wpcf7-list-item-label\">F\u00e9minin<\/span><\/label><\/span><\/span><\/span>\n\t<\/p>\n\t<p><label class=\"notbottom\" for=\"ddn-enfant\">Date de naissance (facultatif)<\/label><span class=\"wpcf7-form-control-wrap\" data-name=\"ddn-enfant\"><input class=\"wpcf7-form-control wpcf7-date wpcf7-validates-as-date\" id=\"ddn-enfant\" aria-invalid=\"false\" value=\"\" type=\"date\" name=\"ddn-enfant\" \/><\/span>\n\t<\/p>\n\t<p><label for=\"adresse-enfant\">Adresse*<\/label><span class=\"wpcf7-form-control-wrap\" data-name=\"adresse-enfant\"><input size=\"40\" maxlength=\"400\" class=\"wpcf7-form-control wpcf7-text wpcf7-validates-as-required\" id=\"adresse-enfant\" aria-required=\"true\" aria-invalid=\"false\" value=\"\" type=\"text\" name=\"adresse-enfant\" \/><\/span>\n\t<\/p>\n\t<p><label for=\"ville-enfant\">Ville*<\/label><span class=\"wpcf7-form-control-wrap\" data-name=\"ville-enfant\"><input size=\"40\" maxlength=\"400\" class=\"wpcf7-form-control wpcf7-text wpcf7-validates-as-required\" id=\"ville-enfant\" aria-required=\"true\" aria-invalid=\"false\" value=\"\" type=\"text\" name=\"ville-enfant\" \/><\/span>\n\t<\/p>\n\t<p><label for=\"province-enfant\">Province*<\/label><span class=\"wpcf7-form-control-wrap\" data-name=\"province-enfant\"><input size=\"40\" maxlength=\"400\" class=\"wpcf7-form-control wpcf7-text wpcf7-validates-as-required\" id=\"province-enfant\" readonly=\"readonly\" aria-required=\"true\" aria-invalid=\"false\" value=\"Ontario\" type=\"text\" name=\"province-enfant\" \/><\/span>\n\t<\/p>\n\t<p><label for=\"code-postal-enfant\">Code postal*<\/label><span class=\"wpcf7-form-control-wrap\" data-name=\"code-postal-enfant\"><input size=\"40\" maxlength=\"400\" class=\"wpcf7-form-control wpcf7-text wpcf7-validates-as-required\" id=\"code-postal-enfant\" aria-required=\"true\" aria-invalid=\"false\" value=\"\" type=\"text\" name=\"code-postal-enfant\" \/><\/span>\n\t<\/p>\n\t<p><label for=\"nas-enfant\">NAS (facultatif)<\/label><span class=\"wpcf7-form-control-wrap\" data-name=\"nas-enfant\"><input size=\"40\" maxlength=\"400\" class=\"wpcf7-form-control wpcf7-text\" id=\"nas-enfant\" aria-invalid=\"false\" value=\"\" type=\"text\" name=\"nas-enfant\" \/><\/span>\n\t<\/p>\n<\/div>\n<h3>Informations concernant le(s) parent(s) ou tuteur(s)\n<\/h3>\n<hr \/>\n<div class=\"limit_width\">\n\t<p><label for=\"prenom-pere-tuteur\">Pr\u00e9nom du p\u00e8re ou tuteur<\/label><span class=\"wpcf7-form-control-wrap\" data-name=\"prenom-pere-tuteur\"><input size=\"40\" maxlength=\"400\" class=\"wpcf7-form-control wpcf7-text\" id=\"prenom-pere-tuteur\" aria-invalid=\"false\" value=\"\" type=\"text\" name=\"prenom-pere-tuteur\" \/><\/span>\n\t<\/p>\n\t<p><label for=\"nom-pere-tuteur\">Nom du p\u00e8re ou tuteur<\/label><span class=\"wpcf7-form-control-wrap\" data-name=\"nom-pere-tuteur\"><input size=\"40\" maxlength=\"400\" class=\"wpcf7-form-control wpcf7-text\" id=\"nom-pere-tuteur\" aria-invalid=\"false\" value=\"\" type=\"text\" name=\"nom-pere-tuteur\" \/><\/span>\n\t<\/p>\n\t<p><label for=\"tel-pere-tuteur-primaire\">T\u00e9l\u00e9phone primaire (maison\/cellulaire)<\/label><span class=\"wpcf7-form-control-wrap\" data-name=\"tel-pere-tuteur-primaire\"><input size=\"40\" maxlength=\"400\" class=\"wpcf7-form-control wpcf7-tel wpcf7-text wpcf7-validates-as-tel\" id=\"tel-pere-tuteur-primaire\" aria-invalid=\"false\" value=\"\" type=\"tel\" name=\"tel-pere-tuteur-primaire\" \/><\/span>\n\t<\/p>\n\t<p><label for=\"tel-pere-tuteur-secondaire\">T\u00e9l\u00e9phone secondaire (travail)<\/label><span class=\"wpcf7-form-control-wrap\" data-name=\"tel-pere-tuteur-secondaire\"><input size=\"40\" maxlength=\"400\" class=\"wpcf7-form-control wpcf7-tel wpcf7-text wpcf7-validates-as-tel\" id=\"tel-pere-tuteur-secondaire\" aria-invalid=\"false\" value=\"\" type=\"tel\" name=\"tel-pere-tuteur-secondaire\" \/><\/span>\n\t<\/p>\n\t<p><label for=\"adresse-pere-tuteur\">Adresse<\/label><span class=\"wpcf7-form-control-wrap\" data-name=\"adresse-pere-tuteur\"><input size=\"40\" maxlength=\"400\" class=\"wpcf7-form-control wpcf7-text\" id=\"adresse-pere-tuteur\" aria-invalid=\"false\" value=\"\" type=\"text\" name=\"adresse-pere-tuteur\" \/><\/span>\n\t<\/p>\n\t<p><label for=\"ville-pere-tuteur\">Ville<\/label><span class=\"wpcf7-form-control-wrap\" data-name=\"ville-pere-tuteur\"><input size=\"40\" maxlength=\"400\" class=\"wpcf7-form-control wpcf7-text\" id=\"ville-pere-tuteur\" aria-invalid=\"false\" value=\"\" type=\"text\" name=\"ville-pere-tuteur\" \/><\/span>\n\t<\/p>\n\t<p><label for=\"province-pere-tuteur\">Province<\/label><span class=\"wpcf7-form-control-wrap\" data-name=\"province-pere-tuteur\"><input size=\"40\" maxlength=\"400\" class=\"wpcf7-form-control wpcf7-text\" id=\"province-pere-tuteur\" readonly=\"readonly\" aria-invalid=\"false\" value=\"Ontario\" type=\"text\" name=\"province-pere-tuteur\" \/><\/span>\n\t<\/p>\n\t<p><label for=\"code-postal-pere-tuteur\">Code postal<\/label><span class=\"wpcf7-form-control-wrap\" data-name=\"code-postal-pere-tuteur\"><input size=\"40\" maxlength=\"400\" class=\"wpcf7-form-control wpcf7-text\" id=\"code-postal-pere-tuteur\" aria-invalid=\"false\" value=\"\" type=\"text\" name=\"code-postal-pere-tuteur\" \/><\/span>\n\t<\/p>\n\t<p><label for=\"ddn-pere-tuteur\">Date de naissance du p\u00e8re ou tuteur<\/label><span class=\"wpcf7-form-control-wrap\" data-name=\"ddn-pere-tuteur\"><input class=\"wpcf7-form-control wpcf7-date wpcf7-validates-as-date\" id=\"ddn-pere-tuteur\" aria-invalid=\"false\" value=\"\" type=\"date\" name=\"ddn-pere-tuteur\" \/><\/span>\n\t<\/p>\n<\/div>\n<hr \/>\n<div class=\"limit_width\">\n\t<p><label for=\"prenom-mere-tutrice\">Pr\u00e9nom de la m\u00e8re ou tutrice<\/label><span class=\"wpcf7-form-control-wrap\" data-name=\"prenom-mere-tutrice\"><input size=\"40\" maxlength=\"400\" class=\"wpcf7-form-control wpcf7-text\" id=\"prenom-mere-tutrice\" aria-invalid=\"false\" value=\"\" type=\"text\" name=\"prenom-mere-tutrice\" \/><\/span>\n\t<\/p>\n\t<p><label for=\"nom-mere-tutrice\">Nom de la m\u00e8re ou tutrice<\/label><span class=\"wpcf7-form-control-wrap\" data-name=\"nom-mere-tutrice\"><input size=\"40\" maxlength=\"400\" class=\"wpcf7-form-control wpcf7-text\" id=\"nom-mere-tutrice\" aria-invalid=\"false\" value=\"\" type=\"text\" name=\"nom-mere-tutrice\" \/><\/span>\n\t<\/p>\n\t<p><label for=\"tel-mere-tutrice-primaire\">T\u00e9l\u00e9phone primaire (maison\/cellulaire)<\/label><span class=\"wpcf7-form-control-wrap\" data-name=\"tel-mere-tutrice-primaire\"><input size=\"40\" maxlength=\"400\" class=\"wpcf7-form-control wpcf7-tel wpcf7-text wpcf7-validates-as-tel\" id=\"tel-mere-tutrice-primaire\" aria-invalid=\"false\" value=\"\" type=\"tel\" name=\"tel-mere-tutrice-primaire\" \/><\/span>\n\t<\/p>\n\t<p><label for=\"tel-mere-tutrice-secondaire\">T\u00e9l\u00e9phone secondaire (travail)<\/label><span class=\"wpcf7-form-control-wrap\" data-name=\"tel-mere-tutrice-secondaire\"><input size=\"40\" maxlength=\"400\" class=\"wpcf7-form-control wpcf7-tel wpcf7-text wpcf7-validates-as-tel\" id=\"tel-mere-tutrice-secondaire\" aria-invalid=\"false\" value=\"\" type=\"tel\" name=\"tel-mere-tutrice-secondaire\" \/><\/span>\n\t<\/p>\n\t<p><label for=\"adresse-mere-tutrice\">Adresse<\/label><span class=\"wpcf7-form-control-wrap\" data-name=\"adresse-mere-tutrice\"><input size=\"40\" maxlength=\"400\" class=\"wpcf7-form-control wpcf7-text\" id=\"adresse-mere-tutrice\" aria-invalid=\"false\" value=\"\" type=\"text\" name=\"adresse-mere-tutrice\" \/><\/span>\n\t<\/p>\n\t<p><label for=\"ville-mere-tutrice\">Ville<\/label><span class=\"wpcf7-form-control-wrap\" data-name=\"ville-mere-tutrice\"><input size=\"40\" maxlength=\"400\" class=\"wpcf7-form-control wpcf7-text\" id=\"ville-mere-tutrice\" aria-invalid=\"false\" value=\"\" type=\"text\" name=\"ville-mere-tutrice\" \/><\/span>\n\t<\/p>\n\t<p><label for=\"province-mere-tutrice\">Province<\/label><span class=\"wpcf7-form-control-wrap\" data-name=\"province-mere-tutrice\"><input size=\"40\" maxlength=\"400\" class=\"wpcf7-form-control wpcf7-text\" id=\"province-mere-tutrice\" readonly=\"readonly\" aria-invalid=\"false\" value=\"Ontario\" type=\"text\" name=\"province-mere-tutrice\" \/><\/span>\n\t<\/p>\n\t<p><label for=\"code-postal-mere-tutrice\">Code postal<\/label><span class=\"wpcf7-form-control-wrap\" data-name=\"code-postal-mere-tutrice\"><input size=\"40\" maxlength=\"400\" class=\"wpcf7-form-control wpcf7-text\" id=\"code-postal-mere-tutrice\" aria-invalid=\"false\" value=\"\" type=\"text\" name=\"code-postal-mere-tutrice\" \/><\/span>\n\t<\/p>\n\t<p><label for=\"ddn-mere-tutrice\">Date de naissance de la m\u00e8re ou tutrice<\/label><span class=\"wpcf7-form-control-wrap\" data-name=\"ddn-mere-tutrice\"><input class=\"wpcf7-form-control wpcf7-date wpcf7-validates-as-date\" id=\"ddn-mere-tutrice\" aria-invalid=\"false\" value=\"\" type=\"date\" name=\"ddn-mere-tutrice\" \/><\/span>\n\t<\/p>\n<\/div>\n<h3>R\u00e9sidence fiscale\n<\/h3>\n<hr \/>\n<p class=\"limit_width\"><br \/>\nCocher les options qui s\u2019appliquent \u00e0 la r\u00e9sidence fiscale de l\u2019enfant. Pays de r\u00e9sidence aux fins de l\u2019imp\u00f4t ou citoyennet\u00e9 am\u00e9ricaine.\n<\/p>\n<div class=\"limit_width\">\n\t<p><label class=\"notbottom\" for=\"residence-fiscale-enfant\">R\u00e9sidence fiscale de l'enfant :<\/label><span class=\"wpcf7-form-control-wrap\" data-name=\"residence-fiscale-enfant\"><span class=\"wpcf7-form-control wpcf7-radio inline\" id=\"residence-fiscale-enfant\"><span class=\"wpcf7-list-item first\"><label><input type=\"radio\" name=\"residence-fiscale-enfant\" value=\"Je suis un r\u00e9sident du Canada.\" \/><span class=\"wpcf7-list-item-label\">Je suis un r\u00e9sident du Canada.<\/span><\/label><\/span><span class=\"wpcf7-list-item\"><label><input type=\"radio\" name=\"residence-fiscale-enfant\" value=\"Je suis de citoyennet\u00e9 am\u00e9ricaine ou un r\u00e9sident des \u00c9tats-Unis.\" \/><span class=\"wpcf7-list-item-label\">Je suis de citoyennet\u00e9 am\u00e9ricaine ou un r\u00e9sident des \u00c9tats-Unis.<\/span><\/label><\/span><span class=\"wpcf7-list-item last\"><label><input type=\"radio\" name=\"residence-fiscale-enfant\" value=\"Je suis un r\u00e9sident d\u2019une juridiction fiscale autre que le Canada ou les \u00c9tats-Unis.\" \/><span class=\"wpcf7-list-item-label\">Je suis un r\u00e9sident d\u2019une juridiction fiscale autre que le Canada ou les \u00c9tats-Unis.<\/span><\/label><\/span><\/span><\/span>\n\t<\/p>\n<\/div>\n<hr \/>\n<div class=\"limit_width\">\n\t<p><label class=\"notbottom\" for=\"choix-retrait-au-compte\">Pour effectuer un retrait au compte :<\/label><span class=\"wpcf7-form-control-wrap\" data-name=\"choix-retrait-au-compte\"><span class=\"wpcf7-form-control wpcf7-radio inline\" id=\"choix-retrait-au-compte\"><span class=\"wpcf7-list-item first\"><label><input type=\"radio\" name=\"choix-retrait-au-compte\" value=\"Une signature : l&#039;enfant est le seul signataire au compte\" \/><span class=\"wpcf7-list-item-label\">Une signature : l&#039;enfant est le seul signataire au compte<\/span><\/label><\/span><span class=\"wpcf7-list-item last\"><label><input type=\"radio\" name=\"choix-retrait-au-compte\" value=\"Deux signatures : une signature requise du parent\/tuteur et de l\u2019enfant\" \/><span class=\"wpcf7-list-item-label\">Deux signatures : une signature requise du parent\/tuteur et de l\u2019enfant<\/span><\/label><\/span><\/span><\/span>\n\t<\/p>\n<\/div>\n<hr \/>\n<p class=\"limit_width\"><br \/>\nJe demande \u00e0 devenir membre de la caisse et je m\u2019engage \u00e0 respecter les r\u00e8glements de la caisse lors de mon admission. Je comprends et reconnais que l\u2019ouverture de mon folio est subordonn\u00e9e au r\u00e9sultat de la v\u00e9rification financi\u00e8re qui sera effectu\u00e9e \u00e0 mon \u00e9gard et \u00e0 mon admission par le conseil d\u2019administration de la caisse ou par la personne que celui-ci a autoris\u00e9e. J\u2019accepte d\u2019\u00eatre li\u00e9 par les modalit\u00e9s de gestion de folio, lesquelles me sont remises par la caisse.\n<\/p>\n<p><input class=\"wpcf7-form-control wpcf7-submit has-spinner\" type=\"submit\" value=\"Envoyer\" \/>\n<\/p><div class=\"wpcf7-response-output\" aria-hidden=\"true\"><\/div>\n<\/form>\n<\/div>\n\n","protected":false},"excerpt":{"rendered":"<p>Demande d&#8217;adh\u00e9sion au programme \u00c9pargne jeunesse<\/p>\n","protected":false},"author":7,"featured_media":24316,"parent":0,"menu_order":318,"comment_status":"closed","ping_status":"closed","template":"page_full.php","meta":{"_acf_changed":false,"_monsterinsights_skip_tracking":false,"_monsterinsights_sitenote_active":false,"_monsterinsights_sitenote_note":"","_monsterinsights_sitenote_category":0,"footnotes":""},"class_list":["post-10745","page","type-page","status-publish","has-post-thumbnail","hentry"],"acf":[],"yoast_head":"<!-- This site is optimized with the Yoast SEO plugin v27.3 - https:\/\/yoast.com\/product\/yoast-seo-wordpress\/ -->\n<title>Devenir membre du programme \u00c9pargne jeunesse | Caisse Alliance<\/title>\n<meta name=\"robots\" content=\"index, follow, max-snippet:-1, max-image-preview:large, max-video-preview:-1\" \/>\n<link rel=\"canonical\" href=\"https:\/\/www.caissealliance.com\/fr\/ouverture-de-compte-epargne-jeunesse\/\" \/>\n<meta property=\"og:locale\" content=\"fr_FR\" \/>\n<meta property=\"og:type\" content=\"article\" \/>\n<meta property=\"og:title\" content=\"Devenir membre du programme \u00c9pargne jeunesse | Caisse Alliance\" \/>\n<meta property=\"og:description\" content=\"Demande d&#8217;adh\u00e9sion au programme \u00c9pargne jeunesse\" \/>\n<meta property=\"og:url\" content=\"https:\/\/www.caissealliance.com\/fr\/ouverture-de-compte-epargne-jeunesse\/\" \/>\n<meta property=\"og:site_name\" content=\"Caisse Alliance\" \/>\n<meta property=\"article:modified_time\" content=\"2024-02-05T17:33:40+00:00\" \/>\n<meta property=\"og:image\" content=\"https:\/\/www.caissealliance.com\/wp-content\/uploads\/Epargne-jeunesse-site-Web.jpg\" \/>\n\t<meta property=\"og:image:width\" content=\"1620\" \/>\n\t<meta property=\"og:image:height\" content=\"792\" \/>\n\t<meta property=\"og:image:type\" content=\"image\/jpeg\" \/>\n<meta name=\"twitter:card\" content=\"summary_large_image\" \/>\n<meta name=\"twitter:label1\" content=\"Dur\u00e9e de lecture estim\u00e9e\" \/>\n\t<meta name=\"twitter:data1\" content=\"1 minute\" \/>\n<script type=\"application\/ld+json\" class=\"yoast-schema-graph\">{\"@context\":\"https:\\\/\\\/schema.org\",\"@graph\":[{\"@type\":\"WebPage\",\"@id\":\"https:\\\/\\\/www.caissealliance.com\\\/fr\\\/ouverture-de-compte-epargne-jeunesse\\\/\",\"url\":\"https:\\\/\\\/www.caissealliance.com\\\/fr\\\/ouverture-de-compte-epargne-jeunesse\\\/\",\"name\":\"Devenir membre du programme \u00c9pargne jeunesse | Caisse Alliance\",\"isPartOf\":{\"@id\":\"https:\\\/\\\/www.caissealliance.com\\\/fr\\\/#website\"},\"primaryImageOfPage\":{\"@id\":\"https:\\\/\\\/www.caissealliance.com\\\/fr\\\/ouverture-de-compte-epargne-jeunesse\\\/#primaryimage\"},\"image\":{\"@id\":\"https:\\\/\\\/www.caissealliance.com\\\/fr\\\/ouverture-de-compte-epargne-jeunesse\\\/#primaryimage\"},\"thumbnailUrl\":\"https:\\\/\\\/www.caissealliance.com\\\/wp-content\\\/uploads\\\/Epargne-jeunesse-site-Web.jpg\",\"datePublished\":\"2020-10-02T12:58:04+00:00\",\"dateModified\":\"2024-02-05T17:33:40+00:00\",\"breadcrumb\":{\"@id\":\"https:\\\/\\\/www.caissealliance.com\\\/fr\\\/ouverture-de-compte-epargne-jeunesse\\\/#breadcrumb\"},\"inLanguage\":\"fr-FR\",\"potentialAction\":[{\"@type\":\"ReadAction\",\"target\":[\"https:\\\/\\\/www.caissealliance.com\\\/fr\\\/ouverture-de-compte-epargne-jeunesse\\\/\"]}]},{\"@type\":\"ImageObject\",\"inLanguage\":\"fr-FR\",\"@id\":\"https:\\\/\\\/www.caissealliance.com\\\/fr\\\/ouverture-de-compte-epargne-jeunesse\\\/#primaryimage\",\"url\":\"https:\\\/\\\/www.caissealliance.com\\\/wp-content\\\/uploads\\\/Epargne-jeunesse-site-Web.jpg\",\"contentUrl\":\"https:\\\/\\\/www.caissealliance.com\\\/wp-content\\\/uploads\\\/Epargne-jeunesse-site-Web.jpg\",\"width\":1620,\"height\":792},{\"@type\":\"BreadcrumbList\",\"@id\":\"https:\\\/\\\/www.caissealliance.com\\\/fr\\\/ouverture-de-compte-epargne-jeunesse\\\/#breadcrumb\",\"itemListElement\":[{\"@type\":\"ListItem\",\"position\":1,\"name\":\"Home\",\"item\":\"https:\\\/\\\/www.caissealliance.com\\\/fr\\\/\"},{\"@type\":\"ListItem\",\"position\":2,\"name\":\"Devenir membre du programme \u00c9pargne jeunesse\"}]},{\"@type\":\"WebSite\",\"@id\":\"https:\\\/\\\/www.caissealliance.com\\\/fr\\\/#website\",\"url\":\"https:\\\/\\\/www.caissealliance.com\\\/fr\\\/\",\"name\":\"Caisse Alliance\",\"description\":\"Site Web de la Caisse Alliance\",\"potentialAction\":[{\"@type\":\"SearchAction\",\"target\":{\"@type\":\"EntryPoint\",\"urlTemplate\":\"https:\\\/\\\/www.caissealliance.com\\\/fr\\\/?s={search_term_string}\"},\"query-input\":{\"@type\":\"PropertyValueSpecification\",\"valueRequired\":true,\"valueName\":\"search_term_string\"}}],\"inLanguage\":\"fr-FR\"}]}<\/script>\n<!-- \/ Yoast SEO plugin. -->","yoast_head_json":{"title":"Devenir membre du programme \u00c9pargne jeunesse | Caisse Alliance","robots":{"index":"index","follow":"follow","max-snippet":"max-snippet:-1","max-image-preview":"max-image-preview:large","max-video-preview":"max-video-preview:-1"},"canonical":"https:\/\/www.caissealliance.com\/fr\/ouverture-de-compte-epargne-jeunesse\/","og_locale":"fr_FR","og_type":"article","og_title":"Devenir membre du programme \u00c9pargne jeunesse | Caisse Alliance","og_description":"Demande d&#8217;adh\u00e9sion au programme \u00c9pargne jeunesse","og_url":"https:\/\/www.caissealliance.com\/fr\/ouverture-de-compte-epargne-jeunesse\/","og_site_name":"Caisse Alliance","article_modified_time":"2024-02-05T17:33:40+00:00","og_image":[{"width":1620,"height":792,"url":"https:\/\/www.caissealliance.com\/wp-content\/uploads\/Epargne-jeunesse-site-Web.jpg","type":"image\/jpeg"}],"twitter_card":"summary_large_image","twitter_misc":{"Dur\u00e9e de lecture estim\u00e9e":"1 minute"},"schema":{"@context":"https:\/\/schema.org","@graph":[{"@type":"WebPage","@id":"https:\/\/www.caissealliance.com\/fr\/ouverture-de-compte-epargne-jeunesse\/","url":"https:\/\/www.caissealliance.com\/fr\/ouverture-de-compte-epargne-jeunesse\/","name":"Devenir membre du programme \u00c9pargne jeunesse | Caisse Alliance","isPartOf":{"@id":"https:\/\/www.caissealliance.com\/fr\/#website"},"primaryImageOfPage":{"@id":"https:\/\/www.caissealliance.com\/fr\/ouverture-de-compte-epargne-jeunesse\/#primaryimage"},"image":{"@id":"https:\/\/www.caissealliance.com\/fr\/ouverture-de-compte-epargne-jeunesse\/#primaryimage"},"thumbnailUrl":"https:\/\/www.caissealliance.com\/wp-content\/uploads\/Epargne-jeunesse-site-Web.jpg","datePublished":"2020-10-02T12:58:04+00:00","dateModified":"2024-02-05T17:33:40+00:00","breadcrumb":{"@id":"https:\/\/www.caissealliance.com\/fr\/ouverture-de-compte-epargne-jeunesse\/#breadcrumb"},"inLanguage":"fr-FR","potentialAction":[{"@type":"ReadAction","target":["https:\/\/www.caissealliance.com\/fr\/ouverture-de-compte-epargne-jeunesse\/"]}]},{"@type":"ImageObject","inLanguage":"fr-FR","@id":"https:\/\/www.caissealliance.com\/fr\/ouverture-de-compte-epargne-jeunesse\/#primaryimage","url":"https:\/\/www.caissealliance.com\/wp-content\/uploads\/Epargne-jeunesse-site-Web.jpg","contentUrl":"https:\/\/www.caissealliance.com\/wp-content\/uploads\/Epargne-jeunesse-site-Web.jpg","width":1620,"height":792},{"@type":"BreadcrumbList","@id":"https:\/\/www.caissealliance.com\/fr\/ouverture-de-compte-epargne-jeunesse\/#breadcrumb","itemListElement":[{"@type":"ListItem","position":1,"name":"Home","item":"https:\/\/www.caissealliance.com\/fr\/"},{"@type":"ListItem","position":2,"name":"Devenir membre du programme \u00c9pargne jeunesse"}]},{"@type":"WebSite","@id":"https:\/\/www.caissealliance.com\/fr\/#website","url":"https:\/\/www.caissealliance.com\/fr\/","name":"Caisse Alliance","description":"Site Web de la Caisse Alliance","potentialAction":[{"@type":"SearchAction","target":{"@type":"EntryPoint","urlTemplate":"https:\/\/www.caissealliance.com\/fr\/?s={search_term_string}"},"query-input":{"@type":"PropertyValueSpecification","valueRequired":true,"valueName":"search_term_string"}}],"inLanguage":"fr-FR"}]}},"publishpress_future_action":{"enabled":false,"date":"2026-04-22 23:33:28","action":"change-status","newStatus":"draft","terms":[],"taxonomy":"section","extraData":[]},"publishpress_future_workflow_manual_trigger":{"enabledWorkflows":[]},"_links":{"self":[{"href":"https:\/\/www.caissealliance.com\/fr\/wp-json\/wp\/v2\/pages\/10745","targetHints":{"allow":["GET"]}}],"collection":[{"href":"https:\/\/www.caissealliance.com\/fr\/wp-json\/wp\/v2\/pages"}],"about":[{"href":"https:\/\/www.caissealliance.com\/fr\/wp-json\/wp\/v2\/types\/page"}],"author":[{"embeddable":true,"href":"https:\/\/www.caissealliance.com\/fr\/wp-json\/wp\/v2\/users\/7"}],"replies":[{"embeddable":true,"href":"https:\/\/www.caissealliance.com\/fr\/wp-json\/wp\/v2\/comments?post=10745"}],"version-history":[{"count":7,"href":"https:\/\/www.caissealliance.com\/fr\/wp-json\/wp\/v2\/pages\/10745\/revisions"}],"predecessor-version":[{"id":24990,"href":"https:\/\/www.caissealliance.com\/fr\/wp-json\/wp\/v2\/pages\/10745\/revisions\/24990"}],"wp:featuredmedia":[{"embeddable":true,"href":"https:\/\/www.caissealliance.com\/fr\/wp-json\/wp\/v2\/media\/24316"}],"wp:attachment":[{"href":"https:\/\/www.caissealliance.com\/fr\/wp-json\/wp\/v2\/media?parent=10745"}],"curies":[{"name":"wp","href":"https:\/\/api.w.org\/{rel}","templated":true}]}}