{"id":10623,"date":"2020-09-15T13:10:49","date_gmt":"2020-09-15T17:10:49","guid":{"rendered":"https:\/\/www.caissealliance.com\/?page_id=10623"},"modified":"2025-09-05T14:26:32","modified_gmt":"2025-09-05T18:26:32","slug":"gala-reconnaissance","status":"publish","type":"page","link":"https:\/\/www.caissealliance.com\/fr\/gala-reconnaissance\/","title":{"rendered":"Gala de reconnaissance"},"content":{"rendered":"<h1>Prix service excellence\u2026 le choix des soci\u00e9taires!<\/h1>\n<p>Dans le cadre de la semaine de la coop\u00e9ration qui se d\u00e9roule en octobre, la Caisse Alliance organise un Gala de reconnaissance. Lors de cet \u00e9v\u00e9nement, 8 prix seront remis pour souligner le travail et les efforts de ses employ\u00e9s et de ses centres de services.<\/p>\n<h3>Qu\u2019est-ce que le prix Service excellence?<\/h3>\n<p>Il s\u2019agit de reconna\u00eetre le service de grande qualit\u00e9 d\u2019un centre de services de la Caisse Alliance.<\/p>\n<h3>Participation<\/h3>\n\n<div class=\"wpcf7 no-js\" id=\"wpcf7-f10635-o1\" lang=\"fr-FR\" dir=\"ltr\" data-wpcf7-id=\"10635\">\n<div class=\"screen-reader-response\"><p role=\"status\" aria-live=\"polite\" aria-atomic=\"true\"><\/p> <ul><\/ul><\/div>\n<form action=\"\/fr\/wp-json\/wp\/v2\/pages\/10623#wpcf7-f10635-o1\" method=\"post\" class=\"wpcf7-form init\" aria-label=\"Formulaire de contact\" novalidate=\"novalidate\" data-status=\"init\">\n<fieldset class=\"hidden-fields-container\"><input type=\"hidden\" name=\"_wpcf7\" value=\"10635\" \/><input type=\"hidden\" name=\"_wpcf7_version\" value=\"6.1.5\" \/><input type=\"hidden\" name=\"_wpcf7_locale\" value=\"fr_FR\" \/><input type=\"hidden\" name=\"_wpcf7_unit_tag\" value=\"wpcf7-f10635-o1\" \/><input type=\"hidden\" name=\"_wpcf7_container_post\" value=\"0\" \/><input type=\"hidden\" name=\"_wpcf7_posted_data_hash\" value=\"\" \/>\n<\/fieldset>\n<h3>Formulaire<br \/>\n\t<p class=\"full\"><br \/>\n<label for=\"cds\"> Centre de services s\u00e9lectionn\u00e9 :<\/label><span class=\"wpcf7-form-control-wrap\" data-name=\"cds\"><select class=\"wpcf7-form-control wpcf7-select wpcf7-validates-as-required\" id=\"cds\" aria-required=\"true\" aria-invalid=\"false\" name=\"cds\"><option value=\"Alban\">Alban<\/option><option value=\"Argyle\">Argyle<\/option><option value=\"Bonfield\">Bonfield<\/option><option value=\"Fauquier\">Fauquier<\/option><option value=\"Field\">Field<\/option><option value=\"Hearst\">Hearst<\/option><option value=\"Iroquois Falls\">Iroquois Falls<\/option><option value=\"Kapuskasing\">Kapuskasing<\/option><option value=\"Longlac\">Longlac<\/option><option value=\"Markstay\">Markstay<\/option><option value=\"Mattawa\">Mattawa<\/option><option value=\"Mattice\">Mattice<\/option><option value=\"Moonbeam\">Moonbeam<\/option><option value=\"No\u00eblville\">No\u00eblville<\/option><option value=\"North Bay\">North Bay<\/option><option value=\"Opasatika\">Opasatika<\/option><option value=\"Smooth Rock Falls\">Smooth Rock Falls<\/option><option value=\"St-Charles\">St-Charles<\/option><option value=\"Sturgeon Falls\">Sturgeon Falls<\/option><option value=\"Timmins\">Timmins<\/option><option value=\"Val Gagn\u00e9\">Val Gagn\u00e9<\/option><option value=\"Val Rita\">Val Rita<\/option><option value=\"Verner\">Verner<\/option><option value=\"Warren\">Warren<\/option><option value=\"West Ferris\">West Ferris<\/option><\/select><\/span>\n\t<\/p><br \/>\n\t<p class=\"full\"><br \/>\n<label for=\"raison\">1. Pour quelles raisons croyez-vous que le centre de services mentionn\u00e9 ci-dessus devrait recevoir ce prix?<\/label><span class=\"wpcf7-form-control-wrap\" data-name=\"raison\"><textarea cols=\"40\" rows=\"10\" maxlength=\"2000\" class=\"wpcf7-form-control wpcf7-textarea wpcf7-validates-as-required\" id=\"raison\" aria-required=\"true\" aria-invalid=\"false\" name=\"raison\"><\/textarea><\/span>\n\t<\/p><br \/>\n\t<p class=\"full\"><br \/>\n<label for=\"departement\">2. Vous faites r\u00e9f\u00e9rence \u00e0 quel(s) d\u00e9partement(s) concernant la qualit\u00e9 du service re\u00e7u? <\/label><span class=\"wpcf7-form-control-wrap\" data-name=\"departement\"><textarea cols=\"40\" rows=\"10\" maxlength=\"2000\" class=\"wpcf7-form-control wpcf7-textarea wpcf7-validates-as-required\" id=\"departement\" aria-required=\"true\" aria-invalid=\"false\" name=\"departement\"><\/textarea><\/span>\n\t<\/p><br \/>\n\t<p class=\"full\"><br \/>\n<label for=\"qualite\">3. Pour vous, qu\u2019est-ce qu\u2019un service de grande qualit\u00e9?<\/label><span class=\"wpcf7-form-control-wrap\" data-name=\"qualite\"><textarea cols=\"40\" rows=\"10\" maxlength=\"2000\" class=\"wpcf7-form-control wpcf7-textarea wpcf7-validates-as-required\" id=\"qualite\" aria-required=\"true\" aria-invalid=\"false\" name=\"qualite\"><\/textarea><\/span>\n\t<\/p><br \/>\n\t<p class=\"full\"><br \/>\n<label for=\"exemples\">4. Pouvez-vous nous donner des exemples concrets des services de qualit\u00e9 qui vous ont \u00e9t\u00e9 offerts?<\/label><span class=\"wpcf7-form-control-wrap\" data-name=\"exemples\"><textarea cols=\"40\" rows=\"10\" maxlength=\"2000\" class=\"wpcf7-form-control wpcf7-textarea wpcf7-validates-as-required\" id=\"exemples\" aria-required=\"true\" aria-invalid=\"false\" name=\"exemples\"><\/textarea><\/span>\n\t<\/p><br \/>\n\t<p class=\"full\"><br \/>\n<label for=\"nom-personne\">Nom de la personne ayant rempli le formulaire :<\/label><span class=\"wpcf7-form-control-wrap\" data-name=\"nom-personne\"><input size=\"40\" maxlength=\"400\" class=\"wpcf7-form-control wpcf7-text wpcf7-validates-as-required\" id=\"nom-personne\" aria-required=\"true\" aria-invalid=\"false\" value=\"\" type=\"text\" name=\"nom-personne\" \/><\/span>\n\t<\/p><br \/>\n<input class=\"wpcf7-form-control wpcf7-submit has-spinner\" type=\"submit\" value=\"Soumettre\" \/>\n<\/h3><div class=\"wpcf7-response-output\" aria-hidden=\"true\"><\/div>\n<\/form>\n<\/div>\n\n<p>&nbsp;<\/p>\n","protected":false},"excerpt":{"rendered":"<p>Dans le cadre de la semaine de la coop\u00e9ration qui se d\u00e9roule en octobre, la Caisse Alliance organise un Gala de reconnaissance. Lors de cet \u00e9v\u00e9nement, 8 prix seront remis pour souligner le travail et les efforts de ses employ\u00e9s et de ses centres de services. Il s\u2019agit de reconna\u00eetre le service de grande qualit\u00e9 [&#8230;]<\/p>\n","protected":false},"author":7,"featured_media":13145,"parent":0,"menu_order":322,"comment_status":"closed","ping_status":"closed","template":"page_full.php","meta":{"_acf_changed":false,"_monsterinsights_skip_tracking":false,"_monsterinsights_sitenote_active":false,"_monsterinsights_sitenote_note":"","_monsterinsights_sitenote_category":0,"footnotes":""},"class_list":["post-10623","page","type-page","status-publish","has-post-thumbnail","hentry"],"acf":[],"yoast_head":"<!-- This site is optimized with the Yoast SEO plugin v27.3 - https:\/\/yoast.com\/product\/yoast-seo-wordpress\/ -->\n<title>Gala de reconnaissance | Caisse Alliance<\/title>\n<meta name=\"robots\" content=\"index, follow, max-snippet:-1, max-image-preview:large, max-video-preview:-1\" \/>\n<link rel=\"canonical\" href=\"https:\/\/www.caissealliance.com\/fr\/gala-reconnaissance\/\" \/>\n<meta property=\"og:locale\" content=\"fr_FR\" \/>\n<meta property=\"og:type\" content=\"article\" \/>\n<meta property=\"og:title\" content=\"Gala de reconnaissance | Caisse Alliance\" \/>\n<meta property=\"og:description\" content=\"Dans le cadre de la semaine de la coop\u00e9ration qui se d\u00e9roule en octobre, la Caisse Alliance organise un Gala de reconnaissance. Lors de cet \u00e9v\u00e9nement, 8 prix seront remis pour souligner le travail et les efforts de ses employ\u00e9s et de ses centres de services. Il s\u2019agit de reconna\u00eetre le service de grande qualit\u00e9 [...]\" \/>\n<meta property=\"og:url\" content=\"https:\/\/www.caissealliance.com\/fr\/gala-reconnaissance\/\" \/>\n<meta property=\"og:site_name\" content=\"Caisse Alliance\" \/>\n<meta property=\"article:modified_time\" content=\"2025-09-05T18:26:32+00:00\" \/>\n<meta property=\"og:image\" content=\"https:\/\/www.caissealliance.com\/wp-content\/uploads\/bannie\u0300re_web_gala_reconnaissance-scaled-1.jpeg\" \/>\n\t<meta property=\"og:image:width\" content=\"1400\" \/>\n\t<meta property=\"og:image:height\" content=\"625\" \/>\n\t<meta property=\"og:image:type\" content=\"image\/jpeg\" \/>\n<meta name=\"twitter:card\" content=\"summary_large_image\" \/>\n<meta name=\"twitter:label1\" content=\"Dur\u00e9e de lecture estim\u00e9e\" \/>\n\t<meta name=\"twitter:data1\" content=\"1 minute\" \/>\n<script type=\"application\/ld+json\" class=\"yoast-schema-graph\">{\"@context\":\"https:\\\/\\\/schema.org\",\"@graph\":[{\"@type\":\"WebPage\",\"@id\":\"https:\\\/\\\/www.caissealliance.com\\\/fr\\\/gala-reconnaissance\\\/\",\"url\":\"https:\\\/\\\/www.caissealliance.com\\\/fr\\\/gala-reconnaissance\\\/\",\"name\":\"Gala de reconnaissance | Caisse Alliance\",\"isPartOf\":{\"@id\":\"https:\\\/\\\/www.caissealliance.com\\\/fr\\\/#website\"},\"primaryImageOfPage\":{\"@id\":\"https:\\\/\\\/www.caissealliance.com\\\/fr\\\/gala-reconnaissance\\\/#primaryimage\"},\"image\":{\"@id\":\"https:\\\/\\\/www.caissealliance.com\\\/fr\\\/gala-reconnaissance\\\/#primaryimage\"},\"thumbnailUrl\":\"https:\\\/\\\/www.caissealliance.com\\\/wp-content\\\/uploads\\\/bannie\u0300re_web_gala_reconnaissance-scaled-1.jpeg\",\"datePublished\":\"2020-09-15T17:10:49+00:00\",\"dateModified\":\"2025-09-05T18:26:32+00:00\",\"breadcrumb\":{\"@id\":\"https:\\\/\\\/www.caissealliance.com\\\/fr\\\/gala-reconnaissance\\\/#breadcrumb\"},\"inLanguage\":\"fr-FR\",\"potentialAction\":[{\"@type\":\"ReadAction\",\"target\":[\"https:\\\/\\\/www.caissealliance.com\\\/fr\\\/gala-reconnaissance\\\/\"]}]},{\"@type\":\"ImageObject\",\"inLanguage\":\"fr-FR\",\"@id\":\"https:\\\/\\\/www.caissealliance.com\\\/fr\\\/gala-reconnaissance\\\/#primaryimage\",\"url\":\"https:\\\/\\\/www.caissealliance.com\\\/wp-content\\\/uploads\\\/bannie\u0300re_web_gala_reconnaissance-scaled-1.jpeg\",\"contentUrl\":\"https:\\\/\\\/www.caissealliance.com\\\/wp-content\\\/uploads\\\/bannie\u0300re_web_gala_reconnaissance-scaled-1.jpeg\",\"width\":1400,\"height\":625},{\"@type\":\"BreadcrumbList\",\"@id\":\"https:\\\/\\\/www.caissealliance.com\\\/fr\\\/gala-reconnaissance\\\/#breadcrumb\",\"itemListElement\":[{\"@type\":\"ListItem\",\"position\":1,\"name\":\"Home\",\"item\":\"https:\\\/\\\/www.caissealliance.com\\\/fr\\\/\"},{\"@type\":\"ListItem\",\"position\":2,\"name\":\"Gala de reconnaissance\"}]},{\"@type\":\"WebSite\",\"@id\":\"https:\\\/\\\/www.caissealliance.com\\\/fr\\\/#website\",\"url\":\"https:\\\/\\\/www.caissealliance.com\\\/fr\\\/\",\"name\":\"Caisse Alliance\",\"description\":\"Site Web de la Caisse Alliance\",\"potentialAction\":[{\"@type\":\"SearchAction\",\"target\":{\"@type\":\"EntryPoint\",\"urlTemplate\":\"https:\\\/\\\/www.caissealliance.com\\\/fr\\\/?s={search_term_string}\"},\"query-input\":{\"@type\":\"PropertyValueSpecification\",\"valueRequired\":true,\"valueName\":\"search_term_string\"}}],\"inLanguage\":\"fr-FR\"}]}<\/script>\n<!-- \/ Yoast SEO plugin. -->","yoast_head_json":{"title":"Gala de reconnaissance | Caisse Alliance","robots":{"index":"index","follow":"follow","max-snippet":"max-snippet:-1","max-image-preview":"max-image-preview:large","max-video-preview":"max-video-preview:-1"},"canonical":"https:\/\/www.caissealliance.com\/fr\/gala-reconnaissance\/","og_locale":"fr_FR","og_type":"article","og_title":"Gala de reconnaissance | Caisse Alliance","og_description":"Dans le cadre de la semaine de la coop\u00e9ration qui se d\u00e9roule en octobre, la Caisse Alliance organise un Gala de reconnaissance. Lors de cet \u00e9v\u00e9nement, 8 prix seront remis pour souligner le travail et les efforts de ses employ\u00e9s et de ses centres de services. Il s\u2019agit de reconna\u00eetre le service de grande qualit\u00e9 [...]","og_url":"https:\/\/www.caissealliance.com\/fr\/gala-reconnaissance\/","og_site_name":"Caisse Alliance","article_modified_time":"2025-09-05T18:26:32+00:00","og_image":[{"width":1400,"height":625,"url":"https:\/\/www.caissealliance.com\/wp-content\/uploads\/bannie\u0300re_web_gala_reconnaissance-scaled-1.jpeg","type":"image\/jpeg"}],"twitter_card":"summary_large_image","twitter_misc":{"Dur\u00e9e de lecture estim\u00e9e":"1 minute"},"schema":{"@context":"https:\/\/schema.org","@graph":[{"@type":"WebPage","@id":"https:\/\/www.caissealliance.com\/fr\/gala-reconnaissance\/","url":"https:\/\/www.caissealliance.com\/fr\/gala-reconnaissance\/","name":"Gala de reconnaissance | Caisse Alliance","isPartOf":{"@id":"https:\/\/www.caissealliance.com\/fr\/#website"},"primaryImageOfPage":{"@id":"https:\/\/www.caissealliance.com\/fr\/gala-reconnaissance\/#primaryimage"},"image":{"@id":"https:\/\/www.caissealliance.com\/fr\/gala-reconnaissance\/#primaryimage"},"thumbnailUrl":"https:\/\/www.caissealliance.com\/wp-content\/uploads\/bannie\u0300re_web_gala_reconnaissance-scaled-1.jpeg","datePublished":"2020-09-15T17:10:49+00:00","dateModified":"2025-09-05T18:26:32+00:00","breadcrumb":{"@id":"https:\/\/www.caissealliance.com\/fr\/gala-reconnaissance\/#breadcrumb"},"inLanguage":"fr-FR","potentialAction":[{"@type":"ReadAction","target":["https:\/\/www.caissealliance.com\/fr\/gala-reconnaissance\/"]}]},{"@type":"ImageObject","inLanguage":"fr-FR","@id":"https:\/\/www.caissealliance.com\/fr\/gala-reconnaissance\/#primaryimage","url":"https:\/\/www.caissealliance.com\/wp-content\/uploads\/bannie\u0300re_web_gala_reconnaissance-scaled-1.jpeg","contentUrl":"https:\/\/www.caissealliance.com\/wp-content\/uploads\/bannie\u0300re_web_gala_reconnaissance-scaled-1.jpeg","width":1400,"height":625},{"@type":"BreadcrumbList","@id":"https:\/\/www.caissealliance.com\/fr\/gala-reconnaissance\/#breadcrumb","itemListElement":[{"@type":"ListItem","position":1,"name":"Home","item":"https:\/\/www.caissealliance.com\/fr\/"},{"@type":"ListItem","position":2,"name":"Gala de reconnaissance"}]},{"@type":"WebSite","@id":"https:\/\/www.caissealliance.com\/fr\/#website","url":"https:\/\/www.caissealliance.com\/fr\/","name":"Caisse Alliance","description":"Site Web de la Caisse Alliance","potentialAction":[{"@type":"SearchAction","target":{"@type":"EntryPoint","urlTemplate":"https:\/\/www.caissealliance.com\/fr\/?s={search_term_string}"},"query-input":{"@type":"PropertyValueSpecification","valueRequired":true,"valueName":"search_term_string"}}],"inLanguage":"fr-FR"}]}},"publishpress_future_action":{"enabled":false,"date":"2026-04-25 23:38:48","action":"change-status","newStatus":"draft","terms":[],"taxonomy":"section","extraData":[]},"publishpress_future_workflow_manual_trigger":{"enabledWorkflows":[]},"_links":{"self":[{"href":"https:\/\/www.caissealliance.com\/fr\/wp-json\/wp\/v2\/pages\/10623","targetHints":{"allow":["GET"]}}],"collection":[{"href":"https:\/\/www.caissealliance.com\/fr\/wp-json\/wp\/v2\/pages"}],"about":[{"href":"https:\/\/www.caissealliance.com\/fr\/wp-json\/wp\/v2\/types\/page"}],"author":[{"embeddable":true,"href":"https:\/\/www.caissealliance.com\/fr\/wp-json\/wp\/v2\/users\/7"}],"replies":[{"embeddable":true,"href":"https:\/\/www.caissealliance.com\/fr\/wp-json\/wp\/v2\/comments?post=10623"}],"version-history":[{"count":15,"href":"https:\/\/www.caissealliance.com\/fr\/wp-json\/wp\/v2\/pages\/10623\/revisions"}],"predecessor-version":[{"id":33551,"href":"https:\/\/www.caissealliance.com\/fr\/wp-json\/wp\/v2\/pages\/10623\/revisions\/33551"}],"wp:featuredmedia":[{"embeddable":true,"href":"https:\/\/www.caissealliance.com\/fr\/wp-json\/wp\/v2\/media\/13145"}],"wp:attachment":[{"href":"https:\/\/www.caissealliance.com\/fr\/wp-json\/wp\/v2\/media?parent=10623"}],"curies":[{"name":"wp","href":"https:\/\/api.w.org\/{rel}","templated":true}]}}