{"id":6869,"date":"2019-04-17T10:43:27","date_gmt":"2019-04-17T14:43:27","guid":{"rendered":"http:\/\/caissealliance.absoludev.ca\/life-event\/loan-application\/me-lancer-en-affaires\/"},"modified":"2024-03-08T10:42:18","modified_gmt":"2024-03-08T15:42:18","slug":"start-a-business","status":"publish","type":"page","link":"https:\/\/www.caissealliance.com\/en\/life-event\/loan-application\/start-a-business\/","title":{"rendered":"Start a business"},"content":{"rendered":"<p><span class=\"\" data-offset-key=\"0-0-0\">Nous savons \u00e0 quel point ce projet vous tient \u00e0 coeur.<\/span> <span class=\"\" data-offset-key=\"0-0-2\">Votre Caisse a des outils et des conseils expr\u00e8s pour le r\u00e9aliser.<\/span><\/p>\n<p><b class=\"\"><span class=\"\" data-offset-key=\"0-0-5\">Obtenir le meilleur pr\u00eat pour financer <\/span><span class=\"\" data-offset-key=\"0-0-6\">ses<\/span><span class=\"\" data-offset-key=\"0-0-7\"> projets, c\u2019est capital!<\/span><\/b><\/p>\n","protected":false},"excerpt":{"rendered":"<p>Nous savons \u00e0 quel point ce projet vous tient \u00e0 coeur. Votre Caisse a des outils et des conseils expr\u00e8s pour le r\u00e9aliser. Obtenir le meilleur pr\u00eat pour financer ses projets, c\u2019est capital!<\/p>\n","protected":false},"author":1,"featured_media":2057,"parent":6148,"menu_order":9,"comment_status":"closed","ping_status":"closed","template":"page-accueil-moment-vie-pret.php","meta":{"_acf_changed":false,"_monsterinsights_skip_tracking":false,"_monsterinsights_sitenote_active":false,"_monsterinsights_sitenote_note":"","_monsterinsights_sitenote_category":0,"footnotes":""},"class_list":["post-6869","page","type-page","status-publish","has-post-thumbnail","hentry","section-projets-en"],"acf":[],"yoast_head":"<!-- This site is optimized with the Yoast SEO plugin v27.4 - https:\/\/yoast.com\/product\/yoast-seo-wordpress\/ -->\n<title>Start a business | Caisse Alliance<\/title>\n<meta name=\"robots\" content=\"index, follow, max-snippet:-1, max-image-preview:large, max-video-preview:-1\" \/>\n<link rel=\"canonical\" href=\"https:\/\/www.caissealliance.com\/en\/life-event\/loan-application\/start-a-business\/\" \/>\n<meta property=\"og:locale\" content=\"en_US\" \/>\n<meta property=\"og:type\" content=\"article\" \/>\n<meta property=\"og:title\" content=\"Start a business | Caisse Alliance\" \/>\n<meta property=\"og:description\" content=\"Nous savons \u00e0 quel point ce projet vous tient \u00e0 coeur. Votre Caisse a des outils et des conseils expr\u00e8s pour le r\u00e9aliser. Obtenir le meilleur pr\u00eat pour financer ses projets, c\u2019est capital!\" \/>\n<meta property=\"og:url\" content=\"https:\/\/www.caissealliance.com\/en\/life-event\/loan-application\/start-a-business\/\" \/>\n<meta property=\"og:site_name\" content=\"Caisse Alliance\" \/>\n<meta property=\"article:modified_time\" content=\"2024-03-08T15:42:18+00:00\" \/>\n<meta property=\"og:image\" content=\"https:\/\/www.caissealliance.com\/wp-content\/uploads\/demarrer_moment_principale.jpg\" \/>\n\t<meta property=\"og:image:width\" content=\"2500\" \/>\n\t<meta property=\"og:image:height\" content=\"1668\" \/>\n\t<meta property=\"og:image:type\" content=\"image\/jpeg\" \/>\n<meta name=\"twitter:card\" content=\"summary_large_image\" \/>\n<script type=\"application\/ld+json\" class=\"yoast-schema-graph\">{\"@context\":\"https:\\\/\\\/schema.org\",\"@graph\":[{\"@type\":\"WebPage\",\"@id\":\"https:\\\/\\\/www.caissealliance.com\\\/en\\\/life-event\\\/loan-application\\\/start-a-business\\\/\",\"url\":\"https:\\\/\\\/www.caissealliance.com\\\/en\\\/life-event\\\/loan-application\\\/start-a-business\\\/\",\"name\":\"Start a business | Caisse Alliance\",\"isPartOf\":{\"@id\":\"https:\\\/\\\/www.caissealliance.com\\\/en\\\/#website\"},\"primaryImageOfPage\":{\"@id\":\"https:\\\/\\\/www.caissealliance.com\\\/en\\\/life-event\\\/loan-application\\\/start-a-business\\\/#primaryimage\"},\"image\":{\"@id\":\"https:\\\/\\\/www.caissealliance.com\\\/en\\\/life-event\\\/loan-application\\\/start-a-business\\\/#primaryimage\"},\"thumbnailUrl\":\"https:\\\/\\\/www.caissealliance.com\\\/wp-content\\\/uploads\\\/demarrer_moment_principale.jpg\",\"datePublished\":\"2019-04-17T14:43:27+00:00\",\"dateModified\":\"2024-03-08T15:42:18+00:00\",\"breadcrumb\":{\"@id\":\"https:\\\/\\\/www.caissealliance.com\\\/en\\\/life-event\\\/loan-application\\\/start-a-business\\\/#breadcrumb\"},\"inLanguage\":\"en-US\",\"potentialAction\":[{\"@type\":\"ReadAction\",\"target\":[\"https:\\\/\\\/www.caissealliance.com\\\/en\\\/life-event\\\/loan-application\\\/start-a-business\\\/\"]}]},{\"@type\":\"ImageObject\",\"inLanguage\":\"en-US\",\"@id\":\"https:\\\/\\\/www.caissealliance.com\\\/en\\\/life-event\\\/loan-application\\\/start-a-business\\\/#primaryimage\",\"url\":\"https:\\\/\\\/www.caissealliance.com\\\/wp-content\\\/uploads\\\/demarrer_moment_principale.jpg\",\"contentUrl\":\"https:\\\/\\\/www.caissealliance.com\\\/wp-content\\\/uploads\\\/demarrer_moment_principale.jpg\",\"width\":2500,\"height\":1668},{\"@type\":\"BreadcrumbList\",\"@id\":\"https:\\\/\\\/www.caissealliance.com\\\/en\\\/life-event\\\/loan-application\\\/start-a-business\\\/#breadcrumb\",\"itemListElement\":[{\"@type\":\"ListItem\",\"position\":1,\"name\":\"Home\",\"item\":\"https:\\\/\\\/www.caissealliance.com\\\/en\\\/\"},{\"@type\":\"ListItem\",\"position\":2,\"name\":\"Life event\",\"item\":\"https:\\\/\\\/www.caissealliance.com\\\/en\\\/life-event\\\/\"},{\"@type\":\"ListItem\",\"position\":3,\"name\":\"Happiness is having stimulating projects!\",\"item\":\"https:\\\/\\\/www.caissealliance.com\\\/en\\\/life-event\\\/loan-application\\\/\"},{\"@type\":\"ListItem\",\"position\":4,\"name\":\"Start a business\"}]},{\"@type\":\"WebSite\",\"@id\":\"https:\\\/\\\/www.caissealliance.com\\\/en\\\/#website\",\"url\":\"https:\\\/\\\/www.caissealliance.com\\\/en\\\/\",\"name\":\"Caisse Alliance\",\"description\":\"Site Web de la Caisse Alliance\",\"potentialAction\":[{\"@type\":\"SearchAction\",\"target\":{\"@type\":\"EntryPoint\",\"urlTemplate\":\"https:\\\/\\\/www.caissealliance.com\\\/en\\\/?s={search_term_string}\"},\"query-input\":{\"@type\":\"PropertyValueSpecification\",\"valueRequired\":true,\"valueName\":\"search_term_string\"}}],\"inLanguage\":\"en-US\"}]}<\/script>\n<!-- \/ Yoast SEO plugin. -->","yoast_head_json":{"title":"Start a business | Caisse Alliance","robots":{"index":"index","follow":"follow","max-snippet":"max-snippet:-1","max-image-preview":"max-image-preview:large","max-video-preview":"max-video-preview:-1"},"canonical":"https:\/\/www.caissealliance.com\/en\/life-event\/loan-application\/start-a-business\/","og_locale":"en_US","og_type":"article","og_title":"Start a business | Caisse Alliance","og_description":"Nous savons \u00e0 quel point ce projet vous tient \u00e0 coeur. Votre Caisse a des outils et des conseils expr\u00e8s pour le r\u00e9aliser. Obtenir le meilleur pr\u00eat pour financer ses projets, c\u2019est capital!","og_url":"https:\/\/www.caissealliance.com\/en\/life-event\/loan-application\/start-a-business\/","og_site_name":"Caisse Alliance","article_modified_time":"2024-03-08T15:42:18+00:00","og_image":[{"width":2500,"height":1668,"url":"https:\/\/www.caissealliance.com\/wp-content\/uploads\/demarrer_moment_principale.jpg","type":"image\/jpeg"}],"twitter_card":"summary_large_image","schema":{"@context":"https:\/\/schema.org","@graph":[{"@type":"WebPage","@id":"https:\/\/www.caissealliance.com\/en\/life-event\/loan-application\/start-a-business\/","url":"https:\/\/www.caissealliance.com\/en\/life-event\/loan-application\/start-a-business\/","name":"Start a business | Caisse Alliance","isPartOf":{"@id":"https:\/\/www.caissealliance.com\/en\/#website"},"primaryImageOfPage":{"@id":"https:\/\/www.caissealliance.com\/en\/life-event\/loan-application\/start-a-business\/#primaryimage"},"image":{"@id":"https:\/\/www.caissealliance.com\/en\/life-event\/loan-application\/start-a-business\/#primaryimage"},"thumbnailUrl":"https:\/\/www.caissealliance.com\/wp-content\/uploads\/demarrer_moment_principale.jpg","datePublished":"2019-04-17T14:43:27+00:00","dateModified":"2024-03-08T15:42:18+00:00","breadcrumb":{"@id":"https:\/\/www.caissealliance.com\/en\/life-event\/loan-application\/start-a-business\/#breadcrumb"},"inLanguage":"en-US","potentialAction":[{"@type":"ReadAction","target":["https:\/\/www.caissealliance.com\/en\/life-event\/loan-application\/start-a-business\/"]}]},{"@type":"ImageObject","inLanguage":"en-US","@id":"https:\/\/www.caissealliance.com\/en\/life-event\/loan-application\/start-a-business\/#primaryimage","url":"https:\/\/www.caissealliance.com\/wp-content\/uploads\/demarrer_moment_principale.jpg","contentUrl":"https:\/\/www.caissealliance.com\/wp-content\/uploads\/demarrer_moment_principale.jpg","width":2500,"height":1668},{"@type":"BreadcrumbList","@id":"https:\/\/www.caissealliance.com\/en\/life-event\/loan-application\/start-a-business\/#breadcrumb","itemListElement":[{"@type":"ListItem","position":1,"name":"Home","item":"https:\/\/www.caissealliance.com\/en\/"},{"@type":"ListItem","position":2,"name":"Life event","item":"https:\/\/www.caissealliance.com\/en\/life-event\/"},{"@type":"ListItem","position":3,"name":"Happiness is having stimulating projects!","item":"https:\/\/www.caissealliance.com\/en\/life-event\/loan-application\/"},{"@type":"ListItem","position":4,"name":"Start a business"}]},{"@type":"WebSite","@id":"https:\/\/www.caissealliance.com\/en\/#website","url":"https:\/\/www.caissealliance.com\/en\/","name":"Caisse Alliance","description":"Site Web de la Caisse Alliance","potentialAction":[{"@type":"SearchAction","target":{"@type":"EntryPoint","urlTemplate":"https:\/\/www.caissealliance.com\/en\/?s={search_term_string}"},"query-input":{"@type":"PropertyValueSpecification","valueRequired":true,"valueName":"search_term_string"}}],"inLanguage":"en-US"}]}},"publishpress_future_action":{"enabled":false,"date":"2026-05-04 18:14:54","action":"change-status","newStatus":"draft","terms":[],"taxonomy":"section","extraData":[]},"publishpress_future_workflow_manual_trigger":{"enabledWorkflows":[]},"_links":{"self":[{"href":"https:\/\/www.caissealliance.com\/en\/wp-json\/wp\/v2\/pages\/6869","targetHints":{"allow":["GET"]}}],"collection":[{"href":"https:\/\/www.caissealliance.com\/en\/wp-json\/wp\/v2\/pages"}],"about":[{"href":"https:\/\/www.caissealliance.com\/en\/wp-json\/wp\/v2\/types\/page"}],"author":[{"embeddable":true,"href":"https:\/\/www.caissealliance.com\/en\/wp-json\/wp\/v2\/users\/1"}],"replies":[{"embeddable":true,"href":"https:\/\/www.caissealliance.com\/en\/wp-json\/wp\/v2\/comments?post=6869"}],"version-history":[{"count":2,"href":"https:\/\/www.caissealliance.com\/en\/wp-json\/wp\/v2\/pages\/6869\/revisions"}],"predecessor-version":[{"id":6871,"href":"https:\/\/www.caissealliance.com\/en\/wp-json\/wp\/v2\/pages\/6869\/revisions\/6871"}],"up":[{"embeddable":true,"href":"https:\/\/www.caissealliance.com\/en\/wp-json\/wp\/v2\/pages\/6148"}],"wp:featuredmedia":[{"embeddable":true,"href":"https:\/\/www.caissealliance.com\/en\/wp-json\/wp\/v2\/media\/2057"}],"wp:attachment":[{"href":"https:\/\/www.caissealliance.com\/en\/wp-json\/wp\/v2\/media?parent=6869"}],"curies":[{"name":"wp","href":"https:\/\/api.w.org\/{rel}","templated":true}]}}