{"id":3207,"date":"2019-04-24T12:51:22","date_gmt":"2019-04-24T16:51:22","guid":{"rendered":"http:\/\/caissealliance.absoludev.ca\/?page_id=3207"},"modified":"2022-07-07T13:22:46","modified_gmt":"2022-07-07T17:22:46","slug":"the-history-of-lalliance","status":"publish","type":"page","link":"https:\/\/www.caissealliance.com\/en\/my-caisse\/who-we-are\/our-caisse\/the-history-of-lalliance\/","title":{"rendered":"Our History"},"content":{"rendered":"<h1>Our History<\/h1>\n<p><strong>CURRENT INFORMATION<br \/>\n<\/strong><br \/>\n<strong>Chief Executive Officer:<\/strong>\u00a0Mr. Pierre Dorval<br \/>\n<strong>President:<\/strong> Mr. Gr\u00e9goire Lefebvre<\/p>\n<p><strong>PREAMBLE<br \/>\n<\/strong><br \/>\nIn December 1951, \u201cLa caisse r\u00e9gionale de Nipissing-Sudbury\u201d first saw the light of day. In 1972, it was affiliated with la F\u00e9d\u00e9ration des caisses populaires de l\u2019Ontario but this affiliation ended in 1979. It was at that time that the caisses of the Northern and Nipissing regions chose to assume their independence and form their own association which was named \u201cLa R\u00e9gionale des caisses populaires de l\u2019Ontario\u201d. The ten founding members were the Caisse of Alban, Bonfield, Field, Mattawa, No\u00eblville, North Bay, St.Charles Borrom\u00e9e, Sturgeon Falls, Verner and LaSalle de Sudbury. The following year, La R\u00e9gionale changed its name to L\u2019Alliance des caisses populaires de l\u2019Ontario limit\u00e9e.<\/p>\n<p><strong>L\u2019Alliance grows and renews itself<\/strong><\/p>\n<p>The year 1984 was an important time in the history of L\u2019Alliance, it was then that it welcomed to its ranks two new members: Caisse populaire de Kapuskasing and Caisse populaire de Hearst. These are the first two recruits for L\u2019Alliance since its inception five years earlier. One of the founding members, la Caisse populaire LaSalle de Sudbury leaves L\u2019Alliance to re-join la F\u00e9d\u00e9ration. However, the membership is not diminished for long when L\u2019Alliance welcomes a new member that is not a caisse populaire, la Coop\u00e9rative r\u00e9gionale Nipissing-Sudbury Lt\u00e9e.<\/p>\n<p>Three years later; 1987 is the technological turning point for L\u2019Alliance when it creates a centralized, computerized banking and accounting system and becomes the only federation of caisses in Canada to have such a system of its own.<\/p>\n<p>The beginning of 1989 brings more good news; two more affiliated caisses for L\u2019Alliance. First, in January, the members of La caisse populaire Saint-Charles de Timmins decided to leave the ranks of the Credit Union League of Ontario to join L\u2019Alliance. Secondly, in February of the same year, la Caisse populaire de Mattice leaves La F\u00e9d\u00e9ration to become a member of L\u2019Alliance.<\/p>\n<p>In 1993, Caisse populaire Ste-Anne d\u2019Hall\u00e9bourg also leaves the ranks of La F\u00e9d\u00e9ration to join L\u2019Alliance. It would become a branch of Caisse populaire de Hearst in 1996. Similarly, the Caisses populaires of Iroquois Falls and Val Gagn\u00e9 which were also members of La F\u00e9d\u00e9ration would become branches of La caisse populaire de Timmins in 1997.<\/p>\n<p>L\u2019Alliance is a federation of caisses populaires offering administrative services to its member caisses and their employees in the areas of finance, management, training, marketing and central banking system. The democratic formula that is used for the composition of its board of directors is unique : each caisse has two representatives that sit on the board of directors of L\u2019Alliance.<\/p>\n<p>The network of caisses that form L\u2019Alliance share the vision of becoming the financial institution of choice for all residents of Northern Ontario. To assist its members in the achievement of this vision, L\u2019Alliance is committed to becoming the service provider of choice and to have the best quality\/cost ratio among the national federations. The guiding principles and corporate values that it seeks and promotes among its employees form a solid base on which L\u2019Alliance can continue to assist its members in their growth.<\/p>\n<p>For more information on L\u2019Alliance and caisses populaires in Ontario, you can obtain a copy of \u201cUn passeport vers la libert\u00e9\u201d published in 1992 by Brigitte Bureau, which relates the history of caisses populaires in Ontario from 1912 to 1992. Copies are available (in French only) at any caisse populaire affiliated to L\u2019Alliance until supplies are exhausted.<\/p>\n<p>&nbsp;<\/p>\n","protected":false},"excerpt":{"rendered":"<p>CURRENT INFORMATION Chief Executive Officer:\u00a0Mr. Pierre Dorval President: Mr. Gr\u00e9goire Lefebvre PREAMBLE In December 1951, \u201cLa caisse r\u00e9gionale de Nipissing-Sudbury\u201d first saw the light of day. In 1972, it was affiliated with la F\u00e9d\u00e9ration des caisses populaires de l\u2019Ontario but this affiliation ended in 1979. It was at that time that the caisses of the [&#8230;]<\/p>\n","protected":false},"author":1,"featured_media":0,"parent":3199,"menu_order":2,"comment_status":"closed","ping_status":"closed","template":"","meta":{"_acf_changed":false,"_monsterinsights_skip_tracking":false,"_monsterinsights_sitenote_active":false,"_monsterinsights_sitenote_note":"","_monsterinsights_sitenote_category":0,"footnotes":""},"class_list":["post-3207","page","type-page","status-publish","hentry","section-ma-caisse-en"],"acf":[],"yoast_head":"<!-- This site is optimized with the Yoast SEO plugin v27.3 - https:\/\/yoast.com\/product\/yoast-seo-wordpress\/ -->\n<title>Our History | Caisse Alliance<\/title>\n<meta name=\"robots\" content=\"index, follow, max-snippet:-1, max-image-preview:large, max-video-preview:-1\" \/>\n<link rel=\"canonical\" href=\"https:\/\/www.caissealliance.com\/en\/my-caisse\/who-we-are\/our-caisse\/the-history-of-lalliance\/\" \/>\n<meta property=\"og:locale\" content=\"en_US\" \/>\n<meta property=\"og:type\" content=\"article\" \/>\n<meta property=\"og:title\" content=\"Our History | Caisse Alliance\" \/>\n<meta property=\"og:description\" content=\"CURRENT INFORMATION Chief Executive Officer:\u00a0Mr. Pierre Dorval President: Mr. Gr\u00e9goire Lefebvre PREAMBLE In December 1951, \u201cLa caisse r\u00e9gionale de Nipissing-Sudbury\u201d first saw the light of day. In 1972, it was affiliated with la F\u00e9d\u00e9ration des caisses populaires de l\u2019Ontario but this affiliation ended in 1979. It was at that time that the caisses of the [...]\" \/>\n<meta property=\"og:url\" content=\"https:\/\/www.caissealliance.com\/en\/my-caisse\/who-we-are\/our-caisse\/the-history-of-lalliance\/\" \/>\n<meta property=\"og:site_name\" content=\"Caisse Alliance\" \/>\n<meta property=\"article:modified_time\" content=\"2022-07-07T17:22:46+00:00\" \/>\n<meta name=\"twitter:card\" content=\"summary_large_image\" \/>\n<meta name=\"twitter:label1\" content=\"Est. reading time\" \/>\n\t<meta name=\"twitter:data1\" content=\"3 minutes\" \/>\n<script type=\"application\/ld+json\" class=\"yoast-schema-graph\">{\"@context\":\"https:\\\/\\\/schema.org\",\"@graph\":[{\"@type\":\"WebPage\",\"@id\":\"https:\\\/\\\/www.caissealliance.com\\\/en\\\/my-caisse\\\/who-we-are\\\/our-caisse\\\/the-history-of-lalliance\\\/\",\"url\":\"https:\\\/\\\/www.caissealliance.com\\\/en\\\/my-caisse\\\/who-we-are\\\/our-caisse\\\/the-history-of-lalliance\\\/\",\"name\":\"Our History | Caisse Alliance\",\"isPartOf\":{\"@id\":\"https:\\\/\\\/www.caissealliance.com\\\/en\\\/#website\"},\"datePublished\":\"2019-04-24T16:51:22+00:00\",\"dateModified\":\"2022-07-07T17:22:46+00:00\",\"breadcrumb\":{\"@id\":\"https:\\\/\\\/www.caissealliance.com\\\/en\\\/my-caisse\\\/who-we-are\\\/our-caisse\\\/the-history-of-lalliance\\\/#breadcrumb\"},\"inLanguage\":\"en-US\",\"potentialAction\":[{\"@type\":\"ReadAction\",\"target\":[\"https:\\\/\\\/www.caissealliance.com\\\/en\\\/my-caisse\\\/who-we-are\\\/our-caisse\\\/the-history-of-lalliance\\\/\"]}]},{\"@type\":\"BreadcrumbList\",\"@id\":\"https:\\\/\\\/www.caissealliance.com\\\/en\\\/my-caisse\\\/who-we-are\\\/our-caisse\\\/the-history-of-lalliance\\\/#breadcrumb\",\"itemListElement\":[{\"@type\":\"ListItem\",\"position\":1,\"name\":\"Home\",\"item\":\"https:\\\/\\\/www.caissealliance.com\\\/en\\\/\"},{\"@type\":\"ListItem\",\"position\":2,\"name\":\"My Caisse\",\"item\":\"https:\\\/\\\/www.caissealliance.com\\\/en\\\/my-caisse\\\/\"},{\"@type\":\"ListItem\",\"position\":3,\"name\":\"Who we are\",\"item\":\"https:\\\/\\\/www.caissealliance.com\\\/en\\\/my-caisse\\\/who-we-are\\\/\"},{\"@type\":\"ListItem\",\"position\":4,\"name\":\"Our Caisse\",\"item\":\"https:\\\/\\\/www.caissealliance.com\\\/en\\\/my-caisse\\\/who-we-are\\\/our-caisse\\\/\"},{\"@type\":\"ListItem\",\"position\":5,\"name\":\"Our History\"}]},{\"@type\":\"WebSite\",\"@id\":\"https:\\\/\\\/www.caissealliance.com\\\/en\\\/#website\",\"url\":\"https:\\\/\\\/www.caissealliance.com\\\/en\\\/\",\"name\":\"Caisse Alliance\",\"description\":\"Site Web de la Caisse Alliance\",\"potentialAction\":[{\"@type\":\"SearchAction\",\"target\":{\"@type\":\"EntryPoint\",\"urlTemplate\":\"https:\\\/\\\/www.caissealliance.com\\\/en\\\/?s={search_term_string}\"},\"query-input\":{\"@type\":\"PropertyValueSpecification\",\"valueRequired\":true,\"valueName\":\"search_term_string\"}}],\"inLanguage\":\"en-US\"}]}<\/script>\n<!-- \/ Yoast SEO plugin. -->","yoast_head_json":{"title":"Our History | Caisse Alliance","robots":{"index":"index","follow":"follow","max-snippet":"max-snippet:-1","max-image-preview":"max-image-preview:large","max-video-preview":"max-video-preview:-1"},"canonical":"https:\/\/www.caissealliance.com\/en\/my-caisse\/who-we-are\/our-caisse\/the-history-of-lalliance\/","og_locale":"en_US","og_type":"article","og_title":"Our History | Caisse Alliance","og_description":"CURRENT INFORMATION Chief Executive Officer:\u00a0Mr. Pierre Dorval President: Mr. Gr\u00e9goire Lefebvre PREAMBLE In December 1951, \u201cLa caisse r\u00e9gionale de Nipissing-Sudbury\u201d first saw the light of day. In 1972, it was affiliated with la F\u00e9d\u00e9ration des caisses populaires de l\u2019Ontario but this affiliation ended in 1979. It was at that time that the caisses of the [...]","og_url":"https:\/\/www.caissealliance.com\/en\/my-caisse\/who-we-are\/our-caisse\/the-history-of-lalliance\/","og_site_name":"Caisse Alliance","article_modified_time":"2022-07-07T17:22:46+00:00","twitter_card":"summary_large_image","twitter_misc":{"Est. reading time":"3 minutes"},"schema":{"@context":"https:\/\/schema.org","@graph":[{"@type":"WebPage","@id":"https:\/\/www.caissealliance.com\/en\/my-caisse\/who-we-are\/our-caisse\/the-history-of-lalliance\/","url":"https:\/\/www.caissealliance.com\/en\/my-caisse\/who-we-are\/our-caisse\/the-history-of-lalliance\/","name":"Our History | Caisse Alliance","isPartOf":{"@id":"https:\/\/www.caissealliance.com\/en\/#website"},"datePublished":"2019-04-24T16:51:22+00:00","dateModified":"2022-07-07T17:22:46+00:00","breadcrumb":{"@id":"https:\/\/www.caissealliance.com\/en\/my-caisse\/who-we-are\/our-caisse\/the-history-of-lalliance\/#breadcrumb"},"inLanguage":"en-US","potentialAction":[{"@type":"ReadAction","target":["https:\/\/www.caissealliance.com\/en\/my-caisse\/who-we-are\/our-caisse\/the-history-of-lalliance\/"]}]},{"@type":"BreadcrumbList","@id":"https:\/\/www.caissealliance.com\/en\/my-caisse\/who-we-are\/our-caisse\/the-history-of-lalliance\/#breadcrumb","itemListElement":[{"@type":"ListItem","position":1,"name":"Home","item":"https:\/\/www.caissealliance.com\/en\/"},{"@type":"ListItem","position":2,"name":"My Caisse","item":"https:\/\/www.caissealliance.com\/en\/my-caisse\/"},{"@type":"ListItem","position":3,"name":"Who we are","item":"https:\/\/www.caissealliance.com\/en\/my-caisse\/who-we-are\/"},{"@type":"ListItem","position":4,"name":"Our Caisse","item":"https:\/\/www.caissealliance.com\/en\/my-caisse\/who-we-are\/our-caisse\/"},{"@type":"ListItem","position":5,"name":"Our History"}]},{"@type":"WebSite","@id":"https:\/\/www.caissealliance.com\/en\/#website","url":"https:\/\/www.caissealliance.com\/en\/","name":"Caisse Alliance","description":"Site Web de la Caisse Alliance","potentialAction":[{"@type":"SearchAction","target":{"@type":"EntryPoint","urlTemplate":"https:\/\/www.caissealliance.com\/en\/?s={search_term_string}"},"query-input":{"@type":"PropertyValueSpecification","valueRequired":true,"valueName":"search_term_string"}}],"inLanguage":"en-US"}]}},"publishpress_future_action":{"enabled":false,"date":"2026-04-23 09:41:01","action":"change-status","newStatus":"draft","terms":[],"taxonomy":"section","extraData":[]},"publishpress_future_workflow_manual_trigger":{"enabledWorkflows":[]},"_links":{"self":[{"href":"https:\/\/www.caissealliance.com\/en\/wp-json\/wp\/v2\/pages\/3207","targetHints":{"allow":["GET"]}}],"collection":[{"href":"https:\/\/www.caissealliance.com\/en\/wp-json\/wp\/v2\/pages"}],"about":[{"href":"https:\/\/www.caissealliance.com\/en\/wp-json\/wp\/v2\/types\/page"}],"author":[{"embeddable":true,"href":"https:\/\/www.caissealliance.com\/en\/wp-json\/wp\/v2\/users\/1"}],"replies":[{"embeddable":true,"href":"https:\/\/www.caissealliance.com\/en\/wp-json\/wp\/v2\/comments?post=3207"}],"version-history":[{"count":8,"href":"https:\/\/www.caissealliance.com\/en\/wp-json\/wp\/v2\/pages\/3207\/revisions"}],"predecessor-version":[{"id":15513,"href":"https:\/\/www.caissealliance.com\/en\/wp-json\/wp\/v2\/pages\/3207\/revisions\/15513"}],"up":[{"embeddable":true,"href":"https:\/\/www.caissealliance.com\/en\/wp-json\/wp\/v2\/pages\/3199"}],"wp:attachment":[{"href":"https:\/\/www.caissealliance.com\/en\/wp-json\/wp\/v2\/media?parent=3207"}],"curies":[{"name":"wp","href":"https:\/\/api.w.org\/{rel}","templated":true}]}}